{"id":100168,"date":"2017-02-08T10:27:17","date_gmt":"2017-02-08T09:27:17","guid":{"rendered":"https:\/\/tourtravelandmore.com\/tours\/non class\u00e9\/transfert-prive-a-saragosse\/"},"modified":"2017-02-08T10:27:17","modified_gmt":"2017-02-08T09:27:17","slug":"transfert-prive-a-saragosse","status":"publish","type":"product","link":"https:\/\/tourtravelandmore.com\/fr\/tours\/espagne-fr\/zaragoza-fr\/transfert-prive-a-saragosse\/","title":{"rendered":"Transfert priv\u00e9 \u00e0 Saragosse"},"content":{"rendered":"<h2>Description<\/h2>\n<p>Notre transfert priv\u00e9 \u00e0 Saragosse est l&#8217;option parfaite pour un transfert sans tracas! Nous vous proposons le moyen le plus simple d&#8217;atteindre votre destination finale \u00e0 Saragosse. Profitez d&#8217;une exp\u00e9rience relaxante dans l&#8217;un de nos v\u00e9hicules priv\u00e9s de luxe. Tous nos v\u00e9hicules ont un chauffeur priv\u00e9 professionnel \u00e0 votre disposition!<\/p>\n<p>Nous proposons tous les types de transferts comme par exemple les transferts d&#8217;a\u00e9roport, les transferts de restaurant ou les transferts vers n&#8217;importe quel endroit de la ville.<\/p>\n<p>Une fois que vous atteignez votre arr\u00eat, notre personnel vous attendra avec un panneau au terminal d&#8217;arriv\u00e9e. Nous pouvons organiser des transferts confortables depuis n&#8217;importe quel endroit de la ville de Saragosse. M\u00eame la gare. Lors de votre arriv\u00e9e \u00e0 votre destination finale, vous pourrez \u00e9galement profiter d&#8217;un paysage panoramique de la ville dans votre v\u00e9hicule priv\u00e9 de luxe.<\/p>\n<p>Profitez \u00e9galement des transferts priv\u00e9s de votre h\u00f4tel ou appartement jusqu&#8217;\u00e0 l&#8217;a\u00e9roport ou la gare. Cela peut \u00eatre de n&#8217;importe quel endroit et nous vous conduirons partout o\u00f9 vous en avez besoin.<\/p>\n<p>Nous proposons des transferts pour les groupes priv\u00e9s et m\u00eame des incentives et grands groupes et nous proposons un service personnalis\u00e9.<br \/>\nTout ce que vous avez \u00e0 faire est de nous contacter \u00e0 Tour Travel &amp; More. Nous organiserons votre transfert de la meilleure fa\u00e7on possible.<\/p>\n<p>Chez Tour Travel &amp; More, nous ne limitons pas le nombre de bagages. Nous vous prions de bien vouloir indiquer le nombre de bagages avec lesquels vous voyagerez. Nous avons besoin de le savoir pour des questions logistiques car parfois un v\u00e9hicule plus gros peut \u00eatre n\u00e9cessaire. Des frais suppl\u00e9mentaires peuvent s&#8217;appliquer.<\/p>\n<p>Si vous avez besoin d&#8217;un si\u00e8ge b\u00e9b\u00e9 ou d&#8217;un si\u00e8ge enfant, veuillez nous contacter avant votre vol ou train pour l&#8217;organiser correctement.<\/p>\n<h2>Sites d&#8217;int\u00e9r\u00eat et monuments<\/h2>\n<p>Saragosse est la capitale de la province de Saragosse dans la communaut\u00e9 autonome d&#8217;Aragon. Il se trouve pr\u00e8s de l&#8217;\u00c8bre et de la Hueva et du G\u00e1llego. Saragosse compte plus de 701 000 habitants et se classe au cinqui\u00e8me rang des villes d&#8217;Espagne. La ville est situ\u00e9e \u00e0 pr\u00e8s de 200 m\u00e8tres au-dessus du niveau de la mer.<\/p>\n<p>Ce transfert priv\u00e9 \u00e0 Saragosse peut \u00eatre effectu\u00e9 depuis n&#8217;importe quel endroit de Saragosse. Nous pouvons \u00e9galement vous proposer un transfert priv\u00e9 vers d&#8217;autres villes et des excursions d&#8217;une journ\u00e9e \u00e0 Madrid ou \u00e0 Barcelone. Contactez-nous!<\/p>\n<p>D\u00e9couvrez les autres visites priv\u00e9es de Saragosse!<\/p>\n","protected":false},"excerpt":{"rendered":"<p>Profitez de cette opportunit\u00e9 \u00e0 Saragosse pour profiter de ce moyen confortable d&#8217;arriver \u00e0 votre destination finale. V\u00e9hicule de luxe priv\u00e9 avec chauffeur. Transfert priv\u00e9 \u00e0 Saragosse.<\/p>\n","protected":false},"featured_media":94004,"comment_status":"open","ping_status":"closed","template":"","meta":{"_acf_changed":false},"product_brand":[],"product_cat":[3640],"product_tag":[],"class_list":{"0":"post-100168","1":"product","2":"type-product","3":"status-publish","4":"has-post-thumbnail","6":"product_cat-zaragoza-fr","8":"first","9":"instock","10":"shipping-taxable","11":"purchasable","12":"product-type-simple"},"acf":[],"yoast_head":"<!-- This site is optimized with the Yoast SEO Premium plugin v25.3.1 (Yoast SEO v25.3.1) - https:\/\/yoast.com\/wordpress\/plugins\/seo\/ -->\n<title>Transfert priv\u00e9 \u00e0 Saragosse - Transfert gare \/ a\u00e9roport<\/title>\n<meta name=\"description\" content=\"Profitez de cette opportunit\u00e9 \u00e0 Saragosse pour profiter de ce moyen confortable d&#039;arriver \u00e0 votre destination finale. Transfert priv\u00e9 \u00e0 Saragosse.\" \/>\n<meta name=\"robots\" content=\"index, follow, max-snippet:-1, max-image-preview:large, max-video-preview:-1\" \/>\n<link rel=\"canonical\" href=\"https:\/\/tourtravelandmore.com\/fr\/tours\/espagne-fr\/zaragoza-fr\/transfert-prive-a-saragosse\/\" \/>\n<meta property=\"og:locale\" content=\"fr_FR\" \/>\n<meta property=\"og:type\" content=\"article\" \/>\n<meta property=\"og:title\" content=\"Transfert priv\u00e9 \u00e0 Saragosse\" \/>\n<meta property=\"og:description\" content=\"Profitez de cette opportunit\u00e9 \u00e0 Saragosse pour profiter de ce moyen confortable d&#039;arriver \u00e0 votre destination finale. Transfert priv\u00e9 \u00e0 Saragosse.\" \/>\n<meta property=\"og:url\" content=\"https:\/\/tourtravelandmore.com\/fr\/tours\/espagne-fr\/zaragoza-fr\/transfert-prive-a-saragosse\/\" \/>\n<meta property=\"og:site_name\" content=\"Tour Travel And More\" \/>\n<meta property=\"article:publisher\" content=\"https:\/\/www.facebook.com\/tourtravelandmore\/\" \/>\n<meta property=\"og:image\" content=\"https:\/\/tourtravelandmore.com\/wp-content\/uploads\/2016\/11\/2014-mercedes-benz-e-class-sport-sedan-profile.jpg\" \/>\n\t<meta property=\"og:image:width\" content=\"1500\" \/>\n\t<meta property=\"og:image:height\" content=\"938\" \/>\n\t<meta property=\"og:image:type\" content=\"image\/jpeg\" \/>\n<meta name=\"twitter:card\" content=\"summary_large_image\" \/>\n<meta name=\"twitter:site\" content=\"@TourTravel_More\" \/>\n<meta name=\"twitter:label1\" content=\"Dur\u00e9e de lecture estim\u00e9e\" \/>\n\t<meta name=\"twitter:data1\" content=\"2 minutes\" \/>\n<script type=\"application\/ld+json\" class=\"yoast-schema-graph\">{\"@context\":\"https:\/\/schema.org\",\"@graph\":[{\"@type\":\"WebPage\",\"@id\":\"https:\/\/tourtravelandmore.com\/fr\/tours\/espagne-fr\/zaragoza-fr\/transfert-prive-a-saragosse\/\",\"url\":\"https:\/\/tourtravelandmore.com\/fr\/tours\/espagne-fr\/zaragoza-fr\/transfert-prive-a-saragosse\/\",\"name\":\"Transfert priv\u00e9 \u00e0 Saragosse - Transfert gare \/ a\u00e9roport\",\"isPartOf\":{\"@id\":\"https:\/\/tourtravelandmore.com\/fr\/#website\"},\"primaryImageOfPage\":{\"@id\":\"https:\/\/tourtravelandmore.com\/fr\/tours\/espagne-fr\/zaragoza-fr\/transfert-prive-a-saragosse\/#primaryimage\"},\"image\":{\"@id\":\"https:\/\/tourtravelandmore.com\/fr\/tours\/espagne-fr\/zaragoza-fr\/transfert-prive-a-saragosse\/#primaryimage\"},\"thumbnailUrl\":\"https:\/\/tourtravelandmore.com\/wp-content\/uploads\/2016\/11\/2014-mercedes-benz-e-class-sport-sedan-profile.jpg\",\"datePublished\":\"2017-02-08T09:27:17+00:00\",\"description\":\"Profitez de cette opportunit\u00e9 \u00e0 Saragosse pour profiter de ce moyen confortable d'arriver \u00e0 votre destination finale. Transfert priv\u00e9 \u00e0 Saragosse.\",\"breadcrumb\":{\"@id\":\"https:\/\/tourtravelandmore.com\/fr\/tours\/espagne-fr\/zaragoza-fr\/transfert-prive-a-saragosse\/#breadcrumb\"},\"inLanguage\":\"fr-FR\",\"potentialAction\":[{\"@type\":\"ReadAction\",\"target\":[\"https:\/\/tourtravelandmore.com\/fr\/tours\/espagne-fr\/zaragoza-fr\/transfert-prive-a-saragosse\/\"]}]},{\"@type\":\"ImageObject\",\"inLanguage\":\"fr-FR\",\"@id\":\"https:\/\/tourtravelandmore.com\/fr\/tours\/espagne-fr\/zaragoza-fr\/transfert-prive-a-saragosse\/#primaryimage\",\"url\":\"https:\/\/tourtravelandmore.com\/wp-content\/uploads\/2016\/11\/2014-mercedes-benz-e-class-sport-sedan-profile.jpg\",\"contentUrl\":\"https:\/\/tourtravelandmore.com\/wp-content\/uploads\/2016\/11\/2014-mercedes-benz-e-class-sport-sedan-profile.jpg\",\"width\":1500,\"height\":938,\"caption\":\"2014 Mercedes-Benz E-Class Sport Sedan.\"},{\"@type\":\"BreadcrumbList\",\"@id\":\"https:\/\/tourtravelandmore.com\/fr\/tours\/espagne-fr\/zaragoza-fr\/transfert-prive-a-saragosse\/#breadcrumb\",\"itemListElement\":[{\"@type\":\"ListItem\",\"position\":1,\"name\":\"Home\",\"item\":\"https:\/\/tourtravelandmore.com\/fr\/\"},{\"@type\":\"ListItem\",\"position\":2,\"name\":\"Tours\",\"item\":\"https:\/\/tourtravelandmore.com\/fr\/tours\/\"},{\"@type\":\"ListItem\",\"position\":3,\"name\":\"Transfert priv\u00e9 \u00e0 Saragosse\"}]},{\"@type\":\"WebSite\",\"@id\":\"https:\/\/tourtravelandmore.com\/fr\/#website\",\"url\":\"https:\/\/tourtravelandmore.com\/fr\/\",\"name\":\"Tour Travel And More\",\"description\":\"Private sightseeing tours and luxury transfers in Spain\",\"publisher\":{\"@id\":\"https:\/\/tourtravelandmore.com\/fr\/#organization\"},\"potentialAction\":[{\"@type\":\"SearchAction\",\"target\":{\"@type\":\"EntryPoint\",\"urlTemplate\":\"https:\/\/tourtravelandmore.com\/fr\/?s={search_term_string}\"},\"query-input\":{\"@type\":\"PropertyValueSpecification\",\"valueRequired\":true,\"valueName\":\"search_term_string\"}}],\"inLanguage\":\"fr-FR\"},{\"@type\":\"Organization\",\"@id\":\"https:\/\/tourtravelandmore.com\/fr\/#organization\",\"name\":\"Tour Travel And More\",\"url\":\"https:\/\/tourtravelandmore.com\/fr\/\",\"logo\":{\"@type\":\"ImageObject\",\"inLanguage\":\"fr-FR\",\"@id\":\"https:\/\/tourtravelandmore.com\/fr\/#\/schema\/logo\/image\/\",\"url\":\"https:\/\/tourtravelandmore.com\/wp-content\/uploads\/2022\/12\/cropped-logo-cabecera-new.png\",\"contentUrl\":\"https:\/\/tourtravelandmore.com\/wp-content\/uploads\/2022\/12\/cropped-logo-cabecera-new.png\",\"width\":430,\"height\":61,\"caption\":\"Tour Travel And More\"},\"image\":{\"@id\":\"https:\/\/tourtravelandmore.com\/fr\/#\/schema\/logo\/image\/\"},\"sameAs\":[\"https:\/\/www.facebook.com\/tourtravelandmore\/\",\"https:\/\/x.com\/TourTravel_More\"]}]}<\/script>\n<!-- \/ Yoast SEO Premium plugin. -->","yoast_head_json":{"title":"Transfert priv\u00e9 \u00e0 Saragosse - Transfert gare \/ a\u00e9roport","description":"Profitez de cette opportunit\u00e9 \u00e0 Saragosse pour profiter de ce moyen confortable d'arriver \u00e0 votre destination finale. Transfert priv\u00e9 \u00e0 Saragosse.","robots":{"index":"index","follow":"follow","max-snippet":"max-snippet:-1","max-image-preview":"max-image-preview:large","max-video-preview":"max-video-preview:-1"},"canonical":"https:\/\/tourtravelandmore.com\/fr\/tours\/espagne-fr\/zaragoza-fr\/transfert-prive-a-saragosse\/","og_locale":"fr_FR","og_type":"article","og_title":"Transfert priv\u00e9 \u00e0 Saragosse","og_description":"Profitez de cette opportunit\u00e9 \u00e0 Saragosse pour profiter de ce moyen confortable d'arriver \u00e0 votre destination finale. Transfert priv\u00e9 \u00e0 Saragosse.","og_url":"https:\/\/tourtravelandmore.com\/fr\/tours\/espagne-fr\/zaragoza-fr\/transfert-prive-a-saragosse\/","og_site_name":"Tour Travel And More","article_publisher":"https:\/\/www.facebook.com\/tourtravelandmore\/","og_image":[{"width":1500,"height":938,"url":"https:\/\/tourtravelandmore.com\/wp-content\/uploads\/2016\/11\/2014-mercedes-benz-e-class-sport-sedan-profile.jpg","type":"image\/jpeg"}],"twitter_card":"summary_large_image","twitter_site":"@TourTravel_More","twitter_misc":{"Dur\u00e9e de lecture estim\u00e9e":"2 minutes"},"schema":{"@context":"https:\/\/schema.org","@graph":[{"@type":"WebPage","@id":"https:\/\/tourtravelandmore.com\/fr\/tours\/espagne-fr\/zaragoza-fr\/transfert-prive-a-saragosse\/","url":"https:\/\/tourtravelandmore.com\/fr\/tours\/espagne-fr\/zaragoza-fr\/transfert-prive-a-saragosse\/","name":"Transfert priv\u00e9 \u00e0 Saragosse - Transfert gare \/ a\u00e9roport","isPartOf":{"@id":"https:\/\/tourtravelandmore.com\/fr\/#website"},"primaryImageOfPage":{"@id":"https:\/\/tourtravelandmore.com\/fr\/tours\/espagne-fr\/zaragoza-fr\/transfert-prive-a-saragosse\/#primaryimage"},"image":{"@id":"https:\/\/tourtravelandmore.com\/fr\/tours\/espagne-fr\/zaragoza-fr\/transfert-prive-a-saragosse\/#primaryimage"},"thumbnailUrl":"https:\/\/tourtravelandmore.com\/wp-content\/uploads\/2016\/11\/2014-mercedes-benz-e-class-sport-sedan-profile.jpg","datePublished":"2017-02-08T09:27:17+00:00","description":"Profitez de cette opportunit\u00e9 \u00e0 Saragosse pour profiter de ce moyen confortable d'arriver \u00e0 votre destination finale. Transfert priv\u00e9 \u00e0 Saragosse.","breadcrumb":{"@id":"https:\/\/tourtravelandmore.com\/fr\/tours\/espagne-fr\/zaragoza-fr\/transfert-prive-a-saragosse\/#breadcrumb"},"inLanguage":"fr-FR","potentialAction":[{"@type":"ReadAction","target":["https:\/\/tourtravelandmore.com\/fr\/tours\/espagne-fr\/zaragoza-fr\/transfert-prive-a-saragosse\/"]}]},{"@type":"ImageObject","inLanguage":"fr-FR","@id":"https:\/\/tourtravelandmore.com\/fr\/tours\/espagne-fr\/zaragoza-fr\/transfert-prive-a-saragosse\/#primaryimage","url":"https:\/\/tourtravelandmore.com\/wp-content\/uploads\/2016\/11\/2014-mercedes-benz-e-class-sport-sedan-profile.jpg","contentUrl":"https:\/\/tourtravelandmore.com\/wp-content\/uploads\/2016\/11\/2014-mercedes-benz-e-class-sport-sedan-profile.jpg","width":1500,"height":938,"caption":"2014 Mercedes-Benz E-Class Sport Sedan."},{"@type":"BreadcrumbList","@id":"https:\/\/tourtravelandmore.com\/fr\/tours\/espagne-fr\/zaragoza-fr\/transfert-prive-a-saragosse\/#breadcrumb","itemListElement":[{"@type":"ListItem","position":1,"name":"Home","item":"https:\/\/tourtravelandmore.com\/fr\/"},{"@type":"ListItem","position":2,"name":"Tours","item":"https:\/\/tourtravelandmore.com\/fr\/tours\/"},{"@type":"ListItem","position":3,"name":"Transfert priv\u00e9 \u00e0 Saragosse"}]},{"@type":"WebSite","@id":"https:\/\/tourtravelandmore.com\/fr\/#website","url":"https:\/\/tourtravelandmore.com\/fr\/","name":"Tour Travel And More","description":"Private sightseeing tours and luxury transfers in Spain","publisher":{"@id":"https:\/\/tourtravelandmore.com\/fr\/#organization"},"potentialAction":[{"@type":"SearchAction","target":{"@type":"EntryPoint","urlTemplate":"https:\/\/tourtravelandmore.com\/fr\/?s={search_term_string}"},"query-input":{"@type":"PropertyValueSpecification","valueRequired":true,"valueName":"search_term_string"}}],"inLanguage":"fr-FR"},{"@type":"Organization","@id":"https:\/\/tourtravelandmore.com\/fr\/#organization","name":"Tour Travel And More","url":"https:\/\/tourtravelandmore.com\/fr\/","logo":{"@type":"ImageObject","inLanguage":"fr-FR","@id":"https:\/\/tourtravelandmore.com\/fr\/#\/schema\/logo\/image\/","url":"https:\/\/tourtravelandmore.com\/wp-content\/uploads\/2022\/12\/cropped-logo-cabecera-new.png","contentUrl":"https:\/\/tourtravelandmore.com\/wp-content\/uploads\/2022\/12\/cropped-logo-cabecera-new.png","width":430,"height":61,"caption":"Tour Travel And More"},"image":{"@id":"https:\/\/tourtravelandmore.com\/fr\/#\/schema\/logo\/image\/"},"sameAs":["https:\/\/www.facebook.com\/tourtravelandmore\/","https:\/\/x.com\/TourTravel_More"]}]}},"_links":{"self":[{"href":"https:\/\/tourtravelandmore.com\/fr\/wp-json\/wp\/v2\/product\/100168","targetHints":{"allow":["GET"]}}],"collection":[{"href":"https:\/\/tourtravelandmore.com\/fr\/wp-json\/wp\/v2\/product"}],"about":[{"href":"https:\/\/tourtravelandmore.com\/fr\/wp-json\/wp\/v2\/types\/product"}],"replies":[{"embeddable":true,"href":"https:\/\/tourtravelandmore.com\/fr\/wp-json\/wp\/v2\/comments?post=100168"}],"wp:featuredmedia":[{"embeddable":true,"href":"https:\/\/tourtravelandmore.com\/fr\/wp-json\/wp\/v2\/media\/94004"}],"wp:attachment":[{"href":"https:\/\/tourtravelandmore.com\/fr\/wp-json\/wp\/v2\/media?parent=100168"}],"wp:term":[{"taxonomy":"product_brand","embeddable":true,"href":"https:\/\/tourtravelandmore.com\/fr\/wp-json\/wp\/v2\/product_brand?post=100168"},{"taxonomy":"product_cat","embeddable":true,"href":"https:\/\/tourtravelandmore.com\/fr\/wp-json\/wp\/v2\/product_cat?post=100168"},{"taxonomy":"product_tag","embeddable":true,"href":"https:\/\/tourtravelandmore.com\/fr\/wp-json\/wp\/v2\/product_tag?post=100168"}],"curies":[{"name":"wp","href":"https:\/\/api.w.org\/{rel}","templated":true}]}}