{"id":100163,"date":"2017-02-08T10:21:41","date_gmt":"2017-02-08T09:21:41","guid":{"rendered":"https:\/\/tourtravelandmore.com\/tours\/non class\u00e9\/visite-privee-a-pied-de-saragosse\/"},"modified":"2017-02-08T10:21:41","modified_gmt":"2017-02-08T09:21:41","slug":"visite-privee-a-pied-de-saragosse","status":"publish","type":"product","link":"https:\/\/tourtravelandmore.com\/fr\/tours\/espagne-fr\/zaragoza-fr\/visite-privee-a-pied-de-saragosse\/","title":{"rendered":"Visite priv\u00e9e \u00e0 pied de Saragosse"},"content":{"rendered":"<h2>Description<\/h2>\n<p>Profitez de cette visite priv\u00e9e \u00e0 pied de Saragosse avec notre guide officiel et d\u00e9couvrez les lieux les plus embl\u00e9matiques de Saragosse.<\/p>\n<p>Cette visite priv\u00e9e d\u00e9butera \u00e0 partir d&#8217;un point de rencontre situ\u00e9 au centre de Saragosse. Si votre h\u00f4tel est situ\u00e9 dans le centre-ville, nous pouvons organiser une prise en charge priv\u00e9e \u00e0 pied \u00e0 partir de l\u00e0. Faites-nous savoir et nous organiserons la proposition la plus confortable pour vous!<\/p>\n<p>Tout d&#8217;abord, vous rencontrerez votre guide officiel priv\u00e9. Vous continuerez ensuite et commencerez votre visite priv\u00e9e \u00e0 pied!<\/p>\n<h2>Sites d&#8217;int\u00e9r\u00eat et monuments<\/h2>\n<p>Saragosse est une ville magnifique. Au cours de cette visite priv\u00e9e \u00e0 pied de Saragosse, notre guide vous emm\u00e8nera dans les meilleurs endroits de la ville!<\/p>\n<p>Entre autres monuments et sites touristiques, vous pouvez apprendre \u00e0 conna\u00eetre:<\/p>\n<ul>\n<li>Vieille ville<\/li>\n<li>Basilique Nuestra Se\u00f1ora del Pilar<\/li>\n<li>Puente de Piedra<\/li>\n<li>Pavillon de l&#8217;Expo<\/li>\n<li>Palais de l&#8217;Aljaferia<\/li>\n<li>Cath\u00e9drale del Salvador de Zaragoza<\/li>\n<li>Place Notre-Dame du Pilar<\/li>\n<li>Pont de pierre<\/li>\n<li>Lonja de Zaragoza<\/li>\n<li>\u00c9glise Santa Maria Magdalena<\/li>\n<li>Beaucoup plus!<\/li>\n<\/ul>\n<p>Nous pouvons organiser des billets d&#8217;entr\u00e9e aux monuments si vous le souhaitez. Faites simplement savoir \u00e0 nos experts en voyages et nous modifierons la proposition pour vous. Saragosse est vraiment une ville unique entre Madrid et Barcelone.<\/p>\n<p>C&#8217;est aussi un excellent arr\u00eat si vous allez de Madrid \u00e0 Barcelone.<\/p>\n<p>D\u00e9couvrez nos visites priv\u00e9es \u00e0 Saragosse. Nous proposons tout type de visite priv\u00e9e pour vous!<\/p>\n","protected":false},"excerpt":{"rendered":"<p>Visite \u00e0 pied priv\u00e9e personnalis\u00e9e de Saragosse. Profitez de cette occasion pour d\u00e9couvrir Saragosse lors de cette exp\u00e9rience avec un guide officiel priv\u00e9.<\/p>\n","protected":false},"featured_media":94187,"comment_status":"open","ping_status":"closed","template":"","meta":{"_acf_changed":false},"product_brand":[],"product_cat":[3640],"product_tag":[],"class_list":{"0":"post-100163","1":"product","2":"type-product","3":"status-publish","4":"has-post-thumbnail","6":"product_cat-zaragoza-fr","8":"first","9":"instock","10":"shipping-taxable","11":"purchasable","12":"product-type-simple"},"acf":[],"yoast_head":"<!-- This site is optimized with the Yoast SEO Premium plugin v25.3.1 (Yoast SEO v25.3.1) - https:\/\/yoast.com\/wordpress\/plugins\/seo\/ -->\n<title>Visite priv\u00e9e \u00e0 pied de Saragosse - VISITE PRIV\u00c9E DE ZARAGOZA<\/title>\n<meta name=\"description\" content=\"Visite \u00e0 pied priv\u00e9e personnalis\u00e9e de Saragosse. Profitez de cette occasion pour d\u00e9couvrir Saragosse lors de cette exp\u00e9rience avec un guide officiel priv\u00e9.\" \/>\n<meta name=\"robots\" content=\"index, follow, max-snippet:-1, max-image-preview:large, max-video-preview:-1\" \/>\n<link rel=\"canonical\" href=\"https:\/\/tourtravelandmore.com\/fr\/tours\/espagne-fr\/zaragoza-fr\/visite-privee-a-pied-de-saragosse\/\" \/>\n<meta property=\"og:locale\" content=\"fr_FR\" \/>\n<meta property=\"og:type\" content=\"article\" \/>\n<meta property=\"og:title\" content=\"Visite priv\u00e9e \u00e0 pied de Saragosse\" \/>\n<meta property=\"og:description\" content=\"Visite \u00e0 pied priv\u00e9e personnalis\u00e9e de Saragosse. Profitez de cette occasion pour d\u00e9couvrir Saragosse lors de cette exp\u00e9rience avec un guide officiel priv\u00e9.\" \/>\n<meta property=\"og:url\" content=\"https:\/\/tourtravelandmore.com\/fr\/tours\/espagne-fr\/zaragoza-fr\/visite-privee-a-pied-de-saragosse\/\" \/>\n<meta property=\"og:site_name\" content=\"Tour Travel And More\" \/>\n<meta property=\"article:publisher\" content=\"https:\/\/www.facebook.com\/tourtravelandmore\/\" \/>\n<meta property=\"og:image\" content=\"https:\/\/tourtravelandmore.com\/wp-content\/uploads\/2017\/02\/Zaragoza-03.jpg\" \/>\n\t<meta property=\"og:image:width\" content=\"2048\" \/>\n\t<meta property=\"og:image:height\" content=\"1536\" \/>\n\t<meta property=\"og:image:type\" content=\"image\/jpeg\" \/>\n<meta name=\"twitter:card\" content=\"summary_large_image\" \/>\n<meta name=\"twitter:site\" content=\"@TourTravel_More\" \/>\n<meta name=\"twitter:label1\" content=\"Dur\u00e9e de lecture estim\u00e9e\" \/>\n\t<meta name=\"twitter:data1\" content=\"1 minute\" \/>\n<script type=\"application\/ld+json\" class=\"yoast-schema-graph\">{\"@context\":\"https:\/\/schema.org\",\"@graph\":[{\"@type\":\"WebPage\",\"@id\":\"https:\/\/tourtravelandmore.com\/fr\/tours\/espagne-fr\/zaragoza-fr\/visite-privee-a-pied-de-saragosse\/\",\"url\":\"https:\/\/tourtravelandmore.com\/fr\/tours\/espagne-fr\/zaragoza-fr\/visite-privee-a-pied-de-saragosse\/\",\"name\":\"Visite priv\u00e9e \u00e0 pied de Saragosse - VISITE PRIV\u00c9E DE ZARAGOZA\",\"isPartOf\":{\"@id\":\"https:\/\/tourtravelandmore.com\/fr\/#website\"},\"primaryImageOfPage\":{\"@id\":\"https:\/\/tourtravelandmore.com\/fr\/tours\/espagne-fr\/zaragoza-fr\/visite-privee-a-pied-de-saragosse\/#primaryimage\"},\"image\":{\"@id\":\"https:\/\/tourtravelandmore.com\/fr\/tours\/espagne-fr\/zaragoza-fr\/visite-privee-a-pied-de-saragosse\/#primaryimage\"},\"thumbnailUrl\":\"https:\/\/tourtravelandmore.com\/wp-content\/uploads\/2017\/02\/Zaragoza-03.jpg\",\"datePublished\":\"2017-02-08T09:21:41+00:00\",\"description\":\"Visite \u00e0 pied priv\u00e9e personnalis\u00e9e de Saragosse. Profitez de cette occasion pour d\u00e9couvrir Saragosse lors de cette exp\u00e9rience avec un guide officiel priv\u00e9.\",\"breadcrumb\":{\"@id\":\"https:\/\/tourtravelandmore.com\/fr\/tours\/espagne-fr\/zaragoza-fr\/visite-privee-a-pied-de-saragosse\/#breadcrumb\"},\"inLanguage\":\"fr-FR\",\"potentialAction\":[{\"@type\":\"ReadAction\",\"target\":[\"https:\/\/tourtravelandmore.com\/fr\/tours\/espagne-fr\/zaragoza-fr\/visite-privee-a-pied-de-saragosse\/\"]}]},{\"@type\":\"ImageObject\",\"inLanguage\":\"fr-FR\",\"@id\":\"https:\/\/tourtravelandmore.com\/fr\/tours\/espagne-fr\/zaragoza-fr\/visite-privee-a-pied-de-saragosse\/#primaryimage\",\"url\":\"https:\/\/tourtravelandmore.com\/wp-content\/uploads\/2017\/02\/Zaragoza-03.jpg\",\"contentUrl\":\"https:\/\/tourtravelandmore.com\/wp-content\/uploads\/2017\/02\/Zaragoza-03.jpg\",\"width\":2048,\"height\":1536},{\"@type\":\"BreadcrumbList\",\"@id\":\"https:\/\/tourtravelandmore.com\/fr\/tours\/espagne-fr\/zaragoza-fr\/visite-privee-a-pied-de-saragosse\/#breadcrumb\",\"itemListElement\":[{\"@type\":\"ListItem\",\"position\":1,\"name\":\"Home\",\"item\":\"https:\/\/tourtravelandmore.com\/fr\/\"},{\"@type\":\"ListItem\",\"position\":2,\"name\":\"Tours\",\"item\":\"https:\/\/tourtravelandmore.com\/fr\/tours\/\"},{\"@type\":\"ListItem\",\"position\":3,\"name\":\"Visite priv\u00e9e \u00e0 pied de Saragosse\"}]},{\"@type\":\"WebSite\",\"@id\":\"https:\/\/tourtravelandmore.com\/fr\/#website\",\"url\":\"https:\/\/tourtravelandmore.com\/fr\/\",\"name\":\"Tour Travel And More\",\"description\":\"Private sightseeing tours and luxury transfers in Spain\",\"publisher\":{\"@id\":\"https:\/\/tourtravelandmore.com\/fr\/#organization\"},\"potentialAction\":[{\"@type\":\"SearchAction\",\"target\":{\"@type\":\"EntryPoint\",\"urlTemplate\":\"https:\/\/tourtravelandmore.com\/fr\/?s={search_term_string}\"},\"query-input\":{\"@type\":\"PropertyValueSpecification\",\"valueRequired\":true,\"valueName\":\"search_term_string\"}}],\"inLanguage\":\"fr-FR\"},{\"@type\":\"Organization\",\"@id\":\"https:\/\/tourtravelandmore.com\/fr\/#organization\",\"name\":\"Tour Travel And More\",\"url\":\"https:\/\/tourtravelandmore.com\/fr\/\",\"logo\":{\"@type\":\"ImageObject\",\"inLanguage\":\"fr-FR\",\"@id\":\"https:\/\/tourtravelandmore.com\/fr\/#\/schema\/logo\/image\/\",\"url\":\"https:\/\/tourtravelandmore.com\/wp-content\/uploads\/2022\/12\/cropped-logo-cabecera-new.png\",\"contentUrl\":\"https:\/\/tourtravelandmore.com\/wp-content\/uploads\/2022\/12\/cropped-logo-cabecera-new.png\",\"width\":430,\"height\":61,\"caption\":\"Tour Travel And More\"},\"image\":{\"@id\":\"https:\/\/tourtravelandmore.com\/fr\/#\/schema\/logo\/image\/\"},\"sameAs\":[\"https:\/\/www.facebook.com\/tourtravelandmore\/\",\"https:\/\/x.com\/TourTravel_More\"]}]}<\/script>\n<!-- \/ Yoast SEO Premium plugin. -->","yoast_head_json":{"title":"Visite priv\u00e9e \u00e0 pied de Saragosse - VISITE PRIV\u00c9E DE ZARAGOZA","description":"Visite \u00e0 pied priv\u00e9e personnalis\u00e9e de Saragosse. Profitez de cette occasion pour d\u00e9couvrir Saragosse lors de cette exp\u00e9rience avec un guide officiel priv\u00e9.","robots":{"index":"index","follow":"follow","max-snippet":"max-snippet:-1","max-image-preview":"max-image-preview:large","max-video-preview":"max-video-preview:-1"},"canonical":"https:\/\/tourtravelandmore.com\/fr\/tours\/espagne-fr\/zaragoza-fr\/visite-privee-a-pied-de-saragosse\/","og_locale":"fr_FR","og_type":"article","og_title":"Visite priv\u00e9e \u00e0 pied de Saragosse","og_description":"Visite \u00e0 pied priv\u00e9e personnalis\u00e9e de Saragosse. Profitez de cette occasion pour d\u00e9couvrir Saragosse lors de cette exp\u00e9rience avec un guide officiel priv\u00e9.","og_url":"https:\/\/tourtravelandmore.com\/fr\/tours\/espagne-fr\/zaragoza-fr\/visite-privee-a-pied-de-saragosse\/","og_site_name":"Tour Travel And More","article_publisher":"https:\/\/www.facebook.com\/tourtravelandmore\/","og_image":[{"width":2048,"height":1536,"url":"https:\/\/tourtravelandmore.com\/wp-content\/uploads\/2017\/02\/Zaragoza-03.jpg","type":"image\/jpeg"}],"twitter_card":"summary_large_image","twitter_site":"@TourTravel_More","twitter_misc":{"Dur\u00e9e de lecture estim\u00e9e":"1 minute"},"schema":{"@context":"https:\/\/schema.org","@graph":[{"@type":"WebPage","@id":"https:\/\/tourtravelandmore.com\/fr\/tours\/espagne-fr\/zaragoza-fr\/visite-privee-a-pied-de-saragosse\/","url":"https:\/\/tourtravelandmore.com\/fr\/tours\/espagne-fr\/zaragoza-fr\/visite-privee-a-pied-de-saragosse\/","name":"Visite priv\u00e9e \u00e0 pied de Saragosse - VISITE PRIV\u00c9E DE ZARAGOZA","isPartOf":{"@id":"https:\/\/tourtravelandmore.com\/fr\/#website"},"primaryImageOfPage":{"@id":"https:\/\/tourtravelandmore.com\/fr\/tours\/espagne-fr\/zaragoza-fr\/visite-privee-a-pied-de-saragosse\/#primaryimage"},"image":{"@id":"https:\/\/tourtravelandmore.com\/fr\/tours\/espagne-fr\/zaragoza-fr\/visite-privee-a-pied-de-saragosse\/#primaryimage"},"thumbnailUrl":"https:\/\/tourtravelandmore.com\/wp-content\/uploads\/2017\/02\/Zaragoza-03.jpg","datePublished":"2017-02-08T09:21:41+00:00","description":"Visite \u00e0 pied priv\u00e9e personnalis\u00e9e de Saragosse. Profitez de cette occasion pour d\u00e9couvrir Saragosse lors de cette exp\u00e9rience avec un guide officiel priv\u00e9.","breadcrumb":{"@id":"https:\/\/tourtravelandmore.com\/fr\/tours\/espagne-fr\/zaragoza-fr\/visite-privee-a-pied-de-saragosse\/#breadcrumb"},"inLanguage":"fr-FR","potentialAction":[{"@type":"ReadAction","target":["https:\/\/tourtravelandmore.com\/fr\/tours\/espagne-fr\/zaragoza-fr\/visite-privee-a-pied-de-saragosse\/"]}]},{"@type":"ImageObject","inLanguage":"fr-FR","@id":"https:\/\/tourtravelandmore.com\/fr\/tours\/espagne-fr\/zaragoza-fr\/visite-privee-a-pied-de-saragosse\/#primaryimage","url":"https:\/\/tourtravelandmore.com\/wp-content\/uploads\/2017\/02\/Zaragoza-03.jpg","contentUrl":"https:\/\/tourtravelandmore.com\/wp-content\/uploads\/2017\/02\/Zaragoza-03.jpg","width":2048,"height":1536},{"@type":"BreadcrumbList","@id":"https:\/\/tourtravelandmore.com\/fr\/tours\/espagne-fr\/zaragoza-fr\/visite-privee-a-pied-de-saragosse\/#breadcrumb","itemListElement":[{"@type":"ListItem","position":1,"name":"Home","item":"https:\/\/tourtravelandmore.com\/fr\/"},{"@type":"ListItem","position":2,"name":"Tours","item":"https:\/\/tourtravelandmore.com\/fr\/tours\/"},{"@type":"ListItem","position":3,"name":"Visite priv\u00e9e \u00e0 pied de Saragosse"}]},{"@type":"WebSite","@id":"https:\/\/tourtravelandmore.com\/fr\/#website","url":"https:\/\/tourtravelandmore.com\/fr\/","name":"Tour Travel And More","description":"Private sightseeing tours and luxury transfers in Spain","publisher":{"@id":"https:\/\/tourtravelandmore.com\/fr\/#organization"},"potentialAction":[{"@type":"SearchAction","target":{"@type":"EntryPoint","urlTemplate":"https:\/\/tourtravelandmore.com\/fr\/?s={search_term_string}"},"query-input":{"@type":"PropertyValueSpecification","valueRequired":true,"valueName":"search_term_string"}}],"inLanguage":"fr-FR"},{"@type":"Organization","@id":"https:\/\/tourtravelandmore.com\/fr\/#organization","name":"Tour Travel And More","url":"https:\/\/tourtravelandmore.com\/fr\/","logo":{"@type":"ImageObject","inLanguage":"fr-FR","@id":"https:\/\/tourtravelandmore.com\/fr\/#\/schema\/logo\/image\/","url":"https:\/\/tourtravelandmore.com\/wp-content\/uploads\/2022\/12\/cropped-logo-cabecera-new.png","contentUrl":"https:\/\/tourtravelandmore.com\/wp-content\/uploads\/2022\/12\/cropped-logo-cabecera-new.png","width":430,"height":61,"caption":"Tour Travel And More"},"image":{"@id":"https:\/\/tourtravelandmore.com\/fr\/#\/schema\/logo\/image\/"},"sameAs":["https:\/\/www.facebook.com\/tourtravelandmore\/","https:\/\/x.com\/TourTravel_More"]}]}},"_links":{"self":[{"href":"https:\/\/tourtravelandmore.com\/fr\/wp-json\/wp\/v2\/product\/100163","targetHints":{"allow":["GET"]}}],"collection":[{"href":"https:\/\/tourtravelandmore.com\/fr\/wp-json\/wp\/v2\/product"}],"about":[{"href":"https:\/\/tourtravelandmore.com\/fr\/wp-json\/wp\/v2\/types\/product"}],"replies":[{"embeddable":true,"href":"https:\/\/tourtravelandmore.com\/fr\/wp-json\/wp\/v2\/comments?post=100163"}],"wp:featuredmedia":[{"embeddable":true,"href":"https:\/\/tourtravelandmore.com\/fr\/wp-json\/wp\/v2\/media\/94187"}],"wp:attachment":[{"href":"https:\/\/tourtravelandmore.com\/fr\/wp-json\/wp\/v2\/media?parent=100163"}],"wp:term":[{"taxonomy":"product_brand","embeddable":true,"href":"https:\/\/tourtravelandmore.com\/fr\/wp-json\/wp\/v2\/product_brand?post=100163"},{"taxonomy":"product_cat","embeddable":true,"href":"https:\/\/tourtravelandmore.com\/fr\/wp-json\/wp\/v2\/product_cat?post=100163"},{"taxonomy":"product_tag","embeddable":true,"href":"https:\/\/tourtravelandmore.com\/fr\/wp-json\/wp\/v2\/product_tag?post=100163"}],"curies":[{"name":"wp","href":"https:\/\/api.w.org\/{rel}","templated":true}]}}