{"id":100158,"date":"2017-02-08T10:16:12","date_gmt":"2017-02-08T09:16:12","guid":{"rendered":"https:\/\/tourtravelandmore.com\/tours\/non class\u00e9\/visite-privee-de-saragosse\/"},"modified":"2017-02-08T10:16:12","modified_gmt":"2017-02-08T09:16:12","slug":"visite-privee-de-saragosse","status":"publish","type":"product","link":"https:\/\/tourtravelandmore.com\/fr\/tours\/espagne-fr\/zaragoza-fr\/visite-privee-de-saragosse\/","title":{"rendered":"Visite priv\u00e9e de Saragosse"},"content":{"rendered":"<h2>Description<\/h2>\n<p>Profitez de cette visite priv\u00e9e de Saragosse avec nous \u00e0 Tour Travel &amp; More. Si vous venez de l&#8217;ext\u00e9rieur de la ville ou seulement ici pour quelques heures, c&#8217;est l&#8217;option parfaite!<\/p>\n<p>Nos visites priv\u00e9es vous donneront toujours une vue magnifique sur la ville. Si vous pr\u00e9voyez d&#8217;aller \u00e0 Madrid ou \u00e0 Barcelone, notre visite priv\u00e9e de Saragosse est parfaite pour vous.<\/p>\n<p>Nous pouvons organiser une prise en charge confortable depuis la gare. Avec cette prise en charge confortable, vous profiterez de 4 heures dans la ville de Saragosse avant de faire votre prochain arr\u00eat.<\/p>\n<p>Notre prise en charge priv\u00e9e peut \u00eatre depuis l&#8217;a\u00e9roport ou n&#8217;importe quel h\u00f4tel de la ville de Saragosse!<\/p>\n<p>Tout d&#8217;abord, nous organiserons une prise en charge confortable pour vous et nous commencerons cette visite priv\u00e9e pour d\u00e9couvrir les sites les plus importants de la ville de Saragosse!<\/p>\n<h2>Sites d&#8217;int\u00e9r\u00eat et monuments<\/h2>\n<p>Apr\u00e8s une prise en charge confortable, nous commencerons cette visite priv\u00e9e.<\/p>\n<p>Nous apprendrons \u00e0 conna\u00eetre les sites les plus importants que vous pouvez imaginer \u00e0 Saragosse!<\/p>\n<p>Entre autres monuments et sites touristiques, vous pouvez apprendre \u00e0 conna\u00eetre:<\/p>\n<ul>\n<li>Vieille ville<\/li>\n<li>Palais de l&#8217;Aljaferia<\/li>\n<li>Catedral del Salvador de Zaragoza<\/li>\n<li>Place Notre-Dame du Pilar<\/li>\n<li>Pont de pierre<\/li>\n<li>Basilique Nuestra Se\u00f1ora del Pilar<\/li>\n<li>Puente de Piedra<\/li>\n<li>Pavillon de l&#8217;Expo<\/li>\n<li>Lonja de Zaragoza<\/li>\n<li>Calle de Alfonso I<\/li>\n<li>March\u00e9 central de Saragosse<\/li>\n<li>\u00c9glise Santa Maria Magdalena<\/li>\n<li>Beaucoup plus!<\/li>\n<\/ul>\n<p>Votre chauffeur priv\u00e9 et votre guide officiel s\u00e9par\u00e9 seront avec vous \u00e0 votre disposition. Apr\u00e8s cette visite priv\u00e9e, nous vous d\u00e9poserons \u00e0 l&#8217;endroit de votre choix \u00e0 Saragosse!<\/p>\n<p>D\u00e9couvrez les autres circuits priv\u00e9s que nous proposons \u00e0 Saragosse!<\/p>\n","protected":false},"excerpt":{"rendered":"<p>Visite priv\u00e9e de Saragosse et d\u00e9couvrez les sites les plus embl\u00e9matiques de Saragosse. Guide touristique officiel priv\u00e9 et v\u00e9hicule priv\u00e9 avec chauffeur.<\/p>\n","protected":false},"featured_media":94185,"comment_status":"open","ping_status":"closed","template":"","meta":{"_acf_changed":false},"product_brand":[],"product_cat":[3640],"product_tag":[],"class_list":{"0":"post-100158","1":"product","2":"type-product","3":"status-publish","4":"has-post-thumbnail","6":"product_cat-zaragoza-fr","8":"first","9":"instock","10":"shipping-taxable","11":"purchasable","12":"product-type-simple"},"acf":[],"yoast_head":"<!-- This site is optimized with the Yoast SEO Premium plugin v25.3.1 (Yoast SEO v25.3.1) - https:\/\/yoast.com\/wordpress\/plugins\/seo\/ -->\n<title>Visite priv\u00e9e de Saragosse - VISITES PRIV\u00c9ES DE ZARAGOZA<\/title>\n<meta name=\"description\" content=\"Visite priv\u00e9e de Saragosse et d\u00e9couvrez les sites les plus embl\u00e9matiques de Saragosse. Guide touristique officiel priv\u00e9 et v\u00e9hicule priv\u00e9 avec chauffeur.\" \/>\n<meta name=\"robots\" content=\"index, follow, max-snippet:-1, max-image-preview:large, max-video-preview:-1\" \/>\n<link rel=\"canonical\" href=\"https:\/\/tourtravelandmore.com\/fr\/tours\/espagne-fr\/zaragoza-fr\/visite-privee-de-saragosse\/\" \/>\n<meta property=\"og:locale\" content=\"fr_FR\" \/>\n<meta property=\"og:type\" content=\"article\" \/>\n<meta property=\"og:title\" content=\"Visite priv\u00e9e de Saragosse\" \/>\n<meta property=\"og:description\" content=\"Visite priv\u00e9e de Saragosse et d\u00e9couvrez les sites les plus embl\u00e9matiques de Saragosse. Guide touristique officiel priv\u00e9 et v\u00e9hicule priv\u00e9 avec chauffeur.\" \/>\n<meta property=\"og:url\" content=\"https:\/\/tourtravelandmore.com\/fr\/tours\/espagne-fr\/zaragoza-fr\/visite-privee-de-saragosse\/\" \/>\n<meta property=\"og:site_name\" content=\"Tour Travel And More\" \/>\n<meta property=\"article:publisher\" content=\"https:\/\/www.facebook.com\/tourtravelandmore\/\" \/>\n<meta property=\"og:image\" content=\"https:\/\/tourtravelandmore.com\/wp-content\/uploads\/2017\/02\/Zaragoza-07.jpg\" \/>\n\t<meta property=\"og:image:width\" content=\"1200\" \/>\n\t<meta property=\"og:image:height\" content=\"900\" \/>\n\t<meta property=\"og:image:type\" content=\"image\/jpeg\" \/>\n<meta name=\"twitter:card\" content=\"summary_large_image\" \/>\n<meta name=\"twitter:site\" content=\"@TourTravel_More\" \/>\n<meta name=\"twitter:label1\" content=\"Dur\u00e9e de lecture estim\u00e9e\" \/>\n\t<meta name=\"twitter:data1\" content=\"1 minute\" \/>\n<script type=\"application\/ld+json\" class=\"yoast-schema-graph\">{\"@context\":\"https:\/\/schema.org\",\"@graph\":[{\"@type\":\"WebPage\",\"@id\":\"https:\/\/tourtravelandmore.com\/fr\/tours\/espagne-fr\/zaragoza-fr\/visite-privee-de-saragosse\/\",\"url\":\"https:\/\/tourtravelandmore.com\/fr\/tours\/espagne-fr\/zaragoza-fr\/visite-privee-de-saragosse\/\",\"name\":\"Visite priv\u00e9e de Saragosse - VISITES PRIV\u00c9ES DE ZARAGOZA\",\"isPartOf\":{\"@id\":\"https:\/\/tourtravelandmore.com\/fr\/#website\"},\"primaryImageOfPage\":{\"@id\":\"https:\/\/tourtravelandmore.com\/fr\/tours\/espagne-fr\/zaragoza-fr\/visite-privee-de-saragosse\/#primaryimage\"},\"image\":{\"@id\":\"https:\/\/tourtravelandmore.com\/fr\/tours\/espagne-fr\/zaragoza-fr\/visite-privee-de-saragosse\/#primaryimage\"},\"thumbnailUrl\":\"https:\/\/tourtravelandmore.com\/wp-content\/uploads\/2017\/02\/Zaragoza-07.jpg\",\"datePublished\":\"2017-02-08T09:16:12+00:00\",\"description\":\"Visite priv\u00e9e de Saragosse et d\u00e9couvrez les sites les plus embl\u00e9matiques de Saragosse. Guide touristique officiel priv\u00e9 et v\u00e9hicule priv\u00e9 avec chauffeur.\",\"breadcrumb\":{\"@id\":\"https:\/\/tourtravelandmore.com\/fr\/tours\/espagne-fr\/zaragoza-fr\/visite-privee-de-saragosse\/#breadcrumb\"},\"inLanguage\":\"fr-FR\",\"potentialAction\":[{\"@type\":\"ReadAction\",\"target\":[\"https:\/\/tourtravelandmore.com\/fr\/tours\/espagne-fr\/zaragoza-fr\/visite-privee-de-saragosse\/\"]}]},{\"@type\":\"ImageObject\",\"inLanguage\":\"fr-FR\",\"@id\":\"https:\/\/tourtravelandmore.com\/fr\/tours\/espagne-fr\/zaragoza-fr\/visite-privee-de-saragosse\/#primaryimage\",\"url\":\"https:\/\/tourtravelandmore.com\/wp-content\/uploads\/2017\/02\/Zaragoza-07.jpg\",\"contentUrl\":\"https:\/\/tourtravelandmore.com\/wp-content\/uploads\/2017\/02\/Zaragoza-07.jpg\",\"width\":1200,\"height\":900},{\"@type\":\"BreadcrumbList\",\"@id\":\"https:\/\/tourtravelandmore.com\/fr\/tours\/espagne-fr\/zaragoza-fr\/visite-privee-de-saragosse\/#breadcrumb\",\"itemListElement\":[{\"@type\":\"ListItem\",\"position\":1,\"name\":\"Home\",\"item\":\"https:\/\/tourtravelandmore.com\/fr\/\"},{\"@type\":\"ListItem\",\"position\":2,\"name\":\"Tours\",\"item\":\"https:\/\/tourtravelandmore.com\/fr\/tours\/\"},{\"@type\":\"ListItem\",\"position\":3,\"name\":\"Visite priv\u00e9e de Saragosse\"}]},{\"@type\":\"WebSite\",\"@id\":\"https:\/\/tourtravelandmore.com\/fr\/#website\",\"url\":\"https:\/\/tourtravelandmore.com\/fr\/\",\"name\":\"Tour Travel And More\",\"description\":\"Private sightseeing tours and luxury transfers in Spain\",\"publisher\":{\"@id\":\"https:\/\/tourtravelandmore.com\/fr\/#organization\"},\"potentialAction\":[{\"@type\":\"SearchAction\",\"target\":{\"@type\":\"EntryPoint\",\"urlTemplate\":\"https:\/\/tourtravelandmore.com\/fr\/?s={search_term_string}\"},\"query-input\":{\"@type\":\"PropertyValueSpecification\",\"valueRequired\":true,\"valueName\":\"search_term_string\"}}],\"inLanguage\":\"fr-FR\"},{\"@type\":\"Organization\",\"@id\":\"https:\/\/tourtravelandmore.com\/fr\/#organization\",\"name\":\"Tour Travel And More\",\"url\":\"https:\/\/tourtravelandmore.com\/fr\/\",\"logo\":{\"@type\":\"ImageObject\",\"inLanguage\":\"fr-FR\",\"@id\":\"https:\/\/tourtravelandmore.com\/fr\/#\/schema\/logo\/image\/\",\"url\":\"https:\/\/tourtravelandmore.com\/wp-content\/uploads\/2022\/12\/cropped-logo-cabecera-new.png\",\"contentUrl\":\"https:\/\/tourtravelandmore.com\/wp-content\/uploads\/2022\/12\/cropped-logo-cabecera-new.png\",\"width\":430,\"height\":61,\"caption\":\"Tour Travel And More\"},\"image\":{\"@id\":\"https:\/\/tourtravelandmore.com\/fr\/#\/schema\/logo\/image\/\"},\"sameAs\":[\"https:\/\/www.facebook.com\/tourtravelandmore\/\",\"https:\/\/x.com\/TourTravel_More\"]}]}<\/script>\n<!-- \/ Yoast SEO Premium plugin. -->","yoast_head_json":{"title":"Visite priv\u00e9e de Saragosse - VISITES PRIV\u00c9ES DE ZARAGOZA","description":"Visite priv\u00e9e de Saragosse et d\u00e9couvrez les sites les plus embl\u00e9matiques de Saragosse. Guide touristique officiel priv\u00e9 et v\u00e9hicule priv\u00e9 avec chauffeur.","robots":{"index":"index","follow":"follow","max-snippet":"max-snippet:-1","max-image-preview":"max-image-preview:large","max-video-preview":"max-video-preview:-1"},"canonical":"https:\/\/tourtravelandmore.com\/fr\/tours\/espagne-fr\/zaragoza-fr\/visite-privee-de-saragosse\/","og_locale":"fr_FR","og_type":"article","og_title":"Visite priv\u00e9e de Saragosse","og_description":"Visite priv\u00e9e de Saragosse et d\u00e9couvrez les sites les plus embl\u00e9matiques de Saragosse. Guide touristique officiel priv\u00e9 et v\u00e9hicule priv\u00e9 avec chauffeur.","og_url":"https:\/\/tourtravelandmore.com\/fr\/tours\/espagne-fr\/zaragoza-fr\/visite-privee-de-saragosse\/","og_site_name":"Tour Travel And More","article_publisher":"https:\/\/www.facebook.com\/tourtravelandmore\/","og_image":[{"width":1200,"height":900,"url":"https:\/\/tourtravelandmore.com\/wp-content\/uploads\/2017\/02\/Zaragoza-07.jpg","type":"image\/jpeg"}],"twitter_card":"summary_large_image","twitter_site":"@TourTravel_More","twitter_misc":{"Dur\u00e9e de lecture estim\u00e9e":"1 minute"},"schema":{"@context":"https:\/\/schema.org","@graph":[{"@type":"WebPage","@id":"https:\/\/tourtravelandmore.com\/fr\/tours\/espagne-fr\/zaragoza-fr\/visite-privee-de-saragosse\/","url":"https:\/\/tourtravelandmore.com\/fr\/tours\/espagne-fr\/zaragoza-fr\/visite-privee-de-saragosse\/","name":"Visite priv\u00e9e de Saragosse - VISITES PRIV\u00c9ES DE ZARAGOZA","isPartOf":{"@id":"https:\/\/tourtravelandmore.com\/fr\/#website"},"primaryImageOfPage":{"@id":"https:\/\/tourtravelandmore.com\/fr\/tours\/espagne-fr\/zaragoza-fr\/visite-privee-de-saragosse\/#primaryimage"},"image":{"@id":"https:\/\/tourtravelandmore.com\/fr\/tours\/espagne-fr\/zaragoza-fr\/visite-privee-de-saragosse\/#primaryimage"},"thumbnailUrl":"https:\/\/tourtravelandmore.com\/wp-content\/uploads\/2017\/02\/Zaragoza-07.jpg","datePublished":"2017-02-08T09:16:12+00:00","description":"Visite priv\u00e9e de Saragosse et d\u00e9couvrez les sites les plus embl\u00e9matiques de Saragosse. Guide touristique officiel priv\u00e9 et v\u00e9hicule priv\u00e9 avec chauffeur.","breadcrumb":{"@id":"https:\/\/tourtravelandmore.com\/fr\/tours\/espagne-fr\/zaragoza-fr\/visite-privee-de-saragosse\/#breadcrumb"},"inLanguage":"fr-FR","potentialAction":[{"@type":"ReadAction","target":["https:\/\/tourtravelandmore.com\/fr\/tours\/espagne-fr\/zaragoza-fr\/visite-privee-de-saragosse\/"]}]},{"@type":"ImageObject","inLanguage":"fr-FR","@id":"https:\/\/tourtravelandmore.com\/fr\/tours\/espagne-fr\/zaragoza-fr\/visite-privee-de-saragosse\/#primaryimage","url":"https:\/\/tourtravelandmore.com\/wp-content\/uploads\/2017\/02\/Zaragoza-07.jpg","contentUrl":"https:\/\/tourtravelandmore.com\/wp-content\/uploads\/2017\/02\/Zaragoza-07.jpg","width":1200,"height":900},{"@type":"BreadcrumbList","@id":"https:\/\/tourtravelandmore.com\/fr\/tours\/espagne-fr\/zaragoza-fr\/visite-privee-de-saragosse\/#breadcrumb","itemListElement":[{"@type":"ListItem","position":1,"name":"Home","item":"https:\/\/tourtravelandmore.com\/fr\/"},{"@type":"ListItem","position":2,"name":"Tours","item":"https:\/\/tourtravelandmore.com\/fr\/tours\/"},{"@type":"ListItem","position":3,"name":"Visite priv\u00e9e de Saragosse"}]},{"@type":"WebSite","@id":"https:\/\/tourtravelandmore.com\/fr\/#website","url":"https:\/\/tourtravelandmore.com\/fr\/","name":"Tour Travel And More","description":"Private sightseeing tours and luxury transfers in Spain","publisher":{"@id":"https:\/\/tourtravelandmore.com\/fr\/#organization"},"potentialAction":[{"@type":"SearchAction","target":{"@type":"EntryPoint","urlTemplate":"https:\/\/tourtravelandmore.com\/fr\/?s={search_term_string}"},"query-input":{"@type":"PropertyValueSpecification","valueRequired":true,"valueName":"search_term_string"}}],"inLanguage":"fr-FR"},{"@type":"Organization","@id":"https:\/\/tourtravelandmore.com\/fr\/#organization","name":"Tour Travel And More","url":"https:\/\/tourtravelandmore.com\/fr\/","logo":{"@type":"ImageObject","inLanguage":"fr-FR","@id":"https:\/\/tourtravelandmore.com\/fr\/#\/schema\/logo\/image\/","url":"https:\/\/tourtravelandmore.com\/wp-content\/uploads\/2022\/12\/cropped-logo-cabecera-new.png","contentUrl":"https:\/\/tourtravelandmore.com\/wp-content\/uploads\/2022\/12\/cropped-logo-cabecera-new.png","width":430,"height":61,"caption":"Tour Travel And More"},"image":{"@id":"https:\/\/tourtravelandmore.com\/fr\/#\/schema\/logo\/image\/"},"sameAs":["https:\/\/www.facebook.com\/tourtravelandmore\/","https:\/\/x.com\/TourTravel_More"]}]}},"_links":{"self":[{"href":"https:\/\/tourtravelandmore.com\/fr\/wp-json\/wp\/v2\/product\/100158","targetHints":{"allow":["GET"]}}],"collection":[{"href":"https:\/\/tourtravelandmore.com\/fr\/wp-json\/wp\/v2\/product"}],"about":[{"href":"https:\/\/tourtravelandmore.com\/fr\/wp-json\/wp\/v2\/types\/product"}],"replies":[{"embeddable":true,"href":"https:\/\/tourtravelandmore.com\/fr\/wp-json\/wp\/v2\/comments?post=100158"}],"wp:featuredmedia":[{"embeddable":true,"href":"https:\/\/tourtravelandmore.com\/fr\/wp-json\/wp\/v2\/media\/94185"}],"wp:attachment":[{"href":"https:\/\/tourtravelandmore.com\/fr\/wp-json\/wp\/v2\/media?parent=100158"}],"wp:term":[{"taxonomy":"product_brand","embeddable":true,"href":"https:\/\/tourtravelandmore.com\/fr\/wp-json\/wp\/v2\/product_brand?post=100158"},{"taxonomy":"product_cat","embeddable":true,"href":"https:\/\/tourtravelandmore.com\/fr\/wp-json\/wp\/v2\/product_cat?post=100158"},{"taxonomy":"product_tag","embeddable":true,"href":"https:\/\/tourtravelandmore.com\/fr\/wp-json\/wp\/v2\/product_tag?post=100158"}],"curies":[{"name":"wp","href":"https:\/\/api.w.org\/{rel}","templated":true}]}}