{"id":100148,"date":"2020-03-17T09:57:59","date_gmt":"2020-03-17T08:57:59","guid":{"rendered":"https:\/\/tourtravelandmore.com\/tours\/non class\u00e9\/transferts-prives-a-majorque\/"},"modified":"2020-03-17T09:57:59","modified_gmt":"2020-03-17T08:57:59","slug":"transferts-prives-a-majorque","status":"publish","type":"product","link":"https:\/\/tourtravelandmore.com\/fr\/tours\/espagne-fr\/mallorca-fr\/transferts-prives-a-majorque\/","title":{"rendered":"Transferts priv\u00e9s \u00e0 Majorque"},"content":{"rendered":"<h2>Description<\/h2>\n<p>Premi\u00e8rement, c&#8217;est l&#8217;un des services que nous proposons dans Tour Travel &amp; More pour les touristes voyageant \u00e0 Majorque, c&#8217;est le transfert vers n&#8217;importe quelle zone de l&#8217;\u00eele. C&#8217;est le meilleur moyen de se d\u00e9placer avec l&#8217;un de nos transferts priv\u00e9s \u00e0 Majorque. Nous pouvons m\u00eame venir vous chercher \u00e0 l&#8217;a\u00e9roport ou au port de croisi\u00e8re pour vous emmener \u00e0 l&#8217;h\u00f4tel.<\/p>\n<p>Il est \u00e0 noter que notre soci\u00e9t\u00e9 dispose d&#8217;une large flotte de v\u00e9hicules de luxe avec chauffeurs. Ils peuvent \u00eatre facilement adapt\u00e9s \u00e0 la taille de n&#8217;importe quel groupe. Cela comprend des visiteurs individuels aux couples ou aux familles en passant par un grand groupe de travailleurs d&#8217;une entreprise ou d&#8217;\u00e9quipes. Cela peut \u00eatre d&#8217;aller assister \u00e0 un congr\u00e8s dans n&#8217;importe quelle ville de la plus grande \u00eele de l&#8217;archipel des Bal\u00e9ares.<\/p>\n<p>D\u00e9sormais, si vous souhaitez faire du tourisme par vous-m\u00eame, nos chauffeurs vous emm\u00e8neront \u00e9galement dans n&#8217;importe quelle zone ou b\u00e2timent de Majorque. Vous pouvez coordonner avec eux l&#8217;heure \u00e0 laquelle vous souhaitez \u00eatre pris en charge, le lieu de rendez-vous ou m\u00eame les appeler en cas de changement de plan. L&#8217;\u00e9norme avantage que le chauffeur conna\u00eet tous les lieux d&#8217;int\u00e9r\u00eat de la r\u00e9gion que vous visitez et peut vous conseiller sur les endroits o\u00f9 manger, acheter ou simplement passer une bonne journ\u00e9e et peut m\u00eame vous proposer les visites de Tour Travel &amp; More.<\/p>\n<h2>Sites d&#8217;int\u00e9r\u00eat et monuments<\/h2>\n<p>Majorque est l&#8217;\u00eele la plus peupl\u00e9e de l&#8217;archipel des Bal\u00e9ares. C&#8217;est la capitale de cette province autonome. C&#8217;est \u00e9galement la deuxi\u00e8me \u00eele la plus peupl\u00e9e de toute l&#8217;Espagne. Le deuxi\u00e8me seulement \u00e0 Tenerife dans les \u00eeles Canaries. Le nombre exact d&#8217;habitants est de 896 038. Sa capitale est Palma de Majorque o\u00f9 se trouve pr\u00e8s de la moiti\u00e9 de tous ses habitants.<\/p>\n<p>En 2015, le magazine Times a catalogu\u00e9 l&#8217;\u00eele comme l&#8217;un des meilleurs endroits au monde o\u00f9 vivre. Cela doit \u00eatre vrai \u00e0 cause de toutes les r\u00e9gions d&#8217;Espagne, c&#8217;est \u00e0 Majorque que r\u00e9side l&#8217;un des pourcentages d&#8217;\u00e9trangers les plus \u00e9lev\u00e9s.<\/p>\n<p>C&#8217;est l&#8217;un de nos transferts priv\u00e9s \u00e0 Majorque pour vous emmener facilement d&#8217;un endroit \u00e0 un autre.<\/p>\n<p>D\u00e9couvrez nos visites priv\u00e9es de Majorque ici!<\/p>\n","protected":false},"excerpt":{"rendered":"<p>Transferts priv\u00e9s \u00e0 Majorque avec chauffeurs pour vous amener rapidement et confortablement \u00e0 l&#8217;emplacement de votre choix. Gare, a\u00e9roport, port de croisi\u00e8re ou tout autre endroit de l&#8217;\u00eele.<\/p>\n","protected":false},"featured_media":97334,"comment_status":"open","ping_status":"closed","template":"","meta":{"_acf_changed":false},"product_brand":[],"product_cat":[3634],"product_tag":[],"class_list":{"0":"post-100148","1":"product","2":"type-product","3":"status-publish","4":"has-post-thumbnail","6":"product_cat-mallorca-fr","8":"first","9":"instock","10":"shipping-taxable","11":"purchasable","12":"product-type-simple"},"acf":[],"yoast_head":"<!-- This site is optimized with the Yoast SEO Premium plugin v25.3.1 (Yoast SEO v25.3.1) - https:\/\/yoast.com\/wordpress\/plugins\/seo\/ -->\n<title>Transferts priv\u00e9s \u00e0 Majorque - V\u00e9hicule de luxe priv\u00e9 avec chauffeur<\/title>\n<meta name=\"description\" content=\"Transferts priv\u00e9s \u00e0 Majorque avec chauffeurs pour vous amener rapidement et confortablement \u00e0 l&#039;emplacement de votre choix. Gare ou a\u00e9roport.\" \/>\n<meta name=\"robots\" content=\"index, follow, max-snippet:-1, max-image-preview:large, max-video-preview:-1\" \/>\n<link rel=\"canonical\" href=\"https:\/\/tourtravelandmore.com\/fr\/tours\/espagne-fr\/mallorca-fr\/transferts-prives-a-majorque\/\" \/>\n<meta property=\"og:locale\" content=\"fr_FR\" \/>\n<meta property=\"og:type\" content=\"article\" \/>\n<meta property=\"og:title\" content=\"Transferts priv\u00e9s \u00e0 Majorque\" \/>\n<meta property=\"og:description\" content=\"Transferts priv\u00e9s \u00e0 Majorque avec chauffeurs pour vous amener rapidement et confortablement \u00e0 l&#039;emplacement de votre choix. Gare ou a\u00e9roport.\" \/>\n<meta property=\"og:url\" content=\"https:\/\/tourtravelandmore.com\/fr\/tours\/espagne-fr\/mallorca-fr\/transferts-prives-a-majorque\/\" \/>\n<meta property=\"og:site_name\" content=\"Tour Travel And More\" \/>\n<meta property=\"article:publisher\" content=\"https:\/\/www.facebook.com\/tourtravelandmore\/\" \/>\n<meta property=\"og:image\" content=\"https:\/\/tourtravelandmore.com\/wp-content\/uploads\/2020\/03\/auto-12.jpeg\" \/>\n\t<meta property=\"og:image:width\" content=\"750\" \/>\n\t<meta property=\"og:image:height\" content=\"400\" \/>\n\t<meta property=\"og:image:type\" content=\"image\/jpeg\" \/>\n<meta name=\"twitter:card\" content=\"summary_large_image\" \/>\n<meta name=\"twitter:site\" content=\"@TourTravel_More\" \/>\n<meta name=\"twitter:label1\" content=\"Dur\u00e9e de lecture estim\u00e9e\" \/>\n\t<meta name=\"twitter:data1\" content=\"2 minutes\" \/>\n<script type=\"application\/ld+json\" class=\"yoast-schema-graph\">{\"@context\":\"https:\/\/schema.org\",\"@graph\":[{\"@type\":\"WebPage\",\"@id\":\"https:\/\/tourtravelandmore.com\/fr\/tours\/espagne-fr\/mallorca-fr\/transferts-prives-a-majorque\/\",\"url\":\"https:\/\/tourtravelandmore.com\/fr\/tours\/espagne-fr\/mallorca-fr\/transferts-prives-a-majorque\/\",\"name\":\"Transferts priv\u00e9s \u00e0 Majorque - V\u00e9hicule de luxe priv\u00e9 avec chauffeur\",\"isPartOf\":{\"@id\":\"https:\/\/tourtravelandmore.com\/fr\/#website\"},\"primaryImageOfPage\":{\"@id\":\"https:\/\/tourtravelandmore.com\/fr\/tours\/espagne-fr\/mallorca-fr\/transferts-prives-a-majorque\/#primaryimage\"},\"image\":{\"@id\":\"https:\/\/tourtravelandmore.com\/fr\/tours\/espagne-fr\/mallorca-fr\/transferts-prives-a-majorque\/#primaryimage\"},\"thumbnailUrl\":\"https:\/\/tourtravelandmore.com\/wp-content\/uploads\/2020\/03\/auto-12.jpeg\",\"datePublished\":\"2020-03-17T08:57:59+00:00\",\"description\":\"Transferts priv\u00e9s \u00e0 Majorque avec chauffeurs pour vous amener rapidement et confortablement \u00e0 l'emplacement de votre choix. Gare ou a\u00e9roport.\",\"breadcrumb\":{\"@id\":\"https:\/\/tourtravelandmore.com\/fr\/tours\/espagne-fr\/mallorca-fr\/transferts-prives-a-majorque\/#breadcrumb\"},\"inLanguage\":\"fr-FR\",\"potentialAction\":[{\"@type\":\"ReadAction\",\"target\":[\"https:\/\/tourtravelandmore.com\/fr\/tours\/espagne-fr\/mallorca-fr\/transferts-prives-a-majorque\/\"]}]},{\"@type\":\"ImageObject\",\"inLanguage\":\"fr-FR\",\"@id\":\"https:\/\/tourtravelandmore.com\/fr\/tours\/espagne-fr\/mallorca-fr\/transferts-prives-a-majorque\/#primaryimage\",\"url\":\"https:\/\/tourtravelandmore.com\/wp-content\/uploads\/2020\/03\/auto-12.jpeg\",\"contentUrl\":\"https:\/\/tourtravelandmore.com\/wp-content\/uploads\/2020\/03\/auto-12.jpeg\",\"width\":750,\"height\":400},{\"@type\":\"BreadcrumbList\",\"@id\":\"https:\/\/tourtravelandmore.com\/fr\/tours\/espagne-fr\/mallorca-fr\/transferts-prives-a-majorque\/#breadcrumb\",\"itemListElement\":[{\"@type\":\"ListItem\",\"position\":1,\"name\":\"Home\",\"item\":\"https:\/\/tourtravelandmore.com\/fr\/\"},{\"@type\":\"ListItem\",\"position\":2,\"name\":\"Tours\",\"item\":\"https:\/\/tourtravelandmore.com\/fr\/tours\/\"},{\"@type\":\"ListItem\",\"position\":3,\"name\":\"Transferts priv\u00e9s \u00e0 Majorque\"}]},{\"@type\":\"WebSite\",\"@id\":\"https:\/\/tourtravelandmore.com\/fr\/#website\",\"url\":\"https:\/\/tourtravelandmore.com\/fr\/\",\"name\":\"Tour Travel And More\",\"description\":\"Private sightseeing tours and luxury transfers in Spain\",\"publisher\":{\"@id\":\"https:\/\/tourtravelandmore.com\/fr\/#organization\"},\"potentialAction\":[{\"@type\":\"SearchAction\",\"target\":{\"@type\":\"EntryPoint\",\"urlTemplate\":\"https:\/\/tourtravelandmore.com\/fr\/?s={search_term_string}\"},\"query-input\":{\"@type\":\"PropertyValueSpecification\",\"valueRequired\":true,\"valueName\":\"search_term_string\"}}],\"inLanguage\":\"fr-FR\"},{\"@type\":\"Organization\",\"@id\":\"https:\/\/tourtravelandmore.com\/fr\/#organization\",\"name\":\"Tour Travel And More\",\"url\":\"https:\/\/tourtravelandmore.com\/fr\/\",\"logo\":{\"@type\":\"ImageObject\",\"inLanguage\":\"fr-FR\",\"@id\":\"https:\/\/tourtravelandmore.com\/fr\/#\/schema\/logo\/image\/\",\"url\":\"https:\/\/tourtravelandmore.com\/wp-content\/uploads\/2022\/12\/cropped-logo-cabecera-new.png\",\"contentUrl\":\"https:\/\/tourtravelandmore.com\/wp-content\/uploads\/2022\/12\/cropped-logo-cabecera-new.png\",\"width\":430,\"height\":61,\"caption\":\"Tour Travel And More\"},\"image\":{\"@id\":\"https:\/\/tourtravelandmore.com\/fr\/#\/schema\/logo\/image\/\"},\"sameAs\":[\"https:\/\/www.facebook.com\/tourtravelandmore\/\",\"https:\/\/x.com\/TourTravel_More\"]}]}<\/script>\n<!-- \/ Yoast SEO Premium plugin. -->","yoast_head_json":{"title":"Transferts priv\u00e9s \u00e0 Majorque - V\u00e9hicule de luxe priv\u00e9 avec chauffeur","description":"Transferts priv\u00e9s \u00e0 Majorque avec chauffeurs pour vous amener rapidement et confortablement \u00e0 l'emplacement de votre choix. Gare ou a\u00e9roport.","robots":{"index":"index","follow":"follow","max-snippet":"max-snippet:-1","max-image-preview":"max-image-preview:large","max-video-preview":"max-video-preview:-1"},"canonical":"https:\/\/tourtravelandmore.com\/fr\/tours\/espagne-fr\/mallorca-fr\/transferts-prives-a-majorque\/","og_locale":"fr_FR","og_type":"article","og_title":"Transferts priv\u00e9s \u00e0 Majorque","og_description":"Transferts priv\u00e9s \u00e0 Majorque avec chauffeurs pour vous amener rapidement et confortablement \u00e0 l'emplacement de votre choix. Gare ou a\u00e9roport.","og_url":"https:\/\/tourtravelandmore.com\/fr\/tours\/espagne-fr\/mallorca-fr\/transferts-prives-a-majorque\/","og_site_name":"Tour Travel And More","article_publisher":"https:\/\/www.facebook.com\/tourtravelandmore\/","og_image":[{"width":750,"height":400,"url":"https:\/\/tourtravelandmore.com\/wp-content\/uploads\/2020\/03\/auto-12.jpeg","type":"image\/jpeg"}],"twitter_card":"summary_large_image","twitter_site":"@TourTravel_More","twitter_misc":{"Dur\u00e9e de lecture estim\u00e9e":"2 minutes"},"schema":{"@context":"https:\/\/schema.org","@graph":[{"@type":"WebPage","@id":"https:\/\/tourtravelandmore.com\/fr\/tours\/espagne-fr\/mallorca-fr\/transferts-prives-a-majorque\/","url":"https:\/\/tourtravelandmore.com\/fr\/tours\/espagne-fr\/mallorca-fr\/transferts-prives-a-majorque\/","name":"Transferts priv\u00e9s \u00e0 Majorque - V\u00e9hicule de luxe priv\u00e9 avec chauffeur","isPartOf":{"@id":"https:\/\/tourtravelandmore.com\/fr\/#website"},"primaryImageOfPage":{"@id":"https:\/\/tourtravelandmore.com\/fr\/tours\/espagne-fr\/mallorca-fr\/transferts-prives-a-majorque\/#primaryimage"},"image":{"@id":"https:\/\/tourtravelandmore.com\/fr\/tours\/espagne-fr\/mallorca-fr\/transferts-prives-a-majorque\/#primaryimage"},"thumbnailUrl":"https:\/\/tourtravelandmore.com\/wp-content\/uploads\/2020\/03\/auto-12.jpeg","datePublished":"2020-03-17T08:57:59+00:00","description":"Transferts priv\u00e9s \u00e0 Majorque avec chauffeurs pour vous amener rapidement et confortablement \u00e0 l'emplacement de votre choix. Gare ou a\u00e9roport.","breadcrumb":{"@id":"https:\/\/tourtravelandmore.com\/fr\/tours\/espagne-fr\/mallorca-fr\/transferts-prives-a-majorque\/#breadcrumb"},"inLanguage":"fr-FR","potentialAction":[{"@type":"ReadAction","target":["https:\/\/tourtravelandmore.com\/fr\/tours\/espagne-fr\/mallorca-fr\/transferts-prives-a-majorque\/"]}]},{"@type":"ImageObject","inLanguage":"fr-FR","@id":"https:\/\/tourtravelandmore.com\/fr\/tours\/espagne-fr\/mallorca-fr\/transferts-prives-a-majorque\/#primaryimage","url":"https:\/\/tourtravelandmore.com\/wp-content\/uploads\/2020\/03\/auto-12.jpeg","contentUrl":"https:\/\/tourtravelandmore.com\/wp-content\/uploads\/2020\/03\/auto-12.jpeg","width":750,"height":400},{"@type":"BreadcrumbList","@id":"https:\/\/tourtravelandmore.com\/fr\/tours\/espagne-fr\/mallorca-fr\/transferts-prives-a-majorque\/#breadcrumb","itemListElement":[{"@type":"ListItem","position":1,"name":"Home","item":"https:\/\/tourtravelandmore.com\/fr\/"},{"@type":"ListItem","position":2,"name":"Tours","item":"https:\/\/tourtravelandmore.com\/fr\/tours\/"},{"@type":"ListItem","position":3,"name":"Transferts priv\u00e9s \u00e0 Majorque"}]},{"@type":"WebSite","@id":"https:\/\/tourtravelandmore.com\/fr\/#website","url":"https:\/\/tourtravelandmore.com\/fr\/","name":"Tour Travel And More","description":"Private sightseeing tours and luxury transfers in Spain","publisher":{"@id":"https:\/\/tourtravelandmore.com\/fr\/#organization"},"potentialAction":[{"@type":"SearchAction","target":{"@type":"EntryPoint","urlTemplate":"https:\/\/tourtravelandmore.com\/fr\/?s={search_term_string}"},"query-input":{"@type":"PropertyValueSpecification","valueRequired":true,"valueName":"search_term_string"}}],"inLanguage":"fr-FR"},{"@type":"Organization","@id":"https:\/\/tourtravelandmore.com\/fr\/#organization","name":"Tour Travel And More","url":"https:\/\/tourtravelandmore.com\/fr\/","logo":{"@type":"ImageObject","inLanguage":"fr-FR","@id":"https:\/\/tourtravelandmore.com\/fr\/#\/schema\/logo\/image\/","url":"https:\/\/tourtravelandmore.com\/wp-content\/uploads\/2022\/12\/cropped-logo-cabecera-new.png","contentUrl":"https:\/\/tourtravelandmore.com\/wp-content\/uploads\/2022\/12\/cropped-logo-cabecera-new.png","width":430,"height":61,"caption":"Tour Travel And More"},"image":{"@id":"https:\/\/tourtravelandmore.com\/fr\/#\/schema\/logo\/image\/"},"sameAs":["https:\/\/www.facebook.com\/tourtravelandmore\/","https:\/\/x.com\/TourTravel_More"]}]}},"_links":{"self":[{"href":"https:\/\/tourtravelandmore.com\/fr\/wp-json\/wp\/v2\/product\/100148","targetHints":{"allow":["GET"]}}],"collection":[{"href":"https:\/\/tourtravelandmore.com\/fr\/wp-json\/wp\/v2\/product"}],"about":[{"href":"https:\/\/tourtravelandmore.com\/fr\/wp-json\/wp\/v2\/types\/product"}],"replies":[{"embeddable":true,"href":"https:\/\/tourtravelandmore.com\/fr\/wp-json\/wp\/v2\/comments?post=100148"}],"wp:featuredmedia":[{"embeddable":true,"href":"https:\/\/tourtravelandmore.com\/fr\/wp-json\/wp\/v2\/media\/97334"}],"wp:attachment":[{"href":"https:\/\/tourtravelandmore.com\/fr\/wp-json\/wp\/v2\/media?parent=100148"}],"wp:term":[{"taxonomy":"product_brand","embeddable":true,"href":"https:\/\/tourtravelandmore.com\/fr\/wp-json\/wp\/v2\/product_brand?post=100148"},{"taxonomy":"product_cat","embeddable":true,"href":"https:\/\/tourtravelandmore.com\/fr\/wp-json\/wp\/v2\/product_cat?post=100148"},{"taxonomy":"product_tag","embeddable":true,"href":"https:\/\/tourtravelandmore.com\/fr\/wp-json\/wp\/v2\/product_tag?post=100148"}],"curies":[{"name":"wp","href":"https:\/\/api.w.org\/{rel}","templated":true}]}}