{"id":100143,"date":"2020-03-17T09:45:48","date_gmt":"2020-03-17T08:45:48","guid":{"rendered":"https:\/\/tourtravelandmore.com\/tours\/non%20class\u00e9\/visite-privee-de-majorque\/"},"modified":"2023-11-15T19:50:04","modified_gmt":"2023-11-15T18:50:04","slug":"visite-privee-de-majorque","status":"publish","type":"product","link":"https:\/\/tourtravelandmore.com\/fr\/tours\/espagne-fr\/mallorca-fr\/visite-privee-de-majorque\/","title":{"rendered":"Visite priv\u00e9e de Palma de Majorque, Valldemosa et Soller depuis le port de croisi\u00e8re de Majorque"},"content":{"rendered":"<h2>Description<\/h2>\n<p>Embarquez pour un voyage exclusif de 8 heures avec notre visite priv\u00e9e de Palma de Majorque, Valldemosa et Soller. Que vous arriviez par le port de croisi\u00e8re ou que vous s\u00e9journiez \u00e0 l&#8217;h\u00f4tel, l&#8217;\u00e9quipe de Tour Travel &amp; More est pr\u00eate \u00e0 venir vous chercher n&#8217;importe o\u00f9 sur l&#8217;\u00eele enchanteresse de Majorque, pour vous garantir une exp\u00e9rience transparente et inoubliable.<\/p>\n<p>Votre guide priv\u00e9 bilingue, qui conna\u00eet bien l&#8217;histoire et la culture de la r\u00e9gion, vous accompagnera tout au long de l&#8217;excursion, vous donnera des conseils et r\u00e9pondra \u00e0 toutes vos questions. Avec un chauffeur attitr\u00e9 et un v\u00e9hicule luxueux adapt\u00e9 \u00e0 la taille de votre groupe, vous avez la possibilit\u00e9 de personnaliser votre itin\u00e9raire et d&#8217;organiser la journ\u00e9e en fonction de vos pr\u00e9f\u00e9rences.<\/p>\n<h2>Sites d&#8217;int\u00e9r\u00eat et monuments<\/h2>\n<p>L&#8217;aventure commence par une prise en charge rapide \u00e0 l&#8217;endroit d\u00e9sign\u00e9, qu&#8217;il s&#8217;agisse du port de croisi\u00e8re ou de votre h\u00f4tel. Votre chauffeur, aux commandes d&#8217;un v\u00e9hicule de luxe, vous transportera confortablement jusqu&#8217;\u00e0 Palma de Majorque, la vibrante capitale des \u00eeles Bal\u00e9ares.<\/p>\n<p>Palma de Majorque : Votre premi\u00e8re \u00e9tape est l&#8217;impressionnante cath\u00e9drale de Santa Maria. Gr\u00e2ce \u00e0 des billets d&#8217;entr\u00e9e pr\u00e9\u00e9tablis, vous \u00e9viterez les files d&#8217;attente et d\u00e9couvrirez les secrets de cette magnifique structure gothique. Votre guide vous racontera des histoires captivantes et vous d\u00e9voilera les raisons de son emplacement strat\u00e9gique.<\/p>\n<p>Adjacent \u00e0 la cath\u00e9drale, le palais royal de l&#8217;Almudaina, charg\u00e9 d&#8217;histoire royale, vous attend. Votre guide vous racontera les histoires des monarques et vous d\u00e9voilera la riche histoire de ce palais embl\u00e9matique.<\/p>\n<p>Une courte promenade vous m\u00e8nera \u00e0 l&#8217;h\u00f4tel de ville historique de Majorque, un b\u00e2timent au pass\u00e9 charg\u00e9 d&#8217;histoire et \u00e0 la beaut\u00e9 architecturale in\u00e9gal\u00e9e. La place principale, qui symbolise le centre de la ville, offre plusieurs possibilit\u00e9s d&#8217;exploration.<\/p>\n<p>Valldemosa et Soller : Aventurez-vous au-del\u00e0 de Palma dans les villages pittoresques de Valldemosa et de Soller, chacun avec son charme unique. D\u00e9couvrez la richesse culturelle de Valldemosa, caract\u00e9ris\u00e9e par son monast\u00e8re historique et ses rues pittoresques. \u00c0 Soller, entour\u00e9 de montagnes et de plantations d&#8217;agrumes, vous d\u00e9couvrirez le style de vie m\u00e9diterran\u00e9en d\u00e9contract\u00e9.<\/p>\n<p>Au fur et \u00e0 mesure que vous concevez votre exp\u00e9rience, pensez \u00e0 d\u00e9couvrir la cuisine locale ou \u00e0 savourer les vues panoramiques. La journ\u00e9e est \u00e0 vous, ce qui vous garantit une visite exclusive et personnalis\u00e9e de Palma de Majorque, Valldemosa et Soller.<\/p>\n<p>Jetez un \u0153il aux autres circuits que nous proposons \u00e0 Majorque.<\/p>\n","protected":false},"excerpt":{"rendered":"<p>Embarquez pour un voyage exclusif de 8 heures avec notre visite priv\u00e9e de Palma de Majorque, Valldemosa et Soller. Que vous arriviez par le port de croisi\u00e8re ou que vous s\u00e9journiez \u00e0 l&#8217;h\u00f4tel, l&#8217;\u00e9quipe de Tour Travel &amp; More est pr\u00eate \u00e0 venir vous chercher n&#8217;importe o\u00f9 sur l&#8217;\u00eele enchanteresse de Majorque, pour vous garantir une exp\u00e9rience transparente et inoubliable.<\/p>\n","protected":false},"featured_media":97331,"comment_status":"open","ping_status":"closed","template":"","meta":{"_acf_changed":false},"product_brand":[],"product_cat":[4472,4474,3634],"product_tag":[],"class_list":{"0":"post-100143","1":"product","2":"type-product","3":"status-publish","4":"has-post-thumbnail","6":"product_cat-all-private-tours-activities-fr-23","7":"product_cat-private-sightseeing-tours-fr-25","8":"product_cat-mallorca-fr","10":"first","11":"instock","12":"shipping-taxable","13":"purchasable","14":"product-type-simple"},"acf":[],"yoast_head":"<!-- This site is optimized with the Yoast SEO Premium plugin v25.3.1 (Yoast SEO v25.3.1) - https:\/\/yoast.com\/wordpress\/plugins\/seo\/ -->\n<title>\u27a1\ufe0fPrivate Visite de Palma de Majorque, Valldemosa et Soller - TTM<\/title>\n<meta name=\"description\" content=\"Visite priv\u00e9e d&#039;une journ\u00e9e compl\u00e8te de Majorque. Visite priv\u00e9e de Majorque. D\u00e9couvrez les sites les plus importants de l&#039;\u00eele avec votre chauffeur priv\u00e9 et votre guide officiel.\" \/>\n<meta name=\"robots\" content=\"index, follow, max-snippet:-1, max-image-preview:large, max-video-preview:-1\" \/>\n<link rel=\"canonical\" href=\"https:\/\/tourtravelandmore.com\/fr\/tours\/espagne-fr\/mallorca-fr\/visite-privee-de-majorque\/\" \/>\n<meta property=\"og:locale\" content=\"fr_FR\" \/>\n<meta property=\"og:type\" content=\"article\" \/>\n<meta property=\"og:title\" content=\"Visite priv\u00e9e de Palma de Majorque, Valldemosa et Soller depuis le port de croisi\u00e8re de Majorque\" \/>\n<meta property=\"og:description\" content=\"Visite priv\u00e9e d&#039;une journ\u00e9e compl\u00e8te de Majorque. Visite priv\u00e9e de Majorque. D\u00e9couvrez les sites les plus importants de l&#039;\u00eele avec votre chauffeur priv\u00e9 et votre guide officiel.\" \/>\n<meta property=\"og:url\" content=\"https:\/\/tourtravelandmore.com\/fr\/tours\/espagne-fr\/mallorca-fr\/visite-privee-de-majorque\/\" \/>\n<meta property=\"og:site_name\" content=\"Tour Travel And More\" \/>\n<meta property=\"article:publisher\" content=\"https:\/\/www.facebook.com\/tourtravelandmore\/\" \/>\n<meta property=\"article:modified_time\" content=\"2023-11-15T18:50:04+00:00\" \/>\n<meta property=\"og:image\" content=\"https:\/\/tourtravelandmore.com\/wp-content\/uploads\/2020\/03\/mallorca-1.3.jpg\" \/>\n\t<meta property=\"og:image:width\" content=\"615\" \/>\n\t<meta property=\"og:image:height\" content=\"410\" \/>\n\t<meta property=\"og:image:type\" content=\"image\/jpeg\" \/>\n<meta name=\"twitter:card\" content=\"summary_large_image\" \/>\n<meta name=\"twitter:site\" content=\"@TourTravel_More\" \/>\n<meta name=\"twitter:label1\" content=\"Dur\u00e9e de lecture estim\u00e9e\" \/>\n\t<meta name=\"twitter:data1\" content=\"2 minutes\" \/>\n<script type=\"application\/ld+json\" class=\"yoast-schema-graph\">{\"@context\":\"https:\/\/schema.org\",\"@graph\":[{\"@type\":\"WebPage\",\"@id\":\"https:\/\/tourtravelandmore.com\/fr\/tours\/espagne-fr\/mallorca-fr\/visite-privee-de-majorque\/\",\"url\":\"https:\/\/tourtravelandmore.com\/fr\/tours\/espagne-fr\/mallorca-fr\/visite-privee-de-majorque\/\",\"name\":\"\u27a1\ufe0fPrivate Visite de Palma de Majorque, Valldemosa et Soller - TTM\",\"isPartOf\":{\"@id\":\"https:\/\/tourtravelandmore.com\/fr\/#website\"},\"primaryImageOfPage\":{\"@id\":\"https:\/\/tourtravelandmore.com\/fr\/tours\/espagne-fr\/mallorca-fr\/visite-privee-de-majorque\/#primaryimage\"},\"image\":{\"@id\":\"https:\/\/tourtravelandmore.com\/fr\/tours\/espagne-fr\/mallorca-fr\/visite-privee-de-majorque\/#primaryimage\"},\"thumbnailUrl\":\"https:\/\/tourtravelandmore.com\/wp-content\/uploads\/2020\/03\/mallorca-1.3.jpg\",\"datePublished\":\"2020-03-17T08:45:48+00:00\",\"dateModified\":\"2023-11-15T18:50:04+00:00\",\"description\":\"Visite priv\u00e9e d'une journ\u00e9e compl\u00e8te de Majorque. Visite priv\u00e9e de Majorque. D\u00e9couvrez les sites les plus importants de l'\u00eele avec votre chauffeur priv\u00e9 et votre guide officiel.\",\"breadcrumb\":{\"@id\":\"https:\/\/tourtravelandmore.com\/fr\/tours\/espagne-fr\/mallorca-fr\/visite-privee-de-majorque\/#breadcrumb\"},\"inLanguage\":\"fr-FR\",\"potentialAction\":[{\"@type\":\"ReadAction\",\"target\":[\"https:\/\/tourtravelandmore.com\/fr\/tours\/espagne-fr\/mallorca-fr\/visite-privee-de-majorque\/\"]}]},{\"@type\":\"ImageObject\",\"inLanguage\":\"fr-FR\",\"@id\":\"https:\/\/tourtravelandmore.com\/fr\/tours\/espagne-fr\/mallorca-fr\/visite-privee-de-majorque\/#primaryimage\",\"url\":\"https:\/\/tourtravelandmore.com\/wp-content\/uploads\/2020\/03\/mallorca-1.3.jpg\",\"contentUrl\":\"https:\/\/tourtravelandmore.com\/wp-content\/uploads\/2020\/03\/mallorca-1.3.jpg\",\"width\":615,\"height\":410},{\"@type\":\"BreadcrumbList\",\"@id\":\"https:\/\/tourtravelandmore.com\/fr\/tours\/espagne-fr\/mallorca-fr\/visite-privee-de-majorque\/#breadcrumb\",\"itemListElement\":[{\"@type\":\"ListItem\",\"position\":1,\"name\":\"Home\",\"item\":\"https:\/\/tourtravelandmore.com\/fr\/\"},{\"@type\":\"ListItem\",\"position\":2,\"name\":\"Tours\",\"item\":\"https:\/\/tourtravelandmore.com\/fr\/tours\/\"},{\"@type\":\"ListItem\",\"position\":3,\"name\":\"Visite priv\u00e9e de Palma de Majorque, Valldemosa et Soller depuis le port de croisi\u00e8re de Majorque\"}]},{\"@type\":\"WebSite\",\"@id\":\"https:\/\/tourtravelandmore.com\/fr\/#website\",\"url\":\"https:\/\/tourtravelandmore.com\/fr\/\",\"name\":\"Tour Travel And More\",\"description\":\"Private sightseeing tours and luxury transfers in Spain\",\"publisher\":{\"@id\":\"https:\/\/tourtravelandmore.com\/fr\/#organization\"},\"potentialAction\":[{\"@type\":\"SearchAction\",\"target\":{\"@type\":\"EntryPoint\",\"urlTemplate\":\"https:\/\/tourtravelandmore.com\/fr\/?s={search_term_string}\"},\"query-input\":{\"@type\":\"PropertyValueSpecification\",\"valueRequired\":true,\"valueName\":\"search_term_string\"}}],\"inLanguage\":\"fr-FR\"},{\"@type\":\"Organization\",\"@id\":\"https:\/\/tourtravelandmore.com\/fr\/#organization\",\"name\":\"Tour Travel And More\",\"url\":\"https:\/\/tourtravelandmore.com\/fr\/\",\"logo\":{\"@type\":\"ImageObject\",\"inLanguage\":\"fr-FR\",\"@id\":\"https:\/\/tourtravelandmore.com\/fr\/#\/schema\/logo\/image\/\",\"url\":\"https:\/\/tourtravelandmore.com\/wp-content\/uploads\/2022\/12\/cropped-logo-cabecera-new.png\",\"contentUrl\":\"https:\/\/tourtravelandmore.com\/wp-content\/uploads\/2022\/12\/cropped-logo-cabecera-new.png\",\"width\":430,\"height\":61,\"caption\":\"Tour Travel And More\"},\"image\":{\"@id\":\"https:\/\/tourtravelandmore.com\/fr\/#\/schema\/logo\/image\/\"},\"sameAs\":[\"https:\/\/www.facebook.com\/tourtravelandmore\/\",\"https:\/\/x.com\/TourTravel_More\"]}]}<\/script>\n<!-- \/ Yoast SEO Premium plugin. -->","yoast_head_json":{"title":"\u27a1\ufe0fPrivate Visite de Palma de Majorque, Valldemosa et Soller - TTM","description":"Visite priv\u00e9e d'une journ\u00e9e compl\u00e8te de Majorque. Visite priv\u00e9e de Majorque. D\u00e9couvrez les sites les plus importants de l'\u00eele avec votre chauffeur priv\u00e9 et votre guide officiel.","robots":{"index":"index","follow":"follow","max-snippet":"max-snippet:-1","max-image-preview":"max-image-preview:large","max-video-preview":"max-video-preview:-1"},"canonical":"https:\/\/tourtravelandmore.com\/fr\/tours\/espagne-fr\/mallorca-fr\/visite-privee-de-majorque\/","og_locale":"fr_FR","og_type":"article","og_title":"Visite priv\u00e9e de Palma de Majorque, Valldemosa et Soller depuis le port de croisi\u00e8re de Majorque","og_description":"Visite priv\u00e9e d'une journ\u00e9e compl\u00e8te de Majorque. Visite priv\u00e9e de Majorque. D\u00e9couvrez les sites les plus importants de l'\u00eele avec votre chauffeur priv\u00e9 et votre guide officiel.","og_url":"https:\/\/tourtravelandmore.com\/fr\/tours\/espagne-fr\/mallorca-fr\/visite-privee-de-majorque\/","og_site_name":"Tour Travel And More","article_publisher":"https:\/\/www.facebook.com\/tourtravelandmore\/","article_modified_time":"2023-11-15T18:50:04+00:00","og_image":[{"width":615,"height":410,"url":"https:\/\/tourtravelandmore.com\/wp-content\/uploads\/2020\/03\/mallorca-1.3.jpg","type":"image\/jpeg"}],"twitter_card":"summary_large_image","twitter_site":"@TourTravel_More","twitter_misc":{"Dur\u00e9e de lecture estim\u00e9e":"2 minutes"},"schema":{"@context":"https:\/\/schema.org","@graph":[{"@type":"WebPage","@id":"https:\/\/tourtravelandmore.com\/fr\/tours\/espagne-fr\/mallorca-fr\/visite-privee-de-majorque\/","url":"https:\/\/tourtravelandmore.com\/fr\/tours\/espagne-fr\/mallorca-fr\/visite-privee-de-majorque\/","name":"\u27a1\ufe0fPrivate Visite de Palma de Majorque, Valldemosa et Soller - TTM","isPartOf":{"@id":"https:\/\/tourtravelandmore.com\/fr\/#website"},"primaryImageOfPage":{"@id":"https:\/\/tourtravelandmore.com\/fr\/tours\/espagne-fr\/mallorca-fr\/visite-privee-de-majorque\/#primaryimage"},"image":{"@id":"https:\/\/tourtravelandmore.com\/fr\/tours\/espagne-fr\/mallorca-fr\/visite-privee-de-majorque\/#primaryimage"},"thumbnailUrl":"https:\/\/tourtravelandmore.com\/wp-content\/uploads\/2020\/03\/mallorca-1.3.jpg","datePublished":"2020-03-17T08:45:48+00:00","dateModified":"2023-11-15T18:50:04+00:00","description":"Visite priv\u00e9e d'une journ\u00e9e compl\u00e8te de Majorque. Visite priv\u00e9e de Majorque. D\u00e9couvrez les sites les plus importants de l'\u00eele avec votre chauffeur priv\u00e9 et votre guide officiel.","breadcrumb":{"@id":"https:\/\/tourtravelandmore.com\/fr\/tours\/espagne-fr\/mallorca-fr\/visite-privee-de-majorque\/#breadcrumb"},"inLanguage":"fr-FR","potentialAction":[{"@type":"ReadAction","target":["https:\/\/tourtravelandmore.com\/fr\/tours\/espagne-fr\/mallorca-fr\/visite-privee-de-majorque\/"]}]},{"@type":"ImageObject","inLanguage":"fr-FR","@id":"https:\/\/tourtravelandmore.com\/fr\/tours\/espagne-fr\/mallorca-fr\/visite-privee-de-majorque\/#primaryimage","url":"https:\/\/tourtravelandmore.com\/wp-content\/uploads\/2020\/03\/mallorca-1.3.jpg","contentUrl":"https:\/\/tourtravelandmore.com\/wp-content\/uploads\/2020\/03\/mallorca-1.3.jpg","width":615,"height":410},{"@type":"BreadcrumbList","@id":"https:\/\/tourtravelandmore.com\/fr\/tours\/espagne-fr\/mallorca-fr\/visite-privee-de-majorque\/#breadcrumb","itemListElement":[{"@type":"ListItem","position":1,"name":"Home","item":"https:\/\/tourtravelandmore.com\/fr\/"},{"@type":"ListItem","position":2,"name":"Tours","item":"https:\/\/tourtravelandmore.com\/fr\/tours\/"},{"@type":"ListItem","position":3,"name":"Visite priv\u00e9e de Palma de Majorque, Valldemosa et Soller depuis le port de croisi\u00e8re de Majorque"}]},{"@type":"WebSite","@id":"https:\/\/tourtravelandmore.com\/fr\/#website","url":"https:\/\/tourtravelandmore.com\/fr\/","name":"Tour Travel And More","description":"Private sightseeing tours and luxury transfers in Spain","publisher":{"@id":"https:\/\/tourtravelandmore.com\/fr\/#organization"},"potentialAction":[{"@type":"SearchAction","target":{"@type":"EntryPoint","urlTemplate":"https:\/\/tourtravelandmore.com\/fr\/?s={search_term_string}"},"query-input":{"@type":"PropertyValueSpecification","valueRequired":true,"valueName":"search_term_string"}}],"inLanguage":"fr-FR"},{"@type":"Organization","@id":"https:\/\/tourtravelandmore.com\/fr\/#organization","name":"Tour Travel And More","url":"https:\/\/tourtravelandmore.com\/fr\/","logo":{"@type":"ImageObject","inLanguage":"fr-FR","@id":"https:\/\/tourtravelandmore.com\/fr\/#\/schema\/logo\/image\/","url":"https:\/\/tourtravelandmore.com\/wp-content\/uploads\/2022\/12\/cropped-logo-cabecera-new.png","contentUrl":"https:\/\/tourtravelandmore.com\/wp-content\/uploads\/2022\/12\/cropped-logo-cabecera-new.png","width":430,"height":61,"caption":"Tour Travel And More"},"image":{"@id":"https:\/\/tourtravelandmore.com\/fr\/#\/schema\/logo\/image\/"},"sameAs":["https:\/\/www.facebook.com\/tourtravelandmore\/","https:\/\/x.com\/TourTravel_More"]}]}},"_links":{"self":[{"href":"https:\/\/tourtravelandmore.com\/fr\/wp-json\/wp\/v2\/product\/100143","targetHints":{"allow":["GET"]}}],"collection":[{"href":"https:\/\/tourtravelandmore.com\/fr\/wp-json\/wp\/v2\/product"}],"about":[{"href":"https:\/\/tourtravelandmore.com\/fr\/wp-json\/wp\/v2\/types\/product"}],"replies":[{"embeddable":true,"href":"https:\/\/tourtravelandmore.com\/fr\/wp-json\/wp\/v2\/comments?post=100143"}],"wp:featuredmedia":[{"embeddable":true,"href":"https:\/\/tourtravelandmore.com\/fr\/wp-json\/wp\/v2\/media\/97331"}],"wp:attachment":[{"href":"https:\/\/tourtravelandmore.com\/fr\/wp-json\/wp\/v2\/media?parent=100143"}],"wp:term":[{"taxonomy":"product_brand","embeddable":true,"href":"https:\/\/tourtravelandmore.com\/fr\/wp-json\/wp\/v2\/product_brand?post=100143"},{"taxonomy":"product_cat","embeddable":true,"href":"https:\/\/tourtravelandmore.com\/fr\/wp-json\/wp\/v2\/product_cat?post=100143"},{"taxonomy":"product_tag","embeddable":true,"href":"https:\/\/tourtravelandmore.com\/fr\/wp-json\/wp\/v2\/product_tag?post=100143"}],"curies":[{"name":"wp","href":"https:\/\/api.w.org\/{rel}","templated":true}]}}