{"id":100138,"date":"2020-03-17T09:31:30","date_gmt":"2020-03-17T08:31:30","guid":{"rendered":"https:\/\/tourtravelandmore.com\/tours\/non%20class\u00e9\/visite-privee-de-palma-de-majorque-et-valldemossa\/"},"modified":"2023-10-09T21:02:30","modified_gmt":"2023-10-09T19:02:30","slug":"visite-privee-de-palma-de-majorque-et-valldemossa","status":"publish","type":"product","link":"https:\/\/tourtravelandmore.com\/fr\/tours\/espagne-fr\/mallorca-fr\/visite-privee-de-palma-de-majorque-et-valldemossa\/","title":{"rendered":"Visite priv\u00e9e de Palma de Majorque et Valldemossa"},"content":{"rendered":"<h2>Description<\/h2>\n<p>La visite priv\u00e9e de 5 heures de Palma de Majorque et Valldemossa. C&#8217;est l&#8217;une des plus belles balades que nous puissions proposer \u00e0 nos clients. Ceci est notre visite priv\u00e9e de Palma de Majorque et Valldemossa. Il s&#8217;agit d&#8217;explorer le m\u00eame jour les deux grands joyaux de l&#8217;\u00eele principale. Dans la premi\u00e8re destination, vous d\u00e9couvrirez la gr\u00e2ce et la beaut\u00e9 de sa capitale, mais dans la seconde, vous traverserez la Serra de Tramuntana. C&#8217;est une cha\u00eene de montagnes qui, pour sa beaut\u00e9, a \u00e9t\u00e9 d\u00e9clar\u00e9e patrimoine de l&#8217;humanit\u00e9 par l&#8217;UNESCO. C&#8217;est l\u00e0 que se trouve la ville de Valldemossa.<\/p>\n<p>Tout au long de cette visite, vous aurez un v\u00e9hicule de luxe et un chauffeur qui viendront vous chercher \u00e0 l&#8217;endroit de votre choix. Nous vous emm\u00e8nerons parcourir les rues de l&#8217;\u00eele. Vous pourrez profiter des lieux embl\u00e9matiques de chacune des villes \u00e0 visiter. De plus, vous compterez \u00e9galement sur la compagnie d&#8217;un guide priv\u00e9 bilingue. Votre guide est capable de d\u00e9voiler les secrets les plus importants et les plus \u00e9tonnants qui gardent ces r\u00e9gions de Majorque.<\/p>\n<h2>Sites d&#8217;int\u00e9r\u00eat et monuments<\/h2>\n<p>D\u00e8s que nous venons vous chercher \u00e0 votre h\u00f4tel ou lieu de votre choix, nous nous dirigerons vers la capitale de l&#8217;\u00eele. Nous commencerons ensuite cette visite priv\u00e9e de Palma de Majorque et Valldemossa. Palma de Majorque regorge d&#8217;impressionnants b\u00e2timents gothiques tels que la cath\u00e9drale de Santa Maria. Il ressemble \u00e0 un bateau nich\u00e9 sur les rives de la mer. Aussi le palais royal de l&#8217;Almudaina ou le ch\u00e2teau de Bellver.<\/p>\n<p>Vous aurez \u00e9galement l&#8217;occasion de visiter le quartier populaire de Jaime III. L&#8217;une des principales zones commer\u00e7antes de l&#8217;\u00eele, o\u00f9 vous pouvez effectuer les achats de souvenirs habituels. Laissez-vous surprendre par l&#8217;architecture et l&#8217;artisanat de la r\u00e9gion.<\/p>\n<p>Une fois vos achats termin\u00e9s, ce sera le bon moment pour prendre la route de la ville de Valldemossa. C&#8217;est une ville pittoresque qui a \u00e9t\u00e9 un refuge pour de nombreux artistes. Le plus connu \u00e9tait le compositeur classique Chopin.<\/p>\n<p>Dans cette deuxi\u00e8me partie de la visite, nous visiterons le monast\u00e8re La Cartuja, l&#8217;\u00e9glise de Valldemossa, le palais du roi Sancho. Ceci est mieux connu comme la Cartuja royale de Valldemossa. Bien s\u00fbr, nous ne pouvions pas manquer l&#8217;ancienne pharmacie du lieu. Vous aurez suffisamment de temps pour fl\u00e2ner dans ses rues pav\u00e9es. Profitez d&#8217;un repas sur place afin de d\u00e9guster la cuisine locale juste avant de retourner \u00e0 votre h\u00f4tel.<\/p>\n<h4>Informations suppl\u00e9mentaires sur Palma et Valldemossa<\/h4>\n<p>Valldemossa est la ville la plus haute de toute l&#8217;\u00eele de Majorque, elle est \u00e0 environ 420 m\u00e8tres d&#8217;altitude, c&#8217;est l&#8217;un des villages les plus beaux et pittoresques de la place, \u00e0 tel point que ses maisons en pierre semblent avoir \u00e9t\u00e9 construites pour cr\u00e9er le paysage idyllique d&#8217;une carte postale.<\/p>\n<p>Quant \u00e0 la ville de Palma, c&#8217;est l&#8217;un des rares ch\u00e2teaux ronds au monde, on parle bien s\u00fbr du Castell de Bellver situ\u00e9 \u00e0 quelques m\u00e8tres de la baie de la ville et dont la plante d\u00e9crit un cercle parfait.<\/p>\n<p>D\u00e9couvrez nos visites priv\u00e9es \u00e0 Palma de Majorque et sur l&#8217;\u00eele!<\/p>\n","protected":false},"excerpt":{"rendered":"<p>Visite priv\u00e9e de Palma de Majorque et Valldemossa. D\u00e9couvrez la magnifique r\u00e9gion de l&#8217;\u00eele des Bal\u00e9ares avec votre guide officiel priv\u00e9 et chauffeur dans un v\u00e9hicule de luxe.<\/p>\n","protected":false},"featured_media":97335,"comment_status":"open","ping_status":"closed","template":"","meta":{"_acf_changed":false},"product_brand":[],"product_cat":[4472,4474,3634],"product_tag":[],"class_list":{"0":"post-100138","1":"product","2":"type-product","3":"status-publish","4":"has-post-thumbnail","6":"product_cat-all-private-tours-activities-fr-23","7":"product_cat-private-sightseeing-tours-fr-25","8":"product_cat-mallorca-fr","10":"first","11":"instock","12":"shipping-taxable","13":"purchasable","14":"product-type-simple"},"acf":[],"yoast_head":"<!-- This site is optimized with the Yoast SEO Premium plugin v25.3.1 (Yoast SEO v25.3.1) - https:\/\/yoast.com\/wordpress\/plugins\/seo\/ -->\n<title>Visite priv\u00e9e de Palma de Majorque et Valldemossa - Guide officiel priv\u00e9<\/title>\n<meta name=\"description\" content=\"Visite priv\u00e9e de Palma de Majorque et Valldemossa. D\u00e9couvrez la merveilleuse r\u00e9gion de l&#039;\u00eele des Bal\u00e9ares avec votre guide et chauffeur priv\u00e9 officiel.\" \/>\n<meta name=\"robots\" content=\"index, follow, max-snippet:-1, max-image-preview:large, max-video-preview:-1\" \/>\n<link rel=\"canonical\" href=\"https:\/\/tourtravelandmore.com\/fr\/tours\/espagne-fr\/mallorca-fr\/visite-privee-de-palma-de-majorque-et-valldemossa\/\" \/>\n<meta property=\"og:locale\" content=\"fr_FR\" \/>\n<meta property=\"og:type\" content=\"article\" \/>\n<meta property=\"og:title\" content=\"Visite priv\u00e9e de Palma de Majorque et Valldemossa\" \/>\n<meta property=\"og:description\" content=\"Visite priv\u00e9e de Palma de Majorque et Valldemossa. D\u00e9couvrez la merveilleuse r\u00e9gion de l&#039;\u00eele des Bal\u00e9ares avec votre guide et chauffeur priv\u00e9 officiel.\" \/>\n<meta property=\"og:url\" content=\"https:\/\/tourtravelandmore.com\/fr\/tours\/espagne-fr\/mallorca-fr\/visite-privee-de-palma-de-majorque-et-valldemossa\/\" \/>\n<meta property=\"og:site_name\" content=\"Tour Travel And More\" \/>\n<meta property=\"article:publisher\" content=\"https:\/\/www.facebook.com\/tourtravelandmore\/\" \/>\n<meta property=\"article:modified_time\" content=\"2023-10-09T19:02:30+00:00\" \/>\n<meta property=\"og:image\" content=\"https:\/\/tourtravelandmore.com\/wp-content\/uploads\/2020\/03\/Valldemossa-2-1.jpg\" \/>\n\t<meta property=\"og:image:width\" content=\"1820\" \/>\n\t<meta property=\"og:image:height\" content=\"1365\" \/>\n\t<meta property=\"og:image:type\" content=\"image\/jpeg\" \/>\n<meta name=\"twitter:card\" content=\"summary_large_image\" \/>\n<meta name=\"twitter:site\" content=\"@TourTravel_More\" \/>\n<meta name=\"twitter:label1\" content=\"Dur\u00e9e de lecture estim\u00e9e\" \/>\n\t<meta name=\"twitter:data1\" content=\"3 minutes\" \/>\n<script type=\"application\/ld+json\" class=\"yoast-schema-graph\">{\"@context\":\"https:\/\/schema.org\",\"@graph\":[{\"@type\":\"WebPage\",\"@id\":\"https:\/\/tourtravelandmore.com\/fr\/tours\/espagne-fr\/mallorca-fr\/visite-privee-de-palma-de-majorque-et-valldemossa\/\",\"url\":\"https:\/\/tourtravelandmore.com\/fr\/tours\/espagne-fr\/mallorca-fr\/visite-privee-de-palma-de-majorque-et-valldemossa\/\",\"name\":\"Visite priv\u00e9e de Palma de Majorque et Valldemossa - Guide officiel priv\u00e9\",\"isPartOf\":{\"@id\":\"https:\/\/tourtravelandmore.com\/fr\/#website\"},\"primaryImageOfPage\":{\"@id\":\"https:\/\/tourtravelandmore.com\/fr\/tours\/espagne-fr\/mallorca-fr\/visite-privee-de-palma-de-majorque-et-valldemossa\/#primaryimage\"},\"image\":{\"@id\":\"https:\/\/tourtravelandmore.com\/fr\/tours\/espagne-fr\/mallorca-fr\/visite-privee-de-palma-de-majorque-et-valldemossa\/#primaryimage\"},\"thumbnailUrl\":\"https:\/\/tourtravelandmore.com\/wp-content\/uploads\/2020\/03\/Valldemossa-2-1.jpg\",\"datePublished\":\"2020-03-17T08:31:30+00:00\",\"dateModified\":\"2023-10-09T19:02:30+00:00\",\"description\":\"Visite priv\u00e9e de Palma de Majorque et Valldemossa. D\u00e9couvrez la merveilleuse r\u00e9gion de l'\u00eele des Bal\u00e9ares avec votre guide et chauffeur priv\u00e9 officiel.\",\"breadcrumb\":{\"@id\":\"https:\/\/tourtravelandmore.com\/fr\/tours\/espagne-fr\/mallorca-fr\/visite-privee-de-palma-de-majorque-et-valldemossa\/#breadcrumb\"},\"inLanguage\":\"fr-FR\",\"potentialAction\":[{\"@type\":\"ReadAction\",\"target\":[\"https:\/\/tourtravelandmore.com\/fr\/tours\/espagne-fr\/mallorca-fr\/visite-privee-de-palma-de-majorque-et-valldemossa\/\"]}]},{\"@type\":\"ImageObject\",\"inLanguage\":\"fr-FR\",\"@id\":\"https:\/\/tourtravelandmore.com\/fr\/tours\/espagne-fr\/mallorca-fr\/visite-privee-de-palma-de-majorque-et-valldemossa\/#primaryimage\",\"url\":\"https:\/\/tourtravelandmore.com\/wp-content\/uploads\/2020\/03\/Valldemossa-2-1.jpg\",\"contentUrl\":\"https:\/\/tourtravelandmore.com\/wp-content\/uploads\/2020\/03\/Valldemossa-2-1.jpg\",\"width\":1820,\"height\":1365},{\"@type\":\"BreadcrumbList\",\"@id\":\"https:\/\/tourtravelandmore.com\/fr\/tours\/espagne-fr\/mallorca-fr\/visite-privee-de-palma-de-majorque-et-valldemossa\/#breadcrumb\",\"itemListElement\":[{\"@type\":\"ListItem\",\"position\":1,\"name\":\"Home\",\"item\":\"https:\/\/tourtravelandmore.com\/fr\/\"},{\"@type\":\"ListItem\",\"position\":2,\"name\":\"Tours\",\"item\":\"https:\/\/tourtravelandmore.com\/fr\/tours\/\"},{\"@type\":\"ListItem\",\"position\":3,\"name\":\"Visite priv\u00e9e de Palma de Majorque et Valldemossa\"}]},{\"@type\":\"WebSite\",\"@id\":\"https:\/\/tourtravelandmore.com\/fr\/#website\",\"url\":\"https:\/\/tourtravelandmore.com\/fr\/\",\"name\":\"Tour Travel And More\",\"description\":\"Private sightseeing tours and luxury transfers in Spain\",\"publisher\":{\"@id\":\"https:\/\/tourtravelandmore.com\/fr\/#organization\"},\"potentialAction\":[{\"@type\":\"SearchAction\",\"target\":{\"@type\":\"EntryPoint\",\"urlTemplate\":\"https:\/\/tourtravelandmore.com\/fr\/?s={search_term_string}\"},\"query-input\":{\"@type\":\"PropertyValueSpecification\",\"valueRequired\":true,\"valueName\":\"search_term_string\"}}],\"inLanguage\":\"fr-FR\"},{\"@type\":\"Organization\",\"@id\":\"https:\/\/tourtravelandmore.com\/fr\/#organization\",\"name\":\"Tour Travel And More\",\"url\":\"https:\/\/tourtravelandmore.com\/fr\/\",\"logo\":{\"@type\":\"ImageObject\",\"inLanguage\":\"fr-FR\",\"@id\":\"https:\/\/tourtravelandmore.com\/fr\/#\/schema\/logo\/image\/\",\"url\":\"https:\/\/tourtravelandmore.com\/wp-content\/uploads\/2022\/12\/cropped-logo-cabecera-new.png\",\"contentUrl\":\"https:\/\/tourtravelandmore.com\/wp-content\/uploads\/2022\/12\/cropped-logo-cabecera-new.png\",\"width\":430,\"height\":61,\"caption\":\"Tour Travel And More\"},\"image\":{\"@id\":\"https:\/\/tourtravelandmore.com\/fr\/#\/schema\/logo\/image\/\"},\"sameAs\":[\"https:\/\/www.facebook.com\/tourtravelandmore\/\",\"https:\/\/x.com\/TourTravel_More\"]}]}<\/script>\n<!-- \/ Yoast SEO Premium plugin. -->","yoast_head_json":{"title":"Visite priv\u00e9e de Palma de Majorque et Valldemossa - Guide officiel priv\u00e9","description":"Visite priv\u00e9e de Palma de Majorque et Valldemossa. D\u00e9couvrez la merveilleuse r\u00e9gion de l'\u00eele des Bal\u00e9ares avec votre guide et chauffeur priv\u00e9 officiel.","robots":{"index":"index","follow":"follow","max-snippet":"max-snippet:-1","max-image-preview":"max-image-preview:large","max-video-preview":"max-video-preview:-1"},"canonical":"https:\/\/tourtravelandmore.com\/fr\/tours\/espagne-fr\/mallorca-fr\/visite-privee-de-palma-de-majorque-et-valldemossa\/","og_locale":"fr_FR","og_type":"article","og_title":"Visite priv\u00e9e de Palma de Majorque et Valldemossa","og_description":"Visite priv\u00e9e de Palma de Majorque et Valldemossa. D\u00e9couvrez la merveilleuse r\u00e9gion de l'\u00eele des Bal\u00e9ares avec votre guide et chauffeur priv\u00e9 officiel.","og_url":"https:\/\/tourtravelandmore.com\/fr\/tours\/espagne-fr\/mallorca-fr\/visite-privee-de-palma-de-majorque-et-valldemossa\/","og_site_name":"Tour Travel And More","article_publisher":"https:\/\/www.facebook.com\/tourtravelandmore\/","article_modified_time":"2023-10-09T19:02:30+00:00","og_image":[{"width":1820,"height":1365,"url":"https:\/\/tourtravelandmore.com\/wp-content\/uploads\/2020\/03\/Valldemossa-2-1.jpg","type":"image\/jpeg"}],"twitter_card":"summary_large_image","twitter_site":"@TourTravel_More","twitter_misc":{"Dur\u00e9e de lecture estim\u00e9e":"3 minutes"},"schema":{"@context":"https:\/\/schema.org","@graph":[{"@type":"WebPage","@id":"https:\/\/tourtravelandmore.com\/fr\/tours\/espagne-fr\/mallorca-fr\/visite-privee-de-palma-de-majorque-et-valldemossa\/","url":"https:\/\/tourtravelandmore.com\/fr\/tours\/espagne-fr\/mallorca-fr\/visite-privee-de-palma-de-majorque-et-valldemossa\/","name":"Visite priv\u00e9e de Palma de Majorque et Valldemossa - Guide officiel priv\u00e9","isPartOf":{"@id":"https:\/\/tourtravelandmore.com\/fr\/#website"},"primaryImageOfPage":{"@id":"https:\/\/tourtravelandmore.com\/fr\/tours\/espagne-fr\/mallorca-fr\/visite-privee-de-palma-de-majorque-et-valldemossa\/#primaryimage"},"image":{"@id":"https:\/\/tourtravelandmore.com\/fr\/tours\/espagne-fr\/mallorca-fr\/visite-privee-de-palma-de-majorque-et-valldemossa\/#primaryimage"},"thumbnailUrl":"https:\/\/tourtravelandmore.com\/wp-content\/uploads\/2020\/03\/Valldemossa-2-1.jpg","datePublished":"2020-03-17T08:31:30+00:00","dateModified":"2023-10-09T19:02:30+00:00","description":"Visite priv\u00e9e de Palma de Majorque et Valldemossa. D\u00e9couvrez la merveilleuse r\u00e9gion de l'\u00eele des Bal\u00e9ares avec votre guide et chauffeur priv\u00e9 officiel.","breadcrumb":{"@id":"https:\/\/tourtravelandmore.com\/fr\/tours\/espagne-fr\/mallorca-fr\/visite-privee-de-palma-de-majorque-et-valldemossa\/#breadcrumb"},"inLanguage":"fr-FR","potentialAction":[{"@type":"ReadAction","target":["https:\/\/tourtravelandmore.com\/fr\/tours\/espagne-fr\/mallorca-fr\/visite-privee-de-palma-de-majorque-et-valldemossa\/"]}]},{"@type":"ImageObject","inLanguage":"fr-FR","@id":"https:\/\/tourtravelandmore.com\/fr\/tours\/espagne-fr\/mallorca-fr\/visite-privee-de-palma-de-majorque-et-valldemossa\/#primaryimage","url":"https:\/\/tourtravelandmore.com\/wp-content\/uploads\/2020\/03\/Valldemossa-2-1.jpg","contentUrl":"https:\/\/tourtravelandmore.com\/wp-content\/uploads\/2020\/03\/Valldemossa-2-1.jpg","width":1820,"height":1365},{"@type":"BreadcrumbList","@id":"https:\/\/tourtravelandmore.com\/fr\/tours\/espagne-fr\/mallorca-fr\/visite-privee-de-palma-de-majorque-et-valldemossa\/#breadcrumb","itemListElement":[{"@type":"ListItem","position":1,"name":"Home","item":"https:\/\/tourtravelandmore.com\/fr\/"},{"@type":"ListItem","position":2,"name":"Tours","item":"https:\/\/tourtravelandmore.com\/fr\/tours\/"},{"@type":"ListItem","position":3,"name":"Visite priv\u00e9e de Palma de Majorque et Valldemossa"}]},{"@type":"WebSite","@id":"https:\/\/tourtravelandmore.com\/fr\/#website","url":"https:\/\/tourtravelandmore.com\/fr\/","name":"Tour Travel And More","description":"Private sightseeing tours and luxury transfers in Spain","publisher":{"@id":"https:\/\/tourtravelandmore.com\/fr\/#organization"},"potentialAction":[{"@type":"SearchAction","target":{"@type":"EntryPoint","urlTemplate":"https:\/\/tourtravelandmore.com\/fr\/?s={search_term_string}"},"query-input":{"@type":"PropertyValueSpecification","valueRequired":true,"valueName":"search_term_string"}}],"inLanguage":"fr-FR"},{"@type":"Organization","@id":"https:\/\/tourtravelandmore.com\/fr\/#organization","name":"Tour Travel And More","url":"https:\/\/tourtravelandmore.com\/fr\/","logo":{"@type":"ImageObject","inLanguage":"fr-FR","@id":"https:\/\/tourtravelandmore.com\/fr\/#\/schema\/logo\/image\/","url":"https:\/\/tourtravelandmore.com\/wp-content\/uploads\/2022\/12\/cropped-logo-cabecera-new.png","contentUrl":"https:\/\/tourtravelandmore.com\/wp-content\/uploads\/2022\/12\/cropped-logo-cabecera-new.png","width":430,"height":61,"caption":"Tour Travel And More"},"image":{"@id":"https:\/\/tourtravelandmore.com\/fr\/#\/schema\/logo\/image\/"},"sameAs":["https:\/\/www.facebook.com\/tourtravelandmore\/","https:\/\/x.com\/TourTravel_More"]}]}},"_links":{"self":[{"href":"https:\/\/tourtravelandmore.com\/fr\/wp-json\/wp\/v2\/product\/100138","targetHints":{"allow":["GET"]}}],"collection":[{"href":"https:\/\/tourtravelandmore.com\/fr\/wp-json\/wp\/v2\/product"}],"about":[{"href":"https:\/\/tourtravelandmore.com\/fr\/wp-json\/wp\/v2\/types\/product"}],"replies":[{"embeddable":true,"href":"https:\/\/tourtravelandmore.com\/fr\/wp-json\/wp\/v2\/comments?post=100138"}],"wp:featuredmedia":[{"embeddable":true,"href":"https:\/\/tourtravelandmore.com\/fr\/wp-json\/wp\/v2\/media\/97335"}],"wp:attachment":[{"href":"https:\/\/tourtravelandmore.com\/fr\/wp-json\/wp\/v2\/media?parent=100138"}],"wp:term":[{"taxonomy":"product_brand","embeddable":true,"href":"https:\/\/tourtravelandmore.com\/fr\/wp-json\/wp\/v2\/product_brand?post=100138"},{"taxonomy":"product_cat","embeddable":true,"href":"https:\/\/tourtravelandmore.com\/fr\/wp-json\/wp\/v2\/product_cat?post=100138"},{"taxonomy":"product_tag","embeddable":true,"href":"https:\/\/tourtravelandmore.com\/fr\/wp-json\/wp\/v2\/product_tag?post=100138"}],"curies":[{"name":"wp","href":"https:\/\/api.w.org\/{rel}","templated":true}]}}