{"id":100133,"date":"2020-03-16T16:41:36","date_gmt":"2020-03-16T15:41:36","guid":{"rendered":"https:\/\/tourtravelandmore.com\/tours\/non%20class\u00e9\/excursion-privee-a-terre-de-majorque\/"},"modified":"2023-11-17T14:18:55","modified_gmt":"2023-11-17T13:18:55","slug":"excursion-privee-a-terre-de-majorque","status":"publish","type":"product","link":"https:\/\/tourtravelandmore.com\/fr\/tours\/espagne-fr\/mallorca-fr\/excursion-privee-a-terre-de-majorque\/","title":{"rendered":"Excursion priv\u00e9e \u00e0 Palma de Majorque"},"content":{"rendered":"<h2>Description<\/h2>\n<p>R\u00e9server notre visite priv\u00e9e de 4 heures de Majorque depuis le terminal de croisi\u00e8re de Palma est l&#8217;une des meilleures d\u00e9cisions que vous puissiez prendre lors de votre voyage \u00e0 travers la M\u00e9diterran\u00e9e. Une fois sur votre croisi\u00e8re, c&#8217;est une option sans tracas pour vous. Profitez de notre excursion priv\u00e9e \u00e0 terre \u00e0 Majorque.<\/p>\n<p>Le port de croisi\u00e8re de Palma de Majorque est la premi\u00e8re escale que chaque navire fait habituellement d\u00e8s son entr\u00e9e en mer M\u00e9diterran\u00e9e. Principalement parce qu&#8217;il a tout, d&#8217;une attention 5 \u00e9toiles au passager, \u00e0 un point de r\u00e9paration pour tout dommage au navire.<\/p>\n<p>Lors de cette excursion de 4 heures, vous compterez sur un v\u00e9hicule priv\u00e9 et un chauffeur. Nous vous attendrons au port. D\u00e8s votre d\u00e9barquement, vous plongerez dans le centre historique de cette belle ville et d\u00e9couvrirez tous ses myst\u00e8res. Cette excursion priv\u00e9e \u00e0 terre de Majorque est la meilleure option.<\/p>\n<p>Vous aurez \u00e9galement \u00e0 votre disposition un guide priv\u00e9 bilingue. Nous vous montrerons les endroits les plus embl\u00e9matiques de l&#8217;\u00eele pendant qu&#8217;il vous explique son histoire. Notre guide vous r\u00e9v\u00e8le \u00e9galement tous les myst\u00e8res qui se cachent entre ses murs.<\/p>\n<h2>Sites d&#8217;int\u00e9r\u00eat et monuments<\/h2>\n<p>Nous vous rencontrerons au port de croisi\u00e8re. De l\u00e0, nous prendrons le Paseo Maritimo en direction du Parc de la Mar. C&#8217;est un parc cr\u00e9\u00e9 par les architectes de la ville avec l&#8217;intention que la cath\u00e9drale continue \u00e0 se refl\u00e9ter dans l&#8217;eau. Il \u00e9tait l\u00e0 pour conserver l&#8217;image traditionnelle du lieu malgr\u00e9 la promenade.<\/p>\n<p>\u00c9tant d\u00e9j\u00e0 \u00e0 quelques pas de la cath\u00e9drale et ayant des billets disponibles (inclus lors de la r\u00e9servation de la visite), nous entrerons dans la belle \u00e9glise gothique. Il poss\u00e8de la plus grande rosace du monde dans les architectures de ce genre. Ici, vous appr\u00e9cierez la beaut\u00e9 et la grandeur de l&#8217;un des joyaux les mieux conserv\u00e9s de Palma. Vous d\u00e9couvrirez les secrets gard\u00e9s par ses fa\u00e7ades, ses vitraux et ses sculptures.<\/p>\n<p>Un autre site touristique \u00e0 ne pas manquer est le palais de l&#8217;Almudaina. C&#8217;est une enceinte impressionnante qui a \u00e9t\u00e9 occup\u00e9e \u00e0 la fois par les Romains et les Musulmans. Aujourd&#8217;hui, c&#8217;est l&#8217;une des nombreuses r\u00e9sidences du roi d&#8217;Espagne. Il est principalement utilis\u00e9 pour les \u00e9v\u00e9nements sociaux. Le nom d&#8217;Almudaina signifie forteresse ou enceinte fortifi\u00e9e, en raison du vaste mur qui entourait la c\u00f4te de la ville. M\u00eame aujourd&#8217;hui peut \u00eatre appr\u00e9ci\u00e9.<\/p>\n<p>Une promenade \u00e0 travers Palma de Majorque ne peut \u00eatre compl\u00e8te sans la visite de l&#8217;ancienne ville juive connue sous le nom de call. Ici, vous pouvez parcourir ses rues \u00e9troites pendant que votre guide priv\u00e9 vous raconte les histoires, les myst\u00e8res et les secrets li\u00e9s \u00e0 la population juive d&#8217;Aragon. Il est toujours pr\u00e9sent gr\u00e2ce \u00e0 ses descendants convertis, une tradition qui ne mourra jamais.<\/p>\n<p>Certaines autres attractions touristiques de cette ville sont Los Patios Mallorquines. Ceci est tr\u00e8s caract\u00e9ristique de l&#8217;architecture de la ville. Il offre une aura de communaut\u00e9 et de rassemblement social \u00e0 ses habitants. Ainsi que l&#8217;h\u00f4tel de ville de Majorque, un b\u00e2timent charg\u00e9 d&#8217;histoire qui a servi d&#8217;h\u00f4pital, de palais de justice et actuellement de mairie.<\/p>\n<p>D\u00e9couvrez les autres options de visites priv\u00e9es que nous proposons une fois que vous avez p\u00e9ch\u00e9 \u00e0 Majorque.<\/p>\n","protected":false},"excerpt":{"rendered":"<p>Profitez de cette excursion priv\u00e9e \u00e0 terre de Majorque depuis le terminal de croisi\u00e8re de Palma de Majorque et visitez les lieux les plus embl\u00e9matiques et les plus importants de la ville. V\u00e9hicule de luxe priv\u00e9 et guide officiel s\u00e9par\u00e9.<\/p>\n","protected":false},"featured_media":97326,"comment_status":"open","ping_status":"closed","template":"","meta":{"_acf_changed":false},"product_brand":[],"product_cat":[4472,4524,4474,3634],"product_tag":[],"class_list":{"0":"post-100133","1":"product","2":"type-product","3":"status-publish","4":"has-post-thumbnail","6":"product_cat-all-private-tours-activities-fr-23","7":"product_cat-private-shore-excursions-fr-10","8":"product_cat-private-sightseeing-tours-fr-25","9":"product_cat-mallorca-fr","11":"first","12":"instock","13":"shipping-taxable","14":"purchasable","15":"product-type-simple"},"acf":[],"yoast_head":"<!-- This site is optimized with the Yoast SEO Premium plugin v25.3.1 (Yoast SEO v25.3.1) - https:\/\/yoast.com\/wordpress\/plugins\/seo\/ -->\n<title>Excursion priv\u00e9e \u00e0 terre de Majorque depuis le terminal de croisi\u00e8re<\/title>\n<meta name=\"description\" content=\"Profitez de cette excursion priv\u00e9e \u00e0 terre de Majorque depuis le terminal de croisi\u00e8re de Palma de Majorque et visitez les lieux les plus embl\u00e9matiques et les plus importants de la ville.\" \/>\n<meta name=\"robots\" content=\"index, follow, max-snippet:-1, max-image-preview:large, max-video-preview:-1\" \/>\n<link rel=\"canonical\" href=\"https:\/\/tourtravelandmore.com\/fr\/tours\/espagne-fr\/mallorca-fr\/excursion-privee-a-terre-de-majorque\/\" \/>\n<meta property=\"og:locale\" content=\"fr_FR\" \/>\n<meta property=\"og:type\" content=\"article\" \/>\n<meta property=\"og:title\" content=\"Excursion priv\u00e9e \u00e0 Palma de Majorque\" \/>\n<meta property=\"og:description\" content=\"Profitez de cette excursion priv\u00e9e \u00e0 terre de Majorque depuis le terminal de croisi\u00e8re de Palma de Majorque et visitez les lieux les plus embl\u00e9matiques et les plus importants de la ville.\" \/>\n<meta property=\"og:url\" content=\"https:\/\/tourtravelandmore.com\/fr\/tours\/espagne-fr\/mallorca-fr\/excursion-privee-a-terre-de-majorque\/\" \/>\n<meta property=\"og:site_name\" content=\"Tour Travel And More\" \/>\n<meta property=\"article:publisher\" content=\"https:\/\/www.facebook.com\/tourtravelandmore\/\" \/>\n<meta property=\"article:modified_time\" content=\"2023-11-17T13:18:55+00:00\" \/>\n<meta property=\"og:image\" content=\"https:\/\/tourtravelandmore.com\/wp-content\/uploads\/2020\/03\/palma-2-1.jpg\" \/>\n\t<meta property=\"og:image:width\" content=\"960\" \/>\n\t<meta property=\"og:image:height\" content=\"720\" \/>\n\t<meta property=\"og:image:type\" content=\"image\/jpeg\" \/>\n<meta name=\"twitter:card\" content=\"summary_large_image\" \/>\n<meta name=\"twitter:site\" content=\"@TourTravel_More\" \/>\n<meta name=\"twitter:label1\" content=\"Dur\u00e9e de lecture estim\u00e9e\" \/>\n\t<meta name=\"twitter:data1\" content=\"3 minutes\" \/>\n<script type=\"application\/ld+json\" class=\"yoast-schema-graph\">{\"@context\":\"https:\/\/schema.org\",\"@graph\":[{\"@type\":\"WebPage\",\"@id\":\"https:\/\/tourtravelandmore.com\/fr\/tours\/espagne-fr\/mallorca-fr\/excursion-privee-a-terre-de-majorque\/\",\"url\":\"https:\/\/tourtravelandmore.com\/fr\/tours\/espagne-fr\/mallorca-fr\/excursion-privee-a-terre-de-majorque\/\",\"name\":\"Excursion priv\u00e9e \u00e0 terre de Majorque depuis le terminal de croisi\u00e8re\",\"isPartOf\":{\"@id\":\"https:\/\/tourtravelandmore.com\/fr\/#website\"},\"primaryImageOfPage\":{\"@id\":\"https:\/\/tourtravelandmore.com\/fr\/tours\/espagne-fr\/mallorca-fr\/excursion-privee-a-terre-de-majorque\/#primaryimage\"},\"image\":{\"@id\":\"https:\/\/tourtravelandmore.com\/fr\/tours\/espagne-fr\/mallorca-fr\/excursion-privee-a-terre-de-majorque\/#primaryimage\"},\"thumbnailUrl\":\"https:\/\/tourtravelandmore.com\/wp-content\/uploads\/2020\/03\/palma-2-1.jpg\",\"datePublished\":\"2020-03-16T15:41:36+00:00\",\"dateModified\":\"2023-11-17T13:18:55+00:00\",\"description\":\"Profitez de cette excursion priv\u00e9e \u00e0 terre de Majorque depuis le terminal de croisi\u00e8re de Palma de Majorque et visitez les lieux les plus embl\u00e9matiques et les plus importants de la ville.\",\"breadcrumb\":{\"@id\":\"https:\/\/tourtravelandmore.com\/fr\/tours\/espagne-fr\/mallorca-fr\/excursion-privee-a-terre-de-majorque\/#breadcrumb\"},\"inLanguage\":\"fr-FR\",\"potentialAction\":[{\"@type\":\"ReadAction\",\"target\":[\"https:\/\/tourtravelandmore.com\/fr\/tours\/espagne-fr\/mallorca-fr\/excursion-privee-a-terre-de-majorque\/\"]}]},{\"@type\":\"ImageObject\",\"inLanguage\":\"fr-FR\",\"@id\":\"https:\/\/tourtravelandmore.com\/fr\/tours\/espagne-fr\/mallorca-fr\/excursion-privee-a-terre-de-majorque\/#primaryimage\",\"url\":\"https:\/\/tourtravelandmore.com\/wp-content\/uploads\/2020\/03\/palma-2-1.jpg\",\"contentUrl\":\"https:\/\/tourtravelandmore.com\/wp-content\/uploads\/2020\/03\/palma-2-1.jpg\",\"width\":960,\"height\":720},{\"@type\":\"BreadcrumbList\",\"@id\":\"https:\/\/tourtravelandmore.com\/fr\/tours\/espagne-fr\/mallorca-fr\/excursion-privee-a-terre-de-majorque\/#breadcrumb\",\"itemListElement\":[{\"@type\":\"ListItem\",\"position\":1,\"name\":\"Home\",\"item\":\"https:\/\/tourtravelandmore.com\/fr\/\"},{\"@type\":\"ListItem\",\"position\":2,\"name\":\"Tours\",\"item\":\"https:\/\/tourtravelandmore.com\/fr\/tours\/\"},{\"@type\":\"ListItem\",\"position\":3,\"name\":\"Excursion priv\u00e9e \u00e0 Palma de Majorque\"}]},{\"@type\":\"WebSite\",\"@id\":\"https:\/\/tourtravelandmore.com\/fr\/#website\",\"url\":\"https:\/\/tourtravelandmore.com\/fr\/\",\"name\":\"Tour Travel And More\",\"description\":\"Private sightseeing tours and luxury transfers in Spain\",\"publisher\":{\"@id\":\"https:\/\/tourtravelandmore.com\/fr\/#organization\"},\"potentialAction\":[{\"@type\":\"SearchAction\",\"target\":{\"@type\":\"EntryPoint\",\"urlTemplate\":\"https:\/\/tourtravelandmore.com\/fr\/?s={search_term_string}\"},\"query-input\":{\"@type\":\"PropertyValueSpecification\",\"valueRequired\":true,\"valueName\":\"search_term_string\"}}],\"inLanguage\":\"fr-FR\"},{\"@type\":\"Organization\",\"@id\":\"https:\/\/tourtravelandmore.com\/fr\/#organization\",\"name\":\"Tour Travel And More\",\"url\":\"https:\/\/tourtravelandmore.com\/fr\/\",\"logo\":{\"@type\":\"ImageObject\",\"inLanguage\":\"fr-FR\",\"@id\":\"https:\/\/tourtravelandmore.com\/fr\/#\/schema\/logo\/image\/\",\"url\":\"https:\/\/tourtravelandmore.com\/wp-content\/uploads\/2022\/12\/cropped-logo-cabecera-new.png\",\"contentUrl\":\"https:\/\/tourtravelandmore.com\/wp-content\/uploads\/2022\/12\/cropped-logo-cabecera-new.png\",\"width\":430,\"height\":61,\"caption\":\"Tour Travel And More\"},\"image\":{\"@id\":\"https:\/\/tourtravelandmore.com\/fr\/#\/schema\/logo\/image\/\"},\"sameAs\":[\"https:\/\/www.facebook.com\/tourtravelandmore\/\",\"https:\/\/x.com\/TourTravel_More\"]}]}<\/script>\n<!-- \/ Yoast SEO Premium plugin. -->","yoast_head_json":{"title":"Excursion priv\u00e9e \u00e0 terre de Majorque depuis le terminal de croisi\u00e8re","description":"Profitez de cette excursion priv\u00e9e \u00e0 terre de Majorque depuis le terminal de croisi\u00e8re de Palma de Majorque et visitez les lieux les plus embl\u00e9matiques et les plus importants de la ville.","robots":{"index":"index","follow":"follow","max-snippet":"max-snippet:-1","max-image-preview":"max-image-preview:large","max-video-preview":"max-video-preview:-1"},"canonical":"https:\/\/tourtravelandmore.com\/fr\/tours\/espagne-fr\/mallorca-fr\/excursion-privee-a-terre-de-majorque\/","og_locale":"fr_FR","og_type":"article","og_title":"Excursion priv\u00e9e \u00e0 Palma de Majorque","og_description":"Profitez de cette excursion priv\u00e9e \u00e0 terre de Majorque depuis le terminal de croisi\u00e8re de Palma de Majorque et visitez les lieux les plus embl\u00e9matiques et les plus importants de la ville.","og_url":"https:\/\/tourtravelandmore.com\/fr\/tours\/espagne-fr\/mallorca-fr\/excursion-privee-a-terre-de-majorque\/","og_site_name":"Tour Travel And More","article_publisher":"https:\/\/www.facebook.com\/tourtravelandmore\/","article_modified_time":"2023-11-17T13:18:55+00:00","og_image":[{"width":960,"height":720,"url":"https:\/\/tourtravelandmore.com\/wp-content\/uploads\/2020\/03\/palma-2-1.jpg","type":"image\/jpeg"}],"twitter_card":"summary_large_image","twitter_site":"@TourTravel_More","twitter_misc":{"Dur\u00e9e de lecture estim\u00e9e":"3 minutes"},"schema":{"@context":"https:\/\/schema.org","@graph":[{"@type":"WebPage","@id":"https:\/\/tourtravelandmore.com\/fr\/tours\/espagne-fr\/mallorca-fr\/excursion-privee-a-terre-de-majorque\/","url":"https:\/\/tourtravelandmore.com\/fr\/tours\/espagne-fr\/mallorca-fr\/excursion-privee-a-terre-de-majorque\/","name":"Excursion priv\u00e9e \u00e0 terre de Majorque depuis le terminal de croisi\u00e8re","isPartOf":{"@id":"https:\/\/tourtravelandmore.com\/fr\/#website"},"primaryImageOfPage":{"@id":"https:\/\/tourtravelandmore.com\/fr\/tours\/espagne-fr\/mallorca-fr\/excursion-privee-a-terre-de-majorque\/#primaryimage"},"image":{"@id":"https:\/\/tourtravelandmore.com\/fr\/tours\/espagne-fr\/mallorca-fr\/excursion-privee-a-terre-de-majorque\/#primaryimage"},"thumbnailUrl":"https:\/\/tourtravelandmore.com\/wp-content\/uploads\/2020\/03\/palma-2-1.jpg","datePublished":"2020-03-16T15:41:36+00:00","dateModified":"2023-11-17T13:18:55+00:00","description":"Profitez de cette excursion priv\u00e9e \u00e0 terre de Majorque depuis le terminal de croisi\u00e8re de Palma de Majorque et visitez les lieux les plus embl\u00e9matiques et les plus importants de la ville.","breadcrumb":{"@id":"https:\/\/tourtravelandmore.com\/fr\/tours\/espagne-fr\/mallorca-fr\/excursion-privee-a-terre-de-majorque\/#breadcrumb"},"inLanguage":"fr-FR","potentialAction":[{"@type":"ReadAction","target":["https:\/\/tourtravelandmore.com\/fr\/tours\/espagne-fr\/mallorca-fr\/excursion-privee-a-terre-de-majorque\/"]}]},{"@type":"ImageObject","inLanguage":"fr-FR","@id":"https:\/\/tourtravelandmore.com\/fr\/tours\/espagne-fr\/mallorca-fr\/excursion-privee-a-terre-de-majorque\/#primaryimage","url":"https:\/\/tourtravelandmore.com\/wp-content\/uploads\/2020\/03\/palma-2-1.jpg","contentUrl":"https:\/\/tourtravelandmore.com\/wp-content\/uploads\/2020\/03\/palma-2-1.jpg","width":960,"height":720},{"@type":"BreadcrumbList","@id":"https:\/\/tourtravelandmore.com\/fr\/tours\/espagne-fr\/mallorca-fr\/excursion-privee-a-terre-de-majorque\/#breadcrumb","itemListElement":[{"@type":"ListItem","position":1,"name":"Home","item":"https:\/\/tourtravelandmore.com\/fr\/"},{"@type":"ListItem","position":2,"name":"Tours","item":"https:\/\/tourtravelandmore.com\/fr\/tours\/"},{"@type":"ListItem","position":3,"name":"Excursion priv\u00e9e \u00e0 Palma de Majorque"}]},{"@type":"WebSite","@id":"https:\/\/tourtravelandmore.com\/fr\/#website","url":"https:\/\/tourtravelandmore.com\/fr\/","name":"Tour Travel And More","description":"Private sightseeing tours and luxury transfers in Spain","publisher":{"@id":"https:\/\/tourtravelandmore.com\/fr\/#organization"},"potentialAction":[{"@type":"SearchAction","target":{"@type":"EntryPoint","urlTemplate":"https:\/\/tourtravelandmore.com\/fr\/?s={search_term_string}"},"query-input":{"@type":"PropertyValueSpecification","valueRequired":true,"valueName":"search_term_string"}}],"inLanguage":"fr-FR"},{"@type":"Organization","@id":"https:\/\/tourtravelandmore.com\/fr\/#organization","name":"Tour Travel And More","url":"https:\/\/tourtravelandmore.com\/fr\/","logo":{"@type":"ImageObject","inLanguage":"fr-FR","@id":"https:\/\/tourtravelandmore.com\/fr\/#\/schema\/logo\/image\/","url":"https:\/\/tourtravelandmore.com\/wp-content\/uploads\/2022\/12\/cropped-logo-cabecera-new.png","contentUrl":"https:\/\/tourtravelandmore.com\/wp-content\/uploads\/2022\/12\/cropped-logo-cabecera-new.png","width":430,"height":61,"caption":"Tour Travel And More"},"image":{"@id":"https:\/\/tourtravelandmore.com\/fr\/#\/schema\/logo\/image\/"},"sameAs":["https:\/\/www.facebook.com\/tourtravelandmore\/","https:\/\/x.com\/TourTravel_More"]}]}},"_links":{"self":[{"href":"https:\/\/tourtravelandmore.com\/fr\/wp-json\/wp\/v2\/product\/100133","targetHints":{"allow":["GET"]}}],"collection":[{"href":"https:\/\/tourtravelandmore.com\/fr\/wp-json\/wp\/v2\/product"}],"about":[{"href":"https:\/\/tourtravelandmore.com\/fr\/wp-json\/wp\/v2\/types\/product"}],"replies":[{"embeddable":true,"href":"https:\/\/tourtravelandmore.com\/fr\/wp-json\/wp\/v2\/comments?post=100133"}],"wp:featuredmedia":[{"embeddable":true,"href":"https:\/\/tourtravelandmore.com\/fr\/wp-json\/wp\/v2\/media\/97326"}],"wp:attachment":[{"href":"https:\/\/tourtravelandmore.com\/fr\/wp-json\/wp\/v2\/media?parent=100133"}],"wp:term":[{"taxonomy":"product_brand","embeddable":true,"href":"https:\/\/tourtravelandmore.com\/fr\/wp-json\/wp\/v2\/product_brand?post=100133"},{"taxonomy":"product_cat","embeddable":true,"href":"https:\/\/tourtravelandmore.com\/fr\/wp-json\/wp\/v2\/product_cat?post=100133"},{"taxonomy":"product_tag","embeddable":true,"href":"https:\/\/tourtravelandmore.com\/fr\/wp-json\/wp\/v2\/product_tag?post=100133"}],"curies":[{"name":"wp","href":"https:\/\/api.w.org\/{rel}","templated":true}]}}