{"id":100128,"date":"2020-03-16T15:40:40","date_gmt":"2020-03-16T14:40:40","guid":{"rendered":"https:\/\/tourtravelandmore.com\/tours\/non%20class\u00e9\/visite-privee-des-grottes-du-drach\/"},"modified":"2023-11-17T14:32:54","modified_gmt":"2023-11-17T13:32:54","slug":"visite-privee-des-grottes-du-drach","status":"publish","type":"product","link":"https:\/\/tourtravelandmore.com\/fr\/tours\/espagne-fr\/mallorca-fr\/visite-privee-des-grottes-du-drach\/","title":{"rendered":"Visite priv\u00e9e des grottes du Drach"},"content":{"rendered":"<h2>Description<\/h2>\n<p>Osez vivre l&#8217;aventure de la visite priv\u00e9e de 5 heures des grottes du Drach. C&#8217;est l&#8217;une des attractions incontournables si vous visitez Majorque. C&#8217;est une exp\u00e9rience qui ne peut \u00eatre v\u00e9cue que dans cette partie du monde. Ceci est notre visite des grottes priv\u00e9es du Drach.<\/p>\n<p>Cette visite comprend les \u00e9l\u00e9ments suivants.<\/p>\n<p>Transport priv\u00e9 dans un v\u00e9hicule de luxe avec chauffeur.<br \/>\nVotre propre guide bilingue qui vous d\u00e9voilera tous les secrets qui cachent les grottes du dragon.<br \/>\nEntr\u00e9es aux grottes du Drach sans devoir faire la queue ni attendre une seule minute.<br \/>\nDe plus, vous visiterez le Mus\u00e9e des Perles de Majorica.<\/p>\n<h2>Sites d&#8217;int\u00e9r\u00eat et monuments<\/h2>\n<p>Le chauffeur passera \u00e0 c\u00f4t\u00e9 de vous au point de rendez-vous que vous indiquez, qui peut bien s\u00fbr \u00eatre l&#8217;h\u00f4tel o\u00f9 vous s\u00e9journez. De l\u00e0, nous irons dans les villes de Manacor et Porto Cristo, sur la c\u00f4te est de l&#8217;\u00eele, o\u00f9 se trouvent les grottes du Drach.<\/p>\n<p>Le premier arr\u00eat sera au Museo de las Perlas Majorica, (Mus\u00e9e des Perles de Majorque), c&#8217;est une boutique et un mus\u00e9e o\u00f9 ils vous raconteront l&#8217;histoire de l&#8217;industrie des perles de culture et l&#8217;utilisation des perles naturelles de Majorque, un v\u00e9ritable merveille \u00e0 partir de laquelle ils ont cr\u00e9\u00e9 des pi\u00e8ces exquises pour l&#8217;exportation et bien s\u00fbr, aussi pour la royaut\u00e9.<\/p>\n<p>Le prochain arr\u00eat sera les grottes du Drach, l&#8217;une des principales attractions de l&#8217;\u00eele principale, ici nous descendrons 1200 m\u00e8tres \u00e0 travers des grottes pleines de stalactites et de stalagmites, et ce sont des formations rocheuses vraiment impressionnantes. Enfin, nous arriverons au lac Martel, o\u00f9 une barge \u00e0 rames en bois nous attendra pour naviguer dans le lac souterrain tout en profitant d&#8217;un concert de musique classique par un petit ensemble de chambre qui jouera en direct. Sans aucun doute, c&#8217;est une balade unique en son genre.<\/p>\n<p>Apr\u00e8s avoir quitt\u00e9 les grottes, nous vous emm\u00e8nerons \u00e0 Porto Cristo, o\u00f9 vous pourrez vous promener, faire du shopping et d\u00e9guster la cuisine locale avant de retourner \u00e0 votre site d&#8217;h\u00e9bergement.<br \/>\nQuelques faits int\u00e9ressants sur les grottes du Drach<\/p>\n<p>Les grottes du Drach sont l&#8217;une des attractions les plus visit\u00e9es de Majorque, ne recevant qu&#8217;en \u00e9t\u00e9, un total de 500 visiteurs toutes les heures, de 10 heures du matin \u00e0 5 heures de l&#8217;apr\u00e8s-midi.<\/p>\n<p>C&#8217;est une formation naturelle qui est ouverte au public toute l&#8217;ann\u00e9e bien qu&#8217;elle soit une propri\u00e9t\u00e9 priv\u00e9e des descendants des camps de Joan Servera. L&#8217;une des plus grandes attractions de ce site touristique, c&#8217;est qu&#8217;il poss\u00e8de un microclimat naturel qui maintient une temp\u00e9rature moyenne entre 18 et 20 degr\u00e9s et une humidit\u00e9 entre 80% et 82% tout au long de l&#8217;ann\u00e9e, c&#8217;est pourquoi il ne ferme jamais.<\/p>\n<p>Comme si cela ne suffisait pas, ces grottes ont une crique aux eaux cristallines \u00e0 l&#8217;int\u00e9rieur, donc en plus de les visiter et de passer dans leur rivi\u00e8re souterraine, vous pouvez \u00e9galement faire un petit plongeon dans leur crique.<\/p>\n<p>Nous proposons tout type de visite priv\u00e9e pour vous \u00e0 Majorque. N&#8217;h\u00e9sitez pas \u00e0 nous contacter!<\/p>\n","protected":false},"excerpt":{"rendered":"<p>Visite priv\u00e9e des grottes du Drach. D\u00e9couvrez l&#8217;une des attractions les plus visit\u00e9es de Majorque avec votre chauffeur priv\u00e9 et votre guide officiel. Billets d&#8217;entr\u00e9e inclus. V\u00e9hicule de luxe avec chauffeur.<\/p>\n","protected":false},"featured_media":97320,"comment_status":"open","ping_status":"closed","template":"","meta":{"_acf_changed":false},"product_brand":[],"product_cat":[4472,4474,3634],"product_tag":[],"class_list":{"0":"post-100128","1":"product","2":"type-product","3":"status-publish","4":"has-post-thumbnail","6":"product_cat-all-private-tours-activities-fr-23","7":"product_cat-private-sightseeing-tours-fr-25","8":"product_cat-mallorca-fr","10":"first","11":"instock","12":"shipping-taxable","13":"purchasable","14":"product-type-simple"},"acf":[],"yoast_head":"<!-- This site is optimized with the Yoast SEO Premium plugin v25.3.1 (Yoast SEO v25.3.1) - https:\/\/yoast.com\/wordpress\/plugins\/seo\/ -->\n<title>Visite priv\u00e9e des grottes du Drach - Billets d&#039;entr\u00e9e et guide officiel<\/title>\n<meta name=\"description\" content=\"Visite priv\u00e9e des grottes du Drach. D\u00e9couvrez l&#039;une des attractions les plus visit\u00e9es de Majorque avec votre chauffeur priv\u00e9 et votre guide officiel.\" \/>\n<meta name=\"robots\" content=\"index, follow, max-snippet:-1, max-image-preview:large, max-video-preview:-1\" \/>\n<link rel=\"canonical\" href=\"https:\/\/tourtravelandmore.com\/fr\/tours\/espagne-fr\/mallorca-fr\/visite-privee-des-grottes-du-drach\/\" \/>\n<meta property=\"og:locale\" content=\"fr_FR\" \/>\n<meta property=\"og:type\" content=\"article\" \/>\n<meta property=\"og:title\" content=\"Visite priv\u00e9e des grottes du Drach\" \/>\n<meta property=\"og:description\" content=\"Visite priv\u00e9e des grottes du Drach. D\u00e9couvrez l&#039;une des attractions les plus visit\u00e9es de Majorque avec votre chauffeur priv\u00e9 et votre guide officiel.\" \/>\n<meta property=\"og:url\" content=\"https:\/\/tourtravelandmore.com\/fr\/tours\/espagne-fr\/mallorca-fr\/visite-privee-des-grottes-du-drach\/\" \/>\n<meta property=\"og:site_name\" content=\"Tour Travel And More\" \/>\n<meta property=\"article:publisher\" content=\"https:\/\/www.facebook.com\/tourtravelandmore\/\" \/>\n<meta property=\"article:modified_time\" content=\"2023-11-17T13:32:54+00:00\" \/>\n<meta property=\"og:image\" content=\"https:\/\/tourtravelandmore.com\/wp-content\/uploads\/2020\/03\/cueva-1.jpg\" \/>\n\t<meta property=\"og:image:width\" content=\"960\" \/>\n\t<meta property=\"og:image:height\" content=\"640\" \/>\n\t<meta property=\"og:image:type\" content=\"image\/jpeg\" \/>\n<meta name=\"twitter:card\" content=\"summary_large_image\" \/>\n<meta name=\"twitter:site\" content=\"@TourTravel_More\" \/>\n<meta name=\"twitter:label1\" content=\"Dur\u00e9e de lecture estim\u00e9e\" \/>\n\t<meta name=\"twitter:data1\" content=\"3 minutes\" \/>\n<script type=\"application\/ld+json\" class=\"yoast-schema-graph\">{\"@context\":\"https:\/\/schema.org\",\"@graph\":[{\"@type\":\"WebPage\",\"@id\":\"https:\/\/tourtravelandmore.com\/fr\/tours\/espagne-fr\/mallorca-fr\/visite-privee-des-grottes-du-drach\/\",\"url\":\"https:\/\/tourtravelandmore.com\/fr\/tours\/espagne-fr\/mallorca-fr\/visite-privee-des-grottes-du-drach\/\",\"name\":\"Visite priv\u00e9e des grottes du Drach - Billets d'entr\u00e9e et guide officiel\",\"isPartOf\":{\"@id\":\"https:\/\/tourtravelandmore.com\/fr\/#website\"},\"primaryImageOfPage\":{\"@id\":\"https:\/\/tourtravelandmore.com\/fr\/tours\/espagne-fr\/mallorca-fr\/visite-privee-des-grottes-du-drach\/#primaryimage\"},\"image\":{\"@id\":\"https:\/\/tourtravelandmore.com\/fr\/tours\/espagne-fr\/mallorca-fr\/visite-privee-des-grottes-du-drach\/#primaryimage\"},\"thumbnailUrl\":\"https:\/\/tourtravelandmore.com\/wp-content\/uploads\/2020\/03\/cueva-1.jpg\",\"datePublished\":\"2020-03-16T14:40:40+00:00\",\"dateModified\":\"2023-11-17T13:32:54+00:00\",\"description\":\"Visite priv\u00e9e des grottes du Drach. D\u00e9couvrez l'une des attractions les plus visit\u00e9es de Majorque avec votre chauffeur priv\u00e9 et votre guide officiel.\",\"breadcrumb\":{\"@id\":\"https:\/\/tourtravelandmore.com\/fr\/tours\/espagne-fr\/mallorca-fr\/visite-privee-des-grottes-du-drach\/#breadcrumb\"},\"inLanguage\":\"fr-FR\",\"potentialAction\":[{\"@type\":\"ReadAction\",\"target\":[\"https:\/\/tourtravelandmore.com\/fr\/tours\/espagne-fr\/mallorca-fr\/visite-privee-des-grottes-du-drach\/\"]}]},{\"@type\":\"ImageObject\",\"inLanguage\":\"fr-FR\",\"@id\":\"https:\/\/tourtravelandmore.com\/fr\/tours\/espagne-fr\/mallorca-fr\/visite-privee-des-grottes-du-drach\/#primaryimage\",\"url\":\"https:\/\/tourtravelandmore.com\/wp-content\/uploads\/2020\/03\/cueva-1.jpg\",\"contentUrl\":\"https:\/\/tourtravelandmore.com\/wp-content\/uploads\/2020\/03\/cueva-1.jpg\",\"width\":960,\"height\":640},{\"@type\":\"BreadcrumbList\",\"@id\":\"https:\/\/tourtravelandmore.com\/fr\/tours\/espagne-fr\/mallorca-fr\/visite-privee-des-grottes-du-drach\/#breadcrumb\",\"itemListElement\":[{\"@type\":\"ListItem\",\"position\":1,\"name\":\"Home\",\"item\":\"https:\/\/tourtravelandmore.com\/fr\/\"},{\"@type\":\"ListItem\",\"position\":2,\"name\":\"Tours\",\"item\":\"https:\/\/tourtravelandmore.com\/fr\/tours\/\"},{\"@type\":\"ListItem\",\"position\":3,\"name\":\"Visite priv\u00e9e des grottes du Drach\"}]},{\"@type\":\"WebSite\",\"@id\":\"https:\/\/tourtravelandmore.com\/fr\/#website\",\"url\":\"https:\/\/tourtravelandmore.com\/fr\/\",\"name\":\"Tour Travel And More\",\"description\":\"Private sightseeing tours and luxury transfers in Spain\",\"publisher\":{\"@id\":\"https:\/\/tourtravelandmore.com\/fr\/#organization\"},\"potentialAction\":[{\"@type\":\"SearchAction\",\"target\":{\"@type\":\"EntryPoint\",\"urlTemplate\":\"https:\/\/tourtravelandmore.com\/fr\/?s={search_term_string}\"},\"query-input\":{\"@type\":\"PropertyValueSpecification\",\"valueRequired\":true,\"valueName\":\"search_term_string\"}}],\"inLanguage\":\"fr-FR\"},{\"@type\":\"Organization\",\"@id\":\"https:\/\/tourtravelandmore.com\/fr\/#organization\",\"name\":\"Tour Travel And More\",\"url\":\"https:\/\/tourtravelandmore.com\/fr\/\",\"logo\":{\"@type\":\"ImageObject\",\"inLanguage\":\"fr-FR\",\"@id\":\"https:\/\/tourtravelandmore.com\/fr\/#\/schema\/logo\/image\/\",\"url\":\"https:\/\/tourtravelandmore.com\/wp-content\/uploads\/2022\/12\/cropped-logo-cabecera-new.png\",\"contentUrl\":\"https:\/\/tourtravelandmore.com\/wp-content\/uploads\/2022\/12\/cropped-logo-cabecera-new.png\",\"width\":430,\"height\":61,\"caption\":\"Tour Travel And More\"},\"image\":{\"@id\":\"https:\/\/tourtravelandmore.com\/fr\/#\/schema\/logo\/image\/\"},\"sameAs\":[\"https:\/\/www.facebook.com\/tourtravelandmore\/\",\"https:\/\/x.com\/TourTravel_More\"]}]}<\/script>\n<!-- \/ Yoast SEO Premium plugin. -->","yoast_head_json":{"title":"Visite priv\u00e9e des grottes du Drach - Billets d'entr\u00e9e et guide officiel","description":"Visite priv\u00e9e des grottes du Drach. D\u00e9couvrez l'une des attractions les plus visit\u00e9es de Majorque avec votre chauffeur priv\u00e9 et votre guide officiel.","robots":{"index":"index","follow":"follow","max-snippet":"max-snippet:-1","max-image-preview":"max-image-preview:large","max-video-preview":"max-video-preview:-1"},"canonical":"https:\/\/tourtravelandmore.com\/fr\/tours\/espagne-fr\/mallorca-fr\/visite-privee-des-grottes-du-drach\/","og_locale":"fr_FR","og_type":"article","og_title":"Visite priv\u00e9e des grottes du Drach","og_description":"Visite priv\u00e9e des grottes du Drach. D\u00e9couvrez l'une des attractions les plus visit\u00e9es de Majorque avec votre chauffeur priv\u00e9 et votre guide officiel.","og_url":"https:\/\/tourtravelandmore.com\/fr\/tours\/espagne-fr\/mallorca-fr\/visite-privee-des-grottes-du-drach\/","og_site_name":"Tour Travel And More","article_publisher":"https:\/\/www.facebook.com\/tourtravelandmore\/","article_modified_time":"2023-11-17T13:32:54+00:00","og_image":[{"width":960,"height":640,"url":"https:\/\/tourtravelandmore.com\/wp-content\/uploads\/2020\/03\/cueva-1.jpg","type":"image\/jpeg"}],"twitter_card":"summary_large_image","twitter_site":"@TourTravel_More","twitter_misc":{"Dur\u00e9e de lecture estim\u00e9e":"3 minutes"},"schema":{"@context":"https:\/\/schema.org","@graph":[{"@type":"WebPage","@id":"https:\/\/tourtravelandmore.com\/fr\/tours\/espagne-fr\/mallorca-fr\/visite-privee-des-grottes-du-drach\/","url":"https:\/\/tourtravelandmore.com\/fr\/tours\/espagne-fr\/mallorca-fr\/visite-privee-des-grottes-du-drach\/","name":"Visite priv\u00e9e des grottes du Drach - Billets d'entr\u00e9e et guide officiel","isPartOf":{"@id":"https:\/\/tourtravelandmore.com\/fr\/#website"},"primaryImageOfPage":{"@id":"https:\/\/tourtravelandmore.com\/fr\/tours\/espagne-fr\/mallorca-fr\/visite-privee-des-grottes-du-drach\/#primaryimage"},"image":{"@id":"https:\/\/tourtravelandmore.com\/fr\/tours\/espagne-fr\/mallorca-fr\/visite-privee-des-grottes-du-drach\/#primaryimage"},"thumbnailUrl":"https:\/\/tourtravelandmore.com\/wp-content\/uploads\/2020\/03\/cueva-1.jpg","datePublished":"2020-03-16T14:40:40+00:00","dateModified":"2023-11-17T13:32:54+00:00","description":"Visite priv\u00e9e des grottes du Drach. D\u00e9couvrez l'une des attractions les plus visit\u00e9es de Majorque avec votre chauffeur priv\u00e9 et votre guide officiel.","breadcrumb":{"@id":"https:\/\/tourtravelandmore.com\/fr\/tours\/espagne-fr\/mallorca-fr\/visite-privee-des-grottes-du-drach\/#breadcrumb"},"inLanguage":"fr-FR","potentialAction":[{"@type":"ReadAction","target":["https:\/\/tourtravelandmore.com\/fr\/tours\/espagne-fr\/mallorca-fr\/visite-privee-des-grottes-du-drach\/"]}]},{"@type":"ImageObject","inLanguage":"fr-FR","@id":"https:\/\/tourtravelandmore.com\/fr\/tours\/espagne-fr\/mallorca-fr\/visite-privee-des-grottes-du-drach\/#primaryimage","url":"https:\/\/tourtravelandmore.com\/wp-content\/uploads\/2020\/03\/cueva-1.jpg","contentUrl":"https:\/\/tourtravelandmore.com\/wp-content\/uploads\/2020\/03\/cueva-1.jpg","width":960,"height":640},{"@type":"BreadcrumbList","@id":"https:\/\/tourtravelandmore.com\/fr\/tours\/espagne-fr\/mallorca-fr\/visite-privee-des-grottes-du-drach\/#breadcrumb","itemListElement":[{"@type":"ListItem","position":1,"name":"Home","item":"https:\/\/tourtravelandmore.com\/fr\/"},{"@type":"ListItem","position":2,"name":"Tours","item":"https:\/\/tourtravelandmore.com\/fr\/tours\/"},{"@type":"ListItem","position":3,"name":"Visite priv\u00e9e des grottes du Drach"}]},{"@type":"WebSite","@id":"https:\/\/tourtravelandmore.com\/fr\/#website","url":"https:\/\/tourtravelandmore.com\/fr\/","name":"Tour Travel And More","description":"Private sightseeing tours and luxury transfers in Spain","publisher":{"@id":"https:\/\/tourtravelandmore.com\/fr\/#organization"},"potentialAction":[{"@type":"SearchAction","target":{"@type":"EntryPoint","urlTemplate":"https:\/\/tourtravelandmore.com\/fr\/?s={search_term_string}"},"query-input":{"@type":"PropertyValueSpecification","valueRequired":true,"valueName":"search_term_string"}}],"inLanguage":"fr-FR"},{"@type":"Organization","@id":"https:\/\/tourtravelandmore.com\/fr\/#organization","name":"Tour Travel And More","url":"https:\/\/tourtravelandmore.com\/fr\/","logo":{"@type":"ImageObject","inLanguage":"fr-FR","@id":"https:\/\/tourtravelandmore.com\/fr\/#\/schema\/logo\/image\/","url":"https:\/\/tourtravelandmore.com\/wp-content\/uploads\/2022\/12\/cropped-logo-cabecera-new.png","contentUrl":"https:\/\/tourtravelandmore.com\/wp-content\/uploads\/2022\/12\/cropped-logo-cabecera-new.png","width":430,"height":61,"caption":"Tour Travel And More"},"image":{"@id":"https:\/\/tourtravelandmore.com\/fr\/#\/schema\/logo\/image\/"},"sameAs":["https:\/\/www.facebook.com\/tourtravelandmore\/","https:\/\/x.com\/TourTravel_More"]}]}},"_links":{"self":[{"href":"https:\/\/tourtravelandmore.com\/fr\/wp-json\/wp\/v2\/product\/100128","targetHints":{"allow":["GET"]}}],"collection":[{"href":"https:\/\/tourtravelandmore.com\/fr\/wp-json\/wp\/v2\/product"}],"about":[{"href":"https:\/\/tourtravelandmore.com\/fr\/wp-json\/wp\/v2\/types\/product"}],"replies":[{"embeddable":true,"href":"https:\/\/tourtravelandmore.com\/fr\/wp-json\/wp\/v2\/comments?post=100128"}],"wp:featuredmedia":[{"embeddable":true,"href":"https:\/\/tourtravelandmore.com\/fr\/wp-json\/wp\/v2\/media\/97320"}],"wp:attachment":[{"href":"https:\/\/tourtravelandmore.com\/fr\/wp-json\/wp\/v2\/media?parent=100128"}],"wp:term":[{"taxonomy":"product_brand","embeddable":true,"href":"https:\/\/tourtravelandmore.com\/fr\/wp-json\/wp\/v2\/product_brand?post=100128"},{"taxonomy":"product_cat","embeddable":true,"href":"https:\/\/tourtravelandmore.com\/fr\/wp-json\/wp\/v2\/product_cat?post=100128"},{"taxonomy":"product_tag","embeddable":true,"href":"https:\/\/tourtravelandmore.com\/fr\/wp-json\/wp\/v2\/product_tag?post=100128"}],"curies":[{"name":"wp","href":"https:\/\/api.w.org\/{rel}","templated":true}]}}