{"id":100123,"date":"2020-03-16T15:23:45","date_gmt":"2020-03-16T14:23:45","guid":{"rendered":"https:\/\/tourtravelandmore.com\/tours\/non%20class\u00e9\/visite-privee-a-pied-de-palma-de-majorque\/"},"modified":"2023-10-09T17:58:51","modified_gmt":"2023-10-09T15:58:51","slug":"visite-privee-a-pied-de-palma-de-majorque","status":"publish","type":"product","link":"https:\/\/tourtravelandmore.com\/fr\/tours\/espagne-fr\/mallorca-fr\/visite-privee-a-pied-de-palma-de-majorque\/","title":{"rendered":"Visite priv\u00e9e \u00e0 pied de Palma de Majorque"},"content":{"rendered":"<h2>Description<\/h2>\n<p>Venez avec nous et profitez de cette visite priv\u00e9e \u00e0 pied de Palma de Majorque. Laissez-vous fasciner par son architecture. C&#8217;est une histoire et un h\u00e9ritage culturel qui m\u00eale les influences des anciens Romains, musulmans, juifs et chr\u00e9tiens.<\/p>\n<p>Au cours de cette belle et informative promenade, vous compterez sur la compagnie d&#8217;un guide priv\u00e9. C&#8217;est aussi un grand connaisseur de la r\u00e9gion, de son histoire, de ses l\u00e9gendes. Ce sont les anecdotes les plus int\u00e9ressantes qui ont servi \u00e0 faire de l&#8217;\u00eele principale l&#8217;un des joyaux les plus pr\u00e9cieux de l&#8217;ancien royaume d&#8217;Aragon.<\/p>\n<h2>Sites d&#8217;int\u00e9r\u00eat et monuments<\/h2>\n<p>Commen\u00e7ons cette visite priv\u00e9e \u00e0 pied de Palma de Majorque. L&#8217;itin\u00e9raire est cr\u00e9\u00e9 pour vous. Il y a certains endroits \u00e0 ne pas manquer \u00e0 Palma de Majorque. Il s&#8217;agit de la cath\u00e9drale de Santa Mar\u00eda de Palma de Majorque. Il est consid\u00e9r\u00e9 comme le tr\u00e9sor architectural le plus pr\u00e9cieux de toute l&#8217;\u00eele. Cela a la plus grande rosace du monde qui culmine \u00e0 une cath\u00e9drale gothique.<\/p>\n<p>\u00c0 l&#8217;int\u00e9rieur de la cath\u00e9drale, vous pourrez photographier les diff\u00e9rents motifs g\u00e9om\u00e9triques qui ornent la structure, vous \u00e9merveiller devant les vitraux. Sentez-vous transport\u00e9 dans une autre \u00e9poque en marchant sous ses d\u00f4mes.<\/p>\n<p>La prochaine \u00e9tape de cette visite sera le Palais Royal de La Almudaina, une incroyable forteresse qui a servi de r\u00e9sidence aux rois de Majorque et plus tard aux vice-rois et gouverneurs qui ont exerc\u00e9 le pouvoir politique sur l&#8217;\u00eele aux XIIIe et XIVe si\u00e8cles.<\/p>\n<p>Nous traverserons la vieille ville o\u00f9 nous admirerons les cours traditionnelles majorquines, jusqu&#8217;\u00e0 la Plaza de Cort, o\u00f9 se dresse le majestueux b\u00e2timent de l&#8217;h\u00f4tel de ville de Palma.<\/p>\n<p>Mais notre aventure ne pourrait pas \u00eatre compl\u00e8te si nous ne visitons pas l&#8217;ancien quartier juif de l&#8217;\u00eele et marchons dans les rues \u00e9troites de \u00abl&#8217;appel\u00bb, telles que Sun Street et Mount Zion Street, dans ce dernier nous ferons une courte halte devant l&#8217;\u00e9glise du mont Sion qui \u00e9tait autrefois une synagogue juive.<\/p>\n<p>Pour terminer la visite, nous nous dirigerons vers la Plaza de Espa\u00f1a (la place d&#8217;Espagne), l&#8217;endroit le plus central de Majorque et le lieu officiel o\u00f9 se terminera votre merveilleuse visite de 4 heures de Palma de Majorque.<\/p>\n<p>D\u00e9couvrez nos visites priv\u00e9es \u00e0 Majorque. Nous proposons des visites priv\u00e9es dans n&#8217;importe quel endroit en Espagne et bien s\u00fbr dans n&#8217;importe quel port de croisi\u00e8re de votre choix.<\/p>\n","protected":false},"excerpt":{"rendered":"<p>Visite priv\u00e9e \u00e0 pied de Palma de Majorque. Profitez de cette occasion pour d\u00e9couvrir les lieux les plus embl\u00e9matiques de Palma de Majorque dans cette exp\u00e9rience unique. Guide touristique officiel priv\u00e9.<\/p>\n","protected":false},"featured_media":97314,"comment_status":"open","ping_status":"closed","template":"","meta":{"_acf_changed":false},"product_brand":[],"product_cat":[4472,4473,3634],"product_tag":[],"class_list":{"0":"post-100123","1":"product","2":"type-product","3":"status-publish","4":"has-post-thumbnail","6":"product_cat-all-private-tours-activities-fr-23","7":"product_cat-private-walking-tours-fr-10","8":"product_cat-mallorca-fr","10":"first","11":"instock","12":"shipping-taxable","13":"purchasable","14":"product-type-simple"},"acf":[],"yoast_head":"<!-- This site is optimized with the Yoast SEO Premium plugin v25.3.1 (Yoast SEO v25.3.1) - https:\/\/yoast.com\/wordpress\/plugins\/seo\/ -->\n<title>Visite priv\u00e9e \u00e0 pied de Palma de Majorque - Guide officiel priv\u00e9<\/title>\n<meta name=\"description\" content=\"Visite priv\u00e9e \u00e0 pied de Palma de Majorque. Profitez de cette occasion pour d\u00e9couvrir les lieux les plus embl\u00e9matiques de Palma de Majorque dans cette exp\u00e9rience unique.\" \/>\n<meta name=\"robots\" content=\"index, follow, max-snippet:-1, max-image-preview:large, max-video-preview:-1\" \/>\n<link rel=\"canonical\" href=\"https:\/\/tourtravelandmore.com\/fr\/tours\/espagne-fr\/mallorca-fr\/visite-privee-a-pied-de-palma-de-majorque\/\" \/>\n<meta property=\"og:locale\" content=\"fr_FR\" \/>\n<meta property=\"og:type\" content=\"article\" \/>\n<meta property=\"og:title\" content=\"Visite priv\u00e9e \u00e0 pied de Palma de Majorque\" \/>\n<meta property=\"og:description\" content=\"Visite priv\u00e9e \u00e0 pied de Palma de Majorque. Profitez de cette occasion pour d\u00e9couvrir les lieux les plus embl\u00e9matiques de Palma de Majorque dans cette exp\u00e9rience unique.\" \/>\n<meta property=\"og:url\" content=\"https:\/\/tourtravelandmore.com\/fr\/tours\/espagne-fr\/mallorca-fr\/visite-privee-a-pied-de-palma-de-majorque\/\" \/>\n<meta property=\"og:site_name\" content=\"Tour Travel And More\" \/>\n<meta property=\"article:publisher\" content=\"https:\/\/www.facebook.com\/tourtravelandmore\/\" \/>\n<meta property=\"article:modified_time\" content=\"2023-10-09T15:58:51+00:00\" \/>\n<meta property=\"og:image\" content=\"https:\/\/tourtravelandmore.com\/wp-content\/uploads\/2020\/03\/palma-1-scaled.jpg\" \/>\n\t<meta property=\"og:image:width\" content=\"2560\" \/>\n\t<meta property=\"og:image:height\" content=\"1561\" \/>\n\t<meta property=\"og:image:type\" content=\"image\/jpeg\" \/>\n<meta name=\"twitter:card\" content=\"summary_large_image\" \/>\n<meta name=\"twitter:site\" content=\"@TourTravel_More\" \/>\n<meta name=\"twitter:label1\" content=\"Dur\u00e9e de lecture estim\u00e9e\" \/>\n\t<meta name=\"twitter:data1\" content=\"2 minutes\" \/>\n<script type=\"application\/ld+json\" class=\"yoast-schema-graph\">{\"@context\":\"https:\/\/schema.org\",\"@graph\":[{\"@type\":\"WebPage\",\"@id\":\"https:\/\/tourtravelandmore.com\/fr\/tours\/espagne-fr\/mallorca-fr\/visite-privee-a-pied-de-palma-de-majorque\/\",\"url\":\"https:\/\/tourtravelandmore.com\/fr\/tours\/espagne-fr\/mallorca-fr\/visite-privee-a-pied-de-palma-de-majorque\/\",\"name\":\"Visite priv\u00e9e \u00e0 pied de Palma de Majorque - Guide officiel priv\u00e9\",\"isPartOf\":{\"@id\":\"https:\/\/tourtravelandmore.com\/fr\/#website\"},\"primaryImageOfPage\":{\"@id\":\"https:\/\/tourtravelandmore.com\/fr\/tours\/espagne-fr\/mallorca-fr\/visite-privee-a-pied-de-palma-de-majorque\/#primaryimage\"},\"image\":{\"@id\":\"https:\/\/tourtravelandmore.com\/fr\/tours\/espagne-fr\/mallorca-fr\/visite-privee-a-pied-de-palma-de-majorque\/#primaryimage\"},\"thumbnailUrl\":\"https:\/\/tourtravelandmore.com\/wp-content\/uploads\/2020\/03\/palma-1-scaled.jpg\",\"datePublished\":\"2020-03-16T14:23:45+00:00\",\"dateModified\":\"2023-10-09T15:58:51+00:00\",\"description\":\"Visite priv\u00e9e \u00e0 pied de Palma de Majorque. Profitez de cette occasion pour d\u00e9couvrir les lieux les plus embl\u00e9matiques de Palma de Majorque dans cette exp\u00e9rience unique.\",\"breadcrumb\":{\"@id\":\"https:\/\/tourtravelandmore.com\/fr\/tours\/espagne-fr\/mallorca-fr\/visite-privee-a-pied-de-palma-de-majorque\/#breadcrumb\"},\"inLanguage\":\"fr-FR\",\"potentialAction\":[{\"@type\":\"ReadAction\",\"target\":[\"https:\/\/tourtravelandmore.com\/fr\/tours\/espagne-fr\/mallorca-fr\/visite-privee-a-pied-de-palma-de-majorque\/\"]}]},{\"@type\":\"ImageObject\",\"inLanguage\":\"fr-FR\",\"@id\":\"https:\/\/tourtravelandmore.com\/fr\/tours\/espagne-fr\/mallorca-fr\/visite-privee-a-pied-de-palma-de-majorque\/#primaryimage\",\"url\":\"https:\/\/tourtravelandmore.com\/wp-content\/uploads\/2020\/03\/palma-1-scaled.jpg\",\"contentUrl\":\"https:\/\/tourtravelandmore.com\/wp-content\/uploads\/2020\/03\/palma-1-scaled.jpg\",\"width\":2560,\"height\":1561},{\"@type\":\"BreadcrumbList\",\"@id\":\"https:\/\/tourtravelandmore.com\/fr\/tours\/espagne-fr\/mallorca-fr\/visite-privee-a-pied-de-palma-de-majorque\/#breadcrumb\",\"itemListElement\":[{\"@type\":\"ListItem\",\"position\":1,\"name\":\"Home\",\"item\":\"https:\/\/tourtravelandmore.com\/fr\/\"},{\"@type\":\"ListItem\",\"position\":2,\"name\":\"Tours\",\"item\":\"https:\/\/tourtravelandmore.com\/fr\/tours\/\"},{\"@type\":\"ListItem\",\"position\":3,\"name\":\"Visite priv\u00e9e \u00e0 pied de Palma de Majorque\"}]},{\"@type\":\"WebSite\",\"@id\":\"https:\/\/tourtravelandmore.com\/fr\/#website\",\"url\":\"https:\/\/tourtravelandmore.com\/fr\/\",\"name\":\"Tour Travel And More\",\"description\":\"Private sightseeing tours and luxury transfers in Spain\",\"publisher\":{\"@id\":\"https:\/\/tourtravelandmore.com\/fr\/#organization\"},\"potentialAction\":[{\"@type\":\"SearchAction\",\"target\":{\"@type\":\"EntryPoint\",\"urlTemplate\":\"https:\/\/tourtravelandmore.com\/fr\/?s={search_term_string}\"},\"query-input\":{\"@type\":\"PropertyValueSpecification\",\"valueRequired\":true,\"valueName\":\"search_term_string\"}}],\"inLanguage\":\"fr-FR\"},{\"@type\":\"Organization\",\"@id\":\"https:\/\/tourtravelandmore.com\/fr\/#organization\",\"name\":\"Tour Travel And More\",\"url\":\"https:\/\/tourtravelandmore.com\/fr\/\",\"logo\":{\"@type\":\"ImageObject\",\"inLanguage\":\"fr-FR\",\"@id\":\"https:\/\/tourtravelandmore.com\/fr\/#\/schema\/logo\/image\/\",\"url\":\"https:\/\/tourtravelandmore.com\/wp-content\/uploads\/2022\/12\/cropped-logo-cabecera-new.png\",\"contentUrl\":\"https:\/\/tourtravelandmore.com\/wp-content\/uploads\/2022\/12\/cropped-logo-cabecera-new.png\",\"width\":430,\"height\":61,\"caption\":\"Tour Travel And More\"},\"image\":{\"@id\":\"https:\/\/tourtravelandmore.com\/fr\/#\/schema\/logo\/image\/\"},\"sameAs\":[\"https:\/\/www.facebook.com\/tourtravelandmore\/\",\"https:\/\/x.com\/TourTravel_More\"]}]}<\/script>\n<!-- \/ Yoast SEO Premium plugin. -->","yoast_head_json":{"title":"Visite priv\u00e9e \u00e0 pied de Palma de Majorque - Guide officiel priv\u00e9","description":"Visite priv\u00e9e \u00e0 pied de Palma de Majorque. Profitez de cette occasion pour d\u00e9couvrir les lieux les plus embl\u00e9matiques de Palma de Majorque dans cette exp\u00e9rience unique.","robots":{"index":"index","follow":"follow","max-snippet":"max-snippet:-1","max-image-preview":"max-image-preview:large","max-video-preview":"max-video-preview:-1"},"canonical":"https:\/\/tourtravelandmore.com\/fr\/tours\/espagne-fr\/mallorca-fr\/visite-privee-a-pied-de-palma-de-majorque\/","og_locale":"fr_FR","og_type":"article","og_title":"Visite priv\u00e9e \u00e0 pied de Palma de Majorque","og_description":"Visite priv\u00e9e \u00e0 pied de Palma de Majorque. Profitez de cette occasion pour d\u00e9couvrir les lieux les plus embl\u00e9matiques de Palma de Majorque dans cette exp\u00e9rience unique.","og_url":"https:\/\/tourtravelandmore.com\/fr\/tours\/espagne-fr\/mallorca-fr\/visite-privee-a-pied-de-palma-de-majorque\/","og_site_name":"Tour Travel And More","article_publisher":"https:\/\/www.facebook.com\/tourtravelandmore\/","article_modified_time":"2023-10-09T15:58:51+00:00","og_image":[{"width":2560,"height":1561,"url":"https:\/\/tourtravelandmore.com\/wp-content\/uploads\/2020\/03\/palma-1-scaled.jpg","type":"image\/jpeg"}],"twitter_card":"summary_large_image","twitter_site":"@TourTravel_More","twitter_misc":{"Dur\u00e9e de lecture estim\u00e9e":"2 minutes"},"schema":{"@context":"https:\/\/schema.org","@graph":[{"@type":"WebPage","@id":"https:\/\/tourtravelandmore.com\/fr\/tours\/espagne-fr\/mallorca-fr\/visite-privee-a-pied-de-palma-de-majorque\/","url":"https:\/\/tourtravelandmore.com\/fr\/tours\/espagne-fr\/mallorca-fr\/visite-privee-a-pied-de-palma-de-majorque\/","name":"Visite priv\u00e9e \u00e0 pied de Palma de Majorque - Guide officiel priv\u00e9","isPartOf":{"@id":"https:\/\/tourtravelandmore.com\/fr\/#website"},"primaryImageOfPage":{"@id":"https:\/\/tourtravelandmore.com\/fr\/tours\/espagne-fr\/mallorca-fr\/visite-privee-a-pied-de-palma-de-majorque\/#primaryimage"},"image":{"@id":"https:\/\/tourtravelandmore.com\/fr\/tours\/espagne-fr\/mallorca-fr\/visite-privee-a-pied-de-palma-de-majorque\/#primaryimage"},"thumbnailUrl":"https:\/\/tourtravelandmore.com\/wp-content\/uploads\/2020\/03\/palma-1-scaled.jpg","datePublished":"2020-03-16T14:23:45+00:00","dateModified":"2023-10-09T15:58:51+00:00","description":"Visite priv\u00e9e \u00e0 pied de Palma de Majorque. Profitez de cette occasion pour d\u00e9couvrir les lieux les plus embl\u00e9matiques de Palma de Majorque dans cette exp\u00e9rience unique.","breadcrumb":{"@id":"https:\/\/tourtravelandmore.com\/fr\/tours\/espagne-fr\/mallorca-fr\/visite-privee-a-pied-de-palma-de-majorque\/#breadcrumb"},"inLanguage":"fr-FR","potentialAction":[{"@type":"ReadAction","target":["https:\/\/tourtravelandmore.com\/fr\/tours\/espagne-fr\/mallorca-fr\/visite-privee-a-pied-de-palma-de-majorque\/"]}]},{"@type":"ImageObject","inLanguage":"fr-FR","@id":"https:\/\/tourtravelandmore.com\/fr\/tours\/espagne-fr\/mallorca-fr\/visite-privee-a-pied-de-palma-de-majorque\/#primaryimage","url":"https:\/\/tourtravelandmore.com\/wp-content\/uploads\/2020\/03\/palma-1-scaled.jpg","contentUrl":"https:\/\/tourtravelandmore.com\/wp-content\/uploads\/2020\/03\/palma-1-scaled.jpg","width":2560,"height":1561},{"@type":"BreadcrumbList","@id":"https:\/\/tourtravelandmore.com\/fr\/tours\/espagne-fr\/mallorca-fr\/visite-privee-a-pied-de-palma-de-majorque\/#breadcrumb","itemListElement":[{"@type":"ListItem","position":1,"name":"Home","item":"https:\/\/tourtravelandmore.com\/fr\/"},{"@type":"ListItem","position":2,"name":"Tours","item":"https:\/\/tourtravelandmore.com\/fr\/tours\/"},{"@type":"ListItem","position":3,"name":"Visite priv\u00e9e \u00e0 pied de Palma de Majorque"}]},{"@type":"WebSite","@id":"https:\/\/tourtravelandmore.com\/fr\/#website","url":"https:\/\/tourtravelandmore.com\/fr\/","name":"Tour Travel And More","description":"Private sightseeing tours and luxury transfers in Spain","publisher":{"@id":"https:\/\/tourtravelandmore.com\/fr\/#organization"},"potentialAction":[{"@type":"SearchAction","target":{"@type":"EntryPoint","urlTemplate":"https:\/\/tourtravelandmore.com\/fr\/?s={search_term_string}"},"query-input":{"@type":"PropertyValueSpecification","valueRequired":true,"valueName":"search_term_string"}}],"inLanguage":"fr-FR"},{"@type":"Organization","@id":"https:\/\/tourtravelandmore.com\/fr\/#organization","name":"Tour Travel And More","url":"https:\/\/tourtravelandmore.com\/fr\/","logo":{"@type":"ImageObject","inLanguage":"fr-FR","@id":"https:\/\/tourtravelandmore.com\/fr\/#\/schema\/logo\/image\/","url":"https:\/\/tourtravelandmore.com\/wp-content\/uploads\/2022\/12\/cropped-logo-cabecera-new.png","contentUrl":"https:\/\/tourtravelandmore.com\/wp-content\/uploads\/2022\/12\/cropped-logo-cabecera-new.png","width":430,"height":61,"caption":"Tour Travel And More"},"image":{"@id":"https:\/\/tourtravelandmore.com\/fr\/#\/schema\/logo\/image\/"},"sameAs":["https:\/\/www.facebook.com\/tourtravelandmore\/","https:\/\/x.com\/TourTravel_More"]}]}},"_links":{"self":[{"href":"https:\/\/tourtravelandmore.com\/fr\/wp-json\/wp\/v2\/product\/100123","targetHints":{"allow":["GET"]}}],"collection":[{"href":"https:\/\/tourtravelandmore.com\/fr\/wp-json\/wp\/v2\/product"}],"about":[{"href":"https:\/\/tourtravelandmore.com\/fr\/wp-json\/wp\/v2\/types\/product"}],"replies":[{"embeddable":true,"href":"https:\/\/tourtravelandmore.com\/fr\/wp-json\/wp\/v2\/comments?post=100123"}],"wp:featuredmedia":[{"embeddable":true,"href":"https:\/\/tourtravelandmore.com\/fr\/wp-json\/wp\/v2\/media\/97314"}],"wp:attachment":[{"href":"https:\/\/tourtravelandmore.com\/fr\/wp-json\/wp\/v2\/media?parent=100123"}],"wp:term":[{"taxonomy":"product_brand","embeddable":true,"href":"https:\/\/tourtravelandmore.com\/fr\/wp-json\/wp\/v2\/product_brand?post=100123"},{"taxonomy":"product_cat","embeddable":true,"href":"https:\/\/tourtravelandmore.com\/fr\/wp-json\/wp\/v2\/product_cat?post=100123"},{"taxonomy":"product_tag","embeddable":true,"href":"https:\/\/tourtravelandmore.com\/fr\/wp-json\/wp\/v2\/product_tag?post=100123"}],"curies":[{"name":"wp","href":"https:\/\/api.w.org\/{rel}","templated":true}]}}