{"id":100118,"date":"2020-03-16T14:59:03","date_gmt":"2020-03-16T13:59:03","guid":{"rendered":"https:\/\/tourtravelandmore.com\/tours\/non%20class\u00e9\/visite-privee-de-la-cathedrale-de-majorque\/"},"modified":"2023-11-17T14:28:04","modified_gmt":"2023-11-17T13:28:04","slug":"visite-privee-a-pied-de-palma-de-majorque-avec-la-cathedrale","status":"publish","type":"product","link":"https:\/\/tourtravelandmore.com\/fr\/tours\/espagne-fr\/mallorca-fr\/visite-privee-a-pied-de-palma-de-majorque-avec-la-cathedrale\/","title":{"rendered":"Visite priv\u00e9e \u00e0 pied de Palma de Majorque avec la cath\u00e9drale"},"content":{"rendered":"<h2>Description<\/h2>\n<p>Avec cette visite priv\u00e9e de 3 heures de la cath\u00e9drale de Majorque. Vous admirerez l&#8217;un des joyaux architecturaux les plus incroyables qui existent encore au monde. Beaucoup diront que ce n&#8217;est qu&#8217;une autre \u00e9glise gothique, mais en r\u00e9alit\u00e9 c&#8217;est bien plus que cela.<\/p>\n<p>Aussi connu sous le nom de Seu, sa forme rappelle un navire amarr\u00e9 sur la falaise face \u00e0 la mer. Vraiment une merveille monumentale qui vous coupera le souffle.<\/p>\n<p>Lors de cette visite, vous aurez \u00e0 votre disposition un guide priv\u00e9 bilingue. Votre guide r\u00e9pondra \u00e0 toutes vos questions et vous emm\u00e8nera d\u00e9couvrir les d\u00e9tails les plus secrets de cette belle construction. Ainsi que son histoire, son sens et le r\u00f4le qu&#8217;il a jou\u00e9 dans l&#8217;histoire du Royaume d&#8217;Aragon.<\/p>\n<h2>Sites d&#8217;int\u00e9r\u00eat et monuments<\/h2>\n<p>La premi\u00e8re chose que nous devons souligner de cette visite priv\u00e9e de la cath\u00e9drale de Majorque est qu&#8217;elle comprend d\u00e9j\u00e0 les billets d&#8217;entr\u00e9e au b\u00e2timent. C&#8217;est une excellente nouvelle si l&#8217;on tient compte du fait que chaque jour, de longues files d&#8217;attente sont faites pour pouvoir entrer dans ce c\u00e9l\u00e8bre monument.<\/p>\n<p>La prochaine chose \u00e0 noter est que votre guide priv\u00e9 est un grand connaisseur \u00e0 la fois de l&#8217;architecture et de l&#8217;histoire de la cath\u00e9drale. C&#8217;est pourquoi la visite commence devant la fa\u00e7ade du b\u00e2timent pour admirer la plus grande rosace du monde en ce qui concerne les \u00e9glises gothiques. Ensuite, nous prendrons un peu de temps pour que vous puissiez appr\u00e9cier en d\u00e9tail les impressionnantes colonnes de la porte principale et les sculptures de Guillermo Sagrera dans la porte du Mirador.<\/p>\n<p>En entrant \u00e0 l&#8217;int\u00e9rieur de l&#8217;enceinte, vous remarquerez les trois nefs qui composent l&#8217;ensemble du complexe. Dans la nef principale ou centrale, nous trouverons la chapelle de la Trinit\u00e9. C&#8217;est le lieu de repos des rois Jaime II et Jaime III. M\u00eame si c&#8217;est Jaime II qui a ordonn\u00e9 d&#8217;\u00e9riger cette impressionnante structure pendant son r\u00e8gne en utilisant du gr\u00e8s typique de la r\u00e9gion. Dans le seul but de d\u00e9molir les derni\u00e8res interstices de la mosqu\u00e9e musulmane rest\u00e9e sur l&#8217;\u00eele.<\/p>\n<p>Il est \u00e0 noter que cette construction est le b\u00e2timent gothique qui b\u00e9n\u00e9ficie d&#8217;une plus grande quantit\u00e9 d&#8217;espace libre \u00e0 l&#8217;int\u00e9rieur. En plus d&#8217;une plus grande quantit\u00e9 de lumi\u00e8re naturelle, due \u00e0 la disposition et \u00e0 la taille des vitraux qui l&#8217;ornent\u2026 C&#8217;est vraiment une \u00e9tape incontournable si vous allez visiter l&#8217;\u00eele de Palma de Majorque.<\/p>\n<p>D\u00e9couvrez toutes les autres visites priv\u00e9es propos\u00e9es. Visites de la ville, visites si l&#8217;\u00eele ou ce que vous voulez!<\/p>\n","protected":false},"excerpt":{"rendered":"<p>Profitez de cette visite priv\u00e9e enti\u00e8rement personnalis\u00e9e de 2 heures de la cath\u00e9drale de Palma de Majorque avec votre guide officiel. Visitez l&#8217;un des monuments les plus visit\u00e9s de l&#8217;\u00eele des Bal\u00e9ares et d\u00e9couvrez l&#8217;histoire et l&#8217;architecture de cette cath\u00e9drale amazonienne.<\/p>\n","protected":false},"featured_media":97309,"comment_status":"open","ping_status":"closed","template":"","meta":{"_acf_changed":false},"product_brand":[],"product_cat":[4472,4473,3634],"product_tag":[],"class_list":{"0":"post-100118","1":"product","2":"type-product","3":"status-publish","4":"has-post-thumbnail","6":"product_cat-all-private-tours-activities-fr-23","7":"product_cat-private-walking-tours-fr-10","8":"product_cat-mallorca-fr","10":"first","11":"instock","12":"shipping-taxable","13":"purchasable","14":"product-type-simple"},"acf":[],"yoast_head":"<!-- This site is optimized with the Yoast SEO Premium plugin v25.3.1 (Yoast SEO v25.3.1) - https:\/\/yoast.com\/wordpress\/plugins\/seo\/ -->\n<title>Visite priv\u00e9e de la cath\u00e9drale de Majorque - Guide officiel priv\u00e9 et entr\u00e9e<\/title>\n<meta name=\"description\" content=\"Visite priv\u00e9e de la cath\u00e9drale de Majorque. Visitez ce site touristique magnifique et populaire avec votre guide officiel priv\u00e9. Billets d&#039;entr\u00e9e inclus.\" \/>\n<meta name=\"robots\" content=\"index, follow, max-snippet:-1, max-image-preview:large, max-video-preview:-1\" \/>\n<link rel=\"canonical\" href=\"https:\/\/tourtravelandmore.com\/fr\/tours\/espagne-fr\/mallorca-fr\/visite-privee-a-pied-de-palma-de-majorque-avec-la-cathedrale\/\" \/>\n<meta property=\"og:locale\" content=\"fr_FR\" \/>\n<meta property=\"og:type\" content=\"article\" \/>\n<meta property=\"og:title\" content=\"Visite priv\u00e9e \u00e0 pied de Palma de Majorque avec la cath\u00e9drale\" \/>\n<meta property=\"og:description\" content=\"Visite priv\u00e9e de la cath\u00e9drale de Majorque. Visitez ce site touristique magnifique et populaire avec votre guide officiel priv\u00e9. Billets d&#039;entr\u00e9e inclus.\" \/>\n<meta property=\"og:url\" content=\"https:\/\/tourtravelandmore.com\/fr\/tours\/espagne-fr\/mallorca-fr\/visite-privee-a-pied-de-palma-de-majorque-avec-la-cathedrale\/\" \/>\n<meta property=\"og:site_name\" content=\"Tour Travel And More\" \/>\n<meta property=\"article:publisher\" content=\"https:\/\/www.facebook.com\/tourtravelandmore\/\" \/>\n<meta property=\"article:modified_time\" content=\"2023-11-17T13:28:04+00:00\" \/>\n<meta property=\"og:image\" content=\"https:\/\/tourtravelandmore.com\/wp-content\/uploads\/2020\/03\/mallorca-1-scaled.jpg\" \/>\n\t<meta property=\"og:image:width\" content=\"2560\" \/>\n\t<meta property=\"og:image:height\" content=\"1700\" \/>\n\t<meta property=\"og:image:type\" content=\"image\/jpeg\" \/>\n<meta name=\"twitter:card\" content=\"summary_large_image\" \/>\n<meta name=\"twitter:site\" content=\"@TourTravel_More\" \/>\n<meta name=\"twitter:label1\" content=\"Dur\u00e9e de lecture estim\u00e9e\" \/>\n\t<meta name=\"twitter:data1\" content=\"2 minutes\" \/>\n<script type=\"application\/ld+json\" class=\"yoast-schema-graph\">{\"@context\":\"https:\/\/schema.org\",\"@graph\":[{\"@type\":\"WebPage\",\"@id\":\"https:\/\/tourtravelandmore.com\/fr\/tours\/espagne-fr\/mallorca-fr\/visite-privee-a-pied-de-palma-de-majorque-avec-la-cathedrale\/\",\"url\":\"https:\/\/tourtravelandmore.com\/fr\/tours\/espagne-fr\/mallorca-fr\/visite-privee-a-pied-de-palma-de-majorque-avec-la-cathedrale\/\",\"name\":\"Visite priv\u00e9e de la cath\u00e9drale de Majorque - Guide officiel priv\u00e9 et entr\u00e9e\",\"isPartOf\":{\"@id\":\"https:\/\/tourtravelandmore.com\/fr\/#website\"},\"primaryImageOfPage\":{\"@id\":\"https:\/\/tourtravelandmore.com\/fr\/tours\/espagne-fr\/mallorca-fr\/visite-privee-a-pied-de-palma-de-majorque-avec-la-cathedrale\/#primaryimage\"},\"image\":{\"@id\":\"https:\/\/tourtravelandmore.com\/fr\/tours\/espagne-fr\/mallorca-fr\/visite-privee-a-pied-de-palma-de-majorque-avec-la-cathedrale\/#primaryimage\"},\"thumbnailUrl\":\"https:\/\/tourtravelandmore.com\/wp-content\/uploads\/2020\/03\/mallorca-1-scaled.jpg\",\"datePublished\":\"2020-03-16T13:59:03+00:00\",\"dateModified\":\"2023-11-17T13:28:04+00:00\",\"description\":\"Visite priv\u00e9e de la cath\u00e9drale de Majorque. Visitez ce site touristique magnifique et populaire avec votre guide officiel priv\u00e9. Billets d'entr\u00e9e inclus.\",\"breadcrumb\":{\"@id\":\"https:\/\/tourtravelandmore.com\/fr\/tours\/espagne-fr\/mallorca-fr\/visite-privee-a-pied-de-palma-de-majorque-avec-la-cathedrale\/#breadcrumb\"},\"inLanguage\":\"fr-FR\",\"potentialAction\":[{\"@type\":\"ReadAction\",\"target\":[\"https:\/\/tourtravelandmore.com\/fr\/tours\/espagne-fr\/mallorca-fr\/visite-privee-a-pied-de-palma-de-majorque-avec-la-cathedrale\/\"]}]},{\"@type\":\"ImageObject\",\"inLanguage\":\"fr-FR\",\"@id\":\"https:\/\/tourtravelandmore.com\/fr\/tours\/espagne-fr\/mallorca-fr\/visite-privee-a-pied-de-palma-de-majorque-avec-la-cathedrale\/#primaryimage\",\"url\":\"https:\/\/tourtravelandmore.com\/wp-content\/uploads\/2020\/03\/mallorca-1-scaled.jpg\",\"contentUrl\":\"https:\/\/tourtravelandmore.com\/wp-content\/uploads\/2020\/03\/mallorca-1-scaled.jpg\",\"width\":2560,\"height\":1700},{\"@type\":\"BreadcrumbList\",\"@id\":\"https:\/\/tourtravelandmore.com\/fr\/tours\/espagne-fr\/mallorca-fr\/visite-privee-a-pied-de-palma-de-majorque-avec-la-cathedrale\/#breadcrumb\",\"itemListElement\":[{\"@type\":\"ListItem\",\"position\":1,\"name\":\"Home\",\"item\":\"https:\/\/tourtravelandmore.com\/fr\/\"},{\"@type\":\"ListItem\",\"position\":2,\"name\":\"Tours\",\"item\":\"https:\/\/tourtravelandmore.com\/fr\/tours\/\"},{\"@type\":\"ListItem\",\"position\":3,\"name\":\"Visite priv\u00e9e \u00e0 pied de Palma de Majorque avec la cath\u00e9drale\"}]},{\"@type\":\"WebSite\",\"@id\":\"https:\/\/tourtravelandmore.com\/fr\/#website\",\"url\":\"https:\/\/tourtravelandmore.com\/fr\/\",\"name\":\"Tour Travel And More\",\"description\":\"Private sightseeing tours and luxury transfers in Spain\",\"publisher\":{\"@id\":\"https:\/\/tourtravelandmore.com\/fr\/#organization\"},\"potentialAction\":[{\"@type\":\"SearchAction\",\"target\":{\"@type\":\"EntryPoint\",\"urlTemplate\":\"https:\/\/tourtravelandmore.com\/fr\/?s={search_term_string}\"},\"query-input\":{\"@type\":\"PropertyValueSpecification\",\"valueRequired\":true,\"valueName\":\"search_term_string\"}}],\"inLanguage\":\"fr-FR\"},{\"@type\":\"Organization\",\"@id\":\"https:\/\/tourtravelandmore.com\/fr\/#organization\",\"name\":\"Tour Travel And More\",\"url\":\"https:\/\/tourtravelandmore.com\/fr\/\",\"logo\":{\"@type\":\"ImageObject\",\"inLanguage\":\"fr-FR\",\"@id\":\"https:\/\/tourtravelandmore.com\/fr\/#\/schema\/logo\/image\/\",\"url\":\"https:\/\/tourtravelandmore.com\/wp-content\/uploads\/2022\/12\/cropped-logo-cabecera-new.png\",\"contentUrl\":\"https:\/\/tourtravelandmore.com\/wp-content\/uploads\/2022\/12\/cropped-logo-cabecera-new.png\",\"width\":430,\"height\":61,\"caption\":\"Tour Travel And More\"},\"image\":{\"@id\":\"https:\/\/tourtravelandmore.com\/fr\/#\/schema\/logo\/image\/\"},\"sameAs\":[\"https:\/\/www.facebook.com\/tourtravelandmore\/\",\"https:\/\/x.com\/TourTravel_More\"]}]}<\/script>\n<!-- \/ Yoast SEO Premium plugin. -->","yoast_head_json":{"title":"Visite priv\u00e9e de la cath\u00e9drale de Majorque - Guide officiel priv\u00e9 et entr\u00e9e","description":"Visite priv\u00e9e de la cath\u00e9drale de Majorque. Visitez ce site touristique magnifique et populaire avec votre guide officiel priv\u00e9. Billets d'entr\u00e9e inclus.","robots":{"index":"index","follow":"follow","max-snippet":"max-snippet:-1","max-image-preview":"max-image-preview:large","max-video-preview":"max-video-preview:-1"},"canonical":"https:\/\/tourtravelandmore.com\/fr\/tours\/espagne-fr\/mallorca-fr\/visite-privee-a-pied-de-palma-de-majorque-avec-la-cathedrale\/","og_locale":"fr_FR","og_type":"article","og_title":"Visite priv\u00e9e \u00e0 pied de Palma de Majorque avec la cath\u00e9drale","og_description":"Visite priv\u00e9e de la cath\u00e9drale de Majorque. Visitez ce site touristique magnifique et populaire avec votre guide officiel priv\u00e9. Billets d'entr\u00e9e inclus.","og_url":"https:\/\/tourtravelandmore.com\/fr\/tours\/espagne-fr\/mallorca-fr\/visite-privee-a-pied-de-palma-de-majorque-avec-la-cathedrale\/","og_site_name":"Tour Travel And More","article_publisher":"https:\/\/www.facebook.com\/tourtravelandmore\/","article_modified_time":"2023-11-17T13:28:04+00:00","og_image":[{"width":2560,"height":1700,"url":"https:\/\/tourtravelandmore.com\/wp-content\/uploads\/2020\/03\/mallorca-1-scaled.jpg","type":"image\/jpeg"}],"twitter_card":"summary_large_image","twitter_site":"@TourTravel_More","twitter_misc":{"Dur\u00e9e de lecture estim\u00e9e":"2 minutes"},"schema":{"@context":"https:\/\/schema.org","@graph":[{"@type":"WebPage","@id":"https:\/\/tourtravelandmore.com\/fr\/tours\/espagne-fr\/mallorca-fr\/visite-privee-a-pied-de-palma-de-majorque-avec-la-cathedrale\/","url":"https:\/\/tourtravelandmore.com\/fr\/tours\/espagne-fr\/mallorca-fr\/visite-privee-a-pied-de-palma-de-majorque-avec-la-cathedrale\/","name":"Visite priv\u00e9e de la cath\u00e9drale de Majorque - Guide officiel priv\u00e9 et entr\u00e9e","isPartOf":{"@id":"https:\/\/tourtravelandmore.com\/fr\/#website"},"primaryImageOfPage":{"@id":"https:\/\/tourtravelandmore.com\/fr\/tours\/espagne-fr\/mallorca-fr\/visite-privee-a-pied-de-palma-de-majorque-avec-la-cathedrale\/#primaryimage"},"image":{"@id":"https:\/\/tourtravelandmore.com\/fr\/tours\/espagne-fr\/mallorca-fr\/visite-privee-a-pied-de-palma-de-majorque-avec-la-cathedrale\/#primaryimage"},"thumbnailUrl":"https:\/\/tourtravelandmore.com\/wp-content\/uploads\/2020\/03\/mallorca-1-scaled.jpg","datePublished":"2020-03-16T13:59:03+00:00","dateModified":"2023-11-17T13:28:04+00:00","description":"Visite priv\u00e9e de la cath\u00e9drale de Majorque. Visitez ce site touristique magnifique et populaire avec votre guide officiel priv\u00e9. Billets d'entr\u00e9e inclus.","breadcrumb":{"@id":"https:\/\/tourtravelandmore.com\/fr\/tours\/espagne-fr\/mallorca-fr\/visite-privee-a-pied-de-palma-de-majorque-avec-la-cathedrale\/#breadcrumb"},"inLanguage":"fr-FR","potentialAction":[{"@type":"ReadAction","target":["https:\/\/tourtravelandmore.com\/fr\/tours\/espagne-fr\/mallorca-fr\/visite-privee-a-pied-de-palma-de-majorque-avec-la-cathedrale\/"]}]},{"@type":"ImageObject","inLanguage":"fr-FR","@id":"https:\/\/tourtravelandmore.com\/fr\/tours\/espagne-fr\/mallorca-fr\/visite-privee-a-pied-de-palma-de-majorque-avec-la-cathedrale\/#primaryimage","url":"https:\/\/tourtravelandmore.com\/wp-content\/uploads\/2020\/03\/mallorca-1-scaled.jpg","contentUrl":"https:\/\/tourtravelandmore.com\/wp-content\/uploads\/2020\/03\/mallorca-1-scaled.jpg","width":2560,"height":1700},{"@type":"BreadcrumbList","@id":"https:\/\/tourtravelandmore.com\/fr\/tours\/espagne-fr\/mallorca-fr\/visite-privee-a-pied-de-palma-de-majorque-avec-la-cathedrale\/#breadcrumb","itemListElement":[{"@type":"ListItem","position":1,"name":"Home","item":"https:\/\/tourtravelandmore.com\/fr\/"},{"@type":"ListItem","position":2,"name":"Tours","item":"https:\/\/tourtravelandmore.com\/fr\/tours\/"},{"@type":"ListItem","position":3,"name":"Visite priv\u00e9e \u00e0 pied de Palma de Majorque avec la cath\u00e9drale"}]},{"@type":"WebSite","@id":"https:\/\/tourtravelandmore.com\/fr\/#website","url":"https:\/\/tourtravelandmore.com\/fr\/","name":"Tour Travel And More","description":"Private sightseeing tours and luxury transfers in Spain","publisher":{"@id":"https:\/\/tourtravelandmore.com\/fr\/#organization"},"potentialAction":[{"@type":"SearchAction","target":{"@type":"EntryPoint","urlTemplate":"https:\/\/tourtravelandmore.com\/fr\/?s={search_term_string}"},"query-input":{"@type":"PropertyValueSpecification","valueRequired":true,"valueName":"search_term_string"}}],"inLanguage":"fr-FR"},{"@type":"Organization","@id":"https:\/\/tourtravelandmore.com\/fr\/#organization","name":"Tour Travel And More","url":"https:\/\/tourtravelandmore.com\/fr\/","logo":{"@type":"ImageObject","inLanguage":"fr-FR","@id":"https:\/\/tourtravelandmore.com\/fr\/#\/schema\/logo\/image\/","url":"https:\/\/tourtravelandmore.com\/wp-content\/uploads\/2022\/12\/cropped-logo-cabecera-new.png","contentUrl":"https:\/\/tourtravelandmore.com\/wp-content\/uploads\/2022\/12\/cropped-logo-cabecera-new.png","width":430,"height":61,"caption":"Tour Travel And More"},"image":{"@id":"https:\/\/tourtravelandmore.com\/fr\/#\/schema\/logo\/image\/"},"sameAs":["https:\/\/www.facebook.com\/tourtravelandmore\/","https:\/\/x.com\/TourTravel_More"]}]}},"_links":{"self":[{"href":"https:\/\/tourtravelandmore.com\/fr\/wp-json\/wp\/v2\/product\/100118","targetHints":{"allow":["GET"]}}],"collection":[{"href":"https:\/\/tourtravelandmore.com\/fr\/wp-json\/wp\/v2\/product"}],"about":[{"href":"https:\/\/tourtravelandmore.com\/fr\/wp-json\/wp\/v2\/types\/product"}],"replies":[{"embeddable":true,"href":"https:\/\/tourtravelandmore.com\/fr\/wp-json\/wp\/v2\/comments?post=100118"}],"wp:featuredmedia":[{"embeddable":true,"href":"https:\/\/tourtravelandmore.com\/fr\/wp-json\/wp\/v2\/media\/97309"}],"wp:attachment":[{"href":"https:\/\/tourtravelandmore.com\/fr\/wp-json\/wp\/v2\/media?parent=100118"}],"wp:term":[{"taxonomy":"product_brand","embeddable":true,"href":"https:\/\/tourtravelandmore.com\/fr\/wp-json\/wp\/v2\/product_brand?post=100118"},{"taxonomy":"product_cat","embeddable":true,"href":"https:\/\/tourtravelandmore.com\/fr\/wp-json\/wp\/v2\/product_cat?post=100118"},{"taxonomy":"product_tag","embeddable":true,"href":"https:\/\/tourtravelandmore.com\/fr\/wp-json\/wp\/v2\/product_tag?post=100118"}],"curies":[{"name":"wp","href":"https:\/\/api.w.org\/{rel}","templated":true}]}}