{"id":190132,"date":"2026-03-31T12:48:42","date_gmt":"2026-03-31T10:48:42","guid":{"rendered":"https:\/\/tourtravelandmore.com\/profil-de-lauteur-maya-nader-harati\/"},"modified":"2026-03-31T12:54:14","modified_gmt":"2026-03-31T10:54:14","slug":"profil-de-lauteur-maya-nader-harati","status":"publish","type":"page","link":"https:\/\/tourtravelandmore.com\/fr\/profil-de-lauteur-maya-nader-harati\/","title":{"rendered":"Profil de l\u2019auteur : Maya Nader Harati"},"content":{"rendered":"\t\t<div data-elementor-type=\"wp-page\" data-elementor-id=\"190132\" class=\"elementor elementor-190132 elementor-189843\">\n\t\t\t\t\t\t<section class=\"elementor-section elementor-top-section elementor-element elementor-element-0662ef6 elementor-section-boxed elementor-section-height-default elementor-section-height-default\" data-id=\"0662ef6\" data-element_type=\"section\">\n\t\t\t\t\t\t<div class=\"elementor-container elementor-column-gap-default\">\n\t\t\t\t\t<div class=\"elementor-column elementor-col-33 elementor-top-column elementor-element elementor-element-930c373\" data-id=\"930c373\" data-element_type=\"column\">\n\t\t\t<div class=\"elementor-widget-wrap elementor-element-populated\">\n\t\t\t\t\t\t<div class=\"elementor-element elementor-element-890d55f elementor-widget-mobile__width-initial elementor-view-default elementor-widget elementor-widget-icon\" data-id=\"890d55f\" data-element_type=\"widget\" data-widget_type=\"icon.default\">\n\t\t\t\t<div class=\"elementor-widget-container\">\n\t\t\t\t\t\t\t<div class=\"elementor-icon-wrapper\">\n\t\t\t<a class=\"elementor-icon\" href=\"https:\/\/www.linkedin.com\/company\/barcelona-tour-travel--maymi-world-services-s-l\/\" target=\"_blank\">\n\t\t\t<i aria-hidden=\"true\" class=\"fab fa-linkedin\"><\/i>\t\t\t<\/a>\n\t\t<\/div>\n\t\t\t\t\t\t<\/div>\n\t\t\t\t<\/div>\n\t\t\t\t<div class=\"elementor-element elementor-element-7c617aa elementor-widget-mobile__width-initial elementor-view-default elementor-widget elementor-widget-icon\" data-id=\"7c617aa\" data-element_type=\"widget\" data-widget_type=\"icon.default\">\n\t\t\t\t<div class=\"elementor-widget-container\">\n\t\t\t\t\t\t\t<div class=\"elementor-icon-wrapper\">\n\t\t\t<a class=\"elementor-icon\" href=\"https:\/\/www.instagram.com\/tourtravelmore\/\" target=\"_blank\">\n\t\t\t<i aria-hidden=\"true\" class=\"fab fa-instagram\"><\/i>\t\t\t<\/a>\n\t\t<\/div>\n\t\t\t\t\t\t<\/div>\n\t\t\t\t<\/div>\n\t\t\t\t<div class=\"elementor-element elementor-element-819842e elementor-widget-mobile__width-initial elementor-view-default elementor-widget elementor-widget-icon\" data-id=\"819842e\" data-element_type=\"widget\" data-widget_type=\"icon.default\">\n\t\t\t\t<div class=\"elementor-widget-container\">\n\t\t\t\t\t\t\t<div class=\"elementor-icon-wrapper\">\n\t\t\t<a class=\"elementor-icon\" href=\"https:\/\/www.facebook.com\/privatetourtravelandmore\" target=\"_blank\">\n\t\t\t<i aria-hidden=\"true\" class=\"fab fa-facebook-square\"><\/i>\t\t\t<\/a>\n\t\t<\/div>\n\t\t\t\t\t\t<\/div>\n\t\t\t\t<\/div>\n\t\t\t\t\t<\/div>\n\t\t<\/div>\n\t\t\t\t<div class=\"elementor-column elementor-col-33 elementor-top-column elementor-element elementor-element-d7700bc\" data-id=\"d7700bc\" data-element_type=\"column\" data-settings=\"{&quot;background_background&quot;:&quot;classic&quot;}\">\n\t\t\t<div class=\"elementor-widget-wrap elementor-element-populated\">\n\t\t\t\t\t\t<div class=\"elementor-element elementor-element-0ec206b elementor-widget elementor-widget-image\" data-id=\"0ec206b\" data-element_type=\"widget\" data-widget_type=\"image.default\">\n\t\t\t\t<div class=\"elementor-widget-container\">\n\t\t\t\t\t\t\t\t\t\t\t\t\t\t\t<img fetchpriority=\"high\" decoding=\"async\" width=\"800\" height=\"800\" src=\"https:\/\/tourtravelandmore.com\/wp-content\/uploads\/2025\/02\/Foto-Salvador.jpg\" class=\"attachment-large size-large wp-image-180843\" alt=\"\" srcset=\"https:\/\/tourtravelandmore.com\/wp-content\/uploads\/2025\/02\/Foto-Salvador.jpg 800w, https:\/\/tourtravelandmore.com\/wp-content\/uploads\/2025\/02\/Foto-Salvador-300x300.jpg 300w, https:\/\/tourtravelandmore.com\/wp-content\/uploads\/2025\/02\/Foto-Salvador-150x150.jpg 150w, https:\/\/tourtravelandmore.com\/wp-content\/uploads\/2025\/02\/Foto-Salvador-768x768.jpg 768w, https:\/\/tourtravelandmore.com\/wp-content\/uploads\/2025\/02\/Foto-Salvador-595x595.jpg 595w, https:\/\/tourtravelandmore.com\/wp-content\/uploads\/2025\/02\/Foto-Salvador-100x100.jpg 100w\" sizes=\"(max-width: 800px) 100vw, 800px\" \/>\t\t\t\t\t\t\t\t\t\t\t\t\t\t\t<\/div>\n\t\t\t\t<\/div>\n\t\t\t\t\t<\/div>\n\t\t<\/div>\n\t\t\t\t<div class=\"elementor-column elementor-col-33 elementor-top-column elementor-element elementor-element-d1f3f2b\" data-id=\"d1f3f2b\" data-element_type=\"column\">\n\t\t\t<div class=\"elementor-widget-wrap elementor-element-populated\">\n\t\t\t\t\t\t<div class=\"elementor-element elementor-element-701ff32 elementor-widget elementor-widget-heading\" data-id=\"701ff32\" data-element_type=\"widget\" data-widget_type=\"heading.default\">\n\t\t\t\t<div class=\"elementor-widget-container\">\n\t\t\t\t\t<h3 class=\"elementor-heading-title elementor-size-default\">Profil de l\u2019auteur<\/h3>\t\t\t\t<\/div>\n\t\t\t\t<\/div>\n\t\t\t\t<div class=\"elementor-element elementor-element-eb00b16 elementor-widget-mobile__width-initial elementor-widget__width-initial elementor-widget elementor-widget-heading\" data-id=\"eb00b16\" data-element_type=\"widget\" data-widget_type=\"heading.default\">\n\t\t\t\t<div class=\"elementor-widget-container\">\n\t\t\t\t\t<h1 class=\"elementor-heading-title elementor-size-default\">Maya Nader Harati<\/h1>\t\t\t\t<\/div>\n\t\t\t\t<\/div>\n\t\t\t\t<div class=\"elementor-element elementor-element-1f6920d elementor-widget-mobile__width-initial elementor-widget__width-initial elementor-widget elementor-widget-heading\" data-id=\"1f6920d\" data-element_type=\"widget\" data-widget_type=\"heading.default\">\n\t\t\t\t<div class=\"elementor-widget-container\">\n\t\t\t\t\t<h2 class=\"elementor-heading-title elementor-size-default\">Sp\u00e9cialiste des Destinations Culturelles et Chroniqueuse de Voyage<\/h2>\t\t\t\t<\/div>\n\t\t\t\t<\/div>\n\t\t\t\t<div class=\"elementor-element elementor-element-ef0234e elementor-widget elementor-widget-text-editor\" data-id=\"ef0234e\" data-element_type=\"widget\" data-widget_type=\"text-editor.default\">\n\t\t\t\t<div class=\"elementor-widget-container\">\n\t\t\t\t\t\t\t\t\t<p>Maya Nader Harati ne se contente pas de parcourir le monde ; elle le traduit. Anim\u00e9e par une curiosit\u00e9 insatiable qui l&#8217;a men\u00e9e \u00e0 franchir des fronti\u00e8res tant physiques que temporelles, Maya s&#8217;est impos\u00e9e comme une voix passionn\u00e9e du r\u00e9cit de voyage contemporain.<\/p>\n\t\t\t\t\t\t\t\t<\/div>\n\t\t\t\t<\/div>\n\t\t\t\t<div class=\"elementor-element elementor-element-f07e2b4 elementor-widget-mobile__width-initial elementor-widget__width-initial elementor-widget elementor-widget-heading\" data-id=\"f07e2b4\" data-element_type=\"widget\" data-widget_type=\"heading.default\">\n\t\t\t\t<div class=\"elementor-widget-container\">\n\t\t\t\t\t<h2 class=\"elementor-heading-title elementor-size-default\">\u00c0 propos de Maya<\/h2>\t\t\t\t<\/div>\n\t\t\t\t<\/div>\n\t\t\t\t<div class=\"elementor-element elementor-element-f748e6a elementor-widget elementor-widget-text-editor\" data-id=\"f748e6a\" data-element_type=\"widget\" data-widget_type=\"text-editor.default\">\n\t\t\t\t<div class=\"elementor-widget-container\">\n\t\t\t\t\t\t\t\t\t<p>Pour Maya, une carte est bien plus qu&#8217;un ensemble de coordonn\u00e9es ; c&#8217;est une tapisserie d&#8217;histoires qui ne demandent qu&#8217;\u00e0 \u00eatre racont\u00e9es. Son approche se situe \u00e0 l&#8217;intersection o\u00f9 l&#8217;<strong>Histoire<\/strong> rencontre la vie quotidienne. Son parcours et sa sensibilit\u00e9 lui permettent de d\u00e9chiffrer les secrets des civilisations anciennes tout en c\u00e9l\u00e9brant la diversit\u00e9 vibrante des <strong>cultures modernes<\/strong>.<\/p>\n<blockquote><p>\u00ab Voyager, ce n&#8217;est pas seulement changer de paysage, c&#8217;est changer de perspective. Chaque ville a sa propre voix, et ma mission est de l&#8217;\u00e9couter et de la partager. \u00bb<\/p><\/blockquote>\n\t\t\t\t\t\t\t\t<\/div>\n\t\t\t\t<\/div>\n\t\t\t\t\t<\/div>\n\t\t<\/div>\n\t\t\t\t\t<\/div>\n\t\t<\/section>\n\t\t\t\t<section class=\"elementor-section elementor-top-section elementor-element elementor-element-d935bd6 elementor-section-boxed elementor-section-height-default elementor-section-height-default\" data-id=\"d935bd6\" data-element_type=\"section\">\n\t\t\t\t\t\t<div class=\"elementor-container elementor-column-gap-default\">\n\t\t\t\t\t<div class=\"elementor-column elementor-col-50 elementor-top-column elementor-element elementor-element-5b3927c\" data-id=\"5b3927c\" data-element_type=\"column\">\n\t\t\t<div class=\"elementor-widget-wrap\">\n\t\t\t\t\t\t\t<\/div>\n\t\t<\/div>\n\t\t\t\t<div class=\"elementor-column elementor-col-50 elementor-top-column elementor-element elementor-element-ac141e4\" data-id=\"ac141e4\" data-element_type=\"column\">\n\t\t\t<div class=\"elementor-widget-wrap elementor-element-populated\">\n\t\t\t\t\t\t<div class=\"elementor-element elementor-element-04810e9 elementor-widget-mobile__width-initial elementor-widget__width-initial elementor-widget elementor-widget-heading\" data-id=\"04810e9\" data-element_type=\"widget\" data-widget_type=\"heading.default\">\n\t\t\t\t<div class=\"elementor-widget-container\">\n\t\t\t\t\t<h2 class=\"elementor-heading-title elementor-size-default\">Ses Passions<\/h2>\t\t\t\t<\/div>\n\t\t\t\t<\/div>\n\t\t\t\t<div class=\"elementor-element elementor-element-0e29b73 elementor-widget elementor-widget-text-editor\" data-id=\"0e29b73\" data-element_type=\"widget\" data-widget_type=\"text-editor.default\">\n\t\t\t\t<div class=\"elementor-widget-container\">\n\t\t\t\t\t\t\t\t\t<ul>\n<li><strong>Les Empreintes de l&#8217;Histoire<\/strong> : Maya est une passionn\u00e9e de sites arch\u00e9ologiques et d&#8217;architecture classique. Elle ne cherche pas seulement la photo parfaite, mais \u00e0 comprendre le \u00ab pourquoi \u00bb derri\u00e8re chaque monument.<\/li>\n<li><strong>Immersion Culturelle<\/strong> : Elle croit fermement au respect et \u00e0 l&#8217;apprentissage direct. Des march\u00e9s d&#8217;\u00e9pices du Moyen-Orient aux traditions ancestrales d&#8217;Am\u00e9rique latine, Maya recherche l&#8217;authenticit\u00e9 dans chaque rencontre.<\/li>\n<li><strong>Chroniques Litt\u00e9raires<\/strong> : Elle aime capturer ses exp\u00e9riences dans des r\u00e9cits qui transportent le lecteur, r\u00e9duisant la distance entre les mondes gr\u00e2ce \u00e0 ses mots.<\/li>\n<\/ul>\n\t\t\t\t\t\t\t\t<\/div>\n\t\t\t\t<\/div>\n\t\t\t\t<div class=\"elementor-element elementor-element-200ffe3 elementor-widget-mobile__width-initial elementor-widget__width-initial elementor-widget elementor-widget-heading\" data-id=\"200ffe3\" data-element_type=\"widget\" data-widget_type=\"heading.default\">\n\t\t\t\t<div class=\"elementor-widget-container\">\n\t\t\t\t\t<h2 class=\"elementor-heading-title elementor-size-default\">Sp\u00e9cialit\u00e9s de Voyage<\/h2>\t\t\t\t<\/div>\n\t\t\t\t<\/div>\n\t\t\t\t<div class=\"elementor-element elementor-element-adb2a1a elementor-widget elementor-widget-text-editor\" data-id=\"adb2a1a\" data-element_type=\"widget\" data-widget_type=\"text-editor.default\">\n\t\t\t\t<div class=\"elementor-widget-container\">\n\t\t\t\t\t\t\t\t\t<ul>\n<li><strong>Routes Historiques<\/strong> : Des itin\u00e9raires con\u00e7us pour suivre les traces des grands explorateurs et des civilisations disparues.<\/li>\n<li><strong>Tourisme Anthropologique<\/strong> : Des exp\u00e9riences qui connectent le voyageur aux coutumes locales les plus pures.<\/li>\n<li><strong>Patrimoine Mondial<\/strong> : Experte pour r\u00e9v\u00e9ler la valeur exceptionnelle des sites prot\u00e9g\u00e9s par l&#8217;UNESCO.<\/li>\n<\/ul>\n\t\t\t\t\t\t\t\t<\/div>\n\t\t\t\t<\/div>\n\t\t\t\t\t<\/div>\n\t\t<\/div>\n\t\t\t\t\t<\/div>\n\t\t<\/section>\n\t\t\t\t<section class=\"elementor-section elementor-top-section elementor-element elementor-element-56bbc5d elementor-section-boxed elementor-section-height-default elementor-section-height-default\" data-id=\"56bbc5d\" data-element_type=\"section\">\n\t\t\t\t\t\t<div class=\"elementor-container elementor-column-gap-default\">\n\t\t\t\t\t<div class=\"elementor-column elementor-col-100 elementor-top-column elementor-element elementor-element-330c7df\" data-id=\"330c7df\" data-element_type=\"column\">\n\t\t\t<div class=\"elementor-widget-wrap elementor-element-populated\">\n\t\t\t\t\t\t<div class=\"elementor-element elementor-element-6efec17 elementor-widget elementor-widget-spacer\" data-id=\"6efec17\" data-element_type=\"widget\" data-widget_type=\"spacer.default\">\n\t\t\t\t<div class=\"elementor-widget-container\">\n\t\t\t\t\t\t\t<div class=\"elementor-spacer\">\n\t\t\t<div class=\"elementor-spacer-inner\"><\/div>\n\t\t<\/div>\n\t\t\t\t\t\t<\/div>\n\t\t\t\t<\/div>\n\t\t\t\t\t<\/div>\n\t\t<\/div>\n\t\t\t\t\t<\/div>\n\t\t<\/section>\n\t\t\t\t<\/div>\n\t\t","protected":false},"excerpt":{"rendered":"<p>Profil de l\u2019auteur Maya Nader Harati Sp\u00e9cialiste des Destinations Culturelles et Chroniqueuse de Voyage Maya Nader Harati ne se contente pas de parcourir le monde ; elle le traduit. Anim\u00e9e par une curiosit\u00e9 insatiable qui l&#8217;a men\u00e9e \u00e0 franchir des fronti\u00e8res tant physiques que temporelles, Maya s&#8217;est impos\u00e9e comme une voix passionn\u00e9e du r\u00e9cit de [&hellip;]<\/p>\n","protected":false},"author":24,"featured_media":0,"parent":0,"menu_order":0,"comment_status":"closed","ping_status":"closed","template":"","meta":{"_acf_changed":false,"footnotes":""},"class_list":["post-190132","page","type-page","status-publish","hentry"],"acf":[],"yoast_head":"<!-- This site is optimized with the Yoast SEO Premium plugin v25.3.1 (Yoast SEO v25.3.1) - https:\/\/yoast.com\/wordpress\/plugins\/seo\/ -->\n<title>Profil de l\u2019auteur : Maya Nader Harati &#8212; Tour Travel And More<\/title>\n<meta name=\"description\" content=\"Profil de l\u2019auteur : Maya Nader Harati &#8212; Tour Travel And More\" \/>\n<meta name=\"robots\" content=\"index, follow, max-snippet:-1, max-image-preview:large, max-video-preview:-1\" \/>\n<link rel=\"canonical\" href=\"https:\/\/tourtravelandmore.com\/fr\/profil-de-lauteur-maya-nader-harati\/\" \/>\n<meta property=\"og:locale\" content=\"fr_FR\" \/>\n<meta property=\"og:type\" content=\"article\" \/>\n<meta property=\"og:title\" content=\"Profil de l\u2019auteur : Maya Nader Harati\" \/>\n<meta property=\"og:description\" content=\"Profil de l\u2019auteur : Maya Nader Harati &#8212; Tour Travel And More\" \/>\n<meta property=\"og:url\" content=\"https:\/\/tourtravelandmore.com\/fr\/profil-de-lauteur-maya-nader-harati\/\" \/>\n<meta property=\"og:site_name\" content=\"Tour Travel And More\" \/>\n<meta property=\"article:publisher\" content=\"https:\/\/www.facebook.com\/tourtravelandmore\/\" \/>\n<meta property=\"article:modified_time\" content=\"2026-03-31T10:54:14+00:00\" \/>\n<meta property=\"og:image\" content=\"https:\/\/tourtravelandmore.com\/wp-content\/uploads\/2025\/02\/Foto-Salvador.jpg\" \/>\n<meta name=\"twitter:card\" content=\"summary_large_image\" \/>\n<meta name=\"twitter:site\" content=\"@TourTravel_More\" \/>\n<meta name=\"twitter:label1\" content=\"Dur\u00e9e de lecture estim\u00e9e\" \/>\n\t<meta name=\"twitter:data1\" content=\"2 minutes\" \/>\n<script type=\"application\/ld+json\" class=\"yoast-schema-graph\">{\"@context\":\"https:\/\/schema.org\",\"@graph\":[{\"@type\":\"WebPage\",\"@id\":\"https:\/\/tourtravelandmore.com\/fr\/profil-de-lauteur-maya-nader-harati\/\",\"url\":\"https:\/\/tourtravelandmore.com\/fr\/profil-de-lauteur-maya-nader-harati\/\",\"name\":\"Profil de l\u2019auteur : Maya Nader Harati &#8212; Tour Travel And More\",\"isPartOf\":{\"@id\":\"https:\/\/tourtravelandmore.com\/fr\/#website\"},\"primaryImageOfPage\":{\"@id\":\"https:\/\/tourtravelandmore.com\/fr\/profil-de-lauteur-maya-nader-harati\/#primaryimage\"},\"image\":{\"@id\":\"https:\/\/tourtravelandmore.com\/fr\/profil-de-lauteur-maya-nader-harati\/#primaryimage\"},\"thumbnailUrl\":\"https:\/\/tourtravelandmore.com\/wp-content\/uploads\/2025\/02\/Foto-Salvador.jpg\",\"datePublished\":\"2026-03-31T10:48:42+00:00\",\"dateModified\":\"2026-03-31T10:54:14+00:00\",\"description\":\"Profil de l\u2019auteur : Maya Nader Harati &#8212; Tour Travel And More\",\"breadcrumb\":{\"@id\":\"https:\/\/tourtravelandmore.com\/fr\/profil-de-lauteur-maya-nader-harati\/#breadcrumb\"},\"inLanguage\":\"fr-FR\",\"potentialAction\":[{\"@type\":\"ReadAction\",\"target\":[\"https:\/\/tourtravelandmore.com\/fr\/profil-de-lauteur-maya-nader-harati\/\"]}]},{\"@type\":\"ImageObject\",\"inLanguage\":\"fr-FR\",\"@id\":\"https:\/\/tourtravelandmore.com\/fr\/profil-de-lauteur-maya-nader-harati\/#primaryimage\",\"url\":\"https:\/\/tourtravelandmore.com\/wp-content\/uploads\/2025\/02\/Foto-Salvador.jpg\",\"contentUrl\":\"https:\/\/tourtravelandmore.com\/wp-content\/uploads\/2025\/02\/Foto-Salvador.jpg\"},{\"@type\":\"BreadcrumbList\",\"@id\":\"https:\/\/tourtravelandmore.com\/fr\/profil-de-lauteur-maya-nader-harati\/#breadcrumb\",\"itemListElement\":[{\"@type\":\"ListItem\",\"position\":1,\"name\":\"Home\",\"item\":\"https:\/\/tourtravelandmore.com\/fr\/\"},{\"@type\":\"ListItem\",\"position\":2,\"name\":\"Profil de l\u2019auteur : Maya Nader Harati\"}]},{\"@type\":\"WebSite\",\"@id\":\"https:\/\/tourtravelandmore.com\/fr\/#website\",\"url\":\"https:\/\/tourtravelandmore.com\/fr\/\",\"name\":\"Tour Travel And More\",\"description\":\"Private sightseeing tours and luxury transfers in Spain\",\"publisher\":{\"@id\":\"https:\/\/tourtravelandmore.com\/fr\/#organization\"},\"potentialAction\":[{\"@type\":\"SearchAction\",\"target\":{\"@type\":\"EntryPoint\",\"urlTemplate\":\"https:\/\/tourtravelandmore.com\/fr\/?s={search_term_string}\"},\"query-input\":{\"@type\":\"PropertyValueSpecification\",\"valueRequired\":true,\"valueName\":\"search_term_string\"}}],\"inLanguage\":\"fr-FR\"},{\"@type\":\"Organization\",\"@id\":\"https:\/\/tourtravelandmore.com\/fr\/#organization\",\"name\":\"Tour Travel And More\",\"url\":\"https:\/\/tourtravelandmore.com\/fr\/\",\"logo\":{\"@type\":\"ImageObject\",\"inLanguage\":\"fr-FR\",\"@id\":\"https:\/\/tourtravelandmore.com\/fr\/#\/schema\/logo\/image\/\",\"url\":\"https:\/\/tourtravelandmore.com\/wp-content\/uploads\/2022\/12\/cropped-logo-cabecera-new.png\",\"contentUrl\":\"https:\/\/tourtravelandmore.com\/wp-content\/uploads\/2022\/12\/cropped-logo-cabecera-new.png\",\"width\":430,\"height\":61,\"caption\":\"Tour Travel And More\"},\"image\":{\"@id\":\"https:\/\/tourtravelandmore.com\/fr\/#\/schema\/logo\/image\/\"},\"sameAs\":[\"https:\/\/www.facebook.com\/tourtravelandmore\/\",\"https:\/\/x.com\/TourTravel_More\"]}]}<\/script>\n<!-- \/ Yoast SEO Premium plugin. -->","yoast_head_json":{"title":"Profil de l\u2019auteur : Maya Nader Harati &#8212; Tour Travel And More","description":"Profil de l\u2019auteur : Maya Nader Harati &#8212; Tour Travel And More","robots":{"index":"index","follow":"follow","max-snippet":"max-snippet:-1","max-image-preview":"max-image-preview:large","max-video-preview":"max-video-preview:-1"},"canonical":"https:\/\/tourtravelandmore.com\/fr\/profil-de-lauteur-maya-nader-harati\/","og_locale":"fr_FR","og_type":"article","og_title":"Profil de l\u2019auteur : Maya Nader Harati","og_description":"Profil de l\u2019auteur : Maya Nader Harati &#8212; Tour Travel And More","og_url":"https:\/\/tourtravelandmore.com\/fr\/profil-de-lauteur-maya-nader-harati\/","og_site_name":"Tour Travel And More","article_publisher":"https:\/\/www.facebook.com\/tourtravelandmore\/","article_modified_time":"2026-03-31T10:54:14+00:00","og_image":[{"url":"https:\/\/tourtravelandmore.com\/wp-content\/uploads\/2025\/02\/Foto-Salvador.jpg","type":"","width":"","height":""}],"twitter_card":"summary_large_image","twitter_site":"@TourTravel_More","twitter_misc":{"Dur\u00e9e de lecture estim\u00e9e":"2 minutes"},"schema":{"@context":"https:\/\/schema.org","@graph":[{"@type":"WebPage","@id":"https:\/\/tourtravelandmore.com\/fr\/profil-de-lauteur-maya-nader-harati\/","url":"https:\/\/tourtravelandmore.com\/fr\/profil-de-lauteur-maya-nader-harati\/","name":"Profil de l\u2019auteur : Maya Nader Harati &#8212; Tour Travel And More","isPartOf":{"@id":"https:\/\/tourtravelandmore.com\/fr\/#website"},"primaryImageOfPage":{"@id":"https:\/\/tourtravelandmore.com\/fr\/profil-de-lauteur-maya-nader-harati\/#primaryimage"},"image":{"@id":"https:\/\/tourtravelandmore.com\/fr\/profil-de-lauteur-maya-nader-harati\/#primaryimage"},"thumbnailUrl":"https:\/\/tourtravelandmore.com\/wp-content\/uploads\/2025\/02\/Foto-Salvador.jpg","datePublished":"2026-03-31T10:48:42+00:00","dateModified":"2026-03-31T10:54:14+00:00","description":"Profil de l\u2019auteur : Maya Nader Harati &#8212; Tour Travel And More","breadcrumb":{"@id":"https:\/\/tourtravelandmore.com\/fr\/profil-de-lauteur-maya-nader-harati\/#breadcrumb"},"inLanguage":"fr-FR","potentialAction":[{"@type":"ReadAction","target":["https:\/\/tourtravelandmore.com\/fr\/profil-de-lauteur-maya-nader-harati\/"]}]},{"@type":"ImageObject","inLanguage":"fr-FR","@id":"https:\/\/tourtravelandmore.com\/fr\/profil-de-lauteur-maya-nader-harati\/#primaryimage","url":"https:\/\/tourtravelandmore.com\/wp-content\/uploads\/2025\/02\/Foto-Salvador.jpg","contentUrl":"https:\/\/tourtravelandmore.com\/wp-content\/uploads\/2025\/02\/Foto-Salvador.jpg"},{"@type":"BreadcrumbList","@id":"https:\/\/tourtravelandmore.com\/fr\/profil-de-lauteur-maya-nader-harati\/#breadcrumb","itemListElement":[{"@type":"ListItem","position":1,"name":"Home","item":"https:\/\/tourtravelandmore.com\/fr\/"},{"@type":"ListItem","position":2,"name":"Profil de l\u2019auteur : Maya Nader Harati"}]},{"@type":"WebSite","@id":"https:\/\/tourtravelandmore.com\/fr\/#website","url":"https:\/\/tourtravelandmore.com\/fr\/","name":"Tour Travel And More","description":"Private sightseeing tours and luxury transfers in Spain","publisher":{"@id":"https:\/\/tourtravelandmore.com\/fr\/#organization"},"potentialAction":[{"@type":"SearchAction","target":{"@type":"EntryPoint","urlTemplate":"https:\/\/tourtravelandmore.com\/fr\/?s={search_term_string}"},"query-input":{"@type":"PropertyValueSpecification","valueRequired":true,"valueName":"search_term_string"}}],"inLanguage":"fr-FR"},{"@type":"Organization","@id":"https:\/\/tourtravelandmore.com\/fr\/#organization","name":"Tour Travel And More","url":"https:\/\/tourtravelandmore.com\/fr\/","logo":{"@type":"ImageObject","inLanguage":"fr-FR","@id":"https:\/\/tourtravelandmore.com\/fr\/#\/schema\/logo\/image\/","url":"https:\/\/tourtravelandmore.com\/wp-content\/uploads\/2022\/12\/cropped-logo-cabecera-new.png","contentUrl":"https:\/\/tourtravelandmore.com\/wp-content\/uploads\/2022\/12\/cropped-logo-cabecera-new.png","width":430,"height":61,"caption":"Tour Travel And More"},"image":{"@id":"https:\/\/tourtravelandmore.com\/fr\/#\/schema\/logo\/image\/"},"sameAs":["https:\/\/www.facebook.com\/tourtravelandmore\/","https:\/\/x.com\/TourTravel_More"]}]}},"_links":{"self":[{"href":"https:\/\/tourtravelandmore.com\/fr\/wp-json\/wp\/v2\/pages\/190132","targetHints":{"allow":["GET"]}}],"collection":[{"href":"https:\/\/tourtravelandmore.com\/fr\/wp-json\/wp\/v2\/pages"}],"about":[{"href":"https:\/\/tourtravelandmore.com\/fr\/wp-json\/wp\/v2\/types\/page"}],"author":[{"embeddable":true,"href":"https:\/\/tourtravelandmore.com\/fr\/wp-json\/wp\/v2\/users\/24"}],"replies":[{"embeddable":true,"href":"https:\/\/tourtravelandmore.com\/fr\/wp-json\/wp\/v2\/comments?post=190132"}],"version-history":[{"count":1,"href":"https:\/\/tourtravelandmore.com\/fr\/wp-json\/wp\/v2\/pages\/190132\/revisions"}],"predecessor-version":[{"id":190133,"href":"https:\/\/tourtravelandmore.com\/fr\/wp-json\/wp\/v2\/pages\/190132\/revisions\/190133"}],"wp:attachment":[{"href":"https:\/\/tourtravelandmore.com\/fr\/wp-json\/wp\/v2\/media?parent=190132"}],"curies":[{"name":"wp","href":"https:\/\/api.w.org\/{rel}","templated":true}]}}