{"id":167690,"date":"2023-05-23T15:20:22","date_gmt":"2023-05-23T13:20:22","guid":{"rendered":"https:\/\/tourtravelandmore.com\/?page_id=167690"},"modified":"2023-05-23T15:21:19","modified_gmt":"2023-05-23T13:21:19","slug":"confidentialte","status":"publish","type":"page","link":"https:\/\/tourtravelandmore.com\/fr\/confidentialte\/","title":{"rendered":"Confidentialt\u00e9"},"content":{"rendered":"\t\t<div data-elementor-type=\"wp-page\" data-elementor-id=\"167690\" class=\"elementor elementor-167690 elementor-167675\">\n\t\t\t\t\t\t<section class=\"elementor-section elementor-top-section elementor-element elementor-element-54240f4 elementor-section-stretched elementor-section-boxed elementor-section-height-default elementor-section-height-default\" data-id=\"54240f4\" data-element_type=\"section\" data-settings=\"{&quot;background_background&quot;:&quot;classic&quot;,&quot;stretch_section&quot;:&quot;section-stretched&quot;}\">\n\t\t\t\t\t\t<div class=\"elementor-container elementor-column-gap-default\">\n\t\t\t\t\t<div class=\"elementor-column elementor-col-100 elementor-top-column elementor-element elementor-element-c3ac8f5\" data-id=\"c3ac8f5\" data-element_type=\"column\">\n\t\t\t<div class=\"elementor-widget-wrap elementor-element-populated\">\n\t\t\t\t\t\t<div class=\"elementor-element elementor-element-2ef0317 elementor-widget elementor-widget-heading\" data-id=\"2ef0317\" data-element_type=\"widget\" data-widget_type=\"heading.default\">\n\t\t\t\t<div class=\"elementor-widget-container\">\n\t\t\t\t\t<h2 class=\"elementor-heading-title elementor-size-default\">CONFIDENTIALT\u00c9<\/h2>\t\t\t\t<\/div>\n\t\t\t\t<\/div>\n\t\t\t\t\t<\/div>\n\t\t<\/div>\n\t\t\t\t\t<\/div>\n\t\t<\/section>\n\t\t\t\t<section class=\"elementor-section elementor-top-section elementor-element elementor-element-746f43b elementor-section-boxed elementor-section-height-default elementor-section-height-default\" data-id=\"746f43b\" data-element_type=\"section\">\n\t\t\t\t\t\t<div class=\"elementor-container elementor-column-gap-default\">\n\t\t\t\t\t<div class=\"elementor-column elementor-col-100 elementor-top-column elementor-element elementor-element-fbc84a0\" data-id=\"fbc84a0\" data-element_type=\"column\">\n\t\t\t<div class=\"elementor-widget-wrap elementor-element-populated\">\n\t\t\t\t\t\t<div class=\"elementor-element elementor-element-89415a1 elementor-widget elementor-widget-text-editor\" data-id=\"89415a1\" data-element_type=\"widget\" data-widget_type=\"text-editor.default\">\n\t\t\t\t<div class=\"elementor-widget-container\">\n\t\t\t\t\t\t\t\t\t<h1 class=\"entry-title main_title\" style=\"text-align: justify;\">Protection de la vie priv\u00e9e<\/h1><div class=\"entry-content\" style=\"text-align: justify;\"><p>Nous avons pr\u00e9par\u00e9 cette politique de confidentialit\u00e9 pour vous aider \u00e0 comprendre comment <strong>Tourtravelandmore.com<\/strong> recueille, utilise et prot\u00e8ge les renseignements personnels que vous nous fournissez sur nos sites Web, par courriel et par l&#8217;entremise de nos fournisseurs de services et de nos partenaires de distribution. Soyez assur\u00e9 que, \u00e0 moins que vous ne nous donniez explicitement l&#8217;autorisation de faire autrement, <strong>Tourtravelandmore.com<\/strong> ne recueillera et n&#8217;utilisera vos renseignements personnels que de la mani\u00e8re d\u00e9crite dans la pr\u00e9sente politique de confidentialit\u00e9.<\/p><h2 style=\"text-align: left;\">Quelles sont les informations que nous recueillons?<\/h2><p>Lorsque vous visitez l&#8217;une de nos pages web h\u00e9berg\u00e9es par nos soins, notre serveur web reconna\u00eet et collecte automatiquement votre adresse IP. Pour acheter nos circuits ou nos services, vous devez fournir des informations personnelles, notamment vos nom, adresse, adresse \u00e9lectronique, num\u00e9ro de t\u00e9l\u00e9phone, num\u00e9ro de carte de cr\u00e9dit et autres informations d&#8217;identification, afin de traiter les commandes et d&#8217;assurer le service \u00e0 la client\u00e8le. Si vous ne fournissez pas d&#8217;informations personnelles lors de l&#8217;achat d&#8217;un de nos circuits ou services, nous ne pourrons pas confirmer votre achat ou honorer votre r\u00e9servation. Dans certains cas, nous pouvons \u00e9galement vous demander des donn\u00e9es d\u00e9mographiques personnelles telles que votre pays de r\u00e9sidence, votre sexe, votre \u00e2ge, vos habitudes de voyage, etc. Nous utilisons \u00e9galement des cookies (voir ci-dessous) pour collecter des informations sur les performances et l&#8217;utilisation de nos sites web.<\/p><h2 style=\"text-align: left;\">Les cookies et leur utilisation<\/h2><p>Les &#8220;cookies&#8221; sont des \u00e9l\u00e9ments d&#8217;information stock\u00e9s par votre navigateur web sur le disque dur de votre ordinateur, \u00e0 des fins d&#8217;archivage. En soi, les cookies identifient uniquement votre ordinateur ; ils ne vous identifient pas personnellement. Sur <strong>Tourtravelandmore.com,<\/strong> nous faisons un usage limit\u00e9 des cookies pour m\u00e9moriser vos pr\u00e9f\u00e9rences, enregistrer des informations de session, collecter des informations sur la mani\u00e8re dont vous visitez et acc\u00e9dez \u00e0 nos sites web, et pour adapter nos pages web \u00e0 vos besoins. Nous n&#8217;utilisons pas de cookies pour identifier des utilisateurs sp\u00e9cifiques \u00e0 des fins de marketing. Nous n&#8217;\u00e9tablissons pas de correspondance entre les cookies et vos informations d&#8217;achat. Nous n&#8217;utilisons pas non plus de cookies pour suivre vos d\u00e9placements apr\u00e8s avoir quitt\u00e9 nos sites web. La plupart des navigateurs Web vous permettent de d\u00e9sactiver les cookies ; cependant, cette d\u00e9sactivation limitera votre utilisation de nos sites Web.<br \/><br \/><strong>Comment nous utilisons vos informations personnelles<\/strong><\/p><ul><li>Nous utilisons vos informations personnelles de la mani\u00e8re suivante :<\/li><li>pour vous fournir les informations que vous demandez sur nos produits<\/li><li>Pour vous envoyer des messages de marketing par courrier \u00e9lectronique et des informations<\/li><li>pour lesquelles vous vous \u00eates sp\u00e9cifiquement inscrit.<\/li><li>Pour effectuer vos r\u00e9servations<\/li><li>Pour confirmer vos r\u00e9servations<br \/>S&#8217;assurer que vous \u00eates correctement factur\u00e9<\/li><li>Mesurer et suivre les donn\u00e9es d\u00e9mographiques de nos clients<\/li><li>Pour cibler le contenu de notre site web afin qu&#8217;il corresponde mieux \u00e0 vos int\u00e9r\u00eats.<\/li><\/ul><p>Si vous effectuez un achat sur l&#8217;un de nos sites web, nous pouvons \u00e9galement vous envoyer des informations sur de nouveaux produits ou vous demander votre avis sur nos sites web, etc. afin d&#8217;am\u00e9liorer notre service pour vous et d&#8217;autres consommateurs. Si vous ne souhaitez pas que Tourtravelandmore.com vous contacte \u00e0 l&#8217;avenir, veuillez nous le faire savoir en envoyant un courriel \u00e0 notre responsable de la protection de la vie priv\u00e9e \u00e0 l&#8217;adresse <a href=\"mailto:info@tourtravelandmore.com\">info@tourtravelandmore.com<\/a>.<\/p><p>Certaines des informations personnelles que nous recueillons sont partag\u00e9es avec nos partenaires de service (par exemple, les voyagistes) qui sont directement impliqu\u00e9s dans l&#8217;ex\u00e9cution des achats que vous avez effectu\u00e9s aupr\u00e8s de nous. Nous ne fournissons \u00e0 nos prestataires de services que votre nom et vos coordonn\u00e9es locales, si vous les fournissez (par exemple, le nom de votre h\u00f4tel pour les livraisons et les restitutions, votre num\u00e9ro de t\u00e9l\u00e9phone local, etc. Si vous d\u00e9cidez de fournir des informations personnelles directement \u00e0 un prestataire de services, nous vous recommandons de consulter la politique de confidentialit\u00e9 de ce dernier. Nous partageons \u00e9galement vos informations personnelles avec des tiers charg\u00e9s de nous fournir des services de marketing et de communication de donn\u00e9es, qui sont li\u00e9s par une obligation de confidentialit\u00e9, ainsi qu&#8217;avec d&#8217;autres partenaires de marketing tiers. Nous passons actuellement des contrats avec plusieurs partenaires en ligne pour nous aider \u00e0 g\u00e9rer et \u00e0 optimiser nos activit\u00e9s et nos communications sur Internet. Nous utilisons les services d&#8217;une soci\u00e9t\u00e9 de marketing pour nous aider \u00e0 mesurer l&#8217;efficacit\u00e9 de notre publicit\u00e9 et la fa\u00e7on dont les visiteurs utilisent notre site web. Pour ce faire, nous utilisons des balises web et des cookies fournis par notre soci\u00e9t\u00e9 de marketing sur ce site web. Les informations que nous recueillons nous permettent de savoir quelles sont les pages les plus attrayantes pour nos visiteurs, quels sont les produits qui int\u00e9ressent le plus nos clients et quels sont les types d&#8217;offres que nos clients appr\u00e9cient. Bien que notre soci\u00e9t\u00e9 de marketing enregistre les informations provenant de notre site web en notre nom, nous contr\u00f4lons la mani\u00e8re dont ces donn\u00e9es peuvent ou non \u00eatre utilis\u00e9es. Enfin, soyez assur\u00e9 que, sauf autorisation expresse de votre part, nous ne partageons pas vos informations personnelles avec des organisations tierces qui ne sont pas impliqu\u00e9es dans l&#8217;ex\u00e9cution des r\u00e9servations que vous avez effectu\u00e9es aupr\u00e8s de nous ou qui ne sont pas sous contrat avec nous.\u00a0\u00a0<\/p><h2 style=\"text-align: left;\">Communications par courrier \u00e9lectronique que vous pouvez vous attendre \u00e0 recevoir de Tourtravelandmore.com<\/h2><p>\u00c0 l&#8217;exception des courriels confirmant l&#8217;inscription, des courriels contenant des informations sur le compte de <strong>Tourtravelandmore.com<\/strong> et des courriels concernant directement une r\u00e9servation effectu\u00e9e sur notre site Web, <strong>Tourtravelandmore.com<\/strong> n&#8217;enverra pas de courriels \u00e0 moins que vous ne choisissiez de recevoir des communications par courriel de notre part. Veuillez noter que les courriels li\u00e9s \u00e0 votre inscription et \u00e0 vos transactions comprennent les courriels vous permettant de revoir votre r\u00e9servation et vos exp\u00e9riences touristiques avec nous, les messages administratifs et les enqu\u00eates li\u00e9es \u00e0 votre compte ou \u00e0 vos transactions.\u00a0\u00a0<\/p><h2 style=\"text-align: left;\">Nos partenaires de distribution et fournisseurs<\/h2><p>Nos voyages sont propos\u00e9s par l&#8217;interm\u00e9diaire de nos partenaires de distribution. La pr\u00e9sente politique de confidentialit\u00e9 doit \u00eatre lue conjointement avec les politiques de confidentialit\u00e9 de nos partenaires de distribution, qui peuvent diff\u00e9rer de notre politique de confidentialit\u00e9. Vous devez \u00e9galement savoir que certains fournisseurs de services et certains de nos partenaires de distribution peuvent avoir besoin d&#8217;autres informations personnelles (telles que des informations relatives \u00e0 la sant\u00e9 ou \u00e0 la condition physique) pour d\u00e9terminer si vous pouvez participer \u00e0 une activit\u00e9. Vous devez lire la politique de confidentialit\u00e9 du fournisseur ou du partenaire concern\u00e9 et vous y fier uniquement si <strong>Tourtravelandmore.com<\/strong> ne recueille pas directement ces renseignements aupr\u00e8s de vous.<\/p><h2 style=\"text-align: left;\">Nos mesures de s\u00e9curit\u00e9 et de stockage<\/h2><p><strong>Tourtravelandmore.com<\/strong> s&#8217;engage \u00e0 maintenir l&#8217;int\u00e9grit\u00e9 et la s\u00e9curit\u00e9 de vos renseignements personnels. Nous utilisons des protocoles de cryptage conformes aux normes de l&#8217;industrie lors de la r\u00e9ception et du transfert de vos renseignements personnels. En fait, lorsque vous nous envoyez des renseignements personnels par Internet, nous exigeons d&#8217;abord qu&#8217;une &#8221; session s\u00e9curis\u00e9e &#8221; soit \u00e9tablie \u00e0 l&#8217;aide du protocole SSL (Secure Socket Layer). Toutefois, aucune transmission de donn\u00e9es sur Internet ne peut \u00eatre garantie \u00e0 100 %, de sorte que nous ne pouvons donner l&#8217;assurance absolue que les informations que vous nous fournissez seront s\u00e9curis\u00e9es \u00e0 tout moment. <strong>Tourtravelandmore.com<\/strong> ne sera pas tenu responsable des \u00e9v\u00e9nements d\u00e9coulant d&#8217;un acc\u00e8s non autoris\u00e9 \u00e0 vos renseignements personnels. Tourtravelandmore.com compte sur vous pour lui signaler tout \u00e9v\u00e9nement inhabituel susceptible d&#8217;indiquer une atteinte \u00e0 la s\u00e9curit\u00e9 de vos informations. Nous v\u00e9rifierons alors si l&#8217;atteinte \u00e0 la s\u00e9curit\u00e9 est li\u00e9e aux transmissions de donn\u00e9es en provenance ou \u00e0 destination de <strong>Tourtravelandmore.com<\/strong> et nous vous ferons part des mesures qui peuvent \u00eatre prises et qui ont \u00e9t\u00e9 prises pour rem\u00e9dier au probl\u00e8me. D&#8217;autres mesures, telles que le signalement des incidents \u00e0 la police ou \u00e0 d&#8217;autres autorit\u00e9s comp\u00e9tentes, peuvent \u00e9galement s&#8217;av\u00e9rer n\u00e9cessaires. Remarque : nous ne conservons pas vos donn\u00e9es financi\u00e8res. Dans le cas o\u00f9 nous obtenons vos donn\u00e9es financi\u00e8res par t\u00e9l\u00e9phone, nous ne conservons PAS ces donn\u00e9es \u00e0 des fins de r\u00e9f\u00e9rence ult\u00e9rieure, de quelque mani\u00e8re que ce soit. \u00a0<\/p><h2 style=\"text-align: left;\">Modifications de notre politique de confidentialit\u00e9<\/h2><p><br \/>Nous savons que nos activit\u00e9s continueront d&#8217;\u00e9voluer au fur et \u00e0 mesure que nous introduirons de nouveaux produits et que, par cons\u00e9quent, notre politique de confidentialit\u00e9 pourra \u00eatre revue et r\u00e9vis\u00e9e de temps \u00e0 autre. <strong>Tourtravelandmore.com<\/strong> se r\u00e9serve le droit de modifier sa politique de confidentialit\u00e9 et d&#8217;afficher les changements sur ses sites Web. Nous n&#8217;utiliserons vos informations personnelles que conform\u00e9ment \u00e0 la politique de confidentialit\u00e9 en vigueur au moment o\u00f9 nous avons recueilli vos informations personnelles. \u00a0<\/p><h2 style=\"text-align: left;\">Nous contacter<\/h2><p>Pour certains services de Tourtravelandmore.com, vous pouvez acc\u00e9der \u00e0 votre inscription et \u00e0 vos informations personnelles et les mettre \u00e0 jour en ligne. Pour corriger ou mettre \u00e0 jour toute autre information personnelle, ou si vous avez des questions sur la politique de confidentialit\u00e9 de Tourtravelandmore.com, veuillez envoyer un courriel \u00e0 notre responsable de la protection de la vie priv\u00e9e \u00e0 l&#8217;adresse <a href=\"mailto:info@tourtravelandmore.com\">info@tourtravelandmore.com<\/a>.<\/p><h2 style=\"text-align: left;\">Informations compl\u00e9mentaires sur les lois relatives \u00e0 la protection de la vie priv\u00e9e<\/h2><p>Il n&#8217;existe pas d&#8217;entit\u00e9 mondiale unique qui r\u00e9glemente les informations personnelles en ligne. Au lieu de cela, <strong>Tourtravelandmore.com<\/strong> a fait le choix d\u00e9lib\u00e9r\u00e9 de suivre les directives relatives \u00e0 la protection de la vie priv\u00e9e \u00e9tablies par la loi dans les principaux march\u00e9s o\u00f9 nous op\u00e9rons et o\u00f9 nous avons des bureaux.<\/p><\/div>\t\t\t\t\t\t\t\t<\/div>\n\t\t\t\t<\/div>\n\t\t\t\t\t<\/div>\n\t\t<\/div>\n\t\t\t\t\t<\/div>\n\t\t<\/section>\n\t\t\t\t<\/div>\n\t\t","protected":false},"excerpt":{"rendered":"<p>CONFIDENTIALT\u00c9 Protection de la vie priv\u00e9e Nous avons pr\u00e9par\u00e9 cette politique de confidentialit\u00e9 pour vous aider \u00e0 comprendre comment Tourtravelandmore.com recueille, utilise et prot\u00e8ge les renseignements personnels que vous nous fournissez sur nos sites Web, par courriel et par l&#8217;entremise de nos fournisseurs de services et de nos partenaires de distribution. Soyez assur\u00e9 que, \u00e0 [&hellip;]<\/p>\n","protected":false},"author":9,"featured_media":0,"parent":0,"menu_order":0,"comment_status":"closed","ping_status":"closed","template":"","meta":{"_acf_changed":false,"footnotes":""},"class_list":["post-167690","page","type-page","status-publish","hentry"],"acf":[],"yoast_head":"<!-- This site is optimized with the Yoast SEO Premium plugin v25.3.1 (Yoast SEO v25.3.1) - https:\/\/yoast.com\/wordpress\/plugins\/seo\/ -->\n<title>Confidentialt\u00e9 &#8212; Tour Travel And More<\/title>\n<meta name=\"description\" content=\"Confidentialt\u00e9 &#8212; Tour Travel And More\" \/>\n<meta name=\"robots\" content=\"index, follow, max-snippet:-1, max-image-preview:large, max-video-preview:-1\" \/>\n<link rel=\"canonical\" href=\"https:\/\/tourtravelandmore.com\/fr\/confidentialte\/\" \/>\n<meta property=\"og:locale\" content=\"fr_FR\" \/>\n<meta property=\"og:type\" content=\"article\" \/>\n<meta property=\"og:title\" content=\"Confidentialt\u00e9\" \/>\n<meta property=\"og:description\" content=\"Confidentialt\u00e9 &#8212; Tour Travel And More\" \/>\n<meta property=\"og:url\" content=\"https:\/\/tourtravelandmore.com\/fr\/confidentialte\/\" \/>\n<meta property=\"og:site_name\" content=\"Tour Travel And More\" \/>\n<meta property=\"article:publisher\" content=\"https:\/\/www.facebook.com\/tourtravelandmore\/\" \/>\n<meta property=\"article:modified_time\" content=\"2023-05-23T13:21:19+00:00\" \/>\n<meta name=\"twitter:card\" content=\"summary_large_image\" \/>\n<meta name=\"twitter:site\" content=\"@TourTravel_More\" \/>\n<meta name=\"twitter:label1\" content=\"Dur\u00e9e de lecture estim\u00e9e\" \/>\n\t<meta name=\"twitter:data1\" content=\"8 minutes\" \/>\n<script type=\"application\/ld+json\" class=\"yoast-schema-graph\">{\"@context\":\"https:\/\/schema.org\",\"@graph\":[{\"@type\":\"WebPage\",\"@id\":\"https:\/\/tourtravelandmore.com\/fr\/confidentialte\/\",\"url\":\"https:\/\/tourtravelandmore.com\/fr\/confidentialte\/\",\"name\":\"Confidentialt\u00e9 &#8212; Tour Travel And More\",\"isPartOf\":{\"@id\":\"https:\/\/tourtravelandmore.com\/fr\/#website\"},\"datePublished\":\"2023-05-23T13:20:22+00:00\",\"dateModified\":\"2023-05-23T13:21:19+00:00\",\"description\":\"Confidentialt\u00e9 &#8212; Tour Travel And More\",\"breadcrumb\":{\"@id\":\"https:\/\/tourtravelandmore.com\/fr\/confidentialte\/#breadcrumb\"},\"inLanguage\":\"fr-FR\",\"potentialAction\":[{\"@type\":\"ReadAction\",\"target\":[\"https:\/\/tourtravelandmore.com\/fr\/confidentialte\/\"]}]},{\"@type\":\"BreadcrumbList\",\"@id\":\"https:\/\/tourtravelandmore.com\/fr\/confidentialte\/#breadcrumb\",\"itemListElement\":[{\"@type\":\"ListItem\",\"position\":1,\"name\":\"Home\",\"item\":\"https:\/\/tourtravelandmore.com\/fr\/\"},{\"@type\":\"ListItem\",\"position\":2,\"name\":\"Confidentialt\u00e9\"}]},{\"@type\":\"WebSite\",\"@id\":\"https:\/\/tourtravelandmore.com\/fr\/#website\",\"url\":\"https:\/\/tourtravelandmore.com\/fr\/\",\"name\":\"Tour Travel And More\",\"description\":\"Private sightseeing tours and luxury transfers in Spain\",\"publisher\":{\"@id\":\"https:\/\/tourtravelandmore.com\/fr\/#organization\"},\"potentialAction\":[{\"@type\":\"SearchAction\",\"target\":{\"@type\":\"EntryPoint\",\"urlTemplate\":\"https:\/\/tourtravelandmore.com\/fr\/?s={search_term_string}\"},\"query-input\":{\"@type\":\"PropertyValueSpecification\",\"valueRequired\":true,\"valueName\":\"search_term_string\"}}],\"inLanguage\":\"fr-FR\"},{\"@type\":\"Organization\",\"@id\":\"https:\/\/tourtravelandmore.com\/fr\/#organization\",\"name\":\"Tour Travel And More\",\"url\":\"https:\/\/tourtravelandmore.com\/fr\/\",\"logo\":{\"@type\":\"ImageObject\",\"inLanguage\":\"fr-FR\",\"@id\":\"https:\/\/tourtravelandmore.com\/fr\/#\/schema\/logo\/image\/\",\"url\":\"https:\/\/tourtravelandmore.com\/wp-content\/uploads\/2022\/12\/cropped-logo-cabecera-new.png\",\"contentUrl\":\"https:\/\/tourtravelandmore.com\/wp-content\/uploads\/2022\/12\/cropped-logo-cabecera-new.png\",\"width\":430,\"height\":61,\"caption\":\"Tour Travel And More\"},\"image\":{\"@id\":\"https:\/\/tourtravelandmore.com\/fr\/#\/schema\/logo\/image\/\"},\"sameAs\":[\"https:\/\/www.facebook.com\/tourtravelandmore\/\",\"https:\/\/x.com\/TourTravel_More\"]}]}<\/script>\n<!-- \/ Yoast SEO Premium plugin. -->","yoast_head_json":{"title":"Confidentialt\u00e9 &#8212; Tour Travel And More","description":"Confidentialt\u00e9 &#8212; Tour Travel And More","robots":{"index":"index","follow":"follow","max-snippet":"max-snippet:-1","max-image-preview":"max-image-preview:large","max-video-preview":"max-video-preview:-1"},"canonical":"https:\/\/tourtravelandmore.com\/fr\/confidentialte\/","og_locale":"fr_FR","og_type":"article","og_title":"Confidentialt\u00e9","og_description":"Confidentialt\u00e9 &#8212; Tour Travel And More","og_url":"https:\/\/tourtravelandmore.com\/fr\/confidentialte\/","og_site_name":"Tour Travel And More","article_publisher":"https:\/\/www.facebook.com\/tourtravelandmore\/","article_modified_time":"2023-05-23T13:21:19+00:00","twitter_card":"summary_large_image","twitter_site":"@TourTravel_More","twitter_misc":{"Dur\u00e9e de lecture estim\u00e9e":"8 minutes"},"schema":{"@context":"https:\/\/schema.org","@graph":[{"@type":"WebPage","@id":"https:\/\/tourtravelandmore.com\/fr\/confidentialte\/","url":"https:\/\/tourtravelandmore.com\/fr\/confidentialte\/","name":"Confidentialt\u00e9 &#8212; Tour Travel And More","isPartOf":{"@id":"https:\/\/tourtravelandmore.com\/fr\/#website"},"datePublished":"2023-05-23T13:20:22+00:00","dateModified":"2023-05-23T13:21:19+00:00","description":"Confidentialt\u00e9 &#8212; Tour Travel And More","breadcrumb":{"@id":"https:\/\/tourtravelandmore.com\/fr\/confidentialte\/#breadcrumb"},"inLanguage":"fr-FR","potentialAction":[{"@type":"ReadAction","target":["https:\/\/tourtravelandmore.com\/fr\/confidentialte\/"]}]},{"@type":"BreadcrumbList","@id":"https:\/\/tourtravelandmore.com\/fr\/confidentialte\/#breadcrumb","itemListElement":[{"@type":"ListItem","position":1,"name":"Home","item":"https:\/\/tourtravelandmore.com\/fr\/"},{"@type":"ListItem","position":2,"name":"Confidentialt\u00e9"}]},{"@type":"WebSite","@id":"https:\/\/tourtravelandmore.com\/fr\/#website","url":"https:\/\/tourtravelandmore.com\/fr\/","name":"Tour Travel And More","description":"Private sightseeing tours and luxury transfers in Spain","publisher":{"@id":"https:\/\/tourtravelandmore.com\/fr\/#organization"},"potentialAction":[{"@type":"SearchAction","target":{"@type":"EntryPoint","urlTemplate":"https:\/\/tourtravelandmore.com\/fr\/?s={search_term_string}"},"query-input":{"@type":"PropertyValueSpecification","valueRequired":true,"valueName":"search_term_string"}}],"inLanguage":"fr-FR"},{"@type":"Organization","@id":"https:\/\/tourtravelandmore.com\/fr\/#organization","name":"Tour Travel And More","url":"https:\/\/tourtravelandmore.com\/fr\/","logo":{"@type":"ImageObject","inLanguage":"fr-FR","@id":"https:\/\/tourtravelandmore.com\/fr\/#\/schema\/logo\/image\/","url":"https:\/\/tourtravelandmore.com\/wp-content\/uploads\/2022\/12\/cropped-logo-cabecera-new.png","contentUrl":"https:\/\/tourtravelandmore.com\/wp-content\/uploads\/2022\/12\/cropped-logo-cabecera-new.png","width":430,"height":61,"caption":"Tour Travel And More"},"image":{"@id":"https:\/\/tourtravelandmore.com\/fr\/#\/schema\/logo\/image\/"},"sameAs":["https:\/\/www.facebook.com\/tourtravelandmore\/","https:\/\/x.com\/TourTravel_More"]}]}},"_links":{"self":[{"href":"https:\/\/tourtravelandmore.com\/fr\/wp-json\/wp\/v2\/pages\/167690","targetHints":{"allow":["GET"]}}],"collection":[{"href":"https:\/\/tourtravelandmore.com\/fr\/wp-json\/wp\/v2\/pages"}],"about":[{"href":"https:\/\/tourtravelandmore.com\/fr\/wp-json\/wp\/v2\/types\/page"}],"author":[{"embeddable":true,"href":"https:\/\/tourtravelandmore.com\/fr\/wp-json\/wp\/v2\/users\/9"}],"replies":[{"embeddable":true,"href":"https:\/\/tourtravelandmore.com\/fr\/wp-json\/wp\/v2\/comments?post=167690"}],"version-history":[{"count":0,"href":"https:\/\/tourtravelandmore.com\/fr\/wp-json\/wp\/v2\/pages\/167690\/revisions"}],"wp:attachment":[{"href":"https:\/\/tourtravelandmore.com\/fr\/wp-json\/wp\/v2\/media?parent=167690"}],"curies":[{"name":"wp","href":"https:\/\/api.w.org\/{rel}","templated":true}]}}