{"id":99990,"date":"2021-02-22T09:34:23","date_gmt":"2021-02-22T08:34:25","guid":{"rendered":"https:\/\/tourtravelandmore.com\/?post_type=product&#038;p=99990"},"modified":"2022-07-04T11:56:53","modified_gmt":"2022-07-04T09:56:53","slug":"tour-privado-por-carcassonne","status":"publish","type":"product","link":"https:\/\/tourtravelandmore.com\/es\/tours\/francia\/carcassone-es\/carcassone-actividades-es\/tour-privado-por-carcassonne\/","title":{"rendered":"Tour Privado por Carcassonne"},"content":{"rendered":"<h2>Descripci\u00f3n del Tour Privado por Carcassonne<\/h2>\n<p>Carcassonne es una ciudad peque\u00f1a que tiene una historia enorme. No te puedes perder esta oportunidad de conocer esta ciudad fortificada. Su historia se remonta hasta el Neol\u00edtico. Su ciudadela, que es la ciudad de Carcassonne, est\u00e1 protegida por la UNESCO como Patrimonio de la Humanidad. <strong>\u00a1Acomp\u00e1\u00f1enos en este Tour Privado por Carcassonne!<\/strong><\/p>\n<p>Deje que nuestro gu\u00eda privado y nuestro veh\u00edculo de lujo con conductor lo lleven a este recorrido privado para una experiencia maravillosa. Este es un recorrido completamente privado y estamos a su disposici\u00f3n para organizar la experiencia perfecta para usted.<\/p>\n<p>Disfruta de las incre\u00edbles paredes de la ciudadela. Esta fue una ciudad protegida durante siglos y su historia es tan interesante que aprender\u00e1 mucho con su gu\u00eda oficial y su veh\u00edculo privado. Al ser un recorrido privado, podemos adaptar el recorrido a sus propias necesidades. Cont\u00e1ctenos para organizar su itinerario perfecto.<\/p>\n<p>Entre otros sitios, podr\u00e1 conocer y tener la oportunidad de visitar La Cit\u00e9 de Carcassonne con su gu\u00eda tur\u00edstico oficial privado. Este tour privado por Carcassonne es completamente personalizado.<\/p>\n<h2>Puntos emblem\u00e1ticos y de inter\u00e9s en el Tour Privado por Carcassonne<\/h2>\n<p>En este tour privado, lo recogeremos de su hotel o lugar de elecci\u00f3n. Esta es una experiencia libre de estr\u00e9s y su gu\u00eda lo estar\u00e1 esperando en el lobby de su hotel para comenzar este recorrido privado. Su chofer en un veh\u00edculo de lujo tambi\u00e9n lo estar\u00e1 esperando afuera.<\/p>\n<p>Aqu\u00ed hay un itinerario sugerido de lo que visitar\u00e1 en Carcassonne para este recorrido privado:<\/p>\n<ul>\n<li><strong>La ciudad de Carcassonne<\/strong><\/li>\n<li><strong>Ch\u00e2teau Comtal y Murallas<\/strong><\/li>\n<li><a href=\"https:\/\/es.wikipedia.org\/wiki\/Bas%C3%ADlica_Saint-Nazaire\">Bas\u00edlica de los santos Nazarius y Celsus<\/a><\/li>\n<li><strong>La ciudad baja de Carcassonne<\/strong><\/li>\n<li><strong>La catedral de Carcassonne<\/strong><\/li>\n<li><strong>Lac de la Cavay\u00e8re<\/strong><\/li>\n<li><strong>Vista del Museo de Beaux &#8211; Artes<\/strong><\/li>\n<li><strong>Ch\u00e2teaux de Lastours<\/strong><\/li>\n<li><strong>Vista del Canal du Midi<\/strong><\/li>\n<li><strong>Visita opcional al museo de la escuela. Este es un museo que muestra c\u00f3mo era la escuela en Francia a principios del siglo XX.<\/strong><\/li>\n<li><strong>Vista del museo de la inquisici\u00f3n<\/strong><\/li>\n<li><strong>Caunes-Minervois<\/strong><\/li>\n<\/ul>\n<p>Su gu\u00eda y conductor estar\u00e1n a su disposici\u00f3n durante el recorrido de 4 horas y conocer\u00e1 todo lo que Carcassonne tiene para ofrecer. Aunque es una ciudad peque\u00f1a, vale la pena disfrutar de la historia y las historias que contiene. Cont\u00e1ctenos si desea personalizar su experiencia, siempre estamos a su disposici\u00f3n.<\/p>\n<p><a href=\"https:\/\/tourtravelandmore.com\/es\/ciudad\/francia\/carcassone-es\/#shop\/\">Haga clic aqu\u00ed para ver todos nuestros tours privados y experiencias en Carcassonne. <\/a><\/p>\n","protected":false},"excerpt":{"rendered":"<p>Lo invitamos a conocer <strong>una de las ciudades m\u00e1s hermosas de Francia<\/strong> que alberga una gran historia, con nuestro Tour Privado por Carcassonne con chofer y gu\u00eda oficial privado.<\/p>\n<p><span style=\"font-weight: 400;\">\u00a0<\/span><\/p>\n<h4><\/h4>\n","protected":false},"featured_media":100008,"comment_status":"open","ping_status":"closed","template":"","meta":{"_acf_changed":false},"product_brand":[],"product_cat":[1592,3517,3518,3519],"product_tag":[],"class_list":{"0":"post-99990","1":"product","2":"type-product","3":"status-publish","4":"has-post-thumbnail","6":"product_cat-francia","7":"product_cat-carcassone-es","8":"product_cat-carcassone-actividades-es","9":"product_cat-carcassone-tours-privados-es","11":"first","12":"instock","13":"shipping-taxable","14":"purchasable","15":"product-type-simple"},"acf":[],"yoast_head":"<!-- This site is optimized with the Yoast SEO Premium plugin v25.3.1 (Yoast SEO v25.3.1) - https:\/\/yoast.com\/wordpress\/plugins\/seo\/ -->\n<title>Tour Privado por Carcassonne con chofer y gu\u00eda oficial privado | TTM<\/title>\n<meta name=\"description\" content=\"Lo invitamos a conocer una de las ciudades mas hermosas de Francia que alberga una gran historia, con nuestro Tour Privado por Carcassonne \u2705\" \/>\n<meta name=\"robots\" content=\"index, follow, max-snippet:-1, max-image-preview:large, max-video-preview:-1\" \/>\n<link rel=\"canonical\" href=\"https:\/\/tourtravelandmore.com\/es\/tours\/francia\/carcassone-es\/carcassone-actividades-es\/tour-privado-por-carcassonne\/\" \/>\n<meta property=\"og:locale\" content=\"es_ES\" \/>\n<meta property=\"og:type\" content=\"article\" \/>\n<meta property=\"og:title\" content=\"Tour Privado por Carcassonne\" \/>\n<meta property=\"og:description\" content=\"Lo invitamos a conocer una de las ciudades mas hermosas de Francia que alberga una gran historia, con nuestro Tour Privado por Carcassonne \u2705\" \/>\n<meta property=\"og:url\" content=\"https:\/\/tourtravelandmore.com\/es\/tours\/francia\/carcassone-es\/carcassone-actividades-es\/tour-privado-por-carcassonne\/\" \/>\n<meta property=\"og:site_name\" content=\"Tour Travel And More\" \/>\n<meta property=\"article:publisher\" content=\"https:\/\/www.facebook.com\/tourtravelandmore\/\" \/>\n<meta property=\"article:modified_time\" content=\"2022-07-04T09:56:53+00:00\" \/>\n<meta property=\"og:image\" content=\"https:\/\/tourtravelandmore.com\/wp-content\/uploads\/2021\/02\/Carcassonne-7.jpg\" \/>\n\t<meta property=\"og:image:width\" content=\"1600\" \/>\n\t<meta property=\"og:image:height\" content=\"1200\" \/>\n\t<meta property=\"og:image:type\" content=\"image\/jpeg\" \/>\n<meta name=\"twitter:card\" content=\"summary_large_image\" \/>\n<meta name=\"twitter:site\" content=\"@TourTravel_More\" \/>\n<meta name=\"twitter:label1\" content=\"Tiempo de lectura\" \/>\n\t<meta name=\"twitter:data1\" content=\"2 minutos\" \/>\n<script type=\"application\/ld+json\" class=\"yoast-schema-graph\">{\"@context\":\"https:\/\/schema.org\",\"@graph\":[{\"@type\":\"WebPage\",\"@id\":\"https:\/\/tourtravelandmore.com\/es\/tours\/francia\/carcassone-es\/carcassone-actividades-es\/tour-privado-por-carcassonne\/\",\"url\":\"https:\/\/tourtravelandmore.com\/es\/tours\/francia\/carcassone-es\/carcassone-actividades-es\/tour-privado-por-carcassonne\/\",\"name\":\"Tour Privado por Carcassonne con chofer y gu\u00eda oficial privado | TTM\",\"isPartOf\":{\"@id\":\"https:\/\/tourtravelandmore.com\/es\/#website\"},\"primaryImageOfPage\":{\"@id\":\"https:\/\/tourtravelandmore.com\/es\/tours\/francia\/carcassone-es\/carcassone-actividades-es\/tour-privado-por-carcassonne\/#primaryimage\"},\"image\":{\"@id\":\"https:\/\/tourtravelandmore.com\/es\/tours\/francia\/carcassone-es\/carcassone-actividades-es\/tour-privado-por-carcassonne\/#primaryimage\"},\"thumbnailUrl\":\"https:\/\/tourtravelandmore.com\/wp-content\/uploads\/2021\/02\/Carcassonne-7.jpg\",\"datePublished\":\"2021-02-22T08:34:25+00:00\",\"dateModified\":\"2022-07-04T09:56:53+00:00\",\"description\":\"Lo invitamos a conocer una de las ciudades mas hermosas de Francia que alberga una gran historia, con nuestro Tour Privado por Carcassonne \u2705\",\"breadcrumb\":{\"@id\":\"https:\/\/tourtravelandmore.com\/es\/tours\/francia\/carcassone-es\/carcassone-actividades-es\/tour-privado-por-carcassonne\/#breadcrumb\"},\"inLanguage\":\"es\",\"potentialAction\":[{\"@type\":\"ReadAction\",\"target\":[\"https:\/\/tourtravelandmore.com\/es\/tours\/francia\/carcassone-es\/carcassone-actividades-es\/tour-privado-por-carcassonne\/\"]}]},{\"@type\":\"ImageObject\",\"inLanguage\":\"es\",\"@id\":\"https:\/\/tourtravelandmore.com\/es\/tours\/francia\/carcassone-es\/carcassone-actividades-es\/tour-privado-por-carcassonne\/#primaryimage\",\"url\":\"https:\/\/tourtravelandmore.com\/wp-content\/uploads\/2021\/02\/Carcassonne-7.jpg\",\"contentUrl\":\"https:\/\/tourtravelandmore.com\/wp-content\/uploads\/2021\/02\/Carcassonne-7.jpg\",\"width\":1600,\"height\":1200,\"caption\":\"OLYMPUS DIGITAL CAMERA\"},{\"@type\":\"BreadcrumbList\",\"@id\":\"https:\/\/tourtravelandmore.com\/es\/tours\/francia\/carcassone-es\/carcassone-actividades-es\/tour-privado-por-carcassonne\/#breadcrumb\",\"itemListElement\":[{\"@type\":\"ListItem\",\"position\":1,\"name\":\"Home\",\"item\":\"https:\/\/tourtravelandmore.com\/es\/\"},{\"@type\":\"ListItem\",\"position\":2,\"name\":\"Tours\",\"item\":\"https:\/\/tourtravelandmore.com\/es\/tours\/\"},{\"@type\":\"ListItem\",\"position\":3,\"name\":\"Tour Privado por Carcassonne\"}]},{\"@type\":\"WebSite\",\"@id\":\"https:\/\/tourtravelandmore.com\/es\/#website\",\"url\":\"https:\/\/tourtravelandmore.com\/es\/\",\"name\":\"Tour Travel And More\",\"description\":\"Private sightseeing tours and luxury transfers in Spain\",\"publisher\":{\"@id\":\"https:\/\/tourtravelandmore.com\/es\/#organization\"},\"potentialAction\":[{\"@type\":\"SearchAction\",\"target\":{\"@type\":\"EntryPoint\",\"urlTemplate\":\"https:\/\/tourtravelandmore.com\/es\/?s={search_term_string}\"},\"query-input\":{\"@type\":\"PropertyValueSpecification\",\"valueRequired\":true,\"valueName\":\"search_term_string\"}}],\"inLanguage\":\"es\"},{\"@type\":\"Organization\",\"@id\":\"https:\/\/tourtravelandmore.com\/es\/#organization\",\"name\":\"Tour Travel And More\",\"url\":\"https:\/\/tourtravelandmore.com\/es\/\",\"logo\":{\"@type\":\"ImageObject\",\"inLanguage\":\"es\",\"@id\":\"https:\/\/tourtravelandmore.com\/es\/#\/schema\/logo\/image\/\",\"url\":\"https:\/\/tourtravelandmore.com\/wp-content\/uploads\/2022\/12\/cropped-logo-cabecera-new.png\",\"contentUrl\":\"https:\/\/tourtravelandmore.com\/wp-content\/uploads\/2022\/12\/cropped-logo-cabecera-new.png\",\"width\":430,\"height\":61,\"caption\":\"Tour Travel And More\"},\"image\":{\"@id\":\"https:\/\/tourtravelandmore.com\/es\/#\/schema\/logo\/image\/\"},\"sameAs\":[\"https:\/\/www.facebook.com\/tourtravelandmore\/\",\"https:\/\/x.com\/TourTravel_More\"]}]}<\/script>\n<!-- \/ Yoast SEO Premium plugin. -->","yoast_head_json":{"title":"Tour Privado por Carcassonne con chofer y gu\u00eda oficial privado | TTM","description":"Lo invitamos a conocer una de las ciudades mas hermosas de Francia que alberga una gran historia, con nuestro Tour Privado por Carcassonne \u2705","robots":{"index":"index","follow":"follow","max-snippet":"max-snippet:-1","max-image-preview":"max-image-preview:large","max-video-preview":"max-video-preview:-1"},"canonical":"https:\/\/tourtravelandmore.com\/es\/tours\/francia\/carcassone-es\/carcassone-actividades-es\/tour-privado-por-carcassonne\/","og_locale":"es_ES","og_type":"article","og_title":"Tour Privado por Carcassonne","og_description":"Lo invitamos a conocer una de las ciudades mas hermosas de Francia que alberga una gran historia, con nuestro Tour Privado por Carcassonne \u2705","og_url":"https:\/\/tourtravelandmore.com\/es\/tours\/francia\/carcassone-es\/carcassone-actividades-es\/tour-privado-por-carcassonne\/","og_site_name":"Tour Travel And More","article_publisher":"https:\/\/www.facebook.com\/tourtravelandmore\/","article_modified_time":"2022-07-04T09:56:53+00:00","og_image":[{"width":1600,"height":1200,"url":"https:\/\/tourtravelandmore.com\/wp-content\/uploads\/2021\/02\/Carcassonne-7.jpg","type":"image\/jpeg"}],"twitter_card":"summary_large_image","twitter_site":"@TourTravel_More","twitter_misc":{"Tiempo de lectura":"2 minutos"},"schema":{"@context":"https:\/\/schema.org","@graph":[{"@type":"WebPage","@id":"https:\/\/tourtravelandmore.com\/es\/tours\/francia\/carcassone-es\/carcassone-actividades-es\/tour-privado-por-carcassonne\/","url":"https:\/\/tourtravelandmore.com\/es\/tours\/francia\/carcassone-es\/carcassone-actividades-es\/tour-privado-por-carcassonne\/","name":"Tour Privado por Carcassonne con chofer y gu\u00eda oficial privado | TTM","isPartOf":{"@id":"https:\/\/tourtravelandmore.com\/es\/#website"},"primaryImageOfPage":{"@id":"https:\/\/tourtravelandmore.com\/es\/tours\/francia\/carcassone-es\/carcassone-actividades-es\/tour-privado-por-carcassonne\/#primaryimage"},"image":{"@id":"https:\/\/tourtravelandmore.com\/es\/tours\/francia\/carcassone-es\/carcassone-actividades-es\/tour-privado-por-carcassonne\/#primaryimage"},"thumbnailUrl":"https:\/\/tourtravelandmore.com\/wp-content\/uploads\/2021\/02\/Carcassonne-7.jpg","datePublished":"2021-02-22T08:34:25+00:00","dateModified":"2022-07-04T09:56:53+00:00","description":"Lo invitamos a conocer una de las ciudades mas hermosas de Francia que alberga una gran historia, con nuestro Tour Privado por Carcassonne \u2705","breadcrumb":{"@id":"https:\/\/tourtravelandmore.com\/es\/tours\/francia\/carcassone-es\/carcassone-actividades-es\/tour-privado-por-carcassonne\/#breadcrumb"},"inLanguage":"es","potentialAction":[{"@type":"ReadAction","target":["https:\/\/tourtravelandmore.com\/es\/tours\/francia\/carcassone-es\/carcassone-actividades-es\/tour-privado-por-carcassonne\/"]}]},{"@type":"ImageObject","inLanguage":"es","@id":"https:\/\/tourtravelandmore.com\/es\/tours\/francia\/carcassone-es\/carcassone-actividades-es\/tour-privado-por-carcassonne\/#primaryimage","url":"https:\/\/tourtravelandmore.com\/wp-content\/uploads\/2021\/02\/Carcassonne-7.jpg","contentUrl":"https:\/\/tourtravelandmore.com\/wp-content\/uploads\/2021\/02\/Carcassonne-7.jpg","width":1600,"height":1200,"caption":"OLYMPUS DIGITAL CAMERA"},{"@type":"BreadcrumbList","@id":"https:\/\/tourtravelandmore.com\/es\/tours\/francia\/carcassone-es\/carcassone-actividades-es\/tour-privado-por-carcassonne\/#breadcrumb","itemListElement":[{"@type":"ListItem","position":1,"name":"Home","item":"https:\/\/tourtravelandmore.com\/es\/"},{"@type":"ListItem","position":2,"name":"Tours","item":"https:\/\/tourtravelandmore.com\/es\/tours\/"},{"@type":"ListItem","position":3,"name":"Tour Privado por Carcassonne"}]},{"@type":"WebSite","@id":"https:\/\/tourtravelandmore.com\/es\/#website","url":"https:\/\/tourtravelandmore.com\/es\/","name":"Tour Travel And More","description":"Private sightseeing tours and luxury transfers in Spain","publisher":{"@id":"https:\/\/tourtravelandmore.com\/es\/#organization"},"potentialAction":[{"@type":"SearchAction","target":{"@type":"EntryPoint","urlTemplate":"https:\/\/tourtravelandmore.com\/es\/?s={search_term_string}"},"query-input":{"@type":"PropertyValueSpecification","valueRequired":true,"valueName":"search_term_string"}}],"inLanguage":"es"},{"@type":"Organization","@id":"https:\/\/tourtravelandmore.com\/es\/#organization","name":"Tour Travel And More","url":"https:\/\/tourtravelandmore.com\/es\/","logo":{"@type":"ImageObject","inLanguage":"es","@id":"https:\/\/tourtravelandmore.com\/es\/#\/schema\/logo\/image\/","url":"https:\/\/tourtravelandmore.com\/wp-content\/uploads\/2022\/12\/cropped-logo-cabecera-new.png","contentUrl":"https:\/\/tourtravelandmore.com\/wp-content\/uploads\/2022\/12\/cropped-logo-cabecera-new.png","width":430,"height":61,"caption":"Tour Travel And More"},"image":{"@id":"https:\/\/tourtravelandmore.com\/es\/#\/schema\/logo\/image\/"},"sameAs":["https:\/\/www.facebook.com\/tourtravelandmore\/","https:\/\/x.com\/TourTravel_More"]}]}},"_links":{"self":[{"href":"https:\/\/tourtravelandmore.com\/es\/wp-json\/wp\/v2\/product\/99990","targetHints":{"allow":["GET"]}}],"collection":[{"href":"https:\/\/tourtravelandmore.com\/es\/wp-json\/wp\/v2\/product"}],"about":[{"href":"https:\/\/tourtravelandmore.com\/es\/wp-json\/wp\/v2\/types\/product"}],"replies":[{"embeddable":true,"href":"https:\/\/tourtravelandmore.com\/es\/wp-json\/wp\/v2\/comments?post=99990"}],"wp:featuredmedia":[{"embeddable":true,"href":"https:\/\/tourtravelandmore.com\/es\/wp-json\/wp\/v2\/media\/100008"}],"wp:attachment":[{"href":"https:\/\/tourtravelandmore.com\/es\/wp-json\/wp\/v2\/media?parent=99990"}],"wp:term":[{"taxonomy":"product_brand","embeddable":true,"href":"https:\/\/tourtravelandmore.com\/es\/wp-json\/wp\/v2\/product_brand?post=99990"},{"taxonomy":"product_cat","embeddable":true,"href":"https:\/\/tourtravelandmore.com\/es\/wp-json\/wp\/v2\/product_cat?post=99990"},{"taxonomy":"product_tag","embeddable":true,"href":"https:\/\/tourtravelandmore.com\/es\/wp-json\/wp\/v2\/product_tag?post=99990"}],"curies":[{"name":"wp","href":"https:\/\/api.w.org\/{rel}","templated":true}]}}