{"id":99796,"date":"2021-02-19T12:35:00","date_gmt":"2021-02-19T11:35:01","guid":{"rendered":"https:\/\/tourtravelandmore.com\/?post_type=product&#038;p=99796"},"modified":"2022-07-04T11:54:05","modified_gmt":"2022-07-04T09:54:05","slug":"tour-privado-a-pie-por-carcassonne","status":"publish","type":"product","link":"https:\/\/tourtravelandmore.com\/es\/tours\/francia\/carcassone-es\/carcassone-actividades-es\/tour-privado-a-pie-por-carcassonne\/","title":{"rendered":"Tour Privado a pie por Carcassonne"},"content":{"rendered":"<h2>Descripci\u00f3n del Tour Privado a pie por Carcassonne<\/h2>\n<p>Aproveche esta oportunidad para disfrutar de la Ciudad de Carcassonne y su parte antigua. Esta parte est\u00e1 llena de detalles hist\u00f3ricos y es imprescindible visitarla con un gu\u00eda tur\u00edstico. \u00a1Disfruta de este Tour Privado a pie por Carcassonne con un gu\u00eda tur\u00edstico oficial a tu lado!.<\/p>\n<p>Disfruta de este<strong> Patrimonio de la Humanidad<\/strong> protegido por la UNESCO. Carcassonne realmente tiene mucho que ofrecerle.<\/p>\n<p>Durante este recorrido privado a pie, aproveche la oportunidad de disfrutar de las incre\u00edbles paredes y la historia de la ciudadela. Se puede disfrutar de una ciudad \u00fanica que ha estado protegida durante siglos durante este recorrido privado a pie con un gu\u00eda oficial.<\/p>\n<p>Tendr\u00e1 la oportunidad de conocer la Ciudad de Carcassonne y todo lo que tiene para ofrecer. Cont\u00e1ctenos para personalizar y personalizar su experiencia. Este tour privado a pie por Carcassonne es completamente personalizado.<\/p>\n<h2>Puntos emblem\u00e1ticos y de inter\u00e9s en el Tour Privado a pie por Carcassonne<\/h2>\n<p>Este es un tour privado a pie por Carcassonne. Arreglaremos una recogida privada para usted. El punto de encuentro ser\u00e1 un punto de encuentro ubicado en el centro al que se puede llegar a pie. Si desea que lo recojan en un hotel, inf\u00f3rmenos y veremos si podemos organizar un traslado a pie para usted. Al ser un recorrido privado, podemos personalizar el recorrido para satisfacer sus necesidades exactas.<\/p>\n<p>Durante este recorrido a pie, tendr\u00e1 la oportunidad de conocer los sitios m\u00e1s importantes e hist\u00f3ricos de Carcasona. Aqu\u00ed hay algunos ejemplos de lo que disfrutar\u00e1 durante su recorrido:<\/p>\n<ul>\n<li><strong>La ciudad de Carcassonne<\/strong><\/li>\n<li><strong>Ch\u00e2teau Comtal y Murallas<\/strong><\/li>\n<li><a href=\"https:\/\/es.wikipedia.org\/wiki\/Bas%C3%ADlica_Saint-Nazaire\">Bas\u00edlica de los santos Nazarius y Celsus<\/a><\/li>\n<li><strong>\u00a1Mucho m\u00e1s!<\/strong><\/li>\n<\/ul>\n<p>Su gu\u00eda tur\u00edstico oficial privado estar\u00e1 a su disposici\u00f3n durante la duraci\u00f3n del recorrido. Tendr\u00e1 la oportunidad de conocer los lugares y sitios m\u00e1s singulares de Carcasona y su casco antiguo. Contacta tus para una experiencia m\u00e1s personalizada. Estamos siempre a su disposici\u00f3n.<\/p>\n<p><a href=\"https:\/\/tourtravelandmore.com\/es\/ciudad\/francia\/carcassone-es\/#shop\/\">Haga clic aqu\u00ed para ver todos nuestros tours privados y experiencias en Carcassonne. <\/a><\/p>\n","protected":false},"excerpt":{"rendered":"<p>Acomp\u00e1\u00f1enos a conocer unas de las ciudades m\u00e1s <strong>bonitas de Francia con este Tour Privado a pie por Carcassonne<\/strong> con un gu\u00eda oficial local.<\/p>\n<p><span style=\"font-weight: 400;\">\u00a0<\/span><\/p>\n<h4><\/h4>\n","protected":false},"featured_media":99819,"comment_status":"open","ping_status":"closed","template":"","meta":{"_acf_changed":false},"product_brand":[],"product_cat":[1592,3517,3518,3520],"product_tag":[],"class_list":{"0":"post-99796","1":"product","2":"type-product","3":"status-publish","4":"has-post-thumbnail","6":"product_cat-francia","7":"product_cat-carcassone-es","8":"product_cat-carcassone-actividades-es","9":"product_cat-carcassone-a-pie-es","11":"first","12":"instock","13":"shipping-taxable","14":"purchasable","15":"product-type-simple"},"acf":[],"yoast_head":"<!-- This site is optimized with the Yoast SEO Premium plugin v25.3.1 (Yoast SEO v25.3.1) - https:\/\/yoast.com\/wordpress\/plugins\/seo\/ -->\n<title>Tour Privado a pie por Carcassonne con gu\u00eda profesional local | TTM<\/title>\n<meta name=\"description\" content=\"Acomp\u00e1\u00f1enos a conocer unas de las ciudades mas bonitas de Francia con este Tour Privado a pie por Carcassonne con un gu\u00eda oficial local \u2705\" \/>\n<meta name=\"robots\" content=\"index, follow, max-snippet:-1, max-image-preview:large, max-video-preview:-1\" \/>\n<link rel=\"canonical\" href=\"https:\/\/tourtravelandmore.com\/es\/tours\/francia\/carcassone-es\/carcassone-actividades-es\/tour-privado-a-pie-por-carcassonne\/\" \/>\n<meta property=\"og:locale\" content=\"es_ES\" \/>\n<meta property=\"og:type\" content=\"article\" \/>\n<meta property=\"og:title\" content=\"Tour Privado a pie por Carcassonne\" \/>\n<meta property=\"og:description\" content=\"Acomp\u00e1\u00f1enos a conocer unas de las ciudades mas bonitas de Francia con este Tour Privado a pie por Carcassonne con un gu\u00eda oficial local \u2705\" \/>\n<meta property=\"og:url\" content=\"https:\/\/tourtravelandmore.com\/es\/tours\/francia\/carcassone-es\/carcassone-actividades-es\/tour-privado-a-pie-por-carcassonne\/\" \/>\n<meta property=\"og:site_name\" content=\"Tour Travel And More\" \/>\n<meta property=\"article:publisher\" content=\"https:\/\/www.facebook.com\/tourtravelandmore\/\" \/>\n<meta property=\"article:modified_time\" content=\"2022-07-04T09:54:05+00:00\" \/>\n<meta property=\"og:image\" content=\"https:\/\/tourtravelandmore.com\/wp-content\/uploads\/2021\/02\/carcassone-4.jpg\" \/>\n\t<meta property=\"og:image:width\" content=\"616\" \/>\n\t<meta property=\"og:image:height\" content=\"480\" \/>\n\t<meta property=\"og:image:type\" content=\"image\/jpeg\" \/>\n<meta name=\"twitter:card\" content=\"summary_large_image\" \/>\n<meta name=\"twitter:site\" content=\"@TourTravel_More\" \/>\n<meta name=\"twitter:label1\" content=\"Tiempo de lectura\" \/>\n\t<meta name=\"twitter:data1\" content=\"2 minutos\" \/>\n<script type=\"application\/ld+json\" class=\"yoast-schema-graph\">{\"@context\":\"https:\/\/schema.org\",\"@graph\":[{\"@type\":\"WebPage\",\"@id\":\"https:\/\/tourtravelandmore.com\/es\/tours\/francia\/carcassone-es\/carcassone-actividades-es\/tour-privado-a-pie-por-carcassonne\/\",\"url\":\"https:\/\/tourtravelandmore.com\/es\/tours\/francia\/carcassone-es\/carcassone-actividades-es\/tour-privado-a-pie-por-carcassonne\/\",\"name\":\"Tour Privado a pie por Carcassonne con gu\u00eda profesional local | TTM\",\"isPartOf\":{\"@id\":\"https:\/\/tourtravelandmore.com\/es\/#website\"},\"primaryImageOfPage\":{\"@id\":\"https:\/\/tourtravelandmore.com\/es\/tours\/francia\/carcassone-es\/carcassone-actividades-es\/tour-privado-a-pie-por-carcassonne\/#primaryimage\"},\"image\":{\"@id\":\"https:\/\/tourtravelandmore.com\/es\/tours\/francia\/carcassone-es\/carcassone-actividades-es\/tour-privado-a-pie-por-carcassonne\/#primaryimage\"},\"thumbnailUrl\":\"https:\/\/tourtravelandmore.com\/wp-content\/uploads\/2021\/02\/carcassone-4.jpg\",\"datePublished\":\"2021-02-19T11:35:01+00:00\",\"dateModified\":\"2022-07-04T09:54:05+00:00\",\"description\":\"Acomp\u00e1\u00f1enos a conocer unas de las ciudades mas bonitas de Francia con este Tour Privado a pie por Carcassonne con un gu\u00eda oficial local \u2705\",\"breadcrumb\":{\"@id\":\"https:\/\/tourtravelandmore.com\/es\/tours\/francia\/carcassone-es\/carcassone-actividades-es\/tour-privado-a-pie-por-carcassonne\/#breadcrumb\"},\"inLanguage\":\"es\",\"potentialAction\":[{\"@type\":\"ReadAction\",\"target\":[\"https:\/\/tourtravelandmore.com\/es\/tours\/francia\/carcassone-es\/carcassone-actividades-es\/tour-privado-a-pie-por-carcassonne\/\"]}]},{\"@type\":\"ImageObject\",\"inLanguage\":\"es\",\"@id\":\"https:\/\/tourtravelandmore.com\/es\/tours\/francia\/carcassone-es\/carcassone-actividades-es\/tour-privado-a-pie-por-carcassonne\/#primaryimage\",\"url\":\"https:\/\/tourtravelandmore.com\/wp-content\/uploads\/2021\/02\/carcassone-4.jpg\",\"contentUrl\":\"https:\/\/tourtravelandmore.com\/wp-content\/uploads\/2021\/02\/carcassone-4.jpg\",\"width\":616,\"height\":480},{\"@type\":\"BreadcrumbList\",\"@id\":\"https:\/\/tourtravelandmore.com\/es\/tours\/francia\/carcassone-es\/carcassone-actividades-es\/tour-privado-a-pie-por-carcassonne\/#breadcrumb\",\"itemListElement\":[{\"@type\":\"ListItem\",\"position\":1,\"name\":\"Home\",\"item\":\"https:\/\/tourtravelandmore.com\/es\/\"},{\"@type\":\"ListItem\",\"position\":2,\"name\":\"Tours\",\"item\":\"https:\/\/tourtravelandmore.com\/es\/tours\/\"},{\"@type\":\"ListItem\",\"position\":3,\"name\":\"Tour Privado a pie por Carcassonne\"}]},{\"@type\":\"WebSite\",\"@id\":\"https:\/\/tourtravelandmore.com\/es\/#website\",\"url\":\"https:\/\/tourtravelandmore.com\/es\/\",\"name\":\"Tour Travel And More\",\"description\":\"Private sightseeing tours and luxury transfers in Spain\",\"publisher\":{\"@id\":\"https:\/\/tourtravelandmore.com\/es\/#organization\"},\"potentialAction\":[{\"@type\":\"SearchAction\",\"target\":{\"@type\":\"EntryPoint\",\"urlTemplate\":\"https:\/\/tourtravelandmore.com\/es\/?s={search_term_string}\"},\"query-input\":{\"@type\":\"PropertyValueSpecification\",\"valueRequired\":true,\"valueName\":\"search_term_string\"}}],\"inLanguage\":\"es\"},{\"@type\":\"Organization\",\"@id\":\"https:\/\/tourtravelandmore.com\/es\/#organization\",\"name\":\"Tour Travel And More\",\"url\":\"https:\/\/tourtravelandmore.com\/es\/\",\"logo\":{\"@type\":\"ImageObject\",\"inLanguage\":\"es\",\"@id\":\"https:\/\/tourtravelandmore.com\/es\/#\/schema\/logo\/image\/\",\"url\":\"https:\/\/tourtravelandmore.com\/wp-content\/uploads\/2022\/12\/cropped-logo-cabecera-new.png\",\"contentUrl\":\"https:\/\/tourtravelandmore.com\/wp-content\/uploads\/2022\/12\/cropped-logo-cabecera-new.png\",\"width\":430,\"height\":61,\"caption\":\"Tour Travel And More\"},\"image\":{\"@id\":\"https:\/\/tourtravelandmore.com\/es\/#\/schema\/logo\/image\/\"},\"sameAs\":[\"https:\/\/www.facebook.com\/tourtravelandmore\/\",\"https:\/\/x.com\/TourTravel_More\"]}]}<\/script>\n<!-- \/ Yoast SEO Premium plugin. -->","yoast_head_json":{"title":"Tour Privado a pie por Carcassonne con gu\u00eda profesional local | TTM","description":"Acomp\u00e1\u00f1enos a conocer unas de las ciudades mas bonitas de Francia con este Tour Privado a pie por Carcassonne con un gu\u00eda oficial local \u2705","robots":{"index":"index","follow":"follow","max-snippet":"max-snippet:-1","max-image-preview":"max-image-preview:large","max-video-preview":"max-video-preview:-1"},"canonical":"https:\/\/tourtravelandmore.com\/es\/tours\/francia\/carcassone-es\/carcassone-actividades-es\/tour-privado-a-pie-por-carcassonne\/","og_locale":"es_ES","og_type":"article","og_title":"Tour Privado a pie por Carcassonne","og_description":"Acomp\u00e1\u00f1enos a conocer unas de las ciudades mas bonitas de Francia con este Tour Privado a pie por Carcassonne con un gu\u00eda oficial local \u2705","og_url":"https:\/\/tourtravelandmore.com\/es\/tours\/francia\/carcassone-es\/carcassone-actividades-es\/tour-privado-a-pie-por-carcassonne\/","og_site_name":"Tour Travel And More","article_publisher":"https:\/\/www.facebook.com\/tourtravelandmore\/","article_modified_time":"2022-07-04T09:54:05+00:00","og_image":[{"width":616,"height":480,"url":"https:\/\/tourtravelandmore.com\/wp-content\/uploads\/2021\/02\/carcassone-4.jpg","type":"image\/jpeg"}],"twitter_card":"summary_large_image","twitter_site":"@TourTravel_More","twitter_misc":{"Tiempo de lectura":"2 minutos"},"schema":{"@context":"https:\/\/schema.org","@graph":[{"@type":"WebPage","@id":"https:\/\/tourtravelandmore.com\/es\/tours\/francia\/carcassone-es\/carcassone-actividades-es\/tour-privado-a-pie-por-carcassonne\/","url":"https:\/\/tourtravelandmore.com\/es\/tours\/francia\/carcassone-es\/carcassone-actividades-es\/tour-privado-a-pie-por-carcassonne\/","name":"Tour Privado a pie por Carcassonne con gu\u00eda profesional local | TTM","isPartOf":{"@id":"https:\/\/tourtravelandmore.com\/es\/#website"},"primaryImageOfPage":{"@id":"https:\/\/tourtravelandmore.com\/es\/tours\/francia\/carcassone-es\/carcassone-actividades-es\/tour-privado-a-pie-por-carcassonne\/#primaryimage"},"image":{"@id":"https:\/\/tourtravelandmore.com\/es\/tours\/francia\/carcassone-es\/carcassone-actividades-es\/tour-privado-a-pie-por-carcassonne\/#primaryimage"},"thumbnailUrl":"https:\/\/tourtravelandmore.com\/wp-content\/uploads\/2021\/02\/carcassone-4.jpg","datePublished":"2021-02-19T11:35:01+00:00","dateModified":"2022-07-04T09:54:05+00:00","description":"Acomp\u00e1\u00f1enos a conocer unas de las ciudades mas bonitas de Francia con este Tour Privado a pie por Carcassonne con un gu\u00eda oficial local \u2705","breadcrumb":{"@id":"https:\/\/tourtravelandmore.com\/es\/tours\/francia\/carcassone-es\/carcassone-actividades-es\/tour-privado-a-pie-por-carcassonne\/#breadcrumb"},"inLanguage":"es","potentialAction":[{"@type":"ReadAction","target":["https:\/\/tourtravelandmore.com\/es\/tours\/francia\/carcassone-es\/carcassone-actividades-es\/tour-privado-a-pie-por-carcassonne\/"]}]},{"@type":"ImageObject","inLanguage":"es","@id":"https:\/\/tourtravelandmore.com\/es\/tours\/francia\/carcassone-es\/carcassone-actividades-es\/tour-privado-a-pie-por-carcassonne\/#primaryimage","url":"https:\/\/tourtravelandmore.com\/wp-content\/uploads\/2021\/02\/carcassone-4.jpg","contentUrl":"https:\/\/tourtravelandmore.com\/wp-content\/uploads\/2021\/02\/carcassone-4.jpg","width":616,"height":480},{"@type":"BreadcrumbList","@id":"https:\/\/tourtravelandmore.com\/es\/tours\/francia\/carcassone-es\/carcassone-actividades-es\/tour-privado-a-pie-por-carcassonne\/#breadcrumb","itemListElement":[{"@type":"ListItem","position":1,"name":"Home","item":"https:\/\/tourtravelandmore.com\/es\/"},{"@type":"ListItem","position":2,"name":"Tours","item":"https:\/\/tourtravelandmore.com\/es\/tours\/"},{"@type":"ListItem","position":3,"name":"Tour Privado a pie por Carcassonne"}]},{"@type":"WebSite","@id":"https:\/\/tourtravelandmore.com\/es\/#website","url":"https:\/\/tourtravelandmore.com\/es\/","name":"Tour Travel And More","description":"Private sightseeing tours and luxury transfers in Spain","publisher":{"@id":"https:\/\/tourtravelandmore.com\/es\/#organization"},"potentialAction":[{"@type":"SearchAction","target":{"@type":"EntryPoint","urlTemplate":"https:\/\/tourtravelandmore.com\/es\/?s={search_term_string}"},"query-input":{"@type":"PropertyValueSpecification","valueRequired":true,"valueName":"search_term_string"}}],"inLanguage":"es"},{"@type":"Organization","@id":"https:\/\/tourtravelandmore.com\/es\/#organization","name":"Tour Travel And More","url":"https:\/\/tourtravelandmore.com\/es\/","logo":{"@type":"ImageObject","inLanguage":"es","@id":"https:\/\/tourtravelandmore.com\/es\/#\/schema\/logo\/image\/","url":"https:\/\/tourtravelandmore.com\/wp-content\/uploads\/2022\/12\/cropped-logo-cabecera-new.png","contentUrl":"https:\/\/tourtravelandmore.com\/wp-content\/uploads\/2022\/12\/cropped-logo-cabecera-new.png","width":430,"height":61,"caption":"Tour Travel And More"},"image":{"@id":"https:\/\/tourtravelandmore.com\/es\/#\/schema\/logo\/image\/"},"sameAs":["https:\/\/www.facebook.com\/tourtravelandmore\/","https:\/\/x.com\/TourTravel_More"]}]}},"_links":{"self":[{"href":"https:\/\/tourtravelandmore.com\/es\/wp-json\/wp\/v2\/product\/99796","targetHints":{"allow":["GET"]}}],"collection":[{"href":"https:\/\/tourtravelandmore.com\/es\/wp-json\/wp\/v2\/product"}],"about":[{"href":"https:\/\/tourtravelandmore.com\/es\/wp-json\/wp\/v2\/types\/product"}],"replies":[{"embeddable":true,"href":"https:\/\/tourtravelandmore.com\/es\/wp-json\/wp\/v2\/comments?post=99796"}],"wp:featuredmedia":[{"embeddable":true,"href":"https:\/\/tourtravelandmore.com\/es\/wp-json\/wp\/v2\/media\/99819"}],"wp:attachment":[{"href":"https:\/\/tourtravelandmore.com\/es\/wp-json\/wp\/v2\/media?parent=99796"}],"wp:term":[{"taxonomy":"product_brand","embeddable":true,"href":"https:\/\/tourtravelandmore.com\/es\/wp-json\/wp\/v2\/product_brand?post=99796"},{"taxonomy":"product_cat","embeddable":true,"href":"https:\/\/tourtravelandmore.com\/es\/wp-json\/wp\/v2\/product_cat?post=99796"},{"taxonomy":"product_tag","embeddable":true,"href":"https:\/\/tourtravelandmore.com\/es\/wp-json\/wp\/v2\/product_tag?post=99796"}],"curies":[{"name":"wp","href":"https:\/\/api.w.org\/{rel}","templated":true}]}}