{"id":99666,"date":"2021-02-19T11:02:28","date_gmt":"2021-02-19T10:02:29","guid":{"rendered":"https:\/\/tourtravelandmore.com\/?post_type=product&#038;p=99666"},"modified":"2022-06-24T11:50:36","modified_gmt":"2022-06-24T09:50:36","slug":"tour-privado-de-juego-de-tronos","status":"publish","type":"product","link":"https:\/\/tourtravelandmore.com\/es\/tours\/francia\/biarritz-es\/biarritz-actividades-es\/tour-privado-de-juego-de-tronos\/","title":{"rendered":"Tour Privado de Juego de Tronos desde Biarritz"},"content":{"rendered":"<h2>Descripci\u00f3n del Tour Privado de Juego de Tronos desde Biarritz<\/h2>\n<p>Nuestro recorrido habitual de Juego de Tronos es desde San Sebasti\u00e1n o Bilbao a los lugares que tuvieron lugar en la famosa serie en el norte de Espa\u00f1a. Aqu\u00ed hay una breve vista del recorrido que incluye la visita a dos ciudades. <span class=\"JLqJ4b ChMk0b\" data-language-for-alternatives=\"es\" data-language-to-translate-into=\"en\" data-phrase-index=\"1\">Ven con nosotros en este <strong>Tour Privado de Juego de Tronos desde Biarritz<\/strong>.<\/span><\/p>\n<p>Aqu\u00ed hay una versi\u00f3n m\u00e1s corta sobre el tour de Juego de Tronos desde Biarritz. Si lo desea, tambi\u00e9n podemos agregar una breve parada en San Juan de Luz o San Sebasti\u00e1n.<\/p>\n<p>Lo recogeremos de su hotel y lugar de elecci\u00f3n en Biarritz y comenzaremos su recorrido privado. El recorrido se puede hacer solo con un conductor que hable ingl\u00e9s b\u00e1sico o podemos agregar un gu\u00eda tur\u00edstico oficial separado para que lo acompa\u00f1e para un enfoque m\u00e1s detallado e hist\u00f3rico.<\/p>\n<p>Este es un recorrido privado y organizaremos una experiencia \u00fanica para usted. \u00a1Es por eso que podemos agregar paradas a otras dos ubicaciones o pasar m\u00e1s tiempo en Guetaria y Zumaya! \u00a1Lo que prefiera para su recorrido privado! H\u00e1ganos saber y organizaremos la propuesta en consecuencia.<\/p>\n<h2>Puntos emblem\u00e1ticos y de inter\u00e9s en el Tour Privado de Juego de Tronos desde Biarritz<\/h2>\n<p>Disfruta de este tour privado de Juego de Tronos desde Biarritz. Despu\u00e9s de recogerlo en su hotel o lugar de elecci\u00f3n nos dirigiremos hacia Guetaria y Zumaya.<\/p>\n<p>Aunque \u00fanicamente podremos visitar dos de las muchas ciudades donde se film\u00f3 Game of Thrones, son sitios realmente \u00fanicos.<\/p>\n<p>Arreglaremos una parada en <a href=\"https:\/\/www.google.es\/search?ei=_48vYMi4NYqjgQbchpWwDQ&amp;q=Guetaria&amp;oq=Guetaria&amp;gs_lcp=Cgdnd3Mtd2l6EAMyBwguEEMQkwIyAggAMggIABDHARCvATIICAAQxwEQrwEyAggAMggIABDHARCvATICCAAyCAgAEMcBEK8BMgQIABAKMgoIABDHARCvARAKOgcIABBHELADUOYdWOYdYNQgaAJwAngAgAGMAYgBkAKSAQMwLjKYAQCgAQGqAQdnd3Mtd2l6yAEIwAEB&amp;sclient=gws-wiz&amp;ved=0ahUKEwiItIj42_XuAhWKUcAKHVxDBdYQ4dUDCAw&amp;uact=5\">Guetaria<\/a>. Guetaria es un pueblo pesquero medieval muy bonito. En realidad, est\u00e1 muy cerca de la ciudad espa\u00f1ola de San Sebasti\u00e1n.<\/p>\n<p>Luego continuaremos hacia Zumaia. Esta es la entrada al Castillo de Dragonstone, donde John Snow conoce a La Madre de los Dragones. Esta es realmente una reacci\u00f3n espectacular, y no se puede perder. Esta costa es \u00fanica desde Zumaia hasta Mutriku y, por supuesto, pasa por Deba. Esta es una formaci\u00f3n realmente singular y geol\u00f3gica con millones de a\u00f1os de historia.<\/p>\n<p>Luego tendremos algo de tiempo libre antes de regresar a su hotel en Biarritz.<\/p>\n<p>Para completar la experiencia, podemos organizar una parada en San Juan de Luz o en San Sebasti\u00e1n si lo desea. Solo h\u00e1ganos saber y podemos agregarlo al itinerario.<\/p>\n<p><a href=\"https:\/\/tourtravelandmore.com\/es\/ciudad\/francia\/biarritz-es\/\">Haga click aqu\u00ed para conocer todos nuestros tours y experiencias privadas en Biarritz.<\/a><\/p>\n","protected":false},"excerpt":{"rendered":"<p>Si eres fan\u00e1tico de la saga, \u00a1este <strong>Tour Privado de Juego de Tronos desde Biarritz<\/strong> es perfecto para ti!. <span class=\"JLqJ4b ChMk0b\" data-language-for-alternatives=\"es\" data-language-to-translate-into=\"en\" data-phrase-index=\"1\">\u00a1Viva una experiencia de d\u00eda completo!<\/span><\/p>\n<p><span style=\"font-weight: 400;\">\u00a0<\/span><\/p>\n<h4><\/h4>\n","protected":false},"featured_media":99694,"comment_status":"open","ping_status":"closed","template":"","meta":{"_acf_changed":false},"product_brand":[],"product_cat":[1592,3521,3522,3523],"product_tag":[],"class_list":{"0":"post-99666","1":"product","2":"type-product","3":"status-publish","4":"has-post-thumbnail","6":"product_cat-francia","7":"product_cat-biarritz-es","8":"product_cat-biarritz-actividades-es","9":"product_cat-biarritz-tours-es","11":"first","12":"instock","13":"shipping-taxable","14":"purchasable","15":"product-type-simple"},"acf":[],"yoast_head":"<!-- This site is optimized with the Yoast SEO Premium plugin v25.3.1 (Yoast SEO v25.3.1) - https:\/\/yoast.com\/wordpress\/plugins\/seo\/ -->\n<title>Tour Privado de Juego de Tronos desde Biarritz con gu\u00eda y chofer | TTM<\/title>\n<meta name=\"description\" content=\"Si eres fan\u00e1tico de la saga, \u00a1este Tour Privado de Juego de Tronos desde Biarritz es perfecto para ti!. \u00a1Viva una experiencia de d\u00eda completo! \u2705\" \/>\n<meta name=\"robots\" content=\"index, follow, max-snippet:-1, max-image-preview:large, max-video-preview:-1\" \/>\n<link rel=\"canonical\" href=\"https:\/\/tourtravelandmore.com\/es\/tours\/francia\/biarritz-es\/biarritz-actividades-es\/tour-privado-de-juego-de-tronos\/\" \/>\n<meta property=\"og:locale\" content=\"es_ES\" \/>\n<meta property=\"og:type\" content=\"article\" \/>\n<meta property=\"og:title\" content=\"Tour Privado de Juego de Tronos desde Biarritz\" \/>\n<meta property=\"og:description\" content=\"Si eres fan\u00e1tico de la saga, \u00a1este Tour Privado de Juego de Tronos desde Biarritz es perfecto para ti!. \u00a1Viva una experiencia de d\u00eda completo! \u2705\" \/>\n<meta property=\"og:url\" content=\"https:\/\/tourtravelandmore.com\/es\/tours\/francia\/biarritz-es\/biarritz-actividades-es\/tour-privado-de-juego-de-tronos\/\" \/>\n<meta property=\"og:site_name\" content=\"Tour Travel And More\" \/>\n<meta property=\"article:publisher\" content=\"https:\/\/www.facebook.com\/tourtravelandmore\/\" \/>\n<meta property=\"article:modified_time\" content=\"2022-06-24T09:50:36+00:00\" \/>\n<meta property=\"og:image\" content=\"https:\/\/tourtravelandmore.com\/wp-content\/uploads\/2021\/02\/zumaya-1.jpg\" \/>\n\t<meta property=\"og:image:width\" content=\"1024\" \/>\n\t<meta property=\"og:image:height\" content=\"736\" \/>\n\t<meta property=\"og:image:type\" content=\"image\/jpeg\" \/>\n<meta name=\"twitter:card\" content=\"summary_large_image\" \/>\n<meta name=\"twitter:site\" content=\"@TourTravel_More\" \/>\n<meta name=\"twitter:label1\" content=\"Tiempo de lectura\" \/>\n\t<meta name=\"twitter:data1\" content=\"2 minutos\" \/>\n<script type=\"application\/ld+json\" class=\"yoast-schema-graph\">{\"@context\":\"https:\/\/schema.org\",\"@graph\":[{\"@type\":\"WebPage\",\"@id\":\"https:\/\/tourtravelandmore.com\/es\/tours\/francia\/biarritz-es\/biarritz-actividades-es\/tour-privado-de-juego-de-tronos\/\",\"url\":\"https:\/\/tourtravelandmore.com\/es\/tours\/francia\/biarritz-es\/biarritz-actividades-es\/tour-privado-de-juego-de-tronos\/\",\"name\":\"Tour Privado de Juego de Tronos desde Biarritz con gu\u00eda y chofer | TTM\",\"isPartOf\":{\"@id\":\"https:\/\/tourtravelandmore.com\/es\/#website\"},\"primaryImageOfPage\":{\"@id\":\"https:\/\/tourtravelandmore.com\/es\/tours\/francia\/biarritz-es\/biarritz-actividades-es\/tour-privado-de-juego-de-tronos\/#primaryimage\"},\"image\":{\"@id\":\"https:\/\/tourtravelandmore.com\/es\/tours\/francia\/biarritz-es\/biarritz-actividades-es\/tour-privado-de-juego-de-tronos\/#primaryimage\"},\"thumbnailUrl\":\"https:\/\/tourtravelandmore.com\/wp-content\/uploads\/2021\/02\/zumaya-1.jpg\",\"datePublished\":\"2021-02-19T10:02:29+00:00\",\"dateModified\":\"2022-06-24T09:50:36+00:00\",\"description\":\"Si eres fan\u00e1tico de la saga, \u00a1este Tour Privado de Juego de Tronos desde Biarritz es perfecto para ti!. \u00a1Viva una experiencia de d\u00eda completo! \u2705\",\"breadcrumb\":{\"@id\":\"https:\/\/tourtravelandmore.com\/es\/tours\/francia\/biarritz-es\/biarritz-actividades-es\/tour-privado-de-juego-de-tronos\/#breadcrumb\"},\"inLanguage\":\"es\",\"potentialAction\":[{\"@type\":\"ReadAction\",\"target\":[\"https:\/\/tourtravelandmore.com\/es\/tours\/francia\/biarritz-es\/biarritz-actividades-es\/tour-privado-de-juego-de-tronos\/\"]}]},{\"@type\":\"ImageObject\",\"inLanguage\":\"es\",\"@id\":\"https:\/\/tourtravelandmore.com\/es\/tours\/francia\/biarritz-es\/biarritz-actividades-es\/tour-privado-de-juego-de-tronos\/#primaryimage\",\"url\":\"https:\/\/tourtravelandmore.com\/wp-content\/uploads\/2021\/02\/zumaya-1.jpg\",\"contentUrl\":\"https:\/\/tourtravelandmore.com\/wp-content\/uploads\/2021\/02\/zumaya-1.jpg\",\"width\":1024,\"height\":736},{\"@type\":\"BreadcrumbList\",\"@id\":\"https:\/\/tourtravelandmore.com\/es\/tours\/francia\/biarritz-es\/biarritz-actividades-es\/tour-privado-de-juego-de-tronos\/#breadcrumb\",\"itemListElement\":[{\"@type\":\"ListItem\",\"position\":1,\"name\":\"Home\",\"item\":\"https:\/\/tourtravelandmore.com\/es\/\"},{\"@type\":\"ListItem\",\"position\":2,\"name\":\"Tours\",\"item\":\"https:\/\/tourtravelandmore.com\/es\/tours\/\"},{\"@type\":\"ListItem\",\"position\":3,\"name\":\"Tour Privado de Juego de Tronos desde Biarritz\"}]},{\"@type\":\"WebSite\",\"@id\":\"https:\/\/tourtravelandmore.com\/es\/#website\",\"url\":\"https:\/\/tourtravelandmore.com\/es\/\",\"name\":\"Tour Travel And More\",\"description\":\"Private sightseeing tours and luxury transfers in Spain\",\"publisher\":{\"@id\":\"https:\/\/tourtravelandmore.com\/es\/#organization\"},\"potentialAction\":[{\"@type\":\"SearchAction\",\"target\":{\"@type\":\"EntryPoint\",\"urlTemplate\":\"https:\/\/tourtravelandmore.com\/es\/?s={search_term_string}\"},\"query-input\":{\"@type\":\"PropertyValueSpecification\",\"valueRequired\":true,\"valueName\":\"search_term_string\"}}],\"inLanguage\":\"es\"},{\"@type\":\"Organization\",\"@id\":\"https:\/\/tourtravelandmore.com\/es\/#organization\",\"name\":\"Tour Travel And More\",\"url\":\"https:\/\/tourtravelandmore.com\/es\/\",\"logo\":{\"@type\":\"ImageObject\",\"inLanguage\":\"es\",\"@id\":\"https:\/\/tourtravelandmore.com\/es\/#\/schema\/logo\/image\/\",\"url\":\"https:\/\/tourtravelandmore.com\/wp-content\/uploads\/2022\/12\/cropped-logo-cabecera-new.png\",\"contentUrl\":\"https:\/\/tourtravelandmore.com\/wp-content\/uploads\/2022\/12\/cropped-logo-cabecera-new.png\",\"width\":430,\"height\":61,\"caption\":\"Tour Travel And More\"},\"image\":{\"@id\":\"https:\/\/tourtravelandmore.com\/es\/#\/schema\/logo\/image\/\"},\"sameAs\":[\"https:\/\/www.facebook.com\/tourtravelandmore\/\",\"https:\/\/x.com\/TourTravel_More\"]}]}<\/script>\n<!-- \/ Yoast SEO Premium plugin. -->","yoast_head_json":{"title":"Tour Privado de Juego de Tronos desde Biarritz con gu\u00eda y chofer | TTM","description":"Si eres fan\u00e1tico de la saga, \u00a1este Tour Privado de Juego de Tronos desde Biarritz es perfecto para ti!. \u00a1Viva una experiencia de d\u00eda completo! \u2705","robots":{"index":"index","follow":"follow","max-snippet":"max-snippet:-1","max-image-preview":"max-image-preview:large","max-video-preview":"max-video-preview:-1"},"canonical":"https:\/\/tourtravelandmore.com\/es\/tours\/francia\/biarritz-es\/biarritz-actividades-es\/tour-privado-de-juego-de-tronos\/","og_locale":"es_ES","og_type":"article","og_title":"Tour Privado de Juego de Tronos desde Biarritz","og_description":"Si eres fan\u00e1tico de la saga, \u00a1este Tour Privado de Juego de Tronos desde Biarritz es perfecto para ti!. \u00a1Viva una experiencia de d\u00eda completo! \u2705","og_url":"https:\/\/tourtravelandmore.com\/es\/tours\/francia\/biarritz-es\/biarritz-actividades-es\/tour-privado-de-juego-de-tronos\/","og_site_name":"Tour Travel And More","article_publisher":"https:\/\/www.facebook.com\/tourtravelandmore\/","article_modified_time":"2022-06-24T09:50:36+00:00","og_image":[{"width":1024,"height":736,"url":"https:\/\/tourtravelandmore.com\/wp-content\/uploads\/2021\/02\/zumaya-1.jpg","type":"image\/jpeg"}],"twitter_card":"summary_large_image","twitter_site":"@TourTravel_More","twitter_misc":{"Tiempo de lectura":"2 minutos"},"schema":{"@context":"https:\/\/schema.org","@graph":[{"@type":"WebPage","@id":"https:\/\/tourtravelandmore.com\/es\/tours\/francia\/biarritz-es\/biarritz-actividades-es\/tour-privado-de-juego-de-tronos\/","url":"https:\/\/tourtravelandmore.com\/es\/tours\/francia\/biarritz-es\/biarritz-actividades-es\/tour-privado-de-juego-de-tronos\/","name":"Tour Privado de Juego de Tronos desde Biarritz con gu\u00eda y chofer | TTM","isPartOf":{"@id":"https:\/\/tourtravelandmore.com\/es\/#website"},"primaryImageOfPage":{"@id":"https:\/\/tourtravelandmore.com\/es\/tours\/francia\/biarritz-es\/biarritz-actividades-es\/tour-privado-de-juego-de-tronos\/#primaryimage"},"image":{"@id":"https:\/\/tourtravelandmore.com\/es\/tours\/francia\/biarritz-es\/biarritz-actividades-es\/tour-privado-de-juego-de-tronos\/#primaryimage"},"thumbnailUrl":"https:\/\/tourtravelandmore.com\/wp-content\/uploads\/2021\/02\/zumaya-1.jpg","datePublished":"2021-02-19T10:02:29+00:00","dateModified":"2022-06-24T09:50:36+00:00","description":"Si eres fan\u00e1tico de la saga, \u00a1este Tour Privado de Juego de Tronos desde Biarritz es perfecto para ti!. \u00a1Viva una experiencia de d\u00eda completo! \u2705","breadcrumb":{"@id":"https:\/\/tourtravelandmore.com\/es\/tours\/francia\/biarritz-es\/biarritz-actividades-es\/tour-privado-de-juego-de-tronos\/#breadcrumb"},"inLanguage":"es","potentialAction":[{"@type":"ReadAction","target":["https:\/\/tourtravelandmore.com\/es\/tours\/francia\/biarritz-es\/biarritz-actividades-es\/tour-privado-de-juego-de-tronos\/"]}]},{"@type":"ImageObject","inLanguage":"es","@id":"https:\/\/tourtravelandmore.com\/es\/tours\/francia\/biarritz-es\/biarritz-actividades-es\/tour-privado-de-juego-de-tronos\/#primaryimage","url":"https:\/\/tourtravelandmore.com\/wp-content\/uploads\/2021\/02\/zumaya-1.jpg","contentUrl":"https:\/\/tourtravelandmore.com\/wp-content\/uploads\/2021\/02\/zumaya-1.jpg","width":1024,"height":736},{"@type":"BreadcrumbList","@id":"https:\/\/tourtravelandmore.com\/es\/tours\/francia\/biarritz-es\/biarritz-actividades-es\/tour-privado-de-juego-de-tronos\/#breadcrumb","itemListElement":[{"@type":"ListItem","position":1,"name":"Home","item":"https:\/\/tourtravelandmore.com\/es\/"},{"@type":"ListItem","position":2,"name":"Tours","item":"https:\/\/tourtravelandmore.com\/es\/tours\/"},{"@type":"ListItem","position":3,"name":"Tour Privado de Juego de Tronos desde Biarritz"}]},{"@type":"WebSite","@id":"https:\/\/tourtravelandmore.com\/es\/#website","url":"https:\/\/tourtravelandmore.com\/es\/","name":"Tour Travel And More","description":"Private sightseeing tours and luxury transfers in Spain","publisher":{"@id":"https:\/\/tourtravelandmore.com\/es\/#organization"},"potentialAction":[{"@type":"SearchAction","target":{"@type":"EntryPoint","urlTemplate":"https:\/\/tourtravelandmore.com\/es\/?s={search_term_string}"},"query-input":{"@type":"PropertyValueSpecification","valueRequired":true,"valueName":"search_term_string"}}],"inLanguage":"es"},{"@type":"Organization","@id":"https:\/\/tourtravelandmore.com\/es\/#organization","name":"Tour Travel And More","url":"https:\/\/tourtravelandmore.com\/es\/","logo":{"@type":"ImageObject","inLanguage":"es","@id":"https:\/\/tourtravelandmore.com\/es\/#\/schema\/logo\/image\/","url":"https:\/\/tourtravelandmore.com\/wp-content\/uploads\/2022\/12\/cropped-logo-cabecera-new.png","contentUrl":"https:\/\/tourtravelandmore.com\/wp-content\/uploads\/2022\/12\/cropped-logo-cabecera-new.png","width":430,"height":61,"caption":"Tour Travel And More"},"image":{"@id":"https:\/\/tourtravelandmore.com\/es\/#\/schema\/logo\/image\/"},"sameAs":["https:\/\/www.facebook.com\/tourtravelandmore\/","https:\/\/x.com\/TourTravel_More"]}]}},"_links":{"self":[{"href":"https:\/\/tourtravelandmore.com\/es\/wp-json\/wp\/v2\/product\/99666","targetHints":{"allow":["GET"]}}],"collection":[{"href":"https:\/\/tourtravelandmore.com\/es\/wp-json\/wp\/v2\/product"}],"about":[{"href":"https:\/\/tourtravelandmore.com\/es\/wp-json\/wp\/v2\/types\/product"}],"replies":[{"embeddable":true,"href":"https:\/\/tourtravelandmore.com\/es\/wp-json\/wp\/v2\/comments?post=99666"}],"wp:featuredmedia":[{"embeddable":true,"href":"https:\/\/tourtravelandmore.com\/es\/wp-json\/wp\/v2\/media\/99694"}],"wp:attachment":[{"href":"https:\/\/tourtravelandmore.com\/es\/wp-json\/wp\/v2\/media?parent=99666"}],"wp:term":[{"taxonomy":"product_brand","embeddable":true,"href":"https:\/\/tourtravelandmore.com\/es\/wp-json\/wp\/v2\/product_brand?post=99666"},{"taxonomy":"product_cat","embeddable":true,"href":"https:\/\/tourtravelandmore.com\/es\/wp-json\/wp\/v2\/product_cat?post=99666"},{"taxonomy":"product_tag","embeddable":true,"href":"https:\/\/tourtravelandmore.com\/es\/wp-json\/wp\/v2\/product_tag?post=99666"}],"curies":[{"name":"wp","href":"https:\/\/api.w.org\/{rel}","templated":true}]}}