{"id":99632,"date":"2021-02-19T10:22:02","date_gmt":"2021-02-19T09:22:03","guid":{"rendered":"https:\/\/tourtravelandmore.com\/?post_type=product&#038;p=99632"},"modified":"2022-06-24T11:49:39","modified_gmt":"2022-06-24T09:49:39","slug":"tour-privado-por-san-juan-de-luz-y-biarritz","status":"publish","type":"product","link":"https:\/\/tourtravelandmore.com\/es\/tours\/francia\/biarritz-es\/biarritz-actividades-es\/tour-privado-por-san-juan-de-luz-y-biarritz\/","title":{"rendered":"Tour Privado por San Juan de Luz y Biarritz"},"content":{"rendered":"<h2>Descripci\u00f3n del Tour Privado por San Juan de Luz y Biarritz<\/h2>\n<p>Perm\u00edtanos llevarlo a esta experiencia de d\u00eda completo para conocer Biarritz y todas sus gemas secretas y el pueblo \u00fanico de San Juan de Luz. Estar\u00e1 acompa\u00f1ado por un gu\u00eda tur\u00edstico oficial privado y un conductor privado durante todo el recorrido. <span class=\"JLqJ4b ChMk0b\" data-language-for-alternatives=\"es\" data-language-to-translate-into=\"en\" data-phrase-index=\"1\">Conozca estos \u00fanicos destinos con nuestro<strong> Tour Privado por San Juan de Luz y Biarritz<\/strong>.<\/span><\/p>\n<p>Organizaremos un traslado privado y c\u00f3modo desde su hotel o lugar de elecci\u00f3n en Biarritz y luego comenzaremos este recorrido privado.<\/p>\n<p>Tendr\u00e1 la oportunidad de visitar los sitios de Biarritz y tambi\u00e9n disfrutar de la encantadora ubicaci\u00f3n de San Juan de Luz. Si tiene alguna solicitud especial, no dude en hac\u00e9rnoslo saber. Siendo que este es un recorrido privado, podemos organizar cualquier cambio o modificaci\u00f3n para que pueda cumplir con su recorrido perfecto.<\/p>\n<h2>Puntos emblem\u00e1ticos y de inter\u00e9s en el Tour Privado por San Juan de Luz y Biarritz<\/h2>\n<p>Organizaremos una recogida privada desde su hotel o lugar de elecci\u00f3n con nuestro veh\u00edculo de lujo privado con chofer. Prep\u00e1rate para disfrutar de un d\u00eda diferente con nuestro tour privado por San Juan de Luz y Biarritz.<\/p>\n<p>Despu\u00e9s de que lo recojamos, nos dirigiremos hacia las mejores partes de Biarritz.<\/p>\n<p>Entre otros, aqu\u00ed hay una breve lista de lo que puede disfrutar, aunque depende de d\u00f3nde comenzaremos el recorrido privado:<\/p>\n<p><b>Biarritz<\/b><\/p>\n<ul>\n<li><strong>Rocher de la Vierge: hermosas y espectaculares vistas de la bah\u00eda de Biarrtiz e incluso de la Costa de &#8230;<\/strong><\/li>\n<li><strong>Grande Plage: la playa principal<\/strong><\/li>\n<li><strong>Port des P\u00eacheurs<\/strong><\/li>\n<li><strong>La C\u00f4te des Basque<\/strong><\/li>\n<li><strong>Faro<\/strong><\/li>\n<li><strong>Acuario: vista desde el exterior, si desea ingresar, tambi\u00e9n podemos organizarlo.<\/strong><\/li>\n<li><strong>Iglesia Russe de Biarritz<\/strong><\/li>\n<li><strong>H\u00f4tel du Palais<\/strong><\/li>\n<li><strong><a href=\"https:\/\/www.casinosbarriere.com\/fr\/biarritz.html\">Casino municipal<\/a><\/strong><\/li>\n<li><strong>Capilla imperial<\/strong><\/li>\n<li><strong>Si el tiempo lo permite: les Halles de Biarritz<\/strong><\/li>\n<\/ul>\n<p><b>San Juan de Luz:<\/b><\/p>\n<ul>\n<li><strong>Iglesia de San Juan Bautista<\/strong><\/li>\n<li><strong>Plage de Saint Jean de Luz<\/strong><\/li>\n<li><strong>Maison Louis XIV<\/strong><\/li>\n<li><strong>Fort de Socoa<\/strong><\/li>\n<li><strong>Puerto de San Juan de Luz<\/strong><\/li>\n<li><strong>Rue L\u00e9on Gambetta<\/strong><\/li>\n<li><strong>Paseo Jacques Thibaud<\/strong><\/li>\n<\/ul>\n<p>Siendo que este es un recorrido privado, podemos organizar el recorrido para satisfacer sus propias necesidades. Podemos comenzar cuando lo desee y podemos agregar o eliminar paradas. Podemos pasar el tiempo que desee en cada ubicaci\u00f3n y modificar nuestro itinerario. Todo lo que necesita hacer es contactarnos y hacernos saber.<\/p>\n<p><a href=\"https:\/\/tourtravelandmore.com\/es\/ciudad\/francia\/biarritz-es\/\">Haga click aqu\u00ed para conocer todos nuestros tours y experiencias privadas en Biarritz.<\/a><\/p>\n","protected":false},"excerpt":{"rendered":"<p>Aprovecha esta oportunidad y sum\u00e9rgete en este <strong>Tour Privado por San Juan de Luz y Biarritz con un equipo local en un veh\u00edculo privado.<\/strong><\/p>\n<p><span style=\"font-weight: 400;\">\u00a0<\/span><\/p>\n<h4><\/h4>\n","protected":false},"featured_media":99650,"comment_status":"open","ping_status":"closed","template":"","meta":{"_acf_changed":false},"product_brand":[],"product_cat":[1592,3521,3522,3523],"product_tag":[],"class_list":{"0":"post-99632","1":"product","2":"type-product","3":"status-publish","4":"has-post-thumbnail","6":"product_cat-francia","7":"product_cat-biarritz-es","8":"product_cat-biarritz-actividades-es","9":"product_cat-biarritz-tours-es","11":"first","12":"instock","13":"shipping-taxable","14":"purchasable","15":"product-type-simple"},"acf":[],"yoast_head":"<!-- This site is optimized with the Yoast SEO Premium plugin v25.3.1 (Yoast SEO v25.3.1) - https:\/\/yoast.com\/wordpress\/plugins\/seo\/ -->\n<title>Tour Privado por San Juan de Luz y Biarritz | Tour Travel &amp; More<\/title>\n<meta name=\"description\" content=\"Aprovecha esta oportunidad y sum\u00e9rgete en este Tour Privado por San Juan de Luz y Biarritz con un equipo local en un veh\u00edculo privado \u2705\" \/>\n<meta name=\"robots\" content=\"index, follow, max-snippet:-1, max-image-preview:large, max-video-preview:-1\" \/>\n<link rel=\"canonical\" href=\"https:\/\/tourtravelandmore.com\/es\/tours\/francia\/biarritz-es\/biarritz-actividades-es\/tour-privado-por-san-juan-de-luz-y-biarritz\/\" \/>\n<meta property=\"og:locale\" content=\"es_ES\" \/>\n<meta property=\"og:type\" content=\"article\" \/>\n<meta property=\"og:title\" content=\"Tour Privado por San Juan de Luz y Biarritz\" \/>\n<meta property=\"og:description\" content=\"Aprovecha esta oportunidad y sum\u00e9rgete en este Tour Privado por San Juan de Luz y Biarritz con un equipo local en un veh\u00edculo privado \u2705\" \/>\n<meta property=\"og:url\" content=\"https:\/\/tourtravelandmore.com\/es\/tours\/francia\/biarritz-es\/biarritz-actividades-es\/tour-privado-por-san-juan-de-luz-y-biarritz\/\" \/>\n<meta property=\"og:site_name\" content=\"Tour Travel And More\" \/>\n<meta property=\"article:publisher\" content=\"https:\/\/www.facebook.com\/tourtravelandmore\/\" \/>\n<meta property=\"article:modified_time\" content=\"2022-06-24T09:49:39+00:00\" \/>\n<meta property=\"og:image\" content=\"https:\/\/tourtravelandmore.com\/wp-content\/uploads\/2021\/02\/saint-1-1024x768.jpg\" \/>\n\t<meta property=\"og:image:width\" content=\"1024\" \/>\n\t<meta property=\"og:image:height\" content=\"768\" \/>\n\t<meta property=\"og:image:type\" content=\"image\/jpeg\" \/>\n<meta name=\"twitter:card\" content=\"summary_large_image\" \/>\n<meta name=\"twitter:site\" content=\"@TourTravel_More\" \/>\n<meta name=\"twitter:label1\" content=\"Tiempo de lectura\" \/>\n\t<meta name=\"twitter:data1\" content=\"2 minutos\" \/>\n<script type=\"application\/ld+json\" class=\"yoast-schema-graph\">{\"@context\":\"https:\/\/schema.org\",\"@graph\":[{\"@type\":\"WebPage\",\"@id\":\"https:\/\/tourtravelandmore.com\/es\/tours\/francia\/biarritz-es\/biarritz-actividades-es\/tour-privado-por-san-juan-de-luz-y-biarritz\/\",\"url\":\"https:\/\/tourtravelandmore.com\/es\/tours\/francia\/biarritz-es\/biarritz-actividades-es\/tour-privado-por-san-juan-de-luz-y-biarritz\/\",\"name\":\"Tour Privado por San Juan de Luz y Biarritz | Tour Travel & More\",\"isPartOf\":{\"@id\":\"https:\/\/tourtravelandmore.com\/es\/#website\"},\"primaryImageOfPage\":{\"@id\":\"https:\/\/tourtravelandmore.com\/es\/tours\/francia\/biarritz-es\/biarritz-actividades-es\/tour-privado-por-san-juan-de-luz-y-biarritz\/#primaryimage\"},\"image\":{\"@id\":\"https:\/\/tourtravelandmore.com\/es\/tours\/francia\/biarritz-es\/biarritz-actividades-es\/tour-privado-por-san-juan-de-luz-y-biarritz\/#primaryimage\"},\"thumbnailUrl\":\"https:\/\/tourtravelandmore.com\/wp-content\/uploads\/2021\/02\/saint-1.jpg\",\"datePublished\":\"2021-02-19T09:22:03+00:00\",\"dateModified\":\"2022-06-24T09:49:39+00:00\",\"description\":\"Aprovecha esta oportunidad y sum\u00e9rgete en este Tour Privado por San Juan de Luz y Biarritz con un equipo local en un veh\u00edculo privado \u2705\",\"breadcrumb\":{\"@id\":\"https:\/\/tourtravelandmore.com\/es\/tours\/francia\/biarritz-es\/biarritz-actividades-es\/tour-privado-por-san-juan-de-luz-y-biarritz\/#breadcrumb\"},\"inLanguage\":\"es\",\"potentialAction\":[{\"@type\":\"ReadAction\",\"target\":[\"https:\/\/tourtravelandmore.com\/es\/tours\/francia\/biarritz-es\/biarritz-actividades-es\/tour-privado-por-san-juan-de-luz-y-biarritz\/\"]}]},{\"@type\":\"ImageObject\",\"inLanguage\":\"es\",\"@id\":\"https:\/\/tourtravelandmore.com\/es\/tours\/francia\/biarritz-es\/biarritz-actividades-es\/tour-privado-por-san-juan-de-luz-y-biarritz\/#primaryimage\",\"url\":\"https:\/\/tourtravelandmore.com\/wp-content\/uploads\/2021\/02\/saint-1.jpg\",\"contentUrl\":\"https:\/\/tourtravelandmore.com\/wp-content\/uploads\/2021\/02\/saint-1.jpg\",\"width\":2048,\"height\":1536},{\"@type\":\"BreadcrumbList\",\"@id\":\"https:\/\/tourtravelandmore.com\/es\/tours\/francia\/biarritz-es\/biarritz-actividades-es\/tour-privado-por-san-juan-de-luz-y-biarritz\/#breadcrumb\",\"itemListElement\":[{\"@type\":\"ListItem\",\"position\":1,\"name\":\"Home\",\"item\":\"https:\/\/tourtravelandmore.com\/es\/\"},{\"@type\":\"ListItem\",\"position\":2,\"name\":\"Tours\",\"item\":\"https:\/\/tourtravelandmore.com\/es\/tours\/\"},{\"@type\":\"ListItem\",\"position\":3,\"name\":\"Tour Privado por San Juan de Luz y Biarritz\"}]},{\"@type\":\"WebSite\",\"@id\":\"https:\/\/tourtravelandmore.com\/es\/#website\",\"url\":\"https:\/\/tourtravelandmore.com\/es\/\",\"name\":\"Tour Travel And More\",\"description\":\"Private sightseeing tours and luxury transfers in Spain\",\"publisher\":{\"@id\":\"https:\/\/tourtravelandmore.com\/es\/#organization\"},\"potentialAction\":[{\"@type\":\"SearchAction\",\"target\":{\"@type\":\"EntryPoint\",\"urlTemplate\":\"https:\/\/tourtravelandmore.com\/es\/?s={search_term_string}\"},\"query-input\":{\"@type\":\"PropertyValueSpecification\",\"valueRequired\":true,\"valueName\":\"search_term_string\"}}],\"inLanguage\":\"es\"},{\"@type\":\"Organization\",\"@id\":\"https:\/\/tourtravelandmore.com\/es\/#organization\",\"name\":\"Tour Travel And More\",\"url\":\"https:\/\/tourtravelandmore.com\/es\/\",\"logo\":{\"@type\":\"ImageObject\",\"inLanguage\":\"es\",\"@id\":\"https:\/\/tourtravelandmore.com\/es\/#\/schema\/logo\/image\/\",\"url\":\"https:\/\/tourtravelandmore.com\/wp-content\/uploads\/2022\/12\/cropped-logo-cabecera-new.png\",\"contentUrl\":\"https:\/\/tourtravelandmore.com\/wp-content\/uploads\/2022\/12\/cropped-logo-cabecera-new.png\",\"width\":430,\"height\":61,\"caption\":\"Tour Travel And More\"},\"image\":{\"@id\":\"https:\/\/tourtravelandmore.com\/es\/#\/schema\/logo\/image\/\"},\"sameAs\":[\"https:\/\/www.facebook.com\/tourtravelandmore\/\",\"https:\/\/x.com\/TourTravel_More\"]}]}<\/script>\n<!-- \/ Yoast SEO Premium plugin. -->","yoast_head_json":{"title":"Tour Privado por San Juan de Luz y Biarritz | Tour Travel & More","description":"Aprovecha esta oportunidad y sum\u00e9rgete en este Tour Privado por San Juan de Luz y Biarritz con un equipo local en un veh\u00edculo privado \u2705","robots":{"index":"index","follow":"follow","max-snippet":"max-snippet:-1","max-image-preview":"max-image-preview:large","max-video-preview":"max-video-preview:-1"},"canonical":"https:\/\/tourtravelandmore.com\/es\/tours\/francia\/biarritz-es\/biarritz-actividades-es\/tour-privado-por-san-juan-de-luz-y-biarritz\/","og_locale":"es_ES","og_type":"article","og_title":"Tour Privado por San Juan de Luz y Biarritz","og_description":"Aprovecha esta oportunidad y sum\u00e9rgete en este Tour Privado por San Juan de Luz y Biarritz con un equipo local en un veh\u00edculo privado \u2705","og_url":"https:\/\/tourtravelandmore.com\/es\/tours\/francia\/biarritz-es\/biarritz-actividades-es\/tour-privado-por-san-juan-de-luz-y-biarritz\/","og_site_name":"Tour Travel And More","article_publisher":"https:\/\/www.facebook.com\/tourtravelandmore\/","article_modified_time":"2022-06-24T09:49:39+00:00","og_image":[{"width":1024,"height":768,"url":"https:\/\/tourtravelandmore.com\/wp-content\/uploads\/2021\/02\/saint-1-1024x768.jpg","type":"image\/jpeg"}],"twitter_card":"summary_large_image","twitter_site":"@TourTravel_More","twitter_misc":{"Tiempo de lectura":"2 minutos"},"schema":{"@context":"https:\/\/schema.org","@graph":[{"@type":"WebPage","@id":"https:\/\/tourtravelandmore.com\/es\/tours\/francia\/biarritz-es\/biarritz-actividades-es\/tour-privado-por-san-juan-de-luz-y-biarritz\/","url":"https:\/\/tourtravelandmore.com\/es\/tours\/francia\/biarritz-es\/biarritz-actividades-es\/tour-privado-por-san-juan-de-luz-y-biarritz\/","name":"Tour Privado por San Juan de Luz y Biarritz | Tour Travel & More","isPartOf":{"@id":"https:\/\/tourtravelandmore.com\/es\/#website"},"primaryImageOfPage":{"@id":"https:\/\/tourtravelandmore.com\/es\/tours\/francia\/biarritz-es\/biarritz-actividades-es\/tour-privado-por-san-juan-de-luz-y-biarritz\/#primaryimage"},"image":{"@id":"https:\/\/tourtravelandmore.com\/es\/tours\/francia\/biarritz-es\/biarritz-actividades-es\/tour-privado-por-san-juan-de-luz-y-biarritz\/#primaryimage"},"thumbnailUrl":"https:\/\/tourtravelandmore.com\/wp-content\/uploads\/2021\/02\/saint-1.jpg","datePublished":"2021-02-19T09:22:03+00:00","dateModified":"2022-06-24T09:49:39+00:00","description":"Aprovecha esta oportunidad y sum\u00e9rgete en este Tour Privado por San Juan de Luz y Biarritz con un equipo local en un veh\u00edculo privado \u2705","breadcrumb":{"@id":"https:\/\/tourtravelandmore.com\/es\/tours\/francia\/biarritz-es\/biarritz-actividades-es\/tour-privado-por-san-juan-de-luz-y-biarritz\/#breadcrumb"},"inLanguage":"es","potentialAction":[{"@type":"ReadAction","target":["https:\/\/tourtravelandmore.com\/es\/tours\/francia\/biarritz-es\/biarritz-actividades-es\/tour-privado-por-san-juan-de-luz-y-biarritz\/"]}]},{"@type":"ImageObject","inLanguage":"es","@id":"https:\/\/tourtravelandmore.com\/es\/tours\/francia\/biarritz-es\/biarritz-actividades-es\/tour-privado-por-san-juan-de-luz-y-biarritz\/#primaryimage","url":"https:\/\/tourtravelandmore.com\/wp-content\/uploads\/2021\/02\/saint-1.jpg","contentUrl":"https:\/\/tourtravelandmore.com\/wp-content\/uploads\/2021\/02\/saint-1.jpg","width":2048,"height":1536},{"@type":"BreadcrumbList","@id":"https:\/\/tourtravelandmore.com\/es\/tours\/francia\/biarritz-es\/biarritz-actividades-es\/tour-privado-por-san-juan-de-luz-y-biarritz\/#breadcrumb","itemListElement":[{"@type":"ListItem","position":1,"name":"Home","item":"https:\/\/tourtravelandmore.com\/es\/"},{"@type":"ListItem","position":2,"name":"Tours","item":"https:\/\/tourtravelandmore.com\/es\/tours\/"},{"@type":"ListItem","position":3,"name":"Tour Privado por San Juan de Luz y Biarritz"}]},{"@type":"WebSite","@id":"https:\/\/tourtravelandmore.com\/es\/#website","url":"https:\/\/tourtravelandmore.com\/es\/","name":"Tour Travel And More","description":"Private sightseeing tours and luxury transfers in Spain","publisher":{"@id":"https:\/\/tourtravelandmore.com\/es\/#organization"},"potentialAction":[{"@type":"SearchAction","target":{"@type":"EntryPoint","urlTemplate":"https:\/\/tourtravelandmore.com\/es\/?s={search_term_string}"},"query-input":{"@type":"PropertyValueSpecification","valueRequired":true,"valueName":"search_term_string"}}],"inLanguage":"es"},{"@type":"Organization","@id":"https:\/\/tourtravelandmore.com\/es\/#organization","name":"Tour Travel And More","url":"https:\/\/tourtravelandmore.com\/es\/","logo":{"@type":"ImageObject","inLanguage":"es","@id":"https:\/\/tourtravelandmore.com\/es\/#\/schema\/logo\/image\/","url":"https:\/\/tourtravelandmore.com\/wp-content\/uploads\/2022\/12\/cropped-logo-cabecera-new.png","contentUrl":"https:\/\/tourtravelandmore.com\/wp-content\/uploads\/2022\/12\/cropped-logo-cabecera-new.png","width":430,"height":61,"caption":"Tour Travel And More"},"image":{"@id":"https:\/\/tourtravelandmore.com\/es\/#\/schema\/logo\/image\/"},"sameAs":["https:\/\/www.facebook.com\/tourtravelandmore\/","https:\/\/x.com\/TourTravel_More"]}]}},"_links":{"self":[{"href":"https:\/\/tourtravelandmore.com\/es\/wp-json\/wp\/v2\/product\/99632","targetHints":{"allow":["GET"]}}],"collection":[{"href":"https:\/\/tourtravelandmore.com\/es\/wp-json\/wp\/v2\/product"}],"about":[{"href":"https:\/\/tourtravelandmore.com\/es\/wp-json\/wp\/v2\/types\/product"}],"replies":[{"embeddable":true,"href":"https:\/\/tourtravelandmore.com\/es\/wp-json\/wp\/v2\/comments?post=99632"}],"wp:featuredmedia":[{"embeddable":true,"href":"https:\/\/tourtravelandmore.com\/es\/wp-json\/wp\/v2\/media\/99650"}],"wp:attachment":[{"href":"https:\/\/tourtravelandmore.com\/es\/wp-json\/wp\/v2\/media?parent=99632"}],"wp:term":[{"taxonomy":"product_brand","embeddable":true,"href":"https:\/\/tourtravelandmore.com\/es\/wp-json\/wp\/v2\/product_brand?post=99632"},{"taxonomy":"product_cat","embeddable":true,"href":"https:\/\/tourtravelandmore.com\/es\/wp-json\/wp\/v2\/product_cat?post=99632"},{"taxonomy":"product_tag","embeddable":true,"href":"https:\/\/tourtravelandmore.com\/es\/wp-json\/wp\/v2\/product_tag?post=99632"}],"curies":[{"name":"wp","href":"https:\/\/api.w.org\/{rel}","templated":true}]}}