{"id":99597,"date":"2021-02-19T09:49:01","date_gmt":"2021-02-19T08:49:02","guid":{"rendered":"https:\/\/tourtravelandmore.com\/?post_type=product&#038;p=99597"},"modified":"2022-06-24T11:52:41","modified_gmt":"2022-06-24T09:52:41","slug":"tour-privado-a-pie-por-biarritz","status":"publish","type":"product","link":"https:\/\/tourtravelandmore.com\/es\/tours\/francia\/biarritz-es\/biarritz-actividades-es\/tour-privado-a-pie-por-biarritz\/","title":{"rendered":"Tour Privado a pie por Biarritz"},"content":{"rendered":"<h2>Descripci\u00f3n del Tour Privado a pie por Biarritz<\/h2>\n<p>Disfrute al m\u00e1ximo su tiempo en Francia y acomp\u00e1\u00f1enos en este <strong>Tour Privado a pie por Biarritz<\/strong>. Biarritz es un lugar \u00fanico donde hay mucho que ver. Dependiendo de d\u00f3nde se encuentre su hotel, podemos organizar una recogida a pie en el hotel o podemos encontrarnos en un punto de reuni\u00f3n ubicado en el centro.<\/p>\n<p><strong>Biarritz<\/strong> es una ciudad muy especial y, aunque no es muy grande, tiene mucho que ofrecer. Si viene de una excursi\u00f3n de un d\u00eda desde Bayona o de San Sebasti\u00e1n, Biarritz es una gran opci\u00f3n para una excursi\u00f3n de un d\u00eda.<\/p>\n<p>Nuestro <strong>gu\u00eda tur\u00edstico oficial privado<\/strong> estar\u00e1 a su disposici\u00f3n durante todo el recorrido a pie para darle la oportunidad de conocer los sitios m\u00e1s importantes de Biarritz. Esta ciudad Francesa es un destino principal.<\/p>\n<p>Perm\u00edtanos en <strong>Tour Travel &amp; More<\/strong> ayudarlo a explorar esta ubicaci\u00f3n \u00fanica con este tour privado a pie por Biarritz. \u00a1Podemos organizar lo que desee!<\/p>\n<h2>Puntos emblem\u00e1ticos y de inter\u00e9s en el Tour Privado a pie por Biarritz<\/h2>\n<p>Este es un recorrido privado a pie de 3 horas. Organizaremos esta experiencia a pie para conocer los sitios \u00fanicos de esta hermosa ubicaci\u00f3n.<\/p>\n<p>Entre otros, aqu\u00ed hay una breve lista de lo que puede disfrutar, aunque depende de d\u00f3nde comenzaremos el recorrido privado:<\/p>\n<ul>\n<li><strong>Rocher de la Vierge:<\/strong> hermosas y espectaculares vistas de la bah\u00eda de Biarrtiz e incluso de la Costa Basca<\/li>\n<li><strong>Grande Plage:<\/strong> la playa principal<\/li>\n<li><strong>Port des P\u00eacheurs<\/strong><\/li>\n<li><a href=\"https:\/\/tourisme.biarritz.fr\">La C\u00f4te des Basque<\/a><\/li>\n<li><strong>Faro<\/strong><\/li>\n<li><strong>Acuario:<\/strong> vista desde el exterior, si desea ingresar, tambi\u00e9n podemos organizarlo.<\/li>\n<li><strong>Iglesia Russe de Biarritz<\/strong><\/li>\n<li><strong>H\u00f4tel du Palais<\/strong><\/li>\n<li><strong>Casino municipal<\/strong><\/li>\n<li><strong>Capilla imperia<\/strong>l<\/li>\n<li><strong>Si el tiempo lo permite: les Halles de Biarritz<\/strong><\/li>\n<\/ul>\n<p>Siendo que este es un recorrido privado, los lugares cubiertos depender\u00e1 de d\u00f3nde comencemos y cu\u00e1nto le gustar\u00eda caminar. Siempre podemos organizar un conductor separado y un veh\u00edculo privado para una experiencia m\u00e1s completa.<\/p>\n<p><a href=\"https:\/\/tourtravelandmore.com\/es\/ciudad\/francia\/biarritz-es\/\">Haga click aqu\u00ed para conocer todos nuestros tours y experiencias privadas en Biarritz.<\/a><\/p>\n","protected":false},"excerpt":{"rendered":"<p>Acomp\u00e1\u00f1enos a conocer <strong>unas de las ciudades m\u00e1s bonitas de Francia con este Tour Privado a pie por Biarritz<\/strong>\u00a0con un gu\u00eda oficial local.<\/p>\n<p><span style=\"font-weight: 400;\">\u00a0<\/span><\/p>\n<h4><\/h4>\n","protected":false},"featured_media":99614,"comment_status":"open","ping_status":"closed","template":"","meta":{"_acf_changed":false},"product_brand":[],"product_cat":[1592,3521,3522,3524],"product_tag":[],"class_list":{"0":"post-99597","1":"product","2":"type-product","3":"status-publish","4":"has-post-thumbnail","6":"product_cat-francia","7":"product_cat-biarritz-es","8":"product_cat-biarritz-actividades-es","9":"product_cat-biarritz-a-pie-es","11":"first","12":"instock","13":"shipping-taxable","14":"purchasable","15":"product-type-simple"},"acf":[],"yoast_head":"<!-- This site is optimized with the Yoast SEO Premium plugin v25.3.1 (Yoast SEO v25.3.1) - https:\/\/yoast.com\/wordpress\/plugins\/seo\/ -->\n<title>Tour Privado a pie por Biarritz con gu\u00eda oficial | Tour Travel &amp; More<\/title>\n<meta name=\"description\" content=\"Acomp\u00e1\u00f1enos a conocer unas de las ciudades mas bonitas de Francia con este Tour Privado a pie por Biarritz con un gu\u00eda oficial local \u2705\" \/>\n<meta name=\"robots\" content=\"index, follow, max-snippet:-1, max-image-preview:large, max-video-preview:-1\" \/>\n<link rel=\"canonical\" href=\"https:\/\/tourtravelandmore.com\/es\/tours\/francia\/biarritz-es\/biarritz-actividades-es\/tour-privado-a-pie-por-biarritz\/\" \/>\n<meta property=\"og:locale\" content=\"es_ES\" \/>\n<meta property=\"og:type\" content=\"article\" \/>\n<meta property=\"og:title\" content=\"Tour Privado a pie por Biarritz\" \/>\n<meta property=\"og:description\" content=\"Acomp\u00e1\u00f1enos a conocer unas de las ciudades mas bonitas de Francia con este Tour Privado a pie por Biarritz con un gu\u00eda oficial local \u2705\" \/>\n<meta property=\"og:url\" content=\"https:\/\/tourtravelandmore.com\/es\/tours\/francia\/biarritz-es\/biarritz-actividades-es\/tour-privado-a-pie-por-biarritz\/\" \/>\n<meta property=\"og:site_name\" content=\"Tour Travel And More\" \/>\n<meta property=\"article:publisher\" content=\"https:\/\/www.facebook.com\/tourtravelandmore\/\" \/>\n<meta property=\"article:modified_time\" content=\"2022-06-24T09:52:41+00:00\" \/>\n<meta property=\"og:image\" content=\"https:\/\/tourtravelandmore.com\/wp-content\/uploads\/2021\/02\/biarritz-4.jpg\" \/>\n\t<meta property=\"og:image:width\" content=\"1024\" \/>\n\t<meta property=\"og:image:height\" content=\"660\" \/>\n\t<meta property=\"og:image:type\" content=\"image\/jpeg\" \/>\n<meta name=\"twitter:card\" content=\"summary_large_image\" \/>\n<meta name=\"twitter:site\" content=\"@TourTravel_More\" \/>\n<meta name=\"twitter:label1\" content=\"Tiempo de lectura\" \/>\n\t<meta name=\"twitter:data1\" content=\"2 minutos\" \/>\n<script type=\"application\/ld+json\" class=\"yoast-schema-graph\">{\"@context\":\"https:\/\/schema.org\",\"@graph\":[{\"@type\":\"WebPage\",\"@id\":\"https:\/\/tourtravelandmore.com\/es\/tours\/francia\/biarritz-es\/biarritz-actividades-es\/tour-privado-a-pie-por-biarritz\/\",\"url\":\"https:\/\/tourtravelandmore.com\/es\/tours\/francia\/biarritz-es\/biarritz-actividades-es\/tour-privado-a-pie-por-biarritz\/\",\"name\":\"Tour Privado a pie por Biarritz con gu\u00eda oficial | Tour Travel & More\",\"isPartOf\":{\"@id\":\"https:\/\/tourtravelandmore.com\/es\/#website\"},\"primaryImageOfPage\":{\"@id\":\"https:\/\/tourtravelandmore.com\/es\/tours\/francia\/biarritz-es\/biarritz-actividades-es\/tour-privado-a-pie-por-biarritz\/#primaryimage\"},\"image\":{\"@id\":\"https:\/\/tourtravelandmore.com\/es\/tours\/francia\/biarritz-es\/biarritz-actividades-es\/tour-privado-a-pie-por-biarritz\/#primaryimage\"},\"thumbnailUrl\":\"https:\/\/tourtravelandmore.com\/wp-content\/uploads\/2021\/02\/biarritz-4.jpg\",\"datePublished\":\"2021-02-19T08:49:02+00:00\",\"dateModified\":\"2022-06-24T09:52:41+00:00\",\"description\":\"Acomp\u00e1\u00f1enos a conocer unas de las ciudades mas bonitas de Francia con este Tour Privado a pie por Biarritz con un gu\u00eda oficial local \u2705\",\"breadcrumb\":{\"@id\":\"https:\/\/tourtravelandmore.com\/es\/tours\/francia\/biarritz-es\/biarritz-actividades-es\/tour-privado-a-pie-por-biarritz\/#breadcrumb\"},\"inLanguage\":\"es\",\"potentialAction\":[{\"@type\":\"ReadAction\",\"target\":[\"https:\/\/tourtravelandmore.com\/es\/tours\/francia\/biarritz-es\/biarritz-actividades-es\/tour-privado-a-pie-por-biarritz\/\"]}]},{\"@type\":\"ImageObject\",\"inLanguage\":\"es\",\"@id\":\"https:\/\/tourtravelandmore.com\/es\/tours\/francia\/biarritz-es\/biarritz-actividades-es\/tour-privado-a-pie-por-biarritz\/#primaryimage\",\"url\":\"https:\/\/tourtravelandmore.com\/wp-content\/uploads\/2021\/02\/biarritz-4.jpg\",\"contentUrl\":\"https:\/\/tourtravelandmore.com\/wp-content\/uploads\/2021\/02\/biarritz-4.jpg\",\"width\":1024,\"height\":660},{\"@type\":\"BreadcrumbList\",\"@id\":\"https:\/\/tourtravelandmore.com\/es\/tours\/francia\/biarritz-es\/biarritz-actividades-es\/tour-privado-a-pie-por-biarritz\/#breadcrumb\",\"itemListElement\":[{\"@type\":\"ListItem\",\"position\":1,\"name\":\"Home\",\"item\":\"https:\/\/tourtravelandmore.com\/es\/\"},{\"@type\":\"ListItem\",\"position\":2,\"name\":\"Tours\",\"item\":\"https:\/\/tourtravelandmore.com\/es\/tours\/\"},{\"@type\":\"ListItem\",\"position\":3,\"name\":\"Tour Privado a pie por Biarritz\"}]},{\"@type\":\"WebSite\",\"@id\":\"https:\/\/tourtravelandmore.com\/es\/#website\",\"url\":\"https:\/\/tourtravelandmore.com\/es\/\",\"name\":\"Tour Travel And More\",\"description\":\"Private sightseeing tours and luxury transfers in Spain\",\"publisher\":{\"@id\":\"https:\/\/tourtravelandmore.com\/es\/#organization\"},\"potentialAction\":[{\"@type\":\"SearchAction\",\"target\":{\"@type\":\"EntryPoint\",\"urlTemplate\":\"https:\/\/tourtravelandmore.com\/es\/?s={search_term_string}\"},\"query-input\":{\"@type\":\"PropertyValueSpecification\",\"valueRequired\":true,\"valueName\":\"search_term_string\"}}],\"inLanguage\":\"es\"},{\"@type\":\"Organization\",\"@id\":\"https:\/\/tourtravelandmore.com\/es\/#organization\",\"name\":\"Tour Travel And More\",\"url\":\"https:\/\/tourtravelandmore.com\/es\/\",\"logo\":{\"@type\":\"ImageObject\",\"inLanguage\":\"es\",\"@id\":\"https:\/\/tourtravelandmore.com\/es\/#\/schema\/logo\/image\/\",\"url\":\"https:\/\/tourtravelandmore.com\/wp-content\/uploads\/2022\/12\/cropped-logo-cabecera-new.png\",\"contentUrl\":\"https:\/\/tourtravelandmore.com\/wp-content\/uploads\/2022\/12\/cropped-logo-cabecera-new.png\",\"width\":430,\"height\":61,\"caption\":\"Tour Travel And More\"},\"image\":{\"@id\":\"https:\/\/tourtravelandmore.com\/es\/#\/schema\/logo\/image\/\"},\"sameAs\":[\"https:\/\/www.facebook.com\/tourtravelandmore\/\",\"https:\/\/x.com\/TourTravel_More\"]}]}<\/script>\n<!-- \/ Yoast SEO Premium plugin. -->","yoast_head_json":{"title":"Tour Privado a pie por Biarritz con gu\u00eda oficial | Tour Travel & More","description":"Acomp\u00e1\u00f1enos a conocer unas de las ciudades mas bonitas de Francia con este Tour Privado a pie por Biarritz con un gu\u00eda oficial local \u2705","robots":{"index":"index","follow":"follow","max-snippet":"max-snippet:-1","max-image-preview":"max-image-preview:large","max-video-preview":"max-video-preview:-1"},"canonical":"https:\/\/tourtravelandmore.com\/es\/tours\/francia\/biarritz-es\/biarritz-actividades-es\/tour-privado-a-pie-por-biarritz\/","og_locale":"es_ES","og_type":"article","og_title":"Tour Privado a pie por Biarritz","og_description":"Acomp\u00e1\u00f1enos a conocer unas de las ciudades mas bonitas de Francia con este Tour Privado a pie por Biarritz con un gu\u00eda oficial local \u2705","og_url":"https:\/\/tourtravelandmore.com\/es\/tours\/francia\/biarritz-es\/biarritz-actividades-es\/tour-privado-a-pie-por-biarritz\/","og_site_name":"Tour Travel And More","article_publisher":"https:\/\/www.facebook.com\/tourtravelandmore\/","article_modified_time":"2022-06-24T09:52:41+00:00","og_image":[{"width":1024,"height":660,"url":"https:\/\/tourtravelandmore.com\/wp-content\/uploads\/2021\/02\/biarritz-4.jpg","type":"image\/jpeg"}],"twitter_card":"summary_large_image","twitter_site":"@TourTravel_More","twitter_misc":{"Tiempo de lectura":"2 minutos"},"schema":{"@context":"https:\/\/schema.org","@graph":[{"@type":"WebPage","@id":"https:\/\/tourtravelandmore.com\/es\/tours\/francia\/biarritz-es\/biarritz-actividades-es\/tour-privado-a-pie-por-biarritz\/","url":"https:\/\/tourtravelandmore.com\/es\/tours\/francia\/biarritz-es\/biarritz-actividades-es\/tour-privado-a-pie-por-biarritz\/","name":"Tour Privado a pie por Biarritz con gu\u00eda oficial | Tour Travel & More","isPartOf":{"@id":"https:\/\/tourtravelandmore.com\/es\/#website"},"primaryImageOfPage":{"@id":"https:\/\/tourtravelandmore.com\/es\/tours\/francia\/biarritz-es\/biarritz-actividades-es\/tour-privado-a-pie-por-biarritz\/#primaryimage"},"image":{"@id":"https:\/\/tourtravelandmore.com\/es\/tours\/francia\/biarritz-es\/biarritz-actividades-es\/tour-privado-a-pie-por-biarritz\/#primaryimage"},"thumbnailUrl":"https:\/\/tourtravelandmore.com\/wp-content\/uploads\/2021\/02\/biarritz-4.jpg","datePublished":"2021-02-19T08:49:02+00:00","dateModified":"2022-06-24T09:52:41+00:00","description":"Acomp\u00e1\u00f1enos a conocer unas de las ciudades mas bonitas de Francia con este Tour Privado a pie por Biarritz con un gu\u00eda oficial local \u2705","breadcrumb":{"@id":"https:\/\/tourtravelandmore.com\/es\/tours\/francia\/biarritz-es\/biarritz-actividades-es\/tour-privado-a-pie-por-biarritz\/#breadcrumb"},"inLanguage":"es","potentialAction":[{"@type":"ReadAction","target":["https:\/\/tourtravelandmore.com\/es\/tours\/francia\/biarritz-es\/biarritz-actividades-es\/tour-privado-a-pie-por-biarritz\/"]}]},{"@type":"ImageObject","inLanguage":"es","@id":"https:\/\/tourtravelandmore.com\/es\/tours\/francia\/biarritz-es\/biarritz-actividades-es\/tour-privado-a-pie-por-biarritz\/#primaryimage","url":"https:\/\/tourtravelandmore.com\/wp-content\/uploads\/2021\/02\/biarritz-4.jpg","contentUrl":"https:\/\/tourtravelandmore.com\/wp-content\/uploads\/2021\/02\/biarritz-4.jpg","width":1024,"height":660},{"@type":"BreadcrumbList","@id":"https:\/\/tourtravelandmore.com\/es\/tours\/francia\/biarritz-es\/biarritz-actividades-es\/tour-privado-a-pie-por-biarritz\/#breadcrumb","itemListElement":[{"@type":"ListItem","position":1,"name":"Home","item":"https:\/\/tourtravelandmore.com\/es\/"},{"@type":"ListItem","position":2,"name":"Tours","item":"https:\/\/tourtravelandmore.com\/es\/tours\/"},{"@type":"ListItem","position":3,"name":"Tour Privado a pie por Biarritz"}]},{"@type":"WebSite","@id":"https:\/\/tourtravelandmore.com\/es\/#website","url":"https:\/\/tourtravelandmore.com\/es\/","name":"Tour Travel And More","description":"Private sightseeing tours and luxury transfers in Spain","publisher":{"@id":"https:\/\/tourtravelandmore.com\/es\/#organization"},"potentialAction":[{"@type":"SearchAction","target":{"@type":"EntryPoint","urlTemplate":"https:\/\/tourtravelandmore.com\/es\/?s={search_term_string}"},"query-input":{"@type":"PropertyValueSpecification","valueRequired":true,"valueName":"search_term_string"}}],"inLanguage":"es"},{"@type":"Organization","@id":"https:\/\/tourtravelandmore.com\/es\/#organization","name":"Tour Travel And More","url":"https:\/\/tourtravelandmore.com\/es\/","logo":{"@type":"ImageObject","inLanguage":"es","@id":"https:\/\/tourtravelandmore.com\/es\/#\/schema\/logo\/image\/","url":"https:\/\/tourtravelandmore.com\/wp-content\/uploads\/2022\/12\/cropped-logo-cabecera-new.png","contentUrl":"https:\/\/tourtravelandmore.com\/wp-content\/uploads\/2022\/12\/cropped-logo-cabecera-new.png","width":430,"height":61,"caption":"Tour Travel And More"},"image":{"@id":"https:\/\/tourtravelandmore.com\/es\/#\/schema\/logo\/image\/"},"sameAs":["https:\/\/www.facebook.com\/tourtravelandmore\/","https:\/\/x.com\/TourTravel_More"]}]}},"_links":{"self":[{"href":"https:\/\/tourtravelandmore.com\/es\/wp-json\/wp\/v2\/product\/99597","targetHints":{"allow":["GET"]}}],"collection":[{"href":"https:\/\/tourtravelandmore.com\/es\/wp-json\/wp\/v2\/product"}],"about":[{"href":"https:\/\/tourtravelandmore.com\/es\/wp-json\/wp\/v2\/types\/product"}],"replies":[{"embeddable":true,"href":"https:\/\/tourtravelandmore.com\/es\/wp-json\/wp\/v2\/comments?post=99597"}],"wp:featuredmedia":[{"embeddable":true,"href":"https:\/\/tourtravelandmore.com\/es\/wp-json\/wp\/v2\/media\/99614"}],"wp:attachment":[{"href":"https:\/\/tourtravelandmore.com\/es\/wp-json\/wp\/v2\/media?parent=99597"}],"wp:term":[{"taxonomy":"product_brand","embeddable":true,"href":"https:\/\/tourtravelandmore.com\/es\/wp-json\/wp\/v2\/product_brand?post=99597"},{"taxonomy":"product_cat","embeddable":true,"href":"https:\/\/tourtravelandmore.com\/es\/wp-json\/wp\/v2\/product_cat?post=99597"},{"taxonomy":"product_tag","embeddable":true,"href":"https:\/\/tourtravelandmore.com\/es\/wp-json\/wp\/v2\/product_tag?post=99597"}],"curies":[{"name":"wp","href":"https:\/\/api.w.org\/{rel}","templated":true}]}}