{"id":9940,"date":"2017-01-16T11:28:55","date_gmt":"2017-01-16T12:48:52","guid":{"rendered":"http:\/\/tourtravelandmore.com\/es\/?post_type=product&#038;p=9940"},"modified":"2024-08-09T16:12:00","modified_gmt":"2024-08-09T14:12:00","slug":"transfer-privado-madrid-a-cualquier-ciudad","status":"publish","type":"product","link":"https:\/\/tourtravelandmore.com\/es\/tours\/espana-es\/madrid-es\/transfer-privado-madrid-a-cualquier-ciudad\/","title":{"rendered":"Transfer privado hacia\/desde aeropuerto en Madrid"},"content":{"rendered":"<h2>Descripci\u00f3n del Transfer privado hacia\/desde aeropuerto en Madrid<\/h2>\n<p>Nuestro chofer privado Madrid es un servicio para particulares y empresas, d\u00f3nde se puede alquiler nuestros veh\u00edculos con conductor para cualquier servicio en Madrid.<\/p>\n<p>Los servicios m\u00e1s importantes:<\/p>\n<ul>\n<li><strong>Traslados Aeropuerto<\/strong><\/li>\n<li><strong>Disposiciones por Hora (Alquiler del Veh\u00edculo por horas)<\/strong><\/li>\n<li><strong>Traslados en la Estaci\u00f3n de Tren<\/strong><\/li>\n<li><strong>Traslados en la ciudad de Madrid<\/strong><\/li>\n<li><strong>Disposiciones para ir a cenar<\/strong><\/li>\n<li><strong>Eventos<\/strong><\/li>\n<li><strong>Empresas<\/strong><\/li>\n<li><strong>Congresos<\/strong><\/li>\n<li><strong>Mucho m\u00e1s!<\/strong><\/li>\n<\/ul>\n<p>Disponemos de una de las flotas de veh\u00edculos de lujo m\u00e1s importante de Madrid.<\/p>\n<p>Nuestro chofer privado Madrid siempre son conductores, profesionales, formados y uniformados, que si se solicita hablan castellano e ingl\u00e9s.<\/p>\n<h2>Puntos de inter\u00e9s<\/h2>\n<p>Nuestra flota de veh\u00edculos est\u00e1 formada: Mercedes E, Mercedes Viano, Mercedes S, Merceder Sprinter y Mini Bus.<\/p>\n<p>Siempre que llegue al aeropuerto o estaci\u00f3n de tren, nuestro personal estar\u00e1 esper\u00e1ndole con un cartel con su nombre, en la terminal de llegada. Durante su traslado a su destino podr\u00e1 ver una vista panor\u00e1mica de la ciudad de Madrid.<\/p>\n<p>Al ser un servicio privado, usted podr\u00e1 escoger la hora y lugar de comienzo.<\/p>\n<p>No limitamos el n\u00famero de maletas, pero le pedimos de informarnos de cuanto equipaje tienen por razones de log\u00edstica y por si hay que organizar un veh\u00edculo m\u00e1s grande y ajustar la propuesta.<\/p>\n<p>Tambi\u00e9n solicitamos si llevan ni\u00f1os, que informen si hay que llevar Alzador o Silla para bebe, ya que la normativa espa\u00f1ola nos obliga.<\/p>\n<p>Si es usted un viajero que viene de vacaciones a Madrid, puede consultar nuestros listados de<a href=\"https:\/\/tourtravelandmore.com\/es\/ciudad\/espana-es\/madrid-es\/\"> tours privados de Madrid<\/a> y escoger el tour que mejor se adapte a sus necesidades. Siempre nuestros servicios son privados, y nuestros gu\u00edas en los tours son oficiales, para hacer su experiencia \u00fanica en la ciudad de Madrid.<\/p>\n<p>Para reservar o solicitar m\u00e1s informaci\u00f3n puede contactar con nosotros a trav\u00e9s del formulario de contacto del tour. Nuestro Equipo de soporte le contestar\u00e1 muy r\u00e1pida y le pasar\u00e1 toda la informaci\u00f3n que nos solicite.<\/p>\n","protected":false},"excerpt":{"rendered":"<p>Reserve una disposici\u00f3n con conductor en Madrid, para ir por su cuenta y visitar la ciudad, los alrededores, Toledo, Segovia, Avila, incluso para su Evento o congreso.<\/p>\n","protected":false},"featured_media":8876,"comment_status":"open","ping_status":"closed","template":"","meta":{"_acf_changed":false},"product_brand":[],"product_cat":[284,285,289],"product_tag":[],"class_list":{"0":"post-9940","1":"product","2":"type-product","3":"status-publish","4":"has-post-thumbnail","6":"product_cat-madrid-es","7":"product_cat-madrid-actividades-es","8":"product_cat-madrid-traslados-es","10":"first","11":"instock","12":"shipping-taxable","13":"purchasable","14":"product-type-simple"},"acf":[],"yoast_head":"<!-- This site is optimized with the Yoast SEO Premium plugin v25.3.1 (Yoast SEO v25.3.1) - https:\/\/yoast.com\/wordpress\/plugins\/seo\/ -->\n<title>\u27a1\ufe0f Chofer Privado Madrid | Tour Travel &amp; More<\/title>\n<meta name=\"description\" content=\"Disfrute de nuestros vehiculos de lujo con chofer privado Madrid. Para su tour, evento, cena, Traslado aeropuerto, Traslado estaci\u00f3n y mucho mas! \u2705\" \/>\n<meta name=\"robots\" content=\"index, follow, max-snippet:-1, max-image-preview:large, max-video-preview:-1\" \/>\n<link rel=\"canonical\" href=\"https:\/\/tourtravelandmore.com\/es\/tours\/espana-es\/madrid-es\/transfer-privado-madrid-a-cualquier-ciudad\/\" \/>\n<meta property=\"og:locale\" content=\"es_ES\" \/>\n<meta property=\"og:type\" content=\"article\" \/>\n<meta property=\"og:title\" content=\"Transfer privado hacia\/desde aeropuerto en Madrid\" \/>\n<meta property=\"og:description\" content=\"Disfrute de nuestros vehiculos de lujo con chofer privado Madrid. Para su tour, evento, cena, Traslado aeropuerto, Traslado estaci\u00f3n y mucho mas! \u2705\" \/>\n<meta property=\"og:url\" content=\"https:\/\/tourtravelandmore.com\/es\/tours\/espana-es\/madrid-es\/transfer-privado-madrid-a-cualquier-ciudad\/\" \/>\n<meta property=\"og:site_name\" content=\"Tour Travel And More\" \/>\n<meta property=\"article:publisher\" content=\"https:\/\/www.facebook.com\/tourtravelandmore\/\" \/>\n<meta property=\"article:modified_time\" content=\"2024-08-09T14:12:00+00:00\" \/>\n<meta property=\"og:image\" content=\"https:\/\/tourtravelandmore.com\/wp-content\/uploads\/2016\/11\/2014-mercedes-benz-e-class-sport-sedan-profile.jpg\" \/>\n\t<meta property=\"og:image:width\" content=\"1500\" \/>\n\t<meta property=\"og:image:height\" content=\"938\" \/>\n\t<meta property=\"og:image:type\" content=\"image\/jpeg\" \/>\n<meta name=\"twitter:card\" content=\"summary_large_image\" \/>\n<meta name=\"twitter:site\" content=\"@TourTravel_More\" \/>\n<meta name=\"twitter:label1\" content=\"Tiempo de lectura\" \/>\n\t<meta name=\"twitter:data1\" content=\"2 minutos\" \/>\n<script type=\"application\/ld+json\" class=\"yoast-schema-graph\">{\"@context\":\"https:\/\/schema.org\",\"@graph\":[{\"@type\":\"WebPage\",\"@id\":\"https:\/\/tourtravelandmore.com\/es\/tours\/espana-es\/madrid-es\/transfer-privado-madrid-a-cualquier-ciudad\/\",\"url\":\"https:\/\/tourtravelandmore.com\/es\/tours\/espana-es\/madrid-es\/transfer-privado-madrid-a-cualquier-ciudad\/\",\"name\":\"\u27a1\ufe0f Chofer Privado Madrid | Tour Travel & More\",\"isPartOf\":{\"@id\":\"https:\/\/tourtravelandmore.com\/es\/#website\"},\"primaryImageOfPage\":{\"@id\":\"https:\/\/tourtravelandmore.com\/es\/tours\/espana-es\/madrid-es\/transfer-privado-madrid-a-cualquier-ciudad\/#primaryimage\"},\"image\":{\"@id\":\"https:\/\/tourtravelandmore.com\/es\/tours\/espana-es\/madrid-es\/transfer-privado-madrid-a-cualquier-ciudad\/#primaryimage\"},\"thumbnailUrl\":\"https:\/\/tourtravelandmore.com\/wp-content\/uploads\/2016\/11\/2014-mercedes-benz-e-class-sport-sedan-profile.jpg\",\"datePublished\":\"2017-01-16T12:48:52+00:00\",\"dateModified\":\"2024-08-09T14:12:00+00:00\",\"description\":\"Disfrute de nuestros vehiculos de lujo con chofer privado Madrid. Para su tour, evento, cena, Traslado aeropuerto, Traslado estaci\u00f3n y mucho mas! \u2705\",\"breadcrumb\":{\"@id\":\"https:\/\/tourtravelandmore.com\/es\/tours\/espana-es\/madrid-es\/transfer-privado-madrid-a-cualquier-ciudad\/#breadcrumb\"},\"inLanguage\":\"es\",\"potentialAction\":[{\"@type\":\"ReadAction\",\"target\":[\"https:\/\/tourtravelandmore.com\/es\/tours\/espana-es\/madrid-es\/transfer-privado-madrid-a-cualquier-ciudad\/\"]}]},{\"@type\":\"ImageObject\",\"inLanguage\":\"es\",\"@id\":\"https:\/\/tourtravelandmore.com\/es\/tours\/espana-es\/madrid-es\/transfer-privado-madrid-a-cualquier-ciudad\/#primaryimage\",\"url\":\"https:\/\/tourtravelandmore.com\/wp-content\/uploads\/2016\/11\/2014-mercedes-benz-e-class-sport-sedan-profile.jpg\",\"contentUrl\":\"https:\/\/tourtravelandmore.com\/wp-content\/uploads\/2016\/11\/2014-mercedes-benz-e-class-sport-sedan-profile.jpg\",\"width\":1500,\"height\":938,\"caption\":\"2014 Mercedes-Benz E-Class Sport Sedan.\"},{\"@type\":\"BreadcrumbList\",\"@id\":\"https:\/\/tourtravelandmore.com\/es\/tours\/espana-es\/madrid-es\/transfer-privado-madrid-a-cualquier-ciudad\/#breadcrumb\",\"itemListElement\":[{\"@type\":\"ListItem\",\"position\":1,\"name\":\"Home\",\"item\":\"https:\/\/tourtravelandmore.com\/es\/\"},{\"@type\":\"ListItem\",\"position\":2,\"name\":\"Tours\",\"item\":\"https:\/\/tourtravelandmore.com\/es\/tours\/\"},{\"@type\":\"ListItem\",\"position\":3,\"name\":\"Transfer privado hacia\/desde aeropuerto en Madrid\"}]},{\"@type\":\"WebSite\",\"@id\":\"https:\/\/tourtravelandmore.com\/es\/#website\",\"url\":\"https:\/\/tourtravelandmore.com\/es\/\",\"name\":\"Tour Travel And More\",\"description\":\"Private sightseeing tours and luxury transfers in Spain\",\"publisher\":{\"@id\":\"https:\/\/tourtravelandmore.com\/es\/#organization\"},\"potentialAction\":[{\"@type\":\"SearchAction\",\"target\":{\"@type\":\"EntryPoint\",\"urlTemplate\":\"https:\/\/tourtravelandmore.com\/es\/?s={search_term_string}\"},\"query-input\":{\"@type\":\"PropertyValueSpecification\",\"valueRequired\":true,\"valueName\":\"search_term_string\"}}],\"inLanguage\":\"es\"},{\"@type\":\"Organization\",\"@id\":\"https:\/\/tourtravelandmore.com\/es\/#organization\",\"name\":\"Tour Travel And More\",\"url\":\"https:\/\/tourtravelandmore.com\/es\/\",\"logo\":{\"@type\":\"ImageObject\",\"inLanguage\":\"es\",\"@id\":\"https:\/\/tourtravelandmore.com\/es\/#\/schema\/logo\/image\/\",\"url\":\"https:\/\/tourtravelandmore.com\/wp-content\/uploads\/2022\/12\/cropped-logo-cabecera-new.png\",\"contentUrl\":\"https:\/\/tourtravelandmore.com\/wp-content\/uploads\/2022\/12\/cropped-logo-cabecera-new.png\",\"width\":430,\"height\":61,\"caption\":\"Tour Travel And More\"},\"image\":{\"@id\":\"https:\/\/tourtravelandmore.com\/es\/#\/schema\/logo\/image\/\"},\"sameAs\":[\"https:\/\/www.facebook.com\/tourtravelandmore\/\",\"https:\/\/x.com\/TourTravel_More\"]}]}<\/script>\n<!-- \/ Yoast SEO Premium plugin. -->","yoast_head_json":{"title":"\u27a1\ufe0f Chofer Privado Madrid | Tour Travel & More","description":"Disfrute de nuestros vehiculos de lujo con chofer privado Madrid. Para su tour, evento, cena, Traslado aeropuerto, Traslado estaci\u00f3n y mucho mas! \u2705","robots":{"index":"index","follow":"follow","max-snippet":"max-snippet:-1","max-image-preview":"max-image-preview:large","max-video-preview":"max-video-preview:-1"},"canonical":"https:\/\/tourtravelandmore.com\/es\/tours\/espana-es\/madrid-es\/transfer-privado-madrid-a-cualquier-ciudad\/","og_locale":"es_ES","og_type":"article","og_title":"Transfer privado hacia\/desde aeropuerto en Madrid","og_description":"Disfrute de nuestros vehiculos de lujo con chofer privado Madrid. Para su tour, evento, cena, Traslado aeropuerto, Traslado estaci\u00f3n y mucho mas! \u2705","og_url":"https:\/\/tourtravelandmore.com\/es\/tours\/espana-es\/madrid-es\/transfer-privado-madrid-a-cualquier-ciudad\/","og_site_name":"Tour Travel And More","article_publisher":"https:\/\/www.facebook.com\/tourtravelandmore\/","article_modified_time":"2024-08-09T14:12:00+00:00","og_image":[{"width":1500,"height":938,"url":"https:\/\/tourtravelandmore.com\/wp-content\/uploads\/2016\/11\/2014-mercedes-benz-e-class-sport-sedan-profile.jpg","type":"image\/jpeg"}],"twitter_card":"summary_large_image","twitter_site":"@TourTravel_More","twitter_misc":{"Tiempo de lectura":"2 minutos"},"schema":{"@context":"https:\/\/schema.org","@graph":[{"@type":"WebPage","@id":"https:\/\/tourtravelandmore.com\/es\/tours\/espana-es\/madrid-es\/transfer-privado-madrid-a-cualquier-ciudad\/","url":"https:\/\/tourtravelandmore.com\/es\/tours\/espana-es\/madrid-es\/transfer-privado-madrid-a-cualquier-ciudad\/","name":"\u27a1\ufe0f Chofer Privado Madrid | Tour Travel & More","isPartOf":{"@id":"https:\/\/tourtravelandmore.com\/es\/#website"},"primaryImageOfPage":{"@id":"https:\/\/tourtravelandmore.com\/es\/tours\/espana-es\/madrid-es\/transfer-privado-madrid-a-cualquier-ciudad\/#primaryimage"},"image":{"@id":"https:\/\/tourtravelandmore.com\/es\/tours\/espana-es\/madrid-es\/transfer-privado-madrid-a-cualquier-ciudad\/#primaryimage"},"thumbnailUrl":"https:\/\/tourtravelandmore.com\/wp-content\/uploads\/2016\/11\/2014-mercedes-benz-e-class-sport-sedan-profile.jpg","datePublished":"2017-01-16T12:48:52+00:00","dateModified":"2024-08-09T14:12:00+00:00","description":"Disfrute de nuestros vehiculos de lujo con chofer privado Madrid. Para su tour, evento, cena, Traslado aeropuerto, Traslado estaci\u00f3n y mucho mas! \u2705","breadcrumb":{"@id":"https:\/\/tourtravelandmore.com\/es\/tours\/espana-es\/madrid-es\/transfer-privado-madrid-a-cualquier-ciudad\/#breadcrumb"},"inLanguage":"es","potentialAction":[{"@type":"ReadAction","target":["https:\/\/tourtravelandmore.com\/es\/tours\/espana-es\/madrid-es\/transfer-privado-madrid-a-cualquier-ciudad\/"]}]},{"@type":"ImageObject","inLanguage":"es","@id":"https:\/\/tourtravelandmore.com\/es\/tours\/espana-es\/madrid-es\/transfer-privado-madrid-a-cualquier-ciudad\/#primaryimage","url":"https:\/\/tourtravelandmore.com\/wp-content\/uploads\/2016\/11\/2014-mercedes-benz-e-class-sport-sedan-profile.jpg","contentUrl":"https:\/\/tourtravelandmore.com\/wp-content\/uploads\/2016\/11\/2014-mercedes-benz-e-class-sport-sedan-profile.jpg","width":1500,"height":938,"caption":"2014 Mercedes-Benz E-Class Sport Sedan."},{"@type":"BreadcrumbList","@id":"https:\/\/tourtravelandmore.com\/es\/tours\/espana-es\/madrid-es\/transfer-privado-madrid-a-cualquier-ciudad\/#breadcrumb","itemListElement":[{"@type":"ListItem","position":1,"name":"Home","item":"https:\/\/tourtravelandmore.com\/es\/"},{"@type":"ListItem","position":2,"name":"Tours","item":"https:\/\/tourtravelandmore.com\/es\/tours\/"},{"@type":"ListItem","position":3,"name":"Transfer privado hacia\/desde aeropuerto en Madrid"}]},{"@type":"WebSite","@id":"https:\/\/tourtravelandmore.com\/es\/#website","url":"https:\/\/tourtravelandmore.com\/es\/","name":"Tour Travel And More","description":"Private sightseeing tours and luxury transfers in Spain","publisher":{"@id":"https:\/\/tourtravelandmore.com\/es\/#organization"},"potentialAction":[{"@type":"SearchAction","target":{"@type":"EntryPoint","urlTemplate":"https:\/\/tourtravelandmore.com\/es\/?s={search_term_string}"},"query-input":{"@type":"PropertyValueSpecification","valueRequired":true,"valueName":"search_term_string"}}],"inLanguage":"es"},{"@type":"Organization","@id":"https:\/\/tourtravelandmore.com\/es\/#organization","name":"Tour Travel And More","url":"https:\/\/tourtravelandmore.com\/es\/","logo":{"@type":"ImageObject","inLanguage":"es","@id":"https:\/\/tourtravelandmore.com\/es\/#\/schema\/logo\/image\/","url":"https:\/\/tourtravelandmore.com\/wp-content\/uploads\/2022\/12\/cropped-logo-cabecera-new.png","contentUrl":"https:\/\/tourtravelandmore.com\/wp-content\/uploads\/2022\/12\/cropped-logo-cabecera-new.png","width":430,"height":61,"caption":"Tour Travel And More"},"image":{"@id":"https:\/\/tourtravelandmore.com\/es\/#\/schema\/logo\/image\/"},"sameAs":["https:\/\/www.facebook.com\/tourtravelandmore\/","https:\/\/x.com\/TourTravel_More"]}]}},"_links":{"self":[{"href":"https:\/\/tourtravelandmore.com\/es\/wp-json\/wp\/v2\/product\/9940","targetHints":{"allow":["GET"]}}],"collection":[{"href":"https:\/\/tourtravelandmore.com\/es\/wp-json\/wp\/v2\/product"}],"about":[{"href":"https:\/\/tourtravelandmore.com\/es\/wp-json\/wp\/v2\/types\/product"}],"replies":[{"embeddable":true,"href":"https:\/\/tourtravelandmore.com\/es\/wp-json\/wp\/v2\/comments?post=9940"}],"wp:featuredmedia":[{"embeddable":true,"href":"https:\/\/tourtravelandmore.com\/es\/wp-json\/wp\/v2\/media\/8876"}],"wp:attachment":[{"href":"https:\/\/tourtravelandmore.com\/es\/wp-json\/wp\/v2\/media?parent=9940"}],"wp:term":[{"taxonomy":"product_brand","embeddable":true,"href":"https:\/\/tourtravelandmore.com\/es\/wp-json\/wp\/v2\/product_brand?post=9940"},{"taxonomy":"product_cat","embeddable":true,"href":"https:\/\/tourtravelandmore.com\/es\/wp-json\/wp\/v2\/product_cat?post=9940"},{"taxonomy":"product_tag","embeddable":true,"href":"https:\/\/tourtravelandmore.com\/es\/wp-json\/wp\/v2\/product_tag?post=9940"}],"curies":[{"name":"wp","href":"https:\/\/api.w.org\/{rel}","templated":true}]}}