{"id":9935,"date":"2016-10-28T10:37:47","date_gmt":"2017-01-16T12:43:52","guid":{"rendered":"http:\/\/tourtravelandmore.com\/es\/?post_type=product&#038;p=9935"},"modified":"2024-05-10T18:59:22","modified_gmt":"2024-05-10T16:59:22","slug":"experiencia-tapas-madrid","status":"publish","type":"product","link":"https:\/\/tourtravelandmore.com\/es\/tours\/espana-es\/madrid-es\/experiencia-tapas-madrid\/","title":{"rendered":"Tour privado de Tapas en Madrid"},"content":{"rendered":"<h2>Descripci\u00f3n del Tour privado de Tapas en Madrid<\/h2>\n<p>Disfruta de la gastronom\u00eda espa\u00f1ola junto a nuestro gu\u00eda oficial privado y vive una experiencia \u00fanica, gracias a nuestro <strong>tour de tapas Madrid.<\/strong><\/p>\n<p>La duraci\u00f3n del tour son 2 horas y el punto de encuentro, si su Hotel es c\u00e9ntrico, nuestro gu\u00eda os recoger\u00e1 desde ah\u00ed, si no os indicaremos un lugar de encuentro en el centro. El Tour de tapas Madrid, se suele centrar en dos zonas, <strong>en la Plaza Mayor o Plaza Santa Ana.<\/strong><\/p>\n<p>A lo largo del tour recorremos 3 bares t\u00edpicos madrile\u00f1os d\u00f3nde comeremos tapas, adem\u00e1s de probar varios tipos de vino. Nuestro gu\u00eda oficial privado no solamente conoce de gastronom\u00eda, sino tambi\u00e9n de historia y an\u00e9cdotas que os ir\u00e1 explicando a lo largo del tour de tapas de Madrid.<\/p>\n<p>La comida est\u00e1 incluida en el Tour, 3 tapas y 3 bebidas, tambi\u00e9n incluimos la comida de su gu\u00eda oficial privado. Si a lo largo del tour desea comer m\u00e1s o beber m\u00e1s, no hay problema, es un tour completamente privado, en el momento lo puede pagar en el bar.<\/p>\n<h2><strong>Puntos de inter\u00e9s en el Tour de Tapas en Madrid- Incluye Guia y Tapas<\/strong><\/h2>\n<p>A lo largo del tour de tapas de Madrid probaremos tapas en 3 bares diferentes. Las Tapas m\u00e1s conocidas son:<\/p>\n<ul>\n<li><strong>Tortilla Espa\u00f1ola<\/strong><\/li>\n<li><strong>Patatas Bravas<\/strong><\/li>\n<li><strong>Jam\u00f3n Ib\u00e9rico<\/strong><\/li>\n<li><strong>Queso Manchego<\/strong><\/li>\n<li><strong>Olivas<\/strong><\/li>\n<li><strong>Calamares<\/strong><\/li>\n<li><strong>Croquetas<\/strong><\/li>\n<li><strong>Mejillones<\/strong><\/li>\n<li><strong>Morcillas y Chorizos<\/strong><\/li>\n<li><strong>Huevos Rotos<\/strong><\/li>\n<li><strong>Sepia<\/strong><\/li>\n<li><strong>Paella<\/strong><\/li>\n<li><strong>Pulpo Gallego<\/strong><\/li>\n<li><strong>Mucho m\u00e1s!!<\/strong><\/li>\n<\/ul>\n<p>Nuestro tour de tapas es la forma perfecta de conocer el centro de Madrid y a su vez disfrutar comiendo, es la mezcla perfecta.<\/p>\n<p>El tour es completamente privado, pod\u00e9is escoger la hora de comienzo y si hay alguna zona o preferencia solo hay que indicarlo en el formulario de contacto del tour, nos adaptamos a todos los viajeros!!<\/p>\n<p>S\u00ed est\u00e1 interesado en conocer m\u00e1s zonas de Madrid o ciudades cercanas, pod\u00e9is consultar nuestro listado de <a href=\"https:\/\/tourtravelandmore.com\/es\/ciudad\/espana-es\/madrid-es\/\">tours privados de Madrid.<\/a><\/p>\n<p>Para reservar o solicitar m\u00e1s informaci\u00f3n ten\u00e9is que contactar a trav\u00e9s del formulario de la WEB y nuestro equipo contactar\u00e1 r\u00e1pidamente con toda la informaci\u00f3n.<\/p>\n","protected":false},"excerpt":{"rendered":"<p>Disfruta de una experiencia gastron\u00f3mica en el centro de Madrid, gracias a este tour de tapas, junto a su gu\u00eda oficial privado. Conocer\u00e1 los principales bares del centro y las tapas m\u00e1s famosas de Madrid.<\/p>\n","protected":false},"featured_media":7677,"comment_status":"open","ping_status":"closed","template":"","meta":{"_acf_changed":false},"product_brand":[],"product_cat":[284,285,288],"product_tag":[5394,5398,5397,5396,5395,232],"class_list":{"0":"post-9935","1":"product","2":"type-product","3":"status-publish","4":"has-post-thumbnail","6":"product_cat-madrid-es","7":"product_cat-madrid-actividades-es","8":"product_cat-madrid-tours-privados-pie-es","9":"product_tag-gastronomy-es","10":"product_tag-gastronomy-tours-es","11":"product_tag-madrid-es","12":"product_tag-tapas-es","13":"product_tag-tapas-experience-es","14":"product_tag-tours-tapas-gastronomicos","16":"first","17":"instock","18":"shipping-taxable","19":"purchasable","20":"product-type-simple"},"acf":[],"yoast_head":"<!-- This site is optimized with the Yoast SEO Premium plugin v25.3.1 (Yoast SEO v25.3.1) - https:\/\/yoast.com\/wordpress\/plugins\/seo\/ -->\n<title>\u27a1\ufe0f Tapas tour Madrid | Tour Travel &amp; More<\/title>\n<meta name=\"description\" content=\"El tapas tour Madrid es la combinaci\u00f3n perfecta para recorrer a pie el centro de Madrid y disfrutar de su gastronom\u00eda junto a su gu\u00eda oficial \u2705\" \/>\n<meta name=\"robots\" content=\"index, follow, max-snippet:-1, max-image-preview:large, max-video-preview:-1\" \/>\n<link rel=\"canonical\" href=\"https:\/\/tourtravelandmore.com\/es\/tours\/espana-es\/madrid-es\/experiencia-tapas-madrid\/\" \/>\n<meta property=\"og:locale\" content=\"es_ES\" \/>\n<meta property=\"og:type\" content=\"article\" \/>\n<meta property=\"og:title\" content=\"Tour privado de Tapas en Madrid\" \/>\n<meta property=\"og:description\" content=\"El tapas tour Madrid es la combinaci\u00f3n perfecta para recorrer a pie el centro de Madrid y disfrutar de su gastronom\u00eda junto a su gu\u00eda oficial \u2705\" \/>\n<meta property=\"og:url\" content=\"https:\/\/tourtravelandmore.com\/es\/tours\/espana-es\/madrid-es\/experiencia-tapas-madrid\/\" \/>\n<meta property=\"og:site_name\" content=\"Tour Travel And More\" \/>\n<meta property=\"article:publisher\" content=\"https:\/\/www.facebook.com\/tourtravelandmore\/\" \/>\n<meta property=\"article:modified_time\" content=\"2024-05-10T16:59:22+00:00\" \/>\n<meta property=\"og:image\" content=\"https:\/\/tourtravelandmore.com\/wp-content\/uploads\/2016\/10\/Tapas1.jpg\" \/>\n\t<meta property=\"og:image:width\" content=\"3363\" \/>\n\t<meta property=\"og:image:height\" content=\"2337\" \/>\n\t<meta property=\"og:image:type\" content=\"image\/jpeg\" \/>\n<meta name=\"twitter:card\" content=\"summary_large_image\" \/>\n<meta name=\"twitter:site\" content=\"@TourTravel_More\" \/>\n<meta name=\"twitter:label1\" content=\"Tiempo de lectura\" \/>\n\t<meta name=\"twitter:data1\" content=\"2 minutos\" \/>\n<script type=\"application\/ld+json\" class=\"yoast-schema-graph\">{\"@context\":\"https:\/\/schema.org\",\"@graph\":[{\"@type\":\"WebPage\",\"@id\":\"https:\/\/tourtravelandmore.com\/es\/tours\/espana-es\/madrid-es\/experiencia-tapas-madrid\/\",\"url\":\"https:\/\/tourtravelandmore.com\/es\/tours\/espana-es\/madrid-es\/experiencia-tapas-madrid\/\",\"name\":\"\u27a1\ufe0f Tapas tour Madrid | Tour Travel & More\",\"isPartOf\":{\"@id\":\"https:\/\/tourtravelandmore.com\/es\/#website\"},\"primaryImageOfPage\":{\"@id\":\"https:\/\/tourtravelandmore.com\/es\/tours\/espana-es\/madrid-es\/experiencia-tapas-madrid\/#primaryimage\"},\"image\":{\"@id\":\"https:\/\/tourtravelandmore.com\/es\/tours\/espana-es\/madrid-es\/experiencia-tapas-madrid\/#primaryimage\"},\"thumbnailUrl\":\"https:\/\/tourtravelandmore.com\/wp-content\/uploads\/2016\/10\/Tapas1.jpg\",\"datePublished\":\"2017-01-16T12:43:52+00:00\",\"dateModified\":\"2024-05-10T16:59:22+00:00\",\"description\":\"El tapas tour Madrid es la combinaci\u00f3n perfecta para recorrer a pie el centro de Madrid y disfrutar de su gastronom\u00eda junto a su gu\u00eda oficial \u2705\",\"breadcrumb\":{\"@id\":\"https:\/\/tourtravelandmore.com\/es\/tours\/espana-es\/madrid-es\/experiencia-tapas-madrid\/#breadcrumb\"},\"inLanguage\":\"es\",\"potentialAction\":[{\"@type\":\"ReadAction\",\"target\":[\"https:\/\/tourtravelandmore.com\/es\/tours\/espana-es\/madrid-es\/experiencia-tapas-madrid\/\"]}]},{\"@type\":\"ImageObject\",\"inLanguage\":\"es\",\"@id\":\"https:\/\/tourtravelandmore.com\/es\/tours\/espana-es\/madrid-es\/experiencia-tapas-madrid\/#primaryimage\",\"url\":\"https:\/\/tourtravelandmore.com\/wp-content\/uploads\/2016\/10\/Tapas1.jpg\",\"contentUrl\":\"https:\/\/tourtravelandmore.com\/wp-content\/uploads\/2016\/10\/Tapas1.jpg\",\"width\":3363,\"height\":2337},{\"@type\":\"BreadcrumbList\",\"@id\":\"https:\/\/tourtravelandmore.com\/es\/tours\/espana-es\/madrid-es\/experiencia-tapas-madrid\/#breadcrumb\",\"itemListElement\":[{\"@type\":\"ListItem\",\"position\":1,\"name\":\"Home\",\"item\":\"https:\/\/tourtravelandmore.com\/es\/\"},{\"@type\":\"ListItem\",\"position\":2,\"name\":\"Tours\",\"item\":\"https:\/\/tourtravelandmore.com\/es\/tours\/\"},{\"@type\":\"ListItem\",\"position\":3,\"name\":\"Tour privado de Tapas en Madrid\"}]},{\"@type\":\"WebSite\",\"@id\":\"https:\/\/tourtravelandmore.com\/es\/#website\",\"url\":\"https:\/\/tourtravelandmore.com\/es\/\",\"name\":\"Tour Travel And More\",\"description\":\"Private sightseeing tours and luxury transfers in Spain\",\"publisher\":{\"@id\":\"https:\/\/tourtravelandmore.com\/es\/#organization\"},\"potentialAction\":[{\"@type\":\"SearchAction\",\"target\":{\"@type\":\"EntryPoint\",\"urlTemplate\":\"https:\/\/tourtravelandmore.com\/es\/?s={search_term_string}\"},\"query-input\":{\"@type\":\"PropertyValueSpecification\",\"valueRequired\":true,\"valueName\":\"search_term_string\"}}],\"inLanguage\":\"es\"},{\"@type\":\"Organization\",\"@id\":\"https:\/\/tourtravelandmore.com\/es\/#organization\",\"name\":\"Tour Travel And More\",\"url\":\"https:\/\/tourtravelandmore.com\/es\/\",\"logo\":{\"@type\":\"ImageObject\",\"inLanguage\":\"es\",\"@id\":\"https:\/\/tourtravelandmore.com\/es\/#\/schema\/logo\/image\/\",\"url\":\"https:\/\/tourtravelandmore.com\/wp-content\/uploads\/2022\/12\/cropped-logo-cabecera-new.png\",\"contentUrl\":\"https:\/\/tourtravelandmore.com\/wp-content\/uploads\/2022\/12\/cropped-logo-cabecera-new.png\",\"width\":430,\"height\":61,\"caption\":\"Tour Travel And More\"},\"image\":{\"@id\":\"https:\/\/tourtravelandmore.com\/es\/#\/schema\/logo\/image\/\"},\"sameAs\":[\"https:\/\/www.facebook.com\/tourtravelandmore\/\",\"https:\/\/x.com\/TourTravel_More\"]}]}<\/script>\n<!-- \/ Yoast SEO Premium plugin. -->","yoast_head_json":{"title":"\u27a1\ufe0f Tapas tour Madrid | Tour Travel & More","description":"El tapas tour Madrid es la combinaci\u00f3n perfecta para recorrer a pie el centro de Madrid y disfrutar de su gastronom\u00eda junto a su gu\u00eda oficial \u2705","robots":{"index":"index","follow":"follow","max-snippet":"max-snippet:-1","max-image-preview":"max-image-preview:large","max-video-preview":"max-video-preview:-1"},"canonical":"https:\/\/tourtravelandmore.com\/es\/tours\/espana-es\/madrid-es\/experiencia-tapas-madrid\/","og_locale":"es_ES","og_type":"article","og_title":"Tour privado de Tapas en Madrid","og_description":"El tapas tour Madrid es la combinaci\u00f3n perfecta para recorrer a pie el centro de Madrid y disfrutar de su gastronom\u00eda junto a su gu\u00eda oficial \u2705","og_url":"https:\/\/tourtravelandmore.com\/es\/tours\/espana-es\/madrid-es\/experiencia-tapas-madrid\/","og_site_name":"Tour Travel And More","article_publisher":"https:\/\/www.facebook.com\/tourtravelandmore\/","article_modified_time":"2024-05-10T16:59:22+00:00","og_image":[{"width":3363,"height":2337,"url":"https:\/\/tourtravelandmore.com\/wp-content\/uploads\/2016\/10\/Tapas1.jpg","type":"image\/jpeg"}],"twitter_card":"summary_large_image","twitter_site":"@TourTravel_More","twitter_misc":{"Tiempo de lectura":"2 minutos"},"schema":{"@context":"https:\/\/schema.org","@graph":[{"@type":"WebPage","@id":"https:\/\/tourtravelandmore.com\/es\/tours\/espana-es\/madrid-es\/experiencia-tapas-madrid\/","url":"https:\/\/tourtravelandmore.com\/es\/tours\/espana-es\/madrid-es\/experiencia-tapas-madrid\/","name":"\u27a1\ufe0f Tapas tour Madrid | Tour Travel & More","isPartOf":{"@id":"https:\/\/tourtravelandmore.com\/es\/#website"},"primaryImageOfPage":{"@id":"https:\/\/tourtravelandmore.com\/es\/tours\/espana-es\/madrid-es\/experiencia-tapas-madrid\/#primaryimage"},"image":{"@id":"https:\/\/tourtravelandmore.com\/es\/tours\/espana-es\/madrid-es\/experiencia-tapas-madrid\/#primaryimage"},"thumbnailUrl":"https:\/\/tourtravelandmore.com\/wp-content\/uploads\/2016\/10\/Tapas1.jpg","datePublished":"2017-01-16T12:43:52+00:00","dateModified":"2024-05-10T16:59:22+00:00","description":"El tapas tour Madrid es la combinaci\u00f3n perfecta para recorrer a pie el centro de Madrid y disfrutar de su gastronom\u00eda junto a su gu\u00eda oficial \u2705","breadcrumb":{"@id":"https:\/\/tourtravelandmore.com\/es\/tours\/espana-es\/madrid-es\/experiencia-tapas-madrid\/#breadcrumb"},"inLanguage":"es","potentialAction":[{"@type":"ReadAction","target":["https:\/\/tourtravelandmore.com\/es\/tours\/espana-es\/madrid-es\/experiencia-tapas-madrid\/"]}]},{"@type":"ImageObject","inLanguage":"es","@id":"https:\/\/tourtravelandmore.com\/es\/tours\/espana-es\/madrid-es\/experiencia-tapas-madrid\/#primaryimage","url":"https:\/\/tourtravelandmore.com\/wp-content\/uploads\/2016\/10\/Tapas1.jpg","contentUrl":"https:\/\/tourtravelandmore.com\/wp-content\/uploads\/2016\/10\/Tapas1.jpg","width":3363,"height":2337},{"@type":"BreadcrumbList","@id":"https:\/\/tourtravelandmore.com\/es\/tours\/espana-es\/madrid-es\/experiencia-tapas-madrid\/#breadcrumb","itemListElement":[{"@type":"ListItem","position":1,"name":"Home","item":"https:\/\/tourtravelandmore.com\/es\/"},{"@type":"ListItem","position":2,"name":"Tours","item":"https:\/\/tourtravelandmore.com\/es\/tours\/"},{"@type":"ListItem","position":3,"name":"Tour privado de Tapas en Madrid"}]},{"@type":"WebSite","@id":"https:\/\/tourtravelandmore.com\/es\/#website","url":"https:\/\/tourtravelandmore.com\/es\/","name":"Tour Travel And More","description":"Private sightseeing tours and luxury transfers in Spain","publisher":{"@id":"https:\/\/tourtravelandmore.com\/es\/#organization"},"potentialAction":[{"@type":"SearchAction","target":{"@type":"EntryPoint","urlTemplate":"https:\/\/tourtravelandmore.com\/es\/?s={search_term_string}"},"query-input":{"@type":"PropertyValueSpecification","valueRequired":true,"valueName":"search_term_string"}}],"inLanguage":"es"},{"@type":"Organization","@id":"https:\/\/tourtravelandmore.com\/es\/#organization","name":"Tour Travel And More","url":"https:\/\/tourtravelandmore.com\/es\/","logo":{"@type":"ImageObject","inLanguage":"es","@id":"https:\/\/tourtravelandmore.com\/es\/#\/schema\/logo\/image\/","url":"https:\/\/tourtravelandmore.com\/wp-content\/uploads\/2022\/12\/cropped-logo-cabecera-new.png","contentUrl":"https:\/\/tourtravelandmore.com\/wp-content\/uploads\/2022\/12\/cropped-logo-cabecera-new.png","width":430,"height":61,"caption":"Tour Travel And More"},"image":{"@id":"https:\/\/tourtravelandmore.com\/es\/#\/schema\/logo\/image\/"},"sameAs":["https:\/\/www.facebook.com\/tourtravelandmore\/","https:\/\/x.com\/TourTravel_More"]}]}},"_links":{"self":[{"href":"https:\/\/tourtravelandmore.com\/es\/wp-json\/wp\/v2\/product\/9935","targetHints":{"allow":["GET"]}}],"collection":[{"href":"https:\/\/tourtravelandmore.com\/es\/wp-json\/wp\/v2\/product"}],"about":[{"href":"https:\/\/tourtravelandmore.com\/es\/wp-json\/wp\/v2\/types\/product"}],"replies":[{"embeddable":true,"href":"https:\/\/tourtravelandmore.com\/es\/wp-json\/wp\/v2\/comments?post=9935"}],"wp:featuredmedia":[{"embeddable":true,"href":"https:\/\/tourtravelandmore.com\/es\/wp-json\/wp\/v2\/media\/7677"}],"wp:attachment":[{"href":"https:\/\/tourtravelandmore.com\/es\/wp-json\/wp\/v2\/media?parent=9935"}],"wp:term":[{"taxonomy":"product_brand","embeddable":true,"href":"https:\/\/tourtravelandmore.com\/es\/wp-json\/wp\/v2\/product_brand?post=9935"},{"taxonomy":"product_cat","embeddable":true,"href":"https:\/\/tourtravelandmore.com\/es\/wp-json\/wp\/v2\/product_cat?post=9935"},{"taxonomy":"product_tag","embeddable":true,"href":"https:\/\/tourtravelandmore.com\/es\/wp-json\/wp\/v2\/product_tag?post=9935"}],"curies":[{"name":"wp","href":"https:\/\/api.w.org\/{rel}","templated":true}]}}