{"id":9832,"date":"2016-08-29T10:27:26","date_gmt":"2017-01-10T11:08:18","guid":{"rendered":"http:\/\/tourtravelandmore.com\/es\/?post_type=product&#038;p=9832"},"modified":"2023-12-29T12:56:01","modified_gmt":"2023-12-29T11:56:01","slug":"traslado-privado-bilbao-evita-colas-y-esperas-viaje-comodamente","status":"publish","type":"product","link":"https:\/\/tourtravelandmore.com\/es\/tours\/espana-es\/bilbao-es\/traslado-privado-bilbao-evita-colas-y-esperas-viaje-comodamente\/","title":{"rendered":"Traslado Privado desde Bilbao"},"content":{"rendered":"<h2><b>Descripci\u00f3n mejorada del Traslado Privado Bilbao<\/b><\/h2>\n<p><span style=\"font-weight: 400;\">Experimente el pin\u00e1culo de la comodidad y el lujo con nuestro servicio de Traslado Privado Bilbao. Tour Travel and More se enorgullece de ofrecer una soluci\u00f3n perfecta y segura a sus necesidades de transporte en Bilbao y sus alrededores. Tanto si nos visita por ocio como por negocios, nuestro servicio le garantiza un viaje c\u00f3modo y sin estr\u00e9s hasta su destino deseado.<\/span><\/p>\n<p><span style=\"font-weight: 400;\">En cuanto reserve con nosotros, le espera un mundo de comodidad. Nuestro ch\u00f3fer profesional le recoger\u00e1 en el lugar elegido, ya sea el coraz\u00f3n de Bilbao, el bullicioso aeropuerto, un acogedor hotel o el vibrante puerto de cruceros. Nuestro compromiso es proporcionar un servicio puntual y fiable, asegurando que su estancia en Bilbao comience y termine de forma perfecta.<\/span><\/p>\n<p><span style=\"font-weight: 400;\">Nuestro servicio va m\u00e1s all\u00e1 de Bilbao. \u00bfSue\u00f1a con explorar los pintorescos paisajes de San Sebasti\u00e1n, las famosas bodegas de La Rioja o cualquier otra ciudad encantadora de Espa\u00f1a? Nuestro servicio de traslados privados puede transportarle sin problemas a estos destinos, ofreci\u00e9ndole un viaje tan encantador como el propio destino.<\/span><\/p>\n<p><span style=\"font-weight: 400;\">La comodidad de nuestro servicio se ve igualada por nuestra atenci\u00f3n al detalle. Inf\u00f3rmenos de la cantidad de equipaje que llevar\u00e1 para asegurarnos de que seleccionamos el veh\u00edculo de lujo m\u00e1s adecuado para su comodidad. Adem\u00e1s, atendemos a las familias con ni\u00f1os proporcionando una gama de asientos para ni\u00f1os, personalizados seg\u00fan la edad y los requisitos de seguridad de sus peque\u00f1os.<\/span><\/p>\n<p><span style=\"font-weight: 400;\">El Traslado Privado Bilbao no es s\u00f3lo un medio de transporte; es una introducci\u00f3n al esp\u00edritu lujoso y hospitalario de Bilbao y sus regiones circundantes. Deje que nosotros nos encarguemos de la log\u00edstica mientras usted se sienta, se relaja y disfruta de las vistas panor\u00e1micas mientras viaja con estilo.<\/span><\/p>\n<h2><b>Puntos de inter\u00e9s y monumentos destacados<\/b><\/h2>\n<ul>\n<li style=\"font-weight: 400;\" aria-level=\"1\"><b>El din\u00e1mico paisaje urbano de Bilbao:<\/b><span style=\"font-weight: 400;\"> Durante su viaje, sea testigo de la transformaci\u00f3n de Bilbao, que ha pasado de ser una hist\u00f3rica ciudad portuaria a un moderno centro cultural. El paisaje de la ciudad, enclavado entre suaves colinas y a lo largo del r\u00edo Nervi\u00f3n, ofrece un pintoresco tel\u00f3n de fondo a su viaje.<\/span><\/li>\n<li style=\"font-weight: 400;\" aria-level=\"1\"><b>Lugares de inter\u00e9s cultural: <\/b><span style=\"font-weight: 400;\">Bilbao alberga varias maravillas arquitect\u00f3nicas y lugares de inter\u00e9s cultural, como el Museo Guggenheim, el Museo de Bellas Artes de Bilbao y la impresionante Plaza Moy\u00faa. Durante su traslado, podr\u00e1 echar un vistazo a estos lugares emblem\u00e1ticos, a\u00f1adiendo un toque de turismo a su viaje.<\/span><\/li>\n<li style=\"font-weight: 400;\" aria-level=\"1\"><b>Rutas panor\u00e1micas a San Sebasti\u00e1n y La Rioja: <\/b><span style=\"font-weight: 400;\">La carretera a San Sebasti\u00e1n o La Rioja est\u00e1 repleta de vistas impresionantes. Tanto si se trata de la escarpada costa cercana a San Sebasti\u00e1n como de los paisajes cubiertos de vi\u00f1edos de La Rioja, su traslado se convierte en un recorrido panor\u00e1mico en s\u00ed mismo.<\/span><\/li>\n<li style=\"font-weight: 400;\" aria-level=\"1\"><b>Experiencia de viaje a medida:<\/b><span style=\"font-weight: 400;\"> Nuestro servicio de traslado es altamente personalizable. \u00bfDesea hacer una parada en alg\u00fan punto de inter\u00e9s, restaurante o mirador? D\u00edganoslo y adaptaremos el viaje a sus preferencias.<\/span><\/li>\n<li style=\"font-weight: 400;\" aria-level=\"1\"><b>Flota de lujo:<\/b><span style=\"font-weight: 400;\"> Nuestra flota est\u00e1 compuesta \u00fanicamente por veh\u00edculos de lujo, lo que garantiza un viaje que habla de elegancia, comodidad y sofisticaci\u00f3n. Cada veh\u00edculo est\u00e1 equipado con modernas comodidades para que su experiencia de viaje sea lo m\u00e1s agradable y relajante posible.<\/span><\/li>\n<li style=\"font-weight: 400;\" aria-level=\"1\"><b>El coraz\u00f3n art\u00edstico de Bilbao &#8211; El Casco Viejo:<\/b><span style=\"font-weight: 400;\"> Sum\u00e9rjase en el encanto del Casco Viejo de Bilbao. Esta zona hist\u00f3rica, con sus siete calles originales, es una deliciosa mezcla de pasado y presente, que ofrece un espect\u00e1culo visual con sus pintorescas tiendas, tabernas tradicionales y arquitectura medieval. A su paso, la esencia del viejo Bilbao emana, proporcionando un contraste marcado pero armonioso con las zonas modernas de la ciudad.<\/span><\/li>\n<li style=\"font-weight: 400;\" aria-level=\"1\"><b>Maravillas arquitect\u00f3nicas: <\/b><span style=\"font-weight: 400;\">los puentes de Bilbao: Los numerosos puentes de Bilbao no son s\u00f3lo estructuras funcionales, sino tambi\u00e9n obras de arte. Desde el elegante Puente de La Salve, vecino del Guggenheim, hasta el Puente Zubizuri, con su llamativo dise\u00f1o moderno, estos puentes son hitos por derecho propio. Ofrecen una perspectiva \u00fanica de la evoluci\u00f3n arquitect\u00f3nica de la ciudad y su relaci\u00f3n con el r\u00edo.<\/span><\/li>\n<li style=\"font-weight: 400;\" aria-level=\"1\"><b>Puerta de la Gastronom\u00eda Vasca &#8211; Mercado de la Ribera<\/b><span style=\"font-weight: 400;\">: Aunque no es una parada directa en su traslado, el Mercado de la Ribera es un testimonio del rico patrimonio culinario de Bilbao. Mientras conduce por la ciudad, eche un vistazo a este bullicioso mercado, conocido como el mayor mercado cubierto de Europa, donde la vitalidad y la diversidad de la cocina vasca cobran vida.<\/span><\/li>\n<\/ul>\n<p><span style=\"font-weight: 400;\">Descubra los encantos de Espa\u00f1a con nuestras exclusivas excursiones y traslados. Tanto si desea explorar las maravillas arquitect\u00f3nicas de Bilbao, la belleza paisaj\u00edstica de San Sebasti\u00e1n o los afamados vi\u00f1edos de La Rioja, <\/span><a href=\"https:\/\/tourtravelandmore.com\/es\/ciudad\/espana-es\/bilbao-es\/\"><span style=\"font-weight: 400;\">Tour Travel and More le ofrece experiencias personalizadas adaptadas a sus deseos.<\/span><\/a> <span style=\"font-weight: 400;\">Con nuestra flota de lujo y nuestros gu\u00edas expertos, cada viaje est\u00e1 dise\u00f1ado para superar sus expectativas.<\/span><\/p>\n","protected":false},"excerpt":{"rendered":"<p><span style=\"font-weight: 400;\">Descubra la facilidad y el lujo de nuestro servicio de Traslado Privado Bilbao. Desde recogidas en el hotel hasta viajes panor\u00e1micos a San Sebasti\u00e1n o La Rioja, le aseguramos un viaje c\u00f3modo, fiable y personalizado a la medida de sus necesidades. Explore Bilbao y m\u00e1s all\u00e1 con la comodidad de nuestros veh\u00edculos premium y ch\u00f3feres profesionales.<\/span><\/p>\n","protected":false},"featured_media":59761,"comment_status":"open","ping_status":"closed","template":"","meta":{"_acf_changed":false},"product_brand":[],"product_cat":[189,191,1361],"product_tag":[],"class_list":{"0":"post-9832","1":"product","2":"type-product","3":"status-publish","4":"has-post-thumbnail","6":"product_cat-bilbao-es","7":"product_cat-bilbao-actividades-es","8":"product_cat-prague-traslados-privados-es","10":"first","11":"instock","12":"shipping-taxable","13":"purchasable","14":"product-type-simple"},"acf":[],"yoast_head":"<!-- This site is optimized with the Yoast SEO Premium plugin v25.3.1 (Yoast SEO v25.3.1) - https:\/\/yoast.com\/wordpress\/plugins\/seo\/ -->\n<title>\u27a1\ufe0f Experimente el Lujo y el Confort con Traslados Privados Bilbao | Tour Travel &amp; More<\/title>\n<meta name=\"description\" content=\"Reserve su Traslado Privado Bilbao con Tour Travel &amp; More para un viaje lujoso, c\u00f3modo y personalizado desde y hacia Bilbao y sus alrededores. \u2705\" \/>\n<meta name=\"robots\" content=\"index, follow, max-snippet:-1, max-image-preview:large, max-video-preview:-1\" \/>\n<link rel=\"canonical\" href=\"https:\/\/tourtravelandmore.com\/es\/tours\/espana-es\/bilbao-es\/traslado-privado-bilbao-evita-colas-y-esperas-viaje-comodamente\/\" \/>\n<meta property=\"og:locale\" content=\"es_ES\" \/>\n<meta property=\"og:type\" content=\"article\" \/>\n<meta property=\"og:title\" content=\"Traslado Privado desde Bilbao\" \/>\n<meta property=\"og:description\" content=\"Reserve su Traslado Privado Bilbao con Tour Travel &amp; More para un viaje lujoso, c\u00f3modo y personalizado desde y hacia Bilbao y sus alrededores. \u2705\" \/>\n<meta property=\"og:url\" content=\"https:\/\/tourtravelandmore.com\/es\/tours\/espana-es\/bilbao-es\/traslado-privado-bilbao-evita-colas-y-esperas-viaje-comodamente\/\" \/>\n<meta property=\"og:site_name\" content=\"Tour Travel And More\" \/>\n<meta property=\"article:publisher\" content=\"https:\/\/www.facebook.com\/tourtravelandmore\/\" \/>\n<meta property=\"article:modified_time\" content=\"2023-12-29T11:56:01+00:00\" \/>\n<meta property=\"og:image\" content=\"https:\/\/tourtravelandmore.com\/wp-content\/uploads\/2016\/08\/MercedesTTM.jpg\" \/>\n\t<meta property=\"og:image:width\" content=\"783\" \/>\n\t<meta property=\"og:image:height\" content=\"483\" \/>\n\t<meta property=\"og:image:type\" content=\"image\/jpeg\" \/>\n<meta name=\"twitter:card\" content=\"summary_large_image\" \/>\n<meta name=\"twitter:site\" content=\"@TourTravel_More\" \/>\n<meta name=\"twitter:label1\" content=\"Tiempo de lectura\" \/>\n\t<meta name=\"twitter:data1\" content=\"4 minutos\" \/>\n<script type=\"application\/ld+json\" class=\"yoast-schema-graph\">{\"@context\":\"https:\/\/schema.org\",\"@graph\":[{\"@type\":\"WebPage\",\"@id\":\"https:\/\/tourtravelandmore.com\/es\/tours\/espana-es\/bilbao-es\/traslado-privado-bilbao-evita-colas-y-esperas-viaje-comodamente\/\",\"url\":\"https:\/\/tourtravelandmore.com\/es\/tours\/espana-es\/bilbao-es\/traslado-privado-bilbao-evita-colas-y-esperas-viaje-comodamente\/\",\"name\":\"\u27a1\ufe0f Experimente el Lujo y el Confort con Traslados Privados Bilbao | Tour Travel & More\",\"isPartOf\":{\"@id\":\"https:\/\/tourtravelandmore.com\/es\/#website\"},\"primaryImageOfPage\":{\"@id\":\"https:\/\/tourtravelandmore.com\/es\/tours\/espana-es\/bilbao-es\/traslado-privado-bilbao-evita-colas-y-esperas-viaje-comodamente\/#primaryimage\"},\"image\":{\"@id\":\"https:\/\/tourtravelandmore.com\/es\/tours\/espana-es\/bilbao-es\/traslado-privado-bilbao-evita-colas-y-esperas-viaje-comodamente\/#primaryimage\"},\"thumbnailUrl\":\"https:\/\/tourtravelandmore.com\/wp-content\/uploads\/2016\/08\/MercedesTTM.jpg\",\"datePublished\":\"2017-01-10T11:08:18+00:00\",\"dateModified\":\"2023-12-29T11:56:01+00:00\",\"description\":\"Reserve su Traslado Privado Bilbao con Tour Travel & More para un viaje lujoso, c\u00f3modo y personalizado desde y hacia Bilbao y sus alrededores. \u2705\",\"breadcrumb\":{\"@id\":\"https:\/\/tourtravelandmore.com\/es\/tours\/espana-es\/bilbao-es\/traslado-privado-bilbao-evita-colas-y-esperas-viaje-comodamente\/#breadcrumb\"},\"inLanguage\":\"es\",\"potentialAction\":[{\"@type\":\"ReadAction\",\"target\":[\"https:\/\/tourtravelandmore.com\/es\/tours\/espana-es\/bilbao-es\/traslado-privado-bilbao-evita-colas-y-esperas-viaje-comodamente\/\"]}]},{\"@type\":\"ImageObject\",\"inLanguage\":\"es\",\"@id\":\"https:\/\/tourtravelandmore.com\/es\/tours\/espana-es\/bilbao-es\/traslado-privado-bilbao-evita-colas-y-esperas-viaje-comodamente\/#primaryimage\",\"url\":\"https:\/\/tourtravelandmore.com\/wp-content\/uploads\/2016\/08\/MercedesTTM.jpg\",\"contentUrl\":\"https:\/\/tourtravelandmore.com\/wp-content\/uploads\/2016\/08\/MercedesTTM.jpg\",\"width\":783,\"height\":483},{\"@type\":\"BreadcrumbList\",\"@id\":\"https:\/\/tourtravelandmore.com\/es\/tours\/espana-es\/bilbao-es\/traslado-privado-bilbao-evita-colas-y-esperas-viaje-comodamente\/#breadcrumb\",\"itemListElement\":[{\"@type\":\"ListItem\",\"position\":1,\"name\":\"Home\",\"item\":\"https:\/\/tourtravelandmore.com\/es\/\"},{\"@type\":\"ListItem\",\"position\":2,\"name\":\"Tours\",\"item\":\"https:\/\/tourtravelandmore.com\/es\/tours\/\"},{\"@type\":\"ListItem\",\"position\":3,\"name\":\"Traslado Privado desde Bilbao\"}]},{\"@type\":\"WebSite\",\"@id\":\"https:\/\/tourtravelandmore.com\/es\/#website\",\"url\":\"https:\/\/tourtravelandmore.com\/es\/\",\"name\":\"Tour Travel And More\",\"description\":\"Private sightseeing tours and luxury transfers in Spain\",\"publisher\":{\"@id\":\"https:\/\/tourtravelandmore.com\/es\/#organization\"},\"potentialAction\":[{\"@type\":\"SearchAction\",\"target\":{\"@type\":\"EntryPoint\",\"urlTemplate\":\"https:\/\/tourtravelandmore.com\/es\/?s={search_term_string}\"},\"query-input\":{\"@type\":\"PropertyValueSpecification\",\"valueRequired\":true,\"valueName\":\"search_term_string\"}}],\"inLanguage\":\"es\"},{\"@type\":\"Organization\",\"@id\":\"https:\/\/tourtravelandmore.com\/es\/#organization\",\"name\":\"Tour Travel And More\",\"url\":\"https:\/\/tourtravelandmore.com\/es\/\",\"logo\":{\"@type\":\"ImageObject\",\"inLanguage\":\"es\",\"@id\":\"https:\/\/tourtravelandmore.com\/es\/#\/schema\/logo\/image\/\",\"url\":\"https:\/\/tourtravelandmore.com\/wp-content\/uploads\/2022\/12\/cropped-logo-cabecera-new.png\",\"contentUrl\":\"https:\/\/tourtravelandmore.com\/wp-content\/uploads\/2022\/12\/cropped-logo-cabecera-new.png\",\"width\":430,\"height\":61,\"caption\":\"Tour Travel And More\"},\"image\":{\"@id\":\"https:\/\/tourtravelandmore.com\/es\/#\/schema\/logo\/image\/\"},\"sameAs\":[\"https:\/\/www.facebook.com\/tourtravelandmore\/\",\"https:\/\/x.com\/TourTravel_More\"]}]}<\/script>\n<!-- \/ Yoast SEO Premium plugin. -->","yoast_head_json":{"title":"\u27a1\ufe0f Experimente el Lujo y el Confort con Traslados Privados Bilbao | Tour Travel & More","description":"Reserve su Traslado Privado Bilbao con Tour Travel & More para un viaje lujoso, c\u00f3modo y personalizado desde y hacia Bilbao y sus alrededores. \u2705","robots":{"index":"index","follow":"follow","max-snippet":"max-snippet:-1","max-image-preview":"max-image-preview:large","max-video-preview":"max-video-preview:-1"},"canonical":"https:\/\/tourtravelandmore.com\/es\/tours\/espana-es\/bilbao-es\/traslado-privado-bilbao-evita-colas-y-esperas-viaje-comodamente\/","og_locale":"es_ES","og_type":"article","og_title":"Traslado Privado desde Bilbao","og_description":"Reserve su Traslado Privado Bilbao con Tour Travel & More para un viaje lujoso, c\u00f3modo y personalizado desde y hacia Bilbao y sus alrededores. \u2705","og_url":"https:\/\/tourtravelandmore.com\/es\/tours\/espana-es\/bilbao-es\/traslado-privado-bilbao-evita-colas-y-esperas-viaje-comodamente\/","og_site_name":"Tour Travel And More","article_publisher":"https:\/\/www.facebook.com\/tourtravelandmore\/","article_modified_time":"2023-12-29T11:56:01+00:00","og_image":[{"width":783,"height":483,"url":"https:\/\/tourtravelandmore.com\/wp-content\/uploads\/2016\/08\/MercedesTTM.jpg","type":"image\/jpeg"}],"twitter_card":"summary_large_image","twitter_site":"@TourTravel_More","twitter_misc":{"Tiempo de lectura":"4 minutos"},"schema":{"@context":"https:\/\/schema.org","@graph":[{"@type":"WebPage","@id":"https:\/\/tourtravelandmore.com\/es\/tours\/espana-es\/bilbao-es\/traslado-privado-bilbao-evita-colas-y-esperas-viaje-comodamente\/","url":"https:\/\/tourtravelandmore.com\/es\/tours\/espana-es\/bilbao-es\/traslado-privado-bilbao-evita-colas-y-esperas-viaje-comodamente\/","name":"\u27a1\ufe0f Experimente el Lujo y el Confort con Traslados Privados Bilbao | Tour Travel & More","isPartOf":{"@id":"https:\/\/tourtravelandmore.com\/es\/#website"},"primaryImageOfPage":{"@id":"https:\/\/tourtravelandmore.com\/es\/tours\/espana-es\/bilbao-es\/traslado-privado-bilbao-evita-colas-y-esperas-viaje-comodamente\/#primaryimage"},"image":{"@id":"https:\/\/tourtravelandmore.com\/es\/tours\/espana-es\/bilbao-es\/traslado-privado-bilbao-evita-colas-y-esperas-viaje-comodamente\/#primaryimage"},"thumbnailUrl":"https:\/\/tourtravelandmore.com\/wp-content\/uploads\/2016\/08\/MercedesTTM.jpg","datePublished":"2017-01-10T11:08:18+00:00","dateModified":"2023-12-29T11:56:01+00:00","description":"Reserve su Traslado Privado Bilbao con Tour Travel & More para un viaje lujoso, c\u00f3modo y personalizado desde y hacia Bilbao y sus alrededores. \u2705","breadcrumb":{"@id":"https:\/\/tourtravelandmore.com\/es\/tours\/espana-es\/bilbao-es\/traslado-privado-bilbao-evita-colas-y-esperas-viaje-comodamente\/#breadcrumb"},"inLanguage":"es","potentialAction":[{"@type":"ReadAction","target":["https:\/\/tourtravelandmore.com\/es\/tours\/espana-es\/bilbao-es\/traslado-privado-bilbao-evita-colas-y-esperas-viaje-comodamente\/"]}]},{"@type":"ImageObject","inLanguage":"es","@id":"https:\/\/tourtravelandmore.com\/es\/tours\/espana-es\/bilbao-es\/traslado-privado-bilbao-evita-colas-y-esperas-viaje-comodamente\/#primaryimage","url":"https:\/\/tourtravelandmore.com\/wp-content\/uploads\/2016\/08\/MercedesTTM.jpg","contentUrl":"https:\/\/tourtravelandmore.com\/wp-content\/uploads\/2016\/08\/MercedesTTM.jpg","width":783,"height":483},{"@type":"BreadcrumbList","@id":"https:\/\/tourtravelandmore.com\/es\/tours\/espana-es\/bilbao-es\/traslado-privado-bilbao-evita-colas-y-esperas-viaje-comodamente\/#breadcrumb","itemListElement":[{"@type":"ListItem","position":1,"name":"Home","item":"https:\/\/tourtravelandmore.com\/es\/"},{"@type":"ListItem","position":2,"name":"Tours","item":"https:\/\/tourtravelandmore.com\/es\/tours\/"},{"@type":"ListItem","position":3,"name":"Traslado Privado desde Bilbao"}]},{"@type":"WebSite","@id":"https:\/\/tourtravelandmore.com\/es\/#website","url":"https:\/\/tourtravelandmore.com\/es\/","name":"Tour Travel And More","description":"Private sightseeing tours and luxury transfers in Spain","publisher":{"@id":"https:\/\/tourtravelandmore.com\/es\/#organization"},"potentialAction":[{"@type":"SearchAction","target":{"@type":"EntryPoint","urlTemplate":"https:\/\/tourtravelandmore.com\/es\/?s={search_term_string}"},"query-input":{"@type":"PropertyValueSpecification","valueRequired":true,"valueName":"search_term_string"}}],"inLanguage":"es"},{"@type":"Organization","@id":"https:\/\/tourtravelandmore.com\/es\/#organization","name":"Tour Travel And More","url":"https:\/\/tourtravelandmore.com\/es\/","logo":{"@type":"ImageObject","inLanguage":"es","@id":"https:\/\/tourtravelandmore.com\/es\/#\/schema\/logo\/image\/","url":"https:\/\/tourtravelandmore.com\/wp-content\/uploads\/2022\/12\/cropped-logo-cabecera-new.png","contentUrl":"https:\/\/tourtravelandmore.com\/wp-content\/uploads\/2022\/12\/cropped-logo-cabecera-new.png","width":430,"height":61,"caption":"Tour Travel And More"},"image":{"@id":"https:\/\/tourtravelandmore.com\/es\/#\/schema\/logo\/image\/"},"sameAs":["https:\/\/www.facebook.com\/tourtravelandmore\/","https:\/\/x.com\/TourTravel_More"]}]}},"_links":{"self":[{"href":"https:\/\/tourtravelandmore.com\/es\/wp-json\/wp\/v2\/product\/9832","targetHints":{"allow":["GET"]}}],"collection":[{"href":"https:\/\/tourtravelandmore.com\/es\/wp-json\/wp\/v2\/product"}],"about":[{"href":"https:\/\/tourtravelandmore.com\/es\/wp-json\/wp\/v2\/types\/product"}],"replies":[{"embeddable":true,"href":"https:\/\/tourtravelandmore.com\/es\/wp-json\/wp\/v2\/comments?post=9832"}],"wp:featuredmedia":[{"embeddable":true,"href":"https:\/\/tourtravelandmore.com\/es\/wp-json\/wp\/v2\/media\/59761"}],"wp:attachment":[{"href":"https:\/\/tourtravelandmore.com\/es\/wp-json\/wp\/v2\/media?parent=9832"}],"wp:term":[{"taxonomy":"product_brand","embeddable":true,"href":"https:\/\/tourtravelandmore.com\/es\/wp-json\/wp\/v2\/product_brand?post=9832"},{"taxonomy":"product_cat","embeddable":true,"href":"https:\/\/tourtravelandmore.com\/es\/wp-json\/wp\/v2\/product_cat?post=9832"},{"taxonomy":"product_tag","embeddable":true,"href":"https:\/\/tourtravelandmore.com\/es\/wp-json\/wp\/v2\/product_tag?post=9832"}],"curies":[{"name":"wp","href":"https:\/\/api.w.org\/{rel}","templated":true}]}}