{"id":979,"date":"2016-03-13T21:08:07","date_gmt":"2016-04-20T17:55:00","guid":{"rendered":"http:\/\/tourtravelandmore.com\/?post_type=product&#038;p=979&#038;lang=es"},"modified":"2025-05-26T10:40:30","modified_gmt":"2025-05-26T08:40:30","slug":"tour-de-triana-sevilla-privado-a-pie-con-guia-oficial","status":"publish","type":"product","link":"https:\/\/tourtravelandmore.com\/es\/tours\/espana-es\/sevilla-es\/tour-de-triana-sevilla-privado-a-pie-con-guia-oficial\/","title":{"rendered":"Tour Privado a pie de Triana"},"content":{"rendered":"<h2><strong>Descripci\u00f3n del Tour Privado a pie de Triana<\/strong><\/h2>\n<p class=\"p1\">Disfrute de este <a href=\"https:\/\/tourtravelandmore.com\/es\/ciudad\/espana-es\/sevilla-es\/\">tour privado en Sevilla<\/a> a pie por <span class=\"s1\"><b>Triana<\/b><\/span> con vuestro <span class=\"s1\"><b>gu\u00eda oficial privado<\/b><\/span> y conozca los lugares m\u00e1s emblem\u00e1ticos de <span class=\"s1\"><b>Triana<\/b><\/span>, uno de los barrios m\u00e1s bonitos de <span class=\"s1\"><b>Sevilla<\/b><\/span>, considerado por <i>Lonely Planet<\/i> en 2019 como una de las ciudades m\u00e1s hermosas del mundo.<\/p>\n<p class=\"p1\">La duraci\u00f3n del tour privado en Sevilla a pie es de 2 horas. Al ser un tour completamente privado, pueden escoger la hora de comienzo.<\/p>\n<p class=\"p1\">El tour comenzar\u00e1 en un sitio c\u00e9ntrico de <span class=\"s1\"><b>Sevilla<\/b><\/span> e ir\u00e9is caminando hacia el <span class=\"s1\"><b>puente de Triana<\/b><\/span>. Es posible coordinar el inicio desde su hotel si \u00e9ste se encuentra en un punto c\u00e9ntrico de <span class=\"s1\"><b>Sevilla<\/b><\/span>.<\/p>\n<h2>Puntos de inter\u00e9s en el Tour Privado a pie de Triana<\/h2>\n<p>Se encontrar\u00e1n, en el punto y horario seleccionado por vosotros, con su gu\u00eda oficial privado e ir\u00e1n caminando hacia el famoso y hermoso <strong>barrio de Triana.<\/strong><\/p>\n<p>Es uno de los barrios m\u00e1s bonitos de <strong>Sevilla,<\/strong> y entre los locales se lo conoce como un barrio con mucha identidad, se lo llama \u00a8 rep\u00fablica independiente de <strong>Triana&#8221;.<\/strong><\/p>\n<p>Para llegar a <strong>Triana<\/strong> hay que cruzar un puente, desde donde podr\u00e1n apreciar las edificaciones de la exposici\u00f3n que se celebr\u00f3 en <strong>1992<\/strong> en <strong>Sevilla,<\/strong> la cual atrajo alrededor de <strong>41 millones<\/strong> de <strong>personas.<\/strong><\/p>\n<p>Una vez en Triana, su gu\u00eda oficial privado os ense\u00f1ar\u00e1 y mostrar\u00e1 los sitios m\u00e1s emblem\u00e1ticos del barrio. Conocer\u00e1n el hermoso <strong>mercado de Triana<\/strong>, situado junto al r\u00edo,<strong> visitar\u00e1n la capilla del Carmen<\/strong> y ver\u00e1n la<strong> estatua del torero Belmonte y otra estatua dedicada al flamenco<\/strong>, entre otros monumentos emblem\u00e1ticos del barrio.<\/p>\n<p>Se perder\u00e1n por las hermosas calles del barrio, mientras su gu\u00eda os ilumina con la historia de Triana.<\/p>\n<p>El tour tiene una duraci\u00f3n de 3 horas desde que se encuentran con el gu\u00eda hasta que este os lleva al sitio donde comenz\u00f3 el tour. Es posible coordinar una duraci\u00f3n mayor o menor del tour, no duden en contactar con nosotros a trav\u00e9s del formulario de contacto.<\/p>\n","protected":false},"excerpt":{"rendered":"<p>Descubre uno de los Barrios m\u00e1s famosos de Sevilla, es cuna de toreros y artistas y atrae a muchos visitantes seducidos por sus bares de tapas, sus vistas al r\u00edo, su t\u00edpico mercado de abastos y sus peque\u00f1os negocios de azulejos sevillanos.<\/p>\n","protected":false},"featured_media":16042,"comment_status":"open","ping_status":"closed","template":"","meta":{"_acf_changed":false},"product_brand":[],"product_cat":[105,108],"product_tag":[],"class_list":{"0":"post-979","1":"product","2":"type-product","3":"status-publish","4":"has-post-thumbnail","6":"product_cat-sevilla-es","7":"product_cat-sevilla-tours-privados-pie-es","9":"first","10":"instock","11":"shipping-taxable","12":"purchasable","13":"product-type-simple"},"acf":[],"yoast_head":"<!-- This site is optimized with the Yoast SEO Premium plugin v25.3.1 (Yoast SEO v25.3.1) - https:\/\/yoast.com\/wordpress\/plugins\/seo\/ -->\n<title>\u27a1\ufe0f Tour por Triana a pie con Gu\u00eda oficial | TTM<\/title>\n<meta name=\"description\" content=\"Gracias a este tour de Triana Sevilla a pie con gu\u00eda oficial privado, descubriras un de los barrios m\u00e1s famosos de la ciudad, es cuna de toreros y artistas \u2705\" \/>\n<meta name=\"robots\" content=\"index, follow, max-snippet:-1, max-image-preview:large, max-video-preview:-1\" \/>\n<link rel=\"canonical\" href=\"https:\/\/tourtravelandmore.com\/es\/tours\/espana-es\/sevilla-es\/tour-de-triana-sevilla-privado-a-pie-con-guia-oficial\/\" \/>\n<meta property=\"og:locale\" content=\"es_ES\" \/>\n<meta property=\"og:type\" content=\"article\" \/>\n<meta property=\"og:title\" content=\"Tour Privado a pie de Triana\" \/>\n<meta property=\"og:description\" content=\"Gracias a este tour de Triana Sevilla a pie con gu\u00eda oficial privado, descubriras un de los barrios m\u00e1s famosos de la ciudad, es cuna de toreros y artistas \u2705\" \/>\n<meta property=\"og:url\" content=\"https:\/\/tourtravelandmore.com\/es\/tours\/espana-es\/sevilla-es\/tour-de-triana-sevilla-privado-a-pie-con-guia-oficial\/\" \/>\n<meta property=\"og:site_name\" content=\"Tour Travel And More\" \/>\n<meta property=\"article:publisher\" content=\"https:\/\/www.facebook.com\/tourtravelandmore\/\" \/>\n<meta property=\"article:modified_time\" content=\"2025-05-26T08:40:30+00:00\" \/>\n<meta property=\"og:image\" content=\"https:\/\/tourtravelandmore.com\/wp-content\/uploads\/2016\/03\/puente-triana.jpg\" \/>\n\t<meta property=\"og:image:width\" content=\"1024\" \/>\n\t<meta property=\"og:image:height\" content=\"683\" \/>\n\t<meta property=\"og:image:type\" content=\"image\/jpeg\" \/>\n<meta name=\"twitter:card\" content=\"summary_large_image\" \/>\n<meta name=\"twitter:site\" content=\"@TourTravel_More\" \/>\n<meta name=\"twitter:label1\" content=\"Tiempo de lectura\" \/>\n\t<meta name=\"twitter:data1\" content=\"2 minutos\" \/>\n<script type=\"application\/ld+json\" class=\"yoast-schema-graph\">{\"@context\":\"https:\/\/schema.org\",\"@graph\":[{\"@type\":\"WebPage\",\"@id\":\"https:\/\/tourtravelandmore.com\/es\/tours\/espana-es\/sevilla-es\/tour-de-triana-sevilla-privado-a-pie-con-guia-oficial\/\",\"url\":\"https:\/\/tourtravelandmore.com\/es\/tours\/espana-es\/sevilla-es\/tour-de-triana-sevilla-privado-a-pie-con-guia-oficial\/\",\"name\":\"\u27a1\ufe0f Tour por Triana a pie con Gu\u00eda oficial | TTM\",\"isPartOf\":{\"@id\":\"https:\/\/tourtravelandmore.com\/es\/#website\"},\"primaryImageOfPage\":{\"@id\":\"https:\/\/tourtravelandmore.com\/es\/tours\/espana-es\/sevilla-es\/tour-de-triana-sevilla-privado-a-pie-con-guia-oficial\/#primaryimage\"},\"image\":{\"@id\":\"https:\/\/tourtravelandmore.com\/es\/tours\/espana-es\/sevilla-es\/tour-de-triana-sevilla-privado-a-pie-con-guia-oficial\/#primaryimage\"},\"thumbnailUrl\":\"https:\/\/tourtravelandmore.com\/wp-content\/uploads\/2016\/03\/puente-triana.jpg\",\"datePublished\":\"2016-04-20T17:55:00+00:00\",\"dateModified\":\"2025-05-26T08:40:30+00:00\",\"description\":\"Gracias a este tour de Triana Sevilla a pie con gu\u00eda oficial privado, descubriras un de los barrios m\u00e1s famosos de la ciudad, es cuna de toreros y artistas \u2705\",\"breadcrumb\":{\"@id\":\"https:\/\/tourtravelandmore.com\/es\/tours\/espana-es\/sevilla-es\/tour-de-triana-sevilla-privado-a-pie-con-guia-oficial\/#breadcrumb\"},\"inLanguage\":\"es\",\"potentialAction\":[{\"@type\":\"ReadAction\",\"target\":[\"https:\/\/tourtravelandmore.com\/es\/tours\/espana-es\/sevilla-es\/tour-de-triana-sevilla-privado-a-pie-con-guia-oficial\/\"]}]},{\"@type\":\"ImageObject\",\"inLanguage\":\"es\",\"@id\":\"https:\/\/tourtravelandmore.com\/es\/tours\/espana-es\/sevilla-es\/tour-de-triana-sevilla-privado-a-pie-con-guia-oficial\/#primaryimage\",\"url\":\"https:\/\/tourtravelandmore.com\/wp-content\/uploads\/2016\/03\/puente-triana.jpg\",\"contentUrl\":\"https:\/\/tourtravelandmore.com\/wp-content\/uploads\/2016\/03\/puente-triana.jpg\",\"width\":1024,\"height\":683},{\"@type\":\"BreadcrumbList\",\"@id\":\"https:\/\/tourtravelandmore.com\/es\/tours\/espana-es\/sevilla-es\/tour-de-triana-sevilla-privado-a-pie-con-guia-oficial\/#breadcrumb\",\"itemListElement\":[{\"@type\":\"ListItem\",\"position\":1,\"name\":\"Home\",\"item\":\"https:\/\/tourtravelandmore.com\/es\/\"},{\"@type\":\"ListItem\",\"position\":2,\"name\":\"Tours\",\"item\":\"https:\/\/tourtravelandmore.com\/es\/tours\/\"},{\"@type\":\"ListItem\",\"position\":3,\"name\":\"Tour Privado a pie de Triana\"}]},{\"@type\":\"WebSite\",\"@id\":\"https:\/\/tourtravelandmore.com\/es\/#website\",\"url\":\"https:\/\/tourtravelandmore.com\/es\/\",\"name\":\"Tour Travel And More\",\"description\":\"Private sightseeing tours and luxury transfers in Spain\",\"publisher\":{\"@id\":\"https:\/\/tourtravelandmore.com\/es\/#organization\"},\"potentialAction\":[{\"@type\":\"SearchAction\",\"target\":{\"@type\":\"EntryPoint\",\"urlTemplate\":\"https:\/\/tourtravelandmore.com\/es\/?s={search_term_string}\"},\"query-input\":{\"@type\":\"PropertyValueSpecification\",\"valueRequired\":true,\"valueName\":\"search_term_string\"}}],\"inLanguage\":\"es\"},{\"@type\":\"Organization\",\"@id\":\"https:\/\/tourtravelandmore.com\/es\/#organization\",\"name\":\"Tour Travel And More\",\"url\":\"https:\/\/tourtravelandmore.com\/es\/\",\"logo\":{\"@type\":\"ImageObject\",\"inLanguage\":\"es\",\"@id\":\"https:\/\/tourtravelandmore.com\/es\/#\/schema\/logo\/image\/\",\"url\":\"https:\/\/tourtravelandmore.com\/wp-content\/uploads\/2022\/12\/cropped-logo-cabecera-new.png\",\"contentUrl\":\"https:\/\/tourtravelandmore.com\/wp-content\/uploads\/2022\/12\/cropped-logo-cabecera-new.png\",\"width\":430,\"height\":61,\"caption\":\"Tour Travel And More\"},\"image\":{\"@id\":\"https:\/\/tourtravelandmore.com\/es\/#\/schema\/logo\/image\/\"},\"sameAs\":[\"https:\/\/www.facebook.com\/tourtravelandmore\/\",\"https:\/\/x.com\/TourTravel_More\"]}]}<\/script>\n<!-- \/ Yoast SEO Premium plugin. -->","yoast_head_json":{"title":"\u27a1\ufe0f Tour por Triana a pie con Gu\u00eda oficial | TTM","description":"Gracias a este tour de Triana Sevilla a pie con gu\u00eda oficial privado, descubriras un de los barrios m\u00e1s famosos de la ciudad, es cuna de toreros y artistas \u2705","robots":{"index":"index","follow":"follow","max-snippet":"max-snippet:-1","max-image-preview":"max-image-preview:large","max-video-preview":"max-video-preview:-1"},"canonical":"https:\/\/tourtravelandmore.com\/es\/tours\/espana-es\/sevilla-es\/tour-de-triana-sevilla-privado-a-pie-con-guia-oficial\/","og_locale":"es_ES","og_type":"article","og_title":"Tour Privado a pie de Triana","og_description":"Gracias a este tour de Triana Sevilla a pie con gu\u00eda oficial privado, descubriras un de los barrios m\u00e1s famosos de la ciudad, es cuna de toreros y artistas \u2705","og_url":"https:\/\/tourtravelandmore.com\/es\/tours\/espana-es\/sevilla-es\/tour-de-triana-sevilla-privado-a-pie-con-guia-oficial\/","og_site_name":"Tour Travel And More","article_publisher":"https:\/\/www.facebook.com\/tourtravelandmore\/","article_modified_time":"2025-05-26T08:40:30+00:00","og_image":[{"width":1024,"height":683,"url":"https:\/\/tourtravelandmore.com\/wp-content\/uploads\/2016\/03\/puente-triana.jpg","type":"image\/jpeg"}],"twitter_card":"summary_large_image","twitter_site":"@TourTravel_More","twitter_misc":{"Tiempo de lectura":"2 minutos"},"schema":{"@context":"https:\/\/schema.org","@graph":[{"@type":"WebPage","@id":"https:\/\/tourtravelandmore.com\/es\/tours\/espana-es\/sevilla-es\/tour-de-triana-sevilla-privado-a-pie-con-guia-oficial\/","url":"https:\/\/tourtravelandmore.com\/es\/tours\/espana-es\/sevilla-es\/tour-de-triana-sevilla-privado-a-pie-con-guia-oficial\/","name":"\u27a1\ufe0f Tour por Triana a pie con Gu\u00eda oficial | TTM","isPartOf":{"@id":"https:\/\/tourtravelandmore.com\/es\/#website"},"primaryImageOfPage":{"@id":"https:\/\/tourtravelandmore.com\/es\/tours\/espana-es\/sevilla-es\/tour-de-triana-sevilla-privado-a-pie-con-guia-oficial\/#primaryimage"},"image":{"@id":"https:\/\/tourtravelandmore.com\/es\/tours\/espana-es\/sevilla-es\/tour-de-triana-sevilla-privado-a-pie-con-guia-oficial\/#primaryimage"},"thumbnailUrl":"https:\/\/tourtravelandmore.com\/wp-content\/uploads\/2016\/03\/puente-triana.jpg","datePublished":"2016-04-20T17:55:00+00:00","dateModified":"2025-05-26T08:40:30+00:00","description":"Gracias a este tour de Triana Sevilla a pie con gu\u00eda oficial privado, descubriras un de los barrios m\u00e1s famosos de la ciudad, es cuna de toreros y artistas \u2705","breadcrumb":{"@id":"https:\/\/tourtravelandmore.com\/es\/tours\/espana-es\/sevilla-es\/tour-de-triana-sevilla-privado-a-pie-con-guia-oficial\/#breadcrumb"},"inLanguage":"es","potentialAction":[{"@type":"ReadAction","target":["https:\/\/tourtravelandmore.com\/es\/tours\/espana-es\/sevilla-es\/tour-de-triana-sevilla-privado-a-pie-con-guia-oficial\/"]}]},{"@type":"ImageObject","inLanguage":"es","@id":"https:\/\/tourtravelandmore.com\/es\/tours\/espana-es\/sevilla-es\/tour-de-triana-sevilla-privado-a-pie-con-guia-oficial\/#primaryimage","url":"https:\/\/tourtravelandmore.com\/wp-content\/uploads\/2016\/03\/puente-triana.jpg","contentUrl":"https:\/\/tourtravelandmore.com\/wp-content\/uploads\/2016\/03\/puente-triana.jpg","width":1024,"height":683},{"@type":"BreadcrumbList","@id":"https:\/\/tourtravelandmore.com\/es\/tours\/espana-es\/sevilla-es\/tour-de-triana-sevilla-privado-a-pie-con-guia-oficial\/#breadcrumb","itemListElement":[{"@type":"ListItem","position":1,"name":"Home","item":"https:\/\/tourtravelandmore.com\/es\/"},{"@type":"ListItem","position":2,"name":"Tours","item":"https:\/\/tourtravelandmore.com\/es\/tours\/"},{"@type":"ListItem","position":3,"name":"Tour Privado a pie de Triana"}]},{"@type":"WebSite","@id":"https:\/\/tourtravelandmore.com\/es\/#website","url":"https:\/\/tourtravelandmore.com\/es\/","name":"Tour Travel And More","description":"Private sightseeing tours and luxury transfers in Spain","publisher":{"@id":"https:\/\/tourtravelandmore.com\/es\/#organization"},"potentialAction":[{"@type":"SearchAction","target":{"@type":"EntryPoint","urlTemplate":"https:\/\/tourtravelandmore.com\/es\/?s={search_term_string}"},"query-input":{"@type":"PropertyValueSpecification","valueRequired":true,"valueName":"search_term_string"}}],"inLanguage":"es"},{"@type":"Organization","@id":"https:\/\/tourtravelandmore.com\/es\/#organization","name":"Tour Travel And More","url":"https:\/\/tourtravelandmore.com\/es\/","logo":{"@type":"ImageObject","inLanguage":"es","@id":"https:\/\/tourtravelandmore.com\/es\/#\/schema\/logo\/image\/","url":"https:\/\/tourtravelandmore.com\/wp-content\/uploads\/2022\/12\/cropped-logo-cabecera-new.png","contentUrl":"https:\/\/tourtravelandmore.com\/wp-content\/uploads\/2022\/12\/cropped-logo-cabecera-new.png","width":430,"height":61,"caption":"Tour Travel And More"},"image":{"@id":"https:\/\/tourtravelandmore.com\/es\/#\/schema\/logo\/image\/"},"sameAs":["https:\/\/www.facebook.com\/tourtravelandmore\/","https:\/\/x.com\/TourTravel_More"]}]}},"_links":{"self":[{"href":"https:\/\/tourtravelandmore.com\/es\/wp-json\/wp\/v2\/product\/979","targetHints":{"allow":["GET"]}}],"collection":[{"href":"https:\/\/tourtravelandmore.com\/es\/wp-json\/wp\/v2\/product"}],"about":[{"href":"https:\/\/tourtravelandmore.com\/es\/wp-json\/wp\/v2\/types\/product"}],"replies":[{"embeddable":true,"href":"https:\/\/tourtravelandmore.com\/es\/wp-json\/wp\/v2\/comments?post=979"}],"wp:featuredmedia":[{"embeddable":true,"href":"https:\/\/tourtravelandmore.com\/es\/wp-json\/wp\/v2\/media\/16042"}],"wp:attachment":[{"href":"https:\/\/tourtravelandmore.com\/es\/wp-json\/wp\/v2\/media?parent=979"}],"wp:term":[{"taxonomy":"product_brand","embeddable":true,"href":"https:\/\/tourtravelandmore.com\/es\/wp-json\/wp\/v2\/product_brand?post=979"},{"taxonomy":"product_cat","embeddable":true,"href":"https:\/\/tourtravelandmore.com\/es\/wp-json\/wp\/v2\/product_cat?post=979"},{"taxonomy":"product_tag","embeddable":true,"href":"https:\/\/tourtravelandmore.com\/es\/wp-json\/wp\/v2\/product_tag?post=979"}],"curies":[{"name":"wp","href":"https:\/\/api.w.org\/{rel}","templated":true}]}}