{"id":9756,"date":"2016-08-29T10:29:08","date_gmt":"2017-01-04T10:46:53","guid":{"rendered":"http:\/\/tourtravelandmore.com\/es\/?post_type=product&#038;p=9756"},"modified":"2024-03-14T19:08:15","modified_gmt":"2024-03-14T18:08:15","slug":"traslado-san-sebastian-transfer-privado-con-vehiculo-de-lujo-con-chofer","status":"publish","type":"product","link":"https:\/\/tourtravelandmore.com\/es\/tours\/espana-es\/san-sebastian-donosti-es\/traslado-san-sebastian-transfer-privado-con-vehiculo-de-lujo-con-chofer\/","title":{"rendered":"Traslado privado IN\/OUT en San Sebasti\u00e1n"},"content":{"rendered":"<h2>Traslado privado IN\/OUT en San Sebasti\u00e1n Descripci\u00f3n<\/h2>\n<p>Agilice su experiencia de viaje con nuestro traslado privado IN\/OUT en San Sebasti\u00e1n. Ya sea que est\u00e9 llegando al aeropuerto, puerto o cualquier otro lugar, d\u00e9jenos hacernos cargo de sus necesidades de transporte y garantizar un viaje c\u00f3modo y sin problemas a su destino final en San Sebasti\u00e1n.<\/p>\n<p>Tour Travel &amp; More ofrece un servicio de traslado de llegada de lujo en San Sebasti\u00e1n para garantizar una experiencia de viaje sin preocupaciones. Nuestro servicio incluye un veh\u00edculo privado con un ch\u00f3fer profesional que le estar\u00e1 esperando para darle la bienvenida en el aeropuerto, estaci\u00f3n de tren o cualquier otro punto de llegada especificado. Desde el momento en que aterrice, nos ocuparemos de todos los detalles para que pueda relajarse y disfrutar de su estancia desde el primer momento.<\/p>\n<p>Rel\u00e1jese y desconecte en la comodidad de nuestros modernos veh\u00edculos, dise\u00f1ados para proporcionarle un tranquilo santuario en medio del ajetreo de los viajes. Tanto si necesita un momento de tranquilidad para ponerse al d\u00eda con el correo electr\u00f3nico, como si simplemente quiere sentarse y disfrutar de las vistas panor\u00e1micas, nuestros espaciosos interiores ofrecen el marco perfecto para relajarse y rejuvenecer.<\/p>\n<h2>Lo m\u00e1s destacado<\/h2>\n<p>Tanto si viaja solo, en familia o en grupo, nuestros espaciosos veh\u00edculos est\u00e1n equipados para satisfacer todas sus necesidades. Damos prioridad a su seguridad, comodidad y satisfacci\u00f3n, haciendo de su viaje a San Sebasti\u00e1n una experiencia agradable y sin estr\u00e9s de principio a fin.<\/p>\n<ul>\n<li><strong>Servicio personalizado<\/strong>: Nuestro equipo est\u00e1 atento a sus necesidades espec\u00edficas y adaptar\u00e1 el servicio a sus preferencias y requisitos.<\/li>\n<li><strong>Veh\u00edculo de Lujo<\/strong>: Disfrute de un traslado en un veh\u00edculo de alta gama que le garantiza comodidad y estilo durante su llegada a San Sebasti\u00e1n.<\/li>\n<li><strong>Chofer Profesional:<\/strong> Un ch\u00f3fer experimentado y profesional le recibir\u00e1 con una sonrisa y le conducir\u00e1 con seguridad a su destino.<\/li>\n<li><strong>Puntualidad:<\/strong> Nos esforzamos por ser puntuales y estar listos para recibirle en el momento exacto de su llegada, para que no pierda tiempo esperando.<\/li>\n<li><strong>Asistencia con el equipaje<\/strong>: Nuestro personal est\u00e1 disponible para ayudarle con su equipaje, asegurando un traslado sin complicaciones.<\/li>\n<li><strong>Atenci\u00f3n al detalle:<\/strong> Desde la limpieza del veh\u00edculo hasta peque\u00f1os extras basados en sus preferencias, nos aseguramos de que cada detalle est\u00e9 cuidado para un traslado perfecto.<\/li>\n<\/ul>\n<p>Experimente lo \u00faltimo en confort, comodidad y servicio personalizado con nuestro traslado privado IN\/OUT en San Sebasti\u00e1n. Tanto si llega a la ciudad por negocios como por placer, d\u00e9jenos quitarle el estr\u00e9s de su viaje y asegurarle una transici\u00f3n perfecta a su destino.<\/p>\n","protected":false},"excerpt":{"rendered":"<p><span style=\"font-weight: 400;\">Experimente un transporte sin problemas con nuestro Traslado Privado Exclusivo San Sebasti\u00e1n. Desde la recogida en el aeropuerto hasta el servicio puerta a puerta, disfrute de asistencia personalizada, opciones para ni\u00f1os y reservas flexibles para un viaje sin estr\u00e9s a su destino en San Sebasti\u00e1n y m\u00e1s all\u00e1.<\/span><\/p>\n","protected":false},"featured_media":59761,"comment_status":"open","ping_status":"closed","template":"","meta":{"_acf_changed":false},"product_brand":[],"product_cat":[190,1455],"product_tag":[],"class_list":{"0":"post-9756","1":"product","2":"type-product","3":"status-publish","4":"has-post-thumbnail","6":"product_cat-san-sebastian-donosti-es","7":"product_cat-bruselas-traslados-es","9":"first","10":"instock","11":"shipping-taxable","12":"purchasable","13":"product-type-simple"},"acf":[],"yoast_head":"<!-- This site is optimized with the Yoast SEO Premium plugin v25.3.1 (Yoast SEO v25.3.1) - https:\/\/yoast.com\/wordpress\/plugins\/seo\/ -->\n<title>\u27a1\ufe0fTraslado privado IN\/OUT en San Sebasti\u00e1n - Tour Travel &amp; More<\/title>\n<meta name=\"description\" content=\"Traslado privado IN\/OUT en San Sebasti\u00e1n. Disfrute de un servicio personalizado, veh\u00edculos espaciosos y un transporte sin complicaciones desde el aeropuerto, puerto o cualquier otro lugar hasta su destino en San Sebasti\u00e1n \u2705\" \/>\n<meta name=\"robots\" content=\"index, follow, max-snippet:-1, max-image-preview:large, max-video-preview:-1\" \/>\n<link rel=\"canonical\" href=\"https:\/\/tourtravelandmore.com\/es\/tours\/espana-es\/san-sebastian-donosti-es\/traslado-san-sebastian-transfer-privado-con-vehiculo-de-lujo-con-chofer\/\" \/>\n<meta property=\"og:locale\" content=\"es_ES\" \/>\n<meta property=\"og:type\" content=\"article\" \/>\n<meta property=\"og:title\" content=\"Traslado privado IN\/OUT en San Sebasti\u00e1n\" \/>\n<meta property=\"og:description\" content=\"Traslado privado IN\/OUT en San Sebasti\u00e1n. Disfrute de un servicio personalizado, veh\u00edculos espaciosos y un transporte sin complicaciones desde el aeropuerto, puerto o cualquier otro lugar hasta su destino en San Sebasti\u00e1n \u2705\" \/>\n<meta property=\"og:url\" content=\"https:\/\/tourtravelandmore.com\/es\/tours\/espana-es\/san-sebastian-donosti-es\/traslado-san-sebastian-transfer-privado-con-vehiculo-de-lujo-con-chofer\/\" \/>\n<meta property=\"og:site_name\" content=\"Tour Travel And More\" \/>\n<meta property=\"article:publisher\" content=\"https:\/\/www.facebook.com\/tourtravelandmore\/\" \/>\n<meta property=\"article:modified_time\" content=\"2024-03-14T18:08:15+00:00\" \/>\n<meta property=\"og:image\" content=\"https:\/\/tourtravelandmore.com\/wp-content\/uploads\/2016\/08\/MercedesTTM.jpg\" \/>\n\t<meta property=\"og:image:width\" content=\"783\" \/>\n\t<meta property=\"og:image:height\" content=\"483\" \/>\n\t<meta property=\"og:image:type\" content=\"image\/jpeg\" \/>\n<meta name=\"twitter:card\" content=\"summary_large_image\" \/>\n<meta name=\"twitter:site\" content=\"@TourTravel_More\" \/>\n<meta name=\"twitter:label1\" content=\"Tiempo de lectura\" \/>\n\t<meta name=\"twitter:data1\" content=\"4 minutos\" \/>\n<script type=\"application\/ld+json\" class=\"yoast-schema-graph\">{\"@context\":\"https:\/\/schema.org\",\"@graph\":[{\"@type\":\"WebPage\",\"@id\":\"https:\/\/tourtravelandmore.com\/es\/tours\/espana-es\/san-sebastian-donosti-es\/traslado-san-sebastian-transfer-privado-con-vehiculo-de-lujo-con-chofer\/\",\"url\":\"https:\/\/tourtravelandmore.com\/es\/tours\/espana-es\/san-sebastian-donosti-es\/traslado-san-sebastian-transfer-privado-con-vehiculo-de-lujo-con-chofer\/\",\"name\":\"\u27a1\ufe0fTraslado privado IN\/OUT en San Sebasti\u00e1n - Tour Travel & More\",\"isPartOf\":{\"@id\":\"https:\/\/tourtravelandmore.com\/es\/#website\"},\"primaryImageOfPage\":{\"@id\":\"https:\/\/tourtravelandmore.com\/es\/tours\/espana-es\/san-sebastian-donosti-es\/traslado-san-sebastian-transfer-privado-con-vehiculo-de-lujo-con-chofer\/#primaryimage\"},\"image\":{\"@id\":\"https:\/\/tourtravelandmore.com\/es\/tours\/espana-es\/san-sebastian-donosti-es\/traslado-san-sebastian-transfer-privado-con-vehiculo-de-lujo-con-chofer\/#primaryimage\"},\"thumbnailUrl\":\"https:\/\/tourtravelandmore.com\/wp-content\/uploads\/2016\/08\/MercedesTTM.jpg\",\"datePublished\":\"2017-01-04T10:46:53+00:00\",\"dateModified\":\"2024-03-14T18:08:15+00:00\",\"description\":\"Traslado privado IN\/OUT en San Sebasti\u00e1n. Disfrute de un servicio personalizado, veh\u00edculos espaciosos y un transporte sin complicaciones desde el aeropuerto, puerto o cualquier otro lugar hasta su destino en San Sebasti\u00e1n \u2705\",\"breadcrumb\":{\"@id\":\"https:\/\/tourtravelandmore.com\/es\/tours\/espana-es\/san-sebastian-donosti-es\/traslado-san-sebastian-transfer-privado-con-vehiculo-de-lujo-con-chofer\/#breadcrumb\"},\"inLanguage\":\"es\",\"potentialAction\":[{\"@type\":\"ReadAction\",\"target\":[\"https:\/\/tourtravelandmore.com\/es\/tours\/espana-es\/san-sebastian-donosti-es\/traslado-san-sebastian-transfer-privado-con-vehiculo-de-lujo-con-chofer\/\"]}]},{\"@type\":\"ImageObject\",\"inLanguage\":\"es\",\"@id\":\"https:\/\/tourtravelandmore.com\/es\/tours\/espana-es\/san-sebastian-donosti-es\/traslado-san-sebastian-transfer-privado-con-vehiculo-de-lujo-con-chofer\/#primaryimage\",\"url\":\"https:\/\/tourtravelandmore.com\/wp-content\/uploads\/2016\/08\/MercedesTTM.jpg\",\"contentUrl\":\"https:\/\/tourtravelandmore.com\/wp-content\/uploads\/2016\/08\/MercedesTTM.jpg\",\"width\":783,\"height\":483},{\"@type\":\"BreadcrumbList\",\"@id\":\"https:\/\/tourtravelandmore.com\/es\/tours\/espana-es\/san-sebastian-donosti-es\/traslado-san-sebastian-transfer-privado-con-vehiculo-de-lujo-con-chofer\/#breadcrumb\",\"itemListElement\":[{\"@type\":\"ListItem\",\"position\":1,\"name\":\"Home\",\"item\":\"https:\/\/tourtravelandmore.com\/es\/\"},{\"@type\":\"ListItem\",\"position\":2,\"name\":\"Tours\",\"item\":\"https:\/\/tourtravelandmore.com\/es\/tours\/\"},{\"@type\":\"ListItem\",\"position\":3,\"name\":\"Traslado privado IN\/OUT en San Sebasti\u00e1n\"}]},{\"@type\":\"WebSite\",\"@id\":\"https:\/\/tourtravelandmore.com\/es\/#website\",\"url\":\"https:\/\/tourtravelandmore.com\/es\/\",\"name\":\"Tour Travel And More\",\"description\":\"Private sightseeing tours and luxury transfers in Spain\",\"publisher\":{\"@id\":\"https:\/\/tourtravelandmore.com\/es\/#organization\"},\"potentialAction\":[{\"@type\":\"SearchAction\",\"target\":{\"@type\":\"EntryPoint\",\"urlTemplate\":\"https:\/\/tourtravelandmore.com\/es\/?s={search_term_string}\"},\"query-input\":{\"@type\":\"PropertyValueSpecification\",\"valueRequired\":true,\"valueName\":\"search_term_string\"}}],\"inLanguage\":\"es\"},{\"@type\":\"Organization\",\"@id\":\"https:\/\/tourtravelandmore.com\/es\/#organization\",\"name\":\"Tour Travel And More\",\"url\":\"https:\/\/tourtravelandmore.com\/es\/\",\"logo\":{\"@type\":\"ImageObject\",\"inLanguage\":\"es\",\"@id\":\"https:\/\/tourtravelandmore.com\/es\/#\/schema\/logo\/image\/\",\"url\":\"https:\/\/tourtravelandmore.com\/wp-content\/uploads\/2022\/12\/cropped-logo-cabecera-new.png\",\"contentUrl\":\"https:\/\/tourtravelandmore.com\/wp-content\/uploads\/2022\/12\/cropped-logo-cabecera-new.png\",\"width\":430,\"height\":61,\"caption\":\"Tour Travel And More\"},\"image\":{\"@id\":\"https:\/\/tourtravelandmore.com\/es\/#\/schema\/logo\/image\/\"},\"sameAs\":[\"https:\/\/www.facebook.com\/tourtravelandmore\/\",\"https:\/\/x.com\/TourTravel_More\"]}]}<\/script>\n<!-- \/ Yoast SEO Premium plugin. -->","yoast_head_json":{"title":"\u27a1\ufe0fTraslado privado IN\/OUT en San Sebasti\u00e1n - Tour Travel & More","description":"Traslado privado IN\/OUT en San Sebasti\u00e1n. Disfrute de un servicio personalizado, veh\u00edculos espaciosos y un transporte sin complicaciones desde el aeropuerto, puerto o cualquier otro lugar hasta su destino en San Sebasti\u00e1n \u2705","robots":{"index":"index","follow":"follow","max-snippet":"max-snippet:-1","max-image-preview":"max-image-preview:large","max-video-preview":"max-video-preview:-1"},"canonical":"https:\/\/tourtravelandmore.com\/es\/tours\/espana-es\/san-sebastian-donosti-es\/traslado-san-sebastian-transfer-privado-con-vehiculo-de-lujo-con-chofer\/","og_locale":"es_ES","og_type":"article","og_title":"Traslado privado IN\/OUT en San Sebasti\u00e1n","og_description":"Traslado privado IN\/OUT en San Sebasti\u00e1n. Disfrute de un servicio personalizado, veh\u00edculos espaciosos y un transporte sin complicaciones desde el aeropuerto, puerto o cualquier otro lugar hasta su destino en San Sebasti\u00e1n \u2705","og_url":"https:\/\/tourtravelandmore.com\/es\/tours\/espana-es\/san-sebastian-donosti-es\/traslado-san-sebastian-transfer-privado-con-vehiculo-de-lujo-con-chofer\/","og_site_name":"Tour Travel And More","article_publisher":"https:\/\/www.facebook.com\/tourtravelandmore\/","article_modified_time":"2024-03-14T18:08:15+00:00","og_image":[{"width":783,"height":483,"url":"https:\/\/tourtravelandmore.com\/wp-content\/uploads\/2016\/08\/MercedesTTM.jpg","type":"image\/jpeg"}],"twitter_card":"summary_large_image","twitter_site":"@TourTravel_More","twitter_misc":{"Tiempo de lectura":"4 minutos"},"schema":{"@context":"https:\/\/schema.org","@graph":[{"@type":"WebPage","@id":"https:\/\/tourtravelandmore.com\/es\/tours\/espana-es\/san-sebastian-donosti-es\/traslado-san-sebastian-transfer-privado-con-vehiculo-de-lujo-con-chofer\/","url":"https:\/\/tourtravelandmore.com\/es\/tours\/espana-es\/san-sebastian-donosti-es\/traslado-san-sebastian-transfer-privado-con-vehiculo-de-lujo-con-chofer\/","name":"\u27a1\ufe0fTraslado privado IN\/OUT en San Sebasti\u00e1n - Tour Travel & More","isPartOf":{"@id":"https:\/\/tourtravelandmore.com\/es\/#website"},"primaryImageOfPage":{"@id":"https:\/\/tourtravelandmore.com\/es\/tours\/espana-es\/san-sebastian-donosti-es\/traslado-san-sebastian-transfer-privado-con-vehiculo-de-lujo-con-chofer\/#primaryimage"},"image":{"@id":"https:\/\/tourtravelandmore.com\/es\/tours\/espana-es\/san-sebastian-donosti-es\/traslado-san-sebastian-transfer-privado-con-vehiculo-de-lujo-con-chofer\/#primaryimage"},"thumbnailUrl":"https:\/\/tourtravelandmore.com\/wp-content\/uploads\/2016\/08\/MercedesTTM.jpg","datePublished":"2017-01-04T10:46:53+00:00","dateModified":"2024-03-14T18:08:15+00:00","description":"Traslado privado IN\/OUT en San Sebasti\u00e1n. Disfrute de un servicio personalizado, veh\u00edculos espaciosos y un transporte sin complicaciones desde el aeropuerto, puerto o cualquier otro lugar hasta su destino en San Sebasti\u00e1n \u2705","breadcrumb":{"@id":"https:\/\/tourtravelandmore.com\/es\/tours\/espana-es\/san-sebastian-donosti-es\/traslado-san-sebastian-transfer-privado-con-vehiculo-de-lujo-con-chofer\/#breadcrumb"},"inLanguage":"es","potentialAction":[{"@type":"ReadAction","target":["https:\/\/tourtravelandmore.com\/es\/tours\/espana-es\/san-sebastian-donosti-es\/traslado-san-sebastian-transfer-privado-con-vehiculo-de-lujo-con-chofer\/"]}]},{"@type":"ImageObject","inLanguage":"es","@id":"https:\/\/tourtravelandmore.com\/es\/tours\/espana-es\/san-sebastian-donosti-es\/traslado-san-sebastian-transfer-privado-con-vehiculo-de-lujo-con-chofer\/#primaryimage","url":"https:\/\/tourtravelandmore.com\/wp-content\/uploads\/2016\/08\/MercedesTTM.jpg","contentUrl":"https:\/\/tourtravelandmore.com\/wp-content\/uploads\/2016\/08\/MercedesTTM.jpg","width":783,"height":483},{"@type":"BreadcrumbList","@id":"https:\/\/tourtravelandmore.com\/es\/tours\/espana-es\/san-sebastian-donosti-es\/traslado-san-sebastian-transfer-privado-con-vehiculo-de-lujo-con-chofer\/#breadcrumb","itemListElement":[{"@type":"ListItem","position":1,"name":"Home","item":"https:\/\/tourtravelandmore.com\/es\/"},{"@type":"ListItem","position":2,"name":"Tours","item":"https:\/\/tourtravelandmore.com\/es\/tours\/"},{"@type":"ListItem","position":3,"name":"Traslado privado IN\/OUT en San Sebasti\u00e1n"}]},{"@type":"WebSite","@id":"https:\/\/tourtravelandmore.com\/es\/#website","url":"https:\/\/tourtravelandmore.com\/es\/","name":"Tour Travel And More","description":"Private sightseeing tours and luxury transfers in Spain","publisher":{"@id":"https:\/\/tourtravelandmore.com\/es\/#organization"},"potentialAction":[{"@type":"SearchAction","target":{"@type":"EntryPoint","urlTemplate":"https:\/\/tourtravelandmore.com\/es\/?s={search_term_string}"},"query-input":{"@type":"PropertyValueSpecification","valueRequired":true,"valueName":"search_term_string"}}],"inLanguage":"es"},{"@type":"Organization","@id":"https:\/\/tourtravelandmore.com\/es\/#organization","name":"Tour Travel And More","url":"https:\/\/tourtravelandmore.com\/es\/","logo":{"@type":"ImageObject","inLanguage":"es","@id":"https:\/\/tourtravelandmore.com\/es\/#\/schema\/logo\/image\/","url":"https:\/\/tourtravelandmore.com\/wp-content\/uploads\/2022\/12\/cropped-logo-cabecera-new.png","contentUrl":"https:\/\/tourtravelandmore.com\/wp-content\/uploads\/2022\/12\/cropped-logo-cabecera-new.png","width":430,"height":61,"caption":"Tour Travel And More"},"image":{"@id":"https:\/\/tourtravelandmore.com\/es\/#\/schema\/logo\/image\/"},"sameAs":["https:\/\/www.facebook.com\/tourtravelandmore\/","https:\/\/x.com\/TourTravel_More"]}]}},"_links":{"self":[{"href":"https:\/\/tourtravelandmore.com\/es\/wp-json\/wp\/v2\/product\/9756","targetHints":{"allow":["GET"]}}],"collection":[{"href":"https:\/\/tourtravelandmore.com\/es\/wp-json\/wp\/v2\/product"}],"about":[{"href":"https:\/\/tourtravelandmore.com\/es\/wp-json\/wp\/v2\/types\/product"}],"replies":[{"embeddable":true,"href":"https:\/\/tourtravelandmore.com\/es\/wp-json\/wp\/v2\/comments?post=9756"}],"wp:featuredmedia":[{"embeddable":true,"href":"https:\/\/tourtravelandmore.com\/es\/wp-json\/wp\/v2\/media\/59761"}],"wp:attachment":[{"href":"https:\/\/tourtravelandmore.com\/es\/wp-json\/wp\/v2\/media?parent=9756"}],"wp:term":[{"taxonomy":"product_brand","embeddable":true,"href":"https:\/\/tourtravelandmore.com\/es\/wp-json\/wp\/v2\/product_brand?post=9756"},{"taxonomy":"product_cat","embeddable":true,"href":"https:\/\/tourtravelandmore.com\/es\/wp-json\/wp\/v2\/product_cat?post=9756"},{"taxonomy":"product_tag","embeddable":true,"href":"https:\/\/tourtravelandmore.com\/es\/wp-json\/wp\/v2\/product_tag?post=9756"}],"curies":[{"name":"wp","href":"https:\/\/api.w.org\/{rel}","templated":true}]}}