{"id":9690,"date":"2016-08-26T11:54:31","date_gmt":"2016-12-30T10:04:40","guid":{"rendered":"http:\/\/tourtravelandmore.com\/es\/?post_type=product&#038;p=9690"},"modified":"2025-06-11T10:37:53","modified_gmt":"2025-06-11T08:37:53","slug":"tour-a-malaga-desde-sevilla-tour-privado-con-guia-y-vehiculo","status":"publish","type":"product","link":"https:\/\/tourtravelandmore.com\/es\/tours\/espana-es\/sevilla-es\/tour-a-malaga-desde-sevilla-tour-privado-con-guia-y-vehiculo\/","title":{"rendered":"Tour Privado de Malaga desde Sevilla"},"content":{"rendered":"<h2><b>Descripci\u00f3n del Tour Privado de M\u00e1laga desde Sevilla<\/b><\/h2>\n<p class=\"p3\">Disfruta de un <span class=\"s2\"><b>tour a M\u00e1laga desde Sevilla<\/b><\/span> con <span class=\"s2\"><b>gu\u00eda oficial<\/b><\/span> y <span class=\"s2\"><b>veh\u00edculo privado con conductor<\/b><\/span>. Una experiencia exclusiva para descubrir la ciudad de M\u00e1laga y la <span class=\"s2\"><b>Costa del Sol<\/b><\/span> en un recorrido de d\u00eda completo.<\/p>\n<p class=\"p3\">La duraci\u00f3n total del tour es de <span class=\"s2\"><b>12 horas<\/b><\/span>, y al ser <span class=\"s2\"><b>completamente privado<\/b><\/span>, podr\u00e9is elegir tanto la <span class=\"s2\"><b>hora<\/b><\/span> como el <span class=\"s2\"><b>lugar de recogida<\/b><\/span> que m\u00e1s os convenga.<\/p>\n<p class=\"p3\">Nuestro conductor os recoger\u00e1 en el <span class=\"s2\"><b>hotel o punto acordado<\/b><\/span>, y os llevar\u00e1 c\u00f3modamente hasta M\u00e1laga, donde os estar\u00e1 esperando un <span class=\"s2\"><b>gu\u00eda oficial privado<\/b><\/span> para realizar un recorrido de <span class=\"s2\"><b>3 horas por la ciudad<\/b><\/span>. Durante el tour, tendr\u00e9is la oportunidad de hacer una pausa para comer en un <span class=\"s2\"><b>restaurante t\u00edpico local<\/b><\/span> y disfrutar de la gastronom\u00eda malague\u00f1a.<\/p>\n<p class=\"p3\">Si busc\u00e1is una experiencia exclusiva y personalizada desde el inicio, este <a href=\"https:\/\/tourtravelandmore.com\/es\/ciudad\/espana-es\/sevilla-es\/\">tour privado en Sevilla<\/a> es la opci\u00f3n ideal para descubrir M\u00e1laga con comodidad y sin preocupaciones.<\/p>\n<h2>Puntos de inter\u00e9s en el Tour Privado de Malaga desde Sevilla<\/h2>\n<p>Lo recogeremos en su hotel o punto de selecci\u00f3n personal en <strong>Sevilla,<\/strong> en un veh\u00edculo de lujo privado, y lo llevaremos a <strong>M\u00e1laga,<\/strong> donde disfrutar\u00e1 de un tour con un gu\u00eda oficial privado durante 3 horas, quien le ense\u00f1ar\u00e1 los sitios m\u00e1s emblem\u00e1ticos de esta magn\u00edfica ciudad del sur de <strong>Espa\u00f1a.<\/strong><\/p>\n<p>Durante vuestro tour privado, podr\u00e9is ver, entre otros monumentos, los siguientes:<\/p>\n<ul>\n<li><strong>La Alcazaba<\/strong><\/li>\n<li><strong>Plaza de la Merced<\/strong><\/li>\n<li><strong>Teatro Romano<\/strong><\/li>\n<li><strong>Catedral de M\u00e1laga<\/strong><\/li>\n<li><strong>Castillo de Gibralfaro<\/strong><\/li>\n<li><strong>Iglesia San Juan<\/strong><\/li>\n<li><strong>\u00a1Mucho m\u00e1s!<\/strong><\/li>\n<\/ul>\n<p>Podr\u00e9is disfrutar de M\u00e1laga en todo su esplendor y conocer\u00e9is lo m\u00e1s emblem\u00e1tico de la ciudad.<\/p>\n<p>Podemos gestionar sus entradas si desean ingresar a alg\u00fan otro monumento en\u00a0<b>M\u00e1laga,<\/b> solamente lo tienen que indicar en el formulario de contacto y nuestro equipo le contestar\u00e1 con la informaci\u00f3n detallada. Por ejemplo, podemos entrar a la <strong>Catedral, Museo Picasso<\/strong> o <strong>Museo Thyssen.<\/strong><\/p>\n<p>Es posible ajustar la duraci\u00f3n del tour de acuerdo a sus intereses, si desea un tour m\u00e1s largo o m\u00e1s corto, solo tiene que contactar con nosotros. En Tour Travel and More trabajamos para ofrecerle un servicio 100\u202f% personalizado.<\/p>\n<p>&nbsp;<\/p>\n","protected":false},"excerpt":{"rendered":"<p>Descubre la ciudad de M\u00e1laga, gracias a este tour privado con Guia oficial y Vehiculo desde Sevilla. Conocer\u00e1s la histor\u00eda y los principales monumentos: <strong>La Alcazaba, Plaza de la Merced, Teatro Romano, Catedral de M\u00e1laga, Castillo de Gibralfaro y mucho m\u00e1s!!<\/strong><\/p>\n<p>&nbsp;<\/p>\n","protected":false},"featured_media":16069,"comment_status":"open","ping_status":"closed","template":"","meta":{"_acf_changed":false},"product_brand":[],"product_cat":[105,106],"product_tag":[],"class_list":{"0":"post-9690","1":"product","2":"type-product","3":"status-publish","4":"has-post-thumbnail","6":"product_cat-sevilla-es","7":"product_cat-sevilla-excursiones-es","9":"first","10":"instock","11":"shipping-taxable","12":"purchasable","13":"product-type-simple"},"acf":[],"yoast_head":"<!-- This site is optimized with the Yoast SEO Premium plugin v25.3.1 (Yoast SEO v25.3.1) - https:\/\/yoast.com\/wordpress\/plugins\/seo\/ -->\n<title>\u27a1\ufe0f Tour a Malaga desde Sevilla | Tour Travel &amp; More<\/title>\n<meta name=\"description\" content=\"Disfruta de este Tour a Malaga desde Sevilla con Guia y vehiculo privado. Descubre la ciudad de M\u00e1laga y la Costa del Sol junto a su gu\u00eda oficial \u2705\" \/>\n<meta name=\"robots\" content=\"index, follow, max-snippet:-1, max-image-preview:large, max-video-preview:-1\" \/>\n<link rel=\"canonical\" href=\"https:\/\/tourtravelandmore.com\/es\/tours\/espana-es\/sevilla-es\/tour-a-malaga-desde-sevilla-tour-privado-con-guia-y-vehiculo\/\" \/>\n<meta property=\"og:locale\" content=\"es_ES\" \/>\n<meta property=\"og:type\" content=\"article\" \/>\n<meta property=\"og:title\" content=\"Tour Privado de Malaga desde Sevilla\" \/>\n<meta property=\"og:description\" content=\"Disfruta de este Tour a Malaga desde Sevilla con Guia y vehiculo privado. Descubre la ciudad de M\u00e1laga y la Costa del Sol junto a su gu\u00eda oficial \u2705\" \/>\n<meta property=\"og:url\" content=\"https:\/\/tourtravelandmore.com\/es\/tours\/espana-es\/sevilla-es\/tour-a-malaga-desde-sevilla-tour-privado-con-guia-y-vehiculo\/\" \/>\n<meta property=\"og:site_name\" content=\"Tour Travel And More\" \/>\n<meta property=\"article:publisher\" content=\"https:\/\/www.facebook.com\/tourtravelandmore\/\" \/>\n<meta property=\"article:modified_time\" content=\"2025-06-11T08:37:53+00:00\" \/>\n<meta property=\"og:image\" content=\"https:\/\/tourtravelandmore.com\/wp-content\/uploads\/2016\/08\/malaga.jpg\" \/>\n\t<meta property=\"og:image:width\" content=\"580\" \/>\n\t<meta property=\"og:image:height\" content=\"362\" \/>\n\t<meta property=\"og:image:type\" content=\"image\/jpeg\" \/>\n<meta name=\"twitter:card\" content=\"summary_large_image\" \/>\n<meta name=\"twitter:site\" content=\"@TourTravel_More\" \/>\n<meta name=\"twitter:label1\" content=\"Tiempo de lectura\" \/>\n\t<meta name=\"twitter:data1\" content=\"2 minutos\" \/>\n<script type=\"application\/ld+json\" class=\"yoast-schema-graph\">{\"@context\":\"https:\/\/schema.org\",\"@graph\":[{\"@type\":\"WebPage\",\"@id\":\"https:\/\/tourtravelandmore.com\/es\/tours\/espana-es\/sevilla-es\/tour-a-malaga-desde-sevilla-tour-privado-con-guia-y-vehiculo\/\",\"url\":\"https:\/\/tourtravelandmore.com\/es\/tours\/espana-es\/sevilla-es\/tour-a-malaga-desde-sevilla-tour-privado-con-guia-y-vehiculo\/\",\"name\":\"\u27a1\ufe0f Tour a Malaga desde Sevilla | Tour Travel & More\",\"isPartOf\":{\"@id\":\"https:\/\/tourtravelandmore.com\/es\/#website\"},\"primaryImageOfPage\":{\"@id\":\"https:\/\/tourtravelandmore.com\/es\/tours\/espana-es\/sevilla-es\/tour-a-malaga-desde-sevilla-tour-privado-con-guia-y-vehiculo\/#primaryimage\"},\"image\":{\"@id\":\"https:\/\/tourtravelandmore.com\/es\/tours\/espana-es\/sevilla-es\/tour-a-malaga-desde-sevilla-tour-privado-con-guia-y-vehiculo\/#primaryimage\"},\"thumbnailUrl\":\"https:\/\/tourtravelandmore.com\/wp-content\/uploads\/2016\/08\/malaga.jpg\",\"datePublished\":\"2016-12-30T10:04:40+00:00\",\"dateModified\":\"2025-06-11T08:37:53+00:00\",\"description\":\"Disfruta de este Tour a Malaga desde Sevilla con Guia y vehiculo privado. Descubre la ciudad de M\u00e1laga y la Costa del Sol junto a su gu\u00eda oficial \u2705\",\"breadcrumb\":{\"@id\":\"https:\/\/tourtravelandmore.com\/es\/tours\/espana-es\/sevilla-es\/tour-a-malaga-desde-sevilla-tour-privado-con-guia-y-vehiculo\/#breadcrumb\"},\"inLanguage\":\"es\",\"potentialAction\":[{\"@type\":\"ReadAction\",\"target\":[\"https:\/\/tourtravelandmore.com\/es\/tours\/espana-es\/sevilla-es\/tour-a-malaga-desde-sevilla-tour-privado-con-guia-y-vehiculo\/\"]}]},{\"@type\":\"ImageObject\",\"inLanguage\":\"es\",\"@id\":\"https:\/\/tourtravelandmore.com\/es\/tours\/espana-es\/sevilla-es\/tour-a-malaga-desde-sevilla-tour-privado-con-guia-y-vehiculo\/#primaryimage\",\"url\":\"https:\/\/tourtravelandmore.com\/wp-content\/uploads\/2016\/08\/malaga.jpg\",\"contentUrl\":\"https:\/\/tourtravelandmore.com\/wp-content\/uploads\/2016\/08\/malaga.jpg\",\"width\":580,\"height\":362},{\"@type\":\"BreadcrumbList\",\"@id\":\"https:\/\/tourtravelandmore.com\/es\/tours\/espana-es\/sevilla-es\/tour-a-malaga-desde-sevilla-tour-privado-con-guia-y-vehiculo\/#breadcrumb\",\"itemListElement\":[{\"@type\":\"ListItem\",\"position\":1,\"name\":\"Home\",\"item\":\"https:\/\/tourtravelandmore.com\/es\/\"},{\"@type\":\"ListItem\",\"position\":2,\"name\":\"Tours\",\"item\":\"https:\/\/tourtravelandmore.com\/es\/tours\/\"},{\"@type\":\"ListItem\",\"position\":3,\"name\":\"Tour Privado de Malaga desde Sevilla\"}]},{\"@type\":\"WebSite\",\"@id\":\"https:\/\/tourtravelandmore.com\/es\/#website\",\"url\":\"https:\/\/tourtravelandmore.com\/es\/\",\"name\":\"Tour Travel And More\",\"description\":\"Private sightseeing tours and luxury transfers in Spain\",\"publisher\":{\"@id\":\"https:\/\/tourtravelandmore.com\/es\/#organization\"},\"potentialAction\":[{\"@type\":\"SearchAction\",\"target\":{\"@type\":\"EntryPoint\",\"urlTemplate\":\"https:\/\/tourtravelandmore.com\/es\/?s={search_term_string}\"},\"query-input\":{\"@type\":\"PropertyValueSpecification\",\"valueRequired\":true,\"valueName\":\"search_term_string\"}}],\"inLanguage\":\"es\"},{\"@type\":\"Organization\",\"@id\":\"https:\/\/tourtravelandmore.com\/es\/#organization\",\"name\":\"Tour Travel And More\",\"url\":\"https:\/\/tourtravelandmore.com\/es\/\",\"logo\":{\"@type\":\"ImageObject\",\"inLanguage\":\"es\",\"@id\":\"https:\/\/tourtravelandmore.com\/es\/#\/schema\/logo\/image\/\",\"url\":\"https:\/\/tourtravelandmore.com\/wp-content\/uploads\/2022\/12\/cropped-logo-cabecera-new.png\",\"contentUrl\":\"https:\/\/tourtravelandmore.com\/wp-content\/uploads\/2022\/12\/cropped-logo-cabecera-new.png\",\"width\":430,\"height\":61,\"caption\":\"Tour Travel And More\"},\"image\":{\"@id\":\"https:\/\/tourtravelandmore.com\/es\/#\/schema\/logo\/image\/\"},\"sameAs\":[\"https:\/\/www.facebook.com\/tourtravelandmore\/\",\"https:\/\/x.com\/TourTravel_More\"]}]}<\/script>\n<!-- \/ Yoast SEO Premium plugin. -->","yoast_head_json":{"title":"\u27a1\ufe0f Tour a Malaga desde Sevilla | Tour Travel & More","description":"Disfruta de este Tour a Malaga desde Sevilla con Guia y vehiculo privado. Descubre la ciudad de M\u00e1laga y la Costa del Sol junto a su gu\u00eda oficial \u2705","robots":{"index":"index","follow":"follow","max-snippet":"max-snippet:-1","max-image-preview":"max-image-preview:large","max-video-preview":"max-video-preview:-1"},"canonical":"https:\/\/tourtravelandmore.com\/es\/tours\/espana-es\/sevilla-es\/tour-a-malaga-desde-sevilla-tour-privado-con-guia-y-vehiculo\/","og_locale":"es_ES","og_type":"article","og_title":"Tour Privado de Malaga desde Sevilla","og_description":"Disfruta de este Tour a Malaga desde Sevilla con Guia y vehiculo privado. Descubre la ciudad de M\u00e1laga y la Costa del Sol junto a su gu\u00eda oficial \u2705","og_url":"https:\/\/tourtravelandmore.com\/es\/tours\/espana-es\/sevilla-es\/tour-a-malaga-desde-sevilla-tour-privado-con-guia-y-vehiculo\/","og_site_name":"Tour Travel And More","article_publisher":"https:\/\/www.facebook.com\/tourtravelandmore\/","article_modified_time":"2025-06-11T08:37:53+00:00","og_image":[{"width":580,"height":362,"url":"https:\/\/tourtravelandmore.com\/wp-content\/uploads\/2016\/08\/malaga.jpg","type":"image\/jpeg"}],"twitter_card":"summary_large_image","twitter_site":"@TourTravel_More","twitter_misc":{"Tiempo de lectura":"2 minutos"},"schema":{"@context":"https:\/\/schema.org","@graph":[{"@type":"WebPage","@id":"https:\/\/tourtravelandmore.com\/es\/tours\/espana-es\/sevilla-es\/tour-a-malaga-desde-sevilla-tour-privado-con-guia-y-vehiculo\/","url":"https:\/\/tourtravelandmore.com\/es\/tours\/espana-es\/sevilla-es\/tour-a-malaga-desde-sevilla-tour-privado-con-guia-y-vehiculo\/","name":"\u27a1\ufe0f Tour a Malaga desde Sevilla | Tour Travel & More","isPartOf":{"@id":"https:\/\/tourtravelandmore.com\/es\/#website"},"primaryImageOfPage":{"@id":"https:\/\/tourtravelandmore.com\/es\/tours\/espana-es\/sevilla-es\/tour-a-malaga-desde-sevilla-tour-privado-con-guia-y-vehiculo\/#primaryimage"},"image":{"@id":"https:\/\/tourtravelandmore.com\/es\/tours\/espana-es\/sevilla-es\/tour-a-malaga-desde-sevilla-tour-privado-con-guia-y-vehiculo\/#primaryimage"},"thumbnailUrl":"https:\/\/tourtravelandmore.com\/wp-content\/uploads\/2016\/08\/malaga.jpg","datePublished":"2016-12-30T10:04:40+00:00","dateModified":"2025-06-11T08:37:53+00:00","description":"Disfruta de este Tour a Malaga desde Sevilla con Guia y vehiculo privado. Descubre la ciudad de M\u00e1laga y la Costa del Sol junto a su gu\u00eda oficial \u2705","breadcrumb":{"@id":"https:\/\/tourtravelandmore.com\/es\/tours\/espana-es\/sevilla-es\/tour-a-malaga-desde-sevilla-tour-privado-con-guia-y-vehiculo\/#breadcrumb"},"inLanguage":"es","potentialAction":[{"@type":"ReadAction","target":["https:\/\/tourtravelandmore.com\/es\/tours\/espana-es\/sevilla-es\/tour-a-malaga-desde-sevilla-tour-privado-con-guia-y-vehiculo\/"]}]},{"@type":"ImageObject","inLanguage":"es","@id":"https:\/\/tourtravelandmore.com\/es\/tours\/espana-es\/sevilla-es\/tour-a-malaga-desde-sevilla-tour-privado-con-guia-y-vehiculo\/#primaryimage","url":"https:\/\/tourtravelandmore.com\/wp-content\/uploads\/2016\/08\/malaga.jpg","contentUrl":"https:\/\/tourtravelandmore.com\/wp-content\/uploads\/2016\/08\/malaga.jpg","width":580,"height":362},{"@type":"BreadcrumbList","@id":"https:\/\/tourtravelandmore.com\/es\/tours\/espana-es\/sevilla-es\/tour-a-malaga-desde-sevilla-tour-privado-con-guia-y-vehiculo\/#breadcrumb","itemListElement":[{"@type":"ListItem","position":1,"name":"Home","item":"https:\/\/tourtravelandmore.com\/es\/"},{"@type":"ListItem","position":2,"name":"Tours","item":"https:\/\/tourtravelandmore.com\/es\/tours\/"},{"@type":"ListItem","position":3,"name":"Tour Privado de Malaga desde Sevilla"}]},{"@type":"WebSite","@id":"https:\/\/tourtravelandmore.com\/es\/#website","url":"https:\/\/tourtravelandmore.com\/es\/","name":"Tour Travel And More","description":"Private sightseeing tours and luxury transfers in Spain","publisher":{"@id":"https:\/\/tourtravelandmore.com\/es\/#organization"},"potentialAction":[{"@type":"SearchAction","target":{"@type":"EntryPoint","urlTemplate":"https:\/\/tourtravelandmore.com\/es\/?s={search_term_string}"},"query-input":{"@type":"PropertyValueSpecification","valueRequired":true,"valueName":"search_term_string"}}],"inLanguage":"es"},{"@type":"Organization","@id":"https:\/\/tourtravelandmore.com\/es\/#organization","name":"Tour Travel And More","url":"https:\/\/tourtravelandmore.com\/es\/","logo":{"@type":"ImageObject","inLanguage":"es","@id":"https:\/\/tourtravelandmore.com\/es\/#\/schema\/logo\/image\/","url":"https:\/\/tourtravelandmore.com\/wp-content\/uploads\/2022\/12\/cropped-logo-cabecera-new.png","contentUrl":"https:\/\/tourtravelandmore.com\/wp-content\/uploads\/2022\/12\/cropped-logo-cabecera-new.png","width":430,"height":61,"caption":"Tour Travel And More"},"image":{"@id":"https:\/\/tourtravelandmore.com\/es\/#\/schema\/logo\/image\/"},"sameAs":["https:\/\/www.facebook.com\/tourtravelandmore\/","https:\/\/x.com\/TourTravel_More"]}]}},"_links":{"self":[{"href":"https:\/\/tourtravelandmore.com\/es\/wp-json\/wp\/v2\/product\/9690","targetHints":{"allow":["GET"]}}],"collection":[{"href":"https:\/\/tourtravelandmore.com\/es\/wp-json\/wp\/v2\/product"}],"about":[{"href":"https:\/\/tourtravelandmore.com\/es\/wp-json\/wp\/v2\/types\/product"}],"replies":[{"embeddable":true,"href":"https:\/\/tourtravelandmore.com\/es\/wp-json\/wp\/v2\/comments?post=9690"}],"wp:featuredmedia":[{"embeddable":true,"href":"https:\/\/tourtravelandmore.com\/es\/wp-json\/wp\/v2\/media\/16069"}],"wp:attachment":[{"href":"https:\/\/tourtravelandmore.com\/es\/wp-json\/wp\/v2\/media?parent=9690"}],"wp:term":[{"taxonomy":"product_brand","embeddable":true,"href":"https:\/\/tourtravelandmore.com\/es\/wp-json\/wp\/v2\/product_brand?post=9690"},{"taxonomy":"product_cat","embeddable":true,"href":"https:\/\/tourtravelandmore.com\/es\/wp-json\/wp\/v2\/product_cat?post=9690"},{"taxonomy":"product_tag","embeddable":true,"href":"https:\/\/tourtravelandmore.com\/es\/wp-json\/wp\/v2\/product_tag?post=9690"}],"curies":[{"name":"wp","href":"https:\/\/api.w.org\/{rel}","templated":true}]}}