{"id":9685,"date":"2016-08-26T10:42:11","date_gmt":"2016-12-30T09:57:12","guid":{"rendered":"http:\/\/tourtravelandmore.com\/es\/?post_type=product&#038;p=9685"},"modified":"2025-06-11T10:39:48","modified_gmt":"2025-06-11T08:39:48","slug":"tour-privado-de-granada-desde-sevilla-tour-privado-alhambra","status":"publish","type":"product","link":"https:\/\/tourtravelandmore.com\/es\/tours\/espana-es\/sevilla-es\/tour-privado-de-granada-desde-sevilla-tour-privado-alhambra\/","title":{"rendered":"Tour Privado de Granada desde Sevilla (Incluye la Alhambra)"},"content":{"rendered":"<h2><b>Descripci\u00f3n del Tour Privado de Granada desde Sevilla (Incluye la Alhambra)<\/b><\/h2>\n<p class=\"p3\">Descubre <span class=\"s2\"><b>Granada<\/b><\/span> y la majestuosa <span class=\"s2\"><b>Alhambra<\/b><\/span>, uno de los monumentos m\u00e1s visitados del mundo, gracias a este completo <span class=\"s2\"><b>tour a Granada desde Sevilla<\/b><\/span>.<\/p>\n<p class=\"p3\">La duraci\u00f3n del tour es de <span class=\"s2\"><b>10 horas<\/b><\/span>. Nuestro conductor os recoger\u00e1 en el lugar indicado en <span class=\"s2\"><b>Sevilla<\/b><\/span> y os llevar\u00e1 directamente a la <span class=\"s2\"><b>Alhambra<\/b><\/span>, donde os esperar\u00e1 un <span class=\"s2\"><b>gu\u00eda oficial privado<\/b><\/span> para realizar una visita guiada de <span class=\"s2\"><b>3 horas<\/b><\/span> por el recinto. Este tour incluye la entrada sin colas, con acceso reservado a los <span class=\"s2\"><b>Palacios Nazar\u00edes<\/b><\/span>, los <span class=\"s2\"><b>Jardines del Generalife<\/b><\/span> y la <span class=\"s2\"><b>Alcazaba<\/b><\/span>.<\/p>\n<p class=\"p3\">Al finalizar la visita, el gu\u00eda os acompa\u00f1ar\u00e1 de nuevo al veh\u00edculo para continuar hacia el <span class=\"s2\"><b>centro de Granada<\/b><\/span>, donde podr\u00e9is disfrutar de <span class=\"s2\"><b>tiempo libre para comer, pasear<\/b><\/span> o simplemente relajaros antes de regresar a Sevilla.<\/p>\n<p class=\"p3\">Este <a href=\"https:\/\/tourtravelandmore.com\/es\/ciudad\/espana-es\/sevilla-es\/\">tour privado en Sevilla<\/a> es completamente personalizado: puedes elegir la <span class=\"s2\"><b>hora de salida<\/b><\/span> y el <span class=\"s2\"><b>punto de recogida<\/b><\/span> que mejor se adapte a tus necesidades.<\/p>\n<p class=\"p3\">\u26a0\ufe0f <span class=\"s2\"><b>Importante<\/b><\/span>: La disponibilidad de entradas a la Alhambra es muy limitada. Recomendamos confirmar la reserva <span class=\"s2\"><b>lo antes posible<\/b><\/span> para garantizar el acceso al monumento.<\/p>\n<h2>Puntos de inter\u00e9s en el Tour Privado de Granada desde Sevilla (Incluye la Alhambra)<\/h2>\n<p><strong>La Alhambra:<\/strong><\/p>\n<ul>\n<li><strong>Alcazaba <\/strong>(zona militar del recinto)<\/li>\n<li><strong>Palacios Nazar\u00edes:<\/strong>\n<ul>\n<li>Mexuar: Sala, Oratorio, Cuarto Dorado y Patio.<\/li>\n<li>Palacio de Comares: Patio de los Arrayanes, Sala de la Barca, Sal\u00f3n de Embajadores.<\/li>\n<li>Palacio de los Leones: Sala de Moc\u00e1rabes, Patio, Sala de los Abencerrajes, Sala de los Reyes, Sala de Dos Hermanas, Habitaciones del Emperador, Mirador, Patio de la Reja, Jard\u00edn de Lindarja.<\/li>\n<li>El Partal: P\u00f3rtico del Palacio, Jardines y paseos, Rauda, Palacio de Yusuf III, Paseo de las Torres.<\/li>\n<\/ul>\n<\/li>\n<li><strong>El Generalife:<\/strong> En esta zona se encuentra: Jardines Nuevos, Patio de Descabalgamiento, Patio de Acceso, Patio de la Acequia, Patio de la Sultana, Jardines Altos, Paseo de las Adelfas.<\/li>\n<\/ul>\n<p>Una vez finalizado el tour de la Alhambra, bajaremos a la ciudad junto a nuestro conductor privado, que os dejar\u00e1 en el centro de la ciudad, para que pod\u00e1is recorrer las calles m\u00e1s importantes, visitar la Catedral, el Alcazar y comer en un lugar t\u00edpico.<\/p>\n","protected":false},"excerpt":{"rendered":"<p>Descubre la ciudad de Granada desde Sevilla\u00a0 y uno de los monumentos m\u00e1s importantes del mundo, la Alhambra. Visita los Jardines y Palacios y descubre la ciudad de Granada, junto a nuestro gu\u00eda oficial.<\/p>\n","protected":false},"featured_media":644,"comment_status":"open","ping_status":"closed","template":"","meta":{"_acf_changed":false},"product_brand":[],"product_cat":[105,106],"product_tag":[],"class_list":{"0":"post-9685","1":"product","2":"type-product","3":"status-publish","4":"has-post-thumbnail","6":"product_cat-sevilla-es","7":"product_cat-sevilla-excursiones-es","9":"first","10":"instock","11":"shipping-taxable","12":"purchasable","13":"product-type-simple"},"acf":[],"yoast_head":"<!-- This site is optimized with the Yoast SEO Premium plugin v25.3.1 (Yoast SEO v25.3.1) - https:\/\/yoast.com\/wordpress\/plugins\/seo\/ -->\n<title>\u27a1\ufe0f Tour Privado de Granada desde Sevilla | Tour Travel &amp; More<\/title>\n<meta name=\"description\" content=\"Tour privado de Granada desde la ciudad de Sevilla. Descubre la Alhambra y la ciudad de Granada, junto a su guia oficial privado y conductor \u2705\" \/>\n<meta name=\"robots\" content=\"index, follow, max-snippet:-1, max-image-preview:large, max-video-preview:-1\" \/>\n<link rel=\"canonical\" href=\"https:\/\/tourtravelandmore.com\/es\/tours\/espana-es\/sevilla-es\/tour-privado-de-granada-desde-sevilla-tour-privado-alhambra\/\" \/>\n<meta property=\"og:locale\" content=\"es_ES\" \/>\n<meta property=\"og:type\" content=\"article\" \/>\n<meta property=\"og:title\" content=\"Tour Privado de Granada desde Sevilla (Incluye la Alhambra)\" \/>\n<meta property=\"og:description\" content=\"Tour privado de Granada desde la ciudad de Sevilla. Descubre la Alhambra y la ciudad de Granada, junto a su guia oficial privado y conductor \u2705\" \/>\n<meta property=\"og:url\" content=\"https:\/\/tourtravelandmore.com\/es\/tours\/espana-es\/sevilla-es\/tour-privado-de-granada-desde-sevilla-tour-privado-alhambra\/\" \/>\n<meta property=\"og:site_name\" content=\"Tour Travel And More\" \/>\n<meta property=\"article:publisher\" content=\"https:\/\/www.facebook.com\/tourtravelandmore\/\" \/>\n<meta property=\"article:modified_time\" content=\"2025-06-11T08:39:48+00:00\" \/>\n<meta property=\"og:image\" content=\"https:\/\/tourtravelandmore.com\/wp-content\/uploads\/2016\/03\/Granada-15.jpg\" \/>\n\t<meta property=\"og:image:width\" content=\"810\" \/>\n\t<meta property=\"og:image:height\" content=\"1080\" \/>\n\t<meta property=\"og:image:type\" content=\"image\/jpeg\" \/>\n<meta name=\"twitter:card\" content=\"summary_large_image\" \/>\n<meta name=\"twitter:site\" content=\"@TourTravel_More\" \/>\n<meta name=\"twitter:label1\" content=\"Tiempo de lectura\" \/>\n\t<meta name=\"twitter:data1\" content=\"2 minutos\" \/>\n<script type=\"application\/ld+json\" class=\"yoast-schema-graph\">{\"@context\":\"https:\/\/schema.org\",\"@graph\":[{\"@type\":\"WebPage\",\"@id\":\"https:\/\/tourtravelandmore.com\/es\/tours\/espana-es\/sevilla-es\/tour-privado-de-granada-desde-sevilla-tour-privado-alhambra\/\",\"url\":\"https:\/\/tourtravelandmore.com\/es\/tours\/espana-es\/sevilla-es\/tour-privado-de-granada-desde-sevilla-tour-privado-alhambra\/\",\"name\":\"\u27a1\ufe0f Tour Privado de Granada desde Sevilla | Tour Travel & More\",\"isPartOf\":{\"@id\":\"https:\/\/tourtravelandmore.com\/es\/#website\"},\"primaryImageOfPage\":{\"@id\":\"https:\/\/tourtravelandmore.com\/es\/tours\/espana-es\/sevilla-es\/tour-privado-de-granada-desde-sevilla-tour-privado-alhambra\/#primaryimage\"},\"image\":{\"@id\":\"https:\/\/tourtravelandmore.com\/es\/tours\/espana-es\/sevilla-es\/tour-privado-de-granada-desde-sevilla-tour-privado-alhambra\/#primaryimage\"},\"thumbnailUrl\":\"https:\/\/tourtravelandmore.com\/wp-content\/uploads\/2016\/03\/Granada-15.jpg\",\"datePublished\":\"2016-12-30T09:57:12+00:00\",\"dateModified\":\"2025-06-11T08:39:48+00:00\",\"description\":\"Tour privado de Granada desde la ciudad de Sevilla. Descubre la Alhambra y la ciudad de Granada, junto a su guia oficial privado y conductor \u2705\",\"breadcrumb\":{\"@id\":\"https:\/\/tourtravelandmore.com\/es\/tours\/espana-es\/sevilla-es\/tour-privado-de-granada-desde-sevilla-tour-privado-alhambra\/#breadcrumb\"},\"inLanguage\":\"es\",\"potentialAction\":[{\"@type\":\"ReadAction\",\"target\":[\"https:\/\/tourtravelandmore.com\/es\/tours\/espana-es\/sevilla-es\/tour-privado-de-granada-desde-sevilla-tour-privado-alhambra\/\"]}]},{\"@type\":\"ImageObject\",\"inLanguage\":\"es\",\"@id\":\"https:\/\/tourtravelandmore.com\/es\/tours\/espana-es\/sevilla-es\/tour-privado-de-granada-desde-sevilla-tour-privado-alhambra\/#primaryimage\",\"url\":\"https:\/\/tourtravelandmore.com\/wp-content\/uploads\/2016\/03\/Granada-15.jpg\",\"contentUrl\":\"https:\/\/tourtravelandmore.com\/wp-content\/uploads\/2016\/03\/Granada-15.jpg\",\"width\":810,\"height\":1080},{\"@type\":\"BreadcrumbList\",\"@id\":\"https:\/\/tourtravelandmore.com\/es\/tours\/espana-es\/sevilla-es\/tour-privado-de-granada-desde-sevilla-tour-privado-alhambra\/#breadcrumb\",\"itemListElement\":[{\"@type\":\"ListItem\",\"position\":1,\"name\":\"Home\",\"item\":\"https:\/\/tourtravelandmore.com\/es\/\"},{\"@type\":\"ListItem\",\"position\":2,\"name\":\"Tours\",\"item\":\"https:\/\/tourtravelandmore.com\/es\/tours\/\"},{\"@type\":\"ListItem\",\"position\":3,\"name\":\"Tour Privado de Granada desde Sevilla (Incluye la Alhambra)\"}]},{\"@type\":\"WebSite\",\"@id\":\"https:\/\/tourtravelandmore.com\/es\/#website\",\"url\":\"https:\/\/tourtravelandmore.com\/es\/\",\"name\":\"Tour Travel And More\",\"description\":\"Private sightseeing tours and luxury transfers in Spain\",\"publisher\":{\"@id\":\"https:\/\/tourtravelandmore.com\/es\/#organization\"},\"potentialAction\":[{\"@type\":\"SearchAction\",\"target\":{\"@type\":\"EntryPoint\",\"urlTemplate\":\"https:\/\/tourtravelandmore.com\/es\/?s={search_term_string}\"},\"query-input\":{\"@type\":\"PropertyValueSpecification\",\"valueRequired\":true,\"valueName\":\"search_term_string\"}}],\"inLanguage\":\"es\"},{\"@type\":\"Organization\",\"@id\":\"https:\/\/tourtravelandmore.com\/es\/#organization\",\"name\":\"Tour Travel And More\",\"url\":\"https:\/\/tourtravelandmore.com\/es\/\",\"logo\":{\"@type\":\"ImageObject\",\"inLanguage\":\"es\",\"@id\":\"https:\/\/tourtravelandmore.com\/es\/#\/schema\/logo\/image\/\",\"url\":\"https:\/\/tourtravelandmore.com\/wp-content\/uploads\/2022\/12\/cropped-logo-cabecera-new.png\",\"contentUrl\":\"https:\/\/tourtravelandmore.com\/wp-content\/uploads\/2022\/12\/cropped-logo-cabecera-new.png\",\"width\":430,\"height\":61,\"caption\":\"Tour Travel And More\"},\"image\":{\"@id\":\"https:\/\/tourtravelandmore.com\/es\/#\/schema\/logo\/image\/\"},\"sameAs\":[\"https:\/\/www.facebook.com\/tourtravelandmore\/\",\"https:\/\/x.com\/TourTravel_More\"]}]}<\/script>\n<!-- \/ Yoast SEO Premium plugin. -->","yoast_head_json":{"title":"\u27a1\ufe0f Tour Privado de Granada desde Sevilla | Tour Travel & More","description":"Tour privado de Granada desde la ciudad de Sevilla. Descubre la Alhambra y la ciudad de Granada, junto a su guia oficial privado y conductor \u2705","robots":{"index":"index","follow":"follow","max-snippet":"max-snippet:-1","max-image-preview":"max-image-preview:large","max-video-preview":"max-video-preview:-1"},"canonical":"https:\/\/tourtravelandmore.com\/es\/tours\/espana-es\/sevilla-es\/tour-privado-de-granada-desde-sevilla-tour-privado-alhambra\/","og_locale":"es_ES","og_type":"article","og_title":"Tour Privado de Granada desde Sevilla (Incluye la Alhambra)","og_description":"Tour privado de Granada desde la ciudad de Sevilla. Descubre la Alhambra y la ciudad de Granada, junto a su guia oficial privado y conductor \u2705","og_url":"https:\/\/tourtravelandmore.com\/es\/tours\/espana-es\/sevilla-es\/tour-privado-de-granada-desde-sevilla-tour-privado-alhambra\/","og_site_name":"Tour Travel And More","article_publisher":"https:\/\/www.facebook.com\/tourtravelandmore\/","article_modified_time":"2025-06-11T08:39:48+00:00","og_image":[{"width":810,"height":1080,"url":"https:\/\/tourtravelandmore.com\/wp-content\/uploads\/2016\/03\/Granada-15.jpg","type":"image\/jpeg"}],"twitter_card":"summary_large_image","twitter_site":"@TourTravel_More","twitter_misc":{"Tiempo de lectura":"2 minutos"},"schema":{"@context":"https:\/\/schema.org","@graph":[{"@type":"WebPage","@id":"https:\/\/tourtravelandmore.com\/es\/tours\/espana-es\/sevilla-es\/tour-privado-de-granada-desde-sevilla-tour-privado-alhambra\/","url":"https:\/\/tourtravelandmore.com\/es\/tours\/espana-es\/sevilla-es\/tour-privado-de-granada-desde-sevilla-tour-privado-alhambra\/","name":"\u27a1\ufe0f Tour Privado de Granada desde Sevilla | Tour Travel & More","isPartOf":{"@id":"https:\/\/tourtravelandmore.com\/es\/#website"},"primaryImageOfPage":{"@id":"https:\/\/tourtravelandmore.com\/es\/tours\/espana-es\/sevilla-es\/tour-privado-de-granada-desde-sevilla-tour-privado-alhambra\/#primaryimage"},"image":{"@id":"https:\/\/tourtravelandmore.com\/es\/tours\/espana-es\/sevilla-es\/tour-privado-de-granada-desde-sevilla-tour-privado-alhambra\/#primaryimage"},"thumbnailUrl":"https:\/\/tourtravelandmore.com\/wp-content\/uploads\/2016\/03\/Granada-15.jpg","datePublished":"2016-12-30T09:57:12+00:00","dateModified":"2025-06-11T08:39:48+00:00","description":"Tour privado de Granada desde la ciudad de Sevilla. Descubre la Alhambra y la ciudad de Granada, junto a su guia oficial privado y conductor \u2705","breadcrumb":{"@id":"https:\/\/tourtravelandmore.com\/es\/tours\/espana-es\/sevilla-es\/tour-privado-de-granada-desde-sevilla-tour-privado-alhambra\/#breadcrumb"},"inLanguage":"es","potentialAction":[{"@type":"ReadAction","target":["https:\/\/tourtravelandmore.com\/es\/tours\/espana-es\/sevilla-es\/tour-privado-de-granada-desde-sevilla-tour-privado-alhambra\/"]}]},{"@type":"ImageObject","inLanguage":"es","@id":"https:\/\/tourtravelandmore.com\/es\/tours\/espana-es\/sevilla-es\/tour-privado-de-granada-desde-sevilla-tour-privado-alhambra\/#primaryimage","url":"https:\/\/tourtravelandmore.com\/wp-content\/uploads\/2016\/03\/Granada-15.jpg","contentUrl":"https:\/\/tourtravelandmore.com\/wp-content\/uploads\/2016\/03\/Granada-15.jpg","width":810,"height":1080},{"@type":"BreadcrumbList","@id":"https:\/\/tourtravelandmore.com\/es\/tours\/espana-es\/sevilla-es\/tour-privado-de-granada-desde-sevilla-tour-privado-alhambra\/#breadcrumb","itemListElement":[{"@type":"ListItem","position":1,"name":"Home","item":"https:\/\/tourtravelandmore.com\/es\/"},{"@type":"ListItem","position":2,"name":"Tours","item":"https:\/\/tourtravelandmore.com\/es\/tours\/"},{"@type":"ListItem","position":3,"name":"Tour Privado de Granada desde Sevilla (Incluye la Alhambra)"}]},{"@type":"WebSite","@id":"https:\/\/tourtravelandmore.com\/es\/#website","url":"https:\/\/tourtravelandmore.com\/es\/","name":"Tour Travel And More","description":"Private sightseeing tours and luxury transfers in Spain","publisher":{"@id":"https:\/\/tourtravelandmore.com\/es\/#organization"},"potentialAction":[{"@type":"SearchAction","target":{"@type":"EntryPoint","urlTemplate":"https:\/\/tourtravelandmore.com\/es\/?s={search_term_string}"},"query-input":{"@type":"PropertyValueSpecification","valueRequired":true,"valueName":"search_term_string"}}],"inLanguage":"es"},{"@type":"Organization","@id":"https:\/\/tourtravelandmore.com\/es\/#organization","name":"Tour Travel And More","url":"https:\/\/tourtravelandmore.com\/es\/","logo":{"@type":"ImageObject","inLanguage":"es","@id":"https:\/\/tourtravelandmore.com\/es\/#\/schema\/logo\/image\/","url":"https:\/\/tourtravelandmore.com\/wp-content\/uploads\/2022\/12\/cropped-logo-cabecera-new.png","contentUrl":"https:\/\/tourtravelandmore.com\/wp-content\/uploads\/2022\/12\/cropped-logo-cabecera-new.png","width":430,"height":61,"caption":"Tour Travel And More"},"image":{"@id":"https:\/\/tourtravelandmore.com\/es\/#\/schema\/logo\/image\/"},"sameAs":["https:\/\/www.facebook.com\/tourtravelandmore\/","https:\/\/x.com\/TourTravel_More"]}]}},"_links":{"self":[{"href":"https:\/\/tourtravelandmore.com\/es\/wp-json\/wp\/v2\/product\/9685","targetHints":{"allow":["GET"]}}],"collection":[{"href":"https:\/\/tourtravelandmore.com\/es\/wp-json\/wp\/v2\/product"}],"about":[{"href":"https:\/\/tourtravelandmore.com\/es\/wp-json\/wp\/v2\/types\/product"}],"replies":[{"embeddable":true,"href":"https:\/\/tourtravelandmore.com\/es\/wp-json\/wp\/v2\/comments?post=9685"}],"wp:featuredmedia":[{"embeddable":true,"href":"https:\/\/tourtravelandmore.com\/es\/wp-json\/wp\/v2\/media\/644"}],"wp:attachment":[{"href":"https:\/\/tourtravelandmore.com\/es\/wp-json\/wp\/v2\/media?parent=9685"}],"wp:term":[{"taxonomy":"product_brand","embeddable":true,"href":"https:\/\/tourtravelandmore.com\/es\/wp-json\/wp\/v2\/product_brand?post=9685"},{"taxonomy":"product_cat","embeddable":true,"href":"https:\/\/tourtravelandmore.com\/es\/wp-json\/wp\/v2\/product_cat?post=9685"},{"taxonomy":"product_tag","embeddable":true,"href":"https:\/\/tourtravelandmore.com\/es\/wp-json\/wp\/v2\/product_tag?post=9685"}],"curies":[{"name":"wp","href":"https:\/\/api.w.org\/{rel}","templated":true}]}}