{"id":9608,"date":"2016-08-26T12:18:23","date_gmt":"2016-12-28T12:26:40","guid":{"rendered":"http:\/\/tourtravelandmore.com\/es\/?post_type=product&#038;p=9608"},"modified":"2023-03-07T03:37:17","modified_gmt":"2023-03-07T02:37:17","slug":"traslado-privado-marbella-y-puerto-banus-a-cualquier-ciudad-de-andalucia","status":"publish","type":"product","link":"https:\/\/tourtravelandmore.com\/es\/tours\/espana-es\/marbella-puerto-banus-es\/traslado-privado-marbella-y-puerto-banus-a-cualquier-ciudad-de-andalucia\/","title":{"rendered":"Transfer Privado desde Marbella o Puerto Ban\u00fas desde el Aeropuerto"},"content":{"rendered":"<h2><strong>Descripci\u00f3n del Traslado Privado desde Marbella o Puerto Ban\u00fas desde el Aeropuerto<\/strong><\/h2>\n<p>Disfruta de este Traslado privado Marbella para ir a cualquier ciudad o lugar en Andaluc\u00eda.<\/p>\n<p>Le ofrecemos la manera m\u00e1s r\u00e1pida y relajante de llegar a su destino a trav\u00e9s de nuestra flota de coches privados y minivans privados.<\/p>\n<p>\u00a1Disfrute de una experiencia relajante sin colas!<\/p>\n<p>Disponemos de una gran Flota de Veh\u00edculos en Andaluc\u00eda, formada por Mercedes Clase E, Mercedes Clase V y Mercedes Van. Tambi\u00e9n disponemos de Bus y Mini Bus.<\/p>\n<p>Ofrecemos todo tipo de <strong>Traslado privado Marbella:<\/strong> Recogidas en el aeropuerto, traslados para cenas, traslados, Terminal de Cruceros, Estaci\u00f3n de Tren, o cualquier ciudad en Andaluc\u00eda.<\/p>\n<p>Cuando llegue al aeropuerto o puerto, nuestro personal estar\u00e1 esper\u00e1ndole con una pancarta en la terminal de llegada. Durante su traslado a su destino podr\u00e1 ver una vista panor\u00e1mica de la ciudad de <strong>Marbella &amp; Puerto Ban\u00fas<\/strong>.<\/p>\n<p>Ofrecemos servicio de traslado y ofrecemos un servicio personalizado y privado para todos los grupos. Todos nuestros veh\u00edculos son de alta gama.<\/p>\n<p>Solamente tiene que avisarnos y organizaremos su traslado de la mejor manera posible.<\/p>\n<p>Si necesita silla de bebe o de ni\u00f1o, tiene que contactar con nosotros con anterioridad a su viaje para poder organizarlo. Es importante que nos informe tambi\u00e9n del n\u00famero de maletas, para enviar un veh\u00edculo acorde a su equipaje.<\/p>\n<p>Si dispone de m\u00e1s d\u00edas en la ciudad de Marbella o Puerto Ban\u00fas, puede consultar <a href=\"https:\/\/tourtravelandmore.com\/es\/ciudad\/espana-es\/marbella-puerto-banus-es\/\"><strong>aqu\u00ed<\/strong><\/a>, el resto de los tours privados que ofrecemos. Todos nuestros tours son completamente privados y acompa\u00f1ados con gu\u00eda oficial en varios Idiomas, para convertir su estancia en una experiencia \u00fanica.<\/p>\n<h2>Puntos de inter\u00e9s en el Traslado Privado desde Marbella o Puerto Ban\u00fas desde el Aeropuerto<\/h2>\n<p>Marbella es una ciudad en el sur de Espa\u00f1a, en Andaluc\u00eda, en la provincia de M\u00e1laga. Es una de las ciudades m\u00e1s grandes de Espa\u00f1a tambi\u00e9n. En esta ciudad podr\u00e1n disfrutar de playas preciosas y de una historia emblem\u00e1tica. Est\u00e1 situado en el sur de Espa\u00f1a.<\/p>\n","protected":false},"excerpt":{"rendered":"<p>Aproveche esta oportunidad para llegar a su destino en <strong>Marbella &amp; Puerto Ban\u00fas<\/strong> a cualquier ciudad de Andalucia, de la manera m\u00e1s comoda y r\u00e1pida posible. Organizamos recogidas desde su hotel, aeropuerto, estaci\u00f3n de tren o cualquier lugar de Marbella &amp; Puerto Ban\u00fas.<\/p>\n<p>&nbsp;<\/p>\n","protected":false},"featured_media":668,"comment_status":"open","ping_status":"closed","template":"","meta":{"_acf_changed":false},"product_brand":[],"product_cat":[88,89,93],"product_tag":[],"class_list":{"0":"post-9608","1":"product","2":"type-product","3":"status-publish","4":"has-post-thumbnail","6":"product_cat-marbella-puerto-banus-es","7":"product_cat-marbella-puerto-banus-actividades-es","8":"product_cat-marbella-puerto-banus-traslados-es","10":"first","11":"instock","12":"shipping-taxable","13":"purchasable","14":"product-type-simple"},"acf":[],"yoast_head":"<!-- This site is optimized with the Yoast SEO Premium plugin v25.3.1 (Yoast SEO v25.3.1) - https:\/\/yoast.com\/wordpress\/plugins\/seo\/ -->\n<title>\u27a1\ufe0f Traslado Privado Marbella y Puerto Ban\u00fas a cualquier ciudad de Andalucia | Tour Travel &amp; More<\/title>\n<meta name=\"description\" content=\"Llegue a su destino en Marbella &amp; Puerto Ban\u00fas de la manera m\u00e1s comoda y r\u00e1pida posible, gracias a este Traslado privado Marbella a cualquier ciudad \u2705\" \/>\n<meta name=\"robots\" content=\"index, follow, max-snippet:-1, max-image-preview:large, max-video-preview:-1\" \/>\n<link rel=\"canonical\" href=\"https:\/\/tourtravelandmore.com\/es\/tours\/espana-es\/marbella-puerto-banus-es\/traslado-privado-marbella-y-puerto-banus-a-cualquier-ciudad-de-andalucia\/\" \/>\n<meta property=\"og:locale\" content=\"es_ES\" \/>\n<meta property=\"og:type\" content=\"article\" \/>\n<meta property=\"og:title\" content=\"Transfer Privado desde Marbella o Puerto Ban\u00fas desde el Aeropuerto\" \/>\n<meta property=\"og:description\" content=\"Llegue a su destino en Marbella &amp; Puerto Ban\u00fas de la manera m\u00e1s comoda y r\u00e1pida posible, gracias a este Traslado privado Marbella a cualquier ciudad \u2705\" \/>\n<meta property=\"og:url\" content=\"https:\/\/tourtravelandmore.com\/es\/tours\/espana-es\/marbella-puerto-banus-es\/traslado-privado-marbella-y-puerto-banus-a-cualquier-ciudad-de-andalucia\/\" \/>\n<meta property=\"og:site_name\" content=\"Tour Travel And More\" \/>\n<meta property=\"article:publisher\" content=\"https:\/\/www.facebook.com\/tourtravelandmore\/\" \/>\n<meta property=\"article:modified_time\" content=\"2023-03-07T02:37:17+00:00\" \/>\n<meta property=\"og:image\" content=\"https:\/\/tourtravelandmore.com\/wp-content\/uploads\/2016\/03\/CLASE-S-1-copia.png\" \/>\n\t<meta property=\"og:image:width\" content=\"640\" \/>\n\t<meta property=\"og:image:height\" content=\"425\" \/>\n\t<meta property=\"og:image:type\" content=\"image\/png\" \/>\n<meta name=\"twitter:card\" content=\"summary_large_image\" \/>\n<meta name=\"twitter:site\" content=\"@TourTravel_More\" \/>\n<meta name=\"twitter:label1\" content=\"Tiempo de lectura\" \/>\n\t<meta name=\"twitter:data1\" content=\"2 minutos\" \/>\n<script type=\"application\/ld+json\" class=\"yoast-schema-graph\">{\"@context\":\"https:\/\/schema.org\",\"@graph\":[{\"@type\":\"WebPage\",\"@id\":\"https:\/\/tourtravelandmore.com\/es\/tours\/espana-es\/marbella-puerto-banus-es\/traslado-privado-marbella-y-puerto-banus-a-cualquier-ciudad-de-andalucia\/\",\"url\":\"https:\/\/tourtravelandmore.com\/es\/tours\/espana-es\/marbella-puerto-banus-es\/traslado-privado-marbella-y-puerto-banus-a-cualquier-ciudad-de-andalucia\/\",\"name\":\"\u27a1\ufe0f Traslado Privado Marbella y Puerto Ban\u00fas a cualquier ciudad de Andalucia | Tour Travel & More\",\"isPartOf\":{\"@id\":\"https:\/\/tourtravelandmore.com\/es\/#website\"},\"primaryImageOfPage\":{\"@id\":\"https:\/\/tourtravelandmore.com\/es\/tours\/espana-es\/marbella-puerto-banus-es\/traslado-privado-marbella-y-puerto-banus-a-cualquier-ciudad-de-andalucia\/#primaryimage\"},\"image\":{\"@id\":\"https:\/\/tourtravelandmore.com\/es\/tours\/espana-es\/marbella-puerto-banus-es\/traslado-privado-marbella-y-puerto-banus-a-cualquier-ciudad-de-andalucia\/#primaryimage\"},\"thumbnailUrl\":\"https:\/\/tourtravelandmore.com\/wp-content\/uploads\/2016\/03\/CLASE-S-1-copia.png\",\"datePublished\":\"2016-12-28T12:26:40+00:00\",\"dateModified\":\"2023-03-07T02:37:17+00:00\",\"description\":\"Llegue a su destino en Marbella & Puerto Ban\u00fas de la manera m\u00e1s comoda y r\u00e1pida posible, gracias a este Traslado privado Marbella a cualquier ciudad \u2705\",\"breadcrumb\":{\"@id\":\"https:\/\/tourtravelandmore.com\/es\/tours\/espana-es\/marbella-puerto-banus-es\/traslado-privado-marbella-y-puerto-banus-a-cualquier-ciudad-de-andalucia\/#breadcrumb\"},\"inLanguage\":\"es\",\"potentialAction\":[{\"@type\":\"ReadAction\",\"target\":[\"https:\/\/tourtravelandmore.com\/es\/tours\/espana-es\/marbella-puerto-banus-es\/traslado-privado-marbella-y-puerto-banus-a-cualquier-ciudad-de-andalucia\/\"]}]},{\"@type\":\"ImageObject\",\"inLanguage\":\"es\",\"@id\":\"https:\/\/tourtravelandmore.com\/es\/tours\/espana-es\/marbella-puerto-banus-es\/traslado-privado-marbella-y-puerto-banus-a-cualquier-ciudad-de-andalucia\/#primaryimage\",\"url\":\"https:\/\/tourtravelandmore.com\/wp-content\/uploads\/2016\/03\/CLASE-S-1-copia.png\",\"contentUrl\":\"https:\/\/tourtravelandmore.com\/wp-content\/uploads\/2016\/03\/CLASE-S-1-copia.png\",\"width\":640,\"height\":425},{\"@type\":\"BreadcrumbList\",\"@id\":\"https:\/\/tourtravelandmore.com\/es\/tours\/espana-es\/marbella-puerto-banus-es\/traslado-privado-marbella-y-puerto-banus-a-cualquier-ciudad-de-andalucia\/#breadcrumb\",\"itemListElement\":[{\"@type\":\"ListItem\",\"position\":1,\"name\":\"Home\",\"item\":\"https:\/\/tourtravelandmore.com\/es\/\"},{\"@type\":\"ListItem\",\"position\":2,\"name\":\"Tours\",\"item\":\"https:\/\/tourtravelandmore.com\/es\/tours\/\"},{\"@type\":\"ListItem\",\"position\":3,\"name\":\"Transfer Privado desde Marbella o Puerto Ban\u00fas desde el Aeropuerto\"}]},{\"@type\":\"WebSite\",\"@id\":\"https:\/\/tourtravelandmore.com\/es\/#website\",\"url\":\"https:\/\/tourtravelandmore.com\/es\/\",\"name\":\"Tour Travel And More\",\"description\":\"Private sightseeing tours and luxury transfers in Spain\",\"publisher\":{\"@id\":\"https:\/\/tourtravelandmore.com\/es\/#organization\"},\"potentialAction\":[{\"@type\":\"SearchAction\",\"target\":{\"@type\":\"EntryPoint\",\"urlTemplate\":\"https:\/\/tourtravelandmore.com\/es\/?s={search_term_string}\"},\"query-input\":{\"@type\":\"PropertyValueSpecification\",\"valueRequired\":true,\"valueName\":\"search_term_string\"}}],\"inLanguage\":\"es\"},{\"@type\":\"Organization\",\"@id\":\"https:\/\/tourtravelandmore.com\/es\/#organization\",\"name\":\"Tour Travel And More\",\"url\":\"https:\/\/tourtravelandmore.com\/es\/\",\"logo\":{\"@type\":\"ImageObject\",\"inLanguage\":\"es\",\"@id\":\"https:\/\/tourtravelandmore.com\/es\/#\/schema\/logo\/image\/\",\"url\":\"https:\/\/tourtravelandmore.com\/wp-content\/uploads\/2022\/12\/cropped-logo-cabecera-new.png\",\"contentUrl\":\"https:\/\/tourtravelandmore.com\/wp-content\/uploads\/2022\/12\/cropped-logo-cabecera-new.png\",\"width\":430,\"height\":61,\"caption\":\"Tour Travel And More\"},\"image\":{\"@id\":\"https:\/\/tourtravelandmore.com\/es\/#\/schema\/logo\/image\/\"},\"sameAs\":[\"https:\/\/www.facebook.com\/tourtravelandmore\/\",\"https:\/\/x.com\/TourTravel_More\"]}]}<\/script>\n<!-- \/ Yoast SEO Premium plugin. -->","yoast_head_json":{"title":"\u27a1\ufe0f Traslado Privado Marbella y Puerto Ban\u00fas a cualquier ciudad de Andalucia | Tour Travel & More","description":"Llegue a su destino en Marbella & Puerto Ban\u00fas de la manera m\u00e1s comoda y r\u00e1pida posible, gracias a este Traslado privado Marbella a cualquier ciudad \u2705","robots":{"index":"index","follow":"follow","max-snippet":"max-snippet:-1","max-image-preview":"max-image-preview:large","max-video-preview":"max-video-preview:-1"},"canonical":"https:\/\/tourtravelandmore.com\/es\/tours\/espana-es\/marbella-puerto-banus-es\/traslado-privado-marbella-y-puerto-banus-a-cualquier-ciudad-de-andalucia\/","og_locale":"es_ES","og_type":"article","og_title":"Transfer Privado desde Marbella o Puerto Ban\u00fas desde el Aeropuerto","og_description":"Llegue a su destino en Marbella & Puerto Ban\u00fas de la manera m\u00e1s comoda y r\u00e1pida posible, gracias a este Traslado privado Marbella a cualquier ciudad \u2705","og_url":"https:\/\/tourtravelandmore.com\/es\/tours\/espana-es\/marbella-puerto-banus-es\/traslado-privado-marbella-y-puerto-banus-a-cualquier-ciudad-de-andalucia\/","og_site_name":"Tour Travel And More","article_publisher":"https:\/\/www.facebook.com\/tourtravelandmore\/","article_modified_time":"2023-03-07T02:37:17+00:00","og_image":[{"width":640,"height":425,"url":"https:\/\/tourtravelandmore.com\/wp-content\/uploads\/2016\/03\/CLASE-S-1-copia.png","type":"image\/png"}],"twitter_card":"summary_large_image","twitter_site":"@TourTravel_More","twitter_misc":{"Tiempo de lectura":"2 minutos"},"schema":{"@context":"https:\/\/schema.org","@graph":[{"@type":"WebPage","@id":"https:\/\/tourtravelandmore.com\/es\/tours\/espana-es\/marbella-puerto-banus-es\/traslado-privado-marbella-y-puerto-banus-a-cualquier-ciudad-de-andalucia\/","url":"https:\/\/tourtravelandmore.com\/es\/tours\/espana-es\/marbella-puerto-banus-es\/traslado-privado-marbella-y-puerto-banus-a-cualquier-ciudad-de-andalucia\/","name":"\u27a1\ufe0f Traslado Privado Marbella y Puerto Ban\u00fas a cualquier ciudad de Andalucia | Tour Travel & More","isPartOf":{"@id":"https:\/\/tourtravelandmore.com\/es\/#website"},"primaryImageOfPage":{"@id":"https:\/\/tourtravelandmore.com\/es\/tours\/espana-es\/marbella-puerto-banus-es\/traslado-privado-marbella-y-puerto-banus-a-cualquier-ciudad-de-andalucia\/#primaryimage"},"image":{"@id":"https:\/\/tourtravelandmore.com\/es\/tours\/espana-es\/marbella-puerto-banus-es\/traslado-privado-marbella-y-puerto-banus-a-cualquier-ciudad-de-andalucia\/#primaryimage"},"thumbnailUrl":"https:\/\/tourtravelandmore.com\/wp-content\/uploads\/2016\/03\/CLASE-S-1-copia.png","datePublished":"2016-12-28T12:26:40+00:00","dateModified":"2023-03-07T02:37:17+00:00","description":"Llegue a su destino en Marbella & Puerto Ban\u00fas de la manera m\u00e1s comoda y r\u00e1pida posible, gracias a este Traslado privado Marbella a cualquier ciudad \u2705","breadcrumb":{"@id":"https:\/\/tourtravelandmore.com\/es\/tours\/espana-es\/marbella-puerto-banus-es\/traslado-privado-marbella-y-puerto-banus-a-cualquier-ciudad-de-andalucia\/#breadcrumb"},"inLanguage":"es","potentialAction":[{"@type":"ReadAction","target":["https:\/\/tourtravelandmore.com\/es\/tours\/espana-es\/marbella-puerto-banus-es\/traslado-privado-marbella-y-puerto-banus-a-cualquier-ciudad-de-andalucia\/"]}]},{"@type":"ImageObject","inLanguage":"es","@id":"https:\/\/tourtravelandmore.com\/es\/tours\/espana-es\/marbella-puerto-banus-es\/traslado-privado-marbella-y-puerto-banus-a-cualquier-ciudad-de-andalucia\/#primaryimage","url":"https:\/\/tourtravelandmore.com\/wp-content\/uploads\/2016\/03\/CLASE-S-1-copia.png","contentUrl":"https:\/\/tourtravelandmore.com\/wp-content\/uploads\/2016\/03\/CLASE-S-1-copia.png","width":640,"height":425},{"@type":"BreadcrumbList","@id":"https:\/\/tourtravelandmore.com\/es\/tours\/espana-es\/marbella-puerto-banus-es\/traslado-privado-marbella-y-puerto-banus-a-cualquier-ciudad-de-andalucia\/#breadcrumb","itemListElement":[{"@type":"ListItem","position":1,"name":"Home","item":"https:\/\/tourtravelandmore.com\/es\/"},{"@type":"ListItem","position":2,"name":"Tours","item":"https:\/\/tourtravelandmore.com\/es\/tours\/"},{"@type":"ListItem","position":3,"name":"Transfer Privado desde Marbella o Puerto Ban\u00fas desde el Aeropuerto"}]},{"@type":"WebSite","@id":"https:\/\/tourtravelandmore.com\/es\/#website","url":"https:\/\/tourtravelandmore.com\/es\/","name":"Tour Travel And More","description":"Private sightseeing tours and luxury transfers in Spain","publisher":{"@id":"https:\/\/tourtravelandmore.com\/es\/#organization"},"potentialAction":[{"@type":"SearchAction","target":{"@type":"EntryPoint","urlTemplate":"https:\/\/tourtravelandmore.com\/es\/?s={search_term_string}"},"query-input":{"@type":"PropertyValueSpecification","valueRequired":true,"valueName":"search_term_string"}}],"inLanguage":"es"},{"@type":"Organization","@id":"https:\/\/tourtravelandmore.com\/es\/#organization","name":"Tour Travel And More","url":"https:\/\/tourtravelandmore.com\/es\/","logo":{"@type":"ImageObject","inLanguage":"es","@id":"https:\/\/tourtravelandmore.com\/es\/#\/schema\/logo\/image\/","url":"https:\/\/tourtravelandmore.com\/wp-content\/uploads\/2022\/12\/cropped-logo-cabecera-new.png","contentUrl":"https:\/\/tourtravelandmore.com\/wp-content\/uploads\/2022\/12\/cropped-logo-cabecera-new.png","width":430,"height":61,"caption":"Tour Travel And More"},"image":{"@id":"https:\/\/tourtravelandmore.com\/es\/#\/schema\/logo\/image\/"},"sameAs":["https:\/\/www.facebook.com\/tourtravelandmore\/","https:\/\/x.com\/TourTravel_More"]}]}},"_links":{"self":[{"href":"https:\/\/tourtravelandmore.com\/es\/wp-json\/wp\/v2\/product\/9608","targetHints":{"allow":["GET"]}}],"collection":[{"href":"https:\/\/tourtravelandmore.com\/es\/wp-json\/wp\/v2\/product"}],"about":[{"href":"https:\/\/tourtravelandmore.com\/es\/wp-json\/wp\/v2\/types\/product"}],"replies":[{"embeddable":true,"href":"https:\/\/tourtravelandmore.com\/es\/wp-json\/wp\/v2\/comments?post=9608"}],"wp:featuredmedia":[{"embeddable":true,"href":"https:\/\/tourtravelandmore.com\/es\/wp-json\/wp\/v2\/media\/668"}],"wp:attachment":[{"href":"https:\/\/tourtravelandmore.com\/es\/wp-json\/wp\/v2\/media?parent=9608"}],"wp:term":[{"taxonomy":"product_brand","embeddable":true,"href":"https:\/\/tourtravelandmore.com\/es\/wp-json\/wp\/v2\/product_brand?post=9608"},{"taxonomy":"product_cat","embeddable":true,"href":"https:\/\/tourtravelandmore.com\/es\/wp-json\/wp\/v2\/product_cat?post=9608"},{"taxonomy":"product_tag","embeddable":true,"href":"https:\/\/tourtravelandmore.com\/es\/wp-json\/wp\/v2\/product_tag?post=9608"}],"curies":[{"name":"wp","href":"https:\/\/api.w.org\/{rel}","templated":true}]}}