{"id":9603,"date":"2016-08-26T11:52:40","date_gmt":"2016-12-28T12:21:09","guid":{"rendered":"http:\/\/tourtravelandmore.com\/es\/?post_type=product&#038;p=9603"},"modified":"2023-03-07T03:31:17","modified_gmt":"2023-03-07T02:31:17","slug":"tour-malaga-desde-marbella-con-guia-oficial-privado-y-vehiculo","status":"publish","type":"product","link":"https:\/\/tourtravelandmore.com\/es\/tours\/espana-es\/marbella-puerto-banus-es\/tour-malaga-desde-marbella-con-guia-oficial-privado-y-vehiculo\/","title":{"rendered":"Tour Privado de M\u00e1laga desde Marbella o Puerto Ban\u00fas"},"content":{"rendered":"<h2>Descripci\u00f3n del Tour Privado de M\u00e1laga desde Marbella o Puerto Ban\u00fas<\/h2>\n<p>Disfrute de este <strong>tour de M\u00e1laga desde Marbella,<\/strong> con vuestro gu\u00eda oficial privado y veh\u00edculo privado, y conoce los lugares m\u00e1s emblem\u00e1ticos de <strong>M\u00e1laga<\/strong>.<\/p>\n<p>La duraci\u00f3n de este tour de M\u00e1laga desde Marbella es de 6 horas.<\/p>\n<p>Pueden escoger la hora de salida del tour y vuestro lugar de recogida desde Marbella o Puerto Banus.<\/p>\n<p>Este tour es completamente personalizable y pod\u00e9is organizarlo como quer\u00e1is y lo que busc\u00e1is. Puede personalizar vuestro tour solo contactando con nosotros. Aqu\u00ed os dejamos un ejemplo de itinerario, el tour ser\u00e1 personalizado para que ve\u00e1is y conozc\u00e1is exactamente lo que quer\u00e9is ver en M\u00e1laga.<\/p>\n<h2>Puntos de inter\u00e9s en el Tour Privado de M\u00e1laga desde Marbella o Puerto Ban\u00fas<\/h2>\n<p>Nuestro veh\u00edculo con conductor les recoger\u00e1 desde su Hotel o lugar de su elecci\u00f3n a la hora seleccionada y nos dirigiremos a M\u00e1laga. Ah\u00ed estar\u00e1 esperando nuestro gu\u00eda oficial para empezar su tour privado de 4 horas.<\/p>\n<p>Empezaremos el tour por el Castillo de Gibralfaro. Este Castillo, edificado en el <strong>siglo XIV<\/strong> para albergar a las tropas y proteger a la <strong>Alcazaba.<\/strong><\/p>\n<p>Adem\u00e1s del Castillo de Gibralfaro tambi\u00e9n visitaremos la Alcazaba. <strong>Construido en el siglo XI<\/strong> por los \u00e1rabes, este palacio fue a la vez el <strong>hogar de los gobernantes musulmanes<\/strong> y una <strong>fortaleza para proteger y defender la ciudad<\/strong> de los cat\u00f3licos.<\/p>\n<p>Las entradas est\u00e1n inclu\u00eddas en este tour para poder visitar el Castillo del Gibralfaro y Alcazabar.<\/p>\n<p>Tambi\u00e9n conoceremos el <strong>Teatro Romano<\/strong>, es el yacimiento m\u00e1s antiguo de M\u00e1laga: fue construido en el siglo I d. C. por Augusto y se utiliz\u00f3 como teatro durante el siglo II.<\/p>\n<p>Por \u00faltimos recorremos las principales calles del <strong>Casco Historico<\/strong> de la ciudad, y conoceremos su famosa Catedral. Es <strong>uno de los m\u00e1s altos de Andaluc\u00eda,<\/strong> \u00a1se puede ver desde lejos! Las obras de construcci\u00f3n comenzaron <strong>en el siglo XVI,<\/strong> sobre los <strong>cimientos de la antigua mezquita de la ciudad.<\/strong><\/p>\n<p>Si dispone de m\u00e1s d\u00edas en Marbella, puedes consultar <a href=\"https:\/\/tourtravelandmore.com\/es\/ciudad\/espana-es\/marbella-puerto-banus-es\/\"><strong>aqu\u00ed<\/strong><\/a>, el resto de los tours privados que ofrecemos en Marbella.<\/p>\n","protected":false},"excerpt":{"rendered":"<p>Disfruta de este <strong>tour personalizable de M\u00e1laga<\/strong>. Tome esta oportunidad para conocer y disfrutar de M\u00e1laga durante este tour con vuestro guia oficial privado y vuestro veh\u00edculo de lujo con chofer. Le recogemos desde su hotel en Marbella o Puerto Banus. Disfruta de los monumentos y zonas m\u00e1s emblem\u00e1ticas de <strong>M\u00e1laga<\/strong>.<\/p>\n","protected":false},"featured_media":687,"comment_status":"open","ping_status":"closed","template":"","meta":{"_acf_changed":false},"product_brand":[],"product_cat":[88,89,90],"product_tag":[],"class_list":{"0":"post-9603","1":"product","2":"type-product","3":"status-publish","4":"has-post-thumbnail","6":"product_cat-marbella-puerto-banus-es","7":"product_cat-marbella-puerto-banus-actividades-es","8":"product_cat-marbella-puerto-banus-excursiones-es","10":"first","11":"instock","12":"shipping-taxable","13":"purchasable","14":"product-type-simple"},"acf":[],"yoast_head":"<!-- This site is optimized with the Yoast SEO Premium plugin v25.3.1 (Yoast SEO v25.3.1) - https:\/\/yoast.com\/wordpress\/plugins\/seo\/ -->\n<title>\u27a1\ufe0f Tour Malaga desde marbella con Guia oficial privado y vehiculo | Tour Travel &amp; More<\/title>\n<meta name=\"description\" content=\"Disfruta de este tour de Malaga desde Marbella con gu\u00eda oficial privado y vehiculo y descubre una de las ciudades m\u00e1s importantes de Andaluc\u00eda \u2705\" \/>\n<meta name=\"robots\" content=\"index, follow, max-snippet:-1, max-image-preview:large, max-video-preview:-1\" \/>\n<link rel=\"canonical\" href=\"https:\/\/tourtravelandmore.com\/es\/tours\/espana-es\/marbella-puerto-banus-es\/tour-malaga-desde-marbella-con-guia-oficial-privado-y-vehiculo\/\" \/>\n<meta property=\"og:locale\" content=\"es_ES\" \/>\n<meta property=\"og:type\" content=\"article\" \/>\n<meta property=\"og:title\" content=\"Tour Privado de M\u00e1laga desde Marbella o Puerto Ban\u00fas\" \/>\n<meta property=\"og:description\" content=\"Disfruta de este tour de Malaga desde Marbella con gu\u00eda oficial privado y vehiculo y descubre una de las ciudades m\u00e1s importantes de Andaluc\u00eda \u2705\" \/>\n<meta property=\"og:url\" content=\"https:\/\/tourtravelandmore.com\/es\/tours\/espana-es\/marbella-puerto-banus-es\/tour-malaga-desde-marbella-con-guia-oficial-privado-y-vehiculo\/\" \/>\n<meta property=\"og:site_name\" content=\"Tour Travel And More\" \/>\n<meta property=\"article:publisher\" content=\"https:\/\/www.facebook.com\/tourtravelandmore\/\" \/>\n<meta property=\"article:modified_time\" content=\"2023-03-07T02:31:17+00:00\" \/>\n<meta property=\"og:image\" content=\"https:\/\/tourtravelandmore.com\/wp-content\/uploads\/2016\/03\/Malaga-5.jpg\" \/>\n\t<meta property=\"og:image:width\" content=\"1620\" \/>\n\t<meta property=\"og:image:height\" content=\"1080\" \/>\n\t<meta property=\"og:image:type\" content=\"image\/jpeg\" \/>\n<meta name=\"twitter:card\" content=\"summary_large_image\" \/>\n<meta name=\"twitter:site\" content=\"@TourTravel_More\" \/>\n<meta name=\"twitter:label1\" content=\"Tiempo de lectura\" \/>\n\t<meta name=\"twitter:data1\" content=\"2 minutos\" \/>\n<script type=\"application\/ld+json\" class=\"yoast-schema-graph\">{\"@context\":\"https:\/\/schema.org\",\"@graph\":[{\"@type\":\"WebPage\",\"@id\":\"https:\/\/tourtravelandmore.com\/es\/tours\/espana-es\/marbella-puerto-banus-es\/tour-malaga-desde-marbella-con-guia-oficial-privado-y-vehiculo\/\",\"url\":\"https:\/\/tourtravelandmore.com\/es\/tours\/espana-es\/marbella-puerto-banus-es\/tour-malaga-desde-marbella-con-guia-oficial-privado-y-vehiculo\/\",\"name\":\"\u27a1\ufe0f Tour Malaga desde marbella con Guia oficial privado y vehiculo | Tour Travel & More\",\"isPartOf\":{\"@id\":\"https:\/\/tourtravelandmore.com\/es\/#website\"},\"primaryImageOfPage\":{\"@id\":\"https:\/\/tourtravelandmore.com\/es\/tours\/espana-es\/marbella-puerto-banus-es\/tour-malaga-desde-marbella-con-guia-oficial-privado-y-vehiculo\/#primaryimage\"},\"image\":{\"@id\":\"https:\/\/tourtravelandmore.com\/es\/tours\/espana-es\/marbella-puerto-banus-es\/tour-malaga-desde-marbella-con-guia-oficial-privado-y-vehiculo\/#primaryimage\"},\"thumbnailUrl\":\"https:\/\/tourtravelandmore.com\/wp-content\/uploads\/2016\/03\/Malaga-5.jpg\",\"datePublished\":\"2016-12-28T12:21:09+00:00\",\"dateModified\":\"2023-03-07T02:31:17+00:00\",\"description\":\"Disfruta de este tour de Malaga desde Marbella con gu\u00eda oficial privado y vehiculo y descubre una de las ciudades m\u00e1s importantes de Andaluc\u00eda \u2705\",\"breadcrumb\":{\"@id\":\"https:\/\/tourtravelandmore.com\/es\/tours\/espana-es\/marbella-puerto-banus-es\/tour-malaga-desde-marbella-con-guia-oficial-privado-y-vehiculo\/#breadcrumb\"},\"inLanguage\":\"es\",\"potentialAction\":[{\"@type\":\"ReadAction\",\"target\":[\"https:\/\/tourtravelandmore.com\/es\/tours\/espana-es\/marbella-puerto-banus-es\/tour-malaga-desde-marbella-con-guia-oficial-privado-y-vehiculo\/\"]}]},{\"@type\":\"ImageObject\",\"inLanguage\":\"es\",\"@id\":\"https:\/\/tourtravelandmore.com\/es\/tours\/espana-es\/marbella-puerto-banus-es\/tour-malaga-desde-marbella-con-guia-oficial-privado-y-vehiculo\/#primaryimage\",\"url\":\"https:\/\/tourtravelandmore.com\/wp-content\/uploads\/2016\/03\/Malaga-5.jpg\",\"contentUrl\":\"https:\/\/tourtravelandmore.com\/wp-content\/uploads\/2016\/03\/Malaga-5.jpg\",\"width\":1620,\"height\":1080},{\"@type\":\"BreadcrumbList\",\"@id\":\"https:\/\/tourtravelandmore.com\/es\/tours\/espana-es\/marbella-puerto-banus-es\/tour-malaga-desde-marbella-con-guia-oficial-privado-y-vehiculo\/#breadcrumb\",\"itemListElement\":[{\"@type\":\"ListItem\",\"position\":1,\"name\":\"Home\",\"item\":\"https:\/\/tourtravelandmore.com\/es\/\"},{\"@type\":\"ListItem\",\"position\":2,\"name\":\"Tours\",\"item\":\"https:\/\/tourtravelandmore.com\/es\/tours\/\"},{\"@type\":\"ListItem\",\"position\":3,\"name\":\"Tour Privado de M\u00e1laga desde Marbella o Puerto Ban\u00fas\"}]},{\"@type\":\"WebSite\",\"@id\":\"https:\/\/tourtravelandmore.com\/es\/#website\",\"url\":\"https:\/\/tourtravelandmore.com\/es\/\",\"name\":\"Tour Travel And More\",\"description\":\"Private sightseeing tours and luxury transfers in Spain\",\"publisher\":{\"@id\":\"https:\/\/tourtravelandmore.com\/es\/#organization\"},\"potentialAction\":[{\"@type\":\"SearchAction\",\"target\":{\"@type\":\"EntryPoint\",\"urlTemplate\":\"https:\/\/tourtravelandmore.com\/es\/?s={search_term_string}\"},\"query-input\":{\"@type\":\"PropertyValueSpecification\",\"valueRequired\":true,\"valueName\":\"search_term_string\"}}],\"inLanguage\":\"es\"},{\"@type\":\"Organization\",\"@id\":\"https:\/\/tourtravelandmore.com\/es\/#organization\",\"name\":\"Tour Travel And More\",\"url\":\"https:\/\/tourtravelandmore.com\/es\/\",\"logo\":{\"@type\":\"ImageObject\",\"inLanguage\":\"es\",\"@id\":\"https:\/\/tourtravelandmore.com\/es\/#\/schema\/logo\/image\/\",\"url\":\"https:\/\/tourtravelandmore.com\/wp-content\/uploads\/2022\/12\/cropped-logo-cabecera-new.png\",\"contentUrl\":\"https:\/\/tourtravelandmore.com\/wp-content\/uploads\/2022\/12\/cropped-logo-cabecera-new.png\",\"width\":430,\"height\":61,\"caption\":\"Tour Travel And More\"},\"image\":{\"@id\":\"https:\/\/tourtravelandmore.com\/es\/#\/schema\/logo\/image\/\"},\"sameAs\":[\"https:\/\/www.facebook.com\/tourtravelandmore\/\",\"https:\/\/x.com\/TourTravel_More\"]}]}<\/script>\n<!-- \/ Yoast SEO Premium plugin. -->","yoast_head_json":{"title":"\u27a1\ufe0f Tour Malaga desde marbella con Guia oficial privado y vehiculo | Tour Travel & More","description":"Disfruta de este tour de Malaga desde Marbella con gu\u00eda oficial privado y vehiculo y descubre una de las ciudades m\u00e1s importantes de Andaluc\u00eda \u2705","robots":{"index":"index","follow":"follow","max-snippet":"max-snippet:-1","max-image-preview":"max-image-preview:large","max-video-preview":"max-video-preview:-1"},"canonical":"https:\/\/tourtravelandmore.com\/es\/tours\/espana-es\/marbella-puerto-banus-es\/tour-malaga-desde-marbella-con-guia-oficial-privado-y-vehiculo\/","og_locale":"es_ES","og_type":"article","og_title":"Tour Privado de M\u00e1laga desde Marbella o Puerto Ban\u00fas","og_description":"Disfruta de este tour de Malaga desde Marbella con gu\u00eda oficial privado y vehiculo y descubre una de las ciudades m\u00e1s importantes de Andaluc\u00eda \u2705","og_url":"https:\/\/tourtravelandmore.com\/es\/tours\/espana-es\/marbella-puerto-banus-es\/tour-malaga-desde-marbella-con-guia-oficial-privado-y-vehiculo\/","og_site_name":"Tour Travel And More","article_publisher":"https:\/\/www.facebook.com\/tourtravelandmore\/","article_modified_time":"2023-03-07T02:31:17+00:00","og_image":[{"width":1620,"height":1080,"url":"https:\/\/tourtravelandmore.com\/wp-content\/uploads\/2016\/03\/Malaga-5.jpg","type":"image\/jpeg"}],"twitter_card":"summary_large_image","twitter_site":"@TourTravel_More","twitter_misc":{"Tiempo de lectura":"2 minutos"},"schema":{"@context":"https:\/\/schema.org","@graph":[{"@type":"WebPage","@id":"https:\/\/tourtravelandmore.com\/es\/tours\/espana-es\/marbella-puerto-banus-es\/tour-malaga-desde-marbella-con-guia-oficial-privado-y-vehiculo\/","url":"https:\/\/tourtravelandmore.com\/es\/tours\/espana-es\/marbella-puerto-banus-es\/tour-malaga-desde-marbella-con-guia-oficial-privado-y-vehiculo\/","name":"\u27a1\ufe0f Tour Malaga desde marbella con Guia oficial privado y vehiculo | Tour Travel & More","isPartOf":{"@id":"https:\/\/tourtravelandmore.com\/es\/#website"},"primaryImageOfPage":{"@id":"https:\/\/tourtravelandmore.com\/es\/tours\/espana-es\/marbella-puerto-banus-es\/tour-malaga-desde-marbella-con-guia-oficial-privado-y-vehiculo\/#primaryimage"},"image":{"@id":"https:\/\/tourtravelandmore.com\/es\/tours\/espana-es\/marbella-puerto-banus-es\/tour-malaga-desde-marbella-con-guia-oficial-privado-y-vehiculo\/#primaryimage"},"thumbnailUrl":"https:\/\/tourtravelandmore.com\/wp-content\/uploads\/2016\/03\/Malaga-5.jpg","datePublished":"2016-12-28T12:21:09+00:00","dateModified":"2023-03-07T02:31:17+00:00","description":"Disfruta de este tour de Malaga desde Marbella con gu\u00eda oficial privado y vehiculo y descubre una de las ciudades m\u00e1s importantes de Andaluc\u00eda \u2705","breadcrumb":{"@id":"https:\/\/tourtravelandmore.com\/es\/tours\/espana-es\/marbella-puerto-banus-es\/tour-malaga-desde-marbella-con-guia-oficial-privado-y-vehiculo\/#breadcrumb"},"inLanguage":"es","potentialAction":[{"@type":"ReadAction","target":["https:\/\/tourtravelandmore.com\/es\/tours\/espana-es\/marbella-puerto-banus-es\/tour-malaga-desde-marbella-con-guia-oficial-privado-y-vehiculo\/"]}]},{"@type":"ImageObject","inLanguage":"es","@id":"https:\/\/tourtravelandmore.com\/es\/tours\/espana-es\/marbella-puerto-banus-es\/tour-malaga-desde-marbella-con-guia-oficial-privado-y-vehiculo\/#primaryimage","url":"https:\/\/tourtravelandmore.com\/wp-content\/uploads\/2016\/03\/Malaga-5.jpg","contentUrl":"https:\/\/tourtravelandmore.com\/wp-content\/uploads\/2016\/03\/Malaga-5.jpg","width":1620,"height":1080},{"@type":"BreadcrumbList","@id":"https:\/\/tourtravelandmore.com\/es\/tours\/espana-es\/marbella-puerto-banus-es\/tour-malaga-desde-marbella-con-guia-oficial-privado-y-vehiculo\/#breadcrumb","itemListElement":[{"@type":"ListItem","position":1,"name":"Home","item":"https:\/\/tourtravelandmore.com\/es\/"},{"@type":"ListItem","position":2,"name":"Tours","item":"https:\/\/tourtravelandmore.com\/es\/tours\/"},{"@type":"ListItem","position":3,"name":"Tour Privado de M\u00e1laga desde Marbella o Puerto Ban\u00fas"}]},{"@type":"WebSite","@id":"https:\/\/tourtravelandmore.com\/es\/#website","url":"https:\/\/tourtravelandmore.com\/es\/","name":"Tour Travel And More","description":"Private sightseeing tours and luxury transfers in Spain","publisher":{"@id":"https:\/\/tourtravelandmore.com\/es\/#organization"},"potentialAction":[{"@type":"SearchAction","target":{"@type":"EntryPoint","urlTemplate":"https:\/\/tourtravelandmore.com\/es\/?s={search_term_string}"},"query-input":{"@type":"PropertyValueSpecification","valueRequired":true,"valueName":"search_term_string"}}],"inLanguage":"es"},{"@type":"Organization","@id":"https:\/\/tourtravelandmore.com\/es\/#organization","name":"Tour Travel And More","url":"https:\/\/tourtravelandmore.com\/es\/","logo":{"@type":"ImageObject","inLanguage":"es","@id":"https:\/\/tourtravelandmore.com\/es\/#\/schema\/logo\/image\/","url":"https:\/\/tourtravelandmore.com\/wp-content\/uploads\/2022\/12\/cropped-logo-cabecera-new.png","contentUrl":"https:\/\/tourtravelandmore.com\/wp-content\/uploads\/2022\/12\/cropped-logo-cabecera-new.png","width":430,"height":61,"caption":"Tour Travel And More"},"image":{"@id":"https:\/\/tourtravelandmore.com\/es\/#\/schema\/logo\/image\/"},"sameAs":["https:\/\/www.facebook.com\/tourtravelandmore\/","https:\/\/x.com\/TourTravel_More"]}]}},"_links":{"self":[{"href":"https:\/\/tourtravelandmore.com\/es\/wp-json\/wp\/v2\/product\/9603","targetHints":{"allow":["GET"]}}],"collection":[{"href":"https:\/\/tourtravelandmore.com\/es\/wp-json\/wp\/v2\/product"}],"about":[{"href":"https:\/\/tourtravelandmore.com\/es\/wp-json\/wp\/v2\/types\/product"}],"replies":[{"embeddable":true,"href":"https:\/\/tourtravelandmore.com\/es\/wp-json\/wp\/v2\/comments?post=9603"}],"wp:featuredmedia":[{"embeddable":true,"href":"https:\/\/tourtravelandmore.com\/es\/wp-json\/wp\/v2\/media\/687"}],"wp:attachment":[{"href":"https:\/\/tourtravelandmore.com\/es\/wp-json\/wp\/v2\/media?parent=9603"}],"wp:term":[{"taxonomy":"product_brand","embeddable":true,"href":"https:\/\/tourtravelandmore.com\/es\/wp-json\/wp\/v2\/product_brand?post=9603"},{"taxonomy":"product_cat","embeddable":true,"href":"https:\/\/tourtravelandmore.com\/es\/wp-json\/wp\/v2\/product_cat?post=9603"},{"taxonomy":"product_tag","embeddable":true,"href":"https:\/\/tourtravelandmore.com\/es\/wp-json\/wp\/v2\/product_tag?post=9603"}],"curies":[{"name":"wp","href":"https:\/\/api.w.org\/{rel}","templated":true}]}}