{"id":960,"date":"2016-03-09T15:23:46","date_gmt":"2016-04-19T18:11:01","guid":{"rendered":"http:\/\/tourtravelandmore.com\/?post_type=product&#038;p=960&#038;lang=es"},"modified":"2024-02-27T14:09:03","modified_gmt":"2024-02-27T13:09:03","slug":"tour-privado-cadiz-con-guia-oficial-y-vehiculo-privado-con-chofer","status":"publish","type":"product","link":"https:\/\/tourtravelandmore.com\/es\/tours\/espana-es\/cadiz-es\/tour-privado-cadiz-con-guia-oficial-y-vehiculo-privado-con-chofer\/","title":{"rendered":"Tour privado de Cadiz con Guia y Vehiculo"},"content":{"rendered":"<h2><strong>Descripci\u00f3n del Tour privado de C\u00e1diz con Gu\u00eda y Veh\u00edculo<\/strong><\/h2>\n<p>Disfruta de este tour privado C\u00e1diz y conoce una de las ciudades m\u00e1s importantes de Andaluc\u00eda, junto a su gu\u00eda oficial privado y su veh\u00edculo con conductor.<\/p>\n<p>C\u00e1diz es una de las ciudades m\u00e1s antiguas y bellas de Europa, en la que adem\u00e1s se celebra uno de los m\u00e1s populares, divertidos y mejores carnavales de Espa\u00f1a. Los viajeros no solo llegan a esta ciudad atra\u00edda por su carnaval, sino tambi\u00e9n su ambiente y sus magn\u00edficos rincones capaces de enamorar a cualquiera.<\/p>\n<p>La duraci\u00f3n de este tour privado C\u00e1diz es de 4 horas. El tour es completamente privado, pueden escoger la hora y lugar de comienzo.<\/p>\n<h2>Puntos de inter\u00e9s en el Tour privado de C\u00e1diz con Gu\u00eda y Veh\u00edculo<\/h2>\n<p>A la hora seleccionado, nuestro gu\u00eda y chofer privado, le recoger\u00e1n para empezar su tour, desde cualquier lugar de su elecci\u00f3n.<\/p>\n<p>Empezaremos por conocer el <strong>Paseo Mar\u00edtimo de la ciudad, <\/strong>es lugar m\u00e1s importante y bonito de la ciudad. Guarda una gran semejanza con el malec\u00f3n de La Habana.<\/p>\n<p>A continuaci\u00f3n nos dirigiremos hacia el centro de la ciudad, para conocer <strong> Plaza San Juan de Dios o Plaza del ayutamiento. <\/strong>En ella destacan interesantes edificios como la iglesia de <strong>San Juan de Dios, la Casa de los Pazos Miranda y el Ayuntamiento<\/strong>\u00a0resultado de dos etapas; la primera y principal neocl\u00e1sica, iniciada en 1799 por el arquitecto <em>Torcuato Benjumeda<\/em>, y la segunda correspondiente al per\u00edodo isabelino, obra de <em>Garc\u00eda Alamo<\/em>.<\/p>\n<p>Continuaremos nuestro tour el <span id=\"barrio-del-populo-el-mas-antiguo-de-la-ciudad\"><strong>Barrio del P\u00f3pulo<\/strong>, el m\u00e1s antiguo de la ciudad y conoceremos los tres arcos de entrada (Arco de la Rosa, <strong>Arco del P\u00f3pulo<\/strong>, <strong>Arco de los Blancos, <\/strong><br \/>\n<\/span><\/p>\n<p>Seguiremos hacia el <strong>Mercado central<\/strong>, se trata de un mercado que acoge una multitud de puestos de entre los que destacan sobre todo los de pescados y mariscos frescos. Uno de los rincones m\u00e1s relevantes y peculiares que ver en C\u00e1diz.<\/p>\n<p>Despu\u00f1es del Mercado, conoceremos la hermosa <strong>Plaza de las Flores y la <\/strong><span id=\"torre-tavira-el-edificio-mas-alto-del-casco-historico\"><strong>Torre Tavira<\/strong>, el edificio m\u00e1s alto del casco hist\u00f3rico.<\/span><\/p>\n<p>Llegaremos hasta el famoso <span id=\"teatro-falla-el-epicentro-del-carnaval-de-cadiz\"><strong>Teatro Falla<\/strong>, el epicentro del carnaval de C\u00e1diz y el<strong> Parque Genov\u00e9s<\/strong> (Data de finales del siglo XVIII y desde su inauguraci\u00f3n aparece en casi todos los rankings como unos de los parques urbanos m\u00e1s bonitos de Espa\u00f1a).<br \/>\n<\/span><\/p>\n<p>Finalizaremos el tour en el<strong> <span id=\"castillo-de-santa-catalina-una-de-las-imagenes-de-la-ciudad\">Castillo de Santa Catalina <\/span><\/strong><span id=\"castillo-de-santa-catalina-una-de-las-imagenes-de-la-ciudad\">y si disponemos de tiempo conoceremos alguna playa importante de su alrededor.<br \/>\n<\/span><\/p>\n<p>Si dispone de m\u00e1s d\u00edas en la ciudad de C\u00e1diz, puede consultar <a href=\"https:\/\/tourtravelandmore.com\/es\/ciudad\/espana-es\/cadiz-es\/\"><strong>aqu\u00ed<\/strong><\/a> el resto de tours privados de la ciudad.<\/p>\n","protected":false},"excerpt":{"rendered":"<p>Descubre la ciudad de Cad\u00edz de la forma m\u00e1s c\u00f3moda y r\u00e1pida, gracias a este tour privado con gu\u00eda oficial y vehiculo privado. Descubre la ciudad y sus principales monumentos: Paseo Mar\u00edtimo, Plaza San Juan de Dios o Plaza del ayutamiento, <span id=\"barrio-del-populo-el-mas-antiguo-de-la-ciudad\">Barrio del P\u00f3pulo, Mercado central, Plaza de las Flores y mucho m\u00e1s. Disfruta de una de las ciudades m\u00e1s importantes y antiguas de Andaluc\u00eda, gracias a este tour privado.<\/span><\/p>\n<p>&nbsp;<\/p>\n","protected":false},"featured_media":59533,"comment_status":"open","ping_status":"closed","template":"","meta":{"_acf_changed":false},"product_brand":[],"product_cat":[70,71,73,72,521],"product_tag":[],"class_list":{"0":"post-960","1":"product","2":"type-product","3":"status-publish","4":"has-post-thumbnail","6":"product_cat-cadiz-es","7":"product_cat-cadiz-actividades-es","8":"product_cat-cadiz-rutas-turisticas-privadas-es","9":"product_cat-cadiz-excursiones-es","10":"product_cat-cadiz-excursiones-privadas-cruceros-es","12":"first","13":"instock","14":"shipping-taxable","15":"purchasable","16":"product-type-simple"},"acf":[],"yoast_head":"<!-- This site is optimized with the Yoast SEO Premium plugin v25.3.1 (Yoast SEO v25.3.1) - https:\/\/yoast.com\/wordpress\/plugins\/seo\/ -->\n<title>\u27a1\ufe0f Tour privado Cadiz con gu\u00eda oficial y vehiculo privado con chofer | Tour Travel &amp; More<\/title>\n<meta name=\"description\" content=\"Disfruta de este tour privado Cadiz, con gu\u00eda oficial y veh\u00edculo. Disfrute de los monumentos y zonas m\u00e1s emblem\u00e1ticas de C\u00e1diz: Catedral, Teatro Romano \u2705\" \/>\n<meta name=\"robots\" content=\"index, follow, max-snippet:-1, max-image-preview:large, max-video-preview:-1\" \/>\n<link rel=\"canonical\" href=\"https:\/\/tourtravelandmore.com\/es\/tours\/espana-es\/cadiz-es\/tour-privado-cadiz-con-guia-oficial-y-vehiculo-privado-con-chofer\/\" \/>\n<meta property=\"og:locale\" content=\"es_ES\" \/>\n<meta property=\"og:type\" content=\"article\" \/>\n<meta property=\"og:title\" content=\"Tour privado de Cadiz con Guia y Vehiculo\" \/>\n<meta property=\"og:description\" content=\"Disfruta de este tour privado Cadiz, con gu\u00eda oficial y veh\u00edculo. Disfrute de los monumentos y zonas m\u00e1s emblem\u00e1ticas de C\u00e1diz: Catedral, Teatro Romano \u2705\" \/>\n<meta property=\"og:url\" content=\"https:\/\/tourtravelandmore.com\/es\/tours\/espana-es\/cadiz-es\/tour-privado-cadiz-con-guia-oficial-y-vehiculo-privado-con-chofer\/\" \/>\n<meta property=\"og:site_name\" content=\"Tour Travel And More\" \/>\n<meta property=\"article:publisher\" content=\"https:\/\/www.facebook.com\/tourtravelandmore\/\" \/>\n<meta property=\"article:modified_time\" content=\"2024-02-27T13:09:03+00:00\" \/>\n<meta property=\"og:image\" content=\"https:\/\/tourtravelandmore.com\/wp-content\/uploads\/2016\/03\/PlazaSAntonioCadiz.jpg\" \/>\n\t<meta property=\"og:image:width\" content=\"787\" \/>\n\t<meta property=\"og:image:height\" content=\"600\" \/>\n\t<meta property=\"og:image:type\" content=\"image\/jpeg\" \/>\n<meta name=\"twitter:card\" content=\"summary_large_image\" \/>\n<meta name=\"twitter:site\" content=\"@TourTravel_More\" \/>\n<meta name=\"twitter:label1\" content=\"Tiempo de lectura\" \/>\n\t<meta name=\"twitter:data1\" content=\"2 minutos\" \/>\n<script type=\"application\/ld+json\" class=\"yoast-schema-graph\">{\"@context\":\"https:\/\/schema.org\",\"@graph\":[{\"@type\":\"WebPage\",\"@id\":\"https:\/\/tourtravelandmore.com\/es\/tours\/espana-es\/cadiz-es\/tour-privado-cadiz-con-guia-oficial-y-vehiculo-privado-con-chofer\/\",\"url\":\"https:\/\/tourtravelandmore.com\/es\/tours\/espana-es\/cadiz-es\/tour-privado-cadiz-con-guia-oficial-y-vehiculo-privado-con-chofer\/\",\"name\":\"\u27a1\ufe0f Tour privado Cadiz con gu\u00eda oficial y vehiculo privado con chofer | Tour Travel & More\",\"isPartOf\":{\"@id\":\"https:\/\/tourtravelandmore.com\/es\/#website\"},\"primaryImageOfPage\":{\"@id\":\"https:\/\/tourtravelandmore.com\/es\/tours\/espana-es\/cadiz-es\/tour-privado-cadiz-con-guia-oficial-y-vehiculo-privado-con-chofer\/#primaryimage\"},\"image\":{\"@id\":\"https:\/\/tourtravelandmore.com\/es\/tours\/espana-es\/cadiz-es\/tour-privado-cadiz-con-guia-oficial-y-vehiculo-privado-con-chofer\/#primaryimage\"},\"thumbnailUrl\":\"https:\/\/tourtravelandmore.com\/wp-content\/uploads\/2016\/03\/PlazaSAntonioCadiz.jpg\",\"datePublished\":\"2016-04-19T18:11:01+00:00\",\"dateModified\":\"2024-02-27T13:09:03+00:00\",\"description\":\"Disfruta de este tour privado Cadiz, con gu\u00eda oficial y veh\u00edculo. Disfrute de los monumentos y zonas m\u00e1s emblem\u00e1ticas de C\u00e1diz: Catedral, Teatro Romano \u2705\",\"breadcrumb\":{\"@id\":\"https:\/\/tourtravelandmore.com\/es\/tours\/espana-es\/cadiz-es\/tour-privado-cadiz-con-guia-oficial-y-vehiculo-privado-con-chofer\/#breadcrumb\"},\"inLanguage\":\"es\",\"potentialAction\":[{\"@type\":\"ReadAction\",\"target\":[\"https:\/\/tourtravelandmore.com\/es\/tours\/espana-es\/cadiz-es\/tour-privado-cadiz-con-guia-oficial-y-vehiculo-privado-con-chofer\/\"]}]},{\"@type\":\"ImageObject\",\"inLanguage\":\"es\",\"@id\":\"https:\/\/tourtravelandmore.com\/es\/tours\/espana-es\/cadiz-es\/tour-privado-cadiz-con-guia-oficial-y-vehiculo-privado-con-chofer\/#primaryimage\",\"url\":\"https:\/\/tourtravelandmore.com\/wp-content\/uploads\/2016\/03\/PlazaSAntonioCadiz.jpg\",\"contentUrl\":\"https:\/\/tourtravelandmore.com\/wp-content\/uploads\/2016\/03\/PlazaSAntonioCadiz.jpg\",\"width\":787,\"height\":600},{\"@type\":\"BreadcrumbList\",\"@id\":\"https:\/\/tourtravelandmore.com\/es\/tours\/espana-es\/cadiz-es\/tour-privado-cadiz-con-guia-oficial-y-vehiculo-privado-con-chofer\/#breadcrumb\",\"itemListElement\":[{\"@type\":\"ListItem\",\"position\":1,\"name\":\"Home\",\"item\":\"https:\/\/tourtravelandmore.com\/es\/\"},{\"@type\":\"ListItem\",\"position\":2,\"name\":\"Tours\",\"item\":\"https:\/\/tourtravelandmore.com\/es\/tours\/\"},{\"@type\":\"ListItem\",\"position\":3,\"name\":\"Tour privado de Cadiz con Guia y Vehiculo\"}]},{\"@type\":\"WebSite\",\"@id\":\"https:\/\/tourtravelandmore.com\/es\/#website\",\"url\":\"https:\/\/tourtravelandmore.com\/es\/\",\"name\":\"Tour Travel And More\",\"description\":\"Private sightseeing tours and luxury transfers in Spain\",\"publisher\":{\"@id\":\"https:\/\/tourtravelandmore.com\/es\/#organization\"},\"potentialAction\":[{\"@type\":\"SearchAction\",\"target\":{\"@type\":\"EntryPoint\",\"urlTemplate\":\"https:\/\/tourtravelandmore.com\/es\/?s={search_term_string}\"},\"query-input\":{\"@type\":\"PropertyValueSpecification\",\"valueRequired\":true,\"valueName\":\"search_term_string\"}}],\"inLanguage\":\"es\"},{\"@type\":\"Organization\",\"@id\":\"https:\/\/tourtravelandmore.com\/es\/#organization\",\"name\":\"Tour Travel And More\",\"url\":\"https:\/\/tourtravelandmore.com\/es\/\",\"logo\":{\"@type\":\"ImageObject\",\"inLanguage\":\"es\",\"@id\":\"https:\/\/tourtravelandmore.com\/es\/#\/schema\/logo\/image\/\",\"url\":\"https:\/\/tourtravelandmore.com\/wp-content\/uploads\/2022\/12\/cropped-logo-cabecera-new.png\",\"contentUrl\":\"https:\/\/tourtravelandmore.com\/wp-content\/uploads\/2022\/12\/cropped-logo-cabecera-new.png\",\"width\":430,\"height\":61,\"caption\":\"Tour Travel And More\"},\"image\":{\"@id\":\"https:\/\/tourtravelandmore.com\/es\/#\/schema\/logo\/image\/\"},\"sameAs\":[\"https:\/\/www.facebook.com\/tourtravelandmore\/\",\"https:\/\/x.com\/TourTravel_More\"]}]}<\/script>\n<!-- \/ Yoast SEO Premium plugin. -->","yoast_head_json":{"title":"\u27a1\ufe0f Tour privado Cadiz con gu\u00eda oficial y vehiculo privado con chofer | Tour Travel & More","description":"Disfruta de este tour privado Cadiz, con gu\u00eda oficial y veh\u00edculo. Disfrute de los monumentos y zonas m\u00e1s emblem\u00e1ticas de C\u00e1diz: Catedral, Teatro Romano \u2705","robots":{"index":"index","follow":"follow","max-snippet":"max-snippet:-1","max-image-preview":"max-image-preview:large","max-video-preview":"max-video-preview:-1"},"canonical":"https:\/\/tourtravelandmore.com\/es\/tours\/espana-es\/cadiz-es\/tour-privado-cadiz-con-guia-oficial-y-vehiculo-privado-con-chofer\/","og_locale":"es_ES","og_type":"article","og_title":"Tour privado de Cadiz con Guia y Vehiculo","og_description":"Disfruta de este tour privado Cadiz, con gu\u00eda oficial y veh\u00edculo. Disfrute de los monumentos y zonas m\u00e1s emblem\u00e1ticas de C\u00e1diz: Catedral, Teatro Romano \u2705","og_url":"https:\/\/tourtravelandmore.com\/es\/tours\/espana-es\/cadiz-es\/tour-privado-cadiz-con-guia-oficial-y-vehiculo-privado-con-chofer\/","og_site_name":"Tour Travel And More","article_publisher":"https:\/\/www.facebook.com\/tourtravelandmore\/","article_modified_time":"2024-02-27T13:09:03+00:00","og_image":[{"width":787,"height":600,"url":"https:\/\/tourtravelandmore.com\/wp-content\/uploads\/2016\/03\/PlazaSAntonioCadiz.jpg","type":"image\/jpeg"}],"twitter_card":"summary_large_image","twitter_site":"@TourTravel_More","twitter_misc":{"Tiempo de lectura":"2 minutos"},"schema":{"@context":"https:\/\/schema.org","@graph":[{"@type":"WebPage","@id":"https:\/\/tourtravelandmore.com\/es\/tours\/espana-es\/cadiz-es\/tour-privado-cadiz-con-guia-oficial-y-vehiculo-privado-con-chofer\/","url":"https:\/\/tourtravelandmore.com\/es\/tours\/espana-es\/cadiz-es\/tour-privado-cadiz-con-guia-oficial-y-vehiculo-privado-con-chofer\/","name":"\u27a1\ufe0f Tour privado Cadiz con gu\u00eda oficial y vehiculo privado con chofer | Tour Travel & More","isPartOf":{"@id":"https:\/\/tourtravelandmore.com\/es\/#website"},"primaryImageOfPage":{"@id":"https:\/\/tourtravelandmore.com\/es\/tours\/espana-es\/cadiz-es\/tour-privado-cadiz-con-guia-oficial-y-vehiculo-privado-con-chofer\/#primaryimage"},"image":{"@id":"https:\/\/tourtravelandmore.com\/es\/tours\/espana-es\/cadiz-es\/tour-privado-cadiz-con-guia-oficial-y-vehiculo-privado-con-chofer\/#primaryimage"},"thumbnailUrl":"https:\/\/tourtravelandmore.com\/wp-content\/uploads\/2016\/03\/PlazaSAntonioCadiz.jpg","datePublished":"2016-04-19T18:11:01+00:00","dateModified":"2024-02-27T13:09:03+00:00","description":"Disfruta de este tour privado Cadiz, con gu\u00eda oficial y veh\u00edculo. Disfrute de los monumentos y zonas m\u00e1s emblem\u00e1ticas de C\u00e1diz: Catedral, Teatro Romano \u2705","breadcrumb":{"@id":"https:\/\/tourtravelandmore.com\/es\/tours\/espana-es\/cadiz-es\/tour-privado-cadiz-con-guia-oficial-y-vehiculo-privado-con-chofer\/#breadcrumb"},"inLanguage":"es","potentialAction":[{"@type":"ReadAction","target":["https:\/\/tourtravelandmore.com\/es\/tours\/espana-es\/cadiz-es\/tour-privado-cadiz-con-guia-oficial-y-vehiculo-privado-con-chofer\/"]}]},{"@type":"ImageObject","inLanguage":"es","@id":"https:\/\/tourtravelandmore.com\/es\/tours\/espana-es\/cadiz-es\/tour-privado-cadiz-con-guia-oficial-y-vehiculo-privado-con-chofer\/#primaryimage","url":"https:\/\/tourtravelandmore.com\/wp-content\/uploads\/2016\/03\/PlazaSAntonioCadiz.jpg","contentUrl":"https:\/\/tourtravelandmore.com\/wp-content\/uploads\/2016\/03\/PlazaSAntonioCadiz.jpg","width":787,"height":600},{"@type":"BreadcrumbList","@id":"https:\/\/tourtravelandmore.com\/es\/tours\/espana-es\/cadiz-es\/tour-privado-cadiz-con-guia-oficial-y-vehiculo-privado-con-chofer\/#breadcrumb","itemListElement":[{"@type":"ListItem","position":1,"name":"Home","item":"https:\/\/tourtravelandmore.com\/es\/"},{"@type":"ListItem","position":2,"name":"Tours","item":"https:\/\/tourtravelandmore.com\/es\/tours\/"},{"@type":"ListItem","position":3,"name":"Tour privado de Cadiz con Guia y Vehiculo"}]},{"@type":"WebSite","@id":"https:\/\/tourtravelandmore.com\/es\/#website","url":"https:\/\/tourtravelandmore.com\/es\/","name":"Tour Travel And More","description":"Private sightseeing tours and luxury transfers in Spain","publisher":{"@id":"https:\/\/tourtravelandmore.com\/es\/#organization"},"potentialAction":[{"@type":"SearchAction","target":{"@type":"EntryPoint","urlTemplate":"https:\/\/tourtravelandmore.com\/es\/?s={search_term_string}"},"query-input":{"@type":"PropertyValueSpecification","valueRequired":true,"valueName":"search_term_string"}}],"inLanguage":"es"},{"@type":"Organization","@id":"https:\/\/tourtravelandmore.com\/es\/#organization","name":"Tour Travel And More","url":"https:\/\/tourtravelandmore.com\/es\/","logo":{"@type":"ImageObject","inLanguage":"es","@id":"https:\/\/tourtravelandmore.com\/es\/#\/schema\/logo\/image\/","url":"https:\/\/tourtravelandmore.com\/wp-content\/uploads\/2022\/12\/cropped-logo-cabecera-new.png","contentUrl":"https:\/\/tourtravelandmore.com\/wp-content\/uploads\/2022\/12\/cropped-logo-cabecera-new.png","width":430,"height":61,"caption":"Tour Travel And More"},"image":{"@id":"https:\/\/tourtravelandmore.com\/es\/#\/schema\/logo\/image\/"},"sameAs":["https:\/\/www.facebook.com\/tourtravelandmore\/","https:\/\/x.com\/TourTravel_More"]}]}},"_links":{"self":[{"href":"https:\/\/tourtravelandmore.com\/es\/wp-json\/wp\/v2\/product\/960","targetHints":{"allow":["GET"]}}],"collection":[{"href":"https:\/\/tourtravelandmore.com\/es\/wp-json\/wp\/v2\/product"}],"about":[{"href":"https:\/\/tourtravelandmore.com\/es\/wp-json\/wp\/v2\/types\/product"}],"replies":[{"embeddable":true,"href":"https:\/\/tourtravelandmore.com\/es\/wp-json\/wp\/v2\/comments?post=960"}],"wp:featuredmedia":[{"embeddable":true,"href":"https:\/\/tourtravelandmore.com\/es\/wp-json\/wp\/v2\/media\/59533"}],"wp:attachment":[{"href":"https:\/\/tourtravelandmore.com\/es\/wp-json\/wp\/v2\/media?parent=960"}],"wp:term":[{"taxonomy":"product_brand","embeddable":true,"href":"https:\/\/tourtravelandmore.com\/es\/wp-json\/wp\/v2\/product_brand?post=960"},{"taxonomy":"product_cat","embeddable":true,"href":"https:\/\/tourtravelandmore.com\/es\/wp-json\/wp\/v2\/product_cat?post=960"},{"taxonomy":"product_tag","embeddable":true,"href":"https:\/\/tourtravelandmore.com\/es\/wp-json\/wp\/v2\/product_tag?post=960"}],"curies":[{"name":"wp","href":"https:\/\/api.w.org\/{rel}","templated":true}]}}