{"id":9598,"date":"2016-08-26T10:50:57","date_gmt":"2016-12-28T12:15:19","guid":{"rendered":"http:\/\/tourtravelandmore.com\/es\/?post_type=product&#038;p=9598"},"modified":"2023-03-07T03:34:02","modified_gmt":"2023-03-07T02:34:02","slug":"tour-sevilla-desde-marbella-tour-privado-con-guia-oficial-y-vehiculo","status":"publish","type":"product","link":"https:\/\/tourtravelandmore.com\/es\/tours\/espana-es\/marbella-puerto-banus-es\/tour-sevilla-desde-marbella-tour-privado-con-guia-oficial-y-vehiculo\/","title":{"rendered":"Tour Privado de Sevilla desde Marbella &#038; Puerto Ban\u00fas"},"content":{"rendered":"<h2>Descripci\u00f3n del Tour Privado de Sevilla desde Marbella &amp; Puerto Ban\u00fas<\/h2>\n<p>Disfrute de este <strong>tour Sevilla desde Marbella<\/strong> con vuestro gu\u00eda oficial privado y veh\u00edculo privado, y conoce los lugares m\u00e1s emblem\u00e1ticos de <strong>Sevilla.<\/strong><\/p>\n<p>La duraci\u00f3n de este tour Sevilla desde Marbella es de 10 horas. Nuestro conductor le recoger\u00e1 desde su Hotel o lugar de elecci\u00f3n a la hora seleccionado, y nos dirigiremos hacia Sevilla, d\u00f3nde esperar\u00e1 nuestro gu\u00eda oficial privado para empezar un tour de 4 horas.<\/p>\n<p>Las entradas a la Catedral de Sevilla y al Alc\u00e1zar est\u00e1n incluidas.<\/p>\n<p>Al ser un tour completamente privado, pueden escoger la hora de salida del tour y vuestro lugar de recogida dentro Marbella &amp; Puerto Banus.<\/p>\n<p>A lo largo de las 10 horas podr\u00e1n parar a comer en un lugar t\u00edpico de la ciudad y conocer su Gastronom\u00eda.<\/p>\n<h2>Puntos de inter\u00e9s en el Tour Privado de Sevilla desde Marbella &amp; Puerto Ban\u00fas<\/h2>\n<p>Le recogeremos desde su Hotel o lugar de su elecci\u00f3n en Marbella y nos dirigiremos hacia Sevilla, d\u00f3nde empezar\u00e1 nuestro gu\u00eda para comenzar su tour por la ciudad de Sevilla.<\/p>\n<p><strong>Sevilla<\/strong>, capital de Andaluc\u00ed\u00ada, ciudad romana, \u00e1rabe, renacentista, barroca, americana, mariana, flamenca, torera, moderna, festiva, luminosa, perfumada, marinera, tradicional, hospitalaria, graciosa, cosmopolita, religiosa\u2026<\/p>\n<p>Durante vuestro tour privado, podr\u00e9is ver, entre otros monumentos, los siguientes:<\/p>\n<ul>\n<li><strong>Barrio Judio<\/strong><\/li>\n<li><strong>Zona de compras exclusivas<\/strong><\/li>\n<li><strong>Plaza Espa\u00f1a<\/strong><\/li>\n<li><strong>Sanchez Pijuan<\/strong><\/li>\n<li><strong>Plaza Nova<\/strong><\/li>\n<li><strong>Catedral<\/strong><\/li>\n<li><strong>La Giralda<\/strong><\/li>\n<li><strong>Alcazar<\/strong><\/li>\n<li><strong>Torre del Oro<\/strong><\/li>\n<li><strong>Plaza de Toros<\/strong><\/li>\n<li>\u00a1Mucho m\u00e1s!<\/li>\n<\/ul>\n<p>A lo largo del tour combinaremos una panor\u00e1mica de la ciudad, y nos bajaremos en aquellos lugares m\u00e1s importantes de la ciudad. En especial en el Barrio Jud\u00edo o Casco Hist\u00f3rico, d\u00f3nde se tiene que recorrer a pie.<\/p>\n<p>Al finalizar su tour de Sevilla, podr\u00e1n parar en un lugar t\u00edpico para comer e incluso si lo desean puedan Tapear junto a su gu\u00eda por los bares m\u00e1s famosos del casco Hist\u00f3rico de la ciudad.<\/p>\n<p>Si dispone de m\u00e1s d\u00edas, puede consultar <a href=\"https:\/\/tourtravelandmore.com\/es\/ciudad\/espana-es\/marbella-puerto-banus-es\/\"><strong>aqu\u00ed<\/strong><\/a>, el resto de tours privados que ofrecemos en la ciudad de Marbella.<\/p>\n","protected":false},"excerpt":{"rendered":"<p>Disfruta de este <strong>tour privado a Sevilla desde Marbella o Puerto Ban\u00fas<\/strong>. Tome esta oportunidad para conocer y disfrutar de <strong>Sevilla<\/strong> durante este tour con vuestro guia oficial privado y vuestro veh\u00edculo de lujo con chofer. Le recogemos desde su hotel en Marbella &amp; Puerto Banus. Disfruta de los monumentos y zonas m\u00e1s emblem\u00e1ticas de Sevilla como la Catedral, Sanchez Pizjuan, Plaza Espa\u00f1a, Alcazar y mucho mas.<\/p>\n<p>&nbsp;<\/p>\n","protected":false},"featured_media":5985,"comment_status":"open","ping_status":"closed","template":"","meta":{"_acf_changed":false},"product_brand":[],"product_cat":[88,89,90],"product_tag":[],"class_list":{"0":"post-9598","1":"product","2":"type-product","3":"status-publish","4":"has-post-thumbnail","6":"product_cat-marbella-puerto-banus-es","7":"product_cat-marbella-puerto-banus-actividades-es","8":"product_cat-marbella-puerto-banus-excursiones-es","10":"first","11":"instock","12":"shipping-taxable","13":"purchasable","14":"product-type-simple"},"acf":[],"yoast_head":"<!-- This site is optimized with the Yoast SEO Premium plugin v25.3.1 (Yoast SEO v25.3.1) - https:\/\/yoast.com\/wordpress\/plugins\/seo\/ -->\n<title>\u27a1\ufe0f Tour Sevilla desde Marbella | Tour Travel &amp; More<\/title>\n<meta name=\"description\" content=\"Disfruta de este tour Sevilla desde Marbella y descubre una de las ciudades m\u00e1s importantes de Espa\u00f1a y con m\u00e1s historia, junto a su guia privado y vehiculo \u2705\" \/>\n<meta name=\"robots\" content=\"index, follow, max-snippet:-1, max-image-preview:large, max-video-preview:-1\" \/>\n<link rel=\"canonical\" href=\"https:\/\/tourtravelandmore.com\/es\/tours\/espana-es\/marbella-puerto-banus-es\/tour-sevilla-desde-marbella-tour-privado-con-guia-oficial-y-vehiculo\/\" \/>\n<meta property=\"og:locale\" content=\"es_ES\" \/>\n<meta property=\"og:type\" content=\"article\" \/>\n<meta property=\"og:title\" content=\"Tour Privado de Sevilla desde Marbella &amp; Puerto Ban\u00fas\" \/>\n<meta property=\"og:description\" content=\"Disfruta de este tour Sevilla desde Marbella y descubre una de las ciudades m\u00e1s importantes de Espa\u00f1a y con m\u00e1s historia, junto a su guia privado y vehiculo \u2705\" \/>\n<meta property=\"og:url\" content=\"https:\/\/tourtravelandmore.com\/es\/tours\/espana-es\/marbella-puerto-banus-es\/tour-sevilla-desde-marbella-tour-privado-con-guia-oficial-y-vehiculo\/\" \/>\n<meta property=\"og:site_name\" content=\"Tour Travel And More\" \/>\n<meta property=\"article:publisher\" content=\"https:\/\/www.facebook.com\/tourtravelandmore\/\" \/>\n<meta property=\"article:modified_time\" content=\"2023-03-07T02:34:02+00:00\" \/>\n<meta property=\"og:image\" content=\"https:\/\/tourtravelandmore.com\/wp-content\/uploads\/2016\/08\/image-5.jpeg\" \/>\n\t<meta property=\"og:image:width\" content=\"1024\" \/>\n\t<meta property=\"og:image:height\" content=\"682\" \/>\n\t<meta property=\"og:image:type\" content=\"image\/jpeg\" \/>\n<meta name=\"twitter:card\" content=\"summary_large_image\" \/>\n<meta name=\"twitter:site\" content=\"@TourTravel_More\" \/>\n<meta name=\"twitter:label1\" content=\"Tiempo de lectura\" \/>\n\t<meta name=\"twitter:data1\" content=\"2 minutos\" \/>\n<script type=\"application\/ld+json\" class=\"yoast-schema-graph\">{\"@context\":\"https:\/\/schema.org\",\"@graph\":[{\"@type\":\"WebPage\",\"@id\":\"https:\/\/tourtravelandmore.com\/es\/tours\/espana-es\/marbella-puerto-banus-es\/tour-sevilla-desde-marbella-tour-privado-con-guia-oficial-y-vehiculo\/\",\"url\":\"https:\/\/tourtravelandmore.com\/es\/tours\/espana-es\/marbella-puerto-banus-es\/tour-sevilla-desde-marbella-tour-privado-con-guia-oficial-y-vehiculo\/\",\"name\":\"\u27a1\ufe0f Tour Sevilla desde Marbella | Tour Travel & More\",\"isPartOf\":{\"@id\":\"https:\/\/tourtravelandmore.com\/es\/#website\"},\"primaryImageOfPage\":{\"@id\":\"https:\/\/tourtravelandmore.com\/es\/tours\/espana-es\/marbella-puerto-banus-es\/tour-sevilla-desde-marbella-tour-privado-con-guia-oficial-y-vehiculo\/#primaryimage\"},\"image\":{\"@id\":\"https:\/\/tourtravelandmore.com\/es\/tours\/espana-es\/marbella-puerto-banus-es\/tour-sevilla-desde-marbella-tour-privado-con-guia-oficial-y-vehiculo\/#primaryimage\"},\"thumbnailUrl\":\"https:\/\/tourtravelandmore.com\/wp-content\/uploads\/2016\/08\/image-5.jpeg\",\"datePublished\":\"2016-12-28T12:15:19+00:00\",\"dateModified\":\"2023-03-07T02:34:02+00:00\",\"description\":\"Disfruta de este tour Sevilla desde Marbella y descubre una de las ciudades m\u00e1s importantes de Espa\u00f1a y con m\u00e1s historia, junto a su guia privado y vehiculo \u2705\",\"breadcrumb\":{\"@id\":\"https:\/\/tourtravelandmore.com\/es\/tours\/espana-es\/marbella-puerto-banus-es\/tour-sevilla-desde-marbella-tour-privado-con-guia-oficial-y-vehiculo\/#breadcrumb\"},\"inLanguage\":\"es\",\"potentialAction\":[{\"@type\":\"ReadAction\",\"target\":[\"https:\/\/tourtravelandmore.com\/es\/tours\/espana-es\/marbella-puerto-banus-es\/tour-sevilla-desde-marbella-tour-privado-con-guia-oficial-y-vehiculo\/\"]}]},{\"@type\":\"ImageObject\",\"inLanguage\":\"es\",\"@id\":\"https:\/\/tourtravelandmore.com\/es\/tours\/espana-es\/marbella-puerto-banus-es\/tour-sevilla-desde-marbella-tour-privado-con-guia-oficial-y-vehiculo\/#primaryimage\",\"url\":\"https:\/\/tourtravelandmore.com\/wp-content\/uploads\/2016\/08\/image-5.jpeg\",\"contentUrl\":\"https:\/\/tourtravelandmore.com\/wp-content\/uploads\/2016\/08\/image-5.jpeg\",\"width\":2736,\"height\":1822,\"caption\":\"excursion a sevilla desde malaga\"},{\"@type\":\"BreadcrumbList\",\"@id\":\"https:\/\/tourtravelandmore.com\/es\/tours\/espana-es\/marbella-puerto-banus-es\/tour-sevilla-desde-marbella-tour-privado-con-guia-oficial-y-vehiculo\/#breadcrumb\",\"itemListElement\":[{\"@type\":\"ListItem\",\"position\":1,\"name\":\"Home\",\"item\":\"https:\/\/tourtravelandmore.com\/es\/\"},{\"@type\":\"ListItem\",\"position\":2,\"name\":\"Tours\",\"item\":\"https:\/\/tourtravelandmore.com\/es\/tours\/\"},{\"@type\":\"ListItem\",\"position\":3,\"name\":\"Tour Privado de Sevilla desde Marbella &#038; Puerto Ban\u00fas\"}]},{\"@type\":\"WebSite\",\"@id\":\"https:\/\/tourtravelandmore.com\/es\/#website\",\"url\":\"https:\/\/tourtravelandmore.com\/es\/\",\"name\":\"Tour Travel And More\",\"description\":\"Private sightseeing tours and luxury transfers in Spain\",\"publisher\":{\"@id\":\"https:\/\/tourtravelandmore.com\/es\/#organization\"},\"potentialAction\":[{\"@type\":\"SearchAction\",\"target\":{\"@type\":\"EntryPoint\",\"urlTemplate\":\"https:\/\/tourtravelandmore.com\/es\/?s={search_term_string}\"},\"query-input\":{\"@type\":\"PropertyValueSpecification\",\"valueRequired\":true,\"valueName\":\"search_term_string\"}}],\"inLanguage\":\"es\"},{\"@type\":\"Organization\",\"@id\":\"https:\/\/tourtravelandmore.com\/es\/#organization\",\"name\":\"Tour Travel And More\",\"url\":\"https:\/\/tourtravelandmore.com\/es\/\",\"logo\":{\"@type\":\"ImageObject\",\"inLanguage\":\"es\",\"@id\":\"https:\/\/tourtravelandmore.com\/es\/#\/schema\/logo\/image\/\",\"url\":\"https:\/\/tourtravelandmore.com\/wp-content\/uploads\/2022\/12\/cropped-logo-cabecera-new.png\",\"contentUrl\":\"https:\/\/tourtravelandmore.com\/wp-content\/uploads\/2022\/12\/cropped-logo-cabecera-new.png\",\"width\":430,\"height\":61,\"caption\":\"Tour Travel And More\"},\"image\":{\"@id\":\"https:\/\/tourtravelandmore.com\/es\/#\/schema\/logo\/image\/\"},\"sameAs\":[\"https:\/\/www.facebook.com\/tourtravelandmore\/\",\"https:\/\/x.com\/TourTravel_More\"]}]}<\/script>\n<!-- \/ Yoast SEO Premium plugin. -->","yoast_head_json":{"title":"\u27a1\ufe0f Tour Sevilla desde Marbella | Tour Travel & More","description":"Disfruta de este tour Sevilla desde Marbella y descubre una de las ciudades m\u00e1s importantes de Espa\u00f1a y con m\u00e1s historia, junto a su guia privado y vehiculo \u2705","robots":{"index":"index","follow":"follow","max-snippet":"max-snippet:-1","max-image-preview":"max-image-preview:large","max-video-preview":"max-video-preview:-1"},"canonical":"https:\/\/tourtravelandmore.com\/es\/tours\/espana-es\/marbella-puerto-banus-es\/tour-sevilla-desde-marbella-tour-privado-con-guia-oficial-y-vehiculo\/","og_locale":"es_ES","og_type":"article","og_title":"Tour Privado de Sevilla desde Marbella & Puerto Ban\u00fas","og_description":"Disfruta de este tour Sevilla desde Marbella y descubre una de las ciudades m\u00e1s importantes de Espa\u00f1a y con m\u00e1s historia, junto a su guia privado y vehiculo \u2705","og_url":"https:\/\/tourtravelandmore.com\/es\/tours\/espana-es\/marbella-puerto-banus-es\/tour-sevilla-desde-marbella-tour-privado-con-guia-oficial-y-vehiculo\/","og_site_name":"Tour Travel And More","article_publisher":"https:\/\/www.facebook.com\/tourtravelandmore\/","article_modified_time":"2023-03-07T02:34:02+00:00","og_image":[{"url":"https:\/\/tourtravelandmore.com\/wp-content\/uploads\/2016\/08\/image-5.jpeg","width":1024,"height":682,"type":"image\/jpeg"}],"twitter_card":"summary_large_image","twitter_site":"@TourTravel_More","twitter_misc":{"Tiempo de lectura":"2 minutos"},"schema":{"@context":"https:\/\/schema.org","@graph":[{"@type":"WebPage","@id":"https:\/\/tourtravelandmore.com\/es\/tours\/espana-es\/marbella-puerto-banus-es\/tour-sevilla-desde-marbella-tour-privado-con-guia-oficial-y-vehiculo\/","url":"https:\/\/tourtravelandmore.com\/es\/tours\/espana-es\/marbella-puerto-banus-es\/tour-sevilla-desde-marbella-tour-privado-con-guia-oficial-y-vehiculo\/","name":"\u27a1\ufe0f Tour Sevilla desde Marbella | Tour Travel & More","isPartOf":{"@id":"https:\/\/tourtravelandmore.com\/es\/#website"},"primaryImageOfPage":{"@id":"https:\/\/tourtravelandmore.com\/es\/tours\/espana-es\/marbella-puerto-banus-es\/tour-sevilla-desde-marbella-tour-privado-con-guia-oficial-y-vehiculo\/#primaryimage"},"image":{"@id":"https:\/\/tourtravelandmore.com\/es\/tours\/espana-es\/marbella-puerto-banus-es\/tour-sevilla-desde-marbella-tour-privado-con-guia-oficial-y-vehiculo\/#primaryimage"},"thumbnailUrl":"https:\/\/tourtravelandmore.com\/wp-content\/uploads\/2016\/08\/image-5.jpeg","datePublished":"2016-12-28T12:15:19+00:00","dateModified":"2023-03-07T02:34:02+00:00","description":"Disfruta de este tour Sevilla desde Marbella y descubre una de las ciudades m\u00e1s importantes de Espa\u00f1a y con m\u00e1s historia, junto a su guia privado y vehiculo \u2705","breadcrumb":{"@id":"https:\/\/tourtravelandmore.com\/es\/tours\/espana-es\/marbella-puerto-banus-es\/tour-sevilla-desde-marbella-tour-privado-con-guia-oficial-y-vehiculo\/#breadcrumb"},"inLanguage":"es","potentialAction":[{"@type":"ReadAction","target":["https:\/\/tourtravelandmore.com\/es\/tours\/espana-es\/marbella-puerto-banus-es\/tour-sevilla-desde-marbella-tour-privado-con-guia-oficial-y-vehiculo\/"]}]},{"@type":"ImageObject","inLanguage":"es","@id":"https:\/\/tourtravelandmore.com\/es\/tours\/espana-es\/marbella-puerto-banus-es\/tour-sevilla-desde-marbella-tour-privado-con-guia-oficial-y-vehiculo\/#primaryimage","url":"https:\/\/tourtravelandmore.com\/wp-content\/uploads\/2016\/08\/image-5.jpeg","contentUrl":"https:\/\/tourtravelandmore.com\/wp-content\/uploads\/2016\/08\/image-5.jpeg","width":2736,"height":1822,"caption":"excursion a sevilla desde malaga"},{"@type":"BreadcrumbList","@id":"https:\/\/tourtravelandmore.com\/es\/tours\/espana-es\/marbella-puerto-banus-es\/tour-sevilla-desde-marbella-tour-privado-con-guia-oficial-y-vehiculo\/#breadcrumb","itemListElement":[{"@type":"ListItem","position":1,"name":"Home","item":"https:\/\/tourtravelandmore.com\/es\/"},{"@type":"ListItem","position":2,"name":"Tours","item":"https:\/\/tourtravelandmore.com\/es\/tours\/"},{"@type":"ListItem","position":3,"name":"Tour Privado de Sevilla desde Marbella &#038; Puerto Ban\u00fas"}]},{"@type":"WebSite","@id":"https:\/\/tourtravelandmore.com\/es\/#website","url":"https:\/\/tourtravelandmore.com\/es\/","name":"Tour Travel And More","description":"Private sightseeing tours and luxury transfers in Spain","publisher":{"@id":"https:\/\/tourtravelandmore.com\/es\/#organization"},"potentialAction":[{"@type":"SearchAction","target":{"@type":"EntryPoint","urlTemplate":"https:\/\/tourtravelandmore.com\/es\/?s={search_term_string}"},"query-input":{"@type":"PropertyValueSpecification","valueRequired":true,"valueName":"search_term_string"}}],"inLanguage":"es"},{"@type":"Organization","@id":"https:\/\/tourtravelandmore.com\/es\/#organization","name":"Tour Travel And More","url":"https:\/\/tourtravelandmore.com\/es\/","logo":{"@type":"ImageObject","inLanguage":"es","@id":"https:\/\/tourtravelandmore.com\/es\/#\/schema\/logo\/image\/","url":"https:\/\/tourtravelandmore.com\/wp-content\/uploads\/2022\/12\/cropped-logo-cabecera-new.png","contentUrl":"https:\/\/tourtravelandmore.com\/wp-content\/uploads\/2022\/12\/cropped-logo-cabecera-new.png","width":430,"height":61,"caption":"Tour Travel And More"},"image":{"@id":"https:\/\/tourtravelandmore.com\/es\/#\/schema\/logo\/image\/"},"sameAs":["https:\/\/www.facebook.com\/tourtravelandmore\/","https:\/\/x.com\/TourTravel_More"]}]}},"_links":{"self":[{"href":"https:\/\/tourtravelandmore.com\/es\/wp-json\/wp\/v2\/product\/9598","targetHints":{"allow":["GET"]}}],"collection":[{"href":"https:\/\/tourtravelandmore.com\/es\/wp-json\/wp\/v2\/product"}],"about":[{"href":"https:\/\/tourtravelandmore.com\/es\/wp-json\/wp\/v2\/types\/product"}],"replies":[{"embeddable":true,"href":"https:\/\/tourtravelandmore.com\/es\/wp-json\/wp\/v2\/comments?post=9598"}],"wp:featuredmedia":[{"embeddable":true,"href":"https:\/\/tourtravelandmore.com\/es\/wp-json\/wp\/v2\/media\/5985"}],"wp:attachment":[{"href":"https:\/\/tourtravelandmore.com\/es\/wp-json\/wp\/v2\/media?parent=9598"}],"wp:term":[{"taxonomy":"product_brand","embeddable":true,"href":"https:\/\/tourtravelandmore.com\/es\/wp-json\/wp\/v2\/product_brand?post=9598"},{"taxonomy":"product_cat","embeddable":true,"href":"https:\/\/tourtravelandmore.com\/es\/wp-json\/wp\/v2\/product_cat?post=9598"},{"taxonomy":"product_tag","embeddable":true,"href":"https:\/\/tourtravelandmore.com\/es\/wp-json\/wp\/v2\/product_tag?post=9598"}],"curies":[{"name":"wp","href":"https:\/\/api.w.org\/{rel}","templated":true}]}}