{"id":9551,"date":"2016-08-26T10:27:54","date_gmt":"2016-12-27T12:16:34","guid":{"rendered":"http:\/\/tourtravelandmore.com\/es\/?post_type=product&#038;p=9551"},"modified":"2023-03-07T03:30:24","modified_gmt":"2023-03-07T02:30:24","slug":"tour-privado-de-alhambra-y-granada-desde-malaga","status":"publish","type":"product","link":"https:\/\/tourtravelandmore.com\/es\/tours\/espana-es\/marbella-puerto-banus-es\/tour-privado-de-alhambra-y-granada-desde-malaga\/","title":{"rendered":"Tour privado de Alhambra y Granada desde Malaga"},"content":{"rendered":"<h2>Descripci\u00f3n del Tour privado de Alhambra y Granada desde M\u00e1laga<\/h2>\n<p>Disfrute de este <strong>Tour privado de Alhambra y Granada desde M\u00e1laga, <\/strong>con su gu\u00eda oficial privado y su veh\u00edculo privado con conductor.<\/p>\n<p>Nuestro conductor os recoger\u00e1 con su veh\u00edculo privado desde su Hotel en <strong>M\u00e1laga<\/strong>\u00a0para empezar su tour a Granada desde <strong>M\u00e1laga,<\/strong> su gu\u00eda oficial privado estar\u00e1 esperando en la ciudad de Granada para desde ah\u00ed realizar un recorrido de 4 <strong>horas<\/strong> de la ciudad.<\/p>\n<p>La duraci\u00f3n del tour a Granada desde M\u00e1laga son 8 horas. El tour es completamente privado, puedes escoger la hora de comienzo y lugar de recogida.<\/p>\n<p>Este tour se centra en la ciudad de Granada. Veremos el centro hist\u00f3rico y entraremos en la<strong> Capilla real y Catedral (entradas incluidas sin colas)<\/strong>, la Alhambra no est\u00e1 incluido.<\/p>\n<p>Si quieren entrar en la Alhambra solo lo tienen que indicar en el formulario de contacto del tour o escoger <a href=\"https:\/\/tourtravelandmore.com\/es\/tours\/espana-es\/motril-es\/motril-excursiones-privadas-es\/tour-privado-de-la-alhambra-desde-cualquier-ciudad-de-andalucia-copy-2\/\">el tour privado de la Alhambra y Granada desde M\u00e1laga.<\/a><\/p>\n<h2>Puntos de inter\u00e9s en el Tour privado de Alhambra y Granada desde Malaga<\/h2>\n<p>Empezaremos el recorrido con su gu\u00eda oficial privado visitando la <strong>Catedral de Granada y la Capilla Real y caminado por el <\/strong><strong>barrio \u00e1rabe del Albaic\u00edn<\/strong>, declarado <strong><em>Patrimonio de la Humanidad<\/em><\/strong> por la <em>Unesco<\/em>, formado por empinadas y estrechas callejuelas, llenas de casas blancas, t\u00edpico de los pa\u00edses \u00e1rabes y mediterr\u00e1neos.<\/p>\n<p>Los alrededores de la <strong>Catedral y la Capilla<\/strong> est\u00e1n lleno de callejuelas \u00fanicas, podremos ver el <strong>Palacio de la Madraza<\/strong>, sede de la antigua universidad \u00e1rabe y la <strong>Alcaicer\u00eda<\/strong>, zoco reconstruido en el siglo XIX, y la Plaza de Bib-Rambla, con sus puestos de flores y artesan\u00eda.<\/p>\n<p>Este recorrido a pie de Granada se convierte en escenario de acontecimientos importantes en la historia de Espa\u00f1a, con la figura clave de los <strong>Reyes Cat\u00f3licos y Carlos V, la Alhambra y el Generalife.<\/strong><\/p>\n<p>Una vez finalicemos el recorrido del centro hist\u00f3rico, continuaremos el recorrido hacia uno de los miradores m\u00e1s espectaculares de la ciudad: <strong><span id=\"8-mirador-de-san-nicolas-en-albaicin\">Mirador de San Nicol\u00e1s en Albaic\u00edn.<\/span><\/strong><\/p>\n<p>Cerca del <strong>Albaic\u00edn<\/strong> se encuentra el <strong>barrio de Sacromonte<\/strong>, famoso por sus <strong>casas en cuevas<\/strong>, recorremos junto a su gu\u00eda oficial el barrio.<\/p>\n<p>El Barrio de Sacromonte, est\u00e1 formado por poblaci\u00f3n mayoritaria gitana, dicho barrio es el lugar imprescindible para ir por la noche a algunas de sus zambras, ya que en algunas cuevas organizan espectaculos de Flamengo.<em><br \/>\n<\/em><\/p>\n<p>Para solicitar informaci\u00f3n, nos puede escribir a trav\u00e9s del formulario de contacto y nuestro equipo contactar\u00e1 de forma inmediata y le enviaremos la informaci\u00f3n detallada.<\/p>\n","protected":false},"excerpt":{"rendered":"<p>Disfruta de este <strong>Tour privado de Alhambra y Granada desde Malaga.\u00a0<\/strong>Tome esta oportunidad para conocer y disfrutar de Granada durante este tour con vuestro guia oficial privado y vuestro veh\u00edculo de lujo con chofer. Disfruta de los monumentos y zonas m\u00e1s emblem\u00e1ticas de Granada como Catedral, <strong>Alhambra<\/strong>, <strong>Generalife<\/strong> y mucho mas.<\/p>\n<p>&nbsp;<\/p>\n","protected":false},"featured_media":16485,"comment_status":"open","ping_status":"closed","template":"","meta":{"_acf_changed":false},"product_brand":[],"product_cat":[94,527,95,96,97,88,89,91,90,529],"product_tag":[],"class_list":{"0":"post-9551","1":"product","2":"type-product","3":"status-publish","4":"has-post-thumbnail","6":"product_cat-malaga-es","7":"product_cat-malaga-excursiones-privadas-cruceros-es","8":"product_cat-malaga-actividades-es","9":"product_cat-malaga-excursiones-es","10":"product_cat-malaga-rutas-turisticas-privadas-es","11":"product_cat-marbella-puerto-banus-es","12":"product_cat-marbella-puerto-banus-actividades-es","13":"product_cat-marbella-puerto-banus-rutas-turisticas-es","14":"product_cat-marbella-puerto-banus-excursiones-es","15":"product_cat-marbella-puerto-banus-excursiones-privadas-cruceros-es","17":"first","18":"instock","19":"shipping-taxable","20":"purchasable","21":"product-type-simple"},"acf":[],"yoast_head":"<!-- This site is optimized with the Yoast SEO Premium plugin v25.3.1 (Yoast SEO v25.3.1) - https:\/\/yoast.com\/wordpress\/plugins\/seo\/ -->\n<title>\u27a1\ufe0f Tour privado de Alhambra y Granada desde Malaga | Tour Travel &amp; More<\/title>\n<meta name=\"description\" content=\"Descubre la ciudad de Granada, gracias a este tour a Granada desde Malaga o Marbella, junto a su gu\u00eda privado y vehiculo privado con conductor \u2705\" \/>\n<meta name=\"robots\" content=\"index, follow, max-snippet:-1, max-image-preview:large, max-video-preview:-1\" \/>\n<link rel=\"canonical\" href=\"https:\/\/tourtravelandmore.com\/es\/tours\/espana-es\/marbella-puerto-banus-es\/tour-privado-de-alhambra-y-granada-desde-malaga\/\" \/>\n<meta property=\"og:locale\" content=\"es_ES\" \/>\n<meta property=\"og:type\" content=\"article\" \/>\n<meta property=\"og:title\" content=\"Tour privado de Alhambra y Granada desde Malaga\" \/>\n<meta property=\"og:description\" content=\"Descubre la ciudad de Granada, gracias a este tour a Granada desde Malaga o Marbella, junto a su gu\u00eda privado y vehiculo privado con conductor \u2705\" \/>\n<meta property=\"og:url\" content=\"https:\/\/tourtravelandmore.com\/es\/tours\/espana-es\/marbella-puerto-banus-es\/tour-privado-de-alhambra-y-granada-desde-malaga\/\" \/>\n<meta property=\"og:site_name\" content=\"Tour Travel And More\" \/>\n<meta property=\"article:publisher\" content=\"https:\/\/www.facebook.com\/tourtravelandmore\/\" \/>\n<meta property=\"article:modified_time\" content=\"2023-03-07T02:30:24+00:00\" \/>\n<meta property=\"og:image\" content=\"https:\/\/tourtravelandmore.com\/wp-content\/uploads\/2016\/08\/granada-spain.jpg\" \/>\n\t<meta property=\"og:image:width\" content=\"1920\" \/>\n\t<meta property=\"og:image:height\" content=\"852\" \/>\n\t<meta property=\"og:image:type\" content=\"image\/jpeg\" \/>\n<meta name=\"twitter:card\" content=\"summary_large_image\" \/>\n<meta name=\"twitter:site\" content=\"@TourTravel_More\" \/>\n<meta name=\"twitter:label1\" content=\"Tiempo de lectura\" \/>\n\t<meta name=\"twitter:data1\" content=\"2 minutos\" \/>\n<script type=\"application\/ld+json\" class=\"yoast-schema-graph\">{\"@context\":\"https:\/\/schema.org\",\"@graph\":[{\"@type\":\"WebPage\",\"@id\":\"https:\/\/tourtravelandmore.com\/es\/tours\/espana-es\/marbella-puerto-banus-es\/tour-privado-de-alhambra-y-granada-desde-malaga\/\",\"url\":\"https:\/\/tourtravelandmore.com\/es\/tours\/espana-es\/marbella-puerto-banus-es\/tour-privado-de-alhambra-y-granada-desde-malaga\/\",\"name\":\"\u27a1\ufe0f Tour privado de Alhambra y Granada desde Malaga | Tour Travel & More\",\"isPartOf\":{\"@id\":\"https:\/\/tourtravelandmore.com\/es\/#website\"},\"primaryImageOfPage\":{\"@id\":\"https:\/\/tourtravelandmore.com\/es\/tours\/espana-es\/marbella-puerto-banus-es\/tour-privado-de-alhambra-y-granada-desde-malaga\/#primaryimage\"},\"image\":{\"@id\":\"https:\/\/tourtravelandmore.com\/es\/tours\/espana-es\/marbella-puerto-banus-es\/tour-privado-de-alhambra-y-granada-desde-malaga\/#primaryimage\"},\"thumbnailUrl\":\"https:\/\/tourtravelandmore.com\/wp-content\/uploads\/2016\/08\/granada-spain.jpg\",\"datePublished\":\"2016-12-27T12:16:34+00:00\",\"dateModified\":\"2023-03-07T02:30:24+00:00\",\"description\":\"Descubre la ciudad de Granada, gracias a este tour a Granada desde Malaga o Marbella, junto a su gu\u00eda privado y vehiculo privado con conductor \u2705\",\"breadcrumb\":{\"@id\":\"https:\/\/tourtravelandmore.com\/es\/tours\/espana-es\/marbella-puerto-banus-es\/tour-privado-de-alhambra-y-granada-desde-malaga\/#breadcrumb\"},\"inLanguage\":\"es\",\"potentialAction\":[{\"@type\":\"ReadAction\",\"target\":[\"https:\/\/tourtravelandmore.com\/es\/tours\/espana-es\/marbella-puerto-banus-es\/tour-privado-de-alhambra-y-granada-desde-malaga\/\"]}]},{\"@type\":\"ImageObject\",\"inLanguage\":\"es\",\"@id\":\"https:\/\/tourtravelandmore.com\/es\/tours\/espana-es\/marbella-puerto-banus-es\/tour-privado-de-alhambra-y-granada-desde-malaga\/#primaryimage\",\"url\":\"https:\/\/tourtravelandmore.com\/wp-content\/uploads\/2016\/08\/granada-spain.jpg\",\"contentUrl\":\"https:\/\/tourtravelandmore.com\/wp-content\/uploads\/2016\/08\/granada-spain.jpg\",\"width\":1920,\"height\":852},{\"@type\":\"BreadcrumbList\",\"@id\":\"https:\/\/tourtravelandmore.com\/es\/tours\/espana-es\/marbella-puerto-banus-es\/tour-privado-de-alhambra-y-granada-desde-malaga\/#breadcrumb\",\"itemListElement\":[{\"@type\":\"ListItem\",\"position\":1,\"name\":\"Home\",\"item\":\"https:\/\/tourtravelandmore.com\/es\/\"},{\"@type\":\"ListItem\",\"position\":2,\"name\":\"Tours\",\"item\":\"https:\/\/tourtravelandmore.com\/es\/tours\/\"},{\"@type\":\"ListItem\",\"position\":3,\"name\":\"Tour privado de Alhambra y Granada desde Malaga\"}]},{\"@type\":\"WebSite\",\"@id\":\"https:\/\/tourtravelandmore.com\/es\/#website\",\"url\":\"https:\/\/tourtravelandmore.com\/es\/\",\"name\":\"Tour Travel And More\",\"description\":\"Private sightseeing tours and luxury transfers in Spain\",\"publisher\":{\"@id\":\"https:\/\/tourtravelandmore.com\/es\/#organization\"},\"potentialAction\":[{\"@type\":\"SearchAction\",\"target\":{\"@type\":\"EntryPoint\",\"urlTemplate\":\"https:\/\/tourtravelandmore.com\/es\/?s={search_term_string}\"},\"query-input\":{\"@type\":\"PropertyValueSpecification\",\"valueRequired\":true,\"valueName\":\"search_term_string\"}}],\"inLanguage\":\"es\"},{\"@type\":\"Organization\",\"@id\":\"https:\/\/tourtravelandmore.com\/es\/#organization\",\"name\":\"Tour Travel And More\",\"url\":\"https:\/\/tourtravelandmore.com\/es\/\",\"logo\":{\"@type\":\"ImageObject\",\"inLanguage\":\"es\",\"@id\":\"https:\/\/tourtravelandmore.com\/es\/#\/schema\/logo\/image\/\",\"url\":\"https:\/\/tourtravelandmore.com\/wp-content\/uploads\/2022\/12\/cropped-logo-cabecera-new.png\",\"contentUrl\":\"https:\/\/tourtravelandmore.com\/wp-content\/uploads\/2022\/12\/cropped-logo-cabecera-new.png\",\"width\":430,\"height\":61,\"caption\":\"Tour Travel And More\"},\"image\":{\"@id\":\"https:\/\/tourtravelandmore.com\/es\/#\/schema\/logo\/image\/\"},\"sameAs\":[\"https:\/\/www.facebook.com\/tourtravelandmore\/\",\"https:\/\/x.com\/TourTravel_More\"]}]}<\/script>\n<!-- \/ Yoast SEO Premium plugin. -->","yoast_head_json":{"title":"\u27a1\ufe0f Tour privado de Alhambra y Granada desde Malaga | Tour Travel & More","description":"Descubre la ciudad de Granada, gracias a este tour a Granada desde Malaga o Marbella, junto a su gu\u00eda privado y vehiculo privado con conductor \u2705","robots":{"index":"index","follow":"follow","max-snippet":"max-snippet:-1","max-image-preview":"max-image-preview:large","max-video-preview":"max-video-preview:-1"},"canonical":"https:\/\/tourtravelandmore.com\/es\/tours\/espana-es\/marbella-puerto-banus-es\/tour-privado-de-alhambra-y-granada-desde-malaga\/","og_locale":"es_ES","og_type":"article","og_title":"Tour privado de Alhambra y Granada desde Malaga","og_description":"Descubre la ciudad de Granada, gracias a este tour a Granada desde Malaga o Marbella, junto a su gu\u00eda privado y vehiculo privado con conductor \u2705","og_url":"https:\/\/tourtravelandmore.com\/es\/tours\/espana-es\/marbella-puerto-banus-es\/tour-privado-de-alhambra-y-granada-desde-malaga\/","og_site_name":"Tour Travel And More","article_publisher":"https:\/\/www.facebook.com\/tourtravelandmore\/","article_modified_time":"2023-03-07T02:30:24+00:00","og_image":[{"width":1920,"height":852,"url":"https:\/\/tourtravelandmore.com\/wp-content\/uploads\/2016\/08\/granada-spain.jpg","type":"image\/jpeg"}],"twitter_card":"summary_large_image","twitter_site":"@TourTravel_More","twitter_misc":{"Tiempo de lectura":"2 minutos"},"schema":{"@context":"https:\/\/schema.org","@graph":[{"@type":"WebPage","@id":"https:\/\/tourtravelandmore.com\/es\/tours\/espana-es\/marbella-puerto-banus-es\/tour-privado-de-alhambra-y-granada-desde-malaga\/","url":"https:\/\/tourtravelandmore.com\/es\/tours\/espana-es\/marbella-puerto-banus-es\/tour-privado-de-alhambra-y-granada-desde-malaga\/","name":"\u27a1\ufe0f Tour privado de Alhambra y Granada desde Malaga | Tour Travel & More","isPartOf":{"@id":"https:\/\/tourtravelandmore.com\/es\/#website"},"primaryImageOfPage":{"@id":"https:\/\/tourtravelandmore.com\/es\/tours\/espana-es\/marbella-puerto-banus-es\/tour-privado-de-alhambra-y-granada-desde-malaga\/#primaryimage"},"image":{"@id":"https:\/\/tourtravelandmore.com\/es\/tours\/espana-es\/marbella-puerto-banus-es\/tour-privado-de-alhambra-y-granada-desde-malaga\/#primaryimage"},"thumbnailUrl":"https:\/\/tourtravelandmore.com\/wp-content\/uploads\/2016\/08\/granada-spain.jpg","datePublished":"2016-12-27T12:16:34+00:00","dateModified":"2023-03-07T02:30:24+00:00","description":"Descubre la ciudad de Granada, gracias a este tour a Granada desde Malaga o Marbella, junto a su gu\u00eda privado y vehiculo privado con conductor \u2705","breadcrumb":{"@id":"https:\/\/tourtravelandmore.com\/es\/tours\/espana-es\/marbella-puerto-banus-es\/tour-privado-de-alhambra-y-granada-desde-malaga\/#breadcrumb"},"inLanguage":"es","potentialAction":[{"@type":"ReadAction","target":["https:\/\/tourtravelandmore.com\/es\/tours\/espana-es\/marbella-puerto-banus-es\/tour-privado-de-alhambra-y-granada-desde-malaga\/"]}]},{"@type":"ImageObject","inLanguage":"es","@id":"https:\/\/tourtravelandmore.com\/es\/tours\/espana-es\/marbella-puerto-banus-es\/tour-privado-de-alhambra-y-granada-desde-malaga\/#primaryimage","url":"https:\/\/tourtravelandmore.com\/wp-content\/uploads\/2016\/08\/granada-spain.jpg","contentUrl":"https:\/\/tourtravelandmore.com\/wp-content\/uploads\/2016\/08\/granada-spain.jpg","width":1920,"height":852},{"@type":"BreadcrumbList","@id":"https:\/\/tourtravelandmore.com\/es\/tours\/espana-es\/marbella-puerto-banus-es\/tour-privado-de-alhambra-y-granada-desde-malaga\/#breadcrumb","itemListElement":[{"@type":"ListItem","position":1,"name":"Home","item":"https:\/\/tourtravelandmore.com\/es\/"},{"@type":"ListItem","position":2,"name":"Tours","item":"https:\/\/tourtravelandmore.com\/es\/tours\/"},{"@type":"ListItem","position":3,"name":"Tour privado de Alhambra y Granada desde Malaga"}]},{"@type":"WebSite","@id":"https:\/\/tourtravelandmore.com\/es\/#website","url":"https:\/\/tourtravelandmore.com\/es\/","name":"Tour Travel And More","description":"Private sightseeing tours and luxury transfers in Spain","publisher":{"@id":"https:\/\/tourtravelandmore.com\/es\/#organization"},"potentialAction":[{"@type":"SearchAction","target":{"@type":"EntryPoint","urlTemplate":"https:\/\/tourtravelandmore.com\/es\/?s={search_term_string}"},"query-input":{"@type":"PropertyValueSpecification","valueRequired":true,"valueName":"search_term_string"}}],"inLanguage":"es"},{"@type":"Organization","@id":"https:\/\/tourtravelandmore.com\/es\/#organization","name":"Tour Travel And More","url":"https:\/\/tourtravelandmore.com\/es\/","logo":{"@type":"ImageObject","inLanguage":"es","@id":"https:\/\/tourtravelandmore.com\/es\/#\/schema\/logo\/image\/","url":"https:\/\/tourtravelandmore.com\/wp-content\/uploads\/2022\/12\/cropped-logo-cabecera-new.png","contentUrl":"https:\/\/tourtravelandmore.com\/wp-content\/uploads\/2022\/12\/cropped-logo-cabecera-new.png","width":430,"height":61,"caption":"Tour Travel And More"},"image":{"@id":"https:\/\/tourtravelandmore.com\/es\/#\/schema\/logo\/image\/"},"sameAs":["https:\/\/www.facebook.com\/tourtravelandmore\/","https:\/\/x.com\/TourTravel_More"]}]}},"_links":{"self":[{"href":"https:\/\/tourtravelandmore.com\/es\/wp-json\/wp\/v2\/product\/9551","targetHints":{"allow":["GET"]}}],"collection":[{"href":"https:\/\/tourtravelandmore.com\/es\/wp-json\/wp\/v2\/product"}],"about":[{"href":"https:\/\/tourtravelandmore.com\/es\/wp-json\/wp\/v2\/types\/product"}],"replies":[{"embeddable":true,"href":"https:\/\/tourtravelandmore.com\/es\/wp-json\/wp\/v2\/comments?post=9551"}],"wp:featuredmedia":[{"embeddable":true,"href":"https:\/\/tourtravelandmore.com\/es\/wp-json\/wp\/v2\/media\/16485"}],"wp:attachment":[{"href":"https:\/\/tourtravelandmore.com\/es\/wp-json\/wp\/v2\/media?parent=9551"}],"wp:term":[{"taxonomy":"product_brand","embeddable":true,"href":"https:\/\/tourtravelandmore.com\/es\/wp-json\/wp\/v2\/product_brand?post=9551"},{"taxonomy":"product_cat","embeddable":true,"href":"https:\/\/tourtravelandmore.com\/es\/wp-json\/wp\/v2\/product_cat?post=9551"},{"taxonomy":"product_tag","embeddable":true,"href":"https:\/\/tourtravelandmore.com\/es\/wp-json\/wp\/v2\/product_tag?post=9551"}],"curies":[{"name":"wp","href":"https:\/\/api.w.org\/{rel}","templated":true}]}}