{"id":955,"date":"2016-03-09T16:14:51","date_gmt":"2016-04-19T18:08:09","guid":{"rendered":"http:\/\/tourtravelandmore.com\/?post_type=product&#038;p=955&#038;lang=es"},"modified":"2024-02-27T14:43:24","modified_gmt":"2024-02-27T13:43:24","slug":"tour-pueblos-blancos-desde-cadiz-con-guia-oficial-privado-y-vehiculo","status":"publish","type":"product","link":"https:\/\/tourtravelandmore.com\/es\/tours\/espana-es\/cadiz-es\/tour-pueblos-blancos-desde-cadiz-con-guia-oficial-privado-y-vehiculo\/","title":{"rendered":"Tour Privado a Pueblos Blancos desde C\u00e1diz"},"content":{"rendered":"<h2><strong>Descripci\u00f3n del Tour Privado Pueblos Blancos desde C\u00e1diz<\/strong><\/h2>\n<p><span style=\"font-weight: 400;\">T\u00f3mese un d\u00eda libre para visitar los Pueblos Blancos. Esta Excursi\u00f3n Privada es una gran experiencia para conocer tres de los pueblos blancos de Andaluc\u00eda. Hay mucho que ver.<\/span><\/p>\n<p><span style=\"font-weight: 400;\">Le ayudaremos a organizar su experiencia completamente personalizada y \u00fanica de los Pueblos Blancos.<\/span><\/p>\n<p><span style=\"font-weight: 400;\">Este tour privado comenzar\u00e1 desde su hotel o el puerto de C\u00e1diz. Con sus expertos en viajes, vamos a organizar la experiencia de conocer 3 de los pueblos blancos de Andaluc\u00eda.<\/span><\/p>\n<p><span style=\"font-weight: 400;\">Su ch\u00f3fer privado y su gu\u00eda tur\u00edstico independiente le recoger\u00e1n y nos dirigiremos hacia los pueblos blancos. Tambi\u00e9n tendr\u00e1 tiempo para comer algo y as\u00ed conocer la gastronom\u00eda del lugar. A continuaci\u00f3n, saldremos y nos dirigiremos de nuevo hacia C\u00e1diz.<\/span><\/p>\n<p><span style=\"font-weight: 400;\">La duraci\u00f3n del tour Pueblos Blancos desde C\u00e1diz es de 8 horas. Es completamente privado, pueden escoger la hora y lugar de recogida.<\/span><\/p>\n<p><span style=\"font-weight: 400;\">Nos centraremos en tres Pueblos Blancos: <\/span><b>Arcos de la Frontera, Ubrique, la Sierra de Grazalema. <\/b><span style=\"font-weight: 400;\">Son 3 de los pueblos Blancos m\u00e1s bonitos de Andaluc\u00eda.<\/span><\/p>\n<h2>Punto de inter\u00e9s en el Tour Privado Pueblos Blancos desde C\u00e1diz<\/h2>\n<p><span style=\"font-weight: 400;\">Desde Tour Travel &amp; More ofrecemos un servicio donde a la hora seleccionada, le recogeremos desde su Hotel o sitio de elecci\u00f3n.\u00a0<\/span><\/p>\n<p><span style=\"font-weight: 400;\">Nuestra primera parada ser\u00e1 <\/span><b>Arcos de la Frontera, uno de los pueblos m\u00e1s bellos de Espa\u00f1a<\/b><span style=\"font-weight: 400;\"> y la puerta de entrada a la ruta de los Pueblos Blancos.\u00a0<\/span><\/p>\n<p><span style=\"font-weight: 400;\">A trav\u00e9s de estrechisimas y empinadas calles y bajo antiguos arcos, el viajero se aproxima a su casco antiguo, declarado Conjunto Hist\u00f3rico, donde se conservan joyas monumentales como el castillo de los Duques (s. XV), la Puerta de Matrera (ss. XI-XIV) y los restos del recinto amurallado, sus palacios y casas se\u00f1oriales, la bas\u00edlica de Santa Mar\u00eda, la iglesia de San Pedro, adem\u00e1s de numerosos templos, capillas y conventos.<\/span><\/p>\n<p><span style=\"font-weight: 400;\">Continuaremos nuestro tour privado hasta llegar a <\/span><b>Grazalema<\/b><span style=\"font-weight: 400;\">, un precioso pueblo blanco enclavado en el coraz\u00f3n de la Sierra de C\u00e1diz. Tras un breve paseo, retomaremos nuestra ruta. <\/span><\/p>\n<p><span style=\"font-weight: 400;\">La siguiente parada ser\u00e1 <\/span><b>Ubrique<\/b><span style=\"font-weight: 400;\">, en la convergencia entre los parques de Grazalema y de los Alcornocales. Recorreremos su casco antiguo de trazado medieval de calles estrechas y hermosas plazas con fuentes y flores.<\/span><\/p>\n<p><span style=\"font-weight: 400;\">A lo largo del tour, pararemos para comer en un lugar t\u00edpico de la zona, para disfrutar de su Gastronom\u00eda.<\/span><\/p>\n<p><span style=\"font-weight: 400;\">Si dispone de m\u00e1s d\u00edas en la ciudad de C\u00e1diz, puede consultar <\/span><a href=\"https:\/\/tourtravelandmore.com\/es\/ciudad\/espana-es\/cadiz-es\/\"><b>aqu\u00ed<\/b><\/a><span style=\"font-weight: 400;\"> el resto de nuestros tours privados.<\/span><\/p>\n","protected":false},"excerpt":{"rendered":"<p>Descubre los Alrededores de Cadiz, sus famosos pueblos blancos, considerados unos de los m\u00e1s bellos de Espa\u00f1a y Europa. Conoceremos: Arcos de la Frontera, Grazalema y Ubrique, junto a su gu\u00eda oficial privado y vehiculo.<\/p>\n","protected":false},"featured_media":16789,"comment_status":"open","ping_status":"closed","template":"","meta":{"_acf_changed":false},"product_brand":[],"product_cat":[70,71,73,72,521],"product_tag":[],"class_list":{"0":"post-955","1":"product","2":"type-product","3":"status-publish","4":"has-post-thumbnail","6":"product_cat-cadiz-es","7":"product_cat-cadiz-actividades-es","8":"product_cat-cadiz-rutas-turisticas-privadas-es","9":"product_cat-cadiz-excursiones-es","10":"product_cat-cadiz-excursiones-privadas-cruceros-es","12":"first","13":"instock","14":"shipping-taxable","15":"purchasable","16":"product-type-simple"},"acf":[],"yoast_head":"<!-- This site is optimized with the Yoast SEO Premium plugin v25.3.1 (Yoast SEO v25.3.1) - https:\/\/yoast.com\/wordpress\/plugins\/seo\/ -->\n<title>\u27a1\ufe0f Tour Pueblos Blancos desde Cadiz con Guia oficial privado y vehiculo | Tour Travel &amp; More<\/title>\n<meta name=\"description\" content=\"Disfruta de este tour Pueblos Blancos desde Cadiz, junto a su guia privado y vehiculo. Descubre: Arcos de la Frontera, Grazalema y Ubrique \u2705\" \/>\n<meta name=\"robots\" content=\"index, follow, max-snippet:-1, max-image-preview:large, max-video-preview:-1\" \/>\n<link rel=\"canonical\" href=\"https:\/\/tourtravelandmore.com\/es\/tours\/espana-es\/cadiz-es\/tour-pueblos-blancos-desde-cadiz-con-guia-oficial-privado-y-vehiculo\/\" \/>\n<meta property=\"og:locale\" content=\"es_ES\" \/>\n<meta property=\"og:type\" content=\"article\" \/>\n<meta property=\"og:title\" content=\"Tour Privado a Pueblos Blancos desde C\u00e1diz\" \/>\n<meta property=\"og:description\" content=\"Disfruta de este tour Pueblos Blancos desde Cadiz, junto a su guia privado y vehiculo. Descubre: Arcos de la Frontera, Grazalema y Ubrique \u2705\" \/>\n<meta property=\"og:url\" content=\"https:\/\/tourtravelandmore.com\/es\/tours\/espana-es\/cadiz-es\/tour-pueblos-blancos-desde-cadiz-con-guia-oficial-privado-y-vehiculo\/\" \/>\n<meta property=\"og:site_name\" content=\"Tour Travel And More\" \/>\n<meta property=\"article:publisher\" content=\"https:\/\/www.facebook.com\/tourtravelandmore\/\" \/>\n<meta property=\"article:modified_time\" content=\"2024-02-27T13:43:24+00:00\" \/>\n<meta property=\"og:image\" content=\"https:\/\/tourtravelandmore.com\/wp-content\/uploads\/2016\/03\/arcos-de-la-frontera.jpg\" \/>\n\t<meta property=\"og:image:width\" content=\"1024\" \/>\n\t<meta property=\"og:image:height\" content=\"761\" \/>\n\t<meta property=\"og:image:type\" content=\"image\/jpeg\" \/>\n<meta name=\"twitter:card\" content=\"summary_large_image\" \/>\n<meta name=\"twitter:site\" content=\"@TourTravel_More\" \/>\n<meta name=\"twitter:label1\" content=\"Tiempo de lectura\" \/>\n\t<meta name=\"twitter:data1\" content=\"2 minutos\" \/>\n<script type=\"application\/ld+json\" class=\"yoast-schema-graph\">{\"@context\":\"https:\/\/schema.org\",\"@graph\":[{\"@type\":\"WebPage\",\"@id\":\"https:\/\/tourtravelandmore.com\/es\/tours\/espana-es\/cadiz-es\/tour-pueblos-blancos-desde-cadiz-con-guia-oficial-privado-y-vehiculo\/\",\"url\":\"https:\/\/tourtravelandmore.com\/es\/tours\/espana-es\/cadiz-es\/tour-pueblos-blancos-desde-cadiz-con-guia-oficial-privado-y-vehiculo\/\",\"name\":\"\u27a1\ufe0f Tour Pueblos Blancos desde Cadiz con Guia oficial privado y vehiculo | Tour Travel & More\",\"isPartOf\":{\"@id\":\"https:\/\/tourtravelandmore.com\/es\/#website\"},\"primaryImageOfPage\":{\"@id\":\"https:\/\/tourtravelandmore.com\/es\/tours\/espana-es\/cadiz-es\/tour-pueblos-blancos-desde-cadiz-con-guia-oficial-privado-y-vehiculo\/#primaryimage\"},\"image\":{\"@id\":\"https:\/\/tourtravelandmore.com\/es\/tours\/espana-es\/cadiz-es\/tour-pueblos-blancos-desde-cadiz-con-guia-oficial-privado-y-vehiculo\/#primaryimage\"},\"thumbnailUrl\":\"https:\/\/tourtravelandmore.com\/wp-content\/uploads\/2016\/03\/arcos-de-la-frontera.jpg\",\"datePublished\":\"2016-04-19T18:08:09+00:00\",\"dateModified\":\"2024-02-27T13:43:24+00:00\",\"description\":\"Disfruta de este tour Pueblos Blancos desde Cadiz, junto a su guia privado y vehiculo. Descubre: Arcos de la Frontera, Grazalema y Ubrique \u2705\",\"breadcrumb\":{\"@id\":\"https:\/\/tourtravelandmore.com\/es\/tours\/espana-es\/cadiz-es\/tour-pueblos-blancos-desde-cadiz-con-guia-oficial-privado-y-vehiculo\/#breadcrumb\"},\"inLanguage\":\"es\",\"potentialAction\":[{\"@type\":\"ReadAction\",\"target\":[\"https:\/\/tourtravelandmore.com\/es\/tours\/espana-es\/cadiz-es\/tour-pueblos-blancos-desde-cadiz-con-guia-oficial-privado-y-vehiculo\/\"]}]},{\"@type\":\"ImageObject\",\"inLanguage\":\"es\",\"@id\":\"https:\/\/tourtravelandmore.com\/es\/tours\/espana-es\/cadiz-es\/tour-pueblos-blancos-desde-cadiz-con-guia-oficial-privado-y-vehiculo\/#primaryimage\",\"url\":\"https:\/\/tourtravelandmore.com\/wp-content\/uploads\/2016\/03\/arcos-de-la-frontera.jpg\",\"contentUrl\":\"https:\/\/tourtravelandmore.com\/wp-content\/uploads\/2016\/03\/arcos-de-la-frontera.jpg\",\"width\":1024,\"height\":761},{\"@type\":\"BreadcrumbList\",\"@id\":\"https:\/\/tourtravelandmore.com\/es\/tours\/espana-es\/cadiz-es\/tour-pueblos-blancos-desde-cadiz-con-guia-oficial-privado-y-vehiculo\/#breadcrumb\",\"itemListElement\":[{\"@type\":\"ListItem\",\"position\":1,\"name\":\"Home\",\"item\":\"https:\/\/tourtravelandmore.com\/es\/\"},{\"@type\":\"ListItem\",\"position\":2,\"name\":\"Tours\",\"item\":\"https:\/\/tourtravelandmore.com\/es\/tours\/\"},{\"@type\":\"ListItem\",\"position\":3,\"name\":\"Tour Privado a Pueblos Blancos desde C\u00e1diz\"}]},{\"@type\":\"WebSite\",\"@id\":\"https:\/\/tourtravelandmore.com\/es\/#website\",\"url\":\"https:\/\/tourtravelandmore.com\/es\/\",\"name\":\"Tour Travel And More\",\"description\":\"Private sightseeing tours and luxury transfers in Spain\",\"publisher\":{\"@id\":\"https:\/\/tourtravelandmore.com\/es\/#organization\"},\"potentialAction\":[{\"@type\":\"SearchAction\",\"target\":{\"@type\":\"EntryPoint\",\"urlTemplate\":\"https:\/\/tourtravelandmore.com\/es\/?s={search_term_string}\"},\"query-input\":{\"@type\":\"PropertyValueSpecification\",\"valueRequired\":true,\"valueName\":\"search_term_string\"}}],\"inLanguage\":\"es\"},{\"@type\":\"Organization\",\"@id\":\"https:\/\/tourtravelandmore.com\/es\/#organization\",\"name\":\"Tour Travel And More\",\"url\":\"https:\/\/tourtravelandmore.com\/es\/\",\"logo\":{\"@type\":\"ImageObject\",\"inLanguage\":\"es\",\"@id\":\"https:\/\/tourtravelandmore.com\/es\/#\/schema\/logo\/image\/\",\"url\":\"https:\/\/tourtravelandmore.com\/wp-content\/uploads\/2022\/12\/cropped-logo-cabecera-new.png\",\"contentUrl\":\"https:\/\/tourtravelandmore.com\/wp-content\/uploads\/2022\/12\/cropped-logo-cabecera-new.png\",\"width\":430,\"height\":61,\"caption\":\"Tour Travel And More\"},\"image\":{\"@id\":\"https:\/\/tourtravelandmore.com\/es\/#\/schema\/logo\/image\/\"},\"sameAs\":[\"https:\/\/www.facebook.com\/tourtravelandmore\/\",\"https:\/\/x.com\/TourTravel_More\"]}]}<\/script>\n<!-- \/ Yoast SEO Premium plugin. -->","yoast_head_json":{"title":"\u27a1\ufe0f Tour Pueblos Blancos desde Cadiz con Guia oficial privado y vehiculo | Tour Travel & More","description":"Disfruta de este tour Pueblos Blancos desde Cadiz, junto a su guia privado y vehiculo. Descubre: Arcos de la Frontera, Grazalema y Ubrique \u2705","robots":{"index":"index","follow":"follow","max-snippet":"max-snippet:-1","max-image-preview":"max-image-preview:large","max-video-preview":"max-video-preview:-1"},"canonical":"https:\/\/tourtravelandmore.com\/es\/tours\/espana-es\/cadiz-es\/tour-pueblos-blancos-desde-cadiz-con-guia-oficial-privado-y-vehiculo\/","og_locale":"es_ES","og_type":"article","og_title":"Tour Privado a Pueblos Blancos desde C\u00e1diz","og_description":"Disfruta de este tour Pueblos Blancos desde Cadiz, junto a su guia privado y vehiculo. Descubre: Arcos de la Frontera, Grazalema y Ubrique \u2705","og_url":"https:\/\/tourtravelandmore.com\/es\/tours\/espana-es\/cadiz-es\/tour-pueblos-blancos-desde-cadiz-con-guia-oficial-privado-y-vehiculo\/","og_site_name":"Tour Travel And More","article_publisher":"https:\/\/www.facebook.com\/tourtravelandmore\/","article_modified_time":"2024-02-27T13:43:24+00:00","og_image":[{"width":1024,"height":761,"url":"https:\/\/tourtravelandmore.com\/wp-content\/uploads\/2016\/03\/arcos-de-la-frontera.jpg","type":"image\/jpeg"}],"twitter_card":"summary_large_image","twitter_site":"@TourTravel_More","twitter_misc":{"Tiempo de lectura":"2 minutos"},"schema":{"@context":"https:\/\/schema.org","@graph":[{"@type":"WebPage","@id":"https:\/\/tourtravelandmore.com\/es\/tours\/espana-es\/cadiz-es\/tour-pueblos-blancos-desde-cadiz-con-guia-oficial-privado-y-vehiculo\/","url":"https:\/\/tourtravelandmore.com\/es\/tours\/espana-es\/cadiz-es\/tour-pueblos-blancos-desde-cadiz-con-guia-oficial-privado-y-vehiculo\/","name":"\u27a1\ufe0f Tour Pueblos Blancos desde Cadiz con Guia oficial privado y vehiculo | Tour Travel & More","isPartOf":{"@id":"https:\/\/tourtravelandmore.com\/es\/#website"},"primaryImageOfPage":{"@id":"https:\/\/tourtravelandmore.com\/es\/tours\/espana-es\/cadiz-es\/tour-pueblos-blancos-desde-cadiz-con-guia-oficial-privado-y-vehiculo\/#primaryimage"},"image":{"@id":"https:\/\/tourtravelandmore.com\/es\/tours\/espana-es\/cadiz-es\/tour-pueblos-blancos-desde-cadiz-con-guia-oficial-privado-y-vehiculo\/#primaryimage"},"thumbnailUrl":"https:\/\/tourtravelandmore.com\/wp-content\/uploads\/2016\/03\/arcos-de-la-frontera.jpg","datePublished":"2016-04-19T18:08:09+00:00","dateModified":"2024-02-27T13:43:24+00:00","description":"Disfruta de este tour Pueblos Blancos desde Cadiz, junto a su guia privado y vehiculo. Descubre: Arcos de la Frontera, Grazalema y Ubrique \u2705","breadcrumb":{"@id":"https:\/\/tourtravelandmore.com\/es\/tours\/espana-es\/cadiz-es\/tour-pueblos-blancos-desde-cadiz-con-guia-oficial-privado-y-vehiculo\/#breadcrumb"},"inLanguage":"es","potentialAction":[{"@type":"ReadAction","target":["https:\/\/tourtravelandmore.com\/es\/tours\/espana-es\/cadiz-es\/tour-pueblos-blancos-desde-cadiz-con-guia-oficial-privado-y-vehiculo\/"]}]},{"@type":"ImageObject","inLanguage":"es","@id":"https:\/\/tourtravelandmore.com\/es\/tours\/espana-es\/cadiz-es\/tour-pueblos-blancos-desde-cadiz-con-guia-oficial-privado-y-vehiculo\/#primaryimage","url":"https:\/\/tourtravelandmore.com\/wp-content\/uploads\/2016\/03\/arcos-de-la-frontera.jpg","contentUrl":"https:\/\/tourtravelandmore.com\/wp-content\/uploads\/2016\/03\/arcos-de-la-frontera.jpg","width":1024,"height":761},{"@type":"BreadcrumbList","@id":"https:\/\/tourtravelandmore.com\/es\/tours\/espana-es\/cadiz-es\/tour-pueblos-blancos-desde-cadiz-con-guia-oficial-privado-y-vehiculo\/#breadcrumb","itemListElement":[{"@type":"ListItem","position":1,"name":"Home","item":"https:\/\/tourtravelandmore.com\/es\/"},{"@type":"ListItem","position":2,"name":"Tours","item":"https:\/\/tourtravelandmore.com\/es\/tours\/"},{"@type":"ListItem","position":3,"name":"Tour Privado a Pueblos Blancos desde C\u00e1diz"}]},{"@type":"WebSite","@id":"https:\/\/tourtravelandmore.com\/es\/#website","url":"https:\/\/tourtravelandmore.com\/es\/","name":"Tour Travel And More","description":"Private sightseeing tours and luxury transfers in Spain","publisher":{"@id":"https:\/\/tourtravelandmore.com\/es\/#organization"},"potentialAction":[{"@type":"SearchAction","target":{"@type":"EntryPoint","urlTemplate":"https:\/\/tourtravelandmore.com\/es\/?s={search_term_string}"},"query-input":{"@type":"PropertyValueSpecification","valueRequired":true,"valueName":"search_term_string"}}],"inLanguage":"es"},{"@type":"Organization","@id":"https:\/\/tourtravelandmore.com\/es\/#organization","name":"Tour Travel And More","url":"https:\/\/tourtravelandmore.com\/es\/","logo":{"@type":"ImageObject","inLanguage":"es","@id":"https:\/\/tourtravelandmore.com\/es\/#\/schema\/logo\/image\/","url":"https:\/\/tourtravelandmore.com\/wp-content\/uploads\/2022\/12\/cropped-logo-cabecera-new.png","contentUrl":"https:\/\/tourtravelandmore.com\/wp-content\/uploads\/2022\/12\/cropped-logo-cabecera-new.png","width":430,"height":61,"caption":"Tour Travel And More"},"image":{"@id":"https:\/\/tourtravelandmore.com\/es\/#\/schema\/logo\/image\/"},"sameAs":["https:\/\/www.facebook.com\/tourtravelandmore\/","https:\/\/x.com\/TourTravel_More"]}]}},"_links":{"self":[{"href":"https:\/\/tourtravelandmore.com\/es\/wp-json\/wp\/v2\/product\/955","targetHints":{"allow":["GET"]}}],"collection":[{"href":"https:\/\/tourtravelandmore.com\/es\/wp-json\/wp\/v2\/product"}],"about":[{"href":"https:\/\/tourtravelandmore.com\/es\/wp-json\/wp\/v2\/types\/product"}],"replies":[{"embeddable":true,"href":"https:\/\/tourtravelandmore.com\/es\/wp-json\/wp\/v2\/comments?post=955"}],"wp:featuredmedia":[{"embeddable":true,"href":"https:\/\/tourtravelandmore.com\/es\/wp-json\/wp\/v2\/media\/16789"}],"wp:attachment":[{"href":"https:\/\/tourtravelandmore.com\/es\/wp-json\/wp\/v2\/media?parent=955"}],"wp:term":[{"taxonomy":"product_brand","embeddable":true,"href":"https:\/\/tourtravelandmore.com\/es\/wp-json\/wp\/v2\/product_brand?post=955"},{"taxonomy":"product_cat","embeddable":true,"href":"https:\/\/tourtravelandmore.com\/es\/wp-json\/wp\/v2\/product_cat?post=955"},{"taxonomy":"product_tag","embeddable":true,"href":"https:\/\/tourtravelandmore.com\/es\/wp-json\/wp\/v2\/product_tag?post=955"}],"curies":[{"name":"wp","href":"https:\/\/api.w.org\/{rel}","templated":true}]}}