{"id":9546,"date":"2016-08-26T12:31:25","date_gmt":"2016-12-27T12:12:07","guid":{"rendered":"http:\/\/tourtravelandmore.com\/es\/?post_type=product&#038;p=9546"},"modified":"2023-03-07T03:35:17","modified_gmt":"2023-03-07T02:35:17","slug":"city-tour-privado-cordoba-desde-malaga","status":"publish","type":"product","link":"https:\/\/tourtravelandmore.com\/es\/tours\/espana-es\/malaga-es\/city-tour-privado-cordoba-desde-malaga\/","title":{"rendered":"Tour privado a Cordoba desde Malaga"},"content":{"rendered":"<h2><strong>Descripci\u00f3n del Tour privado a Cordoba desde Malaga<\/strong><\/h2>\n<p>Disfrute de este <strong>tour a C\u00f3rdoba desde Malaga, de forma privada, con su gu\u00eda y veh\u00edculo privado.<\/strong><\/p>\n<p>Nuestro conductor le recoger\u00e1 en M\u00e1laga en un lugar de su elecci\u00f3n y le llevar\u00e1 a C\u00f3rdoba, donde estar\u00e1 esperando su gu\u00eda privado oficial para realizar un recorrido a pie del centro hist\u00f3rico de la ciudad. Luego podr\u00e1n para a comer y el conductor os devolver\u00e1 a M\u00e1laga.<\/p>\n<p>El Tour a C\u00f3rdoba desde M\u00e1laga es completamente privado, puede escoger el sitio y la hora de recogida.<\/p>\n<p>La duraci\u00f3n del tour son 10 horas, el gu\u00eda esperar\u00e1 en C\u00f3rdoba para realizar un recorrido a pie del centro hist\u00f3rico de la ciudad.<\/p>\n<p>Est\u00e1n incluidas las entradas a la Mezquita de C\u00f3rdoba, Sinagoga y el Alcazar. Las entradas son sin colas.<\/p>\n<h2>Puntos de inter\u00e9s en el Tour privado a Cordoba desde Malaga<\/h2>\n<p>C\u00f3rdoba es una de las ciudades con m\u00e1s historia de Espa\u00f1a. Fue sede del imperio romano y tambi\u00e9n capital del califato de los Omeyas.<\/p>\n<p>Hoy en d\u00eda es un Patrimonio de la Humanidad, y posee uno de los monumentos hist\u00f3ricos m\u00e1s bonitos e impresionantes de Espa\u00f1a,<strong> la Gran Mezquita (hoy Catedral de Cordoba)<\/strong>. Durante vuestro tour privado, podr\u00e9is ver, entre otros monumentos, los siguientes:<\/p>\n<ul>\n<li><strong>Mezquita de C\u00f3rdoba <\/strong>(entrada incluida en el precio de este tour)<\/li>\n<li><strong>Sinagoga<\/strong> (entrada incluida en el precio de este tour)<\/li>\n<li><strong>Alcazar de Cordoba <\/strong>(entrada incluida en el precio de este tour)<\/li>\n<li><strong>Puente Romano<\/strong><\/li>\n<li><strong>Templo Romano<\/strong><\/li>\n<li><strong>Barrio Jud\u00edo<\/strong><\/li>\n<li><strong>Millas del Guadalquivir<\/strong><\/li>\n<li><strong>Muralla Romana<\/strong><\/li>\n<li><strong>Mucho m\u00e1s!<\/strong><\/li>\n<\/ul>\n<p>Nuestro gu\u00eda oficial privado conoce la historia, cada rinc\u00f3n de la ciudad, leyendas y an\u00e9cdotas. Le ayudar\u00e1 a descubrir una de las ciudades m\u00e1s antiguas de Europa mejor conservadas.<\/p>\n<p>Cuando finalicemos el tour a C\u00f3rdoba desde M\u00e1laga, nuestro conductor privado le devolver\u00e1 a M\u00e1laga en su hotel.<\/p>\n<p>Si dispone de m\u00e1s d\u00edas en M\u00e1laga, pod\u00e9is consultar nuestro listado de <a href=\"https:\/\/tourtravelandmore.com\/es\/ciudad\/espana-es\/malaga-es\/\">tours privado de M\u00e1laga.<\/a><\/p>\n","protected":false},"excerpt":{"rendered":"<p>Disfruta de este <strong>tour personalizable de C\u00f3rdoba<\/strong>. Tome esta oportunidad para conocer y disfrutar de C\u00f3rdoba durante este tour con vuestro gu\u00eda oficial privado y vuestro veh\u00edculo de lujo con chofer. Le recogemos desde su hotel en M\u00e1laga. Disfruta de los monumentos y zonas m\u00e1s emblem\u00e1ticas de C\u00f3rdoba como la <strong>Mezquita de C\u00f3rdoba<\/strong>, puente romano, templo romano y mucho m\u00e1s. <strong>Entradas incluidas<\/strong> a La mezquita\/catedral de C\u00f3rdoba, la antigua sinagoga y el alc\u00e1zar.<\/p>\n","protected":false},"featured_media":16481,"comment_status":"open","ping_status":"closed","template":"","meta":{"_acf_changed":false},"product_brand":[],"product_cat":[94,527,95,96,97,89,91,90],"product_tag":[],"class_list":{"0":"post-9546","1":"product","2":"type-product","3":"status-publish","4":"has-post-thumbnail","6":"product_cat-malaga-es","7":"product_cat-malaga-excursiones-privadas-cruceros-es","8":"product_cat-malaga-actividades-es","9":"product_cat-malaga-excursiones-es","10":"product_cat-malaga-rutas-turisticas-privadas-es","11":"product_cat-marbella-puerto-banus-actividades-es","12":"product_cat-marbella-puerto-banus-rutas-turisticas-es","13":"product_cat-marbella-puerto-banus-excursiones-es","15":"first","16":"instock","17":"shipping-taxable","18":"purchasable","19":"product-type-simple"},"acf":[],"yoast_head":"<!-- This site is optimized with the Yoast SEO Premium plugin v25.3.1 (Yoast SEO v25.3.1) - https:\/\/yoast.com\/wordpress\/plugins\/seo\/ -->\n<title>\u27a1\ufe0f Tour a C\u00f3rdoba desde M\u00e1laga | Tour Travel &amp; More<\/title>\n<meta name=\"description\" content=\"Disfrute de este tour a C\u00f3rdoba desde M\u00e1laga, con gu\u00eda y veh\u00edculo privado. Conoce uno de los monumentos m\u00e1s importantes del mundo, la Mezquita \u2705\" \/>\n<meta name=\"robots\" content=\"index, follow, max-snippet:-1, max-image-preview:large, max-video-preview:-1\" \/>\n<link rel=\"canonical\" href=\"https:\/\/tourtravelandmore.com\/es\/tours\/espana-es\/malaga-es\/city-tour-privado-cordoba-desde-malaga\/\" \/>\n<meta property=\"og:locale\" content=\"es_ES\" \/>\n<meta property=\"og:type\" content=\"article\" \/>\n<meta property=\"og:title\" content=\"Tour privado a Cordoba desde Malaga\" \/>\n<meta property=\"og:description\" content=\"Disfrute de este tour a C\u00f3rdoba desde M\u00e1laga, con gu\u00eda y veh\u00edculo privado. Conoce uno de los monumentos m\u00e1s importantes del mundo, la Mezquita \u2705\" \/>\n<meta property=\"og:url\" content=\"https:\/\/tourtravelandmore.com\/es\/tours\/espana-es\/malaga-es\/city-tour-privado-cordoba-desde-malaga\/\" \/>\n<meta property=\"og:site_name\" content=\"Tour Travel And More\" \/>\n<meta property=\"article:publisher\" content=\"https:\/\/www.facebook.com\/tourtravelandmore\/\" \/>\n<meta property=\"article:modified_time\" content=\"2023-03-07T02:35:17+00:00\" \/>\n<meta property=\"og:image\" content=\"https:\/\/tourtravelandmore.com\/wp-content\/uploads\/2016\/08\/mosquecathedral-of-cordoba-1541653_960_720.jpg\" \/>\n\t<meta property=\"og:image:width\" content=\"960\" \/>\n\t<meta property=\"og:image:height\" content=\"540\" \/>\n\t<meta property=\"og:image:type\" content=\"image\/jpeg\" \/>\n<meta name=\"twitter:card\" content=\"summary_large_image\" \/>\n<meta name=\"twitter:site\" content=\"@TourTravel_More\" \/>\n<meta name=\"twitter:label1\" content=\"Tiempo de lectura\" \/>\n\t<meta name=\"twitter:data1\" content=\"2 minutos\" \/>\n<script type=\"application\/ld+json\" class=\"yoast-schema-graph\">{\"@context\":\"https:\/\/schema.org\",\"@graph\":[{\"@type\":\"WebPage\",\"@id\":\"https:\/\/tourtravelandmore.com\/es\/tours\/espana-es\/malaga-es\/city-tour-privado-cordoba-desde-malaga\/\",\"url\":\"https:\/\/tourtravelandmore.com\/es\/tours\/espana-es\/malaga-es\/city-tour-privado-cordoba-desde-malaga\/\",\"name\":\"\u27a1\ufe0f Tour a C\u00f3rdoba desde M\u00e1laga | Tour Travel & More\",\"isPartOf\":{\"@id\":\"https:\/\/tourtravelandmore.com\/es\/#website\"},\"primaryImageOfPage\":{\"@id\":\"https:\/\/tourtravelandmore.com\/es\/tours\/espana-es\/malaga-es\/city-tour-privado-cordoba-desde-malaga\/#primaryimage\"},\"image\":{\"@id\":\"https:\/\/tourtravelandmore.com\/es\/tours\/espana-es\/malaga-es\/city-tour-privado-cordoba-desde-malaga\/#primaryimage\"},\"thumbnailUrl\":\"https:\/\/tourtravelandmore.com\/wp-content\/uploads\/2016\/08\/mosquecathedral-of-cordoba-1541653_960_720.jpg\",\"datePublished\":\"2016-12-27T12:12:07+00:00\",\"dateModified\":\"2023-03-07T02:35:17+00:00\",\"description\":\"Disfrute de este tour a C\u00f3rdoba desde M\u00e1laga, con gu\u00eda y veh\u00edculo privado. Conoce uno de los monumentos m\u00e1s importantes del mundo, la Mezquita \u2705\",\"breadcrumb\":{\"@id\":\"https:\/\/tourtravelandmore.com\/es\/tours\/espana-es\/malaga-es\/city-tour-privado-cordoba-desde-malaga\/#breadcrumb\"},\"inLanguage\":\"es\",\"potentialAction\":[{\"@type\":\"ReadAction\",\"target\":[\"https:\/\/tourtravelandmore.com\/es\/tours\/espana-es\/malaga-es\/city-tour-privado-cordoba-desde-malaga\/\"]}]},{\"@type\":\"ImageObject\",\"inLanguage\":\"es\",\"@id\":\"https:\/\/tourtravelandmore.com\/es\/tours\/espana-es\/malaga-es\/city-tour-privado-cordoba-desde-malaga\/#primaryimage\",\"url\":\"https:\/\/tourtravelandmore.com\/wp-content\/uploads\/2016\/08\/mosquecathedral-of-cordoba-1541653_960_720.jpg\",\"contentUrl\":\"https:\/\/tourtravelandmore.com\/wp-content\/uploads\/2016\/08\/mosquecathedral-of-cordoba-1541653_960_720.jpg\",\"width\":960,\"height\":540,\"caption\":\"tour a cordoba desde malaga\"},{\"@type\":\"BreadcrumbList\",\"@id\":\"https:\/\/tourtravelandmore.com\/es\/tours\/espana-es\/malaga-es\/city-tour-privado-cordoba-desde-malaga\/#breadcrumb\",\"itemListElement\":[{\"@type\":\"ListItem\",\"position\":1,\"name\":\"Home\",\"item\":\"https:\/\/tourtravelandmore.com\/es\/\"},{\"@type\":\"ListItem\",\"position\":2,\"name\":\"Tours\",\"item\":\"https:\/\/tourtravelandmore.com\/es\/tours\/\"},{\"@type\":\"ListItem\",\"position\":3,\"name\":\"Tour privado a Cordoba desde Malaga\"}]},{\"@type\":\"WebSite\",\"@id\":\"https:\/\/tourtravelandmore.com\/es\/#website\",\"url\":\"https:\/\/tourtravelandmore.com\/es\/\",\"name\":\"Tour Travel And More\",\"description\":\"Private sightseeing tours and luxury transfers in Spain\",\"publisher\":{\"@id\":\"https:\/\/tourtravelandmore.com\/es\/#organization\"},\"potentialAction\":[{\"@type\":\"SearchAction\",\"target\":{\"@type\":\"EntryPoint\",\"urlTemplate\":\"https:\/\/tourtravelandmore.com\/es\/?s={search_term_string}\"},\"query-input\":{\"@type\":\"PropertyValueSpecification\",\"valueRequired\":true,\"valueName\":\"search_term_string\"}}],\"inLanguage\":\"es\"},{\"@type\":\"Organization\",\"@id\":\"https:\/\/tourtravelandmore.com\/es\/#organization\",\"name\":\"Tour Travel And More\",\"url\":\"https:\/\/tourtravelandmore.com\/es\/\",\"logo\":{\"@type\":\"ImageObject\",\"inLanguage\":\"es\",\"@id\":\"https:\/\/tourtravelandmore.com\/es\/#\/schema\/logo\/image\/\",\"url\":\"https:\/\/tourtravelandmore.com\/wp-content\/uploads\/2022\/12\/cropped-logo-cabecera-new.png\",\"contentUrl\":\"https:\/\/tourtravelandmore.com\/wp-content\/uploads\/2022\/12\/cropped-logo-cabecera-new.png\",\"width\":430,\"height\":61,\"caption\":\"Tour Travel And More\"},\"image\":{\"@id\":\"https:\/\/tourtravelandmore.com\/es\/#\/schema\/logo\/image\/\"},\"sameAs\":[\"https:\/\/www.facebook.com\/tourtravelandmore\/\",\"https:\/\/x.com\/TourTravel_More\"]}]}<\/script>\n<!-- \/ Yoast SEO Premium plugin. -->","yoast_head_json":{"title":"\u27a1\ufe0f Tour a C\u00f3rdoba desde M\u00e1laga | Tour Travel & More","description":"Disfrute de este tour a C\u00f3rdoba desde M\u00e1laga, con gu\u00eda y veh\u00edculo privado. Conoce uno de los monumentos m\u00e1s importantes del mundo, la Mezquita \u2705","robots":{"index":"index","follow":"follow","max-snippet":"max-snippet:-1","max-image-preview":"max-image-preview:large","max-video-preview":"max-video-preview:-1"},"canonical":"https:\/\/tourtravelandmore.com\/es\/tours\/espana-es\/malaga-es\/city-tour-privado-cordoba-desde-malaga\/","og_locale":"es_ES","og_type":"article","og_title":"Tour privado a Cordoba desde Malaga","og_description":"Disfrute de este tour a C\u00f3rdoba desde M\u00e1laga, con gu\u00eda y veh\u00edculo privado. Conoce uno de los monumentos m\u00e1s importantes del mundo, la Mezquita \u2705","og_url":"https:\/\/tourtravelandmore.com\/es\/tours\/espana-es\/malaga-es\/city-tour-privado-cordoba-desde-malaga\/","og_site_name":"Tour Travel And More","article_publisher":"https:\/\/www.facebook.com\/tourtravelandmore\/","article_modified_time":"2023-03-07T02:35:17+00:00","og_image":[{"width":960,"height":540,"url":"https:\/\/tourtravelandmore.com\/wp-content\/uploads\/2016\/08\/mosquecathedral-of-cordoba-1541653_960_720.jpg","type":"image\/jpeg"}],"twitter_card":"summary_large_image","twitter_site":"@TourTravel_More","twitter_misc":{"Tiempo de lectura":"2 minutos"},"schema":{"@context":"https:\/\/schema.org","@graph":[{"@type":"WebPage","@id":"https:\/\/tourtravelandmore.com\/es\/tours\/espana-es\/malaga-es\/city-tour-privado-cordoba-desde-malaga\/","url":"https:\/\/tourtravelandmore.com\/es\/tours\/espana-es\/malaga-es\/city-tour-privado-cordoba-desde-malaga\/","name":"\u27a1\ufe0f Tour a C\u00f3rdoba desde M\u00e1laga | Tour Travel & More","isPartOf":{"@id":"https:\/\/tourtravelandmore.com\/es\/#website"},"primaryImageOfPage":{"@id":"https:\/\/tourtravelandmore.com\/es\/tours\/espana-es\/malaga-es\/city-tour-privado-cordoba-desde-malaga\/#primaryimage"},"image":{"@id":"https:\/\/tourtravelandmore.com\/es\/tours\/espana-es\/malaga-es\/city-tour-privado-cordoba-desde-malaga\/#primaryimage"},"thumbnailUrl":"https:\/\/tourtravelandmore.com\/wp-content\/uploads\/2016\/08\/mosquecathedral-of-cordoba-1541653_960_720.jpg","datePublished":"2016-12-27T12:12:07+00:00","dateModified":"2023-03-07T02:35:17+00:00","description":"Disfrute de este tour a C\u00f3rdoba desde M\u00e1laga, con gu\u00eda y veh\u00edculo privado. Conoce uno de los monumentos m\u00e1s importantes del mundo, la Mezquita \u2705","breadcrumb":{"@id":"https:\/\/tourtravelandmore.com\/es\/tours\/espana-es\/malaga-es\/city-tour-privado-cordoba-desde-malaga\/#breadcrumb"},"inLanguage":"es","potentialAction":[{"@type":"ReadAction","target":["https:\/\/tourtravelandmore.com\/es\/tours\/espana-es\/malaga-es\/city-tour-privado-cordoba-desde-malaga\/"]}]},{"@type":"ImageObject","inLanguage":"es","@id":"https:\/\/tourtravelandmore.com\/es\/tours\/espana-es\/malaga-es\/city-tour-privado-cordoba-desde-malaga\/#primaryimage","url":"https:\/\/tourtravelandmore.com\/wp-content\/uploads\/2016\/08\/mosquecathedral-of-cordoba-1541653_960_720.jpg","contentUrl":"https:\/\/tourtravelandmore.com\/wp-content\/uploads\/2016\/08\/mosquecathedral-of-cordoba-1541653_960_720.jpg","width":960,"height":540,"caption":"tour a cordoba desde malaga"},{"@type":"BreadcrumbList","@id":"https:\/\/tourtravelandmore.com\/es\/tours\/espana-es\/malaga-es\/city-tour-privado-cordoba-desde-malaga\/#breadcrumb","itemListElement":[{"@type":"ListItem","position":1,"name":"Home","item":"https:\/\/tourtravelandmore.com\/es\/"},{"@type":"ListItem","position":2,"name":"Tours","item":"https:\/\/tourtravelandmore.com\/es\/tours\/"},{"@type":"ListItem","position":3,"name":"Tour privado a Cordoba desde Malaga"}]},{"@type":"WebSite","@id":"https:\/\/tourtravelandmore.com\/es\/#website","url":"https:\/\/tourtravelandmore.com\/es\/","name":"Tour Travel And More","description":"Private sightseeing tours and luxury transfers in Spain","publisher":{"@id":"https:\/\/tourtravelandmore.com\/es\/#organization"},"potentialAction":[{"@type":"SearchAction","target":{"@type":"EntryPoint","urlTemplate":"https:\/\/tourtravelandmore.com\/es\/?s={search_term_string}"},"query-input":{"@type":"PropertyValueSpecification","valueRequired":true,"valueName":"search_term_string"}}],"inLanguage":"es"},{"@type":"Organization","@id":"https:\/\/tourtravelandmore.com\/es\/#organization","name":"Tour Travel And More","url":"https:\/\/tourtravelandmore.com\/es\/","logo":{"@type":"ImageObject","inLanguage":"es","@id":"https:\/\/tourtravelandmore.com\/es\/#\/schema\/logo\/image\/","url":"https:\/\/tourtravelandmore.com\/wp-content\/uploads\/2022\/12\/cropped-logo-cabecera-new.png","contentUrl":"https:\/\/tourtravelandmore.com\/wp-content\/uploads\/2022\/12\/cropped-logo-cabecera-new.png","width":430,"height":61,"caption":"Tour Travel And More"},"image":{"@id":"https:\/\/tourtravelandmore.com\/es\/#\/schema\/logo\/image\/"},"sameAs":["https:\/\/www.facebook.com\/tourtravelandmore\/","https:\/\/x.com\/TourTravel_More"]}]}},"_links":{"self":[{"href":"https:\/\/tourtravelandmore.com\/es\/wp-json\/wp\/v2\/product\/9546","targetHints":{"allow":["GET"]}}],"collection":[{"href":"https:\/\/tourtravelandmore.com\/es\/wp-json\/wp\/v2\/product"}],"about":[{"href":"https:\/\/tourtravelandmore.com\/es\/wp-json\/wp\/v2\/types\/product"}],"replies":[{"embeddable":true,"href":"https:\/\/tourtravelandmore.com\/es\/wp-json\/wp\/v2\/comments?post=9546"}],"wp:featuredmedia":[{"embeddable":true,"href":"https:\/\/tourtravelandmore.com\/es\/wp-json\/wp\/v2\/media\/16481"}],"wp:attachment":[{"href":"https:\/\/tourtravelandmore.com\/es\/wp-json\/wp\/v2\/media?parent=9546"}],"wp:term":[{"taxonomy":"product_brand","embeddable":true,"href":"https:\/\/tourtravelandmore.com\/es\/wp-json\/wp\/v2\/product_brand?post=9546"},{"taxonomy":"product_cat","embeddable":true,"href":"https:\/\/tourtravelandmore.com\/es\/wp-json\/wp\/v2\/product_cat?post=9546"},{"taxonomy":"product_tag","embeddable":true,"href":"https:\/\/tourtravelandmore.com\/es\/wp-json\/wp\/v2\/product_tag?post=9546"}],"curies":[{"name":"wp","href":"https:\/\/api.w.org\/{rel}","templated":true}]}}