{"id":9541,"date":"2016-08-26T12:14:28","date_gmt":"2016-12-27T12:07:34","guid":{"rendered":"http:\/\/tourtravelandmore.com\/es\/?post_type=product&#038;p=9541"},"modified":"2023-03-18T05:28:34","modified_gmt":"2023-03-18T04:28:34","slug":"traslado-privado-aeropuerto-malaga","status":"publish","type":"product","link":"https:\/\/tourtravelandmore.com\/es\/tours\/espana-es\/malaga-es\/traslado-privado-aeropuerto-malaga\/","title":{"rendered":"Traslado privado desde Aeropuerto a Malaga"},"content":{"rendered":"<h2><strong>Descripci\u00f3n del Traslado privado desde Aeropuerto a Malaga<\/strong><\/h2>\n<p>Le ofrecemos la manera m\u00e1s <strong>r\u00e1pida<\/strong> y <strong>relajante<\/strong> de llegar a su destino gracias al <strong>Traslado privado Aeropuerto de Malaga.<\/strong><\/p>\n<p>Disponemos de una flota de <strong>coches privados y minivans y Minibuses. <\/strong>Formada por Mercedes Clase S, Mercede E, Mercedes Viano y Sprinter, para realizar su Traslado privado Aeropuerto de Malaga.<\/p>\n<p>\u00a1Disfrute de una experiencia relajante y segura sin colas!<\/p>\n<p>Nuestros Traslados y disposiciones son con veh\u00edculo privado con conductor.<\/p>\n<p>El Traslado privado Aeropuerto de M\u00e1laga es completamente privado, podr\u00e1 escoger la hora y lugar de recogida.<\/p>\n<p>Ofrecemos todo tipo de <strong>traslados:<\/strong><\/p>\n<ul>\n<li><strong>Traslados Aeropuerto<\/strong><\/li>\n<li><strong>Traslados Estaciones de Tren<\/strong><\/li>\n<li><strong>Disposiciones<\/strong><\/li>\n<li><strong>Traslados para ir a cenar<\/strong><\/li>\n<li><strong>Congresos<\/strong><\/li>\n<\/ul>\n<p>Todos nuestros veh\u00edculos disponen de las licencias correspondientes, as\u00ed como nuestros conductores.<\/p>\n<h2><strong>Puntos de inter\u00e9s en el Traslado privado desde Aeropuerto a M\u00e1laga<\/strong><\/h2>\n<p>Para <strong>Aeropuertos<\/strong> y <strong>Estaciones,<\/strong> nuestro conductor siempre estar\u00e1 esperando con un cartel con el nombre del viajero principal.<\/p>\n<p>En caso de retrasos de su avi\u00f3n, nosotros en todo momento monitorizamos su vuela, si vemos que su avi\u00f3n viene con retraso cambiamos la hora de recogida y enviamos al conductor a la hora correcta.<\/p>\n<p>Cuando salga desde un <strong>Hotel<\/strong> o <strong>Apartamento<\/strong> estar\u00e1 esperando en la puerta, ya que no puede dejar el veh\u00edculo estacionado.<\/p>\n<p>Disponemos de conductores que hablan Ingl\u00e9s, se ha de solicitar con antelaci\u00f3n.<\/p>\n<p>Si est\u00e1n en <strong>M\u00e1laga<\/strong> y va a ir a <strong>Marbella,<\/strong> tambi\u00e9n puede realizar nuestro servicio de <strong>Traslado,<\/strong> ya que operamos en toda <strong>Andaluc\u00eda.<\/strong><\/p>\n<p>Es importante informar del n\u00famero de maletas, para calcular bien el espacio y enviar el veh\u00edculo correcto.<\/p>\n<p>Si alguno se necesitan sillas de bebe o alzadores, tambi\u00e9n hay que avisar ya que las normas espa\u00f1olas nos obligan. No tiene coste adicional, es un servicio que ofrecemos.<\/p>\n<p>Si va a estar muchos d\u00edas y desea realizar un <a href=\"https:\/\/tourtravelandmore.com\/es\/ciudad\/espana-es\/malaga-es\/\">tour privado desde M\u00e1laga<\/a> puede consultar nuestro listado de tours.<\/p>\n<p>Para contratar el traslado es muy f\u00e1cil, tiene que rellenar el formulario de contacto y especificar la hora de su vuelo y lugar de devoluci\u00f3n, nuestro equipo de sporte, r\u00e1pidamente le pasar\u00e1 una propuesta detallada con toda la informaci\u00f3n.<\/p>\n","protected":false},"excerpt":{"rendered":"<p>Aproveche esta oportunidad para llegar a su destino en <strong>Malaga<\/strong> de la manera m\u00e1s <strong>c\u00f3moda<\/strong> y <strong>r\u00e1pida<\/strong> posible.<br \/>\nOrganizamos recogidas desde su hotel, aeropuerto, estaci\u00f3n de tren o cualquier lugar de <strong>Malaga.<\/strong><\/p>\n","protected":false},"featured_media":665,"comment_status":"open","ping_status":"closed","template":"","meta":{"_acf_changed":false},"product_brand":[],"product_cat":[94,95,99],"product_tag":[],"class_list":{"0":"post-9541","1":"product","2":"type-product","3":"status-publish","4":"has-post-thumbnail","6":"product_cat-malaga-es","7":"product_cat-malaga-actividades-es","8":"product_cat-malaga-traslados-es","10":"first","11":"instock","12":"shipping-taxable","13":"purchasable","14":"product-type-simple"},"acf":[],"yoast_head":"<!-- This site is optimized with the Yoast SEO Premium plugin v25.3.1 (Yoast SEO v25.3.1) - https:\/\/yoast.com\/wordpress\/plugins\/seo\/ -->\n<title>\u27a1\ufe0f Traslado privado Aeropuerto de Malaga | Tour Travel &amp; More<\/title>\n<meta name=\"description\" content=\"El Traslado privado Aeropuerto de Malaga es la manera m\u00e1s comoda y r\u00e1pida. Recogidas desde su hotel, aeropuerto o cualquier lugar de Malaga \u2705\" \/>\n<meta name=\"robots\" content=\"index, follow, max-snippet:-1, max-image-preview:large, max-video-preview:-1\" \/>\n<link rel=\"canonical\" href=\"https:\/\/tourtravelandmore.com\/es\/tours\/espana-es\/malaga-es\/traslado-privado-aeropuerto-malaga\/\" \/>\n<meta property=\"og:locale\" content=\"es_ES\" \/>\n<meta property=\"og:type\" content=\"article\" \/>\n<meta property=\"og:title\" content=\"Traslado privado desde Aeropuerto a Malaga\" \/>\n<meta property=\"og:description\" content=\"El Traslado privado Aeropuerto de Malaga es la manera m\u00e1s comoda y r\u00e1pida. Recogidas desde su hotel, aeropuerto o cualquier lugar de Malaga \u2705\" \/>\n<meta property=\"og:url\" content=\"https:\/\/tourtravelandmore.com\/es\/tours\/espana-es\/malaga-es\/traslado-privado-aeropuerto-malaga\/\" \/>\n<meta property=\"og:site_name\" content=\"Tour Travel And More\" \/>\n<meta property=\"article:publisher\" content=\"https:\/\/www.facebook.com\/tourtravelandmore\/\" \/>\n<meta property=\"article:modified_time\" content=\"2023-03-18T04:28:34+00:00\" \/>\n<meta property=\"og:image\" content=\"https:\/\/tourtravelandmore.com\/wp-content\/uploads\/2016\/03\/VIANO1-copia.png\" \/>\n\t<meta property=\"og:image:width\" content=\"640\" \/>\n\t<meta property=\"og:image:height\" content=\"425\" \/>\n\t<meta property=\"og:image:type\" content=\"image\/png\" \/>\n<meta name=\"twitter:card\" content=\"summary_large_image\" \/>\n<meta name=\"twitter:site\" content=\"@TourTravel_More\" \/>\n<meta name=\"twitter:label1\" content=\"Tiempo de lectura\" \/>\n\t<meta name=\"twitter:data1\" content=\"2 minutos\" \/>\n<script type=\"application\/ld+json\" class=\"yoast-schema-graph\">{\"@context\":\"https:\/\/schema.org\",\"@graph\":[{\"@type\":\"WebPage\",\"@id\":\"https:\/\/tourtravelandmore.com\/es\/tours\/espana-es\/malaga-es\/traslado-privado-aeropuerto-malaga\/\",\"url\":\"https:\/\/tourtravelandmore.com\/es\/tours\/espana-es\/malaga-es\/traslado-privado-aeropuerto-malaga\/\",\"name\":\"\u27a1\ufe0f Traslado privado Aeropuerto de Malaga | Tour Travel & More\",\"isPartOf\":{\"@id\":\"https:\/\/tourtravelandmore.com\/es\/#website\"},\"primaryImageOfPage\":{\"@id\":\"https:\/\/tourtravelandmore.com\/es\/tours\/espana-es\/malaga-es\/traslado-privado-aeropuerto-malaga\/#primaryimage\"},\"image\":{\"@id\":\"https:\/\/tourtravelandmore.com\/es\/tours\/espana-es\/malaga-es\/traslado-privado-aeropuerto-malaga\/#primaryimage\"},\"thumbnailUrl\":\"https:\/\/tourtravelandmore.com\/wp-content\/uploads\/2016\/03\/VIANO1-copia.png\",\"datePublished\":\"2016-12-27T12:07:34+00:00\",\"dateModified\":\"2023-03-18T04:28:34+00:00\",\"description\":\"El Traslado privado Aeropuerto de Malaga es la manera m\u00e1s comoda y r\u00e1pida. Recogidas desde su hotel, aeropuerto o cualquier lugar de Malaga \u2705\",\"breadcrumb\":{\"@id\":\"https:\/\/tourtravelandmore.com\/es\/tours\/espana-es\/malaga-es\/traslado-privado-aeropuerto-malaga\/#breadcrumb\"},\"inLanguage\":\"es\",\"potentialAction\":[{\"@type\":\"ReadAction\",\"target\":[\"https:\/\/tourtravelandmore.com\/es\/tours\/espana-es\/malaga-es\/traslado-privado-aeropuerto-malaga\/\"]}]},{\"@type\":\"ImageObject\",\"inLanguage\":\"es\",\"@id\":\"https:\/\/tourtravelandmore.com\/es\/tours\/espana-es\/malaga-es\/traslado-privado-aeropuerto-malaga\/#primaryimage\",\"url\":\"https:\/\/tourtravelandmore.com\/wp-content\/uploads\/2016\/03\/VIANO1-copia.png\",\"contentUrl\":\"https:\/\/tourtravelandmore.com\/wp-content\/uploads\/2016\/03\/VIANO1-copia.png\",\"width\":640,\"height\":425},{\"@type\":\"BreadcrumbList\",\"@id\":\"https:\/\/tourtravelandmore.com\/es\/tours\/espana-es\/malaga-es\/traslado-privado-aeropuerto-malaga\/#breadcrumb\",\"itemListElement\":[{\"@type\":\"ListItem\",\"position\":1,\"name\":\"Home\",\"item\":\"https:\/\/tourtravelandmore.com\/es\/\"},{\"@type\":\"ListItem\",\"position\":2,\"name\":\"Tours\",\"item\":\"https:\/\/tourtravelandmore.com\/es\/tours\/\"},{\"@type\":\"ListItem\",\"position\":3,\"name\":\"Traslado privado desde Aeropuerto a Malaga\"}]},{\"@type\":\"WebSite\",\"@id\":\"https:\/\/tourtravelandmore.com\/es\/#website\",\"url\":\"https:\/\/tourtravelandmore.com\/es\/\",\"name\":\"Tour Travel And More\",\"description\":\"Private sightseeing tours and luxury transfers in Spain\",\"publisher\":{\"@id\":\"https:\/\/tourtravelandmore.com\/es\/#organization\"},\"potentialAction\":[{\"@type\":\"SearchAction\",\"target\":{\"@type\":\"EntryPoint\",\"urlTemplate\":\"https:\/\/tourtravelandmore.com\/es\/?s={search_term_string}\"},\"query-input\":{\"@type\":\"PropertyValueSpecification\",\"valueRequired\":true,\"valueName\":\"search_term_string\"}}],\"inLanguage\":\"es\"},{\"@type\":\"Organization\",\"@id\":\"https:\/\/tourtravelandmore.com\/es\/#organization\",\"name\":\"Tour Travel And More\",\"url\":\"https:\/\/tourtravelandmore.com\/es\/\",\"logo\":{\"@type\":\"ImageObject\",\"inLanguage\":\"es\",\"@id\":\"https:\/\/tourtravelandmore.com\/es\/#\/schema\/logo\/image\/\",\"url\":\"https:\/\/tourtravelandmore.com\/wp-content\/uploads\/2022\/12\/cropped-logo-cabecera-new.png\",\"contentUrl\":\"https:\/\/tourtravelandmore.com\/wp-content\/uploads\/2022\/12\/cropped-logo-cabecera-new.png\",\"width\":430,\"height\":61,\"caption\":\"Tour Travel And More\"},\"image\":{\"@id\":\"https:\/\/tourtravelandmore.com\/es\/#\/schema\/logo\/image\/\"},\"sameAs\":[\"https:\/\/www.facebook.com\/tourtravelandmore\/\",\"https:\/\/x.com\/TourTravel_More\"]}]}<\/script>\n<!-- \/ Yoast SEO Premium plugin. -->","yoast_head_json":{"title":"\u27a1\ufe0f Traslado privado Aeropuerto de Malaga | Tour Travel & More","description":"El Traslado privado Aeropuerto de Malaga es la manera m\u00e1s comoda y r\u00e1pida. Recogidas desde su hotel, aeropuerto o cualquier lugar de Malaga \u2705","robots":{"index":"index","follow":"follow","max-snippet":"max-snippet:-1","max-image-preview":"max-image-preview:large","max-video-preview":"max-video-preview:-1"},"canonical":"https:\/\/tourtravelandmore.com\/es\/tours\/espana-es\/malaga-es\/traslado-privado-aeropuerto-malaga\/","og_locale":"es_ES","og_type":"article","og_title":"Traslado privado desde Aeropuerto a Malaga","og_description":"El Traslado privado Aeropuerto de Malaga es la manera m\u00e1s comoda y r\u00e1pida. Recogidas desde su hotel, aeropuerto o cualquier lugar de Malaga \u2705","og_url":"https:\/\/tourtravelandmore.com\/es\/tours\/espana-es\/malaga-es\/traslado-privado-aeropuerto-malaga\/","og_site_name":"Tour Travel And More","article_publisher":"https:\/\/www.facebook.com\/tourtravelandmore\/","article_modified_time":"2023-03-18T04:28:34+00:00","og_image":[{"width":640,"height":425,"url":"https:\/\/tourtravelandmore.com\/wp-content\/uploads\/2016\/03\/VIANO1-copia.png","type":"image\/png"}],"twitter_card":"summary_large_image","twitter_site":"@TourTravel_More","twitter_misc":{"Tiempo de lectura":"2 minutos"},"schema":{"@context":"https:\/\/schema.org","@graph":[{"@type":"WebPage","@id":"https:\/\/tourtravelandmore.com\/es\/tours\/espana-es\/malaga-es\/traslado-privado-aeropuerto-malaga\/","url":"https:\/\/tourtravelandmore.com\/es\/tours\/espana-es\/malaga-es\/traslado-privado-aeropuerto-malaga\/","name":"\u27a1\ufe0f Traslado privado Aeropuerto de Malaga | Tour Travel & More","isPartOf":{"@id":"https:\/\/tourtravelandmore.com\/es\/#website"},"primaryImageOfPage":{"@id":"https:\/\/tourtravelandmore.com\/es\/tours\/espana-es\/malaga-es\/traslado-privado-aeropuerto-malaga\/#primaryimage"},"image":{"@id":"https:\/\/tourtravelandmore.com\/es\/tours\/espana-es\/malaga-es\/traslado-privado-aeropuerto-malaga\/#primaryimage"},"thumbnailUrl":"https:\/\/tourtravelandmore.com\/wp-content\/uploads\/2016\/03\/VIANO1-copia.png","datePublished":"2016-12-27T12:07:34+00:00","dateModified":"2023-03-18T04:28:34+00:00","description":"El Traslado privado Aeropuerto de Malaga es la manera m\u00e1s comoda y r\u00e1pida. Recogidas desde su hotel, aeropuerto o cualquier lugar de Malaga \u2705","breadcrumb":{"@id":"https:\/\/tourtravelandmore.com\/es\/tours\/espana-es\/malaga-es\/traslado-privado-aeropuerto-malaga\/#breadcrumb"},"inLanguage":"es","potentialAction":[{"@type":"ReadAction","target":["https:\/\/tourtravelandmore.com\/es\/tours\/espana-es\/malaga-es\/traslado-privado-aeropuerto-malaga\/"]}]},{"@type":"ImageObject","inLanguage":"es","@id":"https:\/\/tourtravelandmore.com\/es\/tours\/espana-es\/malaga-es\/traslado-privado-aeropuerto-malaga\/#primaryimage","url":"https:\/\/tourtravelandmore.com\/wp-content\/uploads\/2016\/03\/VIANO1-copia.png","contentUrl":"https:\/\/tourtravelandmore.com\/wp-content\/uploads\/2016\/03\/VIANO1-copia.png","width":640,"height":425},{"@type":"BreadcrumbList","@id":"https:\/\/tourtravelandmore.com\/es\/tours\/espana-es\/malaga-es\/traslado-privado-aeropuerto-malaga\/#breadcrumb","itemListElement":[{"@type":"ListItem","position":1,"name":"Home","item":"https:\/\/tourtravelandmore.com\/es\/"},{"@type":"ListItem","position":2,"name":"Tours","item":"https:\/\/tourtravelandmore.com\/es\/tours\/"},{"@type":"ListItem","position":3,"name":"Traslado privado desde Aeropuerto a Malaga"}]},{"@type":"WebSite","@id":"https:\/\/tourtravelandmore.com\/es\/#website","url":"https:\/\/tourtravelandmore.com\/es\/","name":"Tour Travel And More","description":"Private sightseeing tours and luxury transfers in Spain","publisher":{"@id":"https:\/\/tourtravelandmore.com\/es\/#organization"},"potentialAction":[{"@type":"SearchAction","target":{"@type":"EntryPoint","urlTemplate":"https:\/\/tourtravelandmore.com\/es\/?s={search_term_string}"},"query-input":{"@type":"PropertyValueSpecification","valueRequired":true,"valueName":"search_term_string"}}],"inLanguage":"es"},{"@type":"Organization","@id":"https:\/\/tourtravelandmore.com\/es\/#organization","name":"Tour Travel And More","url":"https:\/\/tourtravelandmore.com\/es\/","logo":{"@type":"ImageObject","inLanguage":"es","@id":"https:\/\/tourtravelandmore.com\/es\/#\/schema\/logo\/image\/","url":"https:\/\/tourtravelandmore.com\/wp-content\/uploads\/2022\/12\/cropped-logo-cabecera-new.png","contentUrl":"https:\/\/tourtravelandmore.com\/wp-content\/uploads\/2022\/12\/cropped-logo-cabecera-new.png","width":430,"height":61,"caption":"Tour Travel And More"},"image":{"@id":"https:\/\/tourtravelandmore.com\/es\/#\/schema\/logo\/image\/"},"sameAs":["https:\/\/www.facebook.com\/tourtravelandmore\/","https:\/\/x.com\/TourTravel_More"]}]}},"_links":{"self":[{"href":"https:\/\/tourtravelandmore.com\/es\/wp-json\/wp\/v2\/product\/9541","targetHints":{"allow":["GET"]}}],"collection":[{"href":"https:\/\/tourtravelandmore.com\/es\/wp-json\/wp\/v2\/product"}],"about":[{"href":"https:\/\/tourtravelandmore.com\/es\/wp-json\/wp\/v2\/types\/product"}],"replies":[{"embeddable":true,"href":"https:\/\/tourtravelandmore.com\/es\/wp-json\/wp\/v2\/comments?post=9541"}],"wp:featuredmedia":[{"embeddable":true,"href":"https:\/\/tourtravelandmore.com\/es\/wp-json\/wp\/v2\/media\/665"}],"wp:attachment":[{"href":"https:\/\/tourtravelandmore.com\/es\/wp-json\/wp\/v2\/media?parent=9541"}],"wp:term":[{"taxonomy":"product_brand","embeddable":true,"href":"https:\/\/tourtravelandmore.com\/es\/wp-json\/wp\/v2\/product_brand?post=9541"},{"taxonomy":"product_cat","embeddable":true,"href":"https:\/\/tourtravelandmore.com\/es\/wp-json\/wp\/v2\/product_cat?post=9541"},{"taxonomy":"product_tag","embeddable":true,"href":"https:\/\/tourtravelandmore.com\/es\/wp-json\/wp\/v2\/product_tag?post=9541"}],"curies":[{"name":"wp","href":"https:\/\/api.w.org\/{rel}","templated":true}]}}