{"id":9536,"date":"2016-08-26T10:45:02","date_gmt":"2016-12-27T12:00:07","guid":{"rendered":"http:\/\/tourtravelandmore.com\/es\/?post_type=product&#038;p=9536"},"modified":"2023-03-18T05:26:01","modified_gmt":"2023-03-18T04:26:01","slug":"tour-privado-sevilla-desde-malaga","status":"publish","type":"product","link":"https:\/\/tourtravelandmore.com\/es\/tours\/espana-es\/malaga-es\/tour-privado-sevilla-desde-malaga\/","title":{"rendered":"Tour Privado a Sevilla desde Malaga"},"content":{"rendered":"<h2><strong>Descripci\u00f3n del Tour Privado a Sevilla desde M\u00e1laga<\/strong><\/h2>\n<p>Nuestro conductor privado os recoger\u00e1 en <strong>M\u00e1laga<\/strong> desde su Hotel, Terminal de Cruceros o cualquier lugar de la ciudad, para iniciar la<strong> excursi\u00f3n privada a Sevilla desde M\u00e1laga.<\/strong><\/p>\n<p>La duraci\u00f3n de la excursi\u00f3n a Sevilla desde M\u00e1laga es de 12 horas.<\/p>\n<p>Nuestro gu\u00eda oficial privado estar\u00e1 esperando en <strong>Sevilla,<\/strong> para subirse al Veh\u00edculo y empezar el Tour de la ciudad. Vuestro gu\u00eda estar\u00e1 con vosotros en <strong>Sevilla<\/strong> unas <strong>4 horas<\/strong>, se recorrer\u00e1n las principales calles del centro hist\u00f3rico de la ciudad y usaremos el veh\u00edculo para ir a las zonas m\u00e1s alejadas. Tendr\u00e9is tiempo libre para comer y pasear por el centro.<\/p>\n<p>El Tour es completamente privado, pod\u00e9is escoger la hora de comienzo en <strong>M\u00e1laga.<\/strong><\/p>\n<p>Esta excursi\u00f3n a <strong>Sevilla<\/strong> desde <strong>M\u00e1laga<\/strong> le permitir\u00e1 conocer una de las ciudades m\u00e1s importantes de <strong>Andaluc\u00eda.<\/strong><\/p>\n<h2>Puntos de Inter\u00e9s en el Tour Privado a Sevilla desde M\u00e1laga<\/h2>\n<p>Una vez llegamos a <strong>Sevilla<\/strong> en nuestro veh\u00edculo privado con conductor, nuestro gu\u00eda estar\u00e1 esperando para empezar el tour privado de la ciudad, donde conoceremos Sevilla en <strong>4 horas<\/strong>. Combinaremos parte del recorrido a pie y parte en veh\u00edculo, para que nos d\u00e9 tiempo a conocer lo m\u00e1ximo de la ciudad.<\/p>\n<ul>\n<li><strong>Barrio Jud\u00edo<\/strong><\/li>\n<li><strong>Plaza Espa\u00f1a<\/strong><\/li>\n<li><strong>Sanchez Pijuan<\/strong><\/li>\n<li><strong>Plaza Nova<\/strong><\/li>\n<li><strong>Catedral y La Giralda (Entradas incluidas)<\/strong><\/li>\n<li><strong>\u00a0Real Alc\u00e1zar: Declarado Patrimonio de la humanidad (Entradas incluidas)<\/strong><\/li>\n<li><strong>Torre del Oro<\/strong><\/li>\n<li><strong>Archivo de Indias<\/strong><\/li>\n<li><strong>Parque de Mar\u00eda Luisa<\/strong><\/li>\n<li><strong>Barrio de Triana<\/strong><\/li>\n<li><strong>Barrio de Santa Cruz<\/strong><\/li>\n<li><strong>Metropol Parasol<\/strong><\/li>\n<li><strong>\u00a1Mucho m\u00e1s!<\/strong><\/li>\n<\/ul>\n<p>Las entradas al <strong>Alc\u00e1zar<\/strong> de <strong>Sevilla y<\/strong>\u00a0<strong>La catedral<\/strong> est\u00e1n incluidas. Son entradas sin colas, de acceso preferente.<\/p>\n<p>En Aquellos lugares m\u00e1s relevantes pararemos junto a nuestro gu\u00eda oficial privado para conocerlos y poder realizar fotograf\u00edas.<\/p>\n<p>Si desea puede consultar nuestro listado de<a href=\"https:\/\/tourtravelandmore.com\/es\/ciudad\/espana-es\/malaga-es\/\"> Tours privados de M\u00e1laga<\/a> si dispone de m\u00e1s d\u00edas para conocer y descubrir.<\/p>\n<p>Una vez finalicemos el tour podr\u00e1 para a comer y recuperar fuerzas para volver a <strong>M\u00e1laga.<\/strong><\/p>\n<p>A trav\u00e9s del formulario de contacto nuestro equipo le enviar\u00e1 la informaci\u00f3n detallada.<\/p>\n","protected":false},"excerpt":{"rendered":"<p>Disfruta de este <strong>tour privado<\/strong> personalizable de <strong>Sevilla<\/strong>. Tome esta oportunidad para conocer y disfrutar de Sevilla durante este tour con vuestro gu\u00eda oficial privado y vuestro veh\u00edculo de lujo con chofer. Le recogemos desde su hotel en M\u00e1laga. Disfruta de los monumentos y zonas m\u00e1s emblem\u00e1ticas de Sevilla como la Catedral, Sanchez Pizjuan, Plaza Espa\u00f1a, Alc\u00e1zar y mucho m\u00e1s. Entradas incluidas para visitar, junto a su gu\u00eda oficial privado, La Catedral, La Giralda y el Alc\u00e1zar de Sevilla.<\/p>\n<p>&nbsp;<\/p>\n","protected":false},"featured_media":5985,"comment_status":"open","ping_status":"closed","template":"","meta":{"_acf_changed":false},"product_brand":[],"product_cat":[94,95,96,97],"product_tag":[],"class_list":{"0":"post-9536","1":"product","2":"type-product","3":"status-publish","4":"has-post-thumbnail","6":"product_cat-malaga-es","7":"product_cat-malaga-actividades-es","8":"product_cat-malaga-excursiones-es","9":"product_cat-malaga-rutas-turisticas-privadas-es","11":"first","12":"instock","13":"shipping-taxable","14":"purchasable","15":"product-type-simple"},"acf":[],"yoast_head":"<!-- This site is optimized with the Yoast SEO Premium plugin v25.3.1 (Yoast SEO v25.3.1) - https:\/\/yoast.com\/wordpress\/plugins\/seo\/ -->\n<title>\u27a1\ufe0f Excursi\u00f3n a Sevilla desde M\u00e1laga | Tour Travel &amp; More<\/title>\n<meta name=\"description\" content=\"Disfruta de esta excursi\u00f3n a Sevilla desde M\u00e1laga en veh\u00edculo privado con conductor y gu\u00eda oficial privado para conocer Sevilla en un d\u00eda \u2705\" \/>\n<meta name=\"robots\" content=\"index, follow, max-snippet:-1, max-image-preview:large, max-video-preview:-1\" \/>\n<link rel=\"canonical\" href=\"https:\/\/tourtravelandmore.com\/es\/tours\/espana-es\/malaga-es\/tour-privado-sevilla-desde-malaga\/\" \/>\n<meta property=\"og:locale\" content=\"es_ES\" \/>\n<meta property=\"og:type\" content=\"article\" \/>\n<meta property=\"og:title\" content=\"Tour Privado a Sevilla desde Malaga\" \/>\n<meta property=\"og:description\" content=\"Disfruta de esta excursi\u00f3n a Sevilla desde M\u00e1laga en veh\u00edculo privado con conductor y gu\u00eda oficial privado para conocer Sevilla en un d\u00eda \u2705\" \/>\n<meta property=\"og:url\" content=\"https:\/\/tourtravelandmore.com\/es\/tours\/espana-es\/malaga-es\/tour-privado-sevilla-desde-malaga\/\" \/>\n<meta property=\"og:site_name\" content=\"Tour Travel And More\" \/>\n<meta property=\"article:publisher\" content=\"https:\/\/www.facebook.com\/tourtravelandmore\/\" \/>\n<meta property=\"article:modified_time\" content=\"2023-03-18T04:26:01+00:00\" \/>\n<meta property=\"og:image\" content=\"https:\/\/tourtravelandmore.com\/wp-content\/uploads\/2016\/08\/image-5.jpeg\" \/>\n\t<meta property=\"og:image:width\" content=\"1024\" \/>\n\t<meta property=\"og:image:height\" content=\"682\" \/>\n\t<meta property=\"og:image:type\" content=\"image\/jpeg\" \/>\n<meta name=\"twitter:card\" content=\"summary_large_image\" \/>\n<meta name=\"twitter:site\" content=\"@TourTravel_More\" \/>\n<meta name=\"twitter:label1\" content=\"Tiempo de lectura\" \/>\n\t<meta name=\"twitter:data1\" content=\"2 minutos\" \/>\n<script type=\"application\/ld+json\" class=\"yoast-schema-graph\">{\"@context\":\"https:\/\/schema.org\",\"@graph\":[{\"@type\":\"WebPage\",\"@id\":\"https:\/\/tourtravelandmore.com\/es\/tours\/espana-es\/malaga-es\/tour-privado-sevilla-desde-malaga\/\",\"url\":\"https:\/\/tourtravelandmore.com\/es\/tours\/espana-es\/malaga-es\/tour-privado-sevilla-desde-malaga\/\",\"name\":\"\u27a1\ufe0f Excursi\u00f3n a Sevilla desde M\u00e1laga | Tour Travel & More\",\"isPartOf\":{\"@id\":\"https:\/\/tourtravelandmore.com\/es\/#website\"},\"primaryImageOfPage\":{\"@id\":\"https:\/\/tourtravelandmore.com\/es\/tours\/espana-es\/malaga-es\/tour-privado-sevilla-desde-malaga\/#primaryimage\"},\"image\":{\"@id\":\"https:\/\/tourtravelandmore.com\/es\/tours\/espana-es\/malaga-es\/tour-privado-sevilla-desde-malaga\/#primaryimage\"},\"thumbnailUrl\":\"https:\/\/tourtravelandmore.com\/wp-content\/uploads\/2016\/08\/image-5.jpeg\",\"datePublished\":\"2016-12-27T12:00:07+00:00\",\"dateModified\":\"2023-03-18T04:26:01+00:00\",\"description\":\"Disfruta de esta excursi\u00f3n a Sevilla desde M\u00e1laga en veh\u00edculo privado con conductor y gu\u00eda oficial privado para conocer Sevilla en un d\u00eda \u2705\",\"breadcrumb\":{\"@id\":\"https:\/\/tourtravelandmore.com\/es\/tours\/espana-es\/malaga-es\/tour-privado-sevilla-desde-malaga\/#breadcrumb\"},\"inLanguage\":\"es\",\"potentialAction\":[{\"@type\":\"ReadAction\",\"target\":[\"https:\/\/tourtravelandmore.com\/es\/tours\/espana-es\/malaga-es\/tour-privado-sevilla-desde-malaga\/\"]}]},{\"@type\":\"ImageObject\",\"inLanguage\":\"es\",\"@id\":\"https:\/\/tourtravelandmore.com\/es\/tours\/espana-es\/malaga-es\/tour-privado-sevilla-desde-malaga\/#primaryimage\",\"url\":\"https:\/\/tourtravelandmore.com\/wp-content\/uploads\/2016\/08\/image-5.jpeg\",\"contentUrl\":\"https:\/\/tourtravelandmore.com\/wp-content\/uploads\/2016\/08\/image-5.jpeg\",\"width\":2736,\"height\":1822,\"caption\":\"excursion a sevilla desde malaga\"},{\"@type\":\"BreadcrumbList\",\"@id\":\"https:\/\/tourtravelandmore.com\/es\/tours\/espana-es\/malaga-es\/tour-privado-sevilla-desde-malaga\/#breadcrumb\",\"itemListElement\":[{\"@type\":\"ListItem\",\"position\":1,\"name\":\"Home\",\"item\":\"https:\/\/tourtravelandmore.com\/es\/\"},{\"@type\":\"ListItem\",\"position\":2,\"name\":\"Tours\",\"item\":\"https:\/\/tourtravelandmore.com\/es\/tours\/\"},{\"@type\":\"ListItem\",\"position\":3,\"name\":\"Tour Privado a Sevilla desde Malaga\"}]},{\"@type\":\"WebSite\",\"@id\":\"https:\/\/tourtravelandmore.com\/es\/#website\",\"url\":\"https:\/\/tourtravelandmore.com\/es\/\",\"name\":\"Tour Travel And More\",\"description\":\"Private sightseeing tours and luxury transfers in Spain\",\"publisher\":{\"@id\":\"https:\/\/tourtravelandmore.com\/es\/#organization\"},\"potentialAction\":[{\"@type\":\"SearchAction\",\"target\":{\"@type\":\"EntryPoint\",\"urlTemplate\":\"https:\/\/tourtravelandmore.com\/es\/?s={search_term_string}\"},\"query-input\":{\"@type\":\"PropertyValueSpecification\",\"valueRequired\":true,\"valueName\":\"search_term_string\"}}],\"inLanguage\":\"es\"},{\"@type\":\"Organization\",\"@id\":\"https:\/\/tourtravelandmore.com\/es\/#organization\",\"name\":\"Tour Travel And More\",\"url\":\"https:\/\/tourtravelandmore.com\/es\/\",\"logo\":{\"@type\":\"ImageObject\",\"inLanguage\":\"es\",\"@id\":\"https:\/\/tourtravelandmore.com\/es\/#\/schema\/logo\/image\/\",\"url\":\"https:\/\/tourtravelandmore.com\/wp-content\/uploads\/2022\/12\/cropped-logo-cabecera-new.png\",\"contentUrl\":\"https:\/\/tourtravelandmore.com\/wp-content\/uploads\/2022\/12\/cropped-logo-cabecera-new.png\",\"width\":430,\"height\":61,\"caption\":\"Tour Travel And More\"},\"image\":{\"@id\":\"https:\/\/tourtravelandmore.com\/es\/#\/schema\/logo\/image\/\"},\"sameAs\":[\"https:\/\/www.facebook.com\/tourtravelandmore\/\",\"https:\/\/x.com\/TourTravel_More\"]}]}<\/script>\n<!-- \/ Yoast SEO Premium plugin. -->","yoast_head_json":{"title":"\u27a1\ufe0f Excursi\u00f3n a Sevilla desde M\u00e1laga | Tour Travel & More","description":"Disfruta de esta excursi\u00f3n a Sevilla desde M\u00e1laga en veh\u00edculo privado con conductor y gu\u00eda oficial privado para conocer Sevilla en un d\u00eda \u2705","robots":{"index":"index","follow":"follow","max-snippet":"max-snippet:-1","max-image-preview":"max-image-preview:large","max-video-preview":"max-video-preview:-1"},"canonical":"https:\/\/tourtravelandmore.com\/es\/tours\/espana-es\/malaga-es\/tour-privado-sevilla-desde-malaga\/","og_locale":"es_ES","og_type":"article","og_title":"Tour Privado a Sevilla desde Malaga","og_description":"Disfruta de esta excursi\u00f3n a Sevilla desde M\u00e1laga en veh\u00edculo privado con conductor y gu\u00eda oficial privado para conocer Sevilla en un d\u00eda \u2705","og_url":"https:\/\/tourtravelandmore.com\/es\/tours\/espana-es\/malaga-es\/tour-privado-sevilla-desde-malaga\/","og_site_name":"Tour Travel And More","article_publisher":"https:\/\/www.facebook.com\/tourtravelandmore\/","article_modified_time":"2023-03-18T04:26:01+00:00","og_image":[{"url":"https:\/\/tourtravelandmore.com\/wp-content\/uploads\/2016\/08\/image-5.jpeg","width":1024,"height":682,"type":"image\/jpeg"}],"twitter_card":"summary_large_image","twitter_site":"@TourTravel_More","twitter_misc":{"Tiempo de lectura":"2 minutos"},"schema":{"@context":"https:\/\/schema.org","@graph":[{"@type":"WebPage","@id":"https:\/\/tourtravelandmore.com\/es\/tours\/espana-es\/malaga-es\/tour-privado-sevilla-desde-malaga\/","url":"https:\/\/tourtravelandmore.com\/es\/tours\/espana-es\/malaga-es\/tour-privado-sevilla-desde-malaga\/","name":"\u27a1\ufe0f Excursi\u00f3n a Sevilla desde M\u00e1laga | Tour Travel & More","isPartOf":{"@id":"https:\/\/tourtravelandmore.com\/es\/#website"},"primaryImageOfPage":{"@id":"https:\/\/tourtravelandmore.com\/es\/tours\/espana-es\/malaga-es\/tour-privado-sevilla-desde-malaga\/#primaryimage"},"image":{"@id":"https:\/\/tourtravelandmore.com\/es\/tours\/espana-es\/malaga-es\/tour-privado-sevilla-desde-malaga\/#primaryimage"},"thumbnailUrl":"https:\/\/tourtravelandmore.com\/wp-content\/uploads\/2016\/08\/image-5.jpeg","datePublished":"2016-12-27T12:00:07+00:00","dateModified":"2023-03-18T04:26:01+00:00","description":"Disfruta de esta excursi\u00f3n a Sevilla desde M\u00e1laga en veh\u00edculo privado con conductor y gu\u00eda oficial privado para conocer Sevilla en un d\u00eda \u2705","breadcrumb":{"@id":"https:\/\/tourtravelandmore.com\/es\/tours\/espana-es\/malaga-es\/tour-privado-sevilla-desde-malaga\/#breadcrumb"},"inLanguage":"es","potentialAction":[{"@type":"ReadAction","target":["https:\/\/tourtravelandmore.com\/es\/tours\/espana-es\/malaga-es\/tour-privado-sevilla-desde-malaga\/"]}]},{"@type":"ImageObject","inLanguage":"es","@id":"https:\/\/tourtravelandmore.com\/es\/tours\/espana-es\/malaga-es\/tour-privado-sevilla-desde-malaga\/#primaryimage","url":"https:\/\/tourtravelandmore.com\/wp-content\/uploads\/2016\/08\/image-5.jpeg","contentUrl":"https:\/\/tourtravelandmore.com\/wp-content\/uploads\/2016\/08\/image-5.jpeg","width":2736,"height":1822,"caption":"excursion a sevilla desde malaga"},{"@type":"BreadcrumbList","@id":"https:\/\/tourtravelandmore.com\/es\/tours\/espana-es\/malaga-es\/tour-privado-sevilla-desde-malaga\/#breadcrumb","itemListElement":[{"@type":"ListItem","position":1,"name":"Home","item":"https:\/\/tourtravelandmore.com\/es\/"},{"@type":"ListItem","position":2,"name":"Tours","item":"https:\/\/tourtravelandmore.com\/es\/tours\/"},{"@type":"ListItem","position":3,"name":"Tour Privado a Sevilla desde Malaga"}]},{"@type":"WebSite","@id":"https:\/\/tourtravelandmore.com\/es\/#website","url":"https:\/\/tourtravelandmore.com\/es\/","name":"Tour Travel And More","description":"Private sightseeing tours and luxury transfers in Spain","publisher":{"@id":"https:\/\/tourtravelandmore.com\/es\/#organization"},"potentialAction":[{"@type":"SearchAction","target":{"@type":"EntryPoint","urlTemplate":"https:\/\/tourtravelandmore.com\/es\/?s={search_term_string}"},"query-input":{"@type":"PropertyValueSpecification","valueRequired":true,"valueName":"search_term_string"}}],"inLanguage":"es"},{"@type":"Organization","@id":"https:\/\/tourtravelandmore.com\/es\/#organization","name":"Tour Travel And More","url":"https:\/\/tourtravelandmore.com\/es\/","logo":{"@type":"ImageObject","inLanguage":"es","@id":"https:\/\/tourtravelandmore.com\/es\/#\/schema\/logo\/image\/","url":"https:\/\/tourtravelandmore.com\/wp-content\/uploads\/2022\/12\/cropped-logo-cabecera-new.png","contentUrl":"https:\/\/tourtravelandmore.com\/wp-content\/uploads\/2022\/12\/cropped-logo-cabecera-new.png","width":430,"height":61,"caption":"Tour Travel And More"},"image":{"@id":"https:\/\/tourtravelandmore.com\/es\/#\/schema\/logo\/image\/"},"sameAs":["https:\/\/www.facebook.com\/tourtravelandmore\/","https:\/\/x.com\/TourTravel_More"]}]}},"_links":{"self":[{"href":"https:\/\/tourtravelandmore.com\/es\/wp-json\/wp\/v2\/product\/9536","targetHints":{"allow":["GET"]}}],"collection":[{"href":"https:\/\/tourtravelandmore.com\/es\/wp-json\/wp\/v2\/product"}],"about":[{"href":"https:\/\/tourtravelandmore.com\/es\/wp-json\/wp\/v2\/types\/product"}],"replies":[{"embeddable":true,"href":"https:\/\/tourtravelandmore.com\/es\/wp-json\/wp\/v2\/comments?post=9536"}],"wp:featuredmedia":[{"embeddable":true,"href":"https:\/\/tourtravelandmore.com\/es\/wp-json\/wp\/v2\/media\/5985"}],"wp:attachment":[{"href":"https:\/\/tourtravelandmore.com\/es\/wp-json\/wp\/v2\/media?parent=9536"}],"wp:term":[{"taxonomy":"product_brand","embeddable":true,"href":"https:\/\/tourtravelandmore.com\/es\/wp-json\/wp\/v2\/product_brand?post=9536"},{"taxonomy":"product_cat","embeddable":true,"href":"https:\/\/tourtravelandmore.com\/es\/wp-json\/wp\/v2\/product_cat?post=9536"},{"taxonomy":"product_tag","embeddable":true,"href":"https:\/\/tourtravelandmore.com\/es\/wp-json\/wp\/v2\/product_tag?post=9536"}],"curies":[{"name":"wp","href":"https:\/\/api.w.org\/{rel}","templated":true}]}}