{"id":9467,"date":"2016-08-26T12:27:47","date_gmt":"2016-12-20T11:41:56","guid":{"rendered":"http:\/\/tourtravelandmore.com\/es\/?post_type=product&#038;p=9467"},"modified":"2023-01-21T02:06:20","modified_gmt":"2023-01-21T01:06:20","slug":"tour-cordoba-desde-granada-tour-privado-cordoba","status":"publish","type":"product","link":"https:\/\/tourtravelandmore.com\/es\/tours\/espana-es\/granada-es\/tour-cordoba-desde-granada-tour-privado-cordoba\/","title":{"rendered":"Tour Privado de C\u00f3rdoba desde Granada"},"content":{"rendered":"<h2>Descripci\u00f3n del Tour Privado de C\u00f3rdoba desde Granada<\/h2>\n<p>Disfrute de este <strong>tour C\u00f3rdoba desde Granada<\/strong> con vuestro gu\u00eda oficial privado y Veh\u00edculo con conductor y conoce los lugares m\u00e1s emblem\u00e1ticos de <strong>C\u00f3rdoba<\/strong>.<\/p>\n<p>La duraci\u00f3n del tour C\u00f3rdoba desde Granada son 9 horas y es completamente privado, pueden escoger la hora y lugar de recogida.<\/p>\n<p>Nuestro conductor le recoger\u00e1 en su Hotel o lugar en Granada para empezar su tour e ir a C\u00f3rdoba, d\u00f3nde esperar\u00e1 nuestro gu\u00eda oficial privado para empezar un recorrido a pie de C\u00f3rdoba.<\/p>\n<p>Est\u00e1n incluidas las entradas sin colas a la Catedral\/Mezquita, Sinagoga y Alcazar.<\/p>\n<h2>Puntos de inter\u00e9s en el Tour Privado de C\u00f3rdoba desde Granada<\/h2>\n<p>El centro hist\u00f3rico de C\u00f3rdoba, en su totalidad, ha sido declarado por la <strong>UNESCO<\/strong> como <strong>Patrimonio de la Humanidad<\/strong>. Entre los siglos VIII y X fue por el califato Omeya la Mezquita de C\u00f3rdoba, uno de los m\u00e1s grandes exponentes del arte \u00e1rabe en Espa\u00f1a. Hoy d\u00eda la anterior Mezquita es la Catedral de la ciudad.<\/p>\n<p>El recorrido en C\u00f3rdoba ser\u00e1 a pie, ya que el centro hist\u00f3rico de la ciudad es peatonal y no pueden acceder los veh\u00edculos.<\/p>\n<p>Durante vuestro tour privado, podr\u00e9is ver, entre otros monumentos, los siguientes:<\/p>\n<ul>\n<li><strong>Mezquita de C\u00f3rdoba (entrada incluida en el precio del tour)<\/strong><\/li>\n<li><strong>Sinagoga (entrada incluida en el precio del tour)<\/strong><\/li>\n<li><strong>Alcazar de C\u00f3rdoba (entrada incluida en el precio del tour)<\/strong><\/li>\n<li><strong>Puente Romano<\/strong><\/li>\n<li><strong>Templo Romano<\/strong><\/li>\n<li><strong>Teatro<\/strong><\/li>\n<li><strong>Mausoleum<\/strong><\/li>\n<li><strong>Barrio Judio<\/strong><\/li>\n<li><strong>Millas del Guadalquivir<\/strong><\/li>\n<li><strong>Muralla Romana<\/strong><\/li>\n<li><strong>\u00a1Mucho m\u00e1s!<\/strong><\/li>\n<\/ul>\n<p>Podr\u00e9is disfrutar de C\u00f3rdoba en todo su esplendor y conocer\u00e9is lo m\u00e1s emblem\u00e1tico de la ciudad.<\/p>\n<p>Una vez finalice el recorrido a pie, nuestro gu\u00eda os dejar\u00e1 en un lugar t\u00edpico de la ciudad para comer y al finalizar nuestro conductor os esperar\u00e1 para volver a Granada.<\/p>\n<p>\u00a1Vuestro veh\u00edculo privado os devolver\u00e1 a vuestro hotel en Granada para que pod\u00e1is ir a descansar y recuperar fuerzas!<\/p>\n<p>Si dispone de m\u00e1s d\u00edas en Granada puedes consultar el <a href=\"https:\/\/tourtravelandmore.com\/es\/ciudad\/espana-es\/granada-es#shop\/\"><strong>aqu\u00ed<\/strong><\/a>, el resto de nuestros tours privados de la ciudad.<\/p>\n","protected":false},"excerpt":{"rendered":"<p>Disfrute de este tour privado de\u00a0 C\u00f3rdoba desde Granada, con su gu\u00eda y Vehiculo con ch\u00f3fer. Descubre los principales monumentos de la ciudad: Mezquita, Sinagoga y Alcazar y recorre su casco Historico, desclarado Patrimonio de la Humanidad.<\/p>\n","protected":false},"featured_media":16618,"comment_status":"open","ping_status":"closed","template":"","meta":{"_acf_changed":false},"product_brand":[],"product_cat":[82,83,84],"product_tag":[],"class_list":{"0":"post-9467","1":"product","2":"type-product","3":"status-publish","4":"has-post-thumbnail","6":"product_cat-granada-es","7":"product_cat-granada-actividades-es","8":"product_cat-granada-excursiones-es","10":"first","11":"instock","12":"shipping-taxable","13":"purchasable","14":"product-type-simple"},"acf":[],"yoast_head":"<!-- This site is optimized with the Yoast SEO Premium plugin v25.3.1 (Yoast SEO v25.3.1) - https:\/\/yoast.com\/wordpress\/plugins\/seo\/ -->\n<title>\u27a1\ufe0f Tour Cordoba desde Granada | Tour Travel &amp; More<\/title>\n<meta name=\"description\" content=\"Disfrute de este tour Cordoba desde Granada, con su gu\u00eda privado y Vehiculo. Descubre los principales monumentos de la ciudad: Mezquita, Sinagoga y Alcazar \u2705\" \/>\n<meta name=\"robots\" content=\"index, follow, max-snippet:-1, max-image-preview:large, max-video-preview:-1\" \/>\n<link rel=\"canonical\" href=\"https:\/\/tourtravelandmore.com\/es\/tours\/espana-es\/granada-es\/tour-cordoba-desde-granada-tour-privado-cordoba\/\" \/>\n<meta property=\"og:locale\" content=\"es_ES\" \/>\n<meta property=\"og:type\" content=\"article\" \/>\n<meta property=\"og:title\" content=\"Tour Privado de C\u00f3rdoba desde Granada\" \/>\n<meta property=\"og:description\" content=\"Disfrute de este tour Cordoba desde Granada, con su gu\u00eda privado y Vehiculo. Descubre los principales monumentos de la ciudad: Mezquita, Sinagoga y Alcazar \u2705\" \/>\n<meta property=\"og:url\" content=\"https:\/\/tourtravelandmore.com\/es\/tours\/espana-es\/granada-es\/tour-cordoba-desde-granada-tour-privado-cordoba\/\" \/>\n<meta property=\"og:site_name\" content=\"Tour Travel And More\" \/>\n<meta property=\"article:publisher\" content=\"https:\/\/www.facebook.com\/tourtravelandmore\/\" \/>\n<meta property=\"article:modified_time\" content=\"2023-01-21T01:06:20+00:00\" \/>\n<meta property=\"og:image\" content=\"https:\/\/tourtravelandmore.com\/wp-content\/uploads\/2016\/08\/cordoba-1.jpg\" \/>\n\t<meta property=\"og:image:width\" content=\"960\" \/>\n\t<meta property=\"og:image:height\" content=\"639\" \/>\n\t<meta property=\"og:image:type\" content=\"image\/jpeg\" \/>\n<meta name=\"twitter:card\" content=\"summary_large_image\" \/>\n<meta name=\"twitter:site\" content=\"@TourTravel_More\" \/>\n<meta name=\"twitter:label1\" content=\"Tiempo de lectura\" \/>\n\t<meta name=\"twitter:data1\" content=\"2 minutos\" \/>\n<script type=\"application\/ld+json\" class=\"yoast-schema-graph\">{\"@context\":\"https:\/\/schema.org\",\"@graph\":[{\"@type\":\"WebPage\",\"@id\":\"https:\/\/tourtravelandmore.com\/es\/tours\/espana-es\/granada-es\/tour-cordoba-desde-granada-tour-privado-cordoba\/\",\"url\":\"https:\/\/tourtravelandmore.com\/es\/tours\/espana-es\/granada-es\/tour-cordoba-desde-granada-tour-privado-cordoba\/\",\"name\":\"\u27a1\ufe0f Tour Cordoba desde Granada | Tour Travel & More\",\"isPartOf\":{\"@id\":\"https:\/\/tourtravelandmore.com\/es\/#website\"},\"primaryImageOfPage\":{\"@id\":\"https:\/\/tourtravelandmore.com\/es\/tours\/espana-es\/granada-es\/tour-cordoba-desde-granada-tour-privado-cordoba\/#primaryimage\"},\"image\":{\"@id\":\"https:\/\/tourtravelandmore.com\/es\/tours\/espana-es\/granada-es\/tour-cordoba-desde-granada-tour-privado-cordoba\/#primaryimage\"},\"thumbnailUrl\":\"https:\/\/tourtravelandmore.com\/wp-content\/uploads\/2016\/08\/cordoba-1.jpg\",\"datePublished\":\"2016-12-20T11:41:56+00:00\",\"dateModified\":\"2023-01-21T01:06:20+00:00\",\"description\":\"Disfrute de este tour Cordoba desde Granada, con su gu\u00eda privado y Vehiculo. Descubre los principales monumentos de la ciudad: Mezquita, Sinagoga y Alcazar \u2705\",\"breadcrumb\":{\"@id\":\"https:\/\/tourtravelandmore.com\/es\/tours\/espana-es\/granada-es\/tour-cordoba-desde-granada-tour-privado-cordoba\/#breadcrumb\"},\"inLanguage\":\"es\",\"potentialAction\":[{\"@type\":\"ReadAction\",\"target\":[\"https:\/\/tourtravelandmore.com\/es\/tours\/espana-es\/granada-es\/tour-cordoba-desde-granada-tour-privado-cordoba\/\"]}]},{\"@type\":\"ImageObject\",\"inLanguage\":\"es\",\"@id\":\"https:\/\/tourtravelandmore.com\/es\/tours\/espana-es\/granada-es\/tour-cordoba-desde-granada-tour-privado-cordoba\/#primaryimage\",\"url\":\"https:\/\/tourtravelandmore.com\/wp-content\/uploads\/2016\/08\/cordoba-1.jpg\",\"contentUrl\":\"https:\/\/tourtravelandmore.com\/wp-content\/uploads\/2016\/08\/cordoba-1.jpg\",\"width\":960,\"height\":639},{\"@type\":\"BreadcrumbList\",\"@id\":\"https:\/\/tourtravelandmore.com\/es\/tours\/espana-es\/granada-es\/tour-cordoba-desde-granada-tour-privado-cordoba\/#breadcrumb\",\"itemListElement\":[{\"@type\":\"ListItem\",\"position\":1,\"name\":\"Home\",\"item\":\"https:\/\/tourtravelandmore.com\/es\/\"},{\"@type\":\"ListItem\",\"position\":2,\"name\":\"Tours\",\"item\":\"https:\/\/tourtravelandmore.com\/es\/tours\/\"},{\"@type\":\"ListItem\",\"position\":3,\"name\":\"Tour Privado de C\u00f3rdoba desde Granada\"}]},{\"@type\":\"WebSite\",\"@id\":\"https:\/\/tourtravelandmore.com\/es\/#website\",\"url\":\"https:\/\/tourtravelandmore.com\/es\/\",\"name\":\"Tour Travel And More\",\"description\":\"Private sightseeing tours and luxury transfers in Spain\",\"publisher\":{\"@id\":\"https:\/\/tourtravelandmore.com\/es\/#organization\"},\"potentialAction\":[{\"@type\":\"SearchAction\",\"target\":{\"@type\":\"EntryPoint\",\"urlTemplate\":\"https:\/\/tourtravelandmore.com\/es\/?s={search_term_string}\"},\"query-input\":{\"@type\":\"PropertyValueSpecification\",\"valueRequired\":true,\"valueName\":\"search_term_string\"}}],\"inLanguage\":\"es\"},{\"@type\":\"Organization\",\"@id\":\"https:\/\/tourtravelandmore.com\/es\/#organization\",\"name\":\"Tour Travel And More\",\"url\":\"https:\/\/tourtravelandmore.com\/es\/\",\"logo\":{\"@type\":\"ImageObject\",\"inLanguage\":\"es\",\"@id\":\"https:\/\/tourtravelandmore.com\/es\/#\/schema\/logo\/image\/\",\"url\":\"https:\/\/tourtravelandmore.com\/wp-content\/uploads\/2022\/12\/cropped-logo-cabecera-new.png\",\"contentUrl\":\"https:\/\/tourtravelandmore.com\/wp-content\/uploads\/2022\/12\/cropped-logo-cabecera-new.png\",\"width\":430,\"height\":61,\"caption\":\"Tour Travel And More\"},\"image\":{\"@id\":\"https:\/\/tourtravelandmore.com\/es\/#\/schema\/logo\/image\/\"},\"sameAs\":[\"https:\/\/www.facebook.com\/tourtravelandmore\/\",\"https:\/\/x.com\/TourTravel_More\"]}]}<\/script>\n<!-- \/ Yoast SEO Premium plugin. -->","yoast_head_json":{"title":"\u27a1\ufe0f Tour Cordoba desde Granada | Tour Travel & More","description":"Disfrute de este tour Cordoba desde Granada, con su gu\u00eda privado y Vehiculo. Descubre los principales monumentos de la ciudad: Mezquita, Sinagoga y Alcazar \u2705","robots":{"index":"index","follow":"follow","max-snippet":"max-snippet:-1","max-image-preview":"max-image-preview:large","max-video-preview":"max-video-preview:-1"},"canonical":"https:\/\/tourtravelandmore.com\/es\/tours\/espana-es\/granada-es\/tour-cordoba-desde-granada-tour-privado-cordoba\/","og_locale":"es_ES","og_type":"article","og_title":"Tour Privado de C\u00f3rdoba desde Granada","og_description":"Disfrute de este tour Cordoba desde Granada, con su gu\u00eda privado y Vehiculo. Descubre los principales monumentos de la ciudad: Mezquita, Sinagoga y Alcazar \u2705","og_url":"https:\/\/tourtravelandmore.com\/es\/tours\/espana-es\/granada-es\/tour-cordoba-desde-granada-tour-privado-cordoba\/","og_site_name":"Tour Travel And More","article_publisher":"https:\/\/www.facebook.com\/tourtravelandmore\/","article_modified_time":"2023-01-21T01:06:20+00:00","og_image":[{"width":960,"height":639,"url":"https:\/\/tourtravelandmore.com\/wp-content\/uploads\/2016\/08\/cordoba-1.jpg","type":"image\/jpeg"}],"twitter_card":"summary_large_image","twitter_site":"@TourTravel_More","twitter_misc":{"Tiempo de lectura":"2 minutos"},"schema":{"@context":"https:\/\/schema.org","@graph":[{"@type":"WebPage","@id":"https:\/\/tourtravelandmore.com\/es\/tours\/espana-es\/granada-es\/tour-cordoba-desde-granada-tour-privado-cordoba\/","url":"https:\/\/tourtravelandmore.com\/es\/tours\/espana-es\/granada-es\/tour-cordoba-desde-granada-tour-privado-cordoba\/","name":"\u27a1\ufe0f Tour Cordoba desde Granada | Tour Travel & More","isPartOf":{"@id":"https:\/\/tourtravelandmore.com\/es\/#website"},"primaryImageOfPage":{"@id":"https:\/\/tourtravelandmore.com\/es\/tours\/espana-es\/granada-es\/tour-cordoba-desde-granada-tour-privado-cordoba\/#primaryimage"},"image":{"@id":"https:\/\/tourtravelandmore.com\/es\/tours\/espana-es\/granada-es\/tour-cordoba-desde-granada-tour-privado-cordoba\/#primaryimage"},"thumbnailUrl":"https:\/\/tourtravelandmore.com\/wp-content\/uploads\/2016\/08\/cordoba-1.jpg","datePublished":"2016-12-20T11:41:56+00:00","dateModified":"2023-01-21T01:06:20+00:00","description":"Disfrute de este tour Cordoba desde Granada, con su gu\u00eda privado y Vehiculo. Descubre los principales monumentos de la ciudad: Mezquita, Sinagoga y Alcazar \u2705","breadcrumb":{"@id":"https:\/\/tourtravelandmore.com\/es\/tours\/espana-es\/granada-es\/tour-cordoba-desde-granada-tour-privado-cordoba\/#breadcrumb"},"inLanguage":"es","potentialAction":[{"@type":"ReadAction","target":["https:\/\/tourtravelandmore.com\/es\/tours\/espana-es\/granada-es\/tour-cordoba-desde-granada-tour-privado-cordoba\/"]}]},{"@type":"ImageObject","inLanguage":"es","@id":"https:\/\/tourtravelandmore.com\/es\/tours\/espana-es\/granada-es\/tour-cordoba-desde-granada-tour-privado-cordoba\/#primaryimage","url":"https:\/\/tourtravelandmore.com\/wp-content\/uploads\/2016\/08\/cordoba-1.jpg","contentUrl":"https:\/\/tourtravelandmore.com\/wp-content\/uploads\/2016\/08\/cordoba-1.jpg","width":960,"height":639},{"@type":"BreadcrumbList","@id":"https:\/\/tourtravelandmore.com\/es\/tours\/espana-es\/granada-es\/tour-cordoba-desde-granada-tour-privado-cordoba\/#breadcrumb","itemListElement":[{"@type":"ListItem","position":1,"name":"Home","item":"https:\/\/tourtravelandmore.com\/es\/"},{"@type":"ListItem","position":2,"name":"Tours","item":"https:\/\/tourtravelandmore.com\/es\/tours\/"},{"@type":"ListItem","position":3,"name":"Tour Privado de C\u00f3rdoba desde Granada"}]},{"@type":"WebSite","@id":"https:\/\/tourtravelandmore.com\/es\/#website","url":"https:\/\/tourtravelandmore.com\/es\/","name":"Tour Travel And More","description":"Private sightseeing tours and luxury transfers in Spain","publisher":{"@id":"https:\/\/tourtravelandmore.com\/es\/#organization"},"potentialAction":[{"@type":"SearchAction","target":{"@type":"EntryPoint","urlTemplate":"https:\/\/tourtravelandmore.com\/es\/?s={search_term_string}"},"query-input":{"@type":"PropertyValueSpecification","valueRequired":true,"valueName":"search_term_string"}}],"inLanguage":"es"},{"@type":"Organization","@id":"https:\/\/tourtravelandmore.com\/es\/#organization","name":"Tour Travel And More","url":"https:\/\/tourtravelandmore.com\/es\/","logo":{"@type":"ImageObject","inLanguage":"es","@id":"https:\/\/tourtravelandmore.com\/es\/#\/schema\/logo\/image\/","url":"https:\/\/tourtravelandmore.com\/wp-content\/uploads\/2022\/12\/cropped-logo-cabecera-new.png","contentUrl":"https:\/\/tourtravelandmore.com\/wp-content\/uploads\/2022\/12\/cropped-logo-cabecera-new.png","width":430,"height":61,"caption":"Tour Travel And More"},"image":{"@id":"https:\/\/tourtravelandmore.com\/es\/#\/schema\/logo\/image\/"},"sameAs":["https:\/\/www.facebook.com\/tourtravelandmore\/","https:\/\/x.com\/TourTravel_More"]}]}},"_links":{"self":[{"href":"https:\/\/tourtravelandmore.com\/es\/wp-json\/wp\/v2\/product\/9467","targetHints":{"allow":["GET"]}}],"collection":[{"href":"https:\/\/tourtravelandmore.com\/es\/wp-json\/wp\/v2\/product"}],"about":[{"href":"https:\/\/tourtravelandmore.com\/es\/wp-json\/wp\/v2\/types\/product"}],"replies":[{"embeddable":true,"href":"https:\/\/tourtravelandmore.com\/es\/wp-json\/wp\/v2\/comments?post=9467"}],"wp:featuredmedia":[{"embeddable":true,"href":"https:\/\/tourtravelandmore.com\/es\/wp-json\/wp\/v2\/media\/16618"}],"wp:attachment":[{"href":"https:\/\/tourtravelandmore.com\/es\/wp-json\/wp\/v2\/media?parent=9467"}],"wp:term":[{"taxonomy":"product_brand","embeddable":true,"href":"https:\/\/tourtravelandmore.com\/es\/wp-json\/wp\/v2\/product_brand?post=9467"},{"taxonomy":"product_cat","embeddable":true,"href":"https:\/\/tourtravelandmore.com\/es\/wp-json\/wp\/v2\/product_cat?post=9467"},{"taxonomy":"product_tag","embeddable":true,"href":"https:\/\/tourtravelandmore.com\/es\/wp-json\/wp\/v2\/product_tag?post=9467"}],"curies":[{"name":"wp","href":"https:\/\/api.w.org\/{rel}","templated":true}]}}