{"id":9462,"date":"2016-08-26T11:54:21","date_gmt":"2016-12-20T11:33:39","guid":{"rendered":"http:\/\/tourtravelandmore.com\/es\/?post_type=product&#038;p=9462"},"modified":"2023-01-21T02:08:24","modified_gmt":"2023-01-21T01:08:24","slug":"tour-privado-malaga-desde-granada-con-guia-oficial-y-vehiculo","status":"publish","type":"product","link":"https:\/\/tourtravelandmore.com\/es\/tours\/espana-es\/granada-es\/tour-privado-malaga-desde-granada-con-guia-oficial-y-vehiculo\/","title":{"rendered":"Tour Privado de M\u00e1laga desde Granada"},"content":{"rendered":"<h2><strong>Descripci\u00f3n en el Tour Privado de M\u00e1laga desde Granada<\/strong><\/h2>\n<p>Disfruta de este tour privado M\u00e1laga desde Granada junto a su gu\u00eda oficial y veh\u00edculo privado con conductor.<\/p>\n<p>Nuestro conductor le recoger\u00e1 en Granada y nos dirigiremos hacia M\u00e1laga d\u00f3nde estar\u00e1 esperando nuestro gu\u00eda para empezar el tour de la ciudad.<\/p>\n<p>El tour es completamente privado, pueden escoger la hora y lugar de recogida.<\/p>\n<p>La duraci\u00f3n de este tour privado M\u00e1laga desde Granada son 8 horas. A lo largo del tour podr\u00e1n para a comer.<\/p>\n<h2>Puntos de inter\u00e9s en el Tour Privado de M\u00e1laga desde Granada<\/h2>\n<p>A ra\u00edz de la apertura del Museo Picasso en la ciudad en el a\u00f1o 2003, M\u00e1laga se encuentra en una etapa de constante crecimiento, haciendo la ciudad m\u00e1s bonita e interesante con el paso de los a\u00f1os. Al ser la ciudad donde Pablo Picasso naci\u00f3, M\u00e1laga tiene una gran oferta cultura y art\u00edstica, a lo que se le adhiere una excelente oferta gastron\u00f3mica. Durante vuestro tour privado, podr\u00e9is ver entre otros monumentos, los siguientes:<\/p>\n<ul>\n<li><strong>Gibralfaro (espectacular vista panor\u00e1mica de la ciudad)<\/strong><\/li>\n<li><strong>Plaza de la Merced<\/strong><\/li>\n<li><strong>Museo Picasso<\/strong><\/li>\n<li><strong>Casa de Pablo Picasso<\/strong><\/li>\n<li><strong>Museo Thyssen<\/strong><\/li>\n<li><strong>Teatro Romano<\/strong><\/li>\n<li><strong>Catedral de M\u00e1laga (entradas incluidas en el precio del tour)<\/strong><\/li>\n<li><strong>Iglesia San Juan<\/strong><\/li>\n<li><strong>\u00a1Mucho m\u00e1s!<\/strong><\/li>\n<\/ul>\n<p>Podr\u00e9is disfrutar de M\u00e1laga en todo su esplendor y conocer\u00e9is lo m\u00e1s emblem\u00e1tico de la ciudad. Su gu\u00eda oficial privado estar\u00e1 a su disposici\u00f3n durante las 4 horas de tour en M\u00e1laga. Por supuesto que antes de emprender su retorno a Granada tendr\u00e1n tiempo para degustar la magn\u00edfica cocina malague\u00f1a.<\/p>\n<p>Si est\u00e1n interesados en visitar alg\u00fan otro monumento en M\u00e1laga, por favor no duden en contactarnos, podemos gestionar entradas para cualquier monumento en la ciudad.<\/p>\n<p>\u00a1Vuestro veh\u00edculo privado os devolver\u00e1 a vuestro hotel en Granada que pod\u00e1is ir a descansar y recuperar fuerzas!<\/p>\n<p>Si dispone de m\u00e1s d\u00edas en la Granada puede consultar <a href=\"https:\/\/tourtravelandmore.com\/es\/ciudad\/espana-es\/granada-es#shop\/\"><strong>aqu\u00ed<\/strong><\/a>, el resto de nuestros tours privados de la ciudad.<\/p>\n<p>A trav\u00e9s del formulario de contacto puede contactar con nosotros y le enviaremos la informaci\u00f3n detallada del tour.<\/p>\n","protected":false},"excerpt":{"rendered":"<p>Descubre la ciudad de M\u00e1laga, una de las m\u00e1s importantes de Andalucia, desde la ciudad de Granada. Conocer\u00e1s junto a su gu\u00eda los principales monumentos: Castillo Gibralfaro, Teatro Romano, Plaza de la Merced, Museo Picasso, y mucho m\u00e1s!!<\/p>\n","protected":false},"featured_media":16624,"comment_status":"open","ping_status":"closed","template":"","meta":{"_acf_changed":false},"product_brand":[],"product_cat":[82,83,85,84],"product_tag":[],"class_list":{"0":"post-9462","1":"product","2":"type-product","3":"status-publish","4":"has-post-thumbnail","6":"product_cat-granada-es","7":"product_cat-granada-actividades-es","8":"product_cat-granada-rutas-turisticas-privadas-es","9":"product_cat-granada-excursiones-es","11":"first","12":"instock","13":"shipping-taxable","14":"purchasable","15":"product-type-simple"},"acf":[],"yoast_head":"<!-- This site is optimized with the Yoast SEO Premium plugin v25.3.1 (Yoast SEO v25.3.1) - https:\/\/yoast.com\/wordpress\/plugins\/seo\/ -->\n<title>\u27a1\ufe0f Tour privado Malaga desde Granada | Tour Travel &amp; More<\/title>\n<meta name=\"description\" content=\"Gracias a este tour privado Malaga desde Granada podr\u00e1s conocer una de las ciudades m\u00e1s importantes de Andalucia, junto a su guia oficial \u2705\" \/>\n<meta name=\"robots\" content=\"index, follow, max-snippet:-1, max-image-preview:large, max-video-preview:-1\" \/>\n<link rel=\"canonical\" href=\"https:\/\/tourtravelandmore.com\/es\/tours\/espana-es\/granada-es\/tour-privado-malaga-desde-granada-con-guia-oficial-y-vehiculo\/\" \/>\n<meta property=\"og:locale\" content=\"es_ES\" \/>\n<meta property=\"og:type\" content=\"article\" \/>\n<meta property=\"og:title\" content=\"Tour Privado de M\u00e1laga desde Granada\" \/>\n<meta property=\"og:description\" content=\"Gracias a este tour privado Malaga desde Granada podr\u00e1s conocer una de las ciudades m\u00e1s importantes de Andalucia, junto a su guia oficial \u2705\" \/>\n<meta property=\"og:url\" content=\"https:\/\/tourtravelandmore.com\/es\/tours\/espana-es\/granada-es\/tour-privado-malaga-desde-granada-con-guia-oficial-y-vehiculo\/\" \/>\n<meta property=\"og:site_name\" content=\"Tour Travel And More\" \/>\n<meta property=\"article:publisher\" content=\"https:\/\/www.facebook.com\/tourtravelandmore\/\" \/>\n<meta property=\"article:modified_time\" content=\"2023-01-21T01:08:24+00:00\" \/>\n<meta property=\"og:image\" content=\"https:\/\/tourtravelandmore.com\/wp-content\/uploads\/2016\/08\/malaga5.jpg\" \/>\n\t<meta property=\"og:image:width\" content=\"1024\" \/>\n\t<meta property=\"og:image:height\" content=\"678\" \/>\n\t<meta property=\"og:image:type\" content=\"image\/jpeg\" \/>\n<meta name=\"twitter:card\" content=\"summary_large_image\" \/>\n<meta name=\"twitter:site\" content=\"@TourTravel_More\" \/>\n<meta name=\"twitter:label1\" content=\"Tiempo de lectura\" \/>\n\t<meta name=\"twitter:data1\" content=\"2 minutos\" \/>\n<script type=\"application\/ld+json\" class=\"yoast-schema-graph\">{\"@context\":\"https:\/\/schema.org\",\"@graph\":[{\"@type\":\"WebPage\",\"@id\":\"https:\/\/tourtravelandmore.com\/es\/tours\/espana-es\/granada-es\/tour-privado-malaga-desde-granada-con-guia-oficial-y-vehiculo\/\",\"url\":\"https:\/\/tourtravelandmore.com\/es\/tours\/espana-es\/granada-es\/tour-privado-malaga-desde-granada-con-guia-oficial-y-vehiculo\/\",\"name\":\"\u27a1\ufe0f Tour privado Malaga desde Granada | Tour Travel & More\",\"isPartOf\":{\"@id\":\"https:\/\/tourtravelandmore.com\/es\/#website\"},\"primaryImageOfPage\":{\"@id\":\"https:\/\/tourtravelandmore.com\/es\/tours\/espana-es\/granada-es\/tour-privado-malaga-desde-granada-con-guia-oficial-y-vehiculo\/#primaryimage\"},\"image\":{\"@id\":\"https:\/\/tourtravelandmore.com\/es\/tours\/espana-es\/granada-es\/tour-privado-malaga-desde-granada-con-guia-oficial-y-vehiculo\/#primaryimage\"},\"thumbnailUrl\":\"https:\/\/tourtravelandmore.com\/wp-content\/uploads\/2016\/08\/malaga5.jpg\",\"datePublished\":\"2016-12-20T11:33:39+00:00\",\"dateModified\":\"2023-01-21T01:08:24+00:00\",\"description\":\"Gracias a este tour privado Malaga desde Granada podr\u00e1s conocer una de las ciudades m\u00e1s importantes de Andalucia, junto a su guia oficial \u2705\",\"breadcrumb\":{\"@id\":\"https:\/\/tourtravelandmore.com\/es\/tours\/espana-es\/granada-es\/tour-privado-malaga-desde-granada-con-guia-oficial-y-vehiculo\/#breadcrumb\"},\"inLanguage\":\"es\",\"potentialAction\":[{\"@type\":\"ReadAction\",\"target\":[\"https:\/\/tourtravelandmore.com\/es\/tours\/espana-es\/granada-es\/tour-privado-malaga-desde-granada-con-guia-oficial-y-vehiculo\/\"]}]},{\"@type\":\"ImageObject\",\"inLanguage\":\"es\",\"@id\":\"https:\/\/tourtravelandmore.com\/es\/tours\/espana-es\/granada-es\/tour-privado-malaga-desde-granada-con-guia-oficial-y-vehiculo\/#primaryimage\",\"url\":\"https:\/\/tourtravelandmore.com\/wp-content\/uploads\/2016\/08\/malaga5.jpg\",\"contentUrl\":\"https:\/\/tourtravelandmore.com\/wp-content\/uploads\/2016\/08\/malaga5.jpg\",\"width\":1024,\"height\":678},{\"@type\":\"BreadcrumbList\",\"@id\":\"https:\/\/tourtravelandmore.com\/es\/tours\/espana-es\/granada-es\/tour-privado-malaga-desde-granada-con-guia-oficial-y-vehiculo\/#breadcrumb\",\"itemListElement\":[{\"@type\":\"ListItem\",\"position\":1,\"name\":\"Home\",\"item\":\"https:\/\/tourtravelandmore.com\/es\/\"},{\"@type\":\"ListItem\",\"position\":2,\"name\":\"Tours\",\"item\":\"https:\/\/tourtravelandmore.com\/es\/tours\/\"},{\"@type\":\"ListItem\",\"position\":3,\"name\":\"Tour Privado de M\u00e1laga desde Granada\"}]},{\"@type\":\"WebSite\",\"@id\":\"https:\/\/tourtravelandmore.com\/es\/#website\",\"url\":\"https:\/\/tourtravelandmore.com\/es\/\",\"name\":\"Tour Travel And More\",\"description\":\"Private sightseeing tours and luxury transfers in Spain\",\"publisher\":{\"@id\":\"https:\/\/tourtravelandmore.com\/es\/#organization\"},\"potentialAction\":[{\"@type\":\"SearchAction\",\"target\":{\"@type\":\"EntryPoint\",\"urlTemplate\":\"https:\/\/tourtravelandmore.com\/es\/?s={search_term_string}\"},\"query-input\":{\"@type\":\"PropertyValueSpecification\",\"valueRequired\":true,\"valueName\":\"search_term_string\"}}],\"inLanguage\":\"es\"},{\"@type\":\"Organization\",\"@id\":\"https:\/\/tourtravelandmore.com\/es\/#organization\",\"name\":\"Tour Travel And More\",\"url\":\"https:\/\/tourtravelandmore.com\/es\/\",\"logo\":{\"@type\":\"ImageObject\",\"inLanguage\":\"es\",\"@id\":\"https:\/\/tourtravelandmore.com\/es\/#\/schema\/logo\/image\/\",\"url\":\"https:\/\/tourtravelandmore.com\/wp-content\/uploads\/2022\/12\/cropped-logo-cabecera-new.png\",\"contentUrl\":\"https:\/\/tourtravelandmore.com\/wp-content\/uploads\/2022\/12\/cropped-logo-cabecera-new.png\",\"width\":430,\"height\":61,\"caption\":\"Tour Travel And More\"},\"image\":{\"@id\":\"https:\/\/tourtravelandmore.com\/es\/#\/schema\/logo\/image\/\"},\"sameAs\":[\"https:\/\/www.facebook.com\/tourtravelandmore\/\",\"https:\/\/x.com\/TourTravel_More\"]}]}<\/script>\n<!-- \/ Yoast SEO Premium plugin. -->","yoast_head_json":{"title":"\u27a1\ufe0f Tour privado Malaga desde Granada | Tour Travel & More","description":"Gracias a este tour privado Malaga desde Granada podr\u00e1s conocer una de las ciudades m\u00e1s importantes de Andalucia, junto a su guia oficial \u2705","robots":{"index":"index","follow":"follow","max-snippet":"max-snippet:-1","max-image-preview":"max-image-preview:large","max-video-preview":"max-video-preview:-1"},"canonical":"https:\/\/tourtravelandmore.com\/es\/tours\/espana-es\/granada-es\/tour-privado-malaga-desde-granada-con-guia-oficial-y-vehiculo\/","og_locale":"es_ES","og_type":"article","og_title":"Tour Privado de M\u00e1laga desde Granada","og_description":"Gracias a este tour privado Malaga desde Granada podr\u00e1s conocer una de las ciudades m\u00e1s importantes de Andalucia, junto a su guia oficial \u2705","og_url":"https:\/\/tourtravelandmore.com\/es\/tours\/espana-es\/granada-es\/tour-privado-malaga-desde-granada-con-guia-oficial-y-vehiculo\/","og_site_name":"Tour Travel And More","article_publisher":"https:\/\/www.facebook.com\/tourtravelandmore\/","article_modified_time":"2023-01-21T01:08:24+00:00","og_image":[{"width":1024,"height":678,"url":"https:\/\/tourtravelandmore.com\/wp-content\/uploads\/2016\/08\/malaga5.jpg","type":"image\/jpeg"}],"twitter_card":"summary_large_image","twitter_site":"@TourTravel_More","twitter_misc":{"Tiempo de lectura":"2 minutos"},"schema":{"@context":"https:\/\/schema.org","@graph":[{"@type":"WebPage","@id":"https:\/\/tourtravelandmore.com\/es\/tours\/espana-es\/granada-es\/tour-privado-malaga-desde-granada-con-guia-oficial-y-vehiculo\/","url":"https:\/\/tourtravelandmore.com\/es\/tours\/espana-es\/granada-es\/tour-privado-malaga-desde-granada-con-guia-oficial-y-vehiculo\/","name":"\u27a1\ufe0f Tour privado Malaga desde Granada | Tour Travel & More","isPartOf":{"@id":"https:\/\/tourtravelandmore.com\/es\/#website"},"primaryImageOfPage":{"@id":"https:\/\/tourtravelandmore.com\/es\/tours\/espana-es\/granada-es\/tour-privado-malaga-desde-granada-con-guia-oficial-y-vehiculo\/#primaryimage"},"image":{"@id":"https:\/\/tourtravelandmore.com\/es\/tours\/espana-es\/granada-es\/tour-privado-malaga-desde-granada-con-guia-oficial-y-vehiculo\/#primaryimage"},"thumbnailUrl":"https:\/\/tourtravelandmore.com\/wp-content\/uploads\/2016\/08\/malaga5.jpg","datePublished":"2016-12-20T11:33:39+00:00","dateModified":"2023-01-21T01:08:24+00:00","description":"Gracias a este tour privado Malaga desde Granada podr\u00e1s conocer una de las ciudades m\u00e1s importantes de Andalucia, junto a su guia oficial \u2705","breadcrumb":{"@id":"https:\/\/tourtravelandmore.com\/es\/tours\/espana-es\/granada-es\/tour-privado-malaga-desde-granada-con-guia-oficial-y-vehiculo\/#breadcrumb"},"inLanguage":"es","potentialAction":[{"@type":"ReadAction","target":["https:\/\/tourtravelandmore.com\/es\/tours\/espana-es\/granada-es\/tour-privado-malaga-desde-granada-con-guia-oficial-y-vehiculo\/"]}]},{"@type":"ImageObject","inLanguage":"es","@id":"https:\/\/tourtravelandmore.com\/es\/tours\/espana-es\/granada-es\/tour-privado-malaga-desde-granada-con-guia-oficial-y-vehiculo\/#primaryimage","url":"https:\/\/tourtravelandmore.com\/wp-content\/uploads\/2016\/08\/malaga5.jpg","contentUrl":"https:\/\/tourtravelandmore.com\/wp-content\/uploads\/2016\/08\/malaga5.jpg","width":1024,"height":678},{"@type":"BreadcrumbList","@id":"https:\/\/tourtravelandmore.com\/es\/tours\/espana-es\/granada-es\/tour-privado-malaga-desde-granada-con-guia-oficial-y-vehiculo\/#breadcrumb","itemListElement":[{"@type":"ListItem","position":1,"name":"Home","item":"https:\/\/tourtravelandmore.com\/es\/"},{"@type":"ListItem","position":2,"name":"Tours","item":"https:\/\/tourtravelandmore.com\/es\/tours\/"},{"@type":"ListItem","position":3,"name":"Tour Privado de M\u00e1laga desde Granada"}]},{"@type":"WebSite","@id":"https:\/\/tourtravelandmore.com\/es\/#website","url":"https:\/\/tourtravelandmore.com\/es\/","name":"Tour Travel And More","description":"Private sightseeing tours and luxury transfers in Spain","publisher":{"@id":"https:\/\/tourtravelandmore.com\/es\/#organization"},"potentialAction":[{"@type":"SearchAction","target":{"@type":"EntryPoint","urlTemplate":"https:\/\/tourtravelandmore.com\/es\/?s={search_term_string}"},"query-input":{"@type":"PropertyValueSpecification","valueRequired":true,"valueName":"search_term_string"}}],"inLanguage":"es"},{"@type":"Organization","@id":"https:\/\/tourtravelandmore.com\/es\/#organization","name":"Tour Travel And More","url":"https:\/\/tourtravelandmore.com\/es\/","logo":{"@type":"ImageObject","inLanguage":"es","@id":"https:\/\/tourtravelandmore.com\/es\/#\/schema\/logo\/image\/","url":"https:\/\/tourtravelandmore.com\/wp-content\/uploads\/2022\/12\/cropped-logo-cabecera-new.png","contentUrl":"https:\/\/tourtravelandmore.com\/wp-content\/uploads\/2022\/12\/cropped-logo-cabecera-new.png","width":430,"height":61,"caption":"Tour Travel And More"},"image":{"@id":"https:\/\/tourtravelandmore.com\/es\/#\/schema\/logo\/image\/"},"sameAs":["https:\/\/www.facebook.com\/tourtravelandmore\/","https:\/\/x.com\/TourTravel_More"]}]}},"_links":{"self":[{"href":"https:\/\/tourtravelandmore.com\/es\/wp-json\/wp\/v2\/product\/9462","targetHints":{"allow":["GET"]}}],"collection":[{"href":"https:\/\/tourtravelandmore.com\/es\/wp-json\/wp\/v2\/product"}],"about":[{"href":"https:\/\/tourtravelandmore.com\/es\/wp-json\/wp\/v2\/types\/product"}],"replies":[{"embeddable":true,"href":"https:\/\/tourtravelandmore.com\/es\/wp-json\/wp\/v2\/comments?post=9462"}],"wp:featuredmedia":[{"embeddable":true,"href":"https:\/\/tourtravelandmore.com\/es\/wp-json\/wp\/v2\/media\/16624"}],"wp:attachment":[{"href":"https:\/\/tourtravelandmore.com\/es\/wp-json\/wp\/v2\/media?parent=9462"}],"wp:term":[{"taxonomy":"product_brand","embeddable":true,"href":"https:\/\/tourtravelandmore.com\/es\/wp-json\/wp\/v2\/product_brand?post=9462"},{"taxonomy":"product_cat","embeddable":true,"href":"https:\/\/tourtravelandmore.com\/es\/wp-json\/wp\/v2\/product_cat?post=9462"},{"taxonomy":"product_tag","embeddable":true,"href":"https:\/\/tourtravelandmore.com\/es\/wp-json\/wp\/v2\/product_tag?post=9462"}],"curies":[{"name":"wp","href":"https:\/\/api.w.org\/{rel}","templated":true}]}}