{"id":9457,"date":"2016-08-25T23:17:09","date_gmt":"2016-12-20T11:28:03","guid":{"rendered":"http:\/\/tourtravelandmore.com\/es\/?post_type=product&#038;p=9457"},"modified":"2023-01-21T02:04:59","modified_gmt":"2023-01-21T01:04:59","slug":"tour-sevilla-desde-granada-tour-privado-con-guia-oficial-y-vehiculo","status":"publish","type":"product","link":"https:\/\/tourtravelandmore.com\/es\/tours\/espana-es\/granada-es\/tour-sevilla-desde-granada-tour-privado-con-guia-oficial-y-vehiculo\/","title":{"rendered":"Tour Privado Sevilla desde Granada"},"content":{"rendered":"<h2>Descripci\u00f3n del Tour Privado Sevilla desde Granada<\/h2>\n<p>Disfruta de este tour Sevilla desde Granada y descubre una de las principales ciudades de Andaluc\u00eda.<\/p>\n<p>La duraci\u00f3n del tour Sevilla desde Granada son 10 horas. El tour es completamente privado, pueden escoger la hora de comienzo y lugar de recogida en Granada o alrededores.<\/p>\n<p>Nuestro conductor os recoger\u00e1 en Granada y nos dirigiremos hacia Sevilla d\u00f3nde esperar\u00e1 su gu\u00eda para realizar un tour de 4 horas de la ciudad. A lo largo de estas 4 horas haremos una panor\u00e1mica de la ciudad y recorremos a pie las principales calles del centro hist\u00f3rico y monumentos.<\/p>\n<p>Podemos a\u00f1adir entradas a la Catedral y Alcazar de Sevilla. Solo nos lo tienen que indicar y podemos a\u00f1adir entradas sin colas.<\/p>\n<h2>Puntos de inter\u00e9s en el Tour Privado Sevilla desde Granada<\/h2>\n<p>Sevilla es la capital de la regi\u00f3n Andaluc\u00eda, en el sur de Espa\u00f1a. Es famosa por su danza flamenca, particularmente en su barrio de Triana. Los principales sitios ic\u00f3nicos incluyen el complejo de castillos adornados del Alc\u00e1zar, construido durante el imperio almohade morisco, y la Plaza de los Toros de la Maestranza, del siglo XVIII. En la catedral g\u00f3tica de Sevilla, est\u00e1 la tumba de Crist\u00f3bal Col\u00f3n y un minarete transformado en campanario, el Giraldo.<\/p>\n<p>A lo largo del tour combinaremos un recorrido panor\u00e1mico y un recorrido a pie. El Casco Hist\u00f3rico de Sevilla lo visitaremos a pie.<\/p>\n<p>Durante vuestro tour privado, podr\u00e9is ver, entre otros monumentos, los siguientes:<\/p>\n<ul>\n<li><strong>Barrio Jud\u00edo<\/strong><\/li>\n<li><strong>Zona de compras exclusivas<\/strong><\/li>\n<li><strong>Plaza Espa\u00f1a<\/strong><\/li>\n<li><strong>Sanchez Pijuan<\/strong><\/li>\n<li><strong>Plaza Nova<\/strong><\/li>\n<li><strong>Catedral (Podemos incluir las entradas)<\/strong><\/li>\n<li><strong>La Giralda<\/strong><\/li>\n<li><strong>Alcazar (Podemos incluir las entradas)<\/strong><\/li>\n<li><strong>Torre del Oro<\/strong><\/li>\n<li><strong>Triana<\/strong><\/li>\n<li><strong>Plaza de toros<\/strong><\/li>\n<li><strong>\u00a1Mucho m\u00e1s!<\/strong><\/li>\n<\/ul>\n<p>Podr\u00e1n parar para comer una vez finalicen su tour en un lugar t\u00edpico de la ciudad y cuando terminen nuestro conductor os devolver\u00e1 a Granada.<\/p>\n<p>Si disponen de m\u00e1s d\u00edas en Granada pueden consultar<a href=\"https:\/\/tourtravelandmore.com\/es\/ciudad\/espana-es\/granada-es#shop\/\"><strong> aqu\u00ed<\/strong><\/a>, nuestro listado de tours privados que ofrecemos en la ciudad de Granada.<\/p>\n","protected":false},"excerpt":{"rendered":"<p>Disfruta de este <strong>tour privado<\/strong> personalizable de <strong>Sevilla<\/strong>. Tome esta oportunidad para conocer y disfrutar de Sevilla durante este tour con vuestro guia oficial privado y vuestro veh\u00edculo de lujo con chofer. Le recogemos desde su hotel en Granada. Disfruta de los monumentos y zonas m\u00e1s emblem\u00e1ticas de Sevilla como la <strong>Catedral<\/strong>, Sanchez Pizjuan, Plaza Espa\u00f1a, Alcazar y mucho mas.<\/p>\n<p>&nbsp;<\/p>\n","protected":false},"featured_media":16612,"comment_status":"open","ping_status":"closed","template":"","meta":{"_acf_changed":false},"product_brand":[],"product_cat":[82,83,84],"product_tag":[],"class_list":{"0":"post-9457","1":"product","2":"type-product","3":"status-publish","4":"has-post-thumbnail","6":"product_cat-granada-es","7":"product_cat-granada-actividades-es","8":"product_cat-granada-excursiones-es","10":"first","11":"instock","12":"shipping-taxable","13":"purchasable","14":"product-type-simple"},"acf":[],"yoast_head":"<!-- This site is optimized with the Yoast SEO Premium plugin v25.3.1 (Yoast SEO v25.3.1) - https:\/\/yoast.com\/wordpress\/plugins\/seo\/ -->\n<title>\u27a1\ufe0f Tour Sevilla desde Granada | Tour Travel &amp; More<\/title>\n<meta name=\"description\" content=\"Gracias a este tour Sevilla desde Granada descubrir\u00e1s la capital de Andaluc\u00eda junto a su gu\u00eda oficial y Veh\u00edculo privado. Conoce los principales monumentos \u2705\" \/>\n<meta name=\"robots\" content=\"index, follow, max-snippet:-1, max-image-preview:large, max-video-preview:-1\" \/>\n<link rel=\"canonical\" href=\"https:\/\/tourtravelandmore.com\/es\/tours\/espana-es\/granada-es\/tour-sevilla-desde-granada-tour-privado-con-guia-oficial-y-vehiculo\/\" \/>\n<meta property=\"og:locale\" content=\"es_ES\" \/>\n<meta property=\"og:type\" content=\"article\" \/>\n<meta property=\"og:title\" content=\"Tour Privado Sevilla desde Granada\" \/>\n<meta property=\"og:description\" content=\"Gracias a este tour Sevilla desde Granada descubrir\u00e1s la capital de Andaluc\u00eda junto a su gu\u00eda oficial y Veh\u00edculo privado. Conoce los principales monumentos \u2705\" \/>\n<meta property=\"og:url\" content=\"https:\/\/tourtravelandmore.com\/es\/tours\/espana-es\/granada-es\/tour-sevilla-desde-granada-tour-privado-con-guia-oficial-y-vehiculo\/\" \/>\n<meta property=\"og:site_name\" content=\"Tour Travel And More\" \/>\n<meta property=\"article:publisher\" content=\"https:\/\/www.facebook.com\/tourtravelandmore\/\" \/>\n<meta property=\"article:modified_time\" content=\"2023-01-21T01:04:59+00:00\" \/>\n<meta property=\"og:image\" content=\"https:\/\/tourtravelandmore.com\/wp-content\/uploads\/2016\/08\/Plaza_de_Espana_Seville_Spain.jpg\" \/>\n\t<meta property=\"og:image:width\" content=\"1500\" \/>\n\t<meta property=\"og:image:height\" content=\"999\" \/>\n\t<meta property=\"og:image:type\" content=\"image\/jpeg\" \/>\n<meta name=\"twitter:card\" content=\"summary_large_image\" \/>\n<meta name=\"twitter:site\" content=\"@TourTravel_More\" \/>\n<meta name=\"twitter:label1\" content=\"Tiempo de lectura\" \/>\n\t<meta name=\"twitter:data1\" content=\"2 minutos\" \/>\n<script type=\"application\/ld+json\" class=\"yoast-schema-graph\">{\"@context\":\"https:\/\/schema.org\",\"@graph\":[{\"@type\":\"WebPage\",\"@id\":\"https:\/\/tourtravelandmore.com\/es\/tours\/espana-es\/granada-es\/tour-sevilla-desde-granada-tour-privado-con-guia-oficial-y-vehiculo\/\",\"url\":\"https:\/\/tourtravelandmore.com\/es\/tours\/espana-es\/granada-es\/tour-sevilla-desde-granada-tour-privado-con-guia-oficial-y-vehiculo\/\",\"name\":\"\u27a1\ufe0f Tour Sevilla desde Granada | Tour Travel & More\",\"isPartOf\":{\"@id\":\"https:\/\/tourtravelandmore.com\/es\/#website\"},\"primaryImageOfPage\":{\"@id\":\"https:\/\/tourtravelandmore.com\/es\/tours\/espana-es\/granada-es\/tour-sevilla-desde-granada-tour-privado-con-guia-oficial-y-vehiculo\/#primaryimage\"},\"image\":{\"@id\":\"https:\/\/tourtravelandmore.com\/es\/tours\/espana-es\/granada-es\/tour-sevilla-desde-granada-tour-privado-con-guia-oficial-y-vehiculo\/#primaryimage\"},\"thumbnailUrl\":\"https:\/\/tourtravelandmore.com\/wp-content\/uploads\/2016\/08\/Plaza_de_Espana_Seville_Spain.jpg\",\"datePublished\":\"2016-12-20T11:28:03+00:00\",\"dateModified\":\"2023-01-21T01:04:59+00:00\",\"description\":\"Gracias a este tour Sevilla desde Granada descubrir\u00e1s la capital de Andaluc\u00eda junto a su gu\u00eda oficial y Veh\u00edculo privado. Conoce los principales monumentos \u2705\",\"breadcrumb\":{\"@id\":\"https:\/\/tourtravelandmore.com\/es\/tours\/espana-es\/granada-es\/tour-sevilla-desde-granada-tour-privado-con-guia-oficial-y-vehiculo\/#breadcrumb\"},\"inLanguage\":\"es\",\"potentialAction\":[{\"@type\":\"ReadAction\",\"target\":[\"https:\/\/tourtravelandmore.com\/es\/tours\/espana-es\/granada-es\/tour-sevilla-desde-granada-tour-privado-con-guia-oficial-y-vehiculo\/\"]}]},{\"@type\":\"ImageObject\",\"inLanguage\":\"es\",\"@id\":\"https:\/\/tourtravelandmore.com\/es\/tours\/espana-es\/granada-es\/tour-sevilla-desde-granada-tour-privado-con-guia-oficial-y-vehiculo\/#primaryimage\",\"url\":\"https:\/\/tourtravelandmore.com\/wp-content\/uploads\/2016\/08\/Plaza_de_Espana_Seville_Spain.jpg\",\"contentUrl\":\"https:\/\/tourtravelandmore.com\/wp-content\/uploads\/2016\/08\/Plaza_de_Espana_Seville_Spain.jpg\",\"width\":1500,\"height\":999},{\"@type\":\"BreadcrumbList\",\"@id\":\"https:\/\/tourtravelandmore.com\/es\/tours\/espana-es\/granada-es\/tour-sevilla-desde-granada-tour-privado-con-guia-oficial-y-vehiculo\/#breadcrumb\",\"itemListElement\":[{\"@type\":\"ListItem\",\"position\":1,\"name\":\"Home\",\"item\":\"https:\/\/tourtravelandmore.com\/es\/\"},{\"@type\":\"ListItem\",\"position\":2,\"name\":\"Tours\",\"item\":\"https:\/\/tourtravelandmore.com\/es\/tours\/\"},{\"@type\":\"ListItem\",\"position\":3,\"name\":\"Tour Privado Sevilla desde Granada\"}]},{\"@type\":\"WebSite\",\"@id\":\"https:\/\/tourtravelandmore.com\/es\/#website\",\"url\":\"https:\/\/tourtravelandmore.com\/es\/\",\"name\":\"Tour Travel And More\",\"description\":\"Private sightseeing tours and luxury transfers in Spain\",\"publisher\":{\"@id\":\"https:\/\/tourtravelandmore.com\/es\/#organization\"},\"potentialAction\":[{\"@type\":\"SearchAction\",\"target\":{\"@type\":\"EntryPoint\",\"urlTemplate\":\"https:\/\/tourtravelandmore.com\/es\/?s={search_term_string}\"},\"query-input\":{\"@type\":\"PropertyValueSpecification\",\"valueRequired\":true,\"valueName\":\"search_term_string\"}}],\"inLanguage\":\"es\"},{\"@type\":\"Organization\",\"@id\":\"https:\/\/tourtravelandmore.com\/es\/#organization\",\"name\":\"Tour Travel And More\",\"url\":\"https:\/\/tourtravelandmore.com\/es\/\",\"logo\":{\"@type\":\"ImageObject\",\"inLanguage\":\"es\",\"@id\":\"https:\/\/tourtravelandmore.com\/es\/#\/schema\/logo\/image\/\",\"url\":\"https:\/\/tourtravelandmore.com\/wp-content\/uploads\/2022\/12\/cropped-logo-cabecera-new.png\",\"contentUrl\":\"https:\/\/tourtravelandmore.com\/wp-content\/uploads\/2022\/12\/cropped-logo-cabecera-new.png\",\"width\":430,\"height\":61,\"caption\":\"Tour Travel And More\"},\"image\":{\"@id\":\"https:\/\/tourtravelandmore.com\/es\/#\/schema\/logo\/image\/\"},\"sameAs\":[\"https:\/\/www.facebook.com\/tourtravelandmore\/\",\"https:\/\/x.com\/TourTravel_More\"]}]}<\/script>\n<!-- \/ Yoast SEO Premium plugin. -->","yoast_head_json":{"title":"\u27a1\ufe0f Tour Sevilla desde Granada | Tour Travel & More","description":"Gracias a este tour Sevilla desde Granada descubrir\u00e1s la capital de Andaluc\u00eda junto a su gu\u00eda oficial y Veh\u00edculo privado. Conoce los principales monumentos \u2705","robots":{"index":"index","follow":"follow","max-snippet":"max-snippet:-1","max-image-preview":"max-image-preview:large","max-video-preview":"max-video-preview:-1"},"canonical":"https:\/\/tourtravelandmore.com\/es\/tours\/espana-es\/granada-es\/tour-sevilla-desde-granada-tour-privado-con-guia-oficial-y-vehiculo\/","og_locale":"es_ES","og_type":"article","og_title":"Tour Privado Sevilla desde Granada","og_description":"Gracias a este tour Sevilla desde Granada descubrir\u00e1s la capital de Andaluc\u00eda junto a su gu\u00eda oficial y Veh\u00edculo privado. Conoce los principales monumentos \u2705","og_url":"https:\/\/tourtravelandmore.com\/es\/tours\/espana-es\/granada-es\/tour-sevilla-desde-granada-tour-privado-con-guia-oficial-y-vehiculo\/","og_site_name":"Tour Travel And More","article_publisher":"https:\/\/www.facebook.com\/tourtravelandmore\/","article_modified_time":"2023-01-21T01:04:59+00:00","og_image":[{"width":1500,"height":999,"url":"https:\/\/tourtravelandmore.com\/wp-content\/uploads\/2016\/08\/Plaza_de_Espana_Seville_Spain.jpg","type":"image\/jpeg"}],"twitter_card":"summary_large_image","twitter_site":"@TourTravel_More","twitter_misc":{"Tiempo de lectura":"2 minutos"},"schema":{"@context":"https:\/\/schema.org","@graph":[{"@type":"WebPage","@id":"https:\/\/tourtravelandmore.com\/es\/tours\/espana-es\/granada-es\/tour-sevilla-desde-granada-tour-privado-con-guia-oficial-y-vehiculo\/","url":"https:\/\/tourtravelandmore.com\/es\/tours\/espana-es\/granada-es\/tour-sevilla-desde-granada-tour-privado-con-guia-oficial-y-vehiculo\/","name":"\u27a1\ufe0f Tour Sevilla desde Granada | Tour Travel & More","isPartOf":{"@id":"https:\/\/tourtravelandmore.com\/es\/#website"},"primaryImageOfPage":{"@id":"https:\/\/tourtravelandmore.com\/es\/tours\/espana-es\/granada-es\/tour-sevilla-desde-granada-tour-privado-con-guia-oficial-y-vehiculo\/#primaryimage"},"image":{"@id":"https:\/\/tourtravelandmore.com\/es\/tours\/espana-es\/granada-es\/tour-sevilla-desde-granada-tour-privado-con-guia-oficial-y-vehiculo\/#primaryimage"},"thumbnailUrl":"https:\/\/tourtravelandmore.com\/wp-content\/uploads\/2016\/08\/Plaza_de_Espana_Seville_Spain.jpg","datePublished":"2016-12-20T11:28:03+00:00","dateModified":"2023-01-21T01:04:59+00:00","description":"Gracias a este tour Sevilla desde Granada descubrir\u00e1s la capital de Andaluc\u00eda junto a su gu\u00eda oficial y Veh\u00edculo privado. Conoce los principales monumentos \u2705","breadcrumb":{"@id":"https:\/\/tourtravelandmore.com\/es\/tours\/espana-es\/granada-es\/tour-sevilla-desde-granada-tour-privado-con-guia-oficial-y-vehiculo\/#breadcrumb"},"inLanguage":"es","potentialAction":[{"@type":"ReadAction","target":["https:\/\/tourtravelandmore.com\/es\/tours\/espana-es\/granada-es\/tour-sevilla-desde-granada-tour-privado-con-guia-oficial-y-vehiculo\/"]}]},{"@type":"ImageObject","inLanguage":"es","@id":"https:\/\/tourtravelandmore.com\/es\/tours\/espana-es\/granada-es\/tour-sevilla-desde-granada-tour-privado-con-guia-oficial-y-vehiculo\/#primaryimage","url":"https:\/\/tourtravelandmore.com\/wp-content\/uploads\/2016\/08\/Plaza_de_Espana_Seville_Spain.jpg","contentUrl":"https:\/\/tourtravelandmore.com\/wp-content\/uploads\/2016\/08\/Plaza_de_Espana_Seville_Spain.jpg","width":1500,"height":999},{"@type":"BreadcrumbList","@id":"https:\/\/tourtravelandmore.com\/es\/tours\/espana-es\/granada-es\/tour-sevilla-desde-granada-tour-privado-con-guia-oficial-y-vehiculo\/#breadcrumb","itemListElement":[{"@type":"ListItem","position":1,"name":"Home","item":"https:\/\/tourtravelandmore.com\/es\/"},{"@type":"ListItem","position":2,"name":"Tours","item":"https:\/\/tourtravelandmore.com\/es\/tours\/"},{"@type":"ListItem","position":3,"name":"Tour Privado Sevilla desde Granada"}]},{"@type":"WebSite","@id":"https:\/\/tourtravelandmore.com\/es\/#website","url":"https:\/\/tourtravelandmore.com\/es\/","name":"Tour Travel And More","description":"Private sightseeing tours and luxury transfers in Spain","publisher":{"@id":"https:\/\/tourtravelandmore.com\/es\/#organization"},"potentialAction":[{"@type":"SearchAction","target":{"@type":"EntryPoint","urlTemplate":"https:\/\/tourtravelandmore.com\/es\/?s={search_term_string}"},"query-input":{"@type":"PropertyValueSpecification","valueRequired":true,"valueName":"search_term_string"}}],"inLanguage":"es"},{"@type":"Organization","@id":"https:\/\/tourtravelandmore.com\/es\/#organization","name":"Tour Travel And More","url":"https:\/\/tourtravelandmore.com\/es\/","logo":{"@type":"ImageObject","inLanguage":"es","@id":"https:\/\/tourtravelandmore.com\/es\/#\/schema\/logo\/image\/","url":"https:\/\/tourtravelandmore.com\/wp-content\/uploads\/2022\/12\/cropped-logo-cabecera-new.png","contentUrl":"https:\/\/tourtravelandmore.com\/wp-content\/uploads\/2022\/12\/cropped-logo-cabecera-new.png","width":430,"height":61,"caption":"Tour Travel And More"},"image":{"@id":"https:\/\/tourtravelandmore.com\/es\/#\/schema\/logo\/image\/"},"sameAs":["https:\/\/www.facebook.com\/tourtravelandmore\/","https:\/\/x.com\/TourTravel_More"]}]}},"_links":{"self":[{"href":"https:\/\/tourtravelandmore.com\/es\/wp-json\/wp\/v2\/product\/9457","targetHints":{"allow":["GET"]}}],"collection":[{"href":"https:\/\/tourtravelandmore.com\/es\/wp-json\/wp\/v2\/product"}],"about":[{"href":"https:\/\/tourtravelandmore.com\/es\/wp-json\/wp\/v2\/types\/product"}],"replies":[{"embeddable":true,"href":"https:\/\/tourtravelandmore.com\/es\/wp-json\/wp\/v2\/comments?post=9457"}],"wp:featuredmedia":[{"embeddable":true,"href":"https:\/\/tourtravelandmore.com\/es\/wp-json\/wp\/v2\/media\/16612"}],"wp:attachment":[{"href":"https:\/\/tourtravelandmore.com\/es\/wp-json\/wp\/v2\/media?parent=9457"}],"wp:term":[{"taxonomy":"product_brand","embeddable":true,"href":"https:\/\/tourtravelandmore.com\/es\/wp-json\/wp\/v2\/product_brand?post=9457"},{"taxonomy":"product_cat","embeddable":true,"href":"https:\/\/tourtravelandmore.com\/es\/wp-json\/wp\/v2\/product_cat?post=9457"},{"taxonomy":"product_tag","embeddable":true,"href":"https:\/\/tourtravelandmore.com\/es\/wp-json\/wp\/v2\/product_tag?post=9457"}],"curies":[{"name":"wp","href":"https:\/\/api.w.org\/{rel}","templated":true}]}}