{"id":9386,"date":"2016-10-18T10:01:35","date_gmt":"2016-12-14T11:04:26","guid":{"rendered":"http:\/\/tourtravelandmore.com\/es\/?post_type=product&#038;p=9386"},"modified":"2023-01-10T03:26:25","modified_gmt":"2023-01-10T02:26:25","slug":"tour-tapas-cordoba","status":"publish","type":"product","link":"https:\/\/tourtravelandmore.com\/es\/tours\/espana-es\/cordoba-es\/tour-tapas-cordoba\/","title":{"rendered":"Tapas Tour de C\u00f3rdoba"},"content":{"rendered":"<p>Disfrute de una experiencia magn\u00edfica con las Tapas<strong>\u00a0Tour de C\u00f3rdoba<\/strong>. Podr\u00e1 conocer varios <strong>restaurantes de Tapas<\/strong> y disfrutar de unas tapas t\u00edpicas en Espa\u00f1a.<br \/>\nPodemos organizar una recogida y devoluci\u00f3n privada al centro o si prefieren puede ir directamente por su cuenta.<br \/>\nSolo tiene que contactar con nosotros y organizaremos la mejor experiencia para su estancia en C\u00f3rdoba.<\/p>\n<h2>Principales puntos de inter\u00e9s de este tour privado<\/h2>\n<p>El tour comienza en un lugar c\u00e9ntrico de C\u00f3rdoba. Si desea podemos tambi\u00e9n recogerle desde su hotel o lugar de su elecci\u00f3n si no est\u00e1 en el centro del casco antiguo de C\u00f3rdoba.<br \/>\nDurante el tour podr\u00e1 ver aparte de los lugares m\u00e1s emblem\u00e1ticos de C\u00f3rdoba por fuera como la Mezquita, podr\u00e1 probar dos o tres restaurantes diferentes de tapas para conocer realmente la comida t\u00edpica espa\u00f1ola.<br \/>\nUna vez terminado el tour, su gu\u00eda le acompa\u00f1ar\u00e1 andando a su hotel o en su caso su chofer privado en su veh\u00edculo de lujo.<\/p>\n<h3>La ciudad: C\u00f3rdoba<\/h3>\n<p>Cordoba es una ciudad emblem\u00e1tica e \u00fanica en Andaluc\u00eda. Tiene m\u00e1s de 327,000 habitantes. Es una ciudad preciosa con una historia incre\u00edble. Podr\u00e1 disfrutar de la preciosa mezquita\/catedral. Es un lugar emblem\u00e1tico, el \u00fanico. Su centro hist\u00f3rico es declarado patrimonio de la humanidad de la UNESCO.<\/p>\n<h3>Nuestros Tours Privados en Tour Travel &amp; More<\/h3>\n<p>Ofrecemos a nuestros clientes tours privados para familias, amigos e incluso para incentivos o grupos grandes. Entendemos las necesidades de los viajeros mientras est\u00e1n de vacaciones, y hacemos todo lo posible para que su estancia sea inolvidable. Nuestra flota se compone de veh\u00edculos de lujo y nuestro personal es perfectamente multiling\u00fce. Nuestros gu\u00edas son gu\u00edas oficiales y viven en C\u00f3rdoba y son gran conocedor de la ciudad. Nuestros gu\u00edas en C\u00f3rdoba hablan varios idiomas: Ingl\u00e9s, Espa\u00f1ol, Franc\u00e9s, Italiano, Polaco, Holand\u00e9s, Chino, Ruso, Japon\u00e9s, Alem\u00e1n, Griego y Portugu\u00e9s.<\/p>\n","protected":false},"excerpt":{"rendered":"<p>Aproveche esta oportunidad para conocer y disfrutar de una comida t\u00edpica de <strong>Tapas en Cordoba<\/strong>. Si desea, le podemos venir a buscar a su hotel en vuestro veh\u00edculo de lujo con chofer o si prefiere puede ir por su cuenta.<\/p>\n<h4>Destacado<\/h4>\n<ul>\n<li>[icon name=\"cutlery\" class=\"\" unprefixed_class=\"\"] Experiencia de <strong>Tapas en C\u00f3rdoba<\/strong><\/li>\n<li>[icon name=\"check\" class=\"\" unprefixed_class=\"\"] Posibilidad de tour personalizable<\/li>\n<li>[icon name=\"car\" class=\"\" unprefixed_class=\"\"] Vehiculo privado de lujo con chofer (si la opci\u00f3n es elegida)<\/li>\n<\/ul>\n","protected":false},"featured_media":7677,"comment_status":"open","ping_status":"closed","template":"","meta":{"_acf_changed":false},"product_brand":[],"product_cat":[76,77],"product_tag":[232],"class_list":{"0":"post-9386","1":"product","2":"type-product","3":"status-publish","4":"has-post-thumbnail","6":"product_cat-cordoba-es","7":"product_cat-cordoba-actividades-es","8":"product_tag-tours-tapas-gastronomicos","10":"first","11":"instock","12":"shipping-taxable","13":"purchasable","14":"product-type-simple"},"acf":[],"yoast_head":"<!-- This site is optimized with the Yoast SEO Premium plugin v25.3.1 (Yoast SEO v25.3.1) - https:\/\/yoast.com\/wordpress\/plugins\/seo\/ -->\n<title>\u27a1\ufe0f Tour de Tapas en C\u00f3rdoba | Tour Travel &amp; More<\/title>\n<meta name=\"description\" content=\"Conozca y disfrute de una comida t\u00edpica de Tapas en Cordoba. Le podemos ir a buscar a su hotel en veh\u00edculo de lujo con chofer o puede ir por su cuenta \u2705\" \/>\n<meta name=\"robots\" content=\"index, follow, max-snippet:-1, max-image-preview:large, max-video-preview:-1\" \/>\n<link rel=\"canonical\" href=\"https:\/\/tourtravelandmore.com\/es\/tours\/espana-es\/cordoba-es\/tour-tapas-cordoba\/\" \/>\n<meta property=\"og:locale\" content=\"es_ES\" \/>\n<meta property=\"og:type\" content=\"article\" \/>\n<meta property=\"og:title\" content=\"Tapas Tour de C\u00f3rdoba\" \/>\n<meta property=\"og:description\" content=\"Conozca y disfrute de una comida t\u00edpica de Tapas en Cordoba. Le podemos ir a buscar a su hotel en veh\u00edculo de lujo con chofer o puede ir por su cuenta \u2705\" \/>\n<meta property=\"og:url\" content=\"https:\/\/tourtravelandmore.com\/es\/tours\/espana-es\/cordoba-es\/tour-tapas-cordoba\/\" \/>\n<meta property=\"og:site_name\" content=\"Tour Travel And More\" \/>\n<meta property=\"article:publisher\" content=\"https:\/\/www.facebook.com\/tourtravelandmore\/\" \/>\n<meta property=\"article:modified_time\" content=\"2023-01-10T02:26:25+00:00\" \/>\n<meta property=\"og:image\" content=\"https:\/\/tourtravelandmore.com\/wp-content\/uploads\/2016\/10\/Tapas1.jpg\" \/>\n\t<meta property=\"og:image:width\" content=\"3363\" \/>\n\t<meta property=\"og:image:height\" content=\"2337\" \/>\n\t<meta property=\"og:image:type\" content=\"image\/jpeg\" \/>\n<meta name=\"twitter:card\" content=\"summary_large_image\" \/>\n<meta name=\"twitter:site\" content=\"@TourTravel_More\" \/>\n<meta name=\"twitter:label1\" content=\"Tiempo de lectura\" \/>\n\t<meta name=\"twitter:data1\" content=\"2 minutos\" \/>\n<script type=\"application\/ld+json\" class=\"yoast-schema-graph\">{\"@context\":\"https:\/\/schema.org\",\"@graph\":[{\"@type\":\"WebPage\",\"@id\":\"https:\/\/tourtravelandmore.com\/es\/tours\/espana-es\/cordoba-es\/tour-tapas-cordoba\/\",\"url\":\"https:\/\/tourtravelandmore.com\/es\/tours\/espana-es\/cordoba-es\/tour-tapas-cordoba\/\",\"name\":\"\u27a1\ufe0f Tour de Tapas en C\u00f3rdoba | Tour Travel & More\",\"isPartOf\":{\"@id\":\"https:\/\/tourtravelandmore.com\/es\/#website\"},\"primaryImageOfPage\":{\"@id\":\"https:\/\/tourtravelandmore.com\/es\/tours\/espana-es\/cordoba-es\/tour-tapas-cordoba\/#primaryimage\"},\"image\":{\"@id\":\"https:\/\/tourtravelandmore.com\/es\/tours\/espana-es\/cordoba-es\/tour-tapas-cordoba\/#primaryimage\"},\"thumbnailUrl\":\"https:\/\/tourtravelandmore.com\/wp-content\/uploads\/2016\/10\/Tapas1.jpg\",\"datePublished\":\"2016-12-14T11:04:26+00:00\",\"dateModified\":\"2023-01-10T02:26:25+00:00\",\"description\":\"Conozca y disfrute de una comida t\u00edpica de Tapas en Cordoba. Le podemos ir a buscar a su hotel en veh\u00edculo de lujo con chofer o puede ir por su cuenta \u2705\",\"breadcrumb\":{\"@id\":\"https:\/\/tourtravelandmore.com\/es\/tours\/espana-es\/cordoba-es\/tour-tapas-cordoba\/#breadcrumb\"},\"inLanguage\":\"es\",\"potentialAction\":[{\"@type\":\"ReadAction\",\"target\":[\"https:\/\/tourtravelandmore.com\/es\/tours\/espana-es\/cordoba-es\/tour-tapas-cordoba\/\"]}]},{\"@type\":\"ImageObject\",\"inLanguage\":\"es\",\"@id\":\"https:\/\/tourtravelandmore.com\/es\/tours\/espana-es\/cordoba-es\/tour-tapas-cordoba\/#primaryimage\",\"url\":\"https:\/\/tourtravelandmore.com\/wp-content\/uploads\/2016\/10\/Tapas1.jpg\",\"contentUrl\":\"https:\/\/tourtravelandmore.com\/wp-content\/uploads\/2016\/10\/Tapas1.jpg\",\"width\":3363,\"height\":2337},{\"@type\":\"BreadcrumbList\",\"@id\":\"https:\/\/tourtravelandmore.com\/es\/tours\/espana-es\/cordoba-es\/tour-tapas-cordoba\/#breadcrumb\",\"itemListElement\":[{\"@type\":\"ListItem\",\"position\":1,\"name\":\"Home\",\"item\":\"https:\/\/tourtravelandmore.com\/es\/\"},{\"@type\":\"ListItem\",\"position\":2,\"name\":\"Tours\",\"item\":\"https:\/\/tourtravelandmore.com\/es\/tours\/\"},{\"@type\":\"ListItem\",\"position\":3,\"name\":\"Tapas Tour de C\u00f3rdoba\"}]},{\"@type\":\"WebSite\",\"@id\":\"https:\/\/tourtravelandmore.com\/es\/#website\",\"url\":\"https:\/\/tourtravelandmore.com\/es\/\",\"name\":\"Tour Travel And More\",\"description\":\"Private sightseeing tours and luxury transfers in Spain\",\"publisher\":{\"@id\":\"https:\/\/tourtravelandmore.com\/es\/#organization\"},\"potentialAction\":[{\"@type\":\"SearchAction\",\"target\":{\"@type\":\"EntryPoint\",\"urlTemplate\":\"https:\/\/tourtravelandmore.com\/es\/?s={search_term_string}\"},\"query-input\":{\"@type\":\"PropertyValueSpecification\",\"valueRequired\":true,\"valueName\":\"search_term_string\"}}],\"inLanguage\":\"es\"},{\"@type\":\"Organization\",\"@id\":\"https:\/\/tourtravelandmore.com\/es\/#organization\",\"name\":\"Tour Travel And More\",\"url\":\"https:\/\/tourtravelandmore.com\/es\/\",\"logo\":{\"@type\":\"ImageObject\",\"inLanguage\":\"es\",\"@id\":\"https:\/\/tourtravelandmore.com\/es\/#\/schema\/logo\/image\/\",\"url\":\"https:\/\/tourtravelandmore.com\/wp-content\/uploads\/2022\/12\/cropped-logo-cabecera-new.png\",\"contentUrl\":\"https:\/\/tourtravelandmore.com\/wp-content\/uploads\/2022\/12\/cropped-logo-cabecera-new.png\",\"width\":430,\"height\":61,\"caption\":\"Tour Travel And More\"},\"image\":{\"@id\":\"https:\/\/tourtravelandmore.com\/es\/#\/schema\/logo\/image\/\"},\"sameAs\":[\"https:\/\/www.facebook.com\/tourtravelandmore\/\",\"https:\/\/x.com\/TourTravel_More\"]}]}<\/script>\n<!-- \/ Yoast SEO Premium plugin. -->","yoast_head_json":{"title":"\u27a1\ufe0f Tour de Tapas en C\u00f3rdoba | Tour Travel & More","description":"Conozca y disfrute de una comida t\u00edpica de Tapas en Cordoba. Le podemos ir a buscar a su hotel en veh\u00edculo de lujo con chofer o puede ir por su cuenta \u2705","robots":{"index":"index","follow":"follow","max-snippet":"max-snippet:-1","max-image-preview":"max-image-preview:large","max-video-preview":"max-video-preview:-1"},"canonical":"https:\/\/tourtravelandmore.com\/es\/tours\/espana-es\/cordoba-es\/tour-tapas-cordoba\/","og_locale":"es_ES","og_type":"article","og_title":"Tapas Tour de C\u00f3rdoba","og_description":"Conozca y disfrute de una comida t\u00edpica de Tapas en Cordoba. Le podemos ir a buscar a su hotel en veh\u00edculo de lujo con chofer o puede ir por su cuenta \u2705","og_url":"https:\/\/tourtravelandmore.com\/es\/tours\/espana-es\/cordoba-es\/tour-tapas-cordoba\/","og_site_name":"Tour Travel And More","article_publisher":"https:\/\/www.facebook.com\/tourtravelandmore\/","article_modified_time":"2023-01-10T02:26:25+00:00","og_image":[{"width":3363,"height":2337,"url":"https:\/\/tourtravelandmore.com\/wp-content\/uploads\/2016\/10\/Tapas1.jpg","type":"image\/jpeg"}],"twitter_card":"summary_large_image","twitter_site":"@TourTravel_More","twitter_misc":{"Tiempo de lectura":"2 minutos"},"schema":{"@context":"https:\/\/schema.org","@graph":[{"@type":"WebPage","@id":"https:\/\/tourtravelandmore.com\/es\/tours\/espana-es\/cordoba-es\/tour-tapas-cordoba\/","url":"https:\/\/tourtravelandmore.com\/es\/tours\/espana-es\/cordoba-es\/tour-tapas-cordoba\/","name":"\u27a1\ufe0f Tour de Tapas en C\u00f3rdoba | Tour Travel & More","isPartOf":{"@id":"https:\/\/tourtravelandmore.com\/es\/#website"},"primaryImageOfPage":{"@id":"https:\/\/tourtravelandmore.com\/es\/tours\/espana-es\/cordoba-es\/tour-tapas-cordoba\/#primaryimage"},"image":{"@id":"https:\/\/tourtravelandmore.com\/es\/tours\/espana-es\/cordoba-es\/tour-tapas-cordoba\/#primaryimage"},"thumbnailUrl":"https:\/\/tourtravelandmore.com\/wp-content\/uploads\/2016\/10\/Tapas1.jpg","datePublished":"2016-12-14T11:04:26+00:00","dateModified":"2023-01-10T02:26:25+00:00","description":"Conozca y disfrute de una comida t\u00edpica de Tapas en Cordoba. Le podemos ir a buscar a su hotel en veh\u00edculo de lujo con chofer o puede ir por su cuenta \u2705","breadcrumb":{"@id":"https:\/\/tourtravelandmore.com\/es\/tours\/espana-es\/cordoba-es\/tour-tapas-cordoba\/#breadcrumb"},"inLanguage":"es","potentialAction":[{"@type":"ReadAction","target":["https:\/\/tourtravelandmore.com\/es\/tours\/espana-es\/cordoba-es\/tour-tapas-cordoba\/"]}]},{"@type":"ImageObject","inLanguage":"es","@id":"https:\/\/tourtravelandmore.com\/es\/tours\/espana-es\/cordoba-es\/tour-tapas-cordoba\/#primaryimage","url":"https:\/\/tourtravelandmore.com\/wp-content\/uploads\/2016\/10\/Tapas1.jpg","contentUrl":"https:\/\/tourtravelandmore.com\/wp-content\/uploads\/2016\/10\/Tapas1.jpg","width":3363,"height":2337},{"@type":"BreadcrumbList","@id":"https:\/\/tourtravelandmore.com\/es\/tours\/espana-es\/cordoba-es\/tour-tapas-cordoba\/#breadcrumb","itemListElement":[{"@type":"ListItem","position":1,"name":"Home","item":"https:\/\/tourtravelandmore.com\/es\/"},{"@type":"ListItem","position":2,"name":"Tours","item":"https:\/\/tourtravelandmore.com\/es\/tours\/"},{"@type":"ListItem","position":3,"name":"Tapas Tour de C\u00f3rdoba"}]},{"@type":"WebSite","@id":"https:\/\/tourtravelandmore.com\/es\/#website","url":"https:\/\/tourtravelandmore.com\/es\/","name":"Tour Travel And More","description":"Private sightseeing tours and luxury transfers in Spain","publisher":{"@id":"https:\/\/tourtravelandmore.com\/es\/#organization"},"potentialAction":[{"@type":"SearchAction","target":{"@type":"EntryPoint","urlTemplate":"https:\/\/tourtravelandmore.com\/es\/?s={search_term_string}"},"query-input":{"@type":"PropertyValueSpecification","valueRequired":true,"valueName":"search_term_string"}}],"inLanguage":"es"},{"@type":"Organization","@id":"https:\/\/tourtravelandmore.com\/es\/#organization","name":"Tour Travel And More","url":"https:\/\/tourtravelandmore.com\/es\/","logo":{"@type":"ImageObject","inLanguage":"es","@id":"https:\/\/tourtravelandmore.com\/es\/#\/schema\/logo\/image\/","url":"https:\/\/tourtravelandmore.com\/wp-content\/uploads\/2022\/12\/cropped-logo-cabecera-new.png","contentUrl":"https:\/\/tourtravelandmore.com\/wp-content\/uploads\/2022\/12\/cropped-logo-cabecera-new.png","width":430,"height":61,"caption":"Tour Travel And More"},"image":{"@id":"https:\/\/tourtravelandmore.com\/es\/#\/schema\/logo\/image\/"},"sameAs":["https:\/\/www.facebook.com\/tourtravelandmore\/","https:\/\/x.com\/TourTravel_More"]}]}},"_links":{"self":[{"href":"https:\/\/tourtravelandmore.com\/es\/wp-json\/wp\/v2\/product\/9386","targetHints":{"allow":["GET"]}}],"collection":[{"href":"https:\/\/tourtravelandmore.com\/es\/wp-json\/wp\/v2\/product"}],"about":[{"href":"https:\/\/tourtravelandmore.com\/es\/wp-json\/wp\/v2\/types\/product"}],"replies":[{"embeddable":true,"href":"https:\/\/tourtravelandmore.com\/es\/wp-json\/wp\/v2\/comments?post=9386"}],"wp:featuredmedia":[{"embeddable":true,"href":"https:\/\/tourtravelandmore.com\/es\/wp-json\/wp\/v2\/media\/7677"}],"wp:attachment":[{"href":"https:\/\/tourtravelandmore.com\/es\/wp-json\/wp\/v2\/media?parent=9386"}],"wp:term":[{"taxonomy":"product_brand","embeddable":true,"href":"https:\/\/tourtravelandmore.com\/es\/wp-json\/wp\/v2\/product_brand?post=9386"},{"taxonomy":"product_cat","embeddable":true,"href":"https:\/\/tourtravelandmore.com\/es\/wp-json\/wp\/v2\/product_cat?post=9386"},{"taxonomy":"product_tag","embeddable":true,"href":"https:\/\/tourtravelandmore.com\/es\/wp-json\/wp\/v2\/product_tag?post=9386"}],"curies":[{"name":"wp","href":"https:\/\/api.w.org\/{rel}","templated":true}]}}