{"id":9379,"date":"2016-08-26T11:53:36","date_gmt":"2016-12-14T10:52:03","guid":{"rendered":"http:\/\/tourtravelandmore.com\/es\/?post_type=product&#038;p=9379"},"modified":"2023-01-10T02:53:44","modified_gmt":"2023-01-10T01:53:44","slug":"tour-malaga-desde-cordoba-tour-privado-con-guia-y-vehiculo","status":"publish","type":"product","link":"https:\/\/tourtravelandmore.com\/es\/tours\/espana-es\/cordoba-es\/tour-malaga-desde-cordoba-tour-privado-con-guia-y-vehiculo\/","title":{"rendered":"Tour Privado de M\u00e1laga desde C\u00f3rdoba"},"content":{"rendered":"<h2><strong>Descripci\u00f3n Tour Privado de M\u00e1laga desde C\u00f3rdoba<\/strong><\/h2>\n<p>Disfrute de este <strong>tour M\u00e1laga desde C\u00f3rdoba privado<\/strong> con vuestro gu\u00eda oficial y veh\u00edculo con chofer. Descubre y conoce los lugares m\u00e1s emblem\u00e1ticos de <strong>M\u00e1laga<\/strong>.<\/p>\n<p>La duraci\u00f3n del tour son 9 horas desde que son recogidos en C\u00f3rdoba.<\/p>\n<p>El tour es completamente privado, puedes escoger la hora y lugar de comienzo. A la hora seleccionada nuestro conductor os recoger\u00e1 desde vuestro Hotel o Apartamento para ir a M\u00e1laga, d\u00f3nde esperar\u00e1 su gu\u00eda oficial para empezar un tour de la ciudad de 4 horas.<\/p>\n<p>Este tour es completamente personalizable y pod\u00e9is organizarlo como quer\u00e1is y lo que busc\u00e1is. Puede personalizar vuestro tour solamente contactando con nosotros. Aqu\u00ed os dejamos un ejemplo de itinerario, el tour ser\u00e1 personalizado para que ve\u00e1is y conozc\u00e1is exactamente lo que quer\u00e9is ver en <strong>M\u00e1laga<\/strong>.<\/p>\n<h2>Puntos de inter\u00e9s en el Tour Privado de M\u00e1laga desde C\u00f3rdoba<\/h2>\n<p>M\u00e1laga se levanta a la orilla de las templadas y azules aguas del Mediterr\u00e1neo. Ba\u00f1ada por el intenso y c\u00e1lido sol andaluz, es una ciudad con una especial gracia y encanto.<\/p>\n<p>Su fama a nivel tur\u00edstico le viene sobre todo por sus playas situadas en la Costa del Sol. Se caracteriza por tener uno de los m\u00e1s c\u00e1lidos y suaves climas de la Pen\u00ednsula Ib\u00e9rica.<\/p>\n<p>M\u00e1laga tiene una rica y antiqu\u00edsima historia. Gracias a nuestro tour M\u00e1laga desde C\u00f3rdoba podr\u00e1 conocer lo m\u00e1s importante de la ciudad y sus principales monumentos:<\/p>\n<ul>\n<li><strong>La Alcazaba<\/strong><\/li>\n<li><strong>Calle Larios<\/strong><\/li>\n<li><strong>Castillo Gibralfaro<\/strong><\/li>\n<li><strong>Museo Picasso<\/strong><\/li>\n<li><strong>Plaza de la Merced<\/strong><\/li>\n<li><strong>Teatro Romano<\/strong><\/li>\n<li><strong>Catedral de M\u00e1laga<\/strong><\/li>\n<li><strong>Iglesia San Juan<\/strong><\/li>\n<li><strong>Puerto M\u00e1laga<\/strong><\/li>\n<li><strong>\u00a1Mucho m\u00e1s!<\/strong><\/li>\n<\/ul>\n<p>No hay entradas incluidas en el tour. Pero si lo desea podemos a\u00f1adir entradas a cualquiera de sus principales monumentos, solamente nos lo tiene que indicar en el formulario de contacto del tour y un miembro de nuestro equipo le enviar\u00e1 la informaci\u00f3n detallada.<\/p>\n<p>Adem\u00e1s de este tour puede consultar el resto de tours privados que ofrecemos en la ciudad de C\u00f3rdoba <a href=\"https:\/\/tourtravelandmore.com\/es\/ciudad\/espana-es\/cordoba-es\/\"><strong>aqu\u00ed<\/strong><\/a>.<\/p>\n","protected":false},"excerpt":{"rendered":"<p>Descubre una de las principales ciudades del Sur de Espa\u00f1a, junto a su gu\u00eda oficial y vehiculo con conductor. Conocer\u00e1s la historia y las principales atracciones de la ciudad: El Castillo Gibralfaro, Calle Larios, Catedral, La Alcazava, Museo Picasso y mucho m\u00e1s.<\/p>\n<p>&nbsp;<\/p>\n","protected":false},"featured_media":687,"comment_status":"open","ping_status":"closed","template":"","meta":{"_acf_changed":false},"product_brand":[],"product_cat":[76,77,78],"product_tag":[],"class_list":{"0":"post-9379","1":"product","2":"type-product","3":"status-publish","4":"has-post-thumbnail","6":"product_cat-cordoba-es","7":"product_cat-cordoba-actividades-es","8":"product_cat-cordoba-excursiones-es","10":"first","11":"instock","12":"shipping-taxable","13":"purchasable","14":"product-type-simple"},"acf":[],"yoast_head":"<!-- This site is optimized with the Yoast SEO Premium plugin v25.3.1 (Yoast SEO v25.3.1) - https:\/\/yoast.com\/wordpress\/plugins\/seo\/ -->\n<title>\u27a1\ufe0f Tour Malaga desde Cordoba | Tour Travel &amp; More<\/title>\n<meta name=\"description\" content=\"Gracias a este tour Malaga desde Cordoba podr\u00e1s conocer una de las ciudades m\u00e1s importantes del Sur de M\u00e1laga, junto a su gu\u00eda oficial privado y vehiculo \u2705\" \/>\n<meta name=\"robots\" content=\"index, follow, max-snippet:-1, max-image-preview:large, max-video-preview:-1\" \/>\n<link rel=\"canonical\" href=\"https:\/\/tourtravelandmore.com\/es\/tours\/espana-es\/cordoba-es\/tour-malaga-desde-cordoba-tour-privado-con-guia-y-vehiculo\/\" \/>\n<meta property=\"og:locale\" content=\"es_ES\" \/>\n<meta property=\"og:type\" content=\"article\" \/>\n<meta property=\"og:title\" content=\"Tour Privado de M\u00e1laga desde C\u00f3rdoba\" \/>\n<meta property=\"og:description\" content=\"Gracias a este tour Malaga desde Cordoba podr\u00e1s conocer una de las ciudades m\u00e1s importantes del Sur de M\u00e1laga, junto a su gu\u00eda oficial privado y vehiculo \u2705\" \/>\n<meta property=\"og:url\" content=\"https:\/\/tourtravelandmore.com\/es\/tours\/espana-es\/cordoba-es\/tour-malaga-desde-cordoba-tour-privado-con-guia-y-vehiculo\/\" \/>\n<meta property=\"og:site_name\" content=\"Tour Travel And More\" \/>\n<meta property=\"article:publisher\" content=\"https:\/\/www.facebook.com\/tourtravelandmore\/\" \/>\n<meta property=\"article:modified_time\" content=\"2023-01-10T01:53:44+00:00\" \/>\n<meta property=\"og:image\" content=\"https:\/\/tourtravelandmore.com\/wp-content\/uploads\/2016\/03\/Malaga-5.jpg\" \/>\n\t<meta property=\"og:image:width\" content=\"1620\" \/>\n\t<meta property=\"og:image:height\" content=\"1080\" \/>\n\t<meta property=\"og:image:type\" content=\"image\/jpeg\" \/>\n<meta name=\"twitter:card\" content=\"summary_large_image\" \/>\n<meta name=\"twitter:site\" content=\"@TourTravel_More\" \/>\n<meta name=\"twitter:label1\" content=\"Tiempo de lectura\" \/>\n\t<meta name=\"twitter:data1\" content=\"2 minutos\" \/>\n<script type=\"application\/ld+json\" class=\"yoast-schema-graph\">{\"@context\":\"https:\/\/schema.org\",\"@graph\":[{\"@type\":\"WebPage\",\"@id\":\"https:\/\/tourtravelandmore.com\/es\/tours\/espana-es\/cordoba-es\/tour-malaga-desde-cordoba-tour-privado-con-guia-y-vehiculo\/\",\"url\":\"https:\/\/tourtravelandmore.com\/es\/tours\/espana-es\/cordoba-es\/tour-malaga-desde-cordoba-tour-privado-con-guia-y-vehiculo\/\",\"name\":\"\u27a1\ufe0f Tour Malaga desde Cordoba | Tour Travel & More\",\"isPartOf\":{\"@id\":\"https:\/\/tourtravelandmore.com\/es\/#website\"},\"primaryImageOfPage\":{\"@id\":\"https:\/\/tourtravelandmore.com\/es\/tours\/espana-es\/cordoba-es\/tour-malaga-desde-cordoba-tour-privado-con-guia-y-vehiculo\/#primaryimage\"},\"image\":{\"@id\":\"https:\/\/tourtravelandmore.com\/es\/tours\/espana-es\/cordoba-es\/tour-malaga-desde-cordoba-tour-privado-con-guia-y-vehiculo\/#primaryimage\"},\"thumbnailUrl\":\"https:\/\/tourtravelandmore.com\/wp-content\/uploads\/2016\/03\/Malaga-5.jpg\",\"datePublished\":\"2016-12-14T10:52:03+00:00\",\"dateModified\":\"2023-01-10T01:53:44+00:00\",\"description\":\"Gracias a este tour Malaga desde Cordoba podr\u00e1s conocer una de las ciudades m\u00e1s importantes del Sur de M\u00e1laga, junto a su gu\u00eda oficial privado y vehiculo \u2705\",\"breadcrumb\":{\"@id\":\"https:\/\/tourtravelandmore.com\/es\/tours\/espana-es\/cordoba-es\/tour-malaga-desde-cordoba-tour-privado-con-guia-y-vehiculo\/#breadcrumb\"},\"inLanguage\":\"es\",\"potentialAction\":[{\"@type\":\"ReadAction\",\"target\":[\"https:\/\/tourtravelandmore.com\/es\/tours\/espana-es\/cordoba-es\/tour-malaga-desde-cordoba-tour-privado-con-guia-y-vehiculo\/\"]}]},{\"@type\":\"ImageObject\",\"inLanguage\":\"es\",\"@id\":\"https:\/\/tourtravelandmore.com\/es\/tours\/espana-es\/cordoba-es\/tour-malaga-desde-cordoba-tour-privado-con-guia-y-vehiculo\/#primaryimage\",\"url\":\"https:\/\/tourtravelandmore.com\/wp-content\/uploads\/2016\/03\/Malaga-5.jpg\",\"contentUrl\":\"https:\/\/tourtravelandmore.com\/wp-content\/uploads\/2016\/03\/Malaga-5.jpg\",\"width\":1620,\"height\":1080},{\"@type\":\"BreadcrumbList\",\"@id\":\"https:\/\/tourtravelandmore.com\/es\/tours\/espana-es\/cordoba-es\/tour-malaga-desde-cordoba-tour-privado-con-guia-y-vehiculo\/#breadcrumb\",\"itemListElement\":[{\"@type\":\"ListItem\",\"position\":1,\"name\":\"Home\",\"item\":\"https:\/\/tourtravelandmore.com\/es\/\"},{\"@type\":\"ListItem\",\"position\":2,\"name\":\"Tours\",\"item\":\"https:\/\/tourtravelandmore.com\/es\/tours\/\"},{\"@type\":\"ListItem\",\"position\":3,\"name\":\"Tour Privado de M\u00e1laga desde C\u00f3rdoba\"}]},{\"@type\":\"WebSite\",\"@id\":\"https:\/\/tourtravelandmore.com\/es\/#website\",\"url\":\"https:\/\/tourtravelandmore.com\/es\/\",\"name\":\"Tour Travel And More\",\"description\":\"Private sightseeing tours and luxury transfers in Spain\",\"publisher\":{\"@id\":\"https:\/\/tourtravelandmore.com\/es\/#organization\"},\"potentialAction\":[{\"@type\":\"SearchAction\",\"target\":{\"@type\":\"EntryPoint\",\"urlTemplate\":\"https:\/\/tourtravelandmore.com\/es\/?s={search_term_string}\"},\"query-input\":{\"@type\":\"PropertyValueSpecification\",\"valueRequired\":true,\"valueName\":\"search_term_string\"}}],\"inLanguage\":\"es\"},{\"@type\":\"Organization\",\"@id\":\"https:\/\/tourtravelandmore.com\/es\/#organization\",\"name\":\"Tour Travel And More\",\"url\":\"https:\/\/tourtravelandmore.com\/es\/\",\"logo\":{\"@type\":\"ImageObject\",\"inLanguage\":\"es\",\"@id\":\"https:\/\/tourtravelandmore.com\/es\/#\/schema\/logo\/image\/\",\"url\":\"https:\/\/tourtravelandmore.com\/wp-content\/uploads\/2022\/12\/cropped-logo-cabecera-new.png\",\"contentUrl\":\"https:\/\/tourtravelandmore.com\/wp-content\/uploads\/2022\/12\/cropped-logo-cabecera-new.png\",\"width\":430,\"height\":61,\"caption\":\"Tour Travel And More\"},\"image\":{\"@id\":\"https:\/\/tourtravelandmore.com\/es\/#\/schema\/logo\/image\/\"},\"sameAs\":[\"https:\/\/www.facebook.com\/tourtravelandmore\/\",\"https:\/\/x.com\/TourTravel_More\"]}]}<\/script>\n<!-- \/ Yoast SEO Premium plugin. -->","yoast_head_json":{"title":"\u27a1\ufe0f Tour Malaga desde Cordoba | Tour Travel & More","description":"Gracias a este tour Malaga desde Cordoba podr\u00e1s conocer una de las ciudades m\u00e1s importantes del Sur de M\u00e1laga, junto a su gu\u00eda oficial privado y vehiculo \u2705","robots":{"index":"index","follow":"follow","max-snippet":"max-snippet:-1","max-image-preview":"max-image-preview:large","max-video-preview":"max-video-preview:-1"},"canonical":"https:\/\/tourtravelandmore.com\/es\/tours\/espana-es\/cordoba-es\/tour-malaga-desde-cordoba-tour-privado-con-guia-y-vehiculo\/","og_locale":"es_ES","og_type":"article","og_title":"Tour Privado de M\u00e1laga desde C\u00f3rdoba","og_description":"Gracias a este tour Malaga desde Cordoba podr\u00e1s conocer una de las ciudades m\u00e1s importantes del Sur de M\u00e1laga, junto a su gu\u00eda oficial privado y vehiculo \u2705","og_url":"https:\/\/tourtravelandmore.com\/es\/tours\/espana-es\/cordoba-es\/tour-malaga-desde-cordoba-tour-privado-con-guia-y-vehiculo\/","og_site_name":"Tour Travel And More","article_publisher":"https:\/\/www.facebook.com\/tourtravelandmore\/","article_modified_time":"2023-01-10T01:53:44+00:00","og_image":[{"width":1620,"height":1080,"url":"https:\/\/tourtravelandmore.com\/wp-content\/uploads\/2016\/03\/Malaga-5.jpg","type":"image\/jpeg"}],"twitter_card":"summary_large_image","twitter_site":"@TourTravel_More","twitter_misc":{"Tiempo de lectura":"2 minutos"},"schema":{"@context":"https:\/\/schema.org","@graph":[{"@type":"WebPage","@id":"https:\/\/tourtravelandmore.com\/es\/tours\/espana-es\/cordoba-es\/tour-malaga-desde-cordoba-tour-privado-con-guia-y-vehiculo\/","url":"https:\/\/tourtravelandmore.com\/es\/tours\/espana-es\/cordoba-es\/tour-malaga-desde-cordoba-tour-privado-con-guia-y-vehiculo\/","name":"\u27a1\ufe0f Tour Malaga desde Cordoba | Tour Travel & More","isPartOf":{"@id":"https:\/\/tourtravelandmore.com\/es\/#website"},"primaryImageOfPage":{"@id":"https:\/\/tourtravelandmore.com\/es\/tours\/espana-es\/cordoba-es\/tour-malaga-desde-cordoba-tour-privado-con-guia-y-vehiculo\/#primaryimage"},"image":{"@id":"https:\/\/tourtravelandmore.com\/es\/tours\/espana-es\/cordoba-es\/tour-malaga-desde-cordoba-tour-privado-con-guia-y-vehiculo\/#primaryimage"},"thumbnailUrl":"https:\/\/tourtravelandmore.com\/wp-content\/uploads\/2016\/03\/Malaga-5.jpg","datePublished":"2016-12-14T10:52:03+00:00","dateModified":"2023-01-10T01:53:44+00:00","description":"Gracias a este tour Malaga desde Cordoba podr\u00e1s conocer una de las ciudades m\u00e1s importantes del Sur de M\u00e1laga, junto a su gu\u00eda oficial privado y vehiculo \u2705","breadcrumb":{"@id":"https:\/\/tourtravelandmore.com\/es\/tours\/espana-es\/cordoba-es\/tour-malaga-desde-cordoba-tour-privado-con-guia-y-vehiculo\/#breadcrumb"},"inLanguage":"es","potentialAction":[{"@type":"ReadAction","target":["https:\/\/tourtravelandmore.com\/es\/tours\/espana-es\/cordoba-es\/tour-malaga-desde-cordoba-tour-privado-con-guia-y-vehiculo\/"]}]},{"@type":"ImageObject","inLanguage":"es","@id":"https:\/\/tourtravelandmore.com\/es\/tours\/espana-es\/cordoba-es\/tour-malaga-desde-cordoba-tour-privado-con-guia-y-vehiculo\/#primaryimage","url":"https:\/\/tourtravelandmore.com\/wp-content\/uploads\/2016\/03\/Malaga-5.jpg","contentUrl":"https:\/\/tourtravelandmore.com\/wp-content\/uploads\/2016\/03\/Malaga-5.jpg","width":1620,"height":1080},{"@type":"BreadcrumbList","@id":"https:\/\/tourtravelandmore.com\/es\/tours\/espana-es\/cordoba-es\/tour-malaga-desde-cordoba-tour-privado-con-guia-y-vehiculo\/#breadcrumb","itemListElement":[{"@type":"ListItem","position":1,"name":"Home","item":"https:\/\/tourtravelandmore.com\/es\/"},{"@type":"ListItem","position":2,"name":"Tours","item":"https:\/\/tourtravelandmore.com\/es\/tours\/"},{"@type":"ListItem","position":3,"name":"Tour Privado de M\u00e1laga desde C\u00f3rdoba"}]},{"@type":"WebSite","@id":"https:\/\/tourtravelandmore.com\/es\/#website","url":"https:\/\/tourtravelandmore.com\/es\/","name":"Tour Travel And More","description":"Private sightseeing tours and luxury transfers in Spain","publisher":{"@id":"https:\/\/tourtravelandmore.com\/es\/#organization"},"potentialAction":[{"@type":"SearchAction","target":{"@type":"EntryPoint","urlTemplate":"https:\/\/tourtravelandmore.com\/es\/?s={search_term_string}"},"query-input":{"@type":"PropertyValueSpecification","valueRequired":true,"valueName":"search_term_string"}}],"inLanguage":"es"},{"@type":"Organization","@id":"https:\/\/tourtravelandmore.com\/es\/#organization","name":"Tour Travel And More","url":"https:\/\/tourtravelandmore.com\/es\/","logo":{"@type":"ImageObject","inLanguage":"es","@id":"https:\/\/tourtravelandmore.com\/es\/#\/schema\/logo\/image\/","url":"https:\/\/tourtravelandmore.com\/wp-content\/uploads\/2022\/12\/cropped-logo-cabecera-new.png","contentUrl":"https:\/\/tourtravelandmore.com\/wp-content\/uploads\/2022\/12\/cropped-logo-cabecera-new.png","width":430,"height":61,"caption":"Tour Travel And More"},"image":{"@id":"https:\/\/tourtravelandmore.com\/es\/#\/schema\/logo\/image\/"},"sameAs":["https:\/\/www.facebook.com\/tourtravelandmore\/","https:\/\/x.com\/TourTravel_More"]}]}},"_links":{"self":[{"href":"https:\/\/tourtravelandmore.com\/es\/wp-json\/wp\/v2\/product\/9379","targetHints":{"allow":["GET"]}}],"collection":[{"href":"https:\/\/tourtravelandmore.com\/es\/wp-json\/wp\/v2\/product"}],"about":[{"href":"https:\/\/tourtravelandmore.com\/es\/wp-json\/wp\/v2\/types\/product"}],"replies":[{"embeddable":true,"href":"https:\/\/tourtravelandmore.com\/es\/wp-json\/wp\/v2\/comments?post=9379"}],"wp:featuredmedia":[{"embeddable":true,"href":"https:\/\/tourtravelandmore.com\/es\/wp-json\/wp\/v2\/media\/687"}],"wp:attachment":[{"href":"https:\/\/tourtravelandmore.com\/es\/wp-json\/wp\/v2\/media?parent=9379"}],"wp:term":[{"taxonomy":"product_brand","embeddable":true,"href":"https:\/\/tourtravelandmore.com\/es\/wp-json\/wp\/v2\/product_brand?post=9379"},{"taxonomy":"product_cat","embeddable":true,"href":"https:\/\/tourtravelandmore.com\/es\/wp-json\/wp\/v2\/product_cat?post=9379"},{"taxonomy":"product_tag","embeddable":true,"href":"https:\/\/tourtravelandmore.com\/es\/wp-json\/wp\/v2\/product_tag?post=9379"}],"curies":[{"name":"wp","href":"https:\/\/api.w.org\/{rel}","templated":true}]}}