{"id":9374,"date":"2016-08-26T10:15:17","date_gmt":"2016-12-14T10:46:34","guid":{"rendered":"http:\/\/tourtravelandmore.com\/es\/?post_type=product&#038;p=9374"},"modified":"2023-01-10T02:51:08","modified_gmt":"2023-01-10T01:51:08","slug":"tour-granada-desde-cordoba-tour-privado-con-guia-y-vehiculo","status":"publish","type":"product","link":"https:\/\/tourtravelandmore.com\/es\/tours\/espana-es\/cordoba-es\/tour-granada-desde-cordoba-tour-privado-con-guia-y-vehiculo\/","title":{"rendered":"Tour Privado 9 horas de Granada desde C\u00f3rdoba"},"content":{"rendered":"<h2>Descripci\u00f3n del Tour Privado 9 horas de Granada desde C\u00f3rdoba<\/h2>\n<p>Disfrute de este <strong>tour Granada<\/strong>\u00a0<strong>desde C\u00f3rdoba<\/strong> y conoce los <strong>lugares m\u00e1s emblem\u00e1ticos de Granada<\/strong> junto a nuestro gu\u00eda oficial privado y veh\u00edculo privado con chofer.<\/p>\n<p>Nuestro conductor os recoger\u00e1 en C\u00f3rdoba y nos dirigiremos hacia Granada, d\u00f3nde esperar\u00e1 nuestro gu\u00eda oficial para realizar un tour de la Alhambra y la ciudad.<\/p>\n<p>La duraci\u00f3n del tour Granada desde C\u00f3rdoba son 9 horas desde que salimos de C\u00f3rdoba y volvemos.<\/p>\n<p>El tour es completamente privado, pueden escoger la hora y lugar de recogida. Este tour es completamente personalizable y pod\u00e9is organizarlo como quer\u00e1is y lo que busc\u00e1is. Puede personalizar vuestro tour solamente contactando con nosotros. Aqu\u00ed os dejamos un ejemplo de itinerario, el tour ser\u00e1 personalizado para que ve\u00e1is y conozc\u00e1is exactamente lo que quer\u00e9is ver en <strong>Granada<\/strong>.<\/p>\n<h2>Puntos de inter\u00e9s en el Tour Privado 9 horas de Granada desde C\u00f3rdoba<\/h2>\n<p>Granada es de las ciudades m\u00e1s bonitas y visitadas de Espa\u00f1a, debido en gran parte a que alberga uno de los monumentos m\u00e1s bonitos del mundo,<strong> La Alhambra<\/strong>.<\/p>\n<p>Su construcci\u00f3n empez\u00f3 en el siglo VIII, la Alhambra fue la sede de la familia real \u00e1rabe reci\u00e9n en 1342. Durante este tour privado en Granada podr\u00e1n disfrutar de una visita guiada dentro de la Alhambra, junto a su gu\u00eda oficial privado, quien os ense\u00f1ar\u00e1 la historia y secretos de este magn\u00edfico y emblem\u00e1tico monumento isl\u00e1mico.<\/p>\n<p>Las entradas a la Alhambra est\u00e1n incluidas en el tour. A la hora de la reserva nuestro equipo os pedir\u00e1 los nombres, apellido y pasaporte, es obligatorio para acceder al recinto por seguridad. El monumento, por razones de conservaci\u00f3n, tiene un aforo muy limitado. Hay poca disponibilidad de entradas, es importante confirmar el tour con antelaci\u00f3n.<\/p>\n<p>Durante vuestro tour privado, podr\u00e9is ver, entre otros monumentos, los siguientes:<\/p>\n<ul>\n<li><strong>Alhambra (Incluye todos los palacios y Jardines)<\/strong><\/li>\n<li><strong>Barrio del Albaic\u00edn<\/strong><\/li>\n<li><strong>Mirador de San Nicol\u00e1s<\/strong><\/li>\n<li><strong>Generalife<\/strong><\/li>\n<li><strong>Catedral<\/strong><\/li>\n<li><strong>Capilla Real<\/strong><\/li>\n<li><strong>Barrio Sacromonte<\/strong><\/li>\n<li><strong>Ba\u00f1uelo<\/strong><\/li>\n<li><strong>Centro Historico de la ciudad<\/strong><\/li>\n<li><strong>\u00a1Mucho m\u00e1s!<\/strong><\/li>\n<\/ul>\n<p>Adem\u00e1s de este tour privado ofrecemos m\u00e1s tours en la ciudad de C\u00f3rdoba, puede consultar<a href=\"https:\/\/tourtravelandmore.com\/es\/ciudad\/espana-es\/cordoba-es\/\"> <strong>aqu\u00ed<\/strong><\/a> nuestro listado de tours privados.<\/p>\n","protected":false},"excerpt":{"rendered":"<p>Descubre una de las ciudades m\u00e1s bonitas y espectaculares del mundo, Granada. Encontrar\u00e1s un monumento \u00fanico la Alhambra. Adem\u00e1s podr\u00e1s conocer las principales atracciones de la ciudad: Catedral, Capilla Real, Barrio Sacromonte, Barrio del Albaic\u00edn, Mirador de San Nicolas y mucho mas!!<\/p>\n","protected":false},"featured_media":76092,"comment_status":"open","ping_status":"closed","template":"","meta":{"_acf_changed":false},"product_brand":[],"product_cat":[76,77,79,78],"product_tag":[],"class_list":{"0":"post-9374","1":"product","2":"type-product","3":"status-publish","4":"has-post-thumbnail","6":"product_cat-cordoba-es","7":"product_cat-cordoba-actividades-es","8":"product_cat-cordoba-rutas-turisticas-privadas-es","9":"product_cat-cordoba-excursiones-es","11":"first","12":"instock","13":"shipping-taxable","14":"purchasable","15":"product-type-simple"},"acf":[],"yoast_head":"<!-- This site is optimized with the Yoast SEO Premium plugin v25.3.1 (Yoast SEO v25.3.1) - https:\/\/yoast.com\/wordpress\/plugins\/seo\/ -->\n<title>\u27a1\ufe0f Tour Granada desde Cordoba | Tour Travel &amp; More<\/title>\n<meta name=\"description\" content=\"Disfruta de este Tour Granada desde Cordoba privado con su gu\u00eda oficial y vehiculo. Descubre uno de los monumentos m\u00e1s importantes del mundo, la Alhambra \u2705\" \/>\n<meta name=\"robots\" content=\"index, follow, max-snippet:-1, max-image-preview:large, max-video-preview:-1\" \/>\n<link rel=\"canonical\" href=\"https:\/\/tourtravelandmore.com\/es\/tours\/espana-es\/cordoba-es\/tour-granada-desde-cordoba-tour-privado-con-guia-y-vehiculo\/\" \/>\n<meta property=\"og:locale\" content=\"es_ES\" \/>\n<meta property=\"og:type\" content=\"article\" \/>\n<meta property=\"og:title\" content=\"Tour Privado 9 horas de Granada desde C\u00f3rdoba\" \/>\n<meta property=\"og:description\" content=\"Disfruta de este Tour Granada desde Cordoba privado con su gu\u00eda oficial y vehiculo. Descubre uno de los monumentos m\u00e1s importantes del mundo, la Alhambra \u2705\" \/>\n<meta property=\"og:url\" content=\"https:\/\/tourtravelandmore.com\/es\/tours\/espana-es\/cordoba-es\/tour-granada-desde-cordoba-tour-privado-con-guia-y-vehiculo\/\" \/>\n<meta property=\"og:site_name\" content=\"Tour Travel And More\" \/>\n<meta property=\"article:publisher\" content=\"https:\/\/www.facebook.com\/tourtravelandmore\/\" \/>\n<meta property=\"article:modified_time\" content=\"2023-01-10T01:51:08+00:00\" \/>\n<meta property=\"og:image\" content=\"https:\/\/tourtravelandmore.com\/wp-content\/uploads\/2020\/02\/slider-alhambra02-1024x733.jpg\" \/>\n\t<meta property=\"og:image:width\" content=\"1024\" \/>\n\t<meta property=\"og:image:height\" content=\"733\" \/>\n\t<meta property=\"og:image:type\" content=\"image\/jpeg\" \/>\n<meta name=\"twitter:card\" content=\"summary_large_image\" \/>\n<meta name=\"twitter:site\" content=\"@TourTravel_More\" \/>\n<meta name=\"twitter:label1\" content=\"Tiempo de lectura\" \/>\n\t<meta name=\"twitter:data1\" content=\"2 minutos\" \/>\n<script type=\"application\/ld+json\" class=\"yoast-schema-graph\">{\"@context\":\"https:\/\/schema.org\",\"@graph\":[{\"@type\":\"WebPage\",\"@id\":\"https:\/\/tourtravelandmore.com\/es\/tours\/espana-es\/cordoba-es\/tour-granada-desde-cordoba-tour-privado-con-guia-y-vehiculo\/\",\"url\":\"https:\/\/tourtravelandmore.com\/es\/tours\/espana-es\/cordoba-es\/tour-granada-desde-cordoba-tour-privado-con-guia-y-vehiculo\/\",\"name\":\"\u27a1\ufe0f Tour Granada desde Cordoba | Tour Travel & More\",\"isPartOf\":{\"@id\":\"https:\/\/tourtravelandmore.com\/es\/#website\"},\"primaryImageOfPage\":{\"@id\":\"https:\/\/tourtravelandmore.com\/es\/tours\/espana-es\/cordoba-es\/tour-granada-desde-cordoba-tour-privado-con-guia-y-vehiculo\/#primaryimage\"},\"image\":{\"@id\":\"https:\/\/tourtravelandmore.com\/es\/tours\/espana-es\/cordoba-es\/tour-granada-desde-cordoba-tour-privado-con-guia-y-vehiculo\/#primaryimage\"},\"thumbnailUrl\":\"https:\/\/tourtravelandmore.com\/wp-content\/uploads\/2020\/02\/slider-alhambra02.jpg\",\"datePublished\":\"2016-12-14T10:46:34+00:00\",\"dateModified\":\"2023-01-10T01:51:08+00:00\",\"description\":\"Disfruta de este Tour Granada desde Cordoba privado con su gu\u00eda oficial y vehiculo. Descubre uno de los monumentos m\u00e1s importantes del mundo, la Alhambra \u2705\",\"breadcrumb\":{\"@id\":\"https:\/\/tourtravelandmore.com\/es\/tours\/espana-es\/cordoba-es\/tour-granada-desde-cordoba-tour-privado-con-guia-y-vehiculo\/#breadcrumb\"},\"inLanguage\":\"es\",\"potentialAction\":[{\"@type\":\"ReadAction\",\"target\":[\"https:\/\/tourtravelandmore.com\/es\/tours\/espana-es\/cordoba-es\/tour-granada-desde-cordoba-tour-privado-con-guia-y-vehiculo\/\"]}]},{\"@type\":\"ImageObject\",\"inLanguage\":\"es\",\"@id\":\"https:\/\/tourtravelandmore.com\/es\/tours\/espana-es\/cordoba-es\/tour-granada-desde-cordoba-tour-privado-con-guia-y-vehiculo\/#primaryimage\",\"url\":\"https:\/\/tourtravelandmore.com\/wp-content\/uploads\/2020\/02\/slider-alhambra02.jpg\",\"contentUrl\":\"https:\/\/tourtravelandmore.com\/wp-content\/uploads\/2020\/02\/slider-alhambra02.jpg\",\"width\":2560,\"height\":1833},{\"@type\":\"BreadcrumbList\",\"@id\":\"https:\/\/tourtravelandmore.com\/es\/tours\/espana-es\/cordoba-es\/tour-granada-desde-cordoba-tour-privado-con-guia-y-vehiculo\/#breadcrumb\",\"itemListElement\":[{\"@type\":\"ListItem\",\"position\":1,\"name\":\"Home\",\"item\":\"https:\/\/tourtravelandmore.com\/es\/\"},{\"@type\":\"ListItem\",\"position\":2,\"name\":\"Tours\",\"item\":\"https:\/\/tourtravelandmore.com\/es\/tours\/\"},{\"@type\":\"ListItem\",\"position\":3,\"name\":\"Tour Privado 9 horas de Granada desde C\u00f3rdoba\"}]},{\"@type\":\"WebSite\",\"@id\":\"https:\/\/tourtravelandmore.com\/es\/#website\",\"url\":\"https:\/\/tourtravelandmore.com\/es\/\",\"name\":\"Tour Travel And More\",\"description\":\"Private sightseeing tours and luxury transfers in Spain\",\"publisher\":{\"@id\":\"https:\/\/tourtravelandmore.com\/es\/#organization\"},\"potentialAction\":[{\"@type\":\"SearchAction\",\"target\":{\"@type\":\"EntryPoint\",\"urlTemplate\":\"https:\/\/tourtravelandmore.com\/es\/?s={search_term_string}\"},\"query-input\":{\"@type\":\"PropertyValueSpecification\",\"valueRequired\":true,\"valueName\":\"search_term_string\"}}],\"inLanguage\":\"es\"},{\"@type\":\"Organization\",\"@id\":\"https:\/\/tourtravelandmore.com\/es\/#organization\",\"name\":\"Tour Travel And More\",\"url\":\"https:\/\/tourtravelandmore.com\/es\/\",\"logo\":{\"@type\":\"ImageObject\",\"inLanguage\":\"es\",\"@id\":\"https:\/\/tourtravelandmore.com\/es\/#\/schema\/logo\/image\/\",\"url\":\"https:\/\/tourtravelandmore.com\/wp-content\/uploads\/2022\/12\/cropped-logo-cabecera-new.png\",\"contentUrl\":\"https:\/\/tourtravelandmore.com\/wp-content\/uploads\/2022\/12\/cropped-logo-cabecera-new.png\",\"width\":430,\"height\":61,\"caption\":\"Tour Travel And More\"},\"image\":{\"@id\":\"https:\/\/tourtravelandmore.com\/es\/#\/schema\/logo\/image\/\"},\"sameAs\":[\"https:\/\/www.facebook.com\/tourtravelandmore\/\",\"https:\/\/x.com\/TourTravel_More\"]}]}<\/script>\n<!-- \/ Yoast SEO Premium plugin. -->","yoast_head_json":{"title":"\u27a1\ufe0f Tour Granada desde Cordoba | Tour Travel & More","description":"Disfruta de este Tour Granada desde Cordoba privado con su gu\u00eda oficial y vehiculo. Descubre uno de los monumentos m\u00e1s importantes del mundo, la Alhambra \u2705","robots":{"index":"index","follow":"follow","max-snippet":"max-snippet:-1","max-image-preview":"max-image-preview:large","max-video-preview":"max-video-preview:-1"},"canonical":"https:\/\/tourtravelandmore.com\/es\/tours\/espana-es\/cordoba-es\/tour-granada-desde-cordoba-tour-privado-con-guia-y-vehiculo\/","og_locale":"es_ES","og_type":"article","og_title":"Tour Privado 9 horas de Granada desde C\u00f3rdoba","og_description":"Disfruta de este Tour Granada desde Cordoba privado con su gu\u00eda oficial y vehiculo. Descubre uno de los monumentos m\u00e1s importantes del mundo, la Alhambra \u2705","og_url":"https:\/\/tourtravelandmore.com\/es\/tours\/espana-es\/cordoba-es\/tour-granada-desde-cordoba-tour-privado-con-guia-y-vehiculo\/","og_site_name":"Tour Travel And More","article_publisher":"https:\/\/www.facebook.com\/tourtravelandmore\/","article_modified_time":"2023-01-10T01:51:08+00:00","og_image":[{"width":1024,"height":733,"url":"https:\/\/tourtravelandmore.com\/wp-content\/uploads\/2020\/02\/slider-alhambra02-1024x733.jpg","type":"image\/jpeg"}],"twitter_card":"summary_large_image","twitter_site":"@TourTravel_More","twitter_misc":{"Tiempo de lectura":"2 minutos"},"schema":{"@context":"https:\/\/schema.org","@graph":[{"@type":"WebPage","@id":"https:\/\/tourtravelandmore.com\/es\/tours\/espana-es\/cordoba-es\/tour-granada-desde-cordoba-tour-privado-con-guia-y-vehiculo\/","url":"https:\/\/tourtravelandmore.com\/es\/tours\/espana-es\/cordoba-es\/tour-granada-desde-cordoba-tour-privado-con-guia-y-vehiculo\/","name":"\u27a1\ufe0f Tour Granada desde Cordoba | Tour Travel & More","isPartOf":{"@id":"https:\/\/tourtravelandmore.com\/es\/#website"},"primaryImageOfPage":{"@id":"https:\/\/tourtravelandmore.com\/es\/tours\/espana-es\/cordoba-es\/tour-granada-desde-cordoba-tour-privado-con-guia-y-vehiculo\/#primaryimage"},"image":{"@id":"https:\/\/tourtravelandmore.com\/es\/tours\/espana-es\/cordoba-es\/tour-granada-desde-cordoba-tour-privado-con-guia-y-vehiculo\/#primaryimage"},"thumbnailUrl":"https:\/\/tourtravelandmore.com\/wp-content\/uploads\/2020\/02\/slider-alhambra02.jpg","datePublished":"2016-12-14T10:46:34+00:00","dateModified":"2023-01-10T01:51:08+00:00","description":"Disfruta de este Tour Granada desde Cordoba privado con su gu\u00eda oficial y vehiculo. Descubre uno de los monumentos m\u00e1s importantes del mundo, la Alhambra \u2705","breadcrumb":{"@id":"https:\/\/tourtravelandmore.com\/es\/tours\/espana-es\/cordoba-es\/tour-granada-desde-cordoba-tour-privado-con-guia-y-vehiculo\/#breadcrumb"},"inLanguage":"es","potentialAction":[{"@type":"ReadAction","target":["https:\/\/tourtravelandmore.com\/es\/tours\/espana-es\/cordoba-es\/tour-granada-desde-cordoba-tour-privado-con-guia-y-vehiculo\/"]}]},{"@type":"ImageObject","inLanguage":"es","@id":"https:\/\/tourtravelandmore.com\/es\/tours\/espana-es\/cordoba-es\/tour-granada-desde-cordoba-tour-privado-con-guia-y-vehiculo\/#primaryimage","url":"https:\/\/tourtravelandmore.com\/wp-content\/uploads\/2020\/02\/slider-alhambra02.jpg","contentUrl":"https:\/\/tourtravelandmore.com\/wp-content\/uploads\/2020\/02\/slider-alhambra02.jpg","width":2560,"height":1833},{"@type":"BreadcrumbList","@id":"https:\/\/tourtravelandmore.com\/es\/tours\/espana-es\/cordoba-es\/tour-granada-desde-cordoba-tour-privado-con-guia-y-vehiculo\/#breadcrumb","itemListElement":[{"@type":"ListItem","position":1,"name":"Home","item":"https:\/\/tourtravelandmore.com\/es\/"},{"@type":"ListItem","position":2,"name":"Tours","item":"https:\/\/tourtravelandmore.com\/es\/tours\/"},{"@type":"ListItem","position":3,"name":"Tour Privado 9 horas de Granada desde C\u00f3rdoba"}]},{"@type":"WebSite","@id":"https:\/\/tourtravelandmore.com\/es\/#website","url":"https:\/\/tourtravelandmore.com\/es\/","name":"Tour Travel And More","description":"Private sightseeing tours and luxury transfers in Spain","publisher":{"@id":"https:\/\/tourtravelandmore.com\/es\/#organization"},"potentialAction":[{"@type":"SearchAction","target":{"@type":"EntryPoint","urlTemplate":"https:\/\/tourtravelandmore.com\/es\/?s={search_term_string}"},"query-input":{"@type":"PropertyValueSpecification","valueRequired":true,"valueName":"search_term_string"}}],"inLanguage":"es"},{"@type":"Organization","@id":"https:\/\/tourtravelandmore.com\/es\/#organization","name":"Tour Travel And More","url":"https:\/\/tourtravelandmore.com\/es\/","logo":{"@type":"ImageObject","inLanguage":"es","@id":"https:\/\/tourtravelandmore.com\/es\/#\/schema\/logo\/image\/","url":"https:\/\/tourtravelandmore.com\/wp-content\/uploads\/2022\/12\/cropped-logo-cabecera-new.png","contentUrl":"https:\/\/tourtravelandmore.com\/wp-content\/uploads\/2022\/12\/cropped-logo-cabecera-new.png","width":430,"height":61,"caption":"Tour Travel And More"},"image":{"@id":"https:\/\/tourtravelandmore.com\/es\/#\/schema\/logo\/image\/"},"sameAs":["https:\/\/www.facebook.com\/tourtravelandmore\/","https:\/\/x.com\/TourTravel_More"]}]}},"_links":{"self":[{"href":"https:\/\/tourtravelandmore.com\/es\/wp-json\/wp\/v2\/product\/9374","targetHints":{"allow":["GET"]}}],"collection":[{"href":"https:\/\/tourtravelandmore.com\/es\/wp-json\/wp\/v2\/product"}],"about":[{"href":"https:\/\/tourtravelandmore.com\/es\/wp-json\/wp\/v2\/types\/product"}],"replies":[{"embeddable":true,"href":"https:\/\/tourtravelandmore.com\/es\/wp-json\/wp\/v2\/comments?post=9374"}],"wp:featuredmedia":[{"embeddable":true,"href":"https:\/\/tourtravelandmore.com\/es\/wp-json\/wp\/v2\/media\/76092"}],"wp:attachment":[{"href":"https:\/\/tourtravelandmore.com\/es\/wp-json\/wp\/v2\/media?parent=9374"}],"wp:term":[{"taxonomy":"product_brand","embeddable":true,"href":"https:\/\/tourtravelandmore.com\/es\/wp-json\/wp\/v2\/product_brand?post=9374"},{"taxonomy":"product_cat","embeddable":true,"href":"https:\/\/tourtravelandmore.com\/es\/wp-json\/wp\/v2\/product_cat?post=9374"},{"taxonomy":"product_tag","embeddable":true,"href":"https:\/\/tourtravelandmore.com\/es\/wp-json\/wp\/v2\/product_tag?post=9374"}],"curies":[{"name":"wp","href":"https:\/\/api.w.org\/{rel}","templated":true}]}}