{"id":9369,"date":"2016-08-25T23:02:53","date_gmt":"2016-12-14T10:40:14","guid":{"rendered":"http:\/\/tourtravelandmore.com\/es\/?post_type=product&#038;p=9369"},"modified":"2023-01-10T02:56:40","modified_gmt":"2023-01-10T01:56:40","slug":"tour-sevilla-desde-cordoba-tour-privado-con-guia-y-vehiculo","status":"publish","type":"product","link":"https:\/\/tourtravelandmore.com\/es\/tours\/espana-es\/cordoba-es\/tour-sevilla-desde-cordoba-tour-privado-con-guia-y-vehiculo\/","title":{"rendered":"Tour Privado de Sevilla desde C\u00f3rdoba"},"content":{"rendered":"<h2><strong>Descripci\u00f3n del Tour Privado de Sevilla desde C\u00f3rdoba<\/strong><\/h2>\n<p>Vive una experiencia \u00fanica y disfruta de un tour Sevilla desde C\u00f3rdoba, junto a nuestro gu\u00eda oficial y nuestro veh\u00edculo privado.<\/p>\n<p>Nuestro conductor le recoger\u00e1 desde C\u00f3rdoba y le llevar\u00e1 a Sevilla para d\u00f3nde estar\u00e1 esperando nuestro gu\u00eda para empezar el tour de la ciudad. La duraci\u00f3n del tour son 9 horas, desde que salimos de C\u00f3rdoba y volvemos. La duraci\u00f3n del tour de la ciudad es de 4 horas, en todo momento ir\u00e1n con nuestro gu\u00eda oficial y podr\u00e1n a comer.<\/p>\n<p>El tour Sevilla desde C\u00f3rdoba es completamente privado, pueden escoger la hora y lugar de comienzo.<\/p>\n<p>El tour no incluye entradas, pero si lo solicita podemos a\u00f1adir entradas a la Catedral y al Alcazar de Sevilla, sin colas con reserva y as\u00ed asegurarnos la entrada y evitar colas.<\/p>\n<h2>Puntos de inter\u00e9s en el Tour Privado de Sevilla desde C\u00f3rdoba<\/h2>\n<p>Sevilla es la capital de la regi\u00f3n Andaluc\u00eda, en el sur de Espa\u00f1a. Es famosa por su danza flamenca, particularmente en su barrio de Triana. Su casco Hist\u00f3rico es el m\u00e1s extenso de Espa\u00f1a y uno de los tres m\u00e1s grandes de Europa, junto a los de Venecia y G\u00e9nova.<\/p>\n<p>Una vez lleg\u00e1is a Sevilla, nuestro gu\u00eda oficial privado os estar\u00e1 esperando en la ciudad para empezar un tour privado de 4 horas.\u00a0 D\u00f3nde conoceremos lo m\u00e1s importante de la ciudad, historia y monumentos.<\/p>\n<p>A lo largo de su tour privado podr\u00e9is ver:<\/p>\n<ul>\n<li><strong>Barrio Judio<\/strong><\/li>\n<li><strong>Zona de compras exclusivas<\/strong><\/li>\n<li><strong>Plaza Espa\u00f1a<\/strong><\/li>\n<li><strong>Sanchez Pijuan<\/strong><\/li>\n<li><strong>Plaza Nova<\/strong><\/li>\n<li><strong>Catedral<\/strong><\/li>\n<li><strong>La Giralda<\/strong><\/li>\n<li><strong>Plaza de toros<\/strong><\/li>\n<li><strong>Alc\u00e1zar<\/strong><\/li>\n<li><strong>Torre del Oro<\/strong><\/li>\n<li><strong>Plaza de Espa\u00f1a<\/strong><\/li>\n<li><strong>\u00a1Mucho m\u00e1s!<\/strong><\/li>\n<\/ul>\n<p>No \u00fanicamente veremos lo que aparece en la lista, conoceremos lo m\u00e1ximo de la ciudad.<\/p>\n<p>Puedes consultar el resto de nuestros tours privados que ofrecemos en C\u00f3rdoba <a href=\"https:\/\/tourtravelandmore.com\/es\/ciudad\/espana-es\/cordoba-es\/\">aqu\u00ed<\/a>. Todos nuestros tours son completamente privados.<\/p>\n<p>Para contactar con nosotros y solicitar informaci\u00f3n puede escribir en el formulario de contacto del tour y nuestro equipo r\u00e1pidamente le enviar\u00e1 la informaci\u00f3n detallada.<\/p>\n","protected":false},"excerpt":{"rendered":"<p>Disfrute de este <strong>tour privado personalizable de Sevilla<\/strong>. Aproveche esta oportunidad para conocer y disfrutar de Sevilla durante este tour con un gu\u00eda oficial privado y veh\u00edculo de lujo con chofer. Le recogemos desde su hotel en C\u00f3rdoba. Disfrute de los monumentos y zonas m\u00e1s emblem\u00e1ticas de <strong>Sevilla<\/strong> como la <strong>Catedral<\/strong>, Sanchez Pizjuan, Plaza Espa\u00f1a, <strong>Alc\u00e1zar<\/strong> y mucho mas.<\/p>\n<h4>Destacado<\/h4>\n<ul>\n<li>[icon name=\"clock-o\" class=\"\" unprefixed_class=\"\"] <strong>Tour privado de Sevilla<\/strong><\/li>\n<li>[icon name=\"graduation-cap\" class=\"\" unprefixed_class=\"\"] Gu\u00eda oficial privado para Sevilla<\/li>\n<li>[icon name=\"car\" class=\"\" unprefixed_class=\"\"] Vehiculo privado de lujo con chofer<\/li>\n<li>[icon name=\"check\" class=\"\" unprefixed_class=\"\"] Posibilidad de tour personalizable<\/li>\n<li>[icon name=\"eye\" class=\"\" unprefixed_class=\"\"] Disfruta de los monumentos y zonas m\u00e1s emblem\u00e1ticos de <strong>Sevilla<\/strong><\/li>\n<\/ul>\n","protected":false},"featured_media":5985,"comment_status":"open","ping_status":"closed","template":"","meta":{"_acf_changed":false},"product_brand":[],"product_cat":[76,77,78],"product_tag":[],"class_list":{"0":"post-9369","1":"product","2":"type-product","3":"status-publish","4":"has-post-thumbnail","6":"product_cat-cordoba-es","7":"product_cat-cordoba-actividades-es","8":"product_cat-cordoba-excursiones-es","10":"first","11":"instock","12":"shipping-taxable","13":"purchasable","14":"product-type-simple"},"acf":[],"yoast_head":"<!-- This site is optimized with the Yoast SEO Premium plugin v25.3.1 (Yoast SEO v25.3.1) - https:\/\/yoast.com\/wordpress\/plugins\/seo\/ -->\n<title>\u27a1\ufe0f Tour Sevilla desde Cordoba | Tour Travel &amp; More<\/title>\n<meta name=\"description\" content=\"Vive una experiencia \u00fanica gracias a este tour Sevilla desde Cordoba con su gu\u00eda oficial privado y vehiculo privado. Descubir\u00e1s la ciudad y sus monumentos \u2705\" \/>\n<meta name=\"robots\" content=\"index, follow, max-snippet:-1, max-image-preview:large, max-video-preview:-1\" \/>\n<link rel=\"canonical\" href=\"https:\/\/tourtravelandmore.com\/es\/tours\/espana-es\/cordoba-es\/tour-sevilla-desde-cordoba-tour-privado-con-guia-y-vehiculo\/\" \/>\n<meta property=\"og:locale\" content=\"es_ES\" \/>\n<meta property=\"og:type\" content=\"article\" \/>\n<meta property=\"og:title\" content=\"Tour Privado de Sevilla desde C\u00f3rdoba\" \/>\n<meta property=\"og:description\" content=\"Vive una experiencia \u00fanica gracias a este tour Sevilla desde Cordoba con su gu\u00eda oficial privado y vehiculo privado. Descubir\u00e1s la ciudad y sus monumentos \u2705\" \/>\n<meta property=\"og:url\" content=\"https:\/\/tourtravelandmore.com\/es\/tours\/espana-es\/cordoba-es\/tour-sevilla-desde-cordoba-tour-privado-con-guia-y-vehiculo\/\" \/>\n<meta property=\"og:site_name\" content=\"Tour Travel And More\" \/>\n<meta property=\"article:publisher\" content=\"https:\/\/www.facebook.com\/tourtravelandmore\/\" \/>\n<meta property=\"article:modified_time\" content=\"2023-01-10T01:56:40+00:00\" \/>\n<meta property=\"og:image\" content=\"https:\/\/tourtravelandmore.com\/wp-content\/uploads\/2016\/08\/image-5.jpeg\" \/>\n\t<meta property=\"og:image:width\" content=\"1024\" \/>\n\t<meta property=\"og:image:height\" content=\"682\" \/>\n\t<meta property=\"og:image:type\" content=\"image\/jpeg\" \/>\n<meta name=\"twitter:card\" content=\"summary_large_image\" \/>\n<meta name=\"twitter:site\" content=\"@TourTravel_More\" \/>\n<meta name=\"twitter:label1\" content=\"Tiempo de lectura\" \/>\n\t<meta name=\"twitter:data1\" content=\"2 minutos\" \/>\n<script type=\"application\/ld+json\" class=\"yoast-schema-graph\">{\"@context\":\"https:\/\/schema.org\",\"@graph\":[{\"@type\":\"WebPage\",\"@id\":\"https:\/\/tourtravelandmore.com\/es\/tours\/espana-es\/cordoba-es\/tour-sevilla-desde-cordoba-tour-privado-con-guia-y-vehiculo\/\",\"url\":\"https:\/\/tourtravelandmore.com\/es\/tours\/espana-es\/cordoba-es\/tour-sevilla-desde-cordoba-tour-privado-con-guia-y-vehiculo\/\",\"name\":\"\u27a1\ufe0f Tour Sevilla desde Cordoba | Tour Travel & More\",\"isPartOf\":{\"@id\":\"https:\/\/tourtravelandmore.com\/es\/#website\"},\"primaryImageOfPage\":{\"@id\":\"https:\/\/tourtravelandmore.com\/es\/tours\/espana-es\/cordoba-es\/tour-sevilla-desde-cordoba-tour-privado-con-guia-y-vehiculo\/#primaryimage\"},\"image\":{\"@id\":\"https:\/\/tourtravelandmore.com\/es\/tours\/espana-es\/cordoba-es\/tour-sevilla-desde-cordoba-tour-privado-con-guia-y-vehiculo\/#primaryimage\"},\"thumbnailUrl\":\"https:\/\/tourtravelandmore.com\/wp-content\/uploads\/2016\/08\/image-5.jpeg\",\"datePublished\":\"2016-12-14T10:40:14+00:00\",\"dateModified\":\"2023-01-10T01:56:40+00:00\",\"description\":\"Vive una experiencia \u00fanica gracias a este tour Sevilla desde Cordoba con su gu\u00eda oficial privado y vehiculo privado. Descubir\u00e1s la ciudad y sus monumentos \u2705\",\"breadcrumb\":{\"@id\":\"https:\/\/tourtravelandmore.com\/es\/tours\/espana-es\/cordoba-es\/tour-sevilla-desde-cordoba-tour-privado-con-guia-y-vehiculo\/#breadcrumb\"},\"inLanguage\":\"es\",\"potentialAction\":[{\"@type\":\"ReadAction\",\"target\":[\"https:\/\/tourtravelandmore.com\/es\/tours\/espana-es\/cordoba-es\/tour-sevilla-desde-cordoba-tour-privado-con-guia-y-vehiculo\/\"]}]},{\"@type\":\"ImageObject\",\"inLanguage\":\"es\",\"@id\":\"https:\/\/tourtravelandmore.com\/es\/tours\/espana-es\/cordoba-es\/tour-sevilla-desde-cordoba-tour-privado-con-guia-y-vehiculo\/#primaryimage\",\"url\":\"https:\/\/tourtravelandmore.com\/wp-content\/uploads\/2016\/08\/image-5.jpeg\",\"contentUrl\":\"https:\/\/tourtravelandmore.com\/wp-content\/uploads\/2016\/08\/image-5.jpeg\",\"width\":2736,\"height\":1822,\"caption\":\"excursion a sevilla desde malaga\"},{\"@type\":\"BreadcrumbList\",\"@id\":\"https:\/\/tourtravelandmore.com\/es\/tours\/espana-es\/cordoba-es\/tour-sevilla-desde-cordoba-tour-privado-con-guia-y-vehiculo\/#breadcrumb\",\"itemListElement\":[{\"@type\":\"ListItem\",\"position\":1,\"name\":\"Home\",\"item\":\"https:\/\/tourtravelandmore.com\/es\/\"},{\"@type\":\"ListItem\",\"position\":2,\"name\":\"Tours\",\"item\":\"https:\/\/tourtravelandmore.com\/es\/tours\/\"},{\"@type\":\"ListItem\",\"position\":3,\"name\":\"Tour Privado de Sevilla desde C\u00f3rdoba\"}]},{\"@type\":\"WebSite\",\"@id\":\"https:\/\/tourtravelandmore.com\/es\/#website\",\"url\":\"https:\/\/tourtravelandmore.com\/es\/\",\"name\":\"Tour Travel And More\",\"description\":\"Private sightseeing tours and luxury transfers in Spain\",\"publisher\":{\"@id\":\"https:\/\/tourtravelandmore.com\/es\/#organization\"},\"potentialAction\":[{\"@type\":\"SearchAction\",\"target\":{\"@type\":\"EntryPoint\",\"urlTemplate\":\"https:\/\/tourtravelandmore.com\/es\/?s={search_term_string}\"},\"query-input\":{\"@type\":\"PropertyValueSpecification\",\"valueRequired\":true,\"valueName\":\"search_term_string\"}}],\"inLanguage\":\"es\"},{\"@type\":\"Organization\",\"@id\":\"https:\/\/tourtravelandmore.com\/es\/#organization\",\"name\":\"Tour Travel And More\",\"url\":\"https:\/\/tourtravelandmore.com\/es\/\",\"logo\":{\"@type\":\"ImageObject\",\"inLanguage\":\"es\",\"@id\":\"https:\/\/tourtravelandmore.com\/es\/#\/schema\/logo\/image\/\",\"url\":\"https:\/\/tourtravelandmore.com\/wp-content\/uploads\/2022\/12\/cropped-logo-cabecera-new.png\",\"contentUrl\":\"https:\/\/tourtravelandmore.com\/wp-content\/uploads\/2022\/12\/cropped-logo-cabecera-new.png\",\"width\":430,\"height\":61,\"caption\":\"Tour Travel And More\"},\"image\":{\"@id\":\"https:\/\/tourtravelandmore.com\/es\/#\/schema\/logo\/image\/\"},\"sameAs\":[\"https:\/\/www.facebook.com\/tourtravelandmore\/\",\"https:\/\/x.com\/TourTravel_More\"]}]}<\/script>\n<!-- \/ Yoast SEO Premium plugin. -->","yoast_head_json":{"title":"\u27a1\ufe0f Tour Sevilla desde Cordoba | Tour Travel & More","description":"Vive una experiencia \u00fanica gracias a este tour Sevilla desde Cordoba con su gu\u00eda oficial privado y vehiculo privado. Descubir\u00e1s la ciudad y sus monumentos \u2705","robots":{"index":"index","follow":"follow","max-snippet":"max-snippet:-1","max-image-preview":"max-image-preview:large","max-video-preview":"max-video-preview:-1"},"canonical":"https:\/\/tourtravelandmore.com\/es\/tours\/espana-es\/cordoba-es\/tour-sevilla-desde-cordoba-tour-privado-con-guia-y-vehiculo\/","og_locale":"es_ES","og_type":"article","og_title":"Tour Privado de Sevilla desde C\u00f3rdoba","og_description":"Vive una experiencia \u00fanica gracias a este tour Sevilla desde Cordoba con su gu\u00eda oficial privado y vehiculo privado. Descubir\u00e1s la ciudad y sus monumentos \u2705","og_url":"https:\/\/tourtravelandmore.com\/es\/tours\/espana-es\/cordoba-es\/tour-sevilla-desde-cordoba-tour-privado-con-guia-y-vehiculo\/","og_site_name":"Tour Travel And More","article_publisher":"https:\/\/www.facebook.com\/tourtravelandmore\/","article_modified_time":"2023-01-10T01:56:40+00:00","og_image":[{"url":"https:\/\/tourtravelandmore.com\/wp-content\/uploads\/2016\/08\/image-5.jpeg","width":1024,"height":682,"type":"image\/jpeg"}],"twitter_card":"summary_large_image","twitter_site":"@TourTravel_More","twitter_misc":{"Tiempo de lectura":"2 minutos"},"schema":{"@context":"https:\/\/schema.org","@graph":[{"@type":"WebPage","@id":"https:\/\/tourtravelandmore.com\/es\/tours\/espana-es\/cordoba-es\/tour-sevilla-desde-cordoba-tour-privado-con-guia-y-vehiculo\/","url":"https:\/\/tourtravelandmore.com\/es\/tours\/espana-es\/cordoba-es\/tour-sevilla-desde-cordoba-tour-privado-con-guia-y-vehiculo\/","name":"\u27a1\ufe0f Tour Sevilla desde Cordoba | Tour Travel & More","isPartOf":{"@id":"https:\/\/tourtravelandmore.com\/es\/#website"},"primaryImageOfPage":{"@id":"https:\/\/tourtravelandmore.com\/es\/tours\/espana-es\/cordoba-es\/tour-sevilla-desde-cordoba-tour-privado-con-guia-y-vehiculo\/#primaryimage"},"image":{"@id":"https:\/\/tourtravelandmore.com\/es\/tours\/espana-es\/cordoba-es\/tour-sevilla-desde-cordoba-tour-privado-con-guia-y-vehiculo\/#primaryimage"},"thumbnailUrl":"https:\/\/tourtravelandmore.com\/wp-content\/uploads\/2016\/08\/image-5.jpeg","datePublished":"2016-12-14T10:40:14+00:00","dateModified":"2023-01-10T01:56:40+00:00","description":"Vive una experiencia \u00fanica gracias a este tour Sevilla desde Cordoba con su gu\u00eda oficial privado y vehiculo privado. Descubir\u00e1s la ciudad y sus monumentos \u2705","breadcrumb":{"@id":"https:\/\/tourtravelandmore.com\/es\/tours\/espana-es\/cordoba-es\/tour-sevilla-desde-cordoba-tour-privado-con-guia-y-vehiculo\/#breadcrumb"},"inLanguage":"es","potentialAction":[{"@type":"ReadAction","target":["https:\/\/tourtravelandmore.com\/es\/tours\/espana-es\/cordoba-es\/tour-sevilla-desde-cordoba-tour-privado-con-guia-y-vehiculo\/"]}]},{"@type":"ImageObject","inLanguage":"es","@id":"https:\/\/tourtravelandmore.com\/es\/tours\/espana-es\/cordoba-es\/tour-sevilla-desde-cordoba-tour-privado-con-guia-y-vehiculo\/#primaryimage","url":"https:\/\/tourtravelandmore.com\/wp-content\/uploads\/2016\/08\/image-5.jpeg","contentUrl":"https:\/\/tourtravelandmore.com\/wp-content\/uploads\/2016\/08\/image-5.jpeg","width":2736,"height":1822,"caption":"excursion a sevilla desde malaga"},{"@type":"BreadcrumbList","@id":"https:\/\/tourtravelandmore.com\/es\/tours\/espana-es\/cordoba-es\/tour-sevilla-desde-cordoba-tour-privado-con-guia-y-vehiculo\/#breadcrumb","itemListElement":[{"@type":"ListItem","position":1,"name":"Home","item":"https:\/\/tourtravelandmore.com\/es\/"},{"@type":"ListItem","position":2,"name":"Tours","item":"https:\/\/tourtravelandmore.com\/es\/tours\/"},{"@type":"ListItem","position":3,"name":"Tour Privado de Sevilla desde C\u00f3rdoba"}]},{"@type":"WebSite","@id":"https:\/\/tourtravelandmore.com\/es\/#website","url":"https:\/\/tourtravelandmore.com\/es\/","name":"Tour Travel And More","description":"Private sightseeing tours and luxury transfers in Spain","publisher":{"@id":"https:\/\/tourtravelandmore.com\/es\/#organization"},"potentialAction":[{"@type":"SearchAction","target":{"@type":"EntryPoint","urlTemplate":"https:\/\/tourtravelandmore.com\/es\/?s={search_term_string}"},"query-input":{"@type":"PropertyValueSpecification","valueRequired":true,"valueName":"search_term_string"}}],"inLanguage":"es"},{"@type":"Organization","@id":"https:\/\/tourtravelandmore.com\/es\/#organization","name":"Tour Travel And More","url":"https:\/\/tourtravelandmore.com\/es\/","logo":{"@type":"ImageObject","inLanguage":"es","@id":"https:\/\/tourtravelandmore.com\/es\/#\/schema\/logo\/image\/","url":"https:\/\/tourtravelandmore.com\/wp-content\/uploads\/2022\/12\/cropped-logo-cabecera-new.png","contentUrl":"https:\/\/tourtravelandmore.com\/wp-content\/uploads\/2022\/12\/cropped-logo-cabecera-new.png","width":430,"height":61,"caption":"Tour Travel And More"},"image":{"@id":"https:\/\/tourtravelandmore.com\/es\/#\/schema\/logo\/image\/"},"sameAs":["https:\/\/www.facebook.com\/tourtravelandmore\/","https:\/\/x.com\/TourTravel_More"]}]}},"_links":{"self":[{"href":"https:\/\/tourtravelandmore.com\/es\/wp-json\/wp\/v2\/product\/9369","targetHints":{"allow":["GET"]}}],"collection":[{"href":"https:\/\/tourtravelandmore.com\/es\/wp-json\/wp\/v2\/product"}],"about":[{"href":"https:\/\/tourtravelandmore.com\/es\/wp-json\/wp\/v2\/types\/product"}],"replies":[{"embeddable":true,"href":"https:\/\/tourtravelandmore.com\/es\/wp-json\/wp\/v2\/comments?post=9369"}],"wp:featuredmedia":[{"embeddable":true,"href":"https:\/\/tourtravelandmore.com\/es\/wp-json\/wp\/v2\/media\/5985"}],"wp:attachment":[{"href":"https:\/\/tourtravelandmore.com\/es\/wp-json\/wp\/v2\/media?parent=9369"}],"wp:term":[{"taxonomy":"product_brand","embeddable":true,"href":"https:\/\/tourtravelandmore.com\/es\/wp-json\/wp\/v2\/product_brand?post=9369"},{"taxonomy":"product_cat","embeddable":true,"href":"https:\/\/tourtravelandmore.com\/es\/wp-json\/wp\/v2\/product_cat?post=9369"},{"taxonomy":"product_tag","embeddable":true,"href":"https:\/\/tourtravelandmore.com\/es\/wp-json\/wp\/v2\/product_tag?post=9369"}],"curies":[{"name":"wp","href":"https:\/\/api.w.org\/{rel}","templated":true}]}}