{"id":9327,"date":"2016-08-26T10:03:29","date_gmt":"2016-12-12T10:34:28","guid":{"rendered":"http:\/\/tourtravelandmore.com\/es\/?post_type=product&#038;p=9327"},"modified":"2024-02-27T17:07:42","modified_gmt":"2024-02-27T16:07:42","slug":"traslado-privado-cadiz-recogida-y-devolucion-en-toda-andalucia","status":"publish","type":"product","link":"https:\/\/tourtravelandmore.com\/es\/tours\/espana-es\/cadiz-es\/traslado-privado-cadiz-recogida-y-devolucion-en-toda-andalucia\/","title":{"rendered":"Traslados privados en Cadiz"},"content":{"rendered":"<h2><strong>Descripci\u00f3n de los Traslados privados en C\u00e1diz<\/strong><\/h2>\n<p>Reserva un Traslado privado C\u00e1diz, para evitar colas y esperas. Es la mejor forma de viajar!<\/p>\n<p>Todos nuestros traslados son privados, pueden escoger la hora y lugar de recogida. Nuestros ch\u00f3feres estar\u00e1n a la hora seleccionado para empezar el Traslado.<\/p>\n<p>Podemos realizar diferentes Traslados o servicios:<\/p>\n<ul>\n<li><strong>Traslado privado C\u00e1diz<\/strong><\/li>\n<li><strong>Traslado privado Aeropuerto C\u00e1diz<\/strong><\/li>\n<li><strong>Traslados de C\u00e1diz a otras ciudades ( Sevilla, M\u00e1laga, Marbella, C\u00f3rdoba, Granada y muchas m\u00e1s!)<\/strong><\/li>\n<li><strong>Tours y excursiones<\/strong><\/li>\n<li><strong>Eventos privados<\/strong><\/li>\n<li><strong>Congresos<\/strong><\/li>\n<li><strong>Mucho m\u00e1s!<\/strong><\/li>\n<\/ul>\n<p>Dispone de una amplia flota de vehiculos formada por: Mercedes E, Mercedes Clase V, Mercedes Vito, Skoda y Mini Buses.<\/p>\n<p>A trav\u00e9s del formulario de contacto, puedes contactar con nosotros y nuestro equipo le enviar\u00e1 de forma detallada la informaci\u00f3n. Recuerda especificar el lugar de recogida, el lugar de devoluci\u00f3n y el n\u00famero de personas.<\/p>\n<p>Si dispone de m\u00e1s d\u00edas en la ciudad de C\u00e1diz, puede consultar <a href=\"https:\/\/tourtravelandmore.com\/es\/ciudad\/espana-es\/cadiz-es\/\"><strong>aqu\u00ed<\/strong><\/a>, nuestros tours privados en C\u00e1diz. Siempre con veh\u00edculos con ch\u00f3fer y gu\u00eda oficial privado, para que su experiencia sea \u00fanica.<\/p>\n<h2>Puntos de inter\u00e9s en los Traslados\u00a0privados en C\u00e1diz<\/h2>\n<p>Cadiz es una de las ciudades m\u00e1s al sur de Andaluc\u00eda. Tiene unas playas y vistas impresionantes donde tambi\u00e9n podr\u00e1n disfrutar de una maravillosa historia.<\/p>\n<p>Cadiz es conocida por su larga e influyente historia. Tiene m\u00e1s de 120,000 habitantes. Es una de las ciudades m\u00e1s pobladas de la Bah\u00eda de Cadiz.<\/p>\n<p>La ciudad, conocida popularmente como la <strong> &#8220;Tacita de Plata&#8221;<\/strong>, tiene un inconfundible sabor marinero, y destaca la gracia y la hospitalidad de sus habitantes, como lo demuestran sus famosos carnavales; monumentos interesant\u00ed\u00adsimos como la Catedral, las Murallas, la Parroquia de Santa Cruz, el Parque Genov\u00e9s, la Puerta de la Caleta, etc. Todos ellos lugares de indudable encanto, a los que hay que sumar su gastronom\u00ed\u00ada y sus playas, famosas y bellas, como la de la Caleta, Santa Mar\u00ed\u00ada del Mar, o la Victoria.<\/p>\n","protected":false},"excerpt":{"rendered":"<p>Aproveche esta oportunidad para llegar a su destino en Cadiz de la manera m\u00e1s comoda y r\u00e1pida posible. Organizamos recogidas desde su hotel, aeropuerto, puerto o cualquier lugar de Cadiz. Operamos en toda Andaluc\u00eda, diganos a d\u00f3nde quiere ir y nosotros lo gestionamos.<\/p>\n","protected":false},"featured_media":59366,"comment_status":"open","ping_status":"closed","template":"","meta":{"_acf_changed":false},"product_brand":[],"product_cat":[70,71,75],"product_tag":[],"class_list":{"0":"post-9327","1":"product","2":"type-product","3":"status-publish","4":"has-post-thumbnail","6":"product_cat-cadiz-es","7":"product_cat-cadiz-actividades-es","8":"product_cat-cadiz-traslados-es","10":"first","11":"instock","12":"shipping-taxable","13":"purchasable","14":"product-type-simple"},"acf":[],"yoast_head":"<!-- This site is optimized with the Yoast SEO Premium plugin v25.3.1 (Yoast SEO v25.3.1) - https:\/\/yoast.com\/wordpress\/plugins\/seo\/ -->\n<title>\u27a1\ufe0f Traslado privado Cadiz | Tour Travel &amp; More<\/title>\n<meta name=\"description\" content=\"Disfruta de un Traslado privado Cadiz, y viaja de forma segura, sin colas ni esperas. Operamos en toda Andalucia, Aeropuertos y Terminal de Cruceros \u2705\" \/>\n<meta name=\"robots\" content=\"index, follow, max-snippet:-1, max-image-preview:large, max-video-preview:-1\" \/>\n<link rel=\"canonical\" href=\"https:\/\/tourtravelandmore.com\/es\/tours\/espana-es\/cadiz-es\/traslado-privado-cadiz-recogida-y-devolucion-en-toda-andalucia\/\" \/>\n<meta property=\"og:locale\" content=\"es_ES\" \/>\n<meta property=\"og:type\" content=\"article\" \/>\n<meta property=\"og:title\" content=\"Traslados privados en Cadiz\" \/>\n<meta property=\"og:description\" content=\"Disfruta de un Traslado privado Cadiz, y viaja de forma segura, sin colas ni esperas. Operamos en toda Andalucia, Aeropuertos y Terminal de Cruceros \u2705\" \/>\n<meta property=\"og:url\" content=\"https:\/\/tourtravelandmore.com\/es\/tours\/espana-es\/cadiz-es\/traslado-privado-cadiz-recogida-y-devolucion-en-toda-andalucia\/\" \/>\n<meta property=\"og:site_name\" content=\"Tour Travel And More\" \/>\n<meta property=\"article:publisher\" content=\"https:\/\/www.facebook.com\/tourtravelandmore\/\" \/>\n<meta property=\"article:modified_time\" content=\"2024-02-27T16:07:42+00:00\" \/>\n<meta property=\"og:image\" content=\"https:\/\/tourtravelandmore.com\/wp-content\/uploads\/2016\/11\/TrasladoAlicante.jpg\" \/>\n\t<meta property=\"og:image:width\" content=\"640\" \/>\n\t<meta property=\"og:image:height\" content=\"458\" \/>\n\t<meta property=\"og:image:type\" content=\"image\/jpeg\" \/>\n<meta name=\"twitter:card\" content=\"summary_large_image\" \/>\n<meta name=\"twitter:site\" content=\"@TourTravel_More\" \/>\n<meta name=\"twitter:label1\" content=\"Tiempo de lectura\" \/>\n\t<meta name=\"twitter:data1\" content=\"2 minutos\" \/>\n<script type=\"application\/ld+json\" class=\"yoast-schema-graph\">{\"@context\":\"https:\/\/schema.org\",\"@graph\":[{\"@type\":\"WebPage\",\"@id\":\"https:\/\/tourtravelandmore.com\/es\/tours\/espana-es\/cadiz-es\/traslado-privado-cadiz-recogida-y-devolucion-en-toda-andalucia\/\",\"url\":\"https:\/\/tourtravelandmore.com\/es\/tours\/espana-es\/cadiz-es\/traslado-privado-cadiz-recogida-y-devolucion-en-toda-andalucia\/\",\"name\":\"\u27a1\ufe0f Traslado privado Cadiz | Tour Travel & More\",\"isPartOf\":{\"@id\":\"https:\/\/tourtravelandmore.com\/es\/#website\"},\"primaryImageOfPage\":{\"@id\":\"https:\/\/tourtravelandmore.com\/es\/tours\/espana-es\/cadiz-es\/traslado-privado-cadiz-recogida-y-devolucion-en-toda-andalucia\/#primaryimage\"},\"image\":{\"@id\":\"https:\/\/tourtravelandmore.com\/es\/tours\/espana-es\/cadiz-es\/traslado-privado-cadiz-recogida-y-devolucion-en-toda-andalucia\/#primaryimage\"},\"thumbnailUrl\":\"https:\/\/tourtravelandmore.com\/wp-content\/uploads\/2016\/11\/TrasladoAlicante.jpg\",\"datePublished\":\"2016-12-12T10:34:28+00:00\",\"dateModified\":\"2024-02-27T16:07:42+00:00\",\"description\":\"Disfruta de un Traslado privado Cadiz, y viaja de forma segura, sin colas ni esperas. Operamos en toda Andalucia, Aeropuertos y Terminal de Cruceros \u2705\",\"breadcrumb\":{\"@id\":\"https:\/\/tourtravelandmore.com\/es\/tours\/espana-es\/cadiz-es\/traslado-privado-cadiz-recogida-y-devolucion-en-toda-andalucia\/#breadcrumb\"},\"inLanguage\":\"es\",\"potentialAction\":[{\"@type\":\"ReadAction\",\"target\":[\"https:\/\/tourtravelandmore.com\/es\/tours\/espana-es\/cadiz-es\/traslado-privado-cadiz-recogida-y-devolucion-en-toda-andalucia\/\"]}]},{\"@type\":\"ImageObject\",\"inLanguage\":\"es\",\"@id\":\"https:\/\/tourtravelandmore.com\/es\/tours\/espana-es\/cadiz-es\/traslado-privado-cadiz-recogida-y-devolucion-en-toda-andalucia\/#primaryimage\",\"url\":\"https:\/\/tourtravelandmore.com\/wp-content\/uploads\/2016\/11\/TrasladoAlicante.jpg\",\"contentUrl\":\"https:\/\/tourtravelandmore.com\/wp-content\/uploads\/2016\/11\/TrasladoAlicante.jpg\",\"width\":640,\"height\":458},{\"@type\":\"BreadcrumbList\",\"@id\":\"https:\/\/tourtravelandmore.com\/es\/tours\/espana-es\/cadiz-es\/traslado-privado-cadiz-recogida-y-devolucion-en-toda-andalucia\/#breadcrumb\",\"itemListElement\":[{\"@type\":\"ListItem\",\"position\":1,\"name\":\"Home\",\"item\":\"https:\/\/tourtravelandmore.com\/es\/\"},{\"@type\":\"ListItem\",\"position\":2,\"name\":\"Tours\",\"item\":\"https:\/\/tourtravelandmore.com\/es\/tours\/\"},{\"@type\":\"ListItem\",\"position\":3,\"name\":\"Traslados privados en Cadiz\"}]},{\"@type\":\"WebSite\",\"@id\":\"https:\/\/tourtravelandmore.com\/es\/#website\",\"url\":\"https:\/\/tourtravelandmore.com\/es\/\",\"name\":\"Tour Travel And More\",\"description\":\"Private sightseeing tours and luxury transfers in Spain\",\"publisher\":{\"@id\":\"https:\/\/tourtravelandmore.com\/es\/#organization\"},\"potentialAction\":[{\"@type\":\"SearchAction\",\"target\":{\"@type\":\"EntryPoint\",\"urlTemplate\":\"https:\/\/tourtravelandmore.com\/es\/?s={search_term_string}\"},\"query-input\":{\"@type\":\"PropertyValueSpecification\",\"valueRequired\":true,\"valueName\":\"search_term_string\"}}],\"inLanguage\":\"es\"},{\"@type\":\"Organization\",\"@id\":\"https:\/\/tourtravelandmore.com\/es\/#organization\",\"name\":\"Tour Travel And More\",\"url\":\"https:\/\/tourtravelandmore.com\/es\/\",\"logo\":{\"@type\":\"ImageObject\",\"inLanguage\":\"es\",\"@id\":\"https:\/\/tourtravelandmore.com\/es\/#\/schema\/logo\/image\/\",\"url\":\"https:\/\/tourtravelandmore.com\/wp-content\/uploads\/2022\/12\/cropped-logo-cabecera-new.png\",\"contentUrl\":\"https:\/\/tourtravelandmore.com\/wp-content\/uploads\/2022\/12\/cropped-logo-cabecera-new.png\",\"width\":430,\"height\":61,\"caption\":\"Tour Travel And More\"},\"image\":{\"@id\":\"https:\/\/tourtravelandmore.com\/es\/#\/schema\/logo\/image\/\"},\"sameAs\":[\"https:\/\/www.facebook.com\/tourtravelandmore\/\",\"https:\/\/x.com\/TourTravel_More\"]}]}<\/script>\n<!-- \/ Yoast SEO Premium plugin. -->","yoast_head_json":{"title":"\u27a1\ufe0f Traslado privado Cadiz | Tour Travel & More","description":"Disfruta de un Traslado privado Cadiz, y viaja de forma segura, sin colas ni esperas. Operamos en toda Andalucia, Aeropuertos y Terminal de Cruceros \u2705","robots":{"index":"index","follow":"follow","max-snippet":"max-snippet:-1","max-image-preview":"max-image-preview:large","max-video-preview":"max-video-preview:-1"},"canonical":"https:\/\/tourtravelandmore.com\/es\/tours\/espana-es\/cadiz-es\/traslado-privado-cadiz-recogida-y-devolucion-en-toda-andalucia\/","og_locale":"es_ES","og_type":"article","og_title":"Traslados privados en Cadiz","og_description":"Disfruta de un Traslado privado Cadiz, y viaja de forma segura, sin colas ni esperas. Operamos en toda Andalucia, Aeropuertos y Terminal de Cruceros \u2705","og_url":"https:\/\/tourtravelandmore.com\/es\/tours\/espana-es\/cadiz-es\/traslado-privado-cadiz-recogida-y-devolucion-en-toda-andalucia\/","og_site_name":"Tour Travel And More","article_publisher":"https:\/\/www.facebook.com\/tourtravelandmore\/","article_modified_time":"2024-02-27T16:07:42+00:00","og_image":[{"width":640,"height":458,"url":"https:\/\/tourtravelandmore.com\/wp-content\/uploads\/2016\/11\/TrasladoAlicante.jpg","type":"image\/jpeg"}],"twitter_card":"summary_large_image","twitter_site":"@TourTravel_More","twitter_misc":{"Tiempo de lectura":"2 minutos"},"schema":{"@context":"https:\/\/schema.org","@graph":[{"@type":"WebPage","@id":"https:\/\/tourtravelandmore.com\/es\/tours\/espana-es\/cadiz-es\/traslado-privado-cadiz-recogida-y-devolucion-en-toda-andalucia\/","url":"https:\/\/tourtravelandmore.com\/es\/tours\/espana-es\/cadiz-es\/traslado-privado-cadiz-recogida-y-devolucion-en-toda-andalucia\/","name":"\u27a1\ufe0f Traslado privado Cadiz | Tour Travel & More","isPartOf":{"@id":"https:\/\/tourtravelandmore.com\/es\/#website"},"primaryImageOfPage":{"@id":"https:\/\/tourtravelandmore.com\/es\/tours\/espana-es\/cadiz-es\/traslado-privado-cadiz-recogida-y-devolucion-en-toda-andalucia\/#primaryimage"},"image":{"@id":"https:\/\/tourtravelandmore.com\/es\/tours\/espana-es\/cadiz-es\/traslado-privado-cadiz-recogida-y-devolucion-en-toda-andalucia\/#primaryimage"},"thumbnailUrl":"https:\/\/tourtravelandmore.com\/wp-content\/uploads\/2016\/11\/TrasladoAlicante.jpg","datePublished":"2016-12-12T10:34:28+00:00","dateModified":"2024-02-27T16:07:42+00:00","description":"Disfruta de un Traslado privado Cadiz, y viaja de forma segura, sin colas ni esperas. Operamos en toda Andalucia, Aeropuertos y Terminal de Cruceros \u2705","breadcrumb":{"@id":"https:\/\/tourtravelandmore.com\/es\/tours\/espana-es\/cadiz-es\/traslado-privado-cadiz-recogida-y-devolucion-en-toda-andalucia\/#breadcrumb"},"inLanguage":"es","potentialAction":[{"@type":"ReadAction","target":["https:\/\/tourtravelandmore.com\/es\/tours\/espana-es\/cadiz-es\/traslado-privado-cadiz-recogida-y-devolucion-en-toda-andalucia\/"]}]},{"@type":"ImageObject","inLanguage":"es","@id":"https:\/\/tourtravelandmore.com\/es\/tours\/espana-es\/cadiz-es\/traslado-privado-cadiz-recogida-y-devolucion-en-toda-andalucia\/#primaryimage","url":"https:\/\/tourtravelandmore.com\/wp-content\/uploads\/2016\/11\/TrasladoAlicante.jpg","contentUrl":"https:\/\/tourtravelandmore.com\/wp-content\/uploads\/2016\/11\/TrasladoAlicante.jpg","width":640,"height":458},{"@type":"BreadcrumbList","@id":"https:\/\/tourtravelandmore.com\/es\/tours\/espana-es\/cadiz-es\/traslado-privado-cadiz-recogida-y-devolucion-en-toda-andalucia\/#breadcrumb","itemListElement":[{"@type":"ListItem","position":1,"name":"Home","item":"https:\/\/tourtravelandmore.com\/es\/"},{"@type":"ListItem","position":2,"name":"Tours","item":"https:\/\/tourtravelandmore.com\/es\/tours\/"},{"@type":"ListItem","position":3,"name":"Traslados privados en Cadiz"}]},{"@type":"WebSite","@id":"https:\/\/tourtravelandmore.com\/es\/#website","url":"https:\/\/tourtravelandmore.com\/es\/","name":"Tour Travel And More","description":"Private sightseeing tours and luxury transfers in Spain","publisher":{"@id":"https:\/\/tourtravelandmore.com\/es\/#organization"},"potentialAction":[{"@type":"SearchAction","target":{"@type":"EntryPoint","urlTemplate":"https:\/\/tourtravelandmore.com\/es\/?s={search_term_string}"},"query-input":{"@type":"PropertyValueSpecification","valueRequired":true,"valueName":"search_term_string"}}],"inLanguage":"es"},{"@type":"Organization","@id":"https:\/\/tourtravelandmore.com\/es\/#organization","name":"Tour Travel And More","url":"https:\/\/tourtravelandmore.com\/es\/","logo":{"@type":"ImageObject","inLanguage":"es","@id":"https:\/\/tourtravelandmore.com\/es\/#\/schema\/logo\/image\/","url":"https:\/\/tourtravelandmore.com\/wp-content\/uploads\/2022\/12\/cropped-logo-cabecera-new.png","contentUrl":"https:\/\/tourtravelandmore.com\/wp-content\/uploads\/2022\/12\/cropped-logo-cabecera-new.png","width":430,"height":61,"caption":"Tour Travel And More"},"image":{"@id":"https:\/\/tourtravelandmore.com\/es\/#\/schema\/logo\/image\/"},"sameAs":["https:\/\/www.facebook.com\/tourtravelandmore\/","https:\/\/x.com\/TourTravel_More"]}]}},"_links":{"self":[{"href":"https:\/\/tourtravelandmore.com\/es\/wp-json\/wp\/v2\/product\/9327","targetHints":{"allow":["GET"]}}],"collection":[{"href":"https:\/\/tourtravelandmore.com\/es\/wp-json\/wp\/v2\/product"}],"about":[{"href":"https:\/\/tourtravelandmore.com\/es\/wp-json\/wp\/v2\/types\/product"}],"replies":[{"embeddable":true,"href":"https:\/\/tourtravelandmore.com\/es\/wp-json\/wp\/v2\/comments?post=9327"}],"wp:featuredmedia":[{"embeddable":true,"href":"https:\/\/tourtravelandmore.com\/es\/wp-json\/wp\/v2\/media\/59366"}],"wp:attachment":[{"href":"https:\/\/tourtravelandmore.com\/es\/wp-json\/wp\/v2\/media?parent=9327"}],"wp:term":[{"taxonomy":"product_brand","embeddable":true,"href":"https:\/\/tourtravelandmore.com\/es\/wp-json\/wp\/v2\/product_brand?post=9327"},{"taxonomy":"product_cat","embeddable":true,"href":"https:\/\/tourtravelandmore.com\/es\/wp-json\/wp\/v2\/product_cat?post=9327"},{"taxonomy":"product_tag","embeddable":true,"href":"https:\/\/tourtravelandmore.com\/es\/wp-json\/wp\/v2\/product_tag?post=9327"}],"curies":[{"name":"wp","href":"https:\/\/api.w.org\/{rel}","templated":true}]}}