{"id":93077,"date":"2021-02-02T13:22:13","date_gmt":"2021-02-02T12:22:14","guid":{"rendered":"https:\/\/tourtravelandmore.com\/?post_type=product&#038;p=93077"},"modified":"2022-01-18T19:14:56","modified_gmt":"2022-01-18T18:14:56","slug":"tour-privado-de-stone-town","status":"publish","type":"product","link":"https:\/\/tourtravelandmore.com\/es\/tours\/eeuu-es\/tour-privado-de-stone-town\/","title":{"rendered":"Tour privado de Stone Town"},"content":{"rendered":"<h2>Descripci\u00f3n<\/h2>\n<p>Zanz\u00edbar es un destino completamente relajante. Esto no significa que no deba tomarse el tiempo para explorar y conocer Stone Town. \u00a1Este tour privado de Stone Town es perfecto para esto!<\/p>\n<p>Stone Town es la parte antigua de la ciudad de Zanz\u00edbar. Tambi\u00e9n se conoce como Mji Mkongwe. En suajili, esto significa casco antiguo. Stone Town es la principal ciudad de Zanz\u00edbar (Tanzania). Tambi\u00e9n hay una parte m\u00e1s nueva de la ciudad que se conoce como Ng\u2019ambo.<\/p>\n<p>Stone Town es una ciudad que tiene una gran importancia hist\u00f3rica y art\u00edstica en el este de \u00c1frica. La arquitectura incluso se remonta al siglo XIX. Refleja las influencias de la cultura Swahili. Esto significa que hay una mezcla de elementos \u00e1rabes, persas, indios e incluso europeos.<\/p>\n<p>Stone Town fue designado como Patrimonio de la Humanidad por la UNESCO en 2000. Es una gran atracci\u00f3n para los visitantes en Tanzania.<\/p>\n<p>Este tour privado comenzar\u00e1 desde su hotel o lugar de elecci\u00f3n en Zanz\u00edbar.<\/p>\n<h2>Puntos de inter\u00e9s y monumentos<\/h2>\n<p>En primer lugar, este tour privado de Stone Town comenzar\u00e1 en su hotel en Zanz\u00edbar. Luego nos dirigiremos hacia una de las primeras paradas. Esta ser\u00e1 la Catedral Anglicana.<\/p>\n<p>Despu\u00e9s de disfrutar de una peque\u00f1a introducci\u00f3n a la ciudad, el recorrido comenzar\u00e1 visitando el antiguo mercado de esclavos. Tambi\u00e9n visitaremos la catedral como se mencion\u00f3 anteriormente, la casa de las Maravillas, el Museo del Palacio del Sult\u00e1n y el Antiguo \u00c1rabe.<\/p>\n<p>Tambi\u00e9n disfrutaremos de paradas en los puestos del mercado donde se pondr\u00e1 azul para ver la vida cotidiana aqu\u00ed.<\/p>\n<p>Este tour privado de Stone Town tambi\u00e9n incluir\u00e1 visitas a la casa Reddit Mercury, la tienda de curiosidades de Zanz\u00edbar, la cafeter\u00eda de la esquina de Jaws y muchos m\u00e1s lugares en Stone Town.<\/p>\n<p>Este tour privado terminar\u00e1 en su hotel o lugar de elecci\u00f3n en Zanz\u00edbar. Deje que nuestro gu\u00eda tur\u00edstico privado lo ayude a explorar y descubrir el origen del suajili y el mercado de especias y frutas.<\/p>\n<p>Si desea visitar Stone Town, pero no tiene mucho tiempo en Zanz\u00edbar, podemos organizar la recogida en Dar es Salaam y disfrutar de una experiencia de d\u00eda completo.<\/p>\n<p>Consulte otros tours privados.<\/p>\n<p>&nbsp;<\/p>\n","protected":false},"excerpt":{"rendered":"<p>Explore uno de los lugares m\u00e1s bellos de Tanzania. Realice nuestro tour privado de Stone Town. \u00a1D\u00e9janos llevarte!<\/p>\n","protected":false},"featured_media":92206,"comment_status":"open","ping_status":"closed","template":"","meta":{"_acf_changed":false},"product_brand":[],"product_cat":[3455,1602],"product_tag":[],"class_list":{"0":"post-93077","1":"product","2":"type-product","3":"status-publish","4":"has-post-thumbnail","6":"product_cat-tanzania-sp","7":"product_cat-eeuu-es","9":"first","10":"instock","11":"shipping-taxable","12":"purchasable","13":"product-type-simple"},"acf":[],"yoast_head":"<!-- This site is optimized with the Yoast SEO Premium plugin v25.3.1 (Yoast SEO v25.3.1) - https:\/\/yoast.com\/wordpress\/plugins\/seo\/ -->\n<title>\u00a1Chofer-gu\u00eda privado de Stone Town Tour para una excursi\u00f3n \u00fanica!<\/title>\n<meta name=\"description\" content=\"Explore uno de los lugares m\u00e1s bellos de Tanzania. Realice nuestro tour privado de Stone Town. \u00a1D\u00e9janos llevarte!\" \/>\n<meta name=\"robots\" content=\"index, follow, max-snippet:-1, max-image-preview:large, max-video-preview:-1\" \/>\n<link rel=\"canonical\" href=\"https:\/\/tourtravelandmore.com\/es\/tours\/eeuu-es\/tour-privado-de-stone-town\/\" \/>\n<meta property=\"og:locale\" content=\"es_ES\" \/>\n<meta property=\"og:type\" content=\"article\" \/>\n<meta property=\"og:title\" content=\"Tour privado de Stone Town\" \/>\n<meta property=\"og:description\" content=\"Explore uno de los lugares m\u00e1s bellos de Tanzania. Realice nuestro tour privado de Stone Town. \u00a1D\u00e9janos llevarte!\" \/>\n<meta property=\"og:url\" content=\"https:\/\/tourtravelandmore.com\/es\/tours\/eeuu-es\/tour-privado-de-stone-town\/\" \/>\n<meta property=\"og:site_name\" content=\"Tour Travel And More\" \/>\n<meta property=\"article:publisher\" content=\"https:\/\/www.facebook.com\/tourtravelandmore\/\" \/>\n<meta property=\"article:modified_time\" content=\"2022-01-18T18:14:56+00:00\" \/>\n<meta property=\"og:image\" content=\"https:\/\/tourtravelandmore.com\/wp-content\/uploads\/2021\/01\/5486780C-49D6-40D0-B357-F1B277404BCD.jpeg\" \/>\n\t<meta property=\"og:image:width\" content=\"1920\" \/>\n\t<meta property=\"og:image:height\" content=\"1352\" \/>\n\t<meta property=\"og:image:type\" content=\"image\/jpeg\" \/>\n<meta name=\"twitter:card\" content=\"summary_large_image\" \/>\n<meta name=\"twitter:site\" content=\"@TourTravel_More\" \/>\n<meta name=\"twitter:label1\" content=\"Tiempo de lectura\" \/>\n\t<meta name=\"twitter:data1\" content=\"2 minutos\" \/>\n<script type=\"application\/ld+json\" class=\"yoast-schema-graph\">{\"@context\":\"https:\/\/schema.org\",\"@graph\":[{\"@type\":\"WebPage\",\"@id\":\"https:\/\/tourtravelandmore.com\/es\/tours\/eeuu-es\/tour-privado-de-stone-town\/\",\"url\":\"https:\/\/tourtravelandmore.com\/es\/tours\/eeuu-es\/tour-privado-de-stone-town\/\",\"name\":\"\u00a1Chofer-gu\u00eda privado de Stone Town Tour para una excursi\u00f3n \u00fanica!\",\"isPartOf\":{\"@id\":\"https:\/\/tourtravelandmore.com\/es\/#website\"},\"primaryImageOfPage\":{\"@id\":\"https:\/\/tourtravelandmore.com\/es\/tours\/eeuu-es\/tour-privado-de-stone-town\/#primaryimage\"},\"image\":{\"@id\":\"https:\/\/tourtravelandmore.com\/es\/tours\/eeuu-es\/tour-privado-de-stone-town\/#primaryimage\"},\"thumbnailUrl\":\"https:\/\/tourtravelandmore.com\/wp-content\/uploads\/2021\/01\/5486780C-49D6-40D0-B357-F1B277404BCD.jpeg\",\"datePublished\":\"2021-02-02T12:22:14+00:00\",\"dateModified\":\"2022-01-18T18:14:56+00:00\",\"description\":\"Explore uno de los lugares m\u00e1s bellos de Tanzania. Realice nuestro tour privado de Stone Town. \u00a1D\u00e9janos llevarte!\",\"breadcrumb\":{\"@id\":\"https:\/\/tourtravelandmore.com\/es\/tours\/eeuu-es\/tour-privado-de-stone-town\/#breadcrumb\"},\"inLanguage\":\"es\",\"potentialAction\":[{\"@type\":\"ReadAction\",\"target\":[\"https:\/\/tourtravelandmore.com\/es\/tours\/eeuu-es\/tour-privado-de-stone-town\/\"]}]},{\"@type\":\"ImageObject\",\"inLanguage\":\"es\",\"@id\":\"https:\/\/tourtravelandmore.com\/es\/tours\/eeuu-es\/tour-privado-de-stone-town\/#primaryimage\",\"url\":\"https:\/\/tourtravelandmore.com\/wp-content\/uploads\/2021\/01\/5486780C-49D6-40D0-B357-F1B277404BCD.jpeg\",\"contentUrl\":\"https:\/\/tourtravelandmore.com\/wp-content\/uploads\/2021\/01\/5486780C-49D6-40D0-B357-F1B277404BCD.jpeg\",\"width\":1920,\"height\":1352},{\"@type\":\"BreadcrumbList\",\"@id\":\"https:\/\/tourtravelandmore.com\/es\/tours\/eeuu-es\/tour-privado-de-stone-town\/#breadcrumb\",\"itemListElement\":[{\"@type\":\"ListItem\",\"position\":1,\"name\":\"Home\",\"item\":\"https:\/\/tourtravelandmore.com\/es\/\"},{\"@type\":\"ListItem\",\"position\":2,\"name\":\"Tours\",\"item\":\"https:\/\/tourtravelandmore.com\/es\/tours\/\"},{\"@type\":\"ListItem\",\"position\":3,\"name\":\"Tour privado de Stone Town\"}]},{\"@type\":\"WebSite\",\"@id\":\"https:\/\/tourtravelandmore.com\/es\/#website\",\"url\":\"https:\/\/tourtravelandmore.com\/es\/\",\"name\":\"Tour Travel And More\",\"description\":\"Private sightseeing tours and luxury transfers in Spain\",\"publisher\":{\"@id\":\"https:\/\/tourtravelandmore.com\/es\/#organization\"},\"potentialAction\":[{\"@type\":\"SearchAction\",\"target\":{\"@type\":\"EntryPoint\",\"urlTemplate\":\"https:\/\/tourtravelandmore.com\/es\/?s={search_term_string}\"},\"query-input\":{\"@type\":\"PropertyValueSpecification\",\"valueRequired\":true,\"valueName\":\"search_term_string\"}}],\"inLanguage\":\"es\"},{\"@type\":\"Organization\",\"@id\":\"https:\/\/tourtravelandmore.com\/es\/#organization\",\"name\":\"Tour Travel And More\",\"url\":\"https:\/\/tourtravelandmore.com\/es\/\",\"logo\":{\"@type\":\"ImageObject\",\"inLanguage\":\"es\",\"@id\":\"https:\/\/tourtravelandmore.com\/es\/#\/schema\/logo\/image\/\",\"url\":\"https:\/\/tourtravelandmore.com\/wp-content\/uploads\/2022\/12\/cropped-logo-cabecera-new.png\",\"contentUrl\":\"https:\/\/tourtravelandmore.com\/wp-content\/uploads\/2022\/12\/cropped-logo-cabecera-new.png\",\"width\":430,\"height\":61,\"caption\":\"Tour Travel And More\"},\"image\":{\"@id\":\"https:\/\/tourtravelandmore.com\/es\/#\/schema\/logo\/image\/\"},\"sameAs\":[\"https:\/\/www.facebook.com\/tourtravelandmore\/\",\"https:\/\/x.com\/TourTravel_More\"]}]}<\/script>\n<!-- \/ Yoast SEO Premium plugin. -->","yoast_head_json":{"title":"\u00a1Chofer-gu\u00eda privado de Stone Town Tour para una excursi\u00f3n \u00fanica!","description":"Explore uno de los lugares m\u00e1s bellos de Tanzania. Realice nuestro tour privado de Stone Town. \u00a1D\u00e9janos llevarte!","robots":{"index":"index","follow":"follow","max-snippet":"max-snippet:-1","max-image-preview":"max-image-preview:large","max-video-preview":"max-video-preview:-1"},"canonical":"https:\/\/tourtravelandmore.com\/es\/tours\/eeuu-es\/tour-privado-de-stone-town\/","og_locale":"es_ES","og_type":"article","og_title":"Tour privado de Stone Town","og_description":"Explore uno de los lugares m\u00e1s bellos de Tanzania. Realice nuestro tour privado de Stone Town. \u00a1D\u00e9janos llevarte!","og_url":"https:\/\/tourtravelandmore.com\/es\/tours\/eeuu-es\/tour-privado-de-stone-town\/","og_site_name":"Tour Travel And More","article_publisher":"https:\/\/www.facebook.com\/tourtravelandmore\/","article_modified_time":"2022-01-18T18:14:56+00:00","og_image":[{"width":1920,"height":1352,"url":"https:\/\/tourtravelandmore.com\/wp-content\/uploads\/2021\/01\/5486780C-49D6-40D0-B357-F1B277404BCD.jpeg","type":"image\/jpeg"}],"twitter_card":"summary_large_image","twitter_site":"@TourTravel_More","twitter_misc":{"Tiempo de lectura":"2 minutos"},"schema":{"@context":"https:\/\/schema.org","@graph":[{"@type":"WebPage","@id":"https:\/\/tourtravelandmore.com\/es\/tours\/eeuu-es\/tour-privado-de-stone-town\/","url":"https:\/\/tourtravelandmore.com\/es\/tours\/eeuu-es\/tour-privado-de-stone-town\/","name":"\u00a1Chofer-gu\u00eda privado de Stone Town Tour para una excursi\u00f3n \u00fanica!","isPartOf":{"@id":"https:\/\/tourtravelandmore.com\/es\/#website"},"primaryImageOfPage":{"@id":"https:\/\/tourtravelandmore.com\/es\/tours\/eeuu-es\/tour-privado-de-stone-town\/#primaryimage"},"image":{"@id":"https:\/\/tourtravelandmore.com\/es\/tours\/eeuu-es\/tour-privado-de-stone-town\/#primaryimage"},"thumbnailUrl":"https:\/\/tourtravelandmore.com\/wp-content\/uploads\/2021\/01\/5486780C-49D6-40D0-B357-F1B277404BCD.jpeg","datePublished":"2021-02-02T12:22:14+00:00","dateModified":"2022-01-18T18:14:56+00:00","description":"Explore uno de los lugares m\u00e1s bellos de Tanzania. Realice nuestro tour privado de Stone Town. \u00a1D\u00e9janos llevarte!","breadcrumb":{"@id":"https:\/\/tourtravelandmore.com\/es\/tours\/eeuu-es\/tour-privado-de-stone-town\/#breadcrumb"},"inLanguage":"es","potentialAction":[{"@type":"ReadAction","target":["https:\/\/tourtravelandmore.com\/es\/tours\/eeuu-es\/tour-privado-de-stone-town\/"]}]},{"@type":"ImageObject","inLanguage":"es","@id":"https:\/\/tourtravelandmore.com\/es\/tours\/eeuu-es\/tour-privado-de-stone-town\/#primaryimage","url":"https:\/\/tourtravelandmore.com\/wp-content\/uploads\/2021\/01\/5486780C-49D6-40D0-B357-F1B277404BCD.jpeg","contentUrl":"https:\/\/tourtravelandmore.com\/wp-content\/uploads\/2021\/01\/5486780C-49D6-40D0-B357-F1B277404BCD.jpeg","width":1920,"height":1352},{"@type":"BreadcrumbList","@id":"https:\/\/tourtravelandmore.com\/es\/tours\/eeuu-es\/tour-privado-de-stone-town\/#breadcrumb","itemListElement":[{"@type":"ListItem","position":1,"name":"Home","item":"https:\/\/tourtravelandmore.com\/es\/"},{"@type":"ListItem","position":2,"name":"Tours","item":"https:\/\/tourtravelandmore.com\/es\/tours\/"},{"@type":"ListItem","position":3,"name":"Tour privado de Stone Town"}]},{"@type":"WebSite","@id":"https:\/\/tourtravelandmore.com\/es\/#website","url":"https:\/\/tourtravelandmore.com\/es\/","name":"Tour Travel And More","description":"Private sightseeing tours and luxury transfers in Spain","publisher":{"@id":"https:\/\/tourtravelandmore.com\/es\/#organization"},"potentialAction":[{"@type":"SearchAction","target":{"@type":"EntryPoint","urlTemplate":"https:\/\/tourtravelandmore.com\/es\/?s={search_term_string}"},"query-input":{"@type":"PropertyValueSpecification","valueRequired":true,"valueName":"search_term_string"}}],"inLanguage":"es"},{"@type":"Organization","@id":"https:\/\/tourtravelandmore.com\/es\/#organization","name":"Tour Travel And More","url":"https:\/\/tourtravelandmore.com\/es\/","logo":{"@type":"ImageObject","inLanguage":"es","@id":"https:\/\/tourtravelandmore.com\/es\/#\/schema\/logo\/image\/","url":"https:\/\/tourtravelandmore.com\/wp-content\/uploads\/2022\/12\/cropped-logo-cabecera-new.png","contentUrl":"https:\/\/tourtravelandmore.com\/wp-content\/uploads\/2022\/12\/cropped-logo-cabecera-new.png","width":430,"height":61,"caption":"Tour Travel And More"},"image":{"@id":"https:\/\/tourtravelandmore.com\/es\/#\/schema\/logo\/image\/"},"sameAs":["https:\/\/www.facebook.com\/tourtravelandmore\/","https:\/\/x.com\/TourTravel_More"]}]}},"_links":{"self":[{"href":"https:\/\/tourtravelandmore.com\/es\/wp-json\/wp\/v2\/product\/93077","targetHints":{"allow":["GET"]}}],"collection":[{"href":"https:\/\/tourtravelandmore.com\/es\/wp-json\/wp\/v2\/product"}],"about":[{"href":"https:\/\/tourtravelandmore.com\/es\/wp-json\/wp\/v2\/types\/product"}],"replies":[{"embeddable":true,"href":"https:\/\/tourtravelandmore.com\/es\/wp-json\/wp\/v2\/comments?post=93077"}],"wp:featuredmedia":[{"embeddable":true,"href":"https:\/\/tourtravelandmore.com\/es\/wp-json\/wp\/v2\/media\/92206"}],"wp:attachment":[{"href":"https:\/\/tourtravelandmore.com\/es\/wp-json\/wp\/v2\/media?parent=93077"}],"wp:term":[{"taxonomy":"product_brand","embeddable":true,"href":"https:\/\/tourtravelandmore.com\/es\/wp-json\/wp\/v2\/product_brand?post=93077"},{"taxonomy":"product_cat","embeddable":true,"href":"https:\/\/tourtravelandmore.com\/es\/wp-json\/wp\/v2\/product_cat?post=93077"},{"taxonomy":"product_tag","embeddable":true,"href":"https:\/\/tourtravelandmore.com\/es\/wp-json\/wp\/v2\/product_tag?post=93077"}],"curies":[{"name":"wp","href":"https:\/\/api.w.org\/{rel}","templated":true}]}}