{"id":93052,"date":"2021-02-02T13:14:33","date_gmt":"2021-02-02T12:14:34","guid":{"rendered":"https:\/\/tourtravelandmore.com\/?post_type=product&#038;p=93052"},"modified":"2022-01-18T19:15:08","modified_gmt":"2022-01-18T18:15:08","slug":"tour-privado-a-la-isla-de-la-prision","status":"publish","type":"product","link":"https:\/\/tourtravelandmore.com\/es\/tours\/eeuu-es\/tour-privado-a-la-isla-de-la-prision\/","title":{"rendered":"Tour privado a la isla de la prisi\u00f3n"},"content":{"rendered":"<h2>Descripci\u00f3n<\/h2>\n<p>Realice esta excursi\u00f3n de medio d\u00eda para conocer Prison Island desde Stone Town. Este tour privado incluir\u00e1 la recogida en el lugar que elijas en Stone Town y disfrutar\u00e1s de algunas de las mejores partes de Prison Island. \u00a1Este es un tour perfecto de Prison Island privado desde Stone Town para ti!<\/p>\n<p>Prison Island tambi\u00e9n se conoce como Changuu Island. Es una peque\u00f1a isla al noroeste de Stone Town. Esto solo te llevar\u00e1 30 minutos en un bote privado para llegar a Prison Island desde el continente de Zanz\u00edbar.<\/p>\n<p>La isla tiene unos 800 metros de largo y 230 metros de ancho. Sol\u00eda \u200b\u200bser una prisi\u00f3n que se usaba para esclavos rebeldes en la d\u00e9cada de 1860. Este complejo carcelario anida gran parte de la historia de esta isla. Haga que su gu\u00eda privado le explique lo que sucedi\u00f3 aqu\u00ed y c\u00f3mo, en lugar de una prisi\u00f3n, se convirti\u00f3 en una estaci\u00f3n de cuarentena.<\/p>\n<p>Ahora, encuentra tortugas gigantes de Aldabra en peligro de extinci\u00f3n.<\/p>\n<p>Este tour privado comenzar\u00e1 desde su hotel en Stone Town. Luego nos dirigiremos a Prison Island.<\/p>\n<h2>Puntos de inter\u00e9s y monumentos<\/h2>\n<p>Despu\u00e9s de una c\u00f3moda recogida, nos dirigiremos hacia Prison Island. Tenga la oportunidad de explorar la rica cultura e historia de Zanz\u00edbar hasta esta isla en barco. Tenga una vista de la gran tortuga y, por supuesto, dedique alg\u00fan tiempo a bucear en la costa.<\/p>\n<p>Este recorrido durar\u00e1 alrededor de 3 horas y disfrutar\u00e1 de un entorno natural incre\u00edble. Una vez que su gu\u00eda se encuentre con usted en Zanz\u00edbar, daremos un paseo a la isla.<\/p>\n<p>Junto a su gu\u00eda tur\u00edstico privado, aprenda sobre la peque\u00f1a isla. Deje que su gu\u00eda lo ayude a explorar el lugar que ahora alberga a m\u00e1s de 50 tortugas, algunas de las cuales incluso tienen 100 a\u00f1os.<\/p>\n<p>Habr\u00e1 tiempo para alimentar a las tortugas y, por supuesto, tomar fotograf\u00edas incre\u00edbles.<\/p>\n<p>Luego lo llevaremos a bucear. S\u00ed, este tour privado por la isla de la prisi\u00f3n tambi\u00e9n incluye una breve experiencia de snorkel para ti. Disfrute del esn\u00f3rquel en las aguas cristalinas de la costa. Tenga una vista de los peces tropicales y los coloridos corales.<\/p>\n<p>Despu\u00e9s de que hayas disfrutado de esta parte de Prison Island, regresaremos a Stone Town. El recorrido regresar\u00e1 al centro de la ciudad de Stone Town.<\/p>\n<p>\u00a1Llegar\u00e1s a Prison Island en un taxi acu\u00e1tico!<\/p>\n<p>Si no se hospeda en Zanz\u00edbar pero desea disfrutar de Prison Island, consulte nuestros otros tours privados que parten de Dar es Salaam. \u00a1Consulte todo aqu\u00ed y comun\u00edquese con nuestros expertos en viajes para obtener m\u00e1s informaci\u00f3n!<\/p>\n<p>&nbsp;<\/p>\n","protected":false},"excerpt":{"rendered":"<p>Explore uno de los lugares m\u00e1s bellos de Tanzania. Realice nuestro tour privado por la isla de la prisi\u00f3n. \u00a1D\u00e9janos llevarte!<\/p>\n","protected":false},"featured_media":92230,"comment_status":"open","ping_status":"closed","template":"","meta":{"_acf_changed":false},"product_brand":[],"product_cat":[3455,1602],"product_tag":[],"class_list":{"0":"post-93052","1":"product","2":"type-product","3":"status-publish","4":"has-post-thumbnail","6":"product_cat-tanzania-sp","7":"product_cat-eeuu-es","9":"first","10":"instock","11":"shipping-taxable","12":"purchasable","13":"product-type-simple"},"acf":[],"yoast_head":"<!-- This site is optimized with the Yoast SEO Premium plugin v25.3.1 (Yoast SEO v25.3.1) - https:\/\/yoast.com\/wordpress\/plugins\/seo\/ -->\n<title>\u00a1Chofer-gu\u00eda privado de Prison Island Tour para una excursi\u00f3n \u00fanica!<\/title>\n<meta name=\"description\" content=\"Explore uno de los lugares m\u00e1s bellos de Tanzania. Realice nuestro tour privado por la isla de la prisi\u00f3n. \u00a1D\u00e9janos llevarte!\" \/>\n<meta name=\"robots\" content=\"index, follow, max-snippet:-1, max-image-preview:large, max-video-preview:-1\" \/>\n<link rel=\"canonical\" href=\"https:\/\/tourtravelandmore.com\/es\/tours\/eeuu-es\/tour-privado-a-la-isla-de-la-prision\/\" \/>\n<meta property=\"og:locale\" content=\"es_ES\" \/>\n<meta property=\"og:type\" content=\"article\" \/>\n<meta property=\"og:title\" content=\"Tour privado a la isla de la prisi\u00f3n\" \/>\n<meta property=\"og:description\" content=\"Explore uno de los lugares m\u00e1s bellos de Tanzania. Realice nuestro tour privado por la isla de la prisi\u00f3n. \u00a1D\u00e9janos llevarte!\" \/>\n<meta property=\"og:url\" content=\"https:\/\/tourtravelandmore.com\/es\/tours\/eeuu-es\/tour-privado-a-la-isla-de-la-prision\/\" \/>\n<meta property=\"og:site_name\" content=\"Tour Travel And More\" \/>\n<meta property=\"article:publisher\" content=\"https:\/\/www.facebook.com\/tourtravelandmore\/\" \/>\n<meta property=\"article:modified_time\" content=\"2022-01-18T18:15:08+00:00\" \/>\n<meta property=\"og:image\" content=\"https:\/\/tourtravelandmore.com\/wp-content\/uploads\/2021\/01\/8AE45570-86B8-4303-91F1-30E302607C40-scaled.jpeg\" \/>\n\t<meta property=\"og:image:width\" content=\"2560\" \/>\n\t<meta property=\"og:image:height\" content=\"1707\" \/>\n\t<meta property=\"og:image:type\" content=\"image\/jpeg\" \/>\n<meta name=\"twitter:card\" content=\"summary_large_image\" \/>\n<meta name=\"twitter:site\" content=\"@TourTravel_More\" \/>\n<meta name=\"twitter:label1\" content=\"Tiempo de lectura\" \/>\n\t<meta name=\"twitter:data1\" content=\"2 minutos\" \/>\n<script type=\"application\/ld+json\" class=\"yoast-schema-graph\">{\"@context\":\"https:\/\/schema.org\",\"@graph\":[{\"@type\":\"WebPage\",\"@id\":\"https:\/\/tourtravelandmore.com\/es\/tours\/eeuu-es\/tour-privado-a-la-isla-de-la-prision\/\",\"url\":\"https:\/\/tourtravelandmore.com\/es\/tours\/eeuu-es\/tour-privado-a-la-isla-de-la-prision\/\",\"name\":\"\u00a1Chofer-gu\u00eda privado de Prison Island Tour para una excursi\u00f3n \u00fanica!\",\"isPartOf\":{\"@id\":\"https:\/\/tourtravelandmore.com\/es\/#website\"},\"primaryImageOfPage\":{\"@id\":\"https:\/\/tourtravelandmore.com\/es\/tours\/eeuu-es\/tour-privado-a-la-isla-de-la-prision\/#primaryimage\"},\"image\":{\"@id\":\"https:\/\/tourtravelandmore.com\/es\/tours\/eeuu-es\/tour-privado-a-la-isla-de-la-prision\/#primaryimage\"},\"thumbnailUrl\":\"https:\/\/tourtravelandmore.com\/wp-content\/uploads\/2021\/01\/8AE45570-86B8-4303-91F1-30E302607C40-scaled.jpeg\",\"datePublished\":\"2021-02-02T12:14:34+00:00\",\"dateModified\":\"2022-01-18T18:15:08+00:00\",\"description\":\"Explore uno de los lugares m\u00e1s bellos de Tanzania. Realice nuestro tour privado por la isla de la prisi\u00f3n. \u00a1D\u00e9janos llevarte!\",\"breadcrumb\":{\"@id\":\"https:\/\/tourtravelandmore.com\/es\/tours\/eeuu-es\/tour-privado-a-la-isla-de-la-prision\/#breadcrumb\"},\"inLanguage\":\"es\",\"potentialAction\":[{\"@type\":\"ReadAction\",\"target\":[\"https:\/\/tourtravelandmore.com\/es\/tours\/eeuu-es\/tour-privado-a-la-isla-de-la-prision\/\"]}]},{\"@type\":\"ImageObject\",\"inLanguage\":\"es\",\"@id\":\"https:\/\/tourtravelandmore.com\/es\/tours\/eeuu-es\/tour-privado-a-la-isla-de-la-prision\/#primaryimage\",\"url\":\"https:\/\/tourtravelandmore.com\/wp-content\/uploads\/2021\/01\/8AE45570-86B8-4303-91F1-30E302607C40-scaled.jpeg\",\"contentUrl\":\"https:\/\/tourtravelandmore.com\/wp-content\/uploads\/2021\/01\/8AE45570-86B8-4303-91F1-30E302607C40-scaled.jpeg\",\"width\":2560,\"height\":1707},{\"@type\":\"BreadcrumbList\",\"@id\":\"https:\/\/tourtravelandmore.com\/es\/tours\/eeuu-es\/tour-privado-a-la-isla-de-la-prision\/#breadcrumb\",\"itemListElement\":[{\"@type\":\"ListItem\",\"position\":1,\"name\":\"Home\",\"item\":\"https:\/\/tourtravelandmore.com\/es\/\"},{\"@type\":\"ListItem\",\"position\":2,\"name\":\"Tours\",\"item\":\"https:\/\/tourtravelandmore.com\/es\/tours\/\"},{\"@type\":\"ListItem\",\"position\":3,\"name\":\"Tour privado a la isla de la prisi\u00f3n\"}]},{\"@type\":\"WebSite\",\"@id\":\"https:\/\/tourtravelandmore.com\/es\/#website\",\"url\":\"https:\/\/tourtravelandmore.com\/es\/\",\"name\":\"Tour Travel And More\",\"description\":\"Private sightseeing tours and luxury transfers in Spain\",\"publisher\":{\"@id\":\"https:\/\/tourtravelandmore.com\/es\/#organization\"},\"potentialAction\":[{\"@type\":\"SearchAction\",\"target\":{\"@type\":\"EntryPoint\",\"urlTemplate\":\"https:\/\/tourtravelandmore.com\/es\/?s={search_term_string}\"},\"query-input\":{\"@type\":\"PropertyValueSpecification\",\"valueRequired\":true,\"valueName\":\"search_term_string\"}}],\"inLanguage\":\"es\"},{\"@type\":\"Organization\",\"@id\":\"https:\/\/tourtravelandmore.com\/es\/#organization\",\"name\":\"Tour Travel And More\",\"url\":\"https:\/\/tourtravelandmore.com\/es\/\",\"logo\":{\"@type\":\"ImageObject\",\"inLanguage\":\"es\",\"@id\":\"https:\/\/tourtravelandmore.com\/es\/#\/schema\/logo\/image\/\",\"url\":\"https:\/\/tourtravelandmore.com\/wp-content\/uploads\/2022\/12\/cropped-logo-cabecera-new.png\",\"contentUrl\":\"https:\/\/tourtravelandmore.com\/wp-content\/uploads\/2022\/12\/cropped-logo-cabecera-new.png\",\"width\":430,\"height\":61,\"caption\":\"Tour Travel And More\"},\"image\":{\"@id\":\"https:\/\/tourtravelandmore.com\/es\/#\/schema\/logo\/image\/\"},\"sameAs\":[\"https:\/\/www.facebook.com\/tourtravelandmore\/\",\"https:\/\/x.com\/TourTravel_More\"]}]}<\/script>\n<!-- \/ Yoast SEO Premium plugin. -->","yoast_head_json":{"title":"\u00a1Chofer-gu\u00eda privado de Prison Island Tour para una excursi\u00f3n \u00fanica!","description":"Explore uno de los lugares m\u00e1s bellos de Tanzania. Realice nuestro tour privado por la isla de la prisi\u00f3n. \u00a1D\u00e9janos llevarte!","robots":{"index":"index","follow":"follow","max-snippet":"max-snippet:-1","max-image-preview":"max-image-preview:large","max-video-preview":"max-video-preview:-1"},"canonical":"https:\/\/tourtravelandmore.com\/es\/tours\/eeuu-es\/tour-privado-a-la-isla-de-la-prision\/","og_locale":"es_ES","og_type":"article","og_title":"Tour privado a la isla de la prisi\u00f3n","og_description":"Explore uno de los lugares m\u00e1s bellos de Tanzania. Realice nuestro tour privado por la isla de la prisi\u00f3n. \u00a1D\u00e9janos llevarte!","og_url":"https:\/\/tourtravelandmore.com\/es\/tours\/eeuu-es\/tour-privado-a-la-isla-de-la-prision\/","og_site_name":"Tour Travel And More","article_publisher":"https:\/\/www.facebook.com\/tourtravelandmore\/","article_modified_time":"2022-01-18T18:15:08+00:00","og_image":[{"width":2560,"height":1707,"url":"https:\/\/tourtravelandmore.com\/wp-content\/uploads\/2021\/01\/8AE45570-86B8-4303-91F1-30E302607C40-scaled.jpeg","type":"image\/jpeg"}],"twitter_card":"summary_large_image","twitter_site":"@TourTravel_More","twitter_misc":{"Tiempo de lectura":"2 minutos"},"schema":{"@context":"https:\/\/schema.org","@graph":[{"@type":"WebPage","@id":"https:\/\/tourtravelandmore.com\/es\/tours\/eeuu-es\/tour-privado-a-la-isla-de-la-prision\/","url":"https:\/\/tourtravelandmore.com\/es\/tours\/eeuu-es\/tour-privado-a-la-isla-de-la-prision\/","name":"\u00a1Chofer-gu\u00eda privado de Prison Island Tour para una excursi\u00f3n \u00fanica!","isPartOf":{"@id":"https:\/\/tourtravelandmore.com\/es\/#website"},"primaryImageOfPage":{"@id":"https:\/\/tourtravelandmore.com\/es\/tours\/eeuu-es\/tour-privado-a-la-isla-de-la-prision\/#primaryimage"},"image":{"@id":"https:\/\/tourtravelandmore.com\/es\/tours\/eeuu-es\/tour-privado-a-la-isla-de-la-prision\/#primaryimage"},"thumbnailUrl":"https:\/\/tourtravelandmore.com\/wp-content\/uploads\/2021\/01\/8AE45570-86B8-4303-91F1-30E302607C40-scaled.jpeg","datePublished":"2021-02-02T12:14:34+00:00","dateModified":"2022-01-18T18:15:08+00:00","description":"Explore uno de los lugares m\u00e1s bellos de Tanzania. Realice nuestro tour privado por la isla de la prisi\u00f3n. \u00a1D\u00e9janos llevarte!","breadcrumb":{"@id":"https:\/\/tourtravelandmore.com\/es\/tours\/eeuu-es\/tour-privado-a-la-isla-de-la-prision\/#breadcrumb"},"inLanguage":"es","potentialAction":[{"@type":"ReadAction","target":["https:\/\/tourtravelandmore.com\/es\/tours\/eeuu-es\/tour-privado-a-la-isla-de-la-prision\/"]}]},{"@type":"ImageObject","inLanguage":"es","@id":"https:\/\/tourtravelandmore.com\/es\/tours\/eeuu-es\/tour-privado-a-la-isla-de-la-prision\/#primaryimage","url":"https:\/\/tourtravelandmore.com\/wp-content\/uploads\/2021\/01\/8AE45570-86B8-4303-91F1-30E302607C40-scaled.jpeg","contentUrl":"https:\/\/tourtravelandmore.com\/wp-content\/uploads\/2021\/01\/8AE45570-86B8-4303-91F1-30E302607C40-scaled.jpeg","width":2560,"height":1707},{"@type":"BreadcrumbList","@id":"https:\/\/tourtravelandmore.com\/es\/tours\/eeuu-es\/tour-privado-a-la-isla-de-la-prision\/#breadcrumb","itemListElement":[{"@type":"ListItem","position":1,"name":"Home","item":"https:\/\/tourtravelandmore.com\/es\/"},{"@type":"ListItem","position":2,"name":"Tours","item":"https:\/\/tourtravelandmore.com\/es\/tours\/"},{"@type":"ListItem","position":3,"name":"Tour privado a la isla de la prisi\u00f3n"}]},{"@type":"WebSite","@id":"https:\/\/tourtravelandmore.com\/es\/#website","url":"https:\/\/tourtravelandmore.com\/es\/","name":"Tour Travel And More","description":"Private sightseeing tours and luxury transfers in Spain","publisher":{"@id":"https:\/\/tourtravelandmore.com\/es\/#organization"},"potentialAction":[{"@type":"SearchAction","target":{"@type":"EntryPoint","urlTemplate":"https:\/\/tourtravelandmore.com\/es\/?s={search_term_string}"},"query-input":{"@type":"PropertyValueSpecification","valueRequired":true,"valueName":"search_term_string"}}],"inLanguage":"es"},{"@type":"Organization","@id":"https:\/\/tourtravelandmore.com\/es\/#organization","name":"Tour Travel And More","url":"https:\/\/tourtravelandmore.com\/es\/","logo":{"@type":"ImageObject","inLanguage":"es","@id":"https:\/\/tourtravelandmore.com\/es\/#\/schema\/logo\/image\/","url":"https:\/\/tourtravelandmore.com\/wp-content\/uploads\/2022\/12\/cropped-logo-cabecera-new.png","contentUrl":"https:\/\/tourtravelandmore.com\/wp-content\/uploads\/2022\/12\/cropped-logo-cabecera-new.png","width":430,"height":61,"caption":"Tour Travel And More"},"image":{"@id":"https:\/\/tourtravelandmore.com\/es\/#\/schema\/logo\/image\/"},"sameAs":["https:\/\/www.facebook.com\/tourtravelandmore\/","https:\/\/x.com\/TourTravel_More"]}]}},"_links":{"self":[{"href":"https:\/\/tourtravelandmore.com\/es\/wp-json\/wp\/v2\/product\/93052","targetHints":{"allow":["GET"]}}],"collection":[{"href":"https:\/\/tourtravelandmore.com\/es\/wp-json\/wp\/v2\/product"}],"about":[{"href":"https:\/\/tourtravelandmore.com\/es\/wp-json\/wp\/v2\/types\/product"}],"replies":[{"embeddable":true,"href":"https:\/\/tourtravelandmore.com\/es\/wp-json\/wp\/v2\/comments?post=93052"}],"wp:featuredmedia":[{"embeddable":true,"href":"https:\/\/tourtravelandmore.com\/es\/wp-json\/wp\/v2\/media\/92230"}],"wp:attachment":[{"href":"https:\/\/tourtravelandmore.com\/es\/wp-json\/wp\/v2\/media?parent=93052"}],"wp:term":[{"taxonomy":"product_brand","embeddable":true,"href":"https:\/\/tourtravelandmore.com\/es\/wp-json\/wp\/v2\/product_brand?post=93052"},{"taxonomy":"product_cat","embeddable":true,"href":"https:\/\/tourtravelandmore.com\/es\/wp-json\/wp\/v2\/product_cat?post=93052"},{"taxonomy":"product_tag","embeddable":true,"href":"https:\/\/tourtravelandmore.com\/es\/wp-json\/wp\/v2\/product_tag?post=93052"}],"curies":[{"name":"wp","href":"https:\/\/api.w.org\/{rel}","templated":true}]}}