{"id":93031,"date":"2021-02-02T13:00:07","date_gmt":"2021-02-02T12:00:08","guid":{"rendered":"https:\/\/tourtravelandmore.com\/?post_type=product&#038;p=93031"},"modified":"2021-02-02T13:12:32","modified_gmt":"2021-02-02T12:12:32","slug":"visite-privee-de-dar-es-salaam","status":"publish","type":"product","link":"https:\/\/tourtravelandmore.com\/es\/tours\/eeuu-es\/visite-privee-de-dar-es-salaam\/","title":{"rendered":"Visite priv\u00e9e de Dar Es Salaam"},"content":{"rendered":"<h2>Descripci\u00f3n<\/h2>\n<p>Dar es Salaam es un lugar muy popular para pasar la noche y pasar unas horas. Es por eso que recomendamos disfrutar de un recorrido con un gu\u00eda tur\u00edstico profesional en esta agitada ciudad. Este tour privado de Dar Es Salaam es perfecto para ti.<\/p>\n<p>Dar es Salaam es la ciudad m\u00e1s grande y antigua capital de Tanzania. En realidad, es la ciudad m\u00e1s grande de \u00c1frica Oriental. \u00bfSab\u00edas que es la s\u00e9ptima ciudad m\u00e1s grande de \u00c1frica? Tiene una poblaci\u00f3n de m\u00e1s de 5 millones.<\/p>\n<p>En la costa suajili, la ciudad de Dar es Salaam es un centro econ\u00f3mico muy importante y una ciudad de r\u00e1pido crecimiento.<\/p>\n<p>La ciudad de Dar es Salaam es una ciudad destacada en arte, moda y medios. Adem\u00e1s de m\u00fasica, cine y televisi\u00f3n. La ciudad es un punto de parada para la mayor\u00eda de los turistas cuando visitan Tanzania. Es una buena parada para ir a Zanz\u00edbar y por supuesto a Safaris en la zona.<\/p>\n<p>Para este tour privado, nuestro conductor-gu\u00eda privado lo recoger\u00e1 de su hotel y comenzar\u00e1 nuestro recorrido.<\/p>\n<h2>Puntos de inter\u00e9s y monumentos<\/h2>\n<p>En primer lugar, esperar\u00e1 a que nuestro conductor-gu\u00eda privado comience este tour privado de Dar Es Salaam. Una vez con su gu\u00eda tur\u00edstico privado, comenzaremos este tour privado. Este es un recorrido de 4 horas para ver lo mejor de la ciudad de Dar es Salaam.<\/p>\n<p>Este tour privado comenzar\u00e1 a las 9 am, por ejemplo. Siempre podemos organizar la hora de inicio para que se ajuste a sus necesidades exactas.<\/p>\n<p>\u00a1Nuestro gu\u00eda tur\u00edstico estar\u00e1 a su disposici\u00f3n para una gran y \u00fanica experiencia!<\/p>\n<p>Estos son algunos de los sitios y ubicaciones que podr\u00e1 disfrutar durante este tour privado de Dar es Salaam:<\/p>\n<ul>\n<li>El Monumento Askari<\/li>\n<li>jard\u00edn Bot\u00e1nico<\/li>\n<li>Museo Nacional<\/li>\n<li>El hospital Ocean Road<\/li>\n<li>Casa del estado<\/li>\n<li>Ferry Ligamboni y mercado de pescado<\/li>\n<li>Una iglesia luterana<\/li>\n<li>Iglesia de la Catedral de San Jos\u00e9<\/li>\n<li>Puerto de Dar Es Salaam<\/li>\n<li>Estaci\u00f3n de tren de la ciudad<\/li>\n<li>Torre del Reloj<\/li>\n<li>El parque Mnazi Moja<\/li>\n<li>Pueblo de los talladores de madera de Makonde<\/li>\n<li>Museo del pueblo<\/li>\n<li>Camino de deslizamiento<\/li>\n<li>\u00a1Mucho m\u00e1s!<\/li>\n<\/ul>\n<p>Nuestro conductor-gu\u00eda privado lo llevar\u00e1 de regreso a su hotel o lugar de elecci\u00f3n en Dar es Salaam para finalizar este recorrido privado.<\/p>\n<p>Eche un vistazo a nuestros otros tours privados en Tanzania. Echa un vistazo a los safaris y todo lo que tiene para ofrecer.<\/p>\n<p>&nbsp;<\/p>\n","protected":false},"excerpt":{"rendered":"<p>Explore una de las capitales de Tanzania. Esto es Dar Es Salaam. Realice nuestro tour privado de Dar Es Salaam. \u00a1D\u00e9janos llevarte!<\/p>\n","protected":false},"featured_media":92209,"comment_status":"open","ping_status":"closed","template":"","meta":{"_acf_changed":false},"product_brand":[],"product_cat":[3455,1602],"product_tag":[],"class_list":{"0":"post-93031","1":"product","2":"type-product","3":"status-publish","4":"has-post-thumbnail","6":"product_cat-tanzania-sp","7":"product_cat-eeuu-es","9":"first","10":"instock","11":"shipping-taxable","12":"purchasable","13":"product-type-simple"},"acf":[],"yoast_head":"<!-- This site is optimized with the Yoast SEO Premium plugin v25.3.1 (Yoast SEO v25.3.1) - https:\/\/yoast.com\/wordpress\/plugins\/seo\/ -->\n<title>\u00a1Chofer-gu\u00eda privado de Dar Es Salaam Tour para una excursi\u00f3n \u00fanica!<\/title>\n<meta name=\"description\" content=\"Explore una de las capitales de Tanzania. Esto es Dar Es Salaam. Realice nuestro tour privado de Dar Es Salaam. \u00a1D\u00e9janos llevarte!\" \/>\n<meta name=\"robots\" content=\"index, follow, max-snippet:-1, max-image-preview:large, max-video-preview:-1\" \/>\n<link rel=\"canonical\" href=\"https:\/\/tourtravelandmore.com\/es\/tours\/eeuu-es\/visite-privee-de-dar-es-salaam\/\" \/>\n<meta property=\"og:locale\" content=\"es_ES\" \/>\n<meta property=\"og:type\" content=\"article\" \/>\n<meta property=\"og:title\" content=\"Visite priv\u00e9e de Dar Es Salaam\" \/>\n<meta property=\"og:description\" content=\"Explore una de las capitales de Tanzania. Esto es Dar Es Salaam. Realice nuestro tour privado de Dar Es Salaam. \u00a1D\u00e9janos llevarte!\" \/>\n<meta property=\"og:url\" content=\"https:\/\/tourtravelandmore.com\/es\/tours\/eeuu-es\/visite-privee-de-dar-es-salaam\/\" \/>\n<meta property=\"og:site_name\" content=\"Tour Travel And More\" \/>\n<meta property=\"article:publisher\" content=\"https:\/\/www.facebook.com\/tourtravelandmore\/\" \/>\n<meta property=\"article:modified_time\" content=\"2021-02-02T12:12:32+00:00\" \/>\n<meta property=\"og:image\" content=\"https:\/\/tourtravelandmore.com\/wp-content\/uploads\/2021\/01\/453A4664-F740-4872-94B6-6C60263AC946.jpeg\" \/>\n\t<meta property=\"og:image:width\" content=\"1920\" \/>\n\t<meta property=\"og:image:height\" content=\"1235\" \/>\n\t<meta property=\"og:image:type\" content=\"image\/jpeg\" \/>\n<meta name=\"twitter:card\" content=\"summary_large_image\" \/>\n<meta name=\"twitter:site\" content=\"@TourTravel_More\" \/>\n<meta name=\"twitter:label1\" content=\"Tiempo de lectura\" \/>\n\t<meta name=\"twitter:data1\" content=\"2 minutos\" \/>\n<script type=\"application\/ld+json\" class=\"yoast-schema-graph\">{\"@context\":\"https:\/\/schema.org\",\"@graph\":[{\"@type\":\"WebPage\",\"@id\":\"https:\/\/tourtravelandmore.com\/es\/tours\/eeuu-es\/visite-privee-de-dar-es-salaam\/\",\"url\":\"https:\/\/tourtravelandmore.com\/es\/tours\/eeuu-es\/visite-privee-de-dar-es-salaam\/\",\"name\":\"\u00a1Chofer-gu\u00eda privado de Dar Es Salaam Tour para una excursi\u00f3n \u00fanica!\",\"isPartOf\":{\"@id\":\"https:\/\/tourtravelandmore.com\/es\/#website\"},\"primaryImageOfPage\":{\"@id\":\"https:\/\/tourtravelandmore.com\/es\/tours\/eeuu-es\/visite-privee-de-dar-es-salaam\/#primaryimage\"},\"image\":{\"@id\":\"https:\/\/tourtravelandmore.com\/es\/tours\/eeuu-es\/visite-privee-de-dar-es-salaam\/#primaryimage\"},\"thumbnailUrl\":\"https:\/\/tourtravelandmore.com\/wp-content\/uploads\/2021\/01\/453A4664-F740-4872-94B6-6C60263AC946.jpeg\",\"datePublished\":\"2021-02-02T12:00:08+00:00\",\"dateModified\":\"2021-02-02T12:12:32+00:00\",\"description\":\"Explore una de las capitales de Tanzania. Esto es Dar Es Salaam. Realice nuestro tour privado de Dar Es Salaam. \u00a1D\u00e9janos llevarte!\",\"breadcrumb\":{\"@id\":\"https:\/\/tourtravelandmore.com\/es\/tours\/eeuu-es\/visite-privee-de-dar-es-salaam\/#breadcrumb\"},\"inLanguage\":\"es\",\"potentialAction\":[{\"@type\":\"ReadAction\",\"target\":[\"https:\/\/tourtravelandmore.com\/es\/tours\/eeuu-es\/visite-privee-de-dar-es-salaam\/\"]}]},{\"@type\":\"ImageObject\",\"inLanguage\":\"es\",\"@id\":\"https:\/\/tourtravelandmore.com\/es\/tours\/eeuu-es\/visite-privee-de-dar-es-salaam\/#primaryimage\",\"url\":\"https:\/\/tourtravelandmore.com\/wp-content\/uploads\/2021\/01\/453A4664-F740-4872-94B6-6C60263AC946.jpeg\",\"contentUrl\":\"https:\/\/tourtravelandmore.com\/wp-content\/uploads\/2021\/01\/453A4664-F740-4872-94B6-6C60263AC946.jpeg\",\"width\":1920,\"height\":1235},{\"@type\":\"BreadcrumbList\",\"@id\":\"https:\/\/tourtravelandmore.com\/es\/tours\/eeuu-es\/visite-privee-de-dar-es-salaam\/#breadcrumb\",\"itemListElement\":[{\"@type\":\"ListItem\",\"position\":1,\"name\":\"Home\",\"item\":\"https:\/\/tourtravelandmore.com\/es\/\"},{\"@type\":\"ListItem\",\"position\":2,\"name\":\"Tours\",\"item\":\"https:\/\/tourtravelandmore.com\/es\/tours\/\"},{\"@type\":\"ListItem\",\"position\":3,\"name\":\"Visite priv\u00e9e de Dar Es Salaam\"}]},{\"@type\":\"WebSite\",\"@id\":\"https:\/\/tourtravelandmore.com\/es\/#website\",\"url\":\"https:\/\/tourtravelandmore.com\/es\/\",\"name\":\"Tour Travel And More\",\"description\":\"Private sightseeing tours and luxury transfers in Spain\",\"publisher\":{\"@id\":\"https:\/\/tourtravelandmore.com\/es\/#organization\"},\"potentialAction\":[{\"@type\":\"SearchAction\",\"target\":{\"@type\":\"EntryPoint\",\"urlTemplate\":\"https:\/\/tourtravelandmore.com\/es\/?s={search_term_string}\"},\"query-input\":{\"@type\":\"PropertyValueSpecification\",\"valueRequired\":true,\"valueName\":\"search_term_string\"}}],\"inLanguage\":\"es\"},{\"@type\":\"Organization\",\"@id\":\"https:\/\/tourtravelandmore.com\/es\/#organization\",\"name\":\"Tour Travel And More\",\"url\":\"https:\/\/tourtravelandmore.com\/es\/\",\"logo\":{\"@type\":\"ImageObject\",\"inLanguage\":\"es\",\"@id\":\"https:\/\/tourtravelandmore.com\/es\/#\/schema\/logo\/image\/\",\"url\":\"https:\/\/tourtravelandmore.com\/wp-content\/uploads\/2022\/12\/cropped-logo-cabecera-new.png\",\"contentUrl\":\"https:\/\/tourtravelandmore.com\/wp-content\/uploads\/2022\/12\/cropped-logo-cabecera-new.png\",\"width\":430,\"height\":61,\"caption\":\"Tour Travel And More\"},\"image\":{\"@id\":\"https:\/\/tourtravelandmore.com\/es\/#\/schema\/logo\/image\/\"},\"sameAs\":[\"https:\/\/www.facebook.com\/tourtravelandmore\/\",\"https:\/\/x.com\/TourTravel_More\"]}]}<\/script>\n<!-- \/ Yoast SEO Premium plugin. -->","yoast_head_json":{"title":"\u00a1Chofer-gu\u00eda privado de Dar Es Salaam Tour para una excursi\u00f3n \u00fanica!","description":"Explore una de las capitales de Tanzania. Esto es Dar Es Salaam. Realice nuestro tour privado de Dar Es Salaam. \u00a1D\u00e9janos llevarte!","robots":{"index":"index","follow":"follow","max-snippet":"max-snippet:-1","max-image-preview":"max-image-preview:large","max-video-preview":"max-video-preview:-1"},"canonical":"https:\/\/tourtravelandmore.com\/es\/tours\/eeuu-es\/visite-privee-de-dar-es-salaam\/","og_locale":"es_ES","og_type":"article","og_title":"Visite priv\u00e9e de Dar Es Salaam","og_description":"Explore una de las capitales de Tanzania. Esto es Dar Es Salaam. Realice nuestro tour privado de Dar Es Salaam. \u00a1D\u00e9janos llevarte!","og_url":"https:\/\/tourtravelandmore.com\/es\/tours\/eeuu-es\/visite-privee-de-dar-es-salaam\/","og_site_name":"Tour Travel And More","article_publisher":"https:\/\/www.facebook.com\/tourtravelandmore\/","article_modified_time":"2021-02-02T12:12:32+00:00","og_image":[{"width":1920,"height":1235,"url":"https:\/\/tourtravelandmore.com\/wp-content\/uploads\/2021\/01\/453A4664-F740-4872-94B6-6C60263AC946.jpeg","type":"image\/jpeg"}],"twitter_card":"summary_large_image","twitter_site":"@TourTravel_More","twitter_misc":{"Tiempo de lectura":"2 minutos"},"schema":{"@context":"https:\/\/schema.org","@graph":[{"@type":"WebPage","@id":"https:\/\/tourtravelandmore.com\/es\/tours\/eeuu-es\/visite-privee-de-dar-es-salaam\/","url":"https:\/\/tourtravelandmore.com\/es\/tours\/eeuu-es\/visite-privee-de-dar-es-salaam\/","name":"\u00a1Chofer-gu\u00eda privado de Dar Es Salaam Tour para una excursi\u00f3n \u00fanica!","isPartOf":{"@id":"https:\/\/tourtravelandmore.com\/es\/#website"},"primaryImageOfPage":{"@id":"https:\/\/tourtravelandmore.com\/es\/tours\/eeuu-es\/visite-privee-de-dar-es-salaam\/#primaryimage"},"image":{"@id":"https:\/\/tourtravelandmore.com\/es\/tours\/eeuu-es\/visite-privee-de-dar-es-salaam\/#primaryimage"},"thumbnailUrl":"https:\/\/tourtravelandmore.com\/wp-content\/uploads\/2021\/01\/453A4664-F740-4872-94B6-6C60263AC946.jpeg","datePublished":"2021-02-02T12:00:08+00:00","dateModified":"2021-02-02T12:12:32+00:00","description":"Explore una de las capitales de Tanzania. Esto es Dar Es Salaam. Realice nuestro tour privado de Dar Es Salaam. \u00a1D\u00e9janos llevarte!","breadcrumb":{"@id":"https:\/\/tourtravelandmore.com\/es\/tours\/eeuu-es\/visite-privee-de-dar-es-salaam\/#breadcrumb"},"inLanguage":"es","potentialAction":[{"@type":"ReadAction","target":["https:\/\/tourtravelandmore.com\/es\/tours\/eeuu-es\/visite-privee-de-dar-es-salaam\/"]}]},{"@type":"ImageObject","inLanguage":"es","@id":"https:\/\/tourtravelandmore.com\/es\/tours\/eeuu-es\/visite-privee-de-dar-es-salaam\/#primaryimage","url":"https:\/\/tourtravelandmore.com\/wp-content\/uploads\/2021\/01\/453A4664-F740-4872-94B6-6C60263AC946.jpeg","contentUrl":"https:\/\/tourtravelandmore.com\/wp-content\/uploads\/2021\/01\/453A4664-F740-4872-94B6-6C60263AC946.jpeg","width":1920,"height":1235},{"@type":"BreadcrumbList","@id":"https:\/\/tourtravelandmore.com\/es\/tours\/eeuu-es\/visite-privee-de-dar-es-salaam\/#breadcrumb","itemListElement":[{"@type":"ListItem","position":1,"name":"Home","item":"https:\/\/tourtravelandmore.com\/es\/"},{"@type":"ListItem","position":2,"name":"Tours","item":"https:\/\/tourtravelandmore.com\/es\/tours\/"},{"@type":"ListItem","position":3,"name":"Visite priv\u00e9e de Dar Es Salaam"}]},{"@type":"WebSite","@id":"https:\/\/tourtravelandmore.com\/es\/#website","url":"https:\/\/tourtravelandmore.com\/es\/","name":"Tour Travel And More","description":"Private sightseeing tours and luxury transfers in Spain","publisher":{"@id":"https:\/\/tourtravelandmore.com\/es\/#organization"},"potentialAction":[{"@type":"SearchAction","target":{"@type":"EntryPoint","urlTemplate":"https:\/\/tourtravelandmore.com\/es\/?s={search_term_string}"},"query-input":{"@type":"PropertyValueSpecification","valueRequired":true,"valueName":"search_term_string"}}],"inLanguage":"es"},{"@type":"Organization","@id":"https:\/\/tourtravelandmore.com\/es\/#organization","name":"Tour Travel And More","url":"https:\/\/tourtravelandmore.com\/es\/","logo":{"@type":"ImageObject","inLanguage":"es","@id":"https:\/\/tourtravelandmore.com\/es\/#\/schema\/logo\/image\/","url":"https:\/\/tourtravelandmore.com\/wp-content\/uploads\/2022\/12\/cropped-logo-cabecera-new.png","contentUrl":"https:\/\/tourtravelandmore.com\/wp-content\/uploads\/2022\/12\/cropped-logo-cabecera-new.png","width":430,"height":61,"caption":"Tour Travel And More"},"image":{"@id":"https:\/\/tourtravelandmore.com\/es\/#\/schema\/logo\/image\/"},"sameAs":["https:\/\/www.facebook.com\/tourtravelandmore\/","https:\/\/x.com\/TourTravel_More"]}]}},"_links":{"self":[{"href":"https:\/\/tourtravelandmore.com\/es\/wp-json\/wp\/v2\/product\/93031","targetHints":{"allow":["GET"]}}],"collection":[{"href":"https:\/\/tourtravelandmore.com\/es\/wp-json\/wp\/v2\/product"}],"about":[{"href":"https:\/\/tourtravelandmore.com\/es\/wp-json\/wp\/v2\/types\/product"}],"replies":[{"embeddable":true,"href":"https:\/\/tourtravelandmore.com\/es\/wp-json\/wp\/v2\/comments?post=93031"}],"wp:featuredmedia":[{"embeddable":true,"href":"https:\/\/tourtravelandmore.com\/es\/wp-json\/wp\/v2\/media\/92209"}],"wp:attachment":[{"href":"https:\/\/tourtravelandmore.com\/es\/wp-json\/wp\/v2\/media?parent=93031"}],"wp:term":[{"taxonomy":"product_brand","embeddable":true,"href":"https:\/\/tourtravelandmore.com\/es\/wp-json\/wp\/v2\/product_brand?post=93031"},{"taxonomy":"product_cat","embeddable":true,"href":"https:\/\/tourtravelandmore.com\/es\/wp-json\/wp\/v2\/product_cat?post=93031"},{"taxonomy":"product_tag","embeddable":true,"href":"https:\/\/tourtravelandmore.com\/es\/wp-json\/wp\/v2\/product_tag?post=93031"}],"curies":[{"name":"wp","href":"https:\/\/api.w.org\/{rel}","templated":true}]}}