{"id":92918,"date":"2021-02-02T12:54:57","date_gmt":"2021-02-02T11:54:58","guid":{"rendered":"https:\/\/tourtravelandmore.com\/?post_type=product&#038;p=92918"},"modified":"2021-02-02T12:59:19","modified_gmt":"2021-02-02T11:59:19","slug":"tour-privado-por-el-kilimanjaro","status":"publish","type":"product","link":"https:\/\/tourtravelandmore.com\/es\/tours\/eeuu-es\/tour-privado-por-el-kilimanjaro\/","title":{"rendered":"Tour privado por el Kilimanjaro"},"content":{"rendered":"<h2>Descripci\u00f3n<\/h2>\n<p>En un d\u00eda no podemos subir al Kilimanjaro. Este tour privado por el Kilimanjaro es una excelente manera de probar lo que el monte Kilimanjaro tiene para ofrecer.<\/p>\n<p>Deje que nuestro conductor-gu\u00eda privado lo lleve a una experiencia \u00fanica para conocer y echar un vistazo al Kilimanjaro.<\/p>\n<p>El monte Kilimanjaro es un volc\u00e1n inactivo que se puede encontrar en Tanzania. En el monte Kilimanjaro, tiene tres conos volc\u00e1nicos: Kibo, Mawenzi y Shira. \u00bfSab\u00edas que el monte Kilimanjaro es la monta\u00f1a m\u00e1s alta de \u00c1frica? Es el cuarto pico m\u00e1s prominente tipogr\u00e1ficamente de la Tierra. Este tour privado del Kilimanjaro le permitir\u00e1 experimentar un tour de un d\u00eda en la base del monte Kilimanjaro.<\/p>\n<p>Para este tour privado, haga que nuestro conductor-gu\u00eda lo acompa\u00f1e y est\u00e9 a su lado durante la peque\u00f1a caminata para su experiencia de un d\u00eda.<\/p>\n<h2>\nPuntos de inter\u00e9s y monumentos<\/h2>\n<p>La recogida para su recorrido privado comenzar\u00e1 en su hotel o lugar de elecci\u00f3n en Tanzania. Podemos organizar la recogida en Moshi o Arusha. Dejaremos atr\u00e1s la ciudad y nos dirigiremos hacia la Puerta de Marangu.<\/p>\n<p>Durante este tour de d\u00eda completo, seguiremos la popular Ruta Marangu. Recuerda llevar ropa y zapatos c\u00f3modos.<\/p>\n<p>Despu\u00e9s de la recogida, nos dirigiremos hacia Marangu. Aqu\u00ed es donde nos registraremos en la puerta para comenzar la caminata.<\/p>\n<p>Durante este tour de un d\u00eda, nos dirigiremos hacia la primera caba\u00f1a Mandara. Esto es lo m\u00e1s alto que llegaremos durante esta excursi\u00f3n privada de un d\u00eda.<\/p>\n<p>Tenga una vista del incre\u00edble paisaje, la vegetaci\u00f3n nativa \u00fanica y la vida silvestre local, incluidos monos y diferentes especies de aves.<\/p>\n<p>\u00a1Tambi\u00e9n puede tener la oportunidad de ver el bosque que contiene elefantes, b\u00fafalos, ant\u00edlopes e incluso peque\u00f1os ant\u00edlopes, primates, roedores y mucho m\u00e1s!<\/p>\n<p>Dependiendo de su estado f\u00edsico, podemos continuar un poco m\u00e1s o descansar y almorzar con su picnic con vistas incre\u00edbles.<\/p>\n<p>Luego descenderemos de regreso hacia la Puerta Marangu, donde su veh\u00edculo estar\u00e1 all\u00ed para llevarlo de regreso junto con su conductor-gu\u00eda a su hotel.<\/p>\n<p>Esperamos que tenga la oportunidad de ver la cima del Kilimanjaro, pero debe saber que muchas veces est\u00e1 cubierto de nubes y no se puede ver.<\/p>\n<p>\u00a1Eche un vistazo a nuestros otros tours privados que ofrecemos en Tanzania! \u00a1\u00c9chales un vistazo aqu\u00ed!<\/p>\n<p>&nbsp;<\/p>\n","protected":false},"excerpt":{"rendered":"<p>Explore uno de los lugares m\u00e1s bellos de Tanzania. Realice nuestro recorrido privado por el Kilimanjaro. \u00a1D\u00e9janos llevarte a esta experiencia!<\/p>\n","protected":false},"featured_media":92188,"comment_status":"open","ping_status":"closed","template":"","meta":{"_acf_changed":false},"product_brand":[],"product_cat":[3455,1602],"product_tag":[],"class_list":{"0":"post-92918","1":"product","2":"type-product","3":"status-publish","4":"has-post-thumbnail","6":"product_cat-tanzania-sp","7":"product_cat-eeuu-es","9":"first","10":"instock","11":"shipping-taxable","12":"purchasable","13":"product-type-simple"},"acf":[],"yoast_head":"<!-- This site is optimized with the Yoast SEO Premium plugin v25.3.1 (Yoast SEO v25.3.1) - https:\/\/yoast.com\/wordpress\/plugins\/seo\/ -->\n<title>\u00a1Chofer-gu\u00eda privado del Kilimanjaro para una excursi\u00f3n \u00fanica!<\/title>\n<meta name=\"description\" content=\"Explore uno de los lugares m\u00e1s bellos de Tanzania. Realice nuestro recorrido privado por el Kilimanjaro. \u00a1D\u00e9janos llevarte a esta experiencia!\" \/>\n<meta name=\"robots\" content=\"index, follow, max-snippet:-1, max-image-preview:large, max-video-preview:-1\" \/>\n<link rel=\"canonical\" href=\"https:\/\/tourtravelandmore.com\/es\/tours\/eeuu-es\/tour-privado-por-el-kilimanjaro\/\" \/>\n<meta property=\"og:locale\" content=\"es_ES\" \/>\n<meta property=\"og:type\" content=\"article\" \/>\n<meta property=\"og:title\" content=\"Tour privado por el Kilimanjaro\" \/>\n<meta property=\"og:description\" content=\"Explore uno de los lugares m\u00e1s bellos de Tanzania. Realice nuestro recorrido privado por el Kilimanjaro. \u00a1D\u00e9janos llevarte a esta experiencia!\" \/>\n<meta property=\"og:url\" content=\"https:\/\/tourtravelandmore.com\/es\/tours\/eeuu-es\/tour-privado-por-el-kilimanjaro\/\" \/>\n<meta property=\"og:site_name\" content=\"Tour Travel And More\" \/>\n<meta property=\"article:publisher\" content=\"https:\/\/www.facebook.com\/tourtravelandmore\/\" \/>\n<meta property=\"article:modified_time\" content=\"2021-02-02T11:59:19+00:00\" \/>\n<meta property=\"og:image\" content=\"https:\/\/tourtravelandmore.com\/wp-content\/uploads\/2021\/01\/006D8FCB-2A9B-498A-B025-729327EE5939-scaled.jpeg\" \/>\n\t<meta property=\"og:image:width\" content=\"2560\" \/>\n\t<meta property=\"og:image:height\" content=\"1706\" \/>\n\t<meta property=\"og:image:type\" content=\"image\/jpeg\" \/>\n<meta name=\"twitter:card\" content=\"summary_large_image\" \/>\n<meta name=\"twitter:site\" content=\"@TourTravel_More\" \/>\n<meta name=\"twitter:label1\" content=\"Tiempo de lectura\" \/>\n\t<meta name=\"twitter:data1\" content=\"2 minutos\" \/>\n<script type=\"application\/ld+json\" class=\"yoast-schema-graph\">{\"@context\":\"https:\/\/schema.org\",\"@graph\":[{\"@type\":\"WebPage\",\"@id\":\"https:\/\/tourtravelandmore.com\/es\/tours\/eeuu-es\/tour-privado-por-el-kilimanjaro\/\",\"url\":\"https:\/\/tourtravelandmore.com\/es\/tours\/eeuu-es\/tour-privado-por-el-kilimanjaro\/\",\"name\":\"\u00a1Chofer-gu\u00eda privado del Kilimanjaro para una excursi\u00f3n \u00fanica!\",\"isPartOf\":{\"@id\":\"https:\/\/tourtravelandmore.com\/es\/#website\"},\"primaryImageOfPage\":{\"@id\":\"https:\/\/tourtravelandmore.com\/es\/tours\/eeuu-es\/tour-privado-por-el-kilimanjaro\/#primaryimage\"},\"image\":{\"@id\":\"https:\/\/tourtravelandmore.com\/es\/tours\/eeuu-es\/tour-privado-por-el-kilimanjaro\/#primaryimage\"},\"thumbnailUrl\":\"https:\/\/tourtravelandmore.com\/wp-content\/uploads\/2021\/01\/006D8FCB-2A9B-498A-B025-729327EE5939-scaled.jpeg\",\"datePublished\":\"2021-02-02T11:54:58+00:00\",\"dateModified\":\"2021-02-02T11:59:19+00:00\",\"description\":\"Explore uno de los lugares m\u00e1s bellos de Tanzania. Realice nuestro recorrido privado por el Kilimanjaro. \u00a1D\u00e9janos llevarte a esta experiencia!\",\"breadcrumb\":{\"@id\":\"https:\/\/tourtravelandmore.com\/es\/tours\/eeuu-es\/tour-privado-por-el-kilimanjaro\/#breadcrumb\"},\"inLanguage\":\"es\",\"potentialAction\":[{\"@type\":\"ReadAction\",\"target\":[\"https:\/\/tourtravelandmore.com\/es\/tours\/eeuu-es\/tour-privado-por-el-kilimanjaro\/\"]}]},{\"@type\":\"ImageObject\",\"inLanguage\":\"es\",\"@id\":\"https:\/\/tourtravelandmore.com\/es\/tours\/eeuu-es\/tour-privado-por-el-kilimanjaro\/#primaryimage\",\"url\":\"https:\/\/tourtravelandmore.com\/wp-content\/uploads\/2021\/01\/006D8FCB-2A9B-498A-B025-729327EE5939-scaled.jpeg\",\"contentUrl\":\"https:\/\/tourtravelandmore.com\/wp-content\/uploads\/2021\/01\/006D8FCB-2A9B-498A-B025-729327EE5939-scaled.jpeg\",\"width\":2560,\"height\":1706},{\"@type\":\"BreadcrumbList\",\"@id\":\"https:\/\/tourtravelandmore.com\/es\/tours\/eeuu-es\/tour-privado-por-el-kilimanjaro\/#breadcrumb\",\"itemListElement\":[{\"@type\":\"ListItem\",\"position\":1,\"name\":\"Home\",\"item\":\"https:\/\/tourtravelandmore.com\/es\/\"},{\"@type\":\"ListItem\",\"position\":2,\"name\":\"Tours\",\"item\":\"https:\/\/tourtravelandmore.com\/es\/tours\/\"},{\"@type\":\"ListItem\",\"position\":3,\"name\":\"Tour privado por el Kilimanjaro\"}]},{\"@type\":\"WebSite\",\"@id\":\"https:\/\/tourtravelandmore.com\/es\/#website\",\"url\":\"https:\/\/tourtravelandmore.com\/es\/\",\"name\":\"Tour Travel And More\",\"description\":\"Private sightseeing tours and luxury transfers in Spain\",\"publisher\":{\"@id\":\"https:\/\/tourtravelandmore.com\/es\/#organization\"},\"potentialAction\":[{\"@type\":\"SearchAction\",\"target\":{\"@type\":\"EntryPoint\",\"urlTemplate\":\"https:\/\/tourtravelandmore.com\/es\/?s={search_term_string}\"},\"query-input\":{\"@type\":\"PropertyValueSpecification\",\"valueRequired\":true,\"valueName\":\"search_term_string\"}}],\"inLanguage\":\"es\"},{\"@type\":\"Organization\",\"@id\":\"https:\/\/tourtravelandmore.com\/es\/#organization\",\"name\":\"Tour Travel And More\",\"url\":\"https:\/\/tourtravelandmore.com\/es\/\",\"logo\":{\"@type\":\"ImageObject\",\"inLanguage\":\"es\",\"@id\":\"https:\/\/tourtravelandmore.com\/es\/#\/schema\/logo\/image\/\",\"url\":\"https:\/\/tourtravelandmore.com\/wp-content\/uploads\/2022\/12\/cropped-logo-cabecera-new.png\",\"contentUrl\":\"https:\/\/tourtravelandmore.com\/wp-content\/uploads\/2022\/12\/cropped-logo-cabecera-new.png\",\"width\":430,\"height\":61,\"caption\":\"Tour Travel And More\"},\"image\":{\"@id\":\"https:\/\/tourtravelandmore.com\/es\/#\/schema\/logo\/image\/\"},\"sameAs\":[\"https:\/\/www.facebook.com\/tourtravelandmore\/\",\"https:\/\/x.com\/TourTravel_More\"]}]}<\/script>\n<!-- \/ Yoast SEO Premium plugin. -->","yoast_head_json":{"title":"\u00a1Chofer-gu\u00eda privado del Kilimanjaro para una excursi\u00f3n \u00fanica!","description":"Explore uno de los lugares m\u00e1s bellos de Tanzania. Realice nuestro recorrido privado por el Kilimanjaro. \u00a1D\u00e9janos llevarte a esta experiencia!","robots":{"index":"index","follow":"follow","max-snippet":"max-snippet:-1","max-image-preview":"max-image-preview:large","max-video-preview":"max-video-preview:-1"},"canonical":"https:\/\/tourtravelandmore.com\/es\/tours\/eeuu-es\/tour-privado-por-el-kilimanjaro\/","og_locale":"es_ES","og_type":"article","og_title":"Tour privado por el Kilimanjaro","og_description":"Explore uno de los lugares m\u00e1s bellos de Tanzania. Realice nuestro recorrido privado por el Kilimanjaro. \u00a1D\u00e9janos llevarte a esta experiencia!","og_url":"https:\/\/tourtravelandmore.com\/es\/tours\/eeuu-es\/tour-privado-por-el-kilimanjaro\/","og_site_name":"Tour Travel And More","article_publisher":"https:\/\/www.facebook.com\/tourtravelandmore\/","article_modified_time":"2021-02-02T11:59:19+00:00","og_image":[{"width":2560,"height":1706,"url":"https:\/\/tourtravelandmore.com\/wp-content\/uploads\/2021\/01\/006D8FCB-2A9B-498A-B025-729327EE5939-scaled.jpeg","type":"image\/jpeg"}],"twitter_card":"summary_large_image","twitter_site":"@TourTravel_More","twitter_misc":{"Tiempo de lectura":"2 minutos"},"schema":{"@context":"https:\/\/schema.org","@graph":[{"@type":"WebPage","@id":"https:\/\/tourtravelandmore.com\/es\/tours\/eeuu-es\/tour-privado-por-el-kilimanjaro\/","url":"https:\/\/tourtravelandmore.com\/es\/tours\/eeuu-es\/tour-privado-por-el-kilimanjaro\/","name":"\u00a1Chofer-gu\u00eda privado del Kilimanjaro para una excursi\u00f3n \u00fanica!","isPartOf":{"@id":"https:\/\/tourtravelandmore.com\/es\/#website"},"primaryImageOfPage":{"@id":"https:\/\/tourtravelandmore.com\/es\/tours\/eeuu-es\/tour-privado-por-el-kilimanjaro\/#primaryimage"},"image":{"@id":"https:\/\/tourtravelandmore.com\/es\/tours\/eeuu-es\/tour-privado-por-el-kilimanjaro\/#primaryimage"},"thumbnailUrl":"https:\/\/tourtravelandmore.com\/wp-content\/uploads\/2021\/01\/006D8FCB-2A9B-498A-B025-729327EE5939-scaled.jpeg","datePublished":"2021-02-02T11:54:58+00:00","dateModified":"2021-02-02T11:59:19+00:00","description":"Explore uno de los lugares m\u00e1s bellos de Tanzania. Realice nuestro recorrido privado por el Kilimanjaro. \u00a1D\u00e9janos llevarte a esta experiencia!","breadcrumb":{"@id":"https:\/\/tourtravelandmore.com\/es\/tours\/eeuu-es\/tour-privado-por-el-kilimanjaro\/#breadcrumb"},"inLanguage":"es","potentialAction":[{"@type":"ReadAction","target":["https:\/\/tourtravelandmore.com\/es\/tours\/eeuu-es\/tour-privado-por-el-kilimanjaro\/"]}]},{"@type":"ImageObject","inLanguage":"es","@id":"https:\/\/tourtravelandmore.com\/es\/tours\/eeuu-es\/tour-privado-por-el-kilimanjaro\/#primaryimage","url":"https:\/\/tourtravelandmore.com\/wp-content\/uploads\/2021\/01\/006D8FCB-2A9B-498A-B025-729327EE5939-scaled.jpeg","contentUrl":"https:\/\/tourtravelandmore.com\/wp-content\/uploads\/2021\/01\/006D8FCB-2A9B-498A-B025-729327EE5939-scaled.jpeg","width":2560,"height":1706},{"@type":"BreadcrumbList","@id":"https:\/\/tourtravelandmore.com\/es\/tours\/eeuu-es\/tour-privado-por-el-kilimanjaro\/#breadcrumb","itemListElement":[{"@type":"ListItem","position":1,"name":"Home","item":"https:\/\/tourtravelandmore.com\/es\/"},{"@type":"ListItem","position":2,"name":"Tours","item":"https:\/\/tourtravelandmore.com\/es\/tours\/"},{"@type":"ListItem","position":3,"name":"Tour privado por el Kilimanjaro"}]},{"@type":"WebSite","@id":"https:\/\/tourtravelandmore.com\/es\/#website","url":"https:\/\/tourtravelandmore.com\/es\/","name":"Tour Travel And More","description":"Private sightseeing tours and luxury transfers in Spain","publisher":{"@id":"https:\/\/tourtravelandmore.com\/es\/#organization"},"potentialAction":[{"@type":"SearchAction","target":{"@type":"EntryPoint","urlTemplate":"https:\/\/tourtravelandmore.com\/es\/?s={search_term_string}"},"query-input":{"@type":"PropertyValueSpecification","valueRequired":true,"valueName":"search_term_string"}}],"inLanguage":"es"},{"@type":"Organization","@id":"https:\/\/tourtravelandmore.com\/es\/#organization","name":"Tour Travel And More","url":"https:\/\/tourtravelandmore.com\/es\/","logo":{"@type":"ImageObject","inLanguage":"es","@id":"https:\/\/tourtravelandmore.com\/es\/#\/schema\/logo\/image\/","url":"https:\/\/tourtravelandmore.com\/wp-content\/uploads\/2022\/12\/cropped-logo-cabecera-new.png","contentUrl":"https:\/\/tourtravelandmore.com\/wp-content\/uploads\/2022\/12\/cropped-logo-cabecera-new.png","width":430,"height":61,"caption":"Tour Travel And More"},"image":{"@id":"https:\/\/tourtravelandmore.com\/es\/#\/schema\/logo\/image\/"},"sameAs":["https:\/\/www.facebook.com\/tourtravelandmore\/","https:\/\/x.com\/TourTravel_More"]}]}},"_links":{"self":[{"href":"https:\/\/tourtravelandmore.com\/es\/wp-json\/wp\/v2\/product\/92918","targetHints":{"allow":["GET"]}}],"collection":[{"href":"https:\/\/tourtravelandmore.com\/es\/wp-json\/wp\/v2\/product"}],"about":[{"href":"https:\/\/tourtravelandmore.com\/es\/wp-json\/wp\/v2\/types\/product"}],"replies":[{"embeddable":true,"href":"https:\/\/tourtravelandmore.com\/es\/wp-json\/wp\/v2\/comments?post=92918"}],"wp:featuredmedia":[{"embeddable":true,"href":"https:\/\/tourtravelandmore.com\/es\/wp-json\/wp\/v2\/media\/92188"}],"wp:attachment":[{"href":"https:\/\/tourtravelandmore.com\/es\/wp-json\/wp\/v2\/media?parent=92918"}],"wp:term":[{"taxonomy":"product_brand","embeddable":true,"href":"https:\/\/tourtravelandmore.com\/es\/wp-json\/wp\/v2\/product_brand?post=92918"},{"taxonomy":"product_cat","embeddable":true,"href":"https:\/\/tourtravelandmore.com\/es\/wp-json\/wp\/v2\/product_cat?post=92918"},{"taxonomy":"product_tag","embeddable":true,"href":"https:\/\/tourtravelandmore.com\/es\/wp-json\/wp\/v2\/product_tag?post=92918"}],"curies":[{"name":"wp","href":"https:\/\/api.w.org\/{rel}","templated":true}]}}