{"id":92896,"date":"2021-02-02T12:39:45","date_gmt":"2021-02-02T11:39:46","guid":{"rendered":"https:\/\/tourtravelandmore.com\/?post_type=product&#038;p=92896"},"modified":"2022-01-18T19:14:21","modified_gmt":"2022-01-18T18:14:21","slug":"tour-privado-al-parque-nacional-de-arusha","status":"publish","type":"product","link":"https:\/\/tourtravelandmore.com\/es\/tours\/eeuu-es\/tour-privado-al-parque-nacional-de-arusha\/","title":{"rendered":"Tour privado al parque nacional de Arusha"},"content":{"rendered":"<h2>Descripci\u00f3n<\/h2>\n<p>Disfrute de esta excursi\u00f3n de un d\u00eda al Parque Nacional de Arusha. \u00a1Organizaremos una recogida privada en su hotel en Arusha y disfrutaremos de este recorrido privado por el Parque Nacional de Arusha!<\/p>\n<p>El Parque Nacional de Arusha cubre el Monte Meru. Este es un volc\u00e1n prominente con una elevaci\u00f3n de 4566 m. Se encuentra en la Regi\u00f3n de Arusha. Este es el noreste de Tanzania.<\/p>\n<p>El parque es peque\u00f1o pero variado con paisajes incre\u00edbles en sus diferentes \u00e1reas.<\/p>\n<p>En el oeste, el cr\u00e1ter Meru canaliza el r\u00edo Jekukumia. El cr\u00e1ter Ngurdoto en el sureste es un pastizal. El monte Meru es el segundo pico m\u00e1s alto de Tanzania. Esto es despu\u00e9s del monte Kilimanjaro.<\/p>\n<p>El Parque Nacional de Arusha se encuentra en un eje de 300 kil\u00f3metros de los parques nacionales m\u00e1s famosos de \u00c1frica. Esto va desde el Serengeti y el cr\u00e1ter Ngorongoro.<\/p>\n<p>El parque est\u00e1 ubicado a pocos kil\u00f3metros al noreste de Arusha.<\/p>\n<p>Este tour privado comenzar\u00e1 desde Arusha y su hotel ubicado all\u00ed. Tambi\u00e9n podemos organizar la recogida en Moshi o incluso en KIA (aeropuerto internacional de Kilimanjaro).<\/p>\n<p>Todos nuestros tours son \u00fanicos. Echa un vistazo a nuestro tour privado por el Parque Nacional Arusha.<\/p>\n<h2>Puntos de inter\u00e9s y monumentos<\/h2>\n<p>Despu\u00e9s de una c\u00f3moda recogida, nos dirigiremos hacia el Parque Nacional de Arusha.<\/p>\n<p>Una vez all\u00ed, iniciaremos el safari a pie. Un guardaparque te acompa\u00f1ar\u00e1 para una experiencia \u00fanica y que estar\u00e1 a tu disposici\u00f3n. El guardabosques lo guiar\u00e1 a trav\u00e9s de la selva tropical y hasta la cascada resplandeciente.<\/p>\n<p>Aqu\u00ed podr\u00e1 ver monos Colubus blancos y negros.<\/p>\n<p>Despu\u00e9s del almuerzo, s\u00fabase a nuestro crucero terrestre. Luego disfrutaremos de un safari. Esto lo llevar\u00e1 a trav\u00e9s de partes importantes del parque.<\/p>\n<p>Esto incluir\u00e1 disfrutar: los lagos de Morella, el cr\u00e1ter Ngurduto.<\/p>\n<p>Si tenemos suerte, puede ver b\u00fafalos, ant\u00edlopes, jirafas, jabal\u00edes, cebras, gacelas y muchas piezas de nacimiento.<\/p>\n<p>\u00a1Lleve su c\u00e1mara a esta impresionante excursi\u00f3n de un d\u00eda y ll\u00e9vese incre\u00edbles recuerdos a casa!<\/p>\n<p>\u00a1Organizaremos el regreso a su hotel en Arusha o Moshi!<\/p>\n<p>\u00a1Eche un vistazo a nuestros otros tours privados que ofrecemos en Tanzania!<\/p>\n<p>&nbsp;<\/p>\n","protected":false},"excerpt":{"rendered":"<p>Explore uno de los lugares m\u00e1s bellos de Tanzania. Realice nuestro Tour Privado al Parque Nacional Arusha. \u00a1D\u00e9janos llevarte a esta experiencia!<\/p>\n","protected":false},"featured_media":92191,"comment_status":"open","ping_status":"closed","template":"","meta":{"_acf_changed":false},"product_brand":[],"product_cat":[3455,1602],"product_tag":[],"class_list":{"0":"post-92896","1":"product","2":"type-product","3":"status-publish","4":"has-post-thumbnail","6":"product_cat-tanzania-sp","7":"product_cat-eeuu-es","9":"first","10":"instock","11":"shipping-taxable","12":"purchasable","13":"product-type-simple"},"acf":[],"yoast_head":"<!-- This site is optimized with the Yoast SEO Premium plugin v25.3.1 (Yoast SEO v25.3.1) - https:\/\/yoast.com\/wordpress\/plugins\/seo\/ -->\n<title>\u00a1Chofer-gu\u00eda privado del Parque Nacional Arusha para una excursi\u00f3n \u00fanica!<\/title>\n<meta name=\"description\" content=\"Explore uno de los lugares m\u00e1s bellos de Tanzania. Realice nuestro Tour Privado al Parque Nacional Arusha. \u00a1D\u00e9janos llevarte a esta experiencia!\" \/>\n<meta name=\"robots\" content=\"index, follow, max-snippet:-1, max-image-preview:large, max-video-preview:-1\" \/>\n<link rel=\"canonical\" href=\"https:\/\/tourtravelandmore.com\/es\/tours\/eeuu-es\/tour-privado-al-parque-nacional-de-arusha\/\" \/>\n<meta property=\"og:locale\" content=\"es_ES\" \/>\n<meta property=\"og:type\" content=\"article\" \/>\n<meta property=\"og:title\" content=\"Tour privado al parque nacional de Arusha\" \/>\n<meta property=\"og:description\" content=\"Explore uno de los lugares m\u00e1s bellos de Tanzania. Realice nuestro Tour Privado al Parque Nacional Arusha. \u00a1D\u00e9janos llevarte a esta experiencia!\" \/>\n<meta property=\"og:url\" content=\"https:\/\/tourtravelandmore.com\/es\/tours\/eeuu-es\/tour-privado-al-parque-nacional-de-arusha\/\" \/>\n<meta property=\"og:site_name\" content=\"Tour Travel And More\" \/>\n<meta property=\"article:publisher\" content=\"https:\/\/www.facebook.com\/tourtravelandmore\/\" \/>\n<meta property=\"article:modified_time\" content=\"2022-01-18T18:14:21+00:00\" \/>\n<meta property=\"og:image\" content=\"https:\/\/tourtravelandmore.com\/wp-content\/uploads\/2021\/01\/F8B1E184-6033-4806-862C-ED313A599EC2.jpeg\" \/>\n\t<meta property=\"og:image:width\" content=\"1920\" \/>\n\t<meta property=\"og:image:height\" content=\"1280\" \/>\n\t<meta property=\"og:image:type\" content=\"image\/jpeg\" \/>\n<meta name=\"twitter:card\" content=\"summary_large_image\" \/>\n<meta name=\"twitter:site\" content=\"@TourTravel_More\" \/>\n<meta name=\"twitter:label1\" content=\"Tiempo de lectura\" \/>\n\t<meta name=\"twitter:data1\" content=\"2 minutos\" \/>\n<script type=\"application\/ld+json\" class=\"yoast-schema-graph\">{\"@context\":\"https:\/\/schema.org\",\"@graph\":[{\"@type\":\"WebPage\",\"@id\":\"https:\/\/tourtravelandmore.com\/es\/tours\/eeuu-es\/tour-privado-al-parque-nacional-de-arusha\/\",\"url\":\"https:\/\/tourtravelandmore.com\/es\/tours\/eeuu-es\/tour-privado-al-parque-nacional-de-arusha\/\",\"name\":\"\u00a1Chofer-gu\u00eda privado del Parque Nacional Arusha para una excursi\u00f3n \u00fanica!\",\"isPartOf\":{\"@id\":\"https:\/\/tourtravelandmore.com\/es\/#website\"},\"primaryImageOfPage\":{\"@id\":\"https:\/\/tourtravelandmore.com\/es\/tours\/eeuu-es\/tour-privado-al-parque-nacional-de-arusha\/#primaryimage\"},\"image\":{\"@id\":\"https:\/\/tourtravelandmore.com\/es\/tours\/eeuu-es\/tour-privado-al-parque-nacional-de-arusha\/#primaryimage\"},\"thumbnailUrl\":\"https:\/\/tourtravelandmore.com\/wp-content\/uploads\/2021\/01\/F8B1E184-6033-4806-862C-ED313A599EC2.jpeg\",\"datePublished\":\"2021-02-02T11:39:46+00:00\",\"dateModified\":\"2022-01-18T18:14:21+00:00\",\"description\":\"Explore uno de los lugares m\u00e1s bellos de Tanzania. Realice nuestro Tour Privado al Parque Nacional Arusha. \u00a1D\u00e9janos llevarte a esta experiencia!\",\"breadcrumb\":{\"@id\":\"https:\/\/tourtravelandmore.com\/es\/tours\/eeuu-es\/tour-privado-al-parque-nacional-de-arusha\/#breadcrumb\"},\"inLanguage\":\"es\",\"potentialAction\":[{\"@type\":\"ReadAction\",\"target\":[\"https:\/\/tourtravelandmore.com\/es\/tours\/eeuu-es\/tour-privado-al-parque-nacional-de-arusha\/\"]}]},{\"@type\":\"ImageObject\",\"inLanguage\":\"es\",\"@id\":\"https:\/\/tourtravelandmore.com\/es\/tours\/eeuu-es\/tour-privado-al-parque-nacional-de-arusha\/#primaryimage\",\"url\":\"https:\/\/tourtravelandmore.com\/wp-content\/uploads\/2021\/01\/F8B1E184-6033-4806-862C-ED313A599EC2.jpeg\",\"contentUrl\":\"https:\/\/tourtravelandmore.com\/wp-content\/uploads\/2021\/01\/F8B1E184-6033-4806-862C-ED313A599EC2.jpeg\",\"width\":1920,\"height\":1280},{\"@type\":\"BreadcrumbList\",\"@id\":\"https:\/\/tourtravelandmore.com\/es\/tours\/eeuu-es\/tour-privado-al-parque-nacional-de-arusha\/#breadcrumb\",\"itemListElement\":[{\"@type\":\"ListItem\",\"position\":1,\"name\":\"Home\",\"item\":\"https:\/\/tourtravelandmore.com\/es\/\"},{\"@type\":\"ListItem\",\"position\":2,\"name\":\"Tours\",\"item\":\"https:\/\/tourtravelandmore.com\/es\/tours\/\"},{\"@type\":\"ListItem\",\"position\":3,\"name\":\"Tour privado al parque nacional de Arusha\"}]},{\"@type\":\"WebSite\",\"@id\":\"https:\/\/tourtravelandmore.com\/es\/#website\",\"url\":\"https:\/\/tourtravelandmore.com\/es\/\",\"name\":\"Tour Travel And More\",\"description\":\"Private sightseeing tours and luxury transfers in Spain\",\"publisher\":{\"@id\":\"https:\/\/tourtravelandmore.com\/es\/#organization\"},\"potentialAction\":[{\"@type\":\"SearchAction\",\"target\":{\"@type\":\"EntryPoint\",\"urlTemplate\":\"https:\/\/tourtravelandmore.com\/es\/?s={search_term_string}\"},\"query-input\":{\"@type\":\"PropertyValueSpecification\",\"valueRequired\":true,\"valueName\":\"search_term_string\"}}],\"inLanguage\":\"es\"},{\"@type\":\"Organization\",\"@id\":\"https:\/\/tourtravelandmore.com\/es\/#organization\",\"name\":\"Tour Travel And More\",\"url\":\"https:\/\/tourtravelandmore.com\/es\/\",\"logo\":{\"@type\":\"ImageObject\",\"inLanguage\":\"es\",\"@id\":\"https:\/\/tourtravelandmore.com\/es\/#\/schema\/logo\/image\/\",\"url\":\"https:\/\/tourtravelandmore.com\/wp-content\/uploads\/2022\/12\/cropped-logo-cabecera-new.png\",\"contentUrl\":\"https:\/\/tourtravelandmore.com\/wp-content\/uploads\/2022\/12\/cropped-logo-cabecera-new.png\",\"width\":430,\"height\":61,\"caption\":\"Tour Travel And More\"},\"image\":{\"@id\":\"https:\/\/tourtravelandmore.com\/es\/#\/schema\/logo\/image\/\"},\"sameAs\":[\"https:\/\/www.facebook.com\/tourtravelandmore\/\",\"https:\/\/x.com\/TourTravel_More\"]}]}<\/script>\n<!-- \/ Yoast SEO Premium plugin. -->","yoast_head_json":{"title":"\u00a1Chofer-gu\u00eda privado del Parque Nacional Arusha para una excursi\u00f3n \u00fanica!","description":"Explore uno de los lugares m\u00e1s bellos de Tanzania. Realice nuestro Tour Privado al Parque Nacional Arusha. \u00a1D\u00e9janos llevarte a esta experiencia!","robots":{"index":"index","follow":"follow","max-snippet":"max-snippet:-1","max-image-preview":"max-image-preview:large","max-video-preview":"max-video-preview:-1"},"canonical":"https:\/\/tourtravelandmore.com\/es\/tours\/eeuu-es\/tour-privado-al-parque-nacional-de-arusha\/","og_locale":"es_ES","og_type":"article","og_title":"Tour privado al parque nacional de Arusha","og_description":"Explore uno de los lugares m\u00e1s bellos de Tanzania. Realice nuestro Tour Privado al Parque Nacional Arusha. \u00a1D\u00e9janos llevarte a esta experiencia!","og_url":"https:\/\/tourtravelandmore.com\/es\/tours\/eeuu-es\/tour-privado-al-parque-nacional-de-arusha\/","og_site_name":"Tour Travel And More","article_publisher":"https:\/\/www.facebook.com\/tourtravelandmore\/","article_modified_time":"2022-01-18T18:14:21+00:00","og_image":[{"width":1920,"height":1280,"url":"https:\/\/tourtravelandmore.com\/wp-content\/uploads\/2021\/01\/F8B1E184-6033-4806-862C-ED313A599EC2.jpeg","type":"image\/jpeg"}],"twitter_card":"summary_large_image","twitter_site":"@TourTravel_More","twitter_misc":{"Tiempo de lectura":"2 minutos"},"schema":{"@context":"https:\/\/schema.org","@graph":[{"@type":"WebPage","@id":"https:\/\/tourtravelandmore.com\/es\/tours\/eeuu-es\/tour-privado-al-parque-nacional-de-arusha\/","url":"https:\/\/tourtravelandmore.com\/es\/tours\/eeuu-es\/tour-privado-al-parque-nacional-de-arusha\/","name":"\u00a1Chofer-gu\u00eda privado del Parque Nacional Arusha para una excursi\u00f3n \u00fanica!","isPartOf":{"@id":"https:\/\/tourtravelandmore.com\/es\/#website"},"primaryImageOfPage":{"@id":"https:\/\/tourtravelandmore.com\/es\/tours\/eeuu-es\/tour-privado-al-parque-nacional-de-arusha\/#primaryimage"},"image":{"@id":"https:\/\/tourtravelandmore.com\/es\/tours\/eeuu-es\/tour-privado-al-parque-nacional-de-arusha\/#primaryimage"},"thumbnailUrl":"https:\/\/tourtravelandmore.com\/wp-content\/uploads\/2021\/01\/F8B1E184-6033-4806-862C-ED313A599EC2.jpeg","datePublished":"2021-02-02T11:39:46+00:00","dateModified":"2022-01-18T18:14:21+00:00","description":"Explore uno de los lugares m\u00e1s bellos de Tanzania. Realice nuestro Tour Privado al Parque Nacional Arusha. \u00a1D\u00e9janos llevarte a esta experiencia!","breadcrumb":{"@id":"https:\/\/tourtravelandmore.com\/es\/tours\/eeuu-es\/tour-privado-al-parque-nacional-de-arusha\/#breadcrumb"},"inLanguage":"es","potentialAction":[{"@type":"ReadAction","target":["https:\/\/tourtravelandmore.com\/es\/tours\/eeuu-es\/tour-privado-al-parque-nacional-de-arusha\/"]}]},{"@type":"ImageObject","inLanguage":"es","@id":"https:\/\/tourtravelandmore.com\/es\/tours\/eeuu-es\/tour-privado-al-parque-nacional-de-arusha\/#primaryimage","url":"https:\/\/tourtravelandmore.com\/wp-content\/uploads\/2021\/01\/F8B1E184-6033-4806-862C-ED313A599EC2.jpeg","contentUrl":"https:\/\/tourtravelandmore.com\/wp-content\/uploads\/2021\/01\/F8B1E184-6033-4806-862C-ED313A599EC2.jpeg","width":1920,"height":1280},{"@type":"BreadcrumbList","@id":"https:\/\/tourtravelandmore.com\/es\/tours\/eeuu-es\/tour-privado-al-parque-nacional-de-arusha\/#breadcrumb","itemListElement":[{"@type":"ListItem","position":1,"name":"Home","item":"https:\/\/tourtravelandmore.com\/es\/"},{"@type":"ListItem","position":2,"name":"Tours","item":"https:\/\/tourtravelandmore.com\/es\/tours\/"},{"@type":"ListItem","position":3,"name":"Tour privado al parque nacional de Arusha"}]},{"@type":"WebSite","@id":"https:\/\/tourtravelandmore.com\/es\/#website","url":"https:\/\/tourtravelandmore.com\/es\/","name":"Tour Travel And More","description":"Private sightseeing tours and luxury transfers in Spain","publisher":{"@id":"https:\/\/tourtravelandmore.com\/es\/#organization"},"potentialAction":[{"@type":"SearchAction","target":{"@type":"EntryPoint","urlTemplate":"https:\/\/tourtravelandmore.com\/es\/?s={search_term_string}"},"query-input":{"@type":"PropertyValueSpecification","valueRequired":true,"valueName":"search_term_string"}}],"inLanguage":"es"},{"@type":"Organization","@id":"https:\/\/tourtravelandmore.com\/es\/#organization","name":"Tour Travel And More","url":"https:\/\/tourtravelandmore.com\/es\/","logo":{"@type":"ImageObject","inLanguage":"es","@id":"https:\/\/tourtravelandmore.com\/es\/#\/schema\/logo\/image\/","url":"https:\/\/tourtravelandmore.com\/wp-content\/uploads\/2022\/12\/cropped-logo-cabecera-new.png","contentUrl":"https:\/\/tourtravelandmore.com\/wp-content\/uploads\/2022\/12\/cropped-logo-cabecera-new.png","width":430,"height":61,"caption":"Tour Travel And More"},"image":{"@id":"https:\/\/tourtravelandmore.com\/es\/#\/schema\/logo\/image\/"},"sameAs":["https:\/\/www.facebook.com\/tourtravelandmore\/","https:\/\/x.com\/TourTravel_More"]}]}},"_links":{"self":[{"href":"https:\/\/tourtravelandmore.com\/es\/wp-json\/wp\/v2\/product\/92896","targetHints":{"allow":["GET"]}}],"collection":[{"href":"https:\/\/tourtravelandmore.com\/es\/wp-json\/wp\/v2\/product"}],"about":[{"href":"https:\/\/tourtravelandmore.com\/es\/wp-json\/wp\/v2\/types\/product"}],"replies":[{"embeddable":true,"href":"https:\/\/tourtravelandmore.com\/es\/wp-json\/wp\/v2\/comments?post=92896"}],"wp:featuredmedia":[{"embeddable":true,"href":"https:\/\/tourtravelandmore.com\/es\/wp-json\/wp\/v2\/media\/92191"}],"wp:attachment":[{"href":"https:\/\/tourtravelandmore.com\/es\/wp-json\/wp\/v2\/media?parent=92896"}],"wp:term":[{"taxonomy":"product_brand","embeddable":true,"href":"https:\/\/tourtravelandmore.com\/es\/wp-json\/wp\/v2\/product_brand?post=92896"},{"taxonomy":"product_cat","embeddable":true,"href":"https:\/\/tourtravelandmore.com\/es\/wp-json\/wp\/v2\/product_cat?post=92896"},{"taxonomy":"product_tag","embeddable":true,"href":"https:\/\/tourtravelandmore.com\/es\/wp-json\/wp\/v2\/product_tag?post=92896"}],"curies":[{"name":"wp","href":"https:\/\/api.w.org\/{rel}","templated":true}]}}