{"id":92875,"date":"2021-02-02T12:29:05","date_gmt":"2021-02-02T11:29:06","guid":{"rendered":"https:\/\/tourtravelandmore.com\/?post_type=product&#038;p=92875"},"modified":"2022-01-18T19:14:11","modified_gmt":"2022-01-18T18:14:11","slug":"tour-privado-de-tarangire","status":"publish","type":"product","link":"https:\/\/tourtravelandmore.com\/es\/tours\/eeuu-es\/tour-privado-de-tarangire\/","title":{"rendered":"Tour privado de Tarangire"},"content":{"rendered":"<h2>Descripci\u00f3n<\/h2>\n<p>T\u00f3mese un d\u00eda de su apretada agenda en Tanzania y visite el Parque Nacional Tarangire. Realice esta excursi\u00f3n de un d\u00eda y disfrute de un recorrido privado por Tarangire.<\/p>\n<p>En primer lugar, organizaremos la recogida en su hotel o lugar de elecci\u00f3n en Arusha. Nuestro conductor-gu\u00eda privado lo estar\u00e1 esperando frente a su hotel en Arusha. Por lo general, recomendamos comenzar este recorrido temprano en la ma\u00f1ana, alrededor de las 7 u 8 a.m. Tenga en cuenta que el trayecto dura unas 3 horas en cada sentido para llegar al Parque Nacional Tarangire.<\/p>\n<p>El Parque Nacional Tarangire es un parque ubicado en la regi\u00f3n de Manyara de Tanzania. El nombre proviene del r\u00edo Tarangire. Este r\u00edo es la principal fuente de agua dulce para los animales salvajes.<\/p>\n<p>El parque nacional Tarangire tiene alrededor de 2850 kil\u00f3metros cuadrados. Es un lugar que est\u00e1 lleno de cordilleras, valles fluviales, pantanos y puede encontrar una vegetaci\u00f3n incre\u00edble. \u00a1Esto incluir\u00eda bosques de acacia, bosques de Combretum, pastizales y \u00e1rboles de baobab!<\/p>\n<p>\u00a1Este tour privado de Tarangire es una gran experiencia para ti!<\/p>\n<h2>Puntos de inter\u00e9s y monumentos<\/h2>\n<p>En primer lugar, organizaremos una recogida despu\u00e9s del desayuno para dirigirnos hacia el Parque Nacional.<\/p>\n<p>Tarangire es bien conocido por sus grandes manadas de elefantes. Como todos nuestros tours, disfruta de este tour con un c\u00f3modo 4&#215;4 y algunos incluso tienen techo abierto.<\/p>\n<p>El Parque Nacional Tarangire se caracteriza por tener buena vida silvestre en \u00e9poca de sequ\u00eda. Esto incluir\u00eda manadas de elefantes que se pueden ver en el parque. Y, por supuesto, son los \u00e1rboles Baobab.<\/p>\n<p>La incre\u00edble migraci\u00f3n de elefantes es un sitio que debes ver. Los elefantes son las principales atracciones.<\/p>\n<p>Tenga una vista de los pantanos estacionales, la sabana y el r\u00edo Tarangire.<\/p>\n<ul>\n<li>Disfruta de fant\u00e1sticos lugares con animales como:<\/li>\n<li>Cebra<\/li>\n<li>\u00d1u<\/li>\n<li>B\u00fafalo<\/li>\n<li>Elefante<\/li>\n<li>Jirafa<\/li>\n<li>Leones (a veces se pueden ver, pero no siempre)<\/li>\n<\/ul>\n<p>Tenga en cuenta que el Parque Nacional Tarangire es un gran destino para la observaci\u00f3n de aves.<\/p>\n<p>Despu\u00e9s de una visita al Parque Nacional Tarangire, nuestro conductor-gu\u00eda privado lo llevar\u00e1 de regreso a su hotel en Arusha. Este es un tour privado perfecto de Tarangire.<\/p>\n<p>\u00a1Vea nuestros otros tours privados de Tanzania!<\/p>\n<p>&nbsp;<\/p>\n","protected":false},"excerpt":{"rendered":"<p>Explore uno de los lugares m\u00e1s bellos de Tanzania. Realice nuestro tour privado de Tarangire. \u00a1Perm\u00edtanos llevarlo a esta incre\u00edble experiencia!<\/p>\n","protected":false},"featured_media":92197,"comment_status":"open","ping_status":"closed","template":"","meta":{"_acf_changed":false},"product_brand":[],"product_cat":[3455,1602],"product_tag":[],"class_list":{"0":"post-92875","1":"product","2":"type-product","3":"status-publish","4":"has-post-thumbnail","6":"product_cat-tanzania-sp","7":"product_cat-eeuu-es","9":"first","10":"instock","11":"shipping-taxable","12":"purchasable","13":"product-type-simple"},"acf":[],"yoast_head":"<!-- This site is optimized with the Yoast SEO Premium plugin v25.3.1 (Yoast SEO v25.3.1) - https:\/\/yoast.com\/wordpress\/plugins\/seo\/ -->\n<title>\u00a1Tour privado del chofer-gu\u00eda de Tarangire para una excursi\u00f3n \u00fanica!<\/title>\n<meta name=\"description\" content=\"Explore uno de los lugares m\u00e1s bellos de Tanzania. Realice nuestro tour privado de Tarangire. \u00a1Perm\u00edtanos llevarlo a esta incre\u00edble experiencia!\" \/>\n<meta name=\"robots\" content=\"index, follow, max-snippet:-1, max-image-preview:large, max-video-preview:-1\" \/>\n<link rel=\"canonical\" href=\"https:\/\/tourtravelandmore.com\/es\/tours\/eeuu-es\/tour-privado-de-tarangire\/\" \/>\n<meta property=\"og:locale\" content=\"es_ES\" \/>\n<meta property=\"og:type\" content=\"article\" \/>\n<meta property=\"og:title\" content=\"Tour privado de Tarangire\" \/>\n<meta property=\"og:description\" content=\"Explore uno de los lugares m\u00e1s bellos de Tanzania. Realice nuestro tour privado de Tarangire. \u00a1Perm\u00edtanos llevarlo a esta incre\u00edble experiencia!\" \/>\n<meta property=\"og:url\" content=\"https:\/\/tourtravelandmore.com\/es\/tours\/eeuu-es\/tour-privado-de-tarangire\/\" \/>\n<meta property=\"og:site_name\" content=\"Tour Travel And More\" \/>\n<meta property=\"article:publisher\" content=\"https:\/\/www.facebook.com\/tourtravelandmore\/\" \/>\n<meta property=\"article:modified_time\" content=\"2022-01-18T18:14:11+00:00\" \/>\n<meta property=\"og:image\" content=\"https:\/\/tourtravelandmore.com\/wp-content\/uploads\/2021\/01\/756F4D16-E443-4609-834F-D7DEF6A82EBE.jpeg\" \/>\n\t<meta property=\"og:image:width\" content=\"1920\" \/>\n\t<meta property=\"og:image:height\" content=\"894\" \/>\n\t<meta property=\"og:image:type\" content=\"image\/jpeg\" \/>\n<meta name=\"twitter:card\" content=\"summary_large_image\" \/>\n<meta name=\"twitter:site\" content=\"@TourTravel_More\" \/>\n<meta name=\"twitter:label1\" content=\"Tiempo de lectura\" \/>\n\t<meta name=\"twitter:data1\" content=\"2 minutos\" \/>\n<script type=\"application\/ld+json\" class=\"yoast-schema-graph\">{\"@context\":\"https:\/\/schema.org\",\"@graph\":[{\"@type\":\"WebPage\",\"@id\":\"https:\/\/tourtravelandmore.com\/es\/tours\/eeuu-es\/tour-privado-de-tarangire\/\",\"url\":\"https:\/\/tourtravelandmore.com\/es\/tours\/eeuu-es\/tour-privado-de-tarangire\/\",\"name\":\"\u00a1Tour privado del chofer-gu\u00eda de Tarangire para una excursi\u00f3n \u00fanica!\",\"isPartOf\":{\"@id\":\"https:\/\/tourtravelandmore.com\/es\/#website\"},\"primaryImageOfPage\":{\"@id\":\"https:\/\/tourtravelandmore.com\/es\/tours\/eeuu-es\/tour-privado-de-tarangire\/#primaryimage\"},\"image\":{\"@id\":\"https:\/\/tourtravelandmore.com\/es\/tours\/eeuu-es\/tour-privado-de-tarangire\/#primaryimage\"},\"thumbnailUrl\":\"https:\/\/tourtravelandmore.com\/wp-content\/uploads\/2021\/01\/756F4D16-E443-4609-834F-D7DEF6A82EBE.jpeg\",\"datePublished\":\"2021-02-02T11:29:06+00:00\",\"dateModified\":\"2022-01-18T18:14:11+00:00\",\"description\":\"Explore uno de los lugares m\u00e1s bellos de Tanzania. Realice nuestro tour privado de Tarangire. \u00a1Perm\u00edtanos llevarlo a esta incre\u00edble experiencia!\",\"breadcrumb\":{\"@id\":\"https:\/\/tourtravelandmore.com\/es\/tours\/eeuu-es\/tour-privado-de-tarangire\/#breadcrumb\"},\"inLanguage\":\"es\",\"potentialAction\":[{\"@type\":\"ReadAction\",\"target\":[\"https:\/\/tourtravelandmore.com\/es\/tours\/eeuu-es\/tour-privado-de-tarangire\/\"]}]},{\"@type\":\"ImageObject\",\"inLanguage\":\"es\",\"@id\":\"https:\/\/tourtravelandmore.com\/es\/tours\/eeuu-es\/tour-privado-de-tarangire\/#primaryimage\",\"url\":\"https:\/\/tourtravelandmore.com\/wp-content\/uploads\/2021\/01\/756F4D16-E443-4609-834F-D7DEF6A82EBE.jpeg\",\"contentUrl\":\"https:\/\/tourtravelandmore.com\/wp-content\/uploads\/2021\/01\/756F4D16-E443-4609-834F-D7DEF6A82EBE.jpeg\",\"width\":1920,\"height\":894},{\"@type\":\"BreadcrumbList\",\"@id\":\"https:\/\/tourtravelandmore.com\/es\/tours\/eeuu-es\/tour-privado-de-tarangire\/#breadcrumb\",\"itemListElement\":[{\"@type\":\"ListItem\",\"position\":1,\"name\":\"Home\",\"item\":\"https:\/\/tourtravelandmore.com\/es\/\"},{\"@type\":\"ListItem\",\"position\":2,\"name\":\"Tours\",\"item\":\"https:\/\/tourtravelandmore.com\/es\/tours\/\"},{\"@type\":\"ListItem\",\"position\":3,\"name\":\"Tour privado de Tarangire\"}]},{\"@type\":\"WebSite\",\"@id\":\"https:\/\/tourtravelandmore.com\/es\/#website\",\"url\":\"https:\/\/tourtravelandmore.com\/es\/\",\"name\":\"Tour Travel And More\",\"description\":\"Private sightseeing tours and luxury transfers in Spain\",\"publisher\":{\"@id\":\"https:\/\/tourtravelandmore.com\/es\/#organization\"},\"potentialAction\":[{\"@type\":\"SearchAction\",\"target\":{\"@type\":\"EntryPoint\",\"urlTemplate\":\"https:\/\/tourtravelandmore.com\/es\/?s={search_term_string}\"},\"query-input\":{\"@type\":\"PropertyValueSpecification\",\"valueRequired\":true,\"valueName\":\"search_term_string\"}}],\"inLanguage\":\"es\"},{\"@type\":\"Organization\",\"@id\":\"https:\/\/tourtravelandmore.com\/es\/#organization\",\"name\":\"Tour Travel And More\",\"url\":\"https:\/\/tourtravelandmore.com\/es\/\",\"logo\":{\"@type\":\"ImageObject\",\"inLanguage\":\"es\",\"@id\":\"https:\/\/tourtravelandmore.com\/es\/#\/schema\/logo\/image\/\",\"url\":\"https:\/\/tourtravelandmore.com\/wp-content\/uploads\/2022\/12\/cropped-logo-cabecera-new.png\",\"contentUrl\":\"https:\/\/tourtravelandmore.com\/wp-content\/uploads\/2022\/12\/cropped-logo-cabecera-new.png\",\"width\":430,\"height\":61,\"caption\":\"Tour Travel And More\"},\"image\":{\"@id\":\"https:\/\/tourtravelandmore.com\/es\/#\/schema\/logo\/image\/\"},\"sameAs\":[\"https:\/\/www.facebook.com\/tourtravelandmore\/\",\"https:\/\/x.com\/TourTravel_More\"]}]}<\/script>\n<!-- \/ Yoast SEO Premium plugin. -->","yoast_head_json":{"title":"\u00a1Tour privado del chofer-gu\u00eda de Tarangire para una excursi\u00f3n \u00fanica!","description":"Explore uno de los lugares m\u00e1s bellos de Tanzania. Realice nuestro tour privado de Tarangire. \u00a1Perm\u00edtanos llevarlo a esta incre\u00edble experiencia!","robots":{"index":"index","follow":"follow","max-snippet":"max-snippet:-1","max-image-preview":"max-image-preview:large","max-video-preview":"max-video-preview:-1"},"canonical":"https:\/\/tourtravelandmore.com\/es\/tours\/eeuu-es\/tour-privado-de-tarangire\/","og_locale":"es_ES","og_type":"article","og_title":"Tour privado de Tarangire","og_description":"Explore uno de los lugares m\u00e1s bellos de Tanzania. Realice nuestro tour privado de Tarangire. \u00a1Perm\u00edtanos llevarlo a esta incre\u00edble experiencia!","og_url":"https:\/\/tourtravelandmore.com\/es\/tours\/eeuu-es\/tour-privado-de-tarangire\/","og_site_name":"Tour Travel And More","article_publisher":"https:\/\/www.facebook.com\/tourtravelandmore\/","article_modified_time":"2022-01-18T18:14:11+00:00","og_image":[{"width":1920,"height":894,"url":"https:\/\/tourtravelandmore.com\/wp-content\/uploads\/2021\/01\/756F4D16-E443-4609-834F-D7DEF6A82EBE.jpeg","type":"image\/jpeg"}],"twitter_card":"summary_large_image","twitter_site":"@TourTravel_More","twitter_misc":{"Tiempo de lectura":"2 minutos"},"schema":{"@context":"https:\/\/schema.org","@graph":[{"@type":"WebPage","@id":"https:\/\/tourtravelandmore.com\/es\/tours\/eeuu-es\/tour-privado-de-tarangire\/","url":"https:\/\/tourtravelandmore.com\/es\/tours\/eeuu-es\/tour-privado-de-tarangire\/","name":"\u00a1Tour privado del chofer-gu\u00eda de Tarangire para una excursi\u00f3n \u00fanica!","isPartOf":{"@id":"https:\/\/tourtravelandmore.com\/es\/#website"},"primaryImageOfPage":{"@id":"https:\/\/tourtravelandmore.com\/es\/tours\/eeuu-es\/tour-privado-de-tarangire\/#primaryimage"},"image":{"@id":"https:\/\/tourtravelandmore.com\/es\/tours\/eeuu-es\/tour-privado-de-tarangire\/#primaryimage"},"thumbnailUrl":"https:\/\/tourtravelandmore.com\/wp-content\/uploads\/2021\/01\/756F4D16-E443-4609-834F-D7DEF6A82EBE.jpeg","datePublished":"2021-02-02T11:29:06+00:00","dateModified":"2022-01-18T18:14:11+00:00","description":"Explore uno de los lugares m\u00e1s bellos de Tanzania. Realice nuestro tour privado de Tarangire. \u00a1Perm\u00edtanos llevarlo a esta incre\u00edble experiencia!","breadcrumb":{"@id":"https:\/\/tourtravelandmore.com\/es\/tours\/eeuu-es\/tour-privado-de-tarangire\/#breadcrumb"},"inLanguage":"es","potentialAction":[{"@type":"ReadAction","target":["https:\/\/tourtravelandmore.com\/es\/tours\/eeuu-es\/tour-privado-de-tarangire\/"]}]},{"@type":"ImageObject","inLanguage":"es","@id":"https:\/\/tourtravelandmore.com\/es\/tours\/eeuu-es\/tour-privado-de-tarangire\/#primaryimage","url":"https:\/\/tourtravelandmore.com\/wp-content\/uploads\/2021\/01\/756F4D16-E443-4609-834F-D7DEF6A82EBE.jpeg","contentUrl":"https:\/\/tourtravelandmore.com\/wp-content\/uploads\/2021\/01\/756F4D16-E443-4609-834F-D7DEF6A82EBE.jpeg","width":1920,"height":894},{"@type":"BreadcrumbList","@id":"https:\/\/tourtravelandmore.com\/es\/tours\/eeuu-es\/tour-privado-de-tarangire\/#breadcrumb","itemListElement":[{"@type":"ListItem","position":1,"name":"Home","item":"https:\/\/tourtravelandmore.com\/es\/"},{"@type":"ListItem","position":2,"name":"Tours","item":"https:\/\/tourtravelandmore.com\/es\/tours\/"},{"@type":"ListItem","position":3,"name":"Tour privado de Tarangire"}]},{"@type":"WebSite","@id":"https:\/\/tourtravelandmore.com\/es\/#website","url":"https:\/\/tourtravelandmore.com\/es\/","name":"Tour Travel And More","description":"Private sightseeing tours and luxury transfers in Spain","publisher":{"@id":"https:\/\/tourtravelandmore.com\/es\/#organization"},"potentialAction":[{"@type":"SearchAction","target":{"@type":"EntryPoint","urlTemplate":"https:\/\/tourtravelandmore.com\/es\/?s={search_term_string}"},"query-input":{"@type":"PropertyValueSpecification","valueRequired":true,"valueName":"search_term_string"}}],"inLanguage":"es"},{"@type":"Organization","@id":"https:\/\/tourtravelandmore.com\/es\/#organization","name":"Tour Travel And More","url":"https:\/\/tourtravelandmore.com\/es\/","logo":{"@type":"ImageObject","inLanguage":"es","@id":"https:\/\/tourtravelandmore.com\/es\/#\/schema\/logo\/image\/","url":"https:\/\/tourtravelandmore.com\/wp-content\/uploads\/2022\/12\/cropped-logo-cabecera-new.png","contentUrl":"https:\/\/tourtravelandmore.com\/wp-content\/uploads\/2022\/12\/cropped-logo-cabecera-new.png","width":430,"height":61,"caption":"Tour Travel And More"},"image":{"@id":"https:\/\/tourtravelandmore.com\/es\/#\/schema\/logo\/image\/"},"sameAs":["https:\/\/www.facebook.com\/tourtravelandmore\/","https:\/\/x.com\/TourTravel_More"]}]}},"_links":{"self":[{"href":"https:\/\/tourtravelandmore.com\/es\/wp-json\/wp\/v2\/product\/92875","targetHints":{"allow":["GET"]}}],"collection":[{"href":"https:\/\/tourtravelandmore.com\/es\/wp-json\/wp\/v2\/product"}],"about":[{"href":"https:\/\/tourtravelandmore.com\/es\/wp-json\/wp\/v2\/types\/product"}],"replies":[{"embeddable":true,"href":"https:\/\/tourtravelandmore.com\/es\/wp-json\/wp\/v2\/comments?post=92875"}],"wp:featuredmedia":[{"embeddable":true,"href":"https:\/\/tourtravelandmore.com\/es\/wp-json\/wp\/v2\/media\/92197"}],"wp:attachment":[{"href":"https:\/\/tourtravelandmore.com\/es\/wp-json\/wp\/v2\/media?parent=92875"}],"wp:term":[{"taxonomy":"product_brand","embeddable":true,"href":"https:\/\/tourtravelandmore.com\/es\/wp-json\/wp\/v2\/product_brand?post=92875"},{"taxonomy":"product_cat","embeddable":true,"href":"https:\/\/tourtravelandmore.com\/es\/wp-json\/wp\/v2\/product_cat?post=92875"},{"taxonomy":"product_tag","embeddable":true,"href":"https:\/\/tourtravelandmore.com\/es\/wp-json\/wp\/v2\/product_tag?post=92875"}],"curies":[{"name":"wp","href":"https:\/\/api.w.org\/{rel}","templated":true}]}}