{"id":92855,"date":"2021-02-02T12:18:26","date_gmt":"2021-02-02T11:18:27","guid":{"rendered":"https:\/\/tourtravelandmore.com\/?post_type=product&#038;p=92855"},"modified":"2022-01-18T19:14:33","modified_gmt":"2022-01-18T18:14:33","slug":"tour-privado-de-un-dia-a-zanzibar","status":"publish","type":"product","link":"https:\/\/tourtravelandmore.com\/es\/tours\/eeuu-es\/tour-privado-de-un-dia-a-zanzibar\/","title":{"rendered":"Tour privado de un d\u00eda a Zanz\u00edbar"},"content":{"rendered":"<h2>Descripci\u00f3n<\/h2>\n<p>Si no tiene mucho tiempo, esta excursi\u00f3n privada de un d\u00eda a Zanz\u00edbar es perfecta para usted. \u00a1Pasa el d\u00eda en Zanz\u00edbar y disfruta de una gran experiencia!<\/p>\n<p>Para poder disfrutarlo al m\u00e1ximo, tendr\u00edamos que iniciar el recorrido y partir muy temprano en la ma\u00f1ana.<\/p>\n<p>Organizaremos una recogida privada alrededor de las 5:30 am. Despu\u00e9s de la recogida, nos dirigiremos hacia el puerto para tomar el ferry r\u00e1pido hacia Zanz\u00edbar. El ferry durar\u00e1 alrededor de 2 horas.<\/p>\n<p>Pasaremos el d\u00eda completo en Zanz\u00edbar y tomaremos el ferry r\u00e1pido a las 4 pm para llegar a Dar es Salaam a las 6 pm. Nuestro conductor privado lo llevar\u00e1 de regreso a su hotel en Dar es Salaam.<\/p>\n<h2>Puntos de inter\u00e9s y monumentos<\/h2>\n<p>Esta es una experiencia de d\u00eda completo que ser\u00e1 bastante intensa. Despu\u00e9s de un recojo a las 5:30 am de su hotel en Dar es Salaam, nos dirigiremos hacia el puerto del ferry y nos dirigiremos hacia Zanz\u00edbar. Una vez en Zanz\u00edbar, comenzar\u00e1 su experiencia privada.<\/p>\n<p>Organizaremos la recogida en el puerto del ferry y nos dirigiremos hacia Prison Island. Para llegar a la isla prisi\u00f3n, tendremos que tomar un peque\u00f1o bote y navegar durante 30 minutos. \u00a1Prison Island tiene mucha historia y aprenda todo lo que necesita junto con su gu\u00eda tur\u00edstico privado!<\/p>\n<p>Era un mercado de esclavos en pueblo de piedra y donde el confinamiento de esclavos antes de que fueran vendidos.<\/p>\n<p>En este lugar, tenga la oportunidad de tener una vista de Galopogase Tortoise. Son edades de m\u00e1s de 100 a\u00f1os. Esta es una especie considerada vulnerable.<\/p>\n<p>La isla est\u00e1 llena de arrecifes de coral. Organizaremos el equipo de snorkel para usted. Esta ser\u00e1 una experiencia muy divertida. Disfrute de las aguas poco profundas y la gran vida marina.<\/p>\n<p>Regresaremos a tierra firme antes del almuerzo. Lo llevaremos a almorzar en un restaurante local.<\/p>\n<p>Despu\u00e9s del almuerzo, nos dirigiremos hacia el centro hist\u00f3rico de la ciudad. Aqu\u00ed, en la parte hist\u00f3rica del recorrido, tenga una vista de la Iglesia Anglicana, museo del palacio para la historia de los sultanes. Disfrute de las estrechas calles de la ciudad antigua. Si el tiempo lo permite, \u00a1disfrute de algunas compras de recuerdos!<\/p>\n<p>Lo dejaremos a las 3:00 p.m. en el puerto para tomar el ferry de las 4:00 p.m. para regresar a Dar es Salaam. Una vez en Dar es Salaam, lo llevaremos hacia su hotel en la ciudad. Aqu\u00ed es donde terminar\u00e1 esta excursi\u00f3n privada de un d\u00eda a Zanz\u00edbar.<\/p>\n<p>Consulte tambi\u00e9n nuestros otros tours privados y lo que ofrecemos en Zanz\u00edbar.<\/p>\n<p>&nbsp;<\/p>\n","protected":false},"excerpt":{"rendered":"<p>Explore uno de los lugares m\u00e1s bellos de Tanzania. Esto es Zanz\u00edbar. Realice nuestra excursi\u00f3n privada de un d\u00eda a Zanz\u00edbar. \u00a1D\u00e9janos llevarte!<\/p>\n","protected":false},"featured_media":92227,"comment_status":"open","ping_status":"closed","template":"","meta":{"_acf_changed":false},"product_brand":[],"product_cat":[3455,1602],"product_tag":[],"class_list":{"0":"post-92855","1":"product","2":"type-product","3":"status-publish","4":"has-post-thumbnail","6":"product_cat-tanzania-sp","7":"product_cat-eeuu-es","9":"first","10":"instock","11":"shipping-taxable","12":"purchasable","13":"product-type-simple"},"acf":[],"yoast_head":"<!-- This site is optimized with the Yoast SEO Premium plugin v25.3.1 (Yoast SEO v25.3.1) - https:\/\/yoast.com\/wordpress\/plugins\/seo\/ -->\n<title>\u00a1Chofer-gu\u00eda privado de Zanzibar Day Tour para una excursi\u00f3n \u00fanica!<\/title>\n<meta name=\"description\" content=\"Explore uno de los lugares m\u00e1s bellos de Tanzania. Esto es Zanz\u00edbar. Realice nuestra excursi\u00f3n privada de un d\u00eda a Zanz\u00edbar. \u00a1D\u00e9janos llevarte!\" \/>\n<meta name=\"robots\" content=\"index, follow, max-snippet:-1, max-image-preview:large, max-video-preview:-1\" \/>\n<link rel=\"canonical\" href=\"https:\/\/tourtravelandmore.com\/es\/tours\/eeuu-es\/tour-privado-de-un-dia-a-zanzibar\/\" \/>\n<meta property=\"og:locale\" content=\"es_ES\" \/>\n<meta property=\"og:type\" content=\"article\" \/>\n<meta property=\"og:title\" content=\"Tour privado de un d\u00eda a Zanz\u00edbar\" \/>\n<meta property=\"og:description\" content=\"Explore uno de los lugares m\u00e1s bellos de Tanzania. Esto es Zanz\u00edbar. Realice nuestra excursi\u00f3n privada de un d\u00eda a Zanz\u00edbar. \u00a1D\u00e9janos llevarte!\" \/>\n<meta property=\"og:url\" content=\"https:\/\/tourtravelandmore.com\/es\/tours\/eeuu-es\/tour-privado-de-un-dia-a-zanzibar\/\" \/>\n<meta property=\"og:site_name\" content=\"Tour Travel And More\" \/>\n<meta property=\"article:publisher\" content=\"https:\/\/www.facebook.com\/tourtravelandmore\/\" \/>\n<meta property=\"article:modified_time\" content=\"2022-01-18T18:14:33+00:00\" \/>\n<meta property=\"og:image\" content=\"https:\/\/tourtravelandmore.com\/wp-content\/uploads\/2021\/01\/687D0206-7D2D-40C4-B5E2-ED8CDFE2C531-scaled.jpeg\" \/>\n\t<meta property=\"og:image:width\" content=\"2560\" \/>\n\t<meta property=\"og:image:height\" content=\"1710\" \/>\n\t<meta property=\"og:image:type\" content=\"image\/jpeg\" \/>\n<meta name=\"twitter:card\" content=\"summary_large_image\" \/>\n<meta name=\"twitter:site\" content=\"@TourTravel_More\" \/>\n<meta name=\"twitter:label1\" content=\"Tiempo de lectura\" \/>\n\t<meta name=\"twitter:data1\" content=\"2 minutos\" \/>\n<script type=\"application\/ld+json\" class=\"yoast-schema-graph\">{\"@context\":\"https:\/\/schema.org\",\"@graph\":[{\"@type\":\"WebPage\",\"@id\":\"https:\/\/tourtravelandmore.com\/es\/tours\/eeuu-es\/tour-privado-de-un-dia-a-zanzibar\/\",\"url\":\"https:\/\/tourtravelandmore.com\/es\/tours\/eeuu-es\/tour-privado-de-un-dia-a-zanzibar\/\",\"name\":\"\u00a1Chofer-gu\u00eda privado de Zanzibar Day Tour para una excursi\u00f3n \u00fanica!\",\"isPartOf\":{\"@id\":\"https:\/\/tourtravelandmore.com\/es\/#website\"},\"primaryImageOfPage\":{\"@id\":\"https:\/\/tourtravelandmore.com\/es\/tours\/eeuu-es\/tour-privado-de-un-dia-a-zanzibar\/#primaryimage\"},\"image\":{\"@id\":\"https:\/\/tourtravelandmore.com\/es\/tours\/eeuu-es\/tour-privado-de-un-dia-a-zanzibar\/#primaryimage\"},\"thumbnailUrl\":\"https:\/\/tourtravelandmore.com\/wp-content\/uploads\/2021\/01\/687D0206-7D2D-40C4-B5E2-ED8CDFE2C531-scaled.jpeg\",\"datePublished\":\"2021-02-02T11:18:27+00:00\",\"dateModified\":\"2022-01-18T18:14:33+00:00\",\"description\":\"Explore uno de los lugares m\u00e1s bellos de Tanzania. Esto es Zanz\u00edbar. Realice nuestra excursi\u00f3n privada de un d\u00eda a Zanz\u00edbar. \u00a1D\u00e9janos llevarte!\",\"breadcrumb\":{\"@id\":\"https:\/\/tourtravelandmore.com\/es\/tours\/eeuu-es\/tour-privado-de-un-dia-a-zanzibar\/#breadcrumb\"},\"inLanguage\":\"es\",\"potentialAction\":[{\"@type\":\"ReadAction\",\"target\":[\"https:\/\/tourtravelandmore.com\/es\/tours\/eeuu-es\/tour-privado-de-un-dia-a-zanzibar\/\"]}]},{\"@type\":\"ImageObject\",\"inLanguage\":\"es\",\"@id\":\"https:\/\/tourtravelandmore.com\/es\/tours\/eeuu-es\/tour-privado-de-un-dia-a-zanzibar\/#primaryimage\",\"url\":\"https:\/\/tourtravelandmore.com\/wp-content\/uploads\/2021\/01\/687D0206-7D2D-40C4-B5E2-ED8CDFE2C531-scaled.jpeg\",\"contentUrl\":\"https:\/\/tourtravelandmore.com\/wp-content\/uploads\/2021\/01\/687D0206-7D2D-40C4-B5E2-ED8CDFE2C531-scaled.jpeg\",\"width\":2560,\"height\":1710},{\"@type\":\"BreadcrumbList\",\"@id\":\"https:\/\/tourtravelandmore.com\/es\/tours\/eeuu-es\/tour-privado-de-un-dia-a-zanzibar\/#breadcrumb\",\"itemListElement\":[{\"@type\":\"ListItem\",\"position\":1,\"name\":\"Home\",\"item\":\"https:\/\/tourtravelandmore.com\/es\/\"},{\"@type\":\"ListItem\",\"position\":2,\"name\":\"Tours\",\"item\":\"https:\/\/tourtravelandmore.com\/es\/tours\/\"},{\"@type\":\"ListItem\",\"position\":3,\"name\":\"Tour privado de un d\u00eda a Zanz\u00edbar\"}]},{\"@type\":\"WebSite\",\"@id\":\"https:\/\/tourtravelandmore.com\/es\/#website\",\"url\":\"https:\/\/tourtravelandmore.com\/es\/\",\"name\":\"Tour Travel And More\",\"description\":\"Private sightseeing tours and luxury transfers in Spain\",\"publisher\":{\"@id\":\"https:\/\/tourtravelandmore.com\/es\/#organization\"},\"potentialAction\":[{\"@type\":\"SearchAction\",\"target\":{\"@type\":\"EntryPoint\",\"urlTemplate\":\"https:\/\/tourtravelandmore.com\/es\/?s={search_term_string}\"},\"query-input\":{\"@type\":\"PropertyValueSpecification\",\"valueRequired\":true,\"valueName\":\"search_term_string\"}}],\"inLanguage\":\"es\"},{\"@type\":\"Organization\",\"@id\":\"https:\/\/tourtravelandmore.com\/es\/#organization\",\"name\":\"Tour Travel And More\",\"url\":\"https:\/\/tourtravelandmore.com\/es\/\",\"logo\":{\"@type\":\"ImageObject\",\"inLanguage\":\"es\",\"@id\":\"https:\/\/tourtravelandmore.com\/es\/#\/schema\/logo\/image\/\",\"url\":\"https:\/\/tourtravelandmore.com\/wp-content\/uploads\/2022\/12\/cropped-logo-cabecera-new.png\",\"contentUrl\":\"https:\/\/tourtravelandmore.com\/wp-content\/uploads\/2022\/12\/cropped-logo-cabecera-new.png\",\"width\":430,\"height\":61,\"caption\":\"Tour Travel And More\"},\"image\":{\"@id\":\"https:\/\/tourtravelandmore.com\/es\/#\/schema\/logo\/image\/\"},\"sameAs\":[\"https:\/\/www.facebook.com\/tourtravelandmore\/\",\"https:\/\/x.com\/TourTravel_More\"]}]}<\/script>\n<!-- \/ Yoast SEO Premium plugin. -->","yoast_head_json":{"title":"\u00a1Chofer-gu\u00eda privado de Zanzibar Day Tour para una excursi\u00f3n \u00fanica!","description":"Explore uno de los lugares m\u00e1s bellos de Tanzania. Esto es Zanz\u00edbar. Realice nuestra excursi\u00f3n privada de un d\u00eda a Zanz\u00edbar. \u00a1D\u00e9janos llevarte!","robots":{"index":"index","follow":"follow","max-snippet":"max-snippet:-1","max-image-preview":"max-image-preview:large","max-video-preview":"max-video-preview:-1"},"canonical":"https:\/\/tourtravelandmore.com\/es\/tours\/eeuu-es\/tour-privado-de-un-dia-a-zanzibar\/","og_locale":"es_ES","og_type":"article","og_title":"Tour privado de un d\u00eda a Zanz\u00edbar","og_description":"Explore uno de los lugares m\u00e1s bellos de Tanzania. Esto es Zanz\u00edbar. Realice nuestra excursi\u00f3n privada de un d\u00eda a Zanz\u00edbar. \u00a1D\u00e9janos llevarte!","og_url":"https:\/\/tourtravelandmore.com\/es\/tours\/eeuu-es\/tour-privado-de-un-dia-a-zanzibar\/","og_site_name":"Tour Travel And More","article_publisher":"https:\/\/www.facebook.com\/tourtravelandmore\/","article_modified_time":"2022-01-18T18:14:33+00:00","og_image":[{"width":2560,"height":1710,"url":"https:\/\/tourtravelandmore.com\/wp-content\/uploads\/2021\/01\/687D0206-7D2D-40C4-B5E2-ED8CDFE2C531-scaled.jpeg","type":"image\/jpeg"}],"twitter_card":"summary_large_image","twitter_site":"@TourTravel_More","twitter_misc":{"Tiempo de lectura":"2 minutos"},"schema":{"@context":"https:\/\/schema.org","@graph":[{"@type":"WebPage","@id":"https:\/\/tourtravelandmore.com\/es\/tours\/eeuu-es\/tour-privado-de-un-dia-a-zanzibar\/","url":"https:\/\/tourtravelandmore.com\/es\/tours\/eeuu-es\/tour-privado-de-un-dia-a-zanzibar\/","name":"\u00a1Chofer-gu\u00eda privado de Zanzibar Day Tour para una excursi\u00f3n \u00fanica!","isPartOf":{"@id":"https:\/\/tourtravelandmore.com\/es\/#website"},"primaryImageOfPage":{"@id":"https:\/\/tourtravelandmore.com\/es\/tours\/eeuu-es\/tour-privado-de-un-dia-a-zanzibar\/#primaryimage"},"image":{"@id":"https:\/\/tourtravelandmore.com\/es\/tours\/eeuu-es\/tour-privado-de-un-dia-a-zanzibar\/#primaryimage"},"thumbnailUrl":"https:\/\/tourtravelandmore.com\/wp-content\/uploads\/2021\/01\/687D0206-7D2D-40C4-B5E2-ED8CDFE2C531-scaled.jpeg","datePublished":"2021-02-02T11:18:27+00:00","dateModified":"2022-01-18T18:14:33+00:00","description":"Explore uno de los lugares m\u00e1s bellos de Tanzania. Esto es Zanz\u00edbar. Realice nuestra excursi\u00f3n privada de un d\u00eda a Zanz\u00edbar. \u00a1D\u00e9janos llevarte!","breadcrumb":{"@id":"https:\/\/tourtravelandmore.com\/es\/tours\/eeuu-es\/tour-privado-de-un-dia-a-zanzibar\/#breadcrumb"},"inLanguage":"es","potentialAction":[{"@type":"ReadAction","target":["https:\/\/tourtravelandmore.com\/es\/tours\/eeuu-es\/tour-privado-de-un-dia-a-zanzibar\/"]}]},{"@type":"ImageObject","inLanguage":"es","@id":"https:\/\/tourtravelandmore.com\/es\/tours\/eeuu-es\/tour-privado-de-un-dia-a-zanzibar\/#primaryimage","url":"https:\/\/tourtravelandmore.com\/wp-content\/uploads\/2021\/01\/687D0206-7D2D-40C4-B5E2-ED8CDFE2C531-scaled.jpeg","contentUrl":"https:\/\/tourtravelandmore.com\/wp-content\/uploads\/2021\/01\/687D0206-7D2D-40C4-B5E2-ED8CDFE2C531-scaled.jpeg","width":2560,"height":1710},{"@type":"BreadcrumbList","@id":"https:\/\/tourtravelandmore.com\/es\/tours\/eeuu-es\/tour-privado-de-un-dia-a-zanzibar\/#breadcrumb","itemListElement":[{"@type":"ListItem","position":1,"name":"Home","item":"https:\/\/tourtravelandmore.com\/es\/"},{"@type":"ListItem","position":2,"name":"Tours","item":"https:\/\/tourtravelandmore.com\/es\/tours\/"},{"@type":"ListItem","position":3,"name":"Tour privado de un d\u00eda a Zanz\u00edbar"}]},{"@type":"WebSite","@id":"https:\/\/tourtravelandmore.com\/es\/#website","url":"https:\/\/tourtravelandmore.com\/es\/","name":"Tour Travel And More","description":"Private sightseeing tours and luxury transfers in Spain","publisher":{"@id":"https:\/\/tourtravelandmore.com\/es\/#organization"},"potentialAction":[{"@type":"SearchAction","target":{"@type":"EntryPoint","urlTemplate":"https:\/\/tourtravelandmore.com\/es\/?s={search_term_string}"},"query-input":{"@type":"PropertyValueSpecification","valueRequired":true,"valueName":"search_term_string"}}],"inLanguage":"es"},{"@type":"Organization","@id":"https:\/\/tourtravelandmore.com\/es\/#organization","name":"Tour Travel And More","url":"https:\/\/tourtravelandmore.com\/es\/","logo":{"@type":"ImageObject","inLanguage":"es","@id":"https:\/\/tourtravelandmore.com\/es\/#\/schema\/logo\/image\/","url":"https:\/\/tourtravelandmore.com\/wp-content\/uploads\/2022\/12\/cropped-logo-cabecera-new.png","contentUrl":"https:\/\/tourtravelandmore.com\/wp-content\/uploads\/2022\/12\/cropped-logo-cabecera-new.png","width":430,"height":61,"caption":"Tour Travel And More"},"image":{"@id":"https:\/\/tourtravelandmore.com\/es\/#\/schema\/logo\/image\/"},"sameAs":["https:\/\/www.facebook.com\/tourtravelandmore\/","https:\/\/x.com\/TourTravel_More"]}]}},"_links":{"self":[{"href":"https:\/\/tourtravelandmore.com\/es\/wp-json\/wp\/v2\/product\/92855","targetHints":{"allow":["GET"]}}],"collection":[{"href":"https:\/\/tourtravelandmore.com\/es\/wp-json\/wp\/v2\/product"}],"about":[{"href":"https:\/\/tourtravelandmore.com\/es\/wp-json\/wp\/v2\/types\/product"}],"replies":[{"embeddable":true,"href":"https:\/\/tourtravelandmore.com\/es\/wp-json\/wp\/v2\/comments?post=92855"}],"wp:featuredmedia":[{"embeddable":true,"href":"https:\/\/tourtravelandmore.com\/es\/wp-json\/wp\/v2\/media\/92227"}],"wp:attachment":[{"href":"https:\/\/tourtravelandmore.com\/es\/wp-json\/wp\/v2\/media?parent=92855"}],"wp:term":[{"taxonomy":"product_brand","embeddable":true,"href":"https:\/\/tourtravelandmore.com\/es\/wp-json\/wp\/v2\/product_brand?post=92855"},{"taxonomy":"product_cat","embeddable":true,"href":"https:\/\/tourtravelandmore.com\/es\/wp-json\/wp\/v2\/product_cat?post=92855"},{"taxonomy":"product_tag","embeddable":true,"href":"https:\/\/tourtravelandmore.com\/es\/wp-json\/wp\/v2\/product_tag?post=92855"}],"curies":[{"name":"wp","href":"https:\/\/api.w.org\/{rel}","templated":true}]}}