{"id":92787,"date":"2021-02-02T10:16:49","date_gmt":"2021-02-02T09:16:50","guid":{"rendered":"https:\/\/tourtravelandmore.com\/?post_type=product&#038;p=92787"},"modified":"2021-02-02T12:05:22","modified_gmt":"2021-02-02T11:05:22","slug":"12-dias-en-privado-en-tanzania-desde-arusha","status":"publish","type":"product","link":"https:\/\/tourtravelandmore.com\/es\/tours\/eeuu-es\/12-dias-en-privado-en-tanzania-desde-arusha\/","title":{"rendered":"12 d\u00edas en Privado en Tanzania: desde Arusha"},"content":{"rendered":"","protected":false},"excerpt":{"rendered":"<p>\u00a1Disfrute de una experiencia de 12 d\u00edas en Tanzania y tenga un conductor y un gu\u00eda a su disposici\u00f3n para unas vacaciones \u00fanicas! \u00a1Consulta nuestras actividades privadas!<\/p>\n","protected":false},"featured_media":92221,"comment_status":"open","ping_status":"closed","template":"","meta":{"_acf_changed":false},"product_brand":[],"product_cat":[3455,1602],"product_tag":[],"class_list":{"0":"post-92787","1":"product","2":"type-product","3":"status-publish","4":"has-post-thumbnail","6":"product_cat-tanzania-sp","7":"product_cat-eeuu-es","9":"first","10":"instock","11":"shipping-taxable","12":"purchasable","13":"product-type-simple"},"acf":[],"yoast_head":"<!-- This site is optimized with the Yoast SEO Premium plugin v25.3.1 (Yoast SEO v25.3.1) - https:\/\/yoast.com\/wordpress\/plugins\/seo\/ -->\n<title>12 d\u00edas en Privado en Tanzania: desde Arusha<\/title>\n<meta name=\"description\" content=\"12 d\u00edas en Privado en Tanzania: desde Arusha. \u00a1Cont\u00e1ctenos para m\u00e1s informaci\u00f3n! \u00a1Te espera una experiencia completa!\" \/>\n<meta name=\"robots\" content=\"index, follow, max-snippet:-1, max-image-preview:large, max-video-preview:-1\" \/>\n<link rel=\"canonical\" href=\"https:\/\/tourtravelandmore.com\/es\/tours\/eeuu-es\/12-dias-en-privado-en-tanzania-desde-arusha\/\" \/>\n<meta property=\"og:locale\" content=\"es_ES\" \/>\n<meta property=\"og:type\" content=\"article\" \/>\n<meta property=\"og:title\" content=\"12 d\u00edas en Privado en Tanzania: desde Arusha\" \/>\n<meta property=\"og:description\" content=\"12 d\u00edas en Privado en Tanzania: desde Arusha. \u00a1Cont\u00e1ctenos para m\u00e1s informaci\u00f3n! \u00a1Te espera una experiencia completa!\" \/>\n<meta property=\"og:url\" content=\"https:\/\/tourtravelandmore.com\/es\/tours\/eeuu-es\/12-dias-en-privado-en-tanzania-desde-arusha\/\" \/>\n<meta property=\"og:site_name\" content=\"Tour Travel And More\" \/>\n<meta property=\"article:publisher\" content=\"https:\/\/www.facebook.com\/tourtravelandmore\/\" \/>\n<meta property=\"article:modified_time\" content=\"2021-02-02T11:05:22+00:00\" \/>\n<meta property=\"og:image\" content=\"https:\/\/tourtravelandmore.com\/wp-content\/uploads\/2021\/01\/1CDE206E-29CA-4538-B738-82E7A5A63C8E-scaled.jpeg\" \/>\n\t<meta property=\"og:image:width\" content=\"2560\" \/>\n\t<meta property=\"og:image:height\" content=\"1706\" \/>\n\t<meta property=\"og:image:type\" content=\"image\/jpeg\" \/>\n<meta name=\"twitter:card\" content=\"summary_large_image\" \/>\n<meta name=\"twitter:site\" content=\"@TourTravel_More\" \/>\n<script type=\"application\/ld+json\" class=\"yoast-schema-graph\">{\"@context\":\"https:\/\/schema.org\",\"@graph\":[{\"@type\":\"WebPage\",\"@id\":\"https:\/\/tourtravelandmore.com\/es\/tours\/eeuu-es\/12-dias-en-privado-en-tanzania-desde-arusha\/\",\"url\":\"https:\/\/tourtravelandmore.com\/es\/tours\/eeuu-es\/12-dias-en-privado-en-tanzania-desde-arusha\/\",\"name\":\"12 d\u00edas en Privado en Tanzania: desde Arusha\",\"isPartOf\":{\"@id\":\"https:\/\/tourtravelandmore.com\/es\/#website\"},\"primaryImageOfPage\":{\"@id\":\"https:\/\/tourtravelandmore.com\/es\/tours\/eeuu-es\/12-dias-en-privado-en-tanzania-desde-arusha\/#primaryimage\"},\"image\":{\"@id\":\"https:\/\/tourtravelandmore.com\/es\/tours\/eeuu-es\/12-dias-en-privado-en-tanzania-desde-arusha\/#primaryimage\"},\"thumbnailUrl\":\"https:\/\/tourtravelandmore.com\/wp-content\/uploads\/2021\/01\/1CDE206E-29CA-4538-B738-82E7A5A63C8E-scaled.jpeg\",\"datePublished\":\"2021-02-02T09:16:50+00:00\",\"dateModified\":\"2021-02-02T11:05:22+00:00\",\"description\":\"12 d\u00edas en Privado en Tanzania: desde Arusha. \u00a1Cont\u00e1ctenos para m\u00e1s informaci\u00f3n! \u00a1Te espera una experiencia completa!\",\"breadcrumb\":{\"@id\":\"https:\/\/tourtravelandmore.com\/es\/tours\/eeuu-es\/12-dias-en-privado-en-tanzania-desde-arusha\/#breadcrumb\"},\"inLanguage\":\"es\",\"potentialAction\":[{\"@type\":\"ReadAction\",\"target\":[\"https:\/\/tourtravelandmore.com\/es\/tours\/eeuu-es\/12-dias-en-privado-en-tanzania-desde-arusha\/\"]}]},{\"@type\":\"ImageObject\",\"inLanguage\":\"es\",\"@id\":\"https:\/\/tourtravelandmore.com\/es\/tours\/eeuu-es\/12-dias-en-privado-en-tanzania-desde-arusha\/#primaryimage\",\"url\":\"https:\/\/tourtravelandmore.com\/wp-content\/uploads\/2021\/01\/1CDE206E-29CA-4538-B738-82E7A5A63C8E-scaled.jpeg\",\"contentUrl\":\"https:\/\/tourtravelandmore.com\/wp-content\/uploads\/2021\/01\/1CDE206E-29CA-4538-B738-82E7A5A63C8E-scaled.jpeg\",\"width\":2560,\"height\":1706},{\"@type\":\"BreadcrumbList\",\"@id\":\"https:\/\/tourtravelandmore.com\/es\/tours\/eeuu-es\/12-dias-en-privado-en-tanzania-desde-arusha\/#breadcrumb\",\"itemListElement\":[{\"@type\":\"ListItem\",\"position\":1,\"name\":\"Home\",\"item\":\"https:\/\/tourtravelandmore.com\/es\/\"},{\"@type\":\"ListItem\",\"position\":2,\"name\":\"Tours\",\"item\":\"https:\/\/tourtravelandmore.com\/es\/tours\/\"},{\"@type\":\"ListItem\",\"position\":3,\"name\":\"12 d\u00edas en Privado en Tanzania: desde Arusha\"}]},{\"@type\":\"WebSite\",\"@id\":\"https:\/\/tourtravelandmore.com\/es\/#website\",\"url\":\"https:\/\/tourtravelandmore.com\/es\/\",\"name\":\"Tour Travel And More\",\"description\":\"Private sightseeing tours and luxury transfers in Spain\",\"publisher\":{\"@id\":\"https:\/\/tourtravelandmore.com\/es\/#organization\"},\"potentialAction\":[{\"@type\":\"SearchAction\",\"target\":{\"@type\":\"EntryPoint\",\"urlTemplate\":\"https:\/\/tourtravelandmore.com\/es\/?s={search_term_string}\"},\"query-input\":{\"@type\":\"PropertyValueSpecification\",\"valueRequired\":true,\"valueName\":\"search_term_string\"}}],\"inLanguage\":\"es\"},{\"@type\":\"Organization\",\"@id\":\"https:\/\/tourtravelandmore.com\/es\/#organization\",\"name\":\"Tour Travel And More\",\"url\":\"https:\/\/tourtravelandmore.com\/es\/\",\"logo\":{\"@type\":\"ImageObject\",\"inLanguage\":\"es\",\"@id\":\"https:\/\/tourtravelandmore.com\/es\/#\/schema\/logo\/image\/\",\"url\":\"https:\/\/tourtravelandmore.com\/wp-content\/uploads\/2022\/12\/cropped-logo-cabecera-new.png\",\"contentUrl\":\"https:\/\/tourtravelandmore.com\/wp-content\/uploads\/2022\/12\/cropped-logo-cabecera-new.png\",\"width\":430,\"height\":61,\"caption\":\"Tour Travel And More\"},\"image\":{\"@id\":\"https:\/\/tourtravelandmore.com\/es\/#\/schema\/logo\/image\/\"},\"sameAs\":[\"https:\/\/www.facebook.com\/tourtravelandmore\/\",\"https:\/\/x.com\/TourTravel_More\"]}]}<\/script>\n<!-- \/ Yoast SEO Premium plugin. -->","yoast_head_json":{"title":"12 d\u00edas en Privado en Tanzania: desde Arusha","description":"12 d\u00edas en Privado en Tanzania: desde Arusha. \u00a1Cont\u00e1ctenos para m\u00e1s informaci\u00f3n! \u00a1Te espera una experiencia completa!","robots":{"index":"index","follow":"follow","max-snippet":"max-snippet:-1","max-image-preview":"max-image-preview:large","max-video-preview":"max-video-preview:-1"},"canonical":"https:\/\/tourtravelandmore.com\/es\/tours\/eeuu-es\/12-dias-en-privado-en-tanzania-desde-arusha\/","og_locale":"es_ES","og_type":"article","og_title":"12 d\u00edas en Privado en Tanzania: desde Arusha","og_description":"12 d\u00edas en Privado en Tanzania: desde Arusha. \u00a1Cont\u00e1ctenos para m\u00e1s informaci\u00f3n! \u00a1Te espera una experiencia completa!","og_url":"https:\/\/tourtravelandmore.com\/es\/tours\/eeuu-es\/12-dias-en-privado-en-tanzania-desde-arusha\/","og_site_name":"Tour Travel And More","article_publisher":"https:\/\/www.facebook.com\/tourtravelandmore\/","article_modified_time":"2021-02-02T11:05:22+00:00","og_image":[{"width":2560,"height":1706,"url":"https:\/\/tourtravelandmore.com\/wp-content\/uploads\/2021\/01\/1CDE206E-29CA-4538-B738-82E7A5A63C8E-scaled.jpeg","type":"image\/jpeg"}],"twitter_card":"summary_large_image","twitter_site":"@TourTravel_More","schema":{"@context":"https:\/\/schema.org","@graph":[{"@type":"WebPage","@id":"https:\/\/tourtravelandmore.com\/es\/tours\/eeuu-es\/12-dias-en-privado-en-tanzania-desde-arusha\/","url":"https:\/\/tourtravelandmore.com\/es\/tours\/eeuu-es\/12-dias-en-privado-en-tanzania-desde-arusha\/","name":"12 d\u00edas en Privado en Tanzania: desde Arusha","isPartOf":{"@id":"https:\/\/tourtravelandmore.com\/es\/#website"},"primaryImageOfPage":{"@id":"https:\/\/tourtravelandmore.com\/es\/tours\/eeuu-es\/12-dias-en-privado-en-tanzania-desde-arusha\/#primaryimage"},"image":{"@id":"https:\/\/tourtravelandmore.com\/es\/tours\/eeuu-es\/12-dias-en-privado-en-tanzania-desde-arusha\/#primaryimage"},"thumbnailUrl":"https:\/\/tourtravelandmore.com\/wp-content\/uploads\/2021\/01\/1CDE206E-29CA-4538-B738-82E7A5A63C8E-scaled.jpeg","datePublished":"2021-02-02T09:16:50+00:00","dateModified":"2021-02-02T11:05:22+00:00","description":"12 d\u00edas en Privado en Tanzania: desde Arusha. \u00a1Cont\u00e1ctenos para m\u00e1s informaci\u00f3n! \u00a1Te espera una experiencia completa!","breadcrumb":{"@id":"https:\/\/tourtravelandmore.com\/es\/tours\/eeuu-es\/12-dias-en-privado-en-tanzania-desde-arusha\/#breadcrumb"},"inLanguage":"es","potentialAction":[{"@type":"ReadAction","target":["https:\/\/tourtravelandmore.com\/es\/tours\/eeuu-es\/12-dias-en-privado-en-tanzania-desde-arusha\/"]}]},{"@type":"ImageObject","inLanguage":"es","@id":"https:\/\/tourtravelandmore.com\/es\/tours\/eeuu-es\/12-dias-en-privado-en-tanzania-desde-arusha\/#primaryimage","url":"https:\/\/tourtravelandmore.com\/wp-content\/uploads\/2021\/01\/1CDE206E-29CA-4538-B738-82E7A5A63C8E-scaled.jpeg","contentUrl":"https:\/\/tourtravelandmore.com\/wp-content\/uploads\/2021\/01\/1CDE206E-29CA-4538-B738-82E7A5A63C8E-scaled.jpeg","width":2560,"height":1706},{"@type":"BreadcrumbList","@id":"https:\/\/tourtravelandmore.com\/es\/tours\/eeuu-es\/12-dias-en-privado-en-tanzania-desde-arusha\/#breadcrumb","itemListElement":[{"@type":"ListItem","position":1,"name":"Home","item":"https:\/\/tourtravelandmore.com\/es\/"},{"@type":"ListItem","position":2,"name":"Tours","item":"https:\/\/tourtravelandmore.com\/es\/tours\/"},{"@type":"ListItem","position":3,"name":"12 d\u00edas en Privado en Tanzania: desde Arusha"}]},{"@type":"WebSite","@id":"https:\/\/tourtravelandmore.com\/es\/#website","url":"https:\/\/tourtravelandmore.com\/es\/","name":"Tour Travel And More","description":"Private sightseeing tours and luxury transfers in Spain","publisher":{"@id":"https:\/\/tourtravelandmore.com\/es\/#organization"},"potentialAction":[{"@type":"SearchAction","target":{"@type":"EntryPoint","urlTemplate":"https:\/\/tourtravelandmore.com\/es\/?s={search_term_string}"},"query-input":{"@type":"PropertyValueSpecification","valueRequired":true,"valueName":"search_term_string"}}],"inLanguage":"es"},{"@type":"Organization","@id":"https:\/\/tourtravelandmore.com\/es\/#organization","name":"Tour Travel And More","url":"https:\/\/tourtravelandmore.com\/es\/","logo":{"@type":"ImageObject","inLanguage":"es","@id":"https:\/\/tourtravelandmore.com\/es\/#\/schema\/logo\/image\/","url":"https:\/\/tourtravelandmore.com\/wp-content\/uploads\/2022\/12\/cropped-logo-cabecera-new.png","contentUrl":"https:\/\/tourtravelandmore.com\/wp-content\/uploads\/2022\/12\/cropped-logo-cabecera-new.png","width":430,"height":61,"caption":"Tour Travel And More"},"image":{"@id":"https:\/\/tourtravelandmore.com\/es\/#\/schema\/logo\/image\/"},"sameAs":["https:\/\/www.facebook.com\/tourtravelandmore\/","https:\/\/x.com\/TourTravel_More"]}]}},"_links":{"self":[{"href":"https:\/\/tourtravelandmore.com\/es\/wp-json\/wp\/v2\/product\/92787","targetHints":{"allow":["GET"]}}],"collection":[{"href":"https:\/\/tourtravelandmore.com\/es\/wp-json\/wp\/v2\/product"}],"about":[{"href":"https:\/\/tourtravelandmore.com\/es\/wp-json\/wp\/v2\/types\/product"}],"replies":[{"embeddable":true,"href":"https:\/\/tourtravelandmore.com\/es\/wp-json\/wp\/v2\/comments?post=92787"}],"wp:featuredmedia":[{"embeddable":true,"href":"https:\/\/tourtravelandmore.com\/es\/wp-json\/wp\/v2\/media\/92221"}],"wp:attachment":[{"href":"https:\/\/tourtravelandmore.com\/es\/wp-json\/wp\/v2\/media?parent=92787"}],"wp:term":[{"taxonomy":"product_brand","embeddable":true,"href":"https:\/\/tourtravelandmore.com\/es\/wp-json\/wp\/v2\/product_brand?post=92787"},{"taxonomy":"product_cat","embeddable":true,"href":"https:\/\/tourtravelandmore.com\/es\/wp-json\/wp\/v2\/product_cat?post=92787"},{"taxonomy":"product_tag","embeddable":true,"href":"https:\/\/tourtravelandmore.com\/es\/wp-json\/wp\/v2\/product_tag?post=92787"}],"curies":[{"name":"wp","href":"https:\/\/api.w.org\/{rel}","templated":true}]}}