{"id":92746,"date":"2021-02-01T20:24:07","date_gmt":"2021-02-01T19:24:08","guid":{"rendered":"https:\/\/tourtravelandmore.com\/?post_type=product&#038;p=92746"},"modified":"2024-06-03T17:29:54","modified_gmt":"2024-06-03T15:29:54","slug":"tour-privado-de-hell-ville","status":"publish","type":"product","link":"https:\/\/tourtravelandmore.com\/es\/tours\/madagascar-sp-es\/nosy-be-es\/tour-privado-de-hell-ville\/","title":{"rendered":"Tour Privado de Hell Ville"},"content":{"rendered":"<h2>Descripci\u00f3n del Tour Privado de Hell Ville<\/h2>\n<p>Perm\u00edtanos llevarlo en este Tour Privado Hell Ville y conocer lo mejor de la capital de la isla de Nosy Be.<\/p>\n<p>Nuestro conductor-gu\u00eda privado est\u00e1 a su disposici\u00f3n durante el recorrido de medio d\u00eda.<\/p>\n<p>Este tour privado comenzar\u00e1 desde su hotel o lugar de elecci\u00f3n en Nosy Be. Luego lo llevaremos hacia Hell Ville.<\/p>\n<p>Hell Ville es la capital de Nosy Be. Se encuentra en la regi\u00f3n de Diana en Madagascar. Aunque Hell Ville es el nombre m\u00e1s com\u00fan, en realidad es Andoany.<\/p>\n<p>Despu\u00e9s de una c\u00f3moda recogida, comenzaremos este tour privado de Hell Ville.<\/p>\n<p>Para completar este tour de medio d\u00eda, puede elegir entre dos opciones:<\/p>\n<ul>\n<li>Opci\u00f3n Mont Passot<\/li>\n<li>Opci\u00f3n de tierra de L\u00e9muria<\/li>\n<\/ul>\n<p>Consulte a continuaci\u00f3n y vea qu\u00e9 opci\u00f3n se adapta mejor a sus necesidades.<\/p>\n<h2>Puntos de inter\u00e9s y monumentos en el Tour Privado de Hell Ville<\/h2>\n<p>Despu\u00e9s de que organicemos la recogida en su hotel en Nosy Be, comenzaremos este tour privado de Hell Ville.<\/p>\n<p>En ambas opciones, cualquiera que elija, el inicio del recorrido ser\u00e1 el mismo.<\/p>\n<p>Esto incluir\u00e1 visitar la capital de Nosy Be. Una vez en Hell Ville, disfrute de los sitios m\u00e1s importantes aqu\u00ed. Esto incluir\u00e1 el mercado cubierto con especias. Tambi\u00e9n exploraremos los holguras de cangrejos y frutas tropicales. \u00a1Pasemos tiempo viendo edificios coloniales y el mercado de manteles! Explore el puerto antes de continuar hacia la siguiente parte del recorrido.<\/p>\n<p><strong>Opci\u00f3n 1: Opci\u00f3n Mont Passot<\/strong><\/p>\n<p>Esto incluir\u00e1 visitar el Mountain Passot. Este es el punto m\u00e1s alto de Nosy be. \u00a1Aqu\u00ed puedes ver incre\u00edbles vistas 360!<\/p>\n<p><strong>Opci\u00f3n 2: Opci\u00f3n L\u00e9muria land<\/strong><\/p>\n<p>Despu\u00e9s de visitar Hell Ville, continuaremos hacia la tierra de L\u00e9muria. Este es un parque bot\u00e1nico y de animales privado. Una vez aqu\u00ed, tendr\u00e1s la oportunidad de ver y disfrutar de una gran variedad de l\u00e9mures end\u00e9micos y tambi\u00e9n de reptiles que son conocidos por ser los m\u00e1s hermosos. \u00a1Estos ser\u00edan espec\u00edmenes de camaleones, cocodrilos y mucho m\u00e1s!<\/p>\n<p>Si el tiempo lo permite, continuaremos descubriendo la destiler\u00eda de aceites esenciales y la destiler\u00eda de ron.<\/p>\n<p><a href=\"https:\/\/tourtravelandmore.com\/city\/madagascar-en\/\" target=\"_blank\" rel=\"noopener noreferrer\">\u00a1Eche un vistazo a nuestros otros tours privados en Madagascar!<\/a><\/p>\n","protected":false},"excerpt":{"rendered":"<p>Explore uno de los lugares m\u00e1s hermosos de Nosy Be. \u00a1Este tour privado de Hell Ville te llevar\u00e1 a la capital de la isla! \u00a1Perm\u00edtanos ayudarlo a explorar esta incre\u00edble isla!<\/p>\n","protected":false},"featured_media":92726,"comment_status":"open","ping_status":"closed","template":"","meta":{"_acf_changed":false},"product_brand":[],"product_cat":[5407,3529],"product_tag":[],"class_list":{"0":"post-92746","1":"product","2":"type-product","3":"status-publish","4":"has-post-thumbnail","6":"product_cat-nosy-be-es","7":"product_cat-madagascar-sp-es","9":"first","10":"instock","11":"shipping-taxable","12":"purchasable","13":"product-type-simple"},"acf":[],"yoast_head":"<!-- This site is optimized with the Yoast SEO Premium plugin v25.3.1 (Yoast SEO v25.3.1) - https:\/\/yoast.com\/wordpress\/plugins\/seo\/ -->\n<title>\u27a1\ufe0f \u00a1Chofer-gu\u00eda privado de Hell Ville Tour para una excursi\u00f3n \u00fanica! | Tour Travel &amp; More<\/title>\n<meta name=\"description\" content=\"Explore uno de los lugares m\u00e1s hermosos de Madagascar en este tour privado de Hell Ville. \u00a1Deje que nuestro conductor privado y gu\u00eda tur\u00edstico lo lleve! \u2705\" \/>\n<meta name=\"robots\" content=\"index, follow, max-snippet:-1, max-image-preview:large, max-video-preview:-1\" \/>\n<link rel=\"canonical\" href=\"https:\/\/tourtravelandmore.com\/es\/tours\/madagascar-sp-es\/nosy-be-es\/tour-privado-de-hell-ville\/\" \/>\n<meta property=\"og:locale\" content=\"es_ES\" \/>\n<meta property=\"og:type\" content=\"article\" \/>\n<meta property=\"og:title\" content=\"Tour Privado de Hell Ville\" \/>\n<meta property=\"og:description\" content=\"Explore uno de los lugares m\u00e1s hermosos de Madagascar en este tour privado de Hell Ville. \u00a1Deje que nuestro conductor privado y gu\u00eda tur\u00edstico lo lleve! \u2705\" \/>\n<meta property=\"og:url\" content=\"https:\/\/tourtravelandmore.com\/es\/tours\/madagascar-sp-es\/nosy-be-es\/tour-privado-de-hell-ville\/\" \/>\n<meta property=\"og:site_name\" content=\"Tour Travel And More\" \/>\n<meta property=\"article:publisher\" content=\"https:\/\/www.facebook.com\/tourtravelandmore\/\" \/>\n<meta property=\"article:modified_time\" content=\"2024-06-03T15:29:54+00:00\" \/>\n<meta property=\"og:image\" content=\"https:\/\/tourtravelandmore.com\/wp-content\/uploads\/2021\/02\/Madagascar-2-scaled.jpg\" \/>\n\t<meta property=\"og:image:width\" content=\"2560\" \/>\n\t<meta property=\"og:image:height\" content=\"1707\" \/>\n\t<meta property=\"og:image:type\" content=\"image\/jpeg\" \/>\n<meta name=\"twitter:card\" content=\"summary_large_image\" \/>\n<meta name=\"twitter:site\" content=\"@TourTravel_More\" \/>\n<meta name=\"twitter:label1\" content=\"Tiempo de lectura\" \/>\n\t<meta name=\"twitter:data1\" content=\"2 minutos\" \/>\n<script type=\"application\/ld+json\" class=\"yoast-schema-graph\">{\"@context\":\"https:\/\/schema.org\",\"@graph\":[{\"@type\":\"WebPage\",\"@id\":\"https:\/\/tourtravelandmore.com\/es\/tours\/madagascar-sp-es\/nosy-be-es\/tour-privado-de-hell-ville\/\",\"url\":\"https:\/\/tourtravelandmore.com\/es\/tours\/madagascar-sp-es\/nosy-be-es\/tour-privado-de-hell-ville\/\",\"name\":\"\u27a1\ufe0f \u00a1Chofer-gu\u00eda privado de Hell Ville Tour para una excursi\u00f3n \u00fanica! | Tour Travel & More\",\"isPartOf\":{\"@id\":\"https:\/\/tourtravelandmore.com\/es\/#website\"},\"primaryImageOfPage\":{\"@id\":\"https:\/\/tourtravelandmore.com\/es\/tours\/madagascar-sp-es\/nosy-be-es\/tour-privado-de-hell-ville\/#primaryimage\"},\"image\":{\"@id\":\"https:\/\/tourtravelandmore.com\/es\/tours\/madagascar-sp-es\/nosy-be-es\/tour-privado-de-hell-ville\/#primaryimage\"},\"thumbnailUrl\":\"https:\/\/tourtravelandmore.com\/wp-content\/uploads\/2021\/02\/Madagascar-2-scaled.jpg\",\"datePublished\":\"2021-02-01T19:24:08+00:00\",\"dateModified\":\"2024-06-03T15:29:54+00:00\",\"description\":\"Explore uno de los lugares m\u00e1s hermosos de Madagascar en este tour privado de Hell Ville. \u00a1Deje que nuestro conductor privado y gu\u00eda tur\u00edstico lo lleve! \u2705\",\"breadcrumb\":{\"@id\":\"https:\/\/tourtravelandmore.com\/es\/tours\/madagascar-sp-es\/nosy-be-es\/tour-privado-de-hell-ville\/#breadcrumb\"},\"inLanguage\":\"es\",\"potentialAction\":[{\"@type\":\"ReadAction\",\"target\":[\"https:\/\/tourtravelandmore.com\/es\/tours\/madagascar-sp-es\/nosy-be-es\/tour-privado-de-hell-ville\/\"]}]},{\"@type\":\"ImageObject\",\"inLanguage\":\"es\",\"@id\":\"https:\/\/tourtravelandmore.com\/es\/tours\/madagascar-sp-es\/nosy-be-es\/tour-privado-de-hell-ville\/#primaryimage\",\"url\":\"https:\/\/tourtravelandmore.com\/wp-content\/uploads\/2021\/02\/Madagascar-2-scaled.jpg\",\"contentUrl\":\"https:\/\/tourtravelandmore.com\/wp-content\/uploads\/2021\/02\/Madagascar-2-scaled.jpg\",\"width\":2560,\"height\":1707},{\"@type\":\"BreadcrumbList\",\"@id\":\"https:\/\/tourtravelandmore.com\/es\/tours\/madagascar-sp-es\/nosy-be-es\/tour-privado-de-hell-ville\/#breadcrumb\",\"itemListElement\":[{\"@type\":\"ListItem\",\"position\":1,\"name\":\"Home\",\"item\":\"https:\/\/tourtravelandmore.com\/es\/\"},{\"@type\":\"ListItem\",\"position\":2,\"name\":\"Tours\",\"item\":\"https:\/\/tourtravelandmore.com\/es\/tours\/\"},{\"@type\":\"ListItem\",\"position\":3,\"name\":\"Tour Privado de Hell Ville\"}]},{\"@type\":\"WebSite\",\"@id\":\"https:\/\/tourtravelandmore.com\/es\/#website\",\"url\":\"https:\/\/tourtravelandmore.com\/es\/\",\"name\":\"Tour Travel And More\",\"description\":\"Private sightseeing tours and luxury transfers in Spain\",\"publisher\":{\"@id\":\"https:\/\/tourtravelandmore.com\/es\/#organization\"},\"potentialAction\":[{\"@type\":\"SearchAction\",\"target\":{\"@type\":\"EntryPoint\",\"urlTemplate\":\"https:\/\/tourtravelandmore.com\/es\/?s={search_term_string}\"},\"query-input\":{\"@type\":\"PropertyValueSpecification\",\"valueRequired\":true,\"valueName\":\"search_term_string\"}}],\"inLanguage\":\"es\"},{\"@type\":\"Organization\",\"@id\":\"https:\/\/tourtravelandmore.com\/es\/#organization\",\"name\":\"Tour Travel And More\",\"url\":\"https:\/\/tourtravelandmore.com\/es\/\",\"logo\":{\"@type\":\"ImageObject\",\"inLanguage\":\"es\",\"@id\":\"https:\/\/tourtravelandmore.com\/es\/#\/schema\/logo\/image\/\",\"url\":\"https:\/\/tourtravelandmore.com\/wp-content\/uploads\/2022\/12\/cropped-logo-cabecera-new.png\",\"contentUrl\":\"https:\/\/tourtravelandmore.com\/wp-content\/uploads\/2022\/12\/cropped-logo-cabecera-new.png\",\"width\":430,\"height\":61,\"caption\":\"Tour Travel And More\"},\"image\":{\"@id\":\"https:\/\/tourtravelandmore.com\/es\/#\/schema\/logo\/image\/\"},\"sameAs\":[\"https:\/\/www.facebook.com\/tourtravelandmore\/\",\"https:\/\/x.com\/TourTravel_More\"]}]}<\/script>\n<!-- \/ Yoast SEO Premium plugin. -->","yoast_head_json":{"title":"\u27a1\ufe0f \u00a1Chofer-gu\u00eda privado de Hell Ville Tour para una excursi\u00f3n \u00fanica! | Tour Travel & More","description":"Explore uno de los lugares m\u00e1s hermosos de Madagascar en este tour privado de Hell Ville. \u00a1Deje que nuestro conductor privado y gu\u00eda tur\u00edstico lo lleve! \u2705","robots":{"index":"index","follow":"follow","max-snippet":"max-snippet:-1","max-image-preview":"max-image-preview:large","max-video-preview":"max-video-preview:-1"},"canonical":"https:\/\/tourtravelandmore.com\/es\/tours\/madagascar-sp-es\/nosy-be-es\/tour-privado-de-hell-ville\/","og_locale":"es_ES","og_type":"article","og_title":"Tour Privado de Hell Ville","og_description":"Explore uno de los lugares m\u00e1s hermosos de Madagascar en este tour privado de Hell Ville. \u00a1Deje que nuestro conductor privado y gu\u00eda tur\u00edstico lo lleve! \u2705","og_url":"https:\/\/tourtravelandmore.com\/es\/tours\/madagascar-sp-es\/nosy-be-es\/tour-privado-de-hell-ville\/","og_site_name":"Tour Travel And More","article_publisher":"https:\/\/www.facebook.com\/tourtravelandmore\/","article_modified_time":"2024-06-03T15:29:54+00:00","og_image":[{"width":2560,"height":1707,"url":"https:\/\/tourtravelandmore.com\/wp-content\/uploads\/2021\/02\/Madagascar-2-scaled.jpg","type":"image\/jpeg"}],"twitter_card":"summary_large_image","twitter_site":"@TourTravel_More","twitter_misc":{"Tiempo de lectura":"2 minutos"},"schema":{"@context":"https:\/\/schema.org","@graph":[{"@type":"WebPage","@id":"https:\/\/tourtravelandmore.com\/es\/tours\/madagascar-sp-es\/nosy-be-es\/tour-privado-de-hell-ville\/","url":"https:\/\/tourtravelandmore.com\/es\/tours\/madagascar-sp-es\/nosy-be-es\/tour-privado-de-hell-ville\/","name":"\u27a1\ufe0f \u00a1Chofer-gu\u00eda privado de Hell Ville Tour para una excursi\u00f3n \u00fanica! | Tour Travel & More","isPartOf":{"@id":"https:\/\/tourtravelandmore.com\/es\/#website"},"primaryImageOfPage":{"@id":"https:\/\/tourtravelandmore.com\/es\/tours\/madagascar-sp-es\/nosy-be-es\/tour-privado-de-hell-ville\/#primaryimage"},"image":{"@id":"https:\/\/tourtravelandmore.com\/es\/tours\/madagascar-sp-es\/nosy-be-es\/tour-privado-de-hell-ville\/#primaryimage"},"thumbnailUrl":"https:\/\/tourtravelandmore.com\/wp-content\/uploads\/2021\/02\/Madagascar-2-scaled.jpg","datePublished":"2021-02-01T19:24:08+00:00","dateModified":"2024-06-03T15:29:54+00:00","description":"Explore uno de los lugares m\u00e1s hermosos de Madagascar en este tour privado de Hell Ville. \u00a1Deje que nuestro conductor privado y gu\u00eda tur\u00edstico lo lleve! \u2705","breadcrumb":{"@id":"https:\/\/tourtravelandmore.com\/es\/tours\/madagascar-sp-es\/nosy-be-es\/tour-privado-de-hell-ville\/#breadcrumb"},"inLanguage":"es","potentialAction":[{"@type":"ReadAction","target":["https:\/\/tourtravelandmore.com\/es\/tours\/madagascar-sp-es\/nosy-be-es\/tour-privado-de-hell-ville\/"]}]},{"@type":"ImageObject","inLanguage":"es","@id":"https:\/\/tourtravelandmore.com\/es\/tours\/madagascar-sp-es\/nosy-be-es\/tour-privado-de-hell-ville\/#primaryimage","url":"https:\/\/tourtravelandmore.com\/wp-content\/uploads\/2021\/02\/Madagascar-2-scaled.jpg","contentUrl":"https:\/\/tourtravelandmore.com\/wp-content\/uploads\/2021\/02\/Madagascar-2-scaled.jpg","width":2560,"height":1707},{"@type":"BreadcrumbList","@id":"https:\/\/tourtravelandmore.com\/es\/tours\/madagascar-sp-es\/nosy-be-es\/tour-privado-de-hell-ville\/#breadcrumb","itemListElement":[{"@type":"ListItem","position":1,"name":"Home","item":"https:\/\/tourtravelandmore.com\/es\/"},{"@type":"ListItem","position":2,"name":"Tours","item":"https:\/\/tourtravelandmore.com\/es\/tours\/"},{"@type":"ListItem","position":3,"name":"Tour Privado de Hell Ville"}]},{"@type":"WebSite","@id":"https:\/\/tourtravelandmore.com\/es\/#website","url":"https:\/\/tourtravelandmore.com\/es\/","name":"Tour Travel And More","description":"Private sightseeing tours and luxury transfers in Spain","publisher":{"@id":"https:\/\/tourtravelandmore.com\/es\/#organization"},"potentialAction":[{"@type":"SearchAction","target":{"@type":"EntryPoint","urlTemplate":"https:\/\/tourtravelandmore.com\/es\/?s={search_term_string}"},"query-input":{"@type":"PropertyValueSpecification","valueRequired":true,"valueName":"search_term_string"}}],"inLanguage":"es"},{"@type":"Organization","@id":"https:\/\/tourtravelandmore.com\/es\/#organization","name":"Tour Travel And More","url":"https:\/\/tourtravelandmore.com\/es\/","logo":{"@type":"ImageObject","inLanguage":"es","@id":"https:\/\/tourtravelandmore.com\/es\/#\/schema\/logo\/image\/","url":"https:\/\/tourtravelandmore.com\/wp-content\/uploads\/2022\/12\/cropped-logo-cabecera-new.png","contentUrl":"https:\/\/tourtravelandmore.com\/wp-content\/uploads\/2022\/12\/cropped-logo-cabecera-new.png","width":430,"height":61,"caption":"Tour Travel And More"},"image":{"@id":"https:\/\/tourtravelandmore.com\/es\/#\/schema\/logo\/image\/"},"sameAs":["https:\/\/www.facebook.com\/tourtravelandmore\/","https:\/\/x.com\/TourTravel_More"]}]}},"_links":{"self":[{"href":"https:\/\/tourtravelandmore.com\/es\/wp-json\/wp\/v2\/product\/92746","targetHints":{"allow":["GET"]}}],"collection":[{"href":"https:\/\/tourtravelandmore.com\/es\/wp-json\/wp\/v2\/product"}],"about":[{"href":"https:\/\/tourtravelandmore.com\/es\/wp-json\/wp\/v2\/types\/product"}],"replies":[{"embeddable":true,"href":"https:\/\/tourtravelandmore.com\/es\/wp-json\/wp\/v2\/comments?post=92746"}],"wp:featuredmedia":[{"embeddable":true,"href":"https:\/\/tourtravelandmore.com\/es\/wp-json\/wp\/v2\/media\/92726"}],"wp:attachment":[{"href":"https:\/\/tourtravelandmore.com\/es\/wp-json\/wp\/v2\/media?parent=92746"}],"wp:term":[{"taxonomy":"product_brand","embeddable":true,"href":"https:\/\/tourtravelandmore.com\/es\/wp-json\/wp\/v2\/product_brand?post=92746"},{"taxonomy":"product_cat","embeddable":true,"href":"https:\/\/tourtravelandmore.com\/es\/wp-json\/wp\/v2\/product_cat?post=92746"},{"taxonomy":"product_tag","embeddable":true,"href":"https:\/\/tourtravelandmore.com\/es\/wp-json\/wp\/v2\/product_tag?post=92746"}],"curies":[{"name":"wp","href":"https:\/\/api.w.org\/{rel}","templated":true}]}}